{"id":37,"date":"2021-01-27T11:09:58","date_gmt":"2021-01-27T10:09:58","guid":{"rendered":"https:\/\/atos-mvz.de\/wiesbaden\/?page_id=37"},"modified":"2024-05-22T15:57:01","modified_gmt":"2024-05-22T13:57:01","slug":"kontakt","status":"publish","type":"page","link":"https:\/\/atos-mvz.de\/wiesbaden\/kontakt\/","title":{"rendered":"Kontakt"},"content":{"rendered":"\n<style type=\"text\/css\" data-created_by=\"avia_inline_auto\" id=\"style-css-av-lmjd6yw1-535fe2f63ca5ceb2b6ec6dd062a8093f\">\n.avia-section.av-lmjd6yw1-535fe2f63ca5ceb2b6ec6dd062a8093f{\nbackground-repeat:no-repeat;\nbackground-image:url(https:\/\/atos-mvz.de\/wiesbaden\/wp-content\/uploads\/sites\/22\/2023\/09\/wiesbaden-03.jpg);\nbackground-position:50% 0%;\nbackground-attachment:scroll;\n}\n.avia-section.av-lmjd6yw1-535fe2f63ca5ceb2b6ec6dd062a8093f .av-extra-border-element .av-extra-border-inner{\nbackground-color:#ffffff;\n}\n<\/style>\n<div id='header-img'  class='avia-section av-lmjd6yw1-535fe2f63ca5ceb2b6ec6dd062a8093f main_color avia-section-huge avia-no-border-styling  avia-builder-el-0  el_before_av_section  avia-builder-el-first  largeimg avia-full-stretch avia-bg-style-scroll container_wrap fullsize'  data-section-bg-repeat='stretch'><div class='container av-section-cont-open' ><main  role=\"main\" itemprop=\"mainContentOfPage\"  class='template-page content  av-content-full alpha units'><div class='post-entry post-entry-type-page post-entry-37'><div class='entry-content-wrapper clearfix'>\n<\/div><\/div><\/main><!-- close content main element --><\/div><div class='av-extra-border-element border-extra-diagonal border-extra-diagonal-inverse '><div class='av-extra-border-outer'><div class='av-extra-border-inner'><\/div><\/div><\/div><\/div><div id='av_section_2'  class='avia-section av-lmixp5h6-7b27c822ce4b05d54dfd3a2daeda1367 main_color avia-section-large avia-no-border-styling  avia-builder-el-1  el_after_av_section  el_before_av_section  standort avia-bg-style-scroll container_wrap fullsize'  ><div class='container av-section-cont-open' ><div class='template-page content  av-content-full alpha units'><div class='post-entry post-entry-type-page post-entry-37'><div class='entry-content-wrapper clearfix'>\n<div  class='flex_column av-u7u5-6ab191f6325f9f677781788993cdbcd6 av_two_fifth  avia-builder-el-2  el_before_av_three_fifth  avia-builder-el-first  first flex_column_div  '     ><section  class='av_textblock_section av-xrx9-463c1f929706ea5e1392c679ee2aa255 '   itemscope=\"itemscope\" itemtype=\"https:\/\/schema.org\/CreativeWork\" ><div class='avia_textblock'  itemprop=\"text\" ><h2>ATOS MVZ <strong>Wiesbaden<\/strong><\/h2>\n<\/div><\/section><br \/>\n<div  class='avia-icon-list-container av-63kkx-7fa965fce520db67cd441f9ef79744e7  avia-builder-el-4  el_after_av_textblock  el_before_av_button '><ul class='avia-icon-list avia_animate_when_almost_visible avia-icon-list-left av-iconlist-small av-63kkx-7fa965fce520db67cd441f9ef79744e7 avia-iconlist-animate'>\n<li><div class='iconlist_icon av-hkfp-def7c3af823c2984aff685476e592532 avia-font-fontello avia-iconfont avia-font-fontello'><span class='av-icon-char' data-av_icon='\ue800' data-av_iconfont='fontello' aria-hidden=\"true\"><\/span><\/div><article class=\"article-icon-entry \"  itemscope=\"itemscope\" itemtype=\"https:\/\/schema.org\/CreativeWork\" ><div class=\"iconlist_content_wrap\"><header class=\"entry-content-header\" aria-label=\"Icon: \"><\/header><div class='iconlist_content '  itemprop=\"text\" ><p>Hagenauer Stra\u00dfe 47<br \/>\n65203 Wiesbaden<\/p>\n<\/div><\/div><footer class=\"entry-footer\"><\/footer><\/article><div class=\"iconlist-timeline\"><\/div><\/li>\n<li><a href='tel:+49611949260' title='0611 949260'  class='iconlist_icon av-5fwhx-78bd2e2d43c664cd2e3e14b4f1a0772f avia-font-fontello avia-iconfont avia-font-fontello'><span class='av-icon-char' data-av_icon='\ue802' data-av_iconfont='fontello' aria-hidden=\"true\"><\/span><\/a><article class=\"article-icon-entry av-iconlist-empty\"  itemscope=\"itemscope\" itemtype=\"https:\/\/schema.org\/CreativeWork\" ><div class=\"iconlist_content_wrap\"><header class=\"entry-content-header\" aria-label=\"Icon: &lt;a href=&#039;tel:+49611949260&#039; title=&#039;0611 949260&#039;&gt;0611 949260&lt;\/a&gt;\"><div class='av_iconlist_title iconlist_title_small  '  itemprop=\"headline\" ><a href='tel:+49611949260' title='0611 949260'>0611 949260<\/a><\/div><\/header><div class='iconlist_content '  itemprop=\"text\" ><\/div><\/div><footer class=\"entry-footer\"><\/footer><\/article><div class=\"iconlist-timeline\"><\/div><\/li>\n<li><div class='iconlist_icon av-5fwhx-1-a6bad560c56882f83d6ed790e0134ef3 avia-font-entypo-fontello avia-iconfont avia-font-entypo-fontello'><span class='av-icon-char' data-av_icon='\ue838' data-av_iconfont='entypo-fontello' aria-hidden=\"true\"><\/span><\/div><article class=\"article-icon-entry av-iconlist-empty\"  itemscope=\"itemscope\" itemtype=\"https:\/\/schema.org\/CreativeWork\" ><div class=\"iconlist_content_wrap\"><header class=\"entry-content-header\" aria-label=\"Icon: 0611 94926111\"><div class='av_iconlist_title iconlist_title_small  '  itemprop=\"headline\" >0611 94926111<\/div><\/header><div class='iconlist_content '  itemprop=\"text\" ><\/div><\/div><footer class=\"entry-footer\"><\/footer><\/article><div class=\"iconlist-timeline\"><\/div><\/li>\n<li><a href='mailto:kontakt.mvz-wiesbaden@atos.de' title='kontakt.mvz-wiesbaden@atos.de'  class='iconlist_icon av-hkfp-2-ab174ec7c30829e16cc4b2dcee82d656 avia-font-fontello avia-iconfont avia-font-fontello'><span class='av-icon-char' data-av_icon='\uf0e0' data-av_iconfont='fontello' aria-hidden=\"true\"><\/span><\/a><article class=\"article-icon-entry av-iconlist-empty\"  itemscope=\"itemscope\" itemtype=\"https:\/\/schema.org\/CreativeWork\" ><div class=\"iconlist_content_wrap\"><header class=\"entry-content-header\" aria-label=\"Icon: &lt;a href=&#039;mailto:kontakt.mvz-wiesbaden@atos.de&#039; title=&#039;kontakt.mvz-wiesbaden@atos.de&#039;&gt;kontakt.mvz-wiesbaden@atos.de&lt;\/a&gt;\"><div class='av_iconlist_title iconlist_title_small  '  itemprop=\"headline\" ><a href='mailto:kontakt.mvz-wiesbaden@atos.de' title='kontakt.mvz-wiesbaden@atos.de'>kontakt.mvz-wiesbaden@atos.de<\/a><\/div><\/header><div class='iconlist_content '  itemprop=\"text\" ><\/div><\/div><footer class=\"entry-footer\"><\/footer><\/article><div class=\"iconlist-timeline\"><\/div><\/li>\n<\/ul><\/div><br \/>\n<div  class='avia-button-wrap av-lsvncr66-ceaa4968f735080d9b8809a53e988d57-wrap avia-button-left  avia-builder-el-5  el_after_av_iconlist  avia-builder-el-last '><a href='https:\/\/app.arzt-direkt.de\/atos-wiesbaden\/booking'  class='avia-button av-lsvncr66-ceaa4968f735080d9b8809a53e988d57 av-link-btn avia-icon_select-yes-right-icon avia-size-small avia-position-left avia-color-theme-color'  target=\"_blank\"  rel=\"noopener noreferrer\"  aria-label=\"Termin vereinbaren\"><span class='avia_iconbox_title' >Termin vereinbaren<\/span><span class='avia_button_icon avia_button_icon_right avia-iconfont avia-font-entypo-fontello' data-av_icon='\ue85b' data-av_iconfont='entypo-fontello' ><\/span><\/a><\/div><\/p><\/div><div  class='flex_column av-16pwx-4e153e0d982a4329085c4c2a89556012 av_three_fifth  avia-builder-el-6  el_after_av_two_fifth  avia-builder-el-last  flex_column_div  '     ><section  class='av_textblock_section av-kx8rq04o-b23bd82bf07d6c419fd771332c409e54 '   itemscope=\"itemscope\" itemtype=\"https:\/\/schema.org\/CreativeWork\" ><div class='avia_textblock'  itemprop=\"text\" ><h3>Aktuelle <strong>Sprechstundenzeiten<\/strong><\/h3>\n<\/div><\/section><br \/>\n<div class='avia-data-table-wrap av-a9oa9-6be9aa98a386f9a1dcae8541e78ffc87 avia_scrollable_table avia-table-1'><table  class='avia-table avia-data-table avia_pricing_default  avia-builder-el-8  el_after_av_textblock  avia-builder-el-last '  itemscope=\"itemscope\" itemtype=\"https:\/\/schema.org\/Table\" ><tbody><tr class=''><td class=''>Montag<\/td><td class=''>8:00 \u2013 18:00 Uhr<\/td><\/tr><tr class=''><td class=''>Dienstag<\/td><td class=''>8:00 \u2013 18:00 Uhr<\/td><\/tr><tr class=''><td class=''>Mittwoch<\/td><td class=''>8:00 \u2013 18:00 Uhr<\/td><\/tr><tr class=''><td class=''>Donnerstag<\/td><td class=''>8:00 \u2013 18:00 Uhr<\/td><\/tr><tr class=''><td class=''>Freitag<\/td><td class=''>8:00 \u2013 15:00 Uhr<\/td><\/tr><\/tbody><\/table><\/div><\/p><\/div><\/div><\/div><\/div><!-- close content main div --><\/div><\/div><div id='av_section_3'  class='avia-section av-kkfaf5fk-c92ab59c819256ad40b1fd42b3cdfe99 main_color avia-section-default avia-no-border-styling  avia-builder-el-9  el_after_av_section  avia-builder-el-last  avia-bg-style-scroll container_wrap fullsize'  ><div class='container av-section-cont-open' ><div class='template-page content  av-content-full alpha units'><div class='post-entry post-entry-type-page post-entry-37'><div class='entry-content-wrapper clearfix'>\n\n<style type=\"text\/css\" data-created_by=\"avia_inline_auto\" id=\"style-css-av-5iuo-dfbc999a5b2446f8e0bb0ec9b8cdd9be\">\n.flex_column.av-5iuo-dfbc999a5b2446f8e0bb0ec9b8cdd9be{\nborder-radius:0px 0px 0px 0px;\npadding:0px 0px 0px 0px;\n}\n\n@media only screen and (min-width: 990px){ \n.flex_column.av-5iuo-dfbc999a5b2446f8e0bb0ec9b8cdd9be{\npadding:15px 0 0 0;\n}\n}\n<\/style>\n<div  class='flex_column av-5iuo-dfbc999a5b2446f8e0bb0ec9b8cdd9be av_two_fifth  avia-builder-el-10  el_before_av_three_fifth  avia-builder-el-first  first flex_column_div av-zero-column-padding  '     ><section  class='av_textblock_section av-kkfafze8-6517ed3d1ec7e78d845af0145ae07c05 '   itemscope=\"itemscope\" itemtype=\"https:\/\/schema.org\/CreativeWork\" ><div class='avia_textblock'  itemprop=\"text\" ><h2><strong>Praxiswegweiser<\/strong><\/h2>\n<p>Endlich k\u00f6nnen wir in gr\u00f6\u00dfere Praxisr\u00e4ume mit mehr Parkpl\u00e4tzen umziehen. Der <strong>Rheinpark in der Hagenauer Stra\u00dfe 47<\/strong> bietet uns und unseren Patienten die idealen R\u00e4umlichkeiten f\u00fcr eine qualitative und moderne Versorgung.<\/p>\n<\/div><\/section><\/div>\n<style type=\"text\/css\" data-created_by=\"avia_inline_auto\" id=\"style-css-av-40fi-b4d51b29f7a14c4f7b9b7f53f5312e30\">\n.flex_column.av-40fi-b4d51b29f7a14c4f7b9b7f53f5312e30{\nborder-radius:0px 0px 0px 0px;\npadding:0px 0px 0px 0px;\n}\n<\/style>\n<div  class='flex_column av-40fi-b4d51b29f7a14c4f7b9b7f53f5312e30 av_three_fifth  avia-builder-el-12  el_after_av_two_fifth  avia-builder-el-last  flex_column_div av-zero-column-padding  '     ><p><section  class='av_textblock_section av-lmj2hfvj-dce898ebd67486f1b842ac3a2aa2dfe6 '   itemscope=\"itemscope\" itemtype=\"https:\/\/schema.org\/CreativeWork\" ><div class='avia_textblock'  itemprop=\"text\" ><p>Sie finden unser ATOS MVZ Wiesbaden (ehemals Orthop\u00e4die Aukamm) in zeitgem\u00e4\u00dfem Ambiente vor. Dabei ist es uns ein Anliegen, das bew\u00e4hrte Konzept \u201eAlles unter einem Dach\u201c fortzuf\u00fchren und es zeitgleich in die heutige Zeit und in die Zukunft zu transferieren. Die durchgehende Patientenbetreuung von der ersten orthop\u00e4dischen Diagnose \u00fcber den eventuellen operativen Eingriff und die Nachsorge wird auch weiter in unserer \u00e4rztlichen Hand bleiben.<\/p>\n<\/div><\/section><br \/>\n<section  class='av_textblock_section av-kkfafze8-5-3169651cb61a2afd35f54dc9e6ff03f9 '   itemscope=\"itemscope\" itemtype=\"https:\/\/schema.org\/CreativeWork\" ><div class='avia_textblock'  itemprop=\"text\" ><p><strong>Mit dem PKW<\/strong><\/p>\n<div id=\"\" class=\"x-text\">\n<p>Sie erreichen uns mit dem Auto \u00fcber die\u00a0 A643 und A66<\/p>\n<ul>\n<li>Ausfahrt \u00c4ppelalle\/Wiesbaden-Schierstein oder<\/li>\n<li>Ausfahrt Wiesbaden-Mainzer Str.<\/li>\n<\/ul>\n<\/div>\n<\/div><\/section><br \/>\n<section  class='av_textblock_section av-kkfafze8-4-5b52681e121d6fdfaf2c9bcd5608a046 '   itemscope=\"itemscope\" itemtype=\"https:\/\/schema.org\/CreativeWork\" ><div class='avia_textblock'  itemprop=\"text\" ><p><strong>Mit \u00f6ffentlichen Verkehrsmitteln<\/strong><\/p>\n<div id=\"\" class=\"x-text\">\n<p>Sie erreichen uns mit den \u00f6ffentlichen Verkehrsmitteln \u00fcber die Haltestellen<\/p>\n<ul>\n<li>Wiesbaden-Biebrich Hagenauer Stra\u00dfe<br \/>\nLinie: 9, 45 und X79 oder<\/li>\n<li>Wiesbaden-Biebrich Friedrich-Bergius-Stra\u00dfe<br \/>\nLinie 14, 47 und X79<\/li>\n<\/ul>\n<\/div>\n<\/div><\/section><\/p><\/div><\/p>\n","protected":false},"excerpt":{"rendered":"","protected":false},"author":2,"featured_media":0,"parent":0,"menu_order":0,"comment_status":"closed","ping_status":"closed","template":"","meta":{"footnotes":""},"class_list":["post-37","page","type-page","status-publish","hentry"],"yoast_head":"<!-- This site is optimized with the Yoast SEO plugin v27.3 - https:\/\/yoast.com\/product\/yoast-seo-wordpress\/ -->\n<title>Kontakt - MVZ Wiesbaden<\/title>\n<meta name=\"description\" content=\"Sie finden unser ATOS MVZ Wiesbaden (ehemals Orthop\u00e4die Aukamm) im Rheinpark in modernem und zeitgem\u00e4\u00dfem Ambiente vor.\" \/>\n<meta name=\"robots\" content=\"index, follow, max-snippet:-1, max-image-preview:large, max-video-preview:-1\" \/>\n<link rel=\"canonical\" href=\"https:\/\/atos-mvz.de\/wiesbaden\/kontakt\/\" \/>\n<meta property=\"og:locale\" content=\"de_DE\" \/>\n<meta property=\"og:type\" content=\"article\" \/>\n<meta property=\"og:title\" content=\"Kontakt - MVZ Wiesbaden\" \/>\n<meta property=\"og:description\" content=\"Sie finden unser ATOS MVZ Wiesbaden (ehemals Orthop\u00e4die Aukamm) im Rheinpark in modernem und zeitgem\u00e4\u00dfem Ambiente vor.\" \/>\n<meta property=\"og:url\" content=\"https:\/\/atos-mvz.de\/wiesbaden\/kontakt\/\" \/>\n<meta property=\"og:site_name\" content=\"MVZ Wiesbaden\" \/>\n<meta property=\"article:modified_time\" content=\"2024-05-22T13:57:01+00:00\" \/>\n<meta name=\"twitter:card\" content=\"summary_large_image\" \/>\n<script type=\"application\/ld+json\" class=\"yoast-schema-graph\">{\"@context\":\"https:\\\/\\\/schema.org\",\"@graph\":[{\"@type\":\"WebPage\",\"@id\":\"https:\\\/\\\/atos-mvz.de\\\/wiesbaden\\\/kontakt\\\/\",\"url\":\"https:\\\/\\\/atos-mvz.de\\\/wiesbaden\\\/kontakt\\\/\",\"name\":\"Kontakt - MVZ Wiesbaden\",\"isPartOf\":{\"@id\":\"https:\\\/\\\/atos-mvz.de\\\/wiesbaden\\\/#website\"},\"datePublished\":\"2021-01-27T10:09:58+00:00\",\"dateModified\":\"2024-05-22T13:57:01+00:00\",\"description\":\"Sie finden unser ATOS MVZ Wiesbaden (ehemals Orthop\u00e4die Aukamm) im Rheinpark in modernem und zeitgem\u00e4\u00dfem Ambiente vor.\",\"breadcrumb\":{\"@id\":\"https:\\\/\\\/atos-mvz.de\\\/wiesbaden\\\/kontakt\\\/#breadcrumb\"},\"inLanguage\":\"de\",\"potentialAction\":[{\"@type\":\"ReadAction\",\"target\":[\"https:\\\/\\\/atos-mvz.de\\\/wiesbaden\\\/kontakt\\\/\"]}]},{\"@type\":\"BreadcrumbList\",\"@id\":\"https:\\\/\\\/atos-mvz.de\\\/wiesbaden\\\/kontakt\\\/#breadcrumb\",\"itemListElement\":[{\"@type\":\"ListItem\",\"position\":1,\"name\":\"Startseite\",\"item\":\"https:\\\/\\\/atos-mvz.de\\\/wiesbaden\\\/startseite\\\/\"},{\"@type\":\"ListItem\",\"position\":2,\"name\":\"Kontakt\"}]},{\"@type\":\"WebSite\",\"@id\":\"https:\\\/\\\/atos-mvz.de\\\/wiesbaden\\\/#website\",\"url\":\"https:\\\/\\\/atos-mvz.de\\\/wiesbaden\\\/\",\"name\":\"MVZ Wiesbaden\",\"description\":\"\",\"potentialAction\":[{\"@type\":\"SearchAction\",\"target\":{\"@type\":\"EntryPoint\",\"urlTemplate\":\"https:\\\/\\\/atos-mvz.de\\\/wiesbaden\\\/?s={search_term_string}\"},\"query-input\":{\"@type\":\"PropertyValueSpecification\",\"valueRequired\":true,\"valueName\":\"search_term_string\"}}],\"inLanguage\":\"de\"}]}<\/script>\n<!-- \/ Yoast SEO plugin. -->","yoast_head_json":{"title":"Kontakt - MVZ Wiesbaden","description":"Sie finden unser ATOS MVZ Wiesbaden (ehemals Orthop\u00e4die Aukamm) im Rheinpark in modernem und zeitgem\u00e4\u00dfem Ambiente vor.","robots":{"index":"index","follow":"follow","max-snippet":"max-snippet:-1","max-image-preview":"max-image-preview:large","max-video-preview":"max-video-preview:-1"},"canonical":"https:\/\/atos-mvz.de\/wiesbaden\/kontakt\/","og_locale":"de_DE","og_type":"article","og_title":"Kontakt - MVZ Wiesbaden","og_description":"Sie finden unser ATOS MVZ Wiesbaden (ehemals Orthop\u00e4die Aukamm) im Rheinpark in modernem und zeitgem\u00e4\u00dfem Ambiente vor.","og_url":"https:\/\/atos-mvz.de\/wiesbaden\/kontakt\/","og_site_name":"MVZ Wiesbaden","article_modified_time":"2024-05-22T13:57:01+00:00","twitter_card":"summary_large_image","schema":{"@context":"https:\/\/schema.org","@graph":[{"@type":"WebPage","@id":"https:\/\/atos-mvz.de\/wiesbaden\/kontakt\/","url":"https:\/\/atos-mvz.de\/wiesbaden\/kontakt\/","name":"Kontakt - MVZ Wiesbaden","isPartOf":{"@id":"https:\/\/atos-mvz.de\/wiesbaden\/#website"},"datePublished":"2021-01-27T10:09:58+00:00","dateModified":"2024-05-22T13:57:01+00:00","description":"Sie finden unser ATOS MVZ Wiesbaden (ehemals Orthop\u00e4die Aukamm) im Rheinpark in modernem und zeitgem\u00e4\u00dfem Ambiente vor.","breadcrumb":{"@id":"https:\/\/atos-mvz.de\/wiesbaden\/kontakt\/#breadcrumb"},"inLanguage":"de","potentialAction":[{"@type":"ReadAction","target":["https:\/\/atos-mvz.de\/wiesbaden\/kontakt\/"]}]},{"@type":"BreadcrumbList","@id":"https:\/\/atos-mvz.de\/wiesbaden\/kontakt\/#breadcrumb","itemListElement":[{"@type":"ListItem","position":1,"name":"Startseite","item":"https:\/\/atos-mvz.de\/wiesbaden\/startseite\/"},{"@type":"ListItem","position":2,"name":"Kontakt"}]},{"@type":"WebSite","@id":"https:\/\/atos-mvz.de\/wiesbaden\/#website","url":"https:\/\/atos-mvz.de\/wiesbaden\/","name":"MVZ Wiesbaden","description":"","potentialAction":[{"@type":"SearchAction","target":{"@type":"EntryPoint","urlTemplate":"https:\/\/atos-mvz.de\/wiesbaden\/?s={search_term_string}"},"query-input":{"@type":"PropertyValueSpecification","valueRequired":true,"valueName":"search_term_string"}}],"inLanguage":"de"}]}},"_links":{"self":[{"href":"https:\/\/atos-mvz.de\/wiesbaden\/wp-json\/wp\/v2\/pages\/37","targetHints":{"allow":["GET"]}}],"collection":[{"href":"https:\/\/atos-mvz.de\/wiesbaden\/wp-json\/wp\/v2\/pages"}],"about":[{"href":"https:\/\/atos-mvz.de\/wiesbaden\/wp-json\/wp\/v2\/types\/page"}],"author":[{"embeddable":true,"href":"https:\/\/atos-mvz.de\/wiesbaden\/wp-json\/wp\/v2\/users\/2"}],"replies":[{"embeddable":true,"href":"https:\/\/atos-mvz.de\/wiesbaden\/wp-json\/wp\/v2\/comments?post=37"}],"version-history":[{"count":65,"href":"https:\/\/atos-mvz.de\/wiesbaden\/wp-json\/wp\/v2\/pages\/37\/revisions"}],"predecessor-version":[{"id":2262,"href":"https:\/\/atos-mvz.de\/wiesbaden\/wp-json\/wp\/v2\/pages\/37\/revisions\/2262"}],"wp:attachment":[{"href":"https:\/\/atos-mvz.de\/wiesbaden\/wp-json\/wp\/v2\/media?parent=37"}],"curies":[{"name":"wp","href":"https:\/\/api.w.org\/{rel}","templated":true}]}}