{"id":2629,"date":"2025-02-03T17:03:30","date_gmt":"2025-02-03T16:03:30","guid":{"rendered":"https:\/\/atos-mvz.de\/wiesbaden\/?page_id=2629"},"modified":"2026-01-15T15:52:26","modified_gmt":"2026-01-15T14:52:26","slug":"arthrose","status":"publish","type":"page","link":"https:\/\/atos-mvz.de\/wiesbaden\/bereiche\/arthrose\/","title":{"rendered":"Stammzellentherapie"},"content":{"rendered":"\n<style type=\"text\/css\" data-created_by=\"avia_inline_auto\" id=\"style-css-av-kkfaterk-1842e90f6b2625f96f2308eb55a0c240\">\n.avia-section.av-kkfaterk-1842e90f6b2625f96f2308eb55a0c240{\nbackground-repeat:no-repeat;\nbackground-image:url(https:\/\/atos-mvz.de\/wiesbaden\/wp-content\/uploads\/sites\/22\/2025\/02\/titelbild-arthrose.jpg);\nbackground-position:50% 50%;\nbackground-attachment:scroll;\n}\n.avia-section.av-kkfaterk-1842e90f6b2625f96f2308eb55a0c240 .av-extra-border-element .av-extra-border-inner{\nbackground-color:#ffffff;\n}\n<\/style>\n<div id='header-img'  class='avia-section av-kkfaterk-1842e90f6b2625f96f2308eb55a0c240 main_color avia-section-huge avia-no-border-styling  avia-builder-el-0  el_before_av_section  avia-builder-el-first  largeimg avia-full-stretch avia-bg-style-scroll container_wrap fullsize'  data-section-bg-repeat='stretch'><div class='container av-section-cont-open' ><main  role=\"main\" itemprop=\"mainContentOfPage\"  class='template-page content  av-content-full alpha units'><div class='post-entry post-entry-type-page post-entry-2629'><div class='entry-content-wrapper clearfix'>\n<\/div><\/div><\/main><!-- close content main element --><\/div><div class='av-extra-border-element border-extra-diagonal border-extra-diagonal-inverse '><div class='av-extra-border-outer'><div class='av-extra-border-inner'><\/div><\/div><\/div><\/div>\n<style type=\"text\/css\" data-created_by=\"avia_inline_auto\" id=\"style-css-av-16773-8a5b14fb7e9634b345c15a303ce61d54\">\n.avia-section.av-16773-8a5b14fb7e9634b345c15a303ce61d54 .av-extra-border-element .av-extra-border-inner{\nbackground-color:#f1f0f5;\n}\n<\/style>\n<div id='av_section_2'  class='avia-section av-16773-8a5b14fb7e9634b345c15a303ce61d54 main_color avia-section-large avia-no-border-styling  avia-builder-el-1  el_after_av_section  avia-builder-el-last  small-container avia-bg-style-scroll container_wrap fullsize'  ><div class='container av-section-cont-open' ><div class='template-page content  av-content-full alpha units'><div class='post-entry post-entry-type-page post-entry-2629'><div class='entry-content-wrapper clearfix'>\n<div class='flex_column_table av-1czbz-ee51da47ebe5712b2889c35b12586d80 sc-av_one_full av-equal-height-column-flextable'>\n<style type=\"text\/css\" data-created_by=\"avia_inline_auto\" id=\"style-css-av-1czbz-ee51da47ebe5712b2889c35b12586d80\">\n.flex_column.av-1czbz-ee51da47ebe5712b2889c35b12586d80{\nborder-radius:0px 0px 0px 0px;\npadding:0px 0px 0px 0px;\n}\n<\/style>\n<div  class='flex_column av-1czbz-ee51da47ebe5712b2889c35b12586d80 av_one_full  avia-builder-el-2  avia-builder-el-no-sibling  first flex_column_table_cell av-equal-height-column av-align-middle av-zero-column-padding  '     ><section  class='av_textblock_section av-kkfavlr5-b9e1d62097ba07f406d76d24a226c675 '   itemscope=\"itemscope\" itemtype=\"https:\/\/schema.org\/CreativeWork\" ><div class='avia_textblock'  itemprop=\"text\" ><h1><b>Arthrosetherapie mit Stammzellen<\/b><\/h1>\n<\/div><\/section><br \/>\n<section  class='av_textblock_section av-kkfaxdi8-4f7cebac632018dd05614cfae2125a3e '   itemscope=\"itemscope\" itemtype=\"https:\/\/schema.org\/CreativeWork\" ><div class='avia_textblock'  itemprop=\"text\" ><p style=\"font-weight: 400;\">Arthrose ist die weltweit f\u00fchrende Gelenkerkrankung. Ursache ist letztendlich ein defekter oder irgendwann ganz fehlender Knorpel. Dann berichten die Patienten \u00fcber Anlauf- und Belastungsschmerzen. Besonders leiden die Patienten bei einer aktivierten Arthrose, d. h. das Gelenk ist endz\u00fcndet, manchmal auch geschwollen und \u00fcberw\u00e4rmt. \u00a0Zur kurzfristigen Behandlung eignen sich entz\u00fcndungshemmende Medikamente wie Ibuprofen, Diclofenac oder die moderneren Coxibe. M\u00f6chte man langfristig etwas f\u00fcr die Gelenkgesundheit tun, muss neben der akuten Entz\u00fcndung zus\u00e4tzlich der Gelenkstoffwechsel therapiert und weitere Risikofaktoren behandelt werden.<\/p>\n<h3>Moderne Arthrosetherapie: Von mechanischem Verschlei\u00df zur regenerativen Behandlung<\/h3>\n<p style=\"font-weight: 400;\">Sind wir fr\u00fcher von einem rein mechanischen Gelenkverschlei\u00df ausgegangen, hat sich das Verst\u00e4ndnis der Arthroseenstehung gewandelt und wir wissen, dass es sich auch um eine chronische Erkrankung des Gelenkstoffwechsels handelt. Damit \u00e4ndern sich auch die therapeutischen M\u00f6glichkeiten, d.h. wir k\u00f6nnen in den chronischen Prozess des Knorpelabbaus bremsend eingreifen.<\/p>\n<p style=\"font-weight: 400;\">Deutschland geh\u00f6rt zu den weltweit f\u00fchrenden L\u00e4ndern im Bereich des operativen Gelenkersatzes, der Endoprothetik. Trotzdem sollte ein Kunstgelenk erst eingesetzt werden, wenn alle konservativen Ma\u00dfnahmen ausgesch\u00f6pft sind. Neben mechanisch entlastenden Ma\u00dfnahmen wie Einlagen und Orthesen kommt hier vor allem die orthobiologische regenerative Therapie zum Einsatz. Wir machen uns hier das regenerative Potential unseres K\u00f6rpers zu Nutze. Ziele sind eine Verbesserung des Gelenkstoffwechsels, eine Reduktion der Entz\u00fcndungsaktivit\u00e4t, und somit eine Schmerzreduktion und Verbesserung der Gelenkfunktion. Zum Einsatz kommen vor allem Hyalurons\u00e4ure, k\u00f6rpereigenes Plasma und regenerative Zellen aus dem Fettgewebe. Letztere sind auf Grund der darin enthaltenen Stammzellen besonders wirksam.<\/p>\n<p style=\"font-weight: 400;\">Wurde die Hyalurons\u00e4ure fr\u00fcher f\u00e4lschlicherweise als \u201eKnorpelaufbauspritze\u201c bezeichnet, wei\u00df man, dass sie in der Lage ist, die Wasserbindungsf\u00e4higkeit des Knorpels und damit die D\u00e4mpfungsf\u00e4higkeit zu verbessern. D. h. eine gewisse Mindestdicke des Knorpels (\u201eArthrose im Anfangsstadium\u201c) muss noch vorhanden sein, um eine Wirkung zu erzielen. Zus\u00e4tzlich hat die Hyalurons\u00e4ure eine geringe entz\u00fcndungshemmende Eigenschaft und reduziert die Reibung im Gelenk (\u201eGelenkschmierung\u201c). \u00dcblicherweise erfolgen drei Injektionen im Abstand von jeweils einer Woche und mit einem Effekt darf einige Wochen danach gerechnet werden.<\/p>\n<h3>Eigenblut und Stammzellen: Fortschrittliche regenerative Therapien bei Arthrose<\/h3>\n<p style=\"font-weight: 400;\">Die Eigenblutbehandlung PRP (platelet-rich-plasma = Blutpl\u00e4ttchen-reiches-Plasma) ist seit vielen Jahren fest in der Arthrosebehandlung etabliert. Anders als der eher mechanische Effekt der Hyalurons\u00e4ure aktiviert die Behandlung mit PRP die k\u00f6rpereigene Regeneration und reduziert die entz\u00fcndliche Aktivit\u00e4t. Mittlerweile zeigt die Studienlage so gute Ergebnisse, dass f\u00fchrende Fachgesellschaften wie die Arbeitsgemeinschaft Arthroskopie AGA und die European Society of Sports Traumatology, Knee Surgery and Arthroscopy ESSKA den Einsatz von Blutplasma bei der Arthrosetherapie empfehlen. \u00dcblicherweise erfolgen drei bis 5 Injektionen, die Wirkung tritt auch hier normalerweise erst nach Wochen ein.<\/p>\n<p style=\"font-weight: 400;\">Bei fortgeschrittenen Knorpelsch\u00e4den (Grad 3-4) kommt dann die Therapie mit k\u00f6rpereigenen Stammzellen zum Einsatz, korrekterweise spricht man von der \u201estromavaskul\u00e4ren Fraktion\u201c. Diese ist ein Bestandteil unserer Fettzellen und reich an regenerativen Zellen wie Stammzellen und medizinischen Signalzellen die regulierend in den Gelenkstoffwechsel eingreifen.<\/p>\n<p style=\"font-weight: 400;\">In einer \u00f6rtlichen Bet\u00e4ubung werden im Rahmen einer ambulanten Behandlung Fettzellen aus dem Unterhautfettgewebe am Bauch entnommen und aufbereitet sowie anschlie\u00dfend in das betroffene Gelenk nach einer Lokalan\u00e4sthesie injiziert.\u00a0 Insgesamt dauert die Behandlung etwa zwei Stunden, eine einmalige Injektion ist in der Regel ausreichend und der Effekt setzt nach zwei Wochen bis zwei Monaten ein.<\/p>\n<p style=\"font-weight: 400;\">Auch hier zeigt die Studienlage mittlerweile sehr gute, auch langfristige, Ergebnisse die eine Schmerzreduktion \u00fcber einen Zeitraum von 5 Jahren belegen konnten.<\/p>\n<\/div><\/section><\/p><\/div><\/div><!--close column table wrapper. Autoclose: 1 -->\n","protected":false},"excerpt":{"rendered":"","protected":false},"author":1,"featured_media":0,"parent":1060,"menu_order":0,"comment_status":"closed","ping_status":"closed","template":"","meta":{"footnotes":""},"class_list":["post-2629","page","type-page","status-publish","hentry"],"yoast_head":"<!-- This site is optimized with the Yoast SEO plugin v27.3 - https:\/\/yoast.com\/product\/yoast-seo-wordpress\/ -->\n<title>Stammzellentherapie in Wiesbaden | ATOS Orthop\u00e4die<\/title>\n<meta name=\"description\" content=\"Stammzellentherapie in Wiesbaden: Innovative regenerative Therapie zur Behandlung von Gelenkverschlei\u00df und orthop\u00e4dischen Beschwerden.\" \/>\n<meta name=\"robots\" content=\"index, follow, max-snippet:-1, max-image-preview:large, max-video-preview:-1\" \/>\n<link rel=\"canonical\" href=\"https:\/\/atos-mvz.de\/wiesbaden\/bereiche\/arthrose\/\" \/>\n<meta property=\"og:locale\" content=\"de_DE\" \/>\n<meta property=\"og:type\" content=\"article\" \/>\n<meta property=\"og:title\" content=\"Stammzellentherapie in Wiesbaden | ATOS Orthop\u00e4die\" \/>\n<meta property=\"og:description\" content=\"Stammzellentherapie in Wiesbaden: Innovative regenerative Therapie zur Behandlung von Gelenkverschlei\u00df und orthop\u00e4dischen Beschwerden.\" \/>\n<meta property=\"og:url\" content=\"https:\/\/atos-mvz.de\/wiesbaden\/bereiche\/arthrose\/\" \/>\n<meta property=\"og:site_name\" content=\"MVZ Wiesbaden\" \/>\n<meta property=\"article:modified_time\" content=\"2026-01-15T14:52:26+00:00\" \/>\n<meta name=\"twitter:card\" content=\"summary_large_image\" \/>\n<script type=\"application\/ld+json\" class=\"yoast-schema-graph\">{\"@context\":\"https:\\\/\\\/schema.org\",\"@graph\":[{\"@type\":\"WebPage\",\"@id\":\"https:\\\/\\\/atos-mvz.de\\\/wiesbaden\\\/bereiche\\\/arthrose\\\/\",\"url\":\"https:\\\/\\\/atos-mvz.de\\\/wiesbaden\\\/bereiche\\\/arthrose\\\/\",\"name\":\"Stammzellentherapie in Wiesbaden | ATOS Orthop\u00e4die\",\"isPartOf\":{\"@id\":\"https:\\\/\\\/atos-mvz.de\\\/wiesbaden\\\/#website\"},\"datePublished\":\"2025-02-03T16:03:30+00:00\",\"dateModified\":\"2026-01-15T14:52:26+00:00\",\"description\":\"Stammzellentherapie in Wiesbaden: Innovative regenerative Therapie zur Behandlung von Gelenkverschlei\u00df und orthop\u00e4dischen Beschwerden.\",\"breadcrumb\":{\"@id\":\"https:\\\/\\\/atos-mvz.de\\\/wiesbaden\\\/bereiche\\\/arthrose\\\/#breadcrumb\"},\"inLanguage\":\"de\",\"potentialAction\":[{\"@type\":\"ReadAction\",\"target\":[\"https:\\\/\\\/atos-mvz.de\\\/wiesbaden\\\/bereiche\\\/arthrose\\\/\"]}]},{\"@type\":\"BreadcrumbList\",\"@id\":\"https:\\\/\\\/atos-mvz.de\\\/wiesbaden\\\/bereiche\\\/arthrose\\\/#breadcrumb\",\"itemListElement\":[{\"@type\":\"ListItem\",\"position\":1,\"name\":\"Startseite\",\"item\":\"https:\\\/\\\/atos-mvz.de\\\/wiesbaden\\\/startseite\\\/\"},{\"@type\":\"ListItem\",\"position\":2,\"name\":\"Bereiche\",\"item\":\"https:\\\/\\\/atos-mvz.de\\\/wiesbaden\\\/bereiche\\\/\"},{\"@type\":\"ListItem\",\"position\":3,\"name\":\"Stammzellentherapie\"}]},{\"@type\":\"WebSite\",\"@id\":\"https:\\\/\\\/atos-mvz.de\\\/wiesbaden\\\/#website\",\"url\":\"https:\\\/\\\/atos-mvz.de\\\/wiesbaden\\\/\",\"name\":\"MVZ Wiesbaden\",\"description\":\"\",\"potentialAction\":[{\"@type\":\"SearchAction\",\"target\":{\"@type\":\"EntryPoint\",\"urlTemplate\":\"https:\\\/\\\/atos-mvz.de\\\/wiesbaden\\\/?s={search_term_string}\"},\"query-input\":{\"@type\":\"PropertyValueSpecification\",\"valueRequired\":true,\"valueName\":\"search_term_string\"}}],\"inLanguage\":\"de\"}]}<\/script>\n<!-- \/ Yoast SEO plugin. -->","yoast_head_json":{"title":"Stammzellentherapie in Wiesbaden | ATOS Orthop\u00e4die","description":"Stammzellentherapie in Wiesbaden: Innovative regenerative Therapie zur Behandlung von Gelenkverschlei\u00df und orthop\u00e4dischen Beschwerden.","robots":{"index":"index","follow":"follow","max-snippet":"max-snippet:-1","max-image-preview":"max-image-preview:large","max-video-preview":"max-video-preview:-1"},"canonical":"https:\/\/atos-mvz.de\/wiesbaden\/bereiche\/arthrose\/","og_locale":"de_DE","og_type":"article","og_title":"Stammzellentherapie in Wiesbaden | ATOS Orthop\u00e4die","og_description":"Stammzellentherapie in Wiesbaden: Innovative regenerative Therapie zur Behandlung von Gelenkverschlei\u00df und orthop\u00e4dischen Beschwerden.","og_url":"https:\/\/atos-mvz.de\/wiesbaden\/bereiche\/arthrose\/","og_site_name":"MVZ Wiesbaden","article_modified_time":"2026-01-15T14:52:26+00:00","twitter_card":"summary_large_image","schema":{"@context":"https:\/\/schema.org","@graph":[{"@type":"WebPage","@id":"https:\/\/atos-mvz.de\/wiesbaden\/bereiche\/arthrose\/","url":"https:\/\/atos-mvz.de\/wiesbaden\/bereiche\/arthrose\/","name":"Stammzellentherapie in Wiesbaden | ATOS Orthop\u00e4die","isPartOf":{"@id":"https:\/\/atos-mvz.de\/wiesbaden\/#website"},"datePublished":"2025-02-03T16:03:30+00:00","dateModified":"2026-01-15T14:52:26+00:00","description":"Stammzellentherapie in Wiesbaden: Innovative regenerative Therapie zur Behandlung von Gelenkverschlei\u00df und orthop\u00e4dischen Beschwerden.","breadcrumb":{"@id":"https:\/\/atos-mvz.de\/wiesbaden\/bereiche\/arthrose\/#breadcrumb"},"inLanguage":"de","potentialAction":[{"@type":"ReadAction","target":["https:\/\/atos-mvz.de\/wiesbaden\/bereiche\/arthrose\/"]}]},{"@type":"BreadcrumbList","@id":"https:\/\/atos-mvz.de\/wiesbaden\/bereiche\/arthrose\/#breadcrumb","itemListElement":[{"@type":"ListItem","position":1,"name":"Startseite","item":"https:\/\/atos-mvz.de\/wiesbaden\/startseite\/"},{"@type":"ListItem","position":2,"name":"Bereiche","item":"https:\/\/atos-mvz.de\/wiesbaden\/bereiche\/"},{"@type":"ListItem","position":3,"name":"Stammzellentherapie"}]},{"@type":"WebSite","@id":"https:\/\/atos-mvz.de\/wiesbaden\/#website","url":"https:\/\/atos-mvz.de\/wiesbaden\/","name":"MVZ Wiesbaden","description":"","potentialAction":[{"@type":"SearchAction","target":{"@type":"EntryPoint","urlTemplate":"https:\/\/atos-mvz.de\/wiesbaden\/?s={search_term_string}"},"query-input":{"@type":"PropertyValueSpecification","valueRequired":true,"valueName":"search_term_string"}}],"inLanguage":"de"}]}},"_links":{"self":[{"href":"https:\/\/atos-mvz.de\/wiesbaden\/wp-json\/wp\/v2\/pages\/2629","targetHints":{"allow":["GET"]}}],"collection":[{"href":"https:\/\/atos-mvz.de\/wiesbaden\/wp-json\/wp\/v2\/pages"}],"about":[{"href":"https:\/\/atos-mvz.de\/wiesbaden\/wp-json\/wp\/v2\/types\/page"}],"author":[{"embeddable":true,"href":"https:\/\/atos-mvz.de\/wiesbaden\/wp-json\/wp\/v2\/users\/1"}],"replies":[{"embeddable":true,"href":"https:\/\/atos-mvz.de\/wiesbaden\/wp-json\/wp\/v2\/comments?post=2629"}],"version-history":[{"count":11,"href":"https:\/\/atos-mvz.de\/wiesbaden\/wp-json\/wp\/v2\/pages\/2629\/revisions"}],"predecessor-version":[{"id":2767,"href":"https:\/\/atos-mvz.de\/wiesbaden\/wp-json\/wp\/v2\/pages\/2629\/revisions\/2767"}],"up":[{"embeddable":true,"href":"https:\/\/atos-mvz.de\/wiesbaden\/wp-json\/wp\/v2\/pages\/1060"}],"wp:attachment":[{"href":"https:\/\/atos-mvz.de\/wiesbaden\/wp-json\/wp\/v2\/media?parent=2629"}],"curies":[{"name":"wp","href":"https:\/\/api.w.org\/{rel}","templated":true}]}}