{"id":2550,"date":"2025-01-24T12:49:02","date_gmt":"2025-01-24T11:49:02","guid":{"rendered":"https:\/\/atos-mvz.de\/wiesbaden\/?page_id=2550"},"modified":"2025-08-12T19:42:52","modified_gmt":"2025-08-12T17:42:52","slug":"veranstaltungen","status":"publish","type":"page","link":"https:\/\/atos-mvz.de\/wiesbaden\/veranstaltungen\/","title":{"rendered":"Veranstaltungen"},"content":{"rendered":"\n<style type=\"text\/css\" data-created_by=\"avia_inline_auto\" id=\"style-css-av-68tbzq-6334a5c9d833f259e5624aab5ef9d7c6\">\n.avia-section.av-68tbzq-6334a5c9d833f259e5624aab5ef9d7c6{\nbackground-repeat:no-repeat;\nbackground-image:url(https:\/\/atos-mvz.de\/wiesbaden\/wp-content\/uploads\/sites\/22\/2024\/09\/aerzte-atos-mvz-wiesbaden-1.jpg);\nbackground-position:50% 0%;\nbackground-attachment:scroll;\n}\n.avia-section.av-68tbzq-6334a5c9d833f259e5624aab5ef9d7c6 .av-extra-border-element .av-extra-border-inner{\nbackground-color:#ffffff;\n}\n<\/style>\n<div id='header-img'  class='avia-section av-68tbzq-6334a5c9d833f259e5624aab5ef9d7c6 main_color avia-section-huge avia-no-border-styling  avia-builder-el-0  el_before_av_section  avia-builder-el-first  largeimg avia-full-stretch avia-bg-style-scroll container_wrap fullsize'  data-section-bg-repeat='stretch'><div class='container av-section-cont-open' ><main  role=\"main\" itemprop=\"mainContentOfPage\"  class='template-page content  av-content-full alpha units'><div class='post-entry post-entry-type-page post-entry-2550'><div class='entry-content-wrapper clearfix'>\n<\/div><\/div><\/main><!-- close content main element --><\/div><div class='av-extra-border-element border-extra-diagonal border-extra-diagonal-inverse '><div class='av-extra-border-outer'><div class='av-extra-border-inner'><\/div><\/div><\/div><\/div>\n<style type=\"text\/css\" data-created_by=\"avia_inline_auto\" id=\"style-css-av-2dhh06-73c5a7e9b69516007d1d2e0073a77faa\">\n.avia-section.av-2dhh06-73c5a7e9b69516007d1d2e0073a77faa .av-extra-border-element .av-extra-border-inner{\nbackground-color:#f1f0f5;\n}\n<\/style>\n<div id='av_section_2'  class='avia-section av-2dhh06-73c5a7e9b69516007d1d2e0073a77faa main_color avia-section-large avia-no-border-styling  avia-builder-el-1  el_after_av_section  avia-builder-el-last  small-container avia-bg-style-scroll container_wrap fullsize'  ><div class='container av-section-cont-open' ><div class='template-page content  av-content-full alpha units'><div class='post-entry post-entry-type-page post-entry-2550'><div class='entry-content-wrapper clearfix'>\n<section  class='av_textblock_section av-m6ap87kk-76cc4b32f2becf3690668ab4187a02fc '   itemscope=\"itemscope\" itemtype=\"https:\/\/schema.org\/CreativeWork\" ><div class='avia_textblock'  itemprop=\"text\" ><h1><strong>Patienten\u00adinformations\u00adveranstaltungen<\/strong> in Wiesbaden<\/h1>\n<ul>\n<li>Beginn aller Vortr\u00e4ge 17:00 Uhr<\/li>\n<li>Veranstaltungsort: ATOS Klinik Wiesbaden Rotunde, 4. Obergeschoss, Hagenauer Str. 47, 65203 Wiesbaden<\/li>\n<li>Der Eintritt ist kostenfrei<\/li>\n<\/ul>\n<\/div><\/section>\n\n<style type=\"text\/css\" data-created_by=\"avia_inline_auto\" id=\"style-css-av-m6ap9jo1-e60d09fef3f276fc2604c2eff3596add\">\n#top .avia-icon-list-container.av-m6ap9jo1-e60d09fef3f276fc2604c2eff3596add .iconlist_icon{\nbackground-color:#cdff00;\n}\n<\/style>\n<div  class='avia-icon-list-container av-m6ap9jo1-e60d09fef3f276fc2604c2eff3596add  avia-builder-el-3  el_after_av_textblock  el_before_av_one_full '><ul class='avia-icon-list avia_animate_when_almost_visible avia-icon-list-left av-iconlist-small av-m6ap9jo1-e60d09fef3f276fc2604c2eff3596add avia-iconlist-animate'>\n<li><div class='iconlist_icon av-m6ap93v5-fce80562db02c580f7df3b9d660b1fd0 avia-font-fontello avia-iconfont avia-font-fontello'><span class='av-icon-char' data-av_icon='\ue805' data-av_iconfont='fontello' aria-hidden=\"true\"><\/span><\/div><article class=\"article-icon-entry \"  itemscope=\"itemscope\" itemtype=\"https:\/\/schema.org\/CreativeWork\" ><div class=\"iconlist_content_wrap\"><header class=\"entry-content-header\" aria-label=\"Icon: Aktuelle medizinische Themen\"><h4 class='av_iconlist_title iconlist_title_small  '  itemprop=\"headline\" >Aktuelle medizinische Themen<\/h4><\/header><div class='iconlist_content '  itemprop=\"text\" ><p>Erfahren Sie mehr \u00fcber die neuesten Entwicklungen in der Medizin.<\/p>\n<\/div><\/div><footer class=\"entry-footer\"><\/footer><\/article><div class=\"iconlist-timeline\"><\/div><\/li>\n<li><div class='iconlist_icon av-m6ap93v5-2-612886c604378b087713faf38d22b25d avia-font-fontello avia-iconfont avia-font-fontello'><span class='av-icon-char' data-av_icon='\ue805' data-av_iconfont='fontello' aria-hidden=\"true\"><\/span><\/div><article class=\"article-icon-entry \"  itemscope=\"itemscope\" itemtype=\"https:\/\/schema.org\/CreativeWork\" ><div class=\"iconlist_content_wrap\"><header class=\"entry-content-header\" aria-label=\"Icon: Direkter Austausch\"><h4 class='av_iconlist_title iconlist_title_small  '  itemprop=\"headline\" >Direkter Austausch<\/h4><\/header><div class='iconlist_content '  itemprop=\"text\" ><p>Unsere Experten stehen Ihnen f\u00fcr Ihre Fragen zur Verf\u00fcgung.<\/p>\n<\/div><\/div><footer class=\"entry-footer\"><\/footer><\/article><div class=\"iconlist-timeline\"><\/div><\/li>\n<li><div class='iconlist_icon av-m6ap93v5-1-8c0c1640ad3228eb6e66766a8d2f3c93 avia-font-fontello avia-iconfont avia-font-fontello'><span class='av-icon-char' data-av_icon='\ue805' data-av_iconfont='fontello' aria-hidden=\"true\"><\/span><\/div><article class=\"article-icon-entry \"  itemscope=\"itemscope\" itemtype=\"https:\/\/schema.org\/CreativeWork\" ><div class=\"iconlist_content_wrap\"><header class=\"entry-content-header\" aria-label=\"Icon: Individuelle Beratung\"><h4 class='av_iconlist_title iconlist_title_small  '  itemprop=\"headline\" >Individuelle Beratung<\/h4><\/header><div class='iconlist_content '  itemprop=\"text\" ><p>Informieren Sie sich \u00fcber Ihre individuellen Behandlungsm\u00f6glichkeiten.<\/p>\n<\/div><\/div><footer class=\"entry-footer\"><\/footer><\/article><div class=\"iconlist-timeline\"><\/div><\/li>\n<\/ul><\/div>\n<div  class='flex_column av-1122nq-1178ccf598fcb41e4331f0225518d0f2 av_one_full  avia-builder-el-4  el_after_av_iconlist  el_before_av_one_full  event first flex_column_div  '     ><p>\n<style type=\"text\/css\" data-created_by=\"avia_inline_auto\" id=\"style-css-av-8nprg6-5756e15b128cc3cbb45c475ea8d4e5dc\">\n#top .avia-icon-list-container.av-8nprg6-5756e15b128cc3cbb45c475ea8d4e5dc .iconlist_icon{\ncolor:#cdff00;\nbackground-color:#482683;\n}\n#top .avia-icon-list-container.av-8nprg6-5756e15b128cc3cbb45c475ea8d4e5dc .iconlist_icon svg:first-child{\nstroke:#cdff00;\nfill:#cdff00;\n}\n<\/style>\n<div  class='avia-icon-list-container av-8nprg6-5756e15b128cc3cbb45c475ea8d4e5dc  avia-builder-el-5  el_before_av_textblock  avia-builder-el-first '><ul class='avia-icon-list avia_animate_when_almost_visible avia-icon-list-left av-iconlist-small av-8nprg6-5756e15b128cc3cbb45c475ea8d4e5dc avia-iconlist-animate'>\n<li><div class='iconlist_icon av-7od99i-9462e2ad4addf5fa3f8f5a7762e83ef2 avia-font-entypo-fontello avia-iconfont avia-font-entypo-fontello'><span class='av-icon-char' data-av_icon='\ue85b' data-av_iconfont='entypo-fontello' aria-hidden=\"true\"><\/span><\/div><article class=\"article-icon-entry av-iconlist-empty\"  itemscope=\"itemscope\" itemtype=\"https:\/\/schema.org\/CreativeWork\" ><div class=\"iconlist_content_wrap\"><header class=\"entry-content-header\" aria-label=\"Icon: Termin: 13.09.2025\"><div class='av_iconlist_title iconlist_title_small  '  itemprop=\"headline\" >Termin: 13.09.2025<\/div><\/header><div class='iconlist_content '  itemprop=\"text\" ><\/div><\/div><footer class=\"entry-footer\"><\/footer><\/article><div class=\"iconlist-timeline\"><\/div><\/li>\n<\/ul><\/div><br \/>\n<section  class='av_textblock_section av-5sheva-01e196f6628e54fa52280140872b9d26 '   itemscope=\"itemscope\" itemtype=\"https:\/\/schema.org\/CreativeWork\" ><div class='avia_textblock'  itemprop=\"text\" ><h3><strong>Infotag rund um Ihre Gesundheit im RheinMain CongressCenter Wiesbaden<\/strong><\/h3>\n<ul>\n<li>\u201eNeue Entwicklungen in der Knieendoprothetik \u2013 Pr\u00e4zision und Individualit\u00e4t im Fokus\u201c<br \/>\nDr. med. Alexander Mayer<\/li>\n<li>\u201eNeues f\u00fcr den R\u00fccken: Wie zeitgem\u00e4\u00dfe Therapien Bandscheibe und Ischias entlasten\u201c<br \/>\nProf. Dr. med. Basem Ishak<\/li>\n<\/ul>\n<\/div><\/section><\/p><\/div><div  class='flex_column av-e7h4c6-b2278036dc15d46992d63bce52363b08 av_one_full  avia-builder-el-7  el_after_av_one_full  el_before_av_one_full  event first flex_column_div  column-top-margin'     ><p>\n<style type=\"text\/css\" data-created_by=\"avia_inline_auto\" id=\"style-css-av-m6aq0atv-bf584ae3dd09eb9590da2925a3b92286\">\n#top .avia-icon-list-container.av-m6aq0atv-bf584ae3dd09eb9590da2925a3b92286 .iconlist_icon{\ncolor:#cdff00;\nbackground-color:#482683;\n}\n#top .avia-icon-list-container.av-m6aq0atv-bf584ae3dd09eb9590da2925a3b92286 .iconlist_icon svg:first-child{\nstroke:#cdff00;\nfill:#cdff00;\n}\n<\/style>\n<div  class='avia-icon-list-container av-m6aq0atv-bf584ae3dd09eb9590da2925a3b92286  avia-builder-el-8  el_before_av_textblock  avia-builder-el-first '><ul class='avia-icon-list avia_animate_when_almost_visible avia-icon-list-left av-iconlist-small av-m6aq0atv-bf584ae3dd09eb9590da2925a3b92286 avia-iconlist-animate'>\n<li><div class='iconlist_icon av-m6aq09sr-831209fd59c7896c86c0ff497a59c7d1 avia-font-entypo-fontello avia-iconfont avia-font-entypo-fontello'><span class='av-icon-char' data-av_icon='\ue85b' data-av_iconfont='entypo-fontello' aria-hidden=\"true\"><\/span><\/div><article class=\"article-icon-entry av-iconlist-empty\"  itemscope=\"itemscope\" itemtype=\"https:\/\/schema.org\/CreativeWork\" ><div class=\"iconlist_content_wrap\"><header class=\"entry-content-header\" aria-label=\"Icon: Mittwoch, 24.09.2025\"><div class='av_iconlist_title iconlist_title_small  '  itemprop=\"headline\" >Mittwoch, 24.09.2025<\/div><\/header><div class='iconlist_content '  itemprop=\"text\" ><\/div><\/div><footer class=\"entry-footer\"><\/footer><\/article><div class=\"iconlist-timeline\"><\/div><\/li>\n<\/ul><\/div><br \/>\n<section  class='av_textblock_section av-m6aq050x-59254dae074609ddf3f38d88772d795a '   itemscope=\"itemscope\" itemtype=\"https:\/\/schema.org\/CreativeWork\" ><div class='avia_textblock'  itemprop=\"text\" ><h3><strong>Vortrag von Sotirios Selimas<\/strong><\/h3>\n<p>Wenn konservative Ma\u00dfnahmen bei Fu\u00dfschmerzen nicht ausreichen. Ab wann ist eine OP notwendig?<\/p>\n<\/div><\/section><\/p><\/div><div  class='flex_column av-ginl9i-ff72fa7a980b55413aca6c79d2590908 av_one_full  avia-builder-el-10  el_after_av_one_full  el_before_av_one_full  event first flex_column_div  column-top-margin'     ><p>\n<style type=\"text\/css\" data-created_by=\"avia_inline_auto\" id=\"style-css-av-m6apztlg-7473bdf34d7f5b7a84a1df4731bb8b42\">\n#top .avia-icon-list-container.av-m6apztlg-7473bdf34d7f5b7a84a1df4731bb8b42 .iconlist_icon{\ncolor:#cdff00;\nbackground-color:#482683;\n}\n#top .avia-icon-list-container.av-m6apztlg-7473bdf34d7f5b7a84a1df4731bb8b42 .iconlist_icon svg:first-child{\nstroke:#cdff00;\nfill:#cdff00;\n}\n<\/style>\n<div  class='avia-icon-list-container av-m6apztlg-7473bdf34d7f5b7a84a1df4731bb8b42  avia-builder-el-11  el_before_av_textblock  avia-builder-el-first '><ul class='avia-icon-list avia_animate_when_almost_visible avia-icon-list-left av-iconlist-small av-m6apztlg-7473bdf34d7f5b7a84a1df4731bb8b42 avia-iconlist-animate'>\n<li><div class='iconlist_icon av-m6apzsjx-e2e73c18ee949f7c20cef91e502530b9 avia-font-entypo-fontello avia-iconfont avia-font-entypo-fontello'><span class='av-icon-char' data-av_icon='\ue85b' data-av_iconfont='entypo-fontello' aria-hidden=\"true\"><\/span><\/div><article class=\"article-icon-entry av-iconlist-empty\"  itemscope=\"itemscope\" itemtype=\"https:\/\/schema.org\/CreativeWork\" ><div class=\"iconlist_content_wrap\"><header class=\"entry-content-header\" aria-label=\"Icon: Mittwoch, 22.10.2025\"><div class='av_iconlist_title iconlist_title_small  '  itemprop=\"headline\" >Mittwoch, 22.10.2025<\/div><\/header><div class='iconlist_content '  itemprop=\"text\" ><\/div><\/div><footer class=\"entry-footer\"><\/footer><\/article><div class=\"iconlist-timeline\"><\/div><\/li>\n<\/ul><\/div><br \/>\n<section  class='av_textblock_section av-m6apznsg-455571475218962f6040fb4ac75c6fbd '   itemscope=\"itemscope\" itemtype=\"https:\/\/schema.org\/CreativeWork\" ><div class='avia_textblock'  itemprop=\"text\" ><h3><strong>Vortrag von Dr. Andreas Kiekenbeck<\/strong><\/h3>\n<p>Auswirkungen der Gesundheitspolitik: Schulteroperationen ambulant oder station\u00e4r?<\/p>\n<\/div><\/section><\/p><\/div><div  class='flex_column av-ckkpgm-d77abd395f33a1875e651be092a8b43a av_one_full  avia-builder-el-13  el_after_av_one_full  el_before_av_hr  event first flex_column_div  column-top-margin'     ><p>\n<style type=\"text\/css\" data-created_by=\"avia_inline_auto\" id=\"style-css-av-m6aq0tx0-69fe68684e65d4577ff84da65aa26b83\">\n#top .avia-icon-list-container.av-m6aq0tx0-69fe68684e65d4577ff84da65aa26b83 .iconlist_icon{\ncolor:#cdff00;\nbackground-color:#482683;\n}\n#top .avia-icon-list-container.av-m6aq0tx0-69fe68684e65d4577ff84da65aa26b83 .iconlist_icon svg:first-child{\nstroke:#cdff00;\nfill:#cdff00;\n}\n<\/style>\n<div  class='avia-icon-list-container av-m6aq0tx0-69fe68684e65d4577ff84da65aa26b83  avia-builder-el-14  el_before_av_textblock  avia-builder-el-first '><ul class='avia-icon-list avia_animate_when_almost_visible avia-icon-list-left av-iconlist-small av-m6aq0tx0-69fe68684e65d4577ff84da65aa26b83 avia-iconlist-animate'>\n<li><div class='iconlist_icon av-m6aq0tjf-6d857b38911d61a30a1a7936e53a84ba avia-font-entypo-fontello avia-iconfont avia-font-entypo-fontello'><span class='av-icon-char' data-av_icon='\ue85b' data-av_iconfont='entypo-fontello' aria-hidden=\"true\"><\/span><\/div><article class=\"article-icon-entry av-iconlist-empty\"  itemscope=\"itemscope\" itemtype=\"https:\/\/schema.org\/CreativeWork\" ><div class=\"iconlist_content_wrap\"><header class=\"entry-content-header\" aria-label=\"Icon: Mittwoch, 26.11.2025\"><div class='av_iconlist_title iconlist_title_small  '  itemprop=\"headline\" >Mittwoch, 26.11.2025<\/div><\/header><div class='iconlist_content '  itemprop=\"text\" ><\/div><\/div><footer class=\"entry-footer\"><\/footer><\/article><div class=\"iconlist-timeline\"><\/div><\/li>\n<\/ul><\/div><br \/>\n<section  class='av_textblock_section av-m6aq0oe7-789f718000a5a391d4201ca3c21ae851 '   itemscope=\"itemscope\" itemtype=\"https:\/\/schema.org\/CreativeWork\" ><div class='avia_textblock'  itemprop=\"text\" ><h3><strong>Vortrag von Dr. Markus Preis<\/strong><\/h3>\n<p>Fu\u00dfprobleme: von der Analyse bis zur operativen Behandlung<\/p>\n<\/div><\/section><\/p><\/div>\n<style type=\"text\/css\" data-created_by=\"avia_inline_auto\" id=\"style-css-av-m6aq3hpl-360224dba1e9238623ead0311d3011f1\">\n#top .hr.hr-invisible.av-m6aq3hpl-360224dba1e9238623ead0311d3011f1{\nheight:50px;\n}\n<\/style>\n<div  class='hr av-m6aq3hpl-360224dba1e9238623ead0311d3011f1 hr-invisible  avia-builder-el-16  el_after_av_one_full  el_before_av_textblock '><span class='hr-inner '><span class=\"hr-inner-style\"><\/span><\/span><\/div>\n<section  class='av_textblock_section av-m6aq17gd-5f0e2667e9214f3551eacf63104c035e '   itemscope=\"itemscope\" itemtype=\"https:\/\/schema.org\/CreativeWork\" ><div class='avia_textblock'  itemprop=\"text\" ><h2><strong>Fachveranstaltungen und regionale Events<\/strong><\/h2>\n<\/div><\/section>\n<div  class='flex_column av-3pu31i-5f9852eea297813e1c65faf07b09fe94 av_one_full  avia-builder-el-18  el_after_av_textblock  avia-builder-el-last  event first flex_column_div  column-top-margin'     ><p>\n<style type=\"text\/css\" data-created_by=\"avia_inline_auto\" id=\"style-css-av-m6aq1d5e-bb18a73c13b423b7804b9702585ff4a2\">\n#top .avia-icon-list-container.av-m6aq1d5e-bb18a73c13b423b7804b9702585ff4a2 .iconlist_icon{\ncolor:#cdff00;\nbackground-color:#482683;\n}\n#top .avia-icon-list-container.av-m6aq1d5e-bb18a73c13b423b7804b9702585ff4a2 .iconlist_icon svg:first-child{\nstroke:#cdff00;\nfill:#cdff00;\n}\n<\/style>\n<div  class='avia-icon-list-container av-m6aq1d5e-bb18a73c13b423b7804b9702585ff4a2  avia-builder-el-19  el_before_av_textblock  avia-builder-el-first '><ul class='avia-icon-list avia_animate_when_almost_visible avia-icon-list-left av-iconlist-small av-m6aq1d5e-bb18a73c13b423b7804b9702585ff4a2 avia-iconlist-animate'>\n<li><div class='iconlist_icon av-m6aq1c6c-14b93015b40bb693622c7981edec62a8 avia-font-entypo-fontello avia-iconfont avia-font-entypo-fontello'><span class='av-icon-char' data-av_icon='\ue85b' data-av_iconfont='entypo-fontello' aria-hidden=\"true\"><\/span><\/div><article class=\"article-icon-entry av-iconlist-empty\"  itemscope=\"itemscope\" itemtype=\"https:\/\/schema.org\/CreativeWork\" ><div class=\"iconlist_content_wrap\"><header class=\"entry-content-header\" aria-label=\"Icon: Freitag, 28.03.2025 \u2013 Samstag, 29.03.2025\"><div class='av_iconlist_title iconlist_title_small  '  itemprop=\"headline\" >Freitag, 28.03.2025 \u2013 Samstag, 29.03.2025<\/div><\/header><div class='iconlist_content '  itemprop=\"text\" ><\/div><\/div><footer class=\"entry-footer\"><\/footer><\/article><div class=\"iconlist-timeline\"><\/div><\/li>\n<\/ul><\/div><br \/>\n<section  class='av_textblock_section av-m6aq27ct-4c82a366139e65ffc0c9d0e26c9a8c02 '   itemscope=\"itemscope\" itemtype=\"https:\/\/schema.org\/CreativeWork\" ><div class='avia_textblock'  itemprop=\"text\" ><h3><strong>OSG TEP-Kurs mit Vilex<\/strong><\/h3>\n<p>F\u00fcr \u00c4rzte aus ganz Deutschland: Fortbildung zur Sprunggelenksprothetik mit Dr. Preis und renommierten Kollegen.<\/p>\n<\/div><\/section><\/p><\/div>\n","protected":false},"excerpt":{"rendered":"","protected":false},"author":1,"featured_media":0,"parent":0,"menu_order":0,"comment_status":"closed","ping_status":"closed","template":"","meta":{"footnotes":""},"class_list":["post-2550","page","type-page","status-publish","hentry"],"yoast_head":"<!-- This site is optimized with the Yoast SEO plugin v27.3 - https:\/\/yoast.com\/product\/yoast-seo-wordpress\/ -->\n<title>Veranstaltungen - MVZ Wiesbaden<\/title>\n<meta name=\"robots\" content=\"index, follow, max-snippet:-1, max-image-preview:large, max-video-preview:-1\" \/>\n<link rel=\"canonical\" href=\"https:\/\/atos-mvz.de\/wiesbaden\/veranstaltungen\/\" \/>\n<meta property=\"og:locale\" content=\"de_DE\" \/>\n<meta property=\"og:type\" content=\"article\" \/>\n<meta property=\"og:title\" content=\"Veranstaltungen - MVZ Wiesbaden\" \/>\n<meta property=\"og:url\" content=\"https:\/\/atos-mvz.de\/wiesbaden\/veranstaltungen\/\" \/>\n<meta property=\"og:site_name\" content=\"MVZ Wiesbaden\" \/>\n<meta property=\"article:modified_time\" content=\"2025-08-12T17:42:52+00:00\" \/>\n<meta name=\"twitter:card\" content=\"summary_large_image\" \/>\n<script type=\"application\/ld+json\" class=\"yoast-schema-graph\">{\"@context\":\"https:\\\/\\\/schema.org\",\"@graph\":[{\"@type\":\"WebPage\",\"@id\":\"https:\\\/\\\/atos-mvz.de\\\/wiesbaden\\\/veranstaltungen\\\/\",\"url\":\"https:\\\/\\\/atos-mvz.de\\\/wiesbaden\\\/veranstaltungen\\\/\",\"name\":\"Veranstaltungen - MVZ Wiesbaden\",\"isPartOf\":{\"@id\":\"https:\\\/\\\/atos-mvz.de\\\/wiesbaden\\\/#website\"},\"datePublished\":\"2025-01-24T11:49:02+00:00\",\"dateModified\":\"2025-08-12T17:42:52+00:00\",\"breadcrumb\":{\"@id\":\"https:\\\/\\\/atos-mvz.de\\\/wiesbaden\\\/veranstaltungen\\\/#breadcrumb\"},\"inLanguage\":\"de\",\"potentialAction\":[{\"@type\":\"ReadAction\",\"target\":[\"https:\\\/\\\/atos-mvz.de\\\/wiesbaden\\\/veranstaltungen\\\/\"]}]},{\"@type\":\"BreadcrumbList\",\"@id\":\"https:\\\/\\\/atos-mvz.de\\\/wiesbaden\\\/veranstaltungen\\\/#breadcrumb\",\"itemListElement\":[{\"@type\":\"ListItem\",\"position\":1,\"name\":\"Startseite\",\"item\":\"https:\\\/\\\/atos-mvz.de\\\/wiesbaden\\\/startseite\\\/\"},{\"@type\":\"ListItem\",\"position\":2,\"name\":\"Veranstaltungen\"}]},{\"@type\":\"WebSite\",\"@id\":\"https:\\\/\\\/atos-mvz.de\\\/wiesbaden\\\/#website\",\"url\":\"https:\\\/\\\/atos-mvz.de\\\/wiesbaden\\\/\",\"name\":\"MVZ Wiesbaden\",\"description\":\"\",\"potentialAction\":[{\"@type\":\"SearchAction\",\"target\":{\"@type\":\"EntryPoint\",\"urlTemplate\":\"https:\\\/\\\/atos-mvz.de\\\/wiesbaden\\\/?s={search_term_string}\"},\"query-input\":{\"@type\":\"PropertyValueSpecification\",\"valueRequired\":true,\"valueName\":\"search_term_string\"}}],\"inLanguage\":\"de\"}]}<\/script>\n<!-- \/ Yoast SEO plugin. -->","yoast_head_json":{"title":"Veranstaltungen - MVZ Wiesbaden","robots":{"index":"index","follow":"follow","max-snippet":"max-snippet:-1","max-image-preview":"max-image-preview:large","max-video-preview":"max-video-preview:-1"},"canonical":"https:\/\/atos-mvz.de\/wiesbaden\/veranstaltungen\/","og_locale":"de_DE","og_type":"article","og_title":"Veranstaltungen - MVZ Wiesbaden","og_url":"https:\/\/atos-mvz.de\/wiesbaden\/veranstaltungen\/","og_site_name":"MVZ Wiesbaden","article_modified_time":"2025-08-12T17:42:52+00:00","twitter_card":"summary_large_image","schema":{"@context":"https:\/\/schema.org","@graph":[{"@type":"WebPage","@id":"https:\/\/atos-mvz.de\/wiesbaden\/veranstaltungen\/","url":"https:\/\/atos-mvz.de\/wiesbaden\/veranstaltungen\/","name":"Veranstaltungen - MVZ Wiesbaden","isPartOf":{"@id":"https:\/\/atos-mvz.de\/wiesbaden\/#website"},"datePublished":"2025-01-24T11:49:02+00:00","dateModified":"2025-08-12T17:42:52+00:00","breadcrumb":{"@id":"https:\/\/atos-mvz.de\/wiesbaden\/veranstaltungen\/#breadcrumb"},"inLanguage":"de","potentialAction":[{"@type":"ReadAction","target":["https:\/\/atos-mvz.de\/wiesbaden\/veranstaltungen\/"]}]},{"@type":"BreadcrumbList","@id":"https:\/\/atos-mvz.de\/wiesbaden\/veranstaltungen\/#breadcrumb","itemListElement":[{"@type":"ListItem","position":1,"name":"Startseite","item":"https:\/\/atos-mvz.de\/wiesbaden\/startseite\/"},{"@type":"ListItem","position":2,"name":"Veranstaltungen"}]},{"@type":"WebSite","@id":"https:\/\/atos-mvz.de\/wiesbaden\/#website","url":"https:\/\/atos-mvz.de\/wiesbaden\/","name":"MVZ Wiesbaden","description":"","potentialAction":[{"@type":"SearchAction","target":{"@type":"EntryPoint","urlTemplate":"https:\/\/atos-mvz.de\/wiesbaden\/?s={search_term_string}"},"query-input":{"@type":"PropertyValueSpecification","valueRequired":true,"valueName":"search_term_string"}}],"inLanguage":"de"}]}},"_links":{"self":[{"href":"https:\/\/atos-mvz.de\/wiesbaden\/wp-json\/wp\/v2\/pages\/2550","targetHints":{"allow":["GET"]}}],"collection":[{"href":"https:\/\/atos-mvz.de\/wiesbaden\/wp-json\/wp\/v2\/pages"}],"about":[{"href":"https:\/\/atos-mvz.de\/wiesbaden\/wp-json\/wp\/v2\/types\/page"}],"author":[{"embeddable":true,"href":"https:\/\/atos-mvz.de\/wiesbaden\/wp-json\/wp\/v2\/users\/1"}],"replies":[{"embeddable":true,"href":"https:\/\/atos-mvz.de\/wiesbaden\/wp-json\/wp\/v2\/comments?post=2550"}],"version-history":[{"count":25,"href":"https:\/\/atos-mvz.de\/wiesbaden\/wp-json\/wp\/v2\/pages\/2550\/revisions"}],"predecessor-version":[{"id":2690,"href":"https:\/\/atos-mvz.de\/wiesbaden\/wp-json\/wp\/v2\/pages\/2550\/revisions\/2690"}],"wp:attachment":[{"href":"https:\/\/atos-mvz.de\/wiesbaden\/wp-json\/wp\/v2\/media?parent=2550"}],"curies":[{"name":"wp","href":"https:\/\/api.w.org\/{rel}","templated":true}]}}