{"id":2334,"date":"2024-09-11T17:01:22","date_gmt":"2024-09-11T15:01:22","guid":{"rendered":"https:\/\/atos-mvz.de\/wiesbaden\/?page_id=2334"},"modified":"2024-09-13T15:59:58","modified_gmt":"2024-09-13T13:59:58","slug":"magnetresonanztomographie-mrt","status":"publish","type":"page","link":"https:\/\/atos-mvz.de\/wiesbaden\/diagnostik\/magnetresonanztomographie-mrt\/","title":{"rendered":"Magnetresonanztomographie &#8211; MRT"},"content":{"rendered":"\n<style type=\"text\/css\" data-created_by=\"avia_inline_auto\" id=\"style-css-av-njflem-bfc529dcf29b2ceac792bfd1a0eb4fdb\">\n.avia-section.av-njflem-bfc529dcf29b2ceac792bfd1a0eb4fdb{\nbackground-repeat:no-repeat;\nbackground-image:url(https:\/\/atos-mvz.de\/wiesbaden\/wp-content\/uploads\/sites\/22\/2024\/09\/titel-mrt.jpg);\nbackground-position:50% 50%;\nbackground-attachment:scroll;\n}\n.avia-section.av-njflem-bfc529dcf29b2ceac792bfd1a0eb4fdb .av-extra-border-element .av-extra-border-inner{\nbackground-color:#ffffff;\n}\n<\/style>\n<div id='header-img'  class='avia-section av-njflem-bfc529dcf29b2ceac792bfd1a0eb4fdb main_color avia-section-huge avia-no-border-styling  avia-builder-el-0  el_before_av_section  avia-builder-el-first  largeimg avia-full-stretch avia-bg-style-scroll container_wrap fullsize'  data-section-bg-repeat='stretch'><div class='container av-section-cont-open' ><main  role=\"main\" itemprop=\"mainContentOfPage\"  class='template-page content  av-content-full alpha units'><div class='post-entry post-entry-type-page post-entry-2334'><div class='entry-content-wrapper clearfix'>\n\n<style type=\"text\/css\" data-created_by=\"avia_inline_auto\" id=\"style-css-av-msavda-d69b4b46314fa4c1369fff257409647a\">\n#top .hr.hr-invisible.av-msavda-d69b4b46314fa4c1369fff257409647a{\nheight:100px;\n}\n<\/style>\n<div  class='hr av-msavda-d69b4b46314fa4c1369fff257409647a hr-invisible'><span class='hr-inner '><span class=\"hr-inner-style\"><\/span><\/span><\/div>\n\n<\/div><\/div><\/main><!-- close content main element --><\/div><div class='av-extra-border-element border-extra-diagonal border-extra-diagonal-inverse '><div class='av-extra-border-outer'><div class='av-extra-border-inner'><\/div><\/div><\/div><\/div>\n<style type=\"text\/css\" data-created_by=\"avia_inline_auto\" id=\"style-css-av-k8bm4e-ba2ee83c78bcd554f50a06941d106d79\">\n.avia-section.av-k8bm4e-ba2ee83c78bcd554f50a06941d106d79 .av-extra-border-element .av-extra-border-inner{\nbackground-color:#f1f0f5;\n}\n<\/style>\n<div id='av_section_2'  class='avia-section av-k8bm4e-ba2ee83c78bcd554f50a06941d106d79 main_color avia-section-large avia-no-border-styling  avia-builder-el-1  el_after_av_section  avia-builder-el-last  small-container avia-bg-style-scroll container_wrap fullsize'  ><div class='container av-section-cont-open' ><div class='template-page content  av-content-full alpha units'><div class='post-entry post-entry-type-page post-entry-2334'><div class='entry-content-wrapper clearfix'>\n<section  class='av_textblock_section av-m0xznjqd-e36f754a70ab106289437acf1ad761ab '   itemscope=\"itemscope\" itemtype=\"https:\/\/schema.org\/CreativeWork\" ><div class='avia_textblock'  itemprop=\"text\" ><h1>Magnetresonanztomographie &#8211; <strong>MRT<\/strong><\/h1>\n<h2>Vor der Therapie kommt die Diagnose!<\/h2>\n<p>Wer ein Gesundheitsproblem hat, erwartet von \u00c4rztinnen und \u00c4rzten kompetente Hilfe und eine fundierte Behandlung. Damit das medizinische Team jedoch zielsicher Ihr Problem l\u00f6sen kann, muss zun\u00e4chst eine qualifizierte Diagnostik erfolgen.<\/p>\n<p>Im ATOS MVZ Wiesbaden finden Sie nicht nur \u00c4rztinnen und \u00c4rzte, die Sie auf einem hohen fachlichen Niveau behandeln, sondern auch eine moderne, nichtinvasive Diagnostik mit Magnetresonanztomographie.<\/p>\n<h2>Was ist eine Magnetresonanztomographie?<\/h2>\n<p>Die Magnetresonanztomographie, kurz \u201eMRT\u201c, ist eine Bildgebungstechnologie, die detaillierte und hochaufl\u00f6sende Schnittbilder Ihres K\u00f6rpers erzeugt. Anders als beim R\u00f6ntgen oder bei der Computertomographie nutzt die MRT jedoch<br \/>\nkeine R\u00f6ntgenstrahlung, sondern basiert auf einem starken Magnetfeld und Radiowellen.<\/p>\n<\/div><\/section>\n\n<style type=\"text\/css\" data-created_by=\"avia_inline_auto\" id=\"style-css-av-m0xzrnjq-76676dc997333067ce123ee7ed8d87f1\">\n.avia-image-container.av-m0xzrnjq-76676dc997333067ce123ee7ed8d87f1 img.avia_image{\nbox-shadow:none;\n}\n.avia-image-container.av-m0xzrnjq-76676dc997333067ce123ee7ed8d87f1 .av-image-caption-overlay-center{\ncolor:#ffffff;\n}\n<\/style>\n<div  class='avia-image-container av-m0xzrnjq-76676dc997333067ce123ee7ed8d87f1 av-styling-no-styling avia-align-  avia-builder-el-3  el_after_av_textblock  el_before_av_hr '   itemprop=\"image\" itemscope=\"itemscope\" itemtype=\"https:\/\/schema.org\/ImageObject\" ><div class=\"avia-image-container-inner\"><div class=\"avia-image-overlay-wrap\"><img decoding=\"async\" fetchpriority=\"high\" class='wp-image-2340 avia-img-lazy-loading-not-2340 avia_image ' src=\"https:\/\/atos-mvz.de\/wiesbaden\/wp-content\/uploads\/sites\/22\/2024\/09\/mrt.jpg\" alt='MRT' title=''  height=\"750\" width=\"1000\"  itemprop=\"thumbnailUrl\" srcset=\"https:\/\/atos-mvz.de\/wiesbaden\/wp-content\/uploads\/sites\/22\/2024\/09\/mrt.jpg 1000w, https:\/\/atos-mvz.de\/wiesbaden\/wp-content\/uploads\/sites\/22\/2024\/09\/mrt-300x225.jpg 300w, https:\/\/atos-mvz.de\/wiesbaden\/wp-content\/uploads\/sites\/22\/2024\/09\/mrt-768x576.jpg 768w, https:\/\/atos-mvz.de\/wiesbaden\/wp-content\/uploads\/sites\/22\/2024\/09\/mrt-705x529.jpg 705w\" sizes=\"(max-width: 1000px) 100vw, 1000px\" \/><\/div><\/div><\/div>\n\n<style type=\"text\/css\" data-created_by=\"avia_inline_auto\" id=\"style-css-av-m0z0mmeg-8a7d37574a39ff1edb57beb483b0002a\">\n#top .hr.hr-invisible.av-m0z0mmeg-8a7d37574a39ff1edb57beb483b0002a{\nheight:25px;\n}\n<\/style>\n<div  class='hr av-m0z0mmeg-8a7d37574a39ff1edb57beb483b0002a hr-invisible  avia-builder-el-4  el_after_av_image  el_before_av_textblock '><span class='hr-inner '><span class=\"hr-inner-style\"><\/span><\/span><\/div>\n<section  class='av_textblock_section av-m0z0m3mq-8b773656ee8a8d46f8d661df5865d773 '   itemscope=\"itemscope\" itemtype=\"https:\/\/schema.org\/CreativeWork\" ><div class='avia_textblock'  itemprop=\"text\" ><h2>Was sind die Vorteile der MRT?<\/h2>\n<p><strong>Sie ist \u2026<\/strong><\/p>\n<p><strong>\u2026 vielseitig und genau<\/strong><br \/>\nMittels MRT entstehen detaillierte Bilder von Weichteilen, Gelenken, Wirbels\u00e4ule, aber auch vom Gehirn und inneren Organen. Die MRTBilder dokumentieren Befunde besser als die Ultraschalldiagnostik und lassen sich einfacher an Mitbehandelnde \u00fcbermitteln.<\/p>\n<p><strong>\u2026 nicht invasiv<\/strong><br \/>\nIm Gegensatz zur Gelenk- oder Bauchspiegelung (Arthroskopie oder Laparoskopie) wird kein Instrument in Ihren K\u00f6rper eingef\u00fchrt. Daher ben\u00f6tigen Sie f\u00fcr eine MRT-Untersuchung auch keine Narkose.<\/p>\n<p><strong>\u2026 strahlenfrei<\/strong><br \/>\nDa keine R\u00f6ntgenstrahlung f\u00fcr die Bildgebung verwendet wird, haben Sie keinerlei Strahlenbelastung.<\/p>\n<h2>Gibt es auch Nachteile?<\/h2>\n<p>Die Erzeugung des Magnetfelds ist relativ laut. Damit die Klopfger\u00e4usche Sie nicht st\u00f6ren, w\u00e4hrend Sie zur Untersuchung im MRT-Ger\u00e4t liegen, erhalten Sie von uns einen Geh\u00f6rschutz.<\/p>\n<h2>Wie l\u00e4uft die MRT-Untersuchung ab?<\/h2>\n<p>Wenn Ihr Arzt oder Ihre \u00c4rztin zur Diagnostik oder zur Verlaufskontrolle eine Magnetresonanztomographie anfertigen lassen m\u00f6chte, k\u00f6nnen Sie einen Termin im ATOS MVZ Wiesbaden vereinbaren.<\/p>\n<p>Vor der MRT-Untersuchung findet wie vor jeder gr\u00f6\u00dferen medizinischen Untersuchung ein Vorbereitungsgespr\u00e4ch statt. Dabei sollten Sie dem Arzt oder der \u00c4rztin unbedingt mitteilen, wenn Sie Implantate wie Herzschrittmacher oder Endoprothesen haben, ebenso berichten Sie bitte von Vorerkrankungen und Allergien.<\/p>\n<p>Wenn keine MRT der Bauchregion erfolgt, m\u00fcssen Sie vor der Untersuchung nicht n\u00fcchtern bleiben.<\/p>\n<p><strong>Wichtig:<\/strong> Wegen des starken Magnetfelds d\u00fcrfen keine metallischen und elektromagnetischen Gegenst\u00e4nde im Untersuchungsraum sein. Legen Sie also s\u00e4mtlichen Schmuck ebenso ab wie Kleidung mit Kn\u00f6pfen, Schnallen<br \/>\noder Rei\u00dfverschl\u00fcssen aus Metall, B\u00fcgel-BHs, Brillen, H\u00f6rger\u00e4te oder Zahnspangen.<\/p>\n<p><strong>Planen Sie gen\u00fcgend Zeit ein, um alle Metallgegenst\u00e4nde abzulegen. Kommen Sie daher lieber ein bisschen fr\u00fcher!<\/strong><\/p>\n<\/div><\/section>\n\n","protected":false},"excerpt":{"rendered":"","protected":false},"author":1,"featured_media":0,"parent":1556,"menu_order":0,"comment_status":"closed","ping_status":"closed","template":"","meta":{"footnotes":""},"class_list":["post-2334","page","type-page","status-publish","hentry"],"yoast_head":"<!-- This site is optimized with the Yoast SEO plugin v27.3 - https:\/\/yoast.com\/product\/yoast-seo-wordpress\/ -->\n<title>MRT in Wiesbaden | Strahlenfreie Magnetresonanztomographie<\/title>\n<meta name=\"description\" content=\"Hochaufl\u00f6sende, strahlenfreie Bildgebung mit der Magnetresonanztomographie (MRT) im ATOS MVZ Wiesbaden. Moderne Technik, strahlungsfrei.\" \/>\n<meta name=\"robots\" content=\"index, follow, max-snippet:-1, max-image-preview:large, max-video-preview:-1\" \/>\n<link rel=\"canonical\" href=\"https:\/\/atos-mvz.de\/wiesbaden\/diagnostik\/magnetresonanztomographie-mrt\/\" \/>\n<meta property=\"og:locale\" content=\"de_DE\" \/>\n<meta property=\"og:type\" content=\"article\" \/>\n<meta property=\"og:title\" content=\"MRT in Wiesbaden | Strahlenfreie Magnetresonanztomographie\" \/>\n<meta property=\"og:description\" content=\"Hochaufl\u00f6sende, strahlenfreie Bildgebung mit der Magnetresonanztomographie (MRT) im ATOS MVZ Wiesbaden. Moderne Technik, strahlungsfrei.\" \/>\n<meta property=\"og:url\" content=\"https:\/\/atos-mvz.de\/wiesbaden\/diagnostik\/magnetresonanztomographie-mrt\/\" \/>\n<meta property=\"og:site_name\" content=\"MVZ Wiesbaden\" \/>\n<meta property=\"article:modified_time\" content=\"2024-09-13T13:59:58+00:00\" \/>\n<meta name=\"twitter:card\" content=\"summary_large_image\" \/>\n<script type=\"application\/ld+json\" class=\"yoast-schema-graph\">{\"@context\":\"https:\\\/\\\/schema.org\",\"@graph\":[{\"@type\":\"WebPage\",\"@id\":\"https:\\\/\\\/atos-mvz.de\\\/wiesbaden\\\/diagnostik\\\/magnetresonanztomographie-mrt\\\/\",\"url\":\"https:\\\/\\\/atos-mvz.de\\\/wiesbaden\\\/diagnostik\\\/magnetresonanztomographie-mrt\\\/\",\"name\":\"MRT in Wiesbaden | Strahlenfreie Magnetresonanztomographie\",\"isPartOf\":{\"@id\":\"https:\\\/\\\/atos-mvz.de\\\/wiesbaden\\\/#website\"},\"datePublished\":\"2024-09-11T15:01:22+00:00\",\"dateModified\":\"2024-09-13T13:59:58+00:00\",\"description\":\"Hochaufl\u00f6sende, strahlenfreie Bildgebung mit der Magnetresonanztomographie (MRT) im ATOS MVZ Wiesbaden. Moderne Technik, strahlungsfrei.\",\"breadcrumb\":{\"@id\":\"https:\\\/\\\/atos-mvz.de\\\/wiesbaden\\\/diagnostik\\\/magnetresonanztomographie-mrt\\\/#breadcrumb\"},\"inLanguage\":\"de\",\"potentialAction\":[{\"@type\":\"ReadAction\",\"target\":[\"https:\\\/\\\/atos-mvz.de\\\/wiesbaden\\\/diagnostik\\\/magnetresonanztomographie-mrt\\\/\"]}]},{\"@type\":\"BreadcrumbList\",\"@id\":\"https:\\\/\\\/atos-mvz.de\\\/wiesbaden\\\/diagnostik\\\/magnetresonanztomographie-mrt\\\/#breadcrumb\",\"itemListElement\":[{\"@type\":\"ListItem\",\"position\":1,\"name\":\"Startseite\",\"item\":\"https:\\\/\\\/atos-mvz.de\\\/wiesbaden\\\/startseite\\\/\"},{\"@type\":\"ListItem\",\"position\":2,\"name\":\"Diagnostik\",\"item\":\"https:\\\/\\\/atos-mvz.de\\\/wiesbaden\\\/diagnostik\\\/\"},{\"@type\":\"ListItem\",\"position\":3,\"name\":\"Magnetresonanztomographie &#8211; MRT\"}]},{\"@type\":\"WebSite\",\"@id\":\"https:\\\/\\\/atos-mvz.de\\\/wiesbaden\\\/#website\",\"url\":\"https:\\\/\\\/atos-mvz.de\\\/wiesbaden\\\/\",\"name\":\"MVZ Wiesbaden\",\"description\":\"\",\"potentialAction\":[{\"@type\":\"SearchAction\",\"target\":{\"@type\":\"EntryPoint\",\"urlTemplate\":\"https:\\\/\\\/atos-mvz.de\\\/wiesbaden\\\/?s={search_term_string}\"},\"query-input\":{\"@type\":\"PropertyValueSpecification\",\"valueRequired\":true,\"valueName\":\"search_term_string\"}}],\"inLanguage\":\"de\"}]}<\/script>\n<!-- \/ Yoast SEO plugin. -->","yoast_head_json":{"title":"MRT in Wiesbaden | Strahlenfreie Magnetresonanztomographie","description":"Hochaufl\u00f6sende, strahlenfreie Bildgebung mit der Magnetresonanztomographie (MRT) im ATOS MVZ Wiesbaden. Moderne Technik, strahlungsfrei.","robots":{"index":"index","follow":"follow","max-snippet":"max-snippet:-1","max-image-preview":"max-image-preview:large","max-video-preview":"max-video-preview:-1"},"canonical":"https:\/\/atos-mvz.de\/wiesbaden\/diagnostik\/magnetresonanztomographie-mrt\/","og_locale":"de_DE","og_type":"article","og_title":"MRT in Wiesbaden | Strahlenfreie Magnetresonanztomographie","og_description":"Hochaufl\u00f6sende, strahlenfreie Bildgebung mit der Magnetresonanztomographie (MRT) im ATOS MVZ Wiesbaden. Moderne Technik, strahlungsfrei.","og_url":"https:\/\/atos-mvz.de\/wiesbaden\/diagnostik\/magnetresonanztomographie-mrt\/","og_site_name":"MVZ Wiesbaden","article_modified_time":"2024-09-13T13:59:58+00:00","twitter_card":"summary_large_image","schema":{"@context":"https:\/\/schema.org","@graph":[{"@type":"WebPage","@id":"https:\/\/atos-mvz.de\/wiesbaden\/diagnostik\/magnetresonanztomographie-mrt\/","url":"https:\/\/atos-mvz.de\/wiesbaden\/diagnostik\/magnetresonanztomographie-mrt\/","name":"MRT in Wiesbaden | Strahlenfreie Magnetresonanztomographie","isPartOf":{"@id":"https:\/\/atos-mvz.de\/wiesbaden\/#website"},"datePublished":"2024-09-11T15:01:22+00:00","dateModified":"2024-09-13T13:59:58+00:00","description":"Hochaufl\u00f6sende, strahlenfreie Bildgebung mit der Magnetresonanztomographie (MRT) im ATOS MVZ Wiesbaden. Moderne Technik, strahlungsfrei.","breadcrumb":{"@id":"https:\/\/atos-mvz.de\/wiesbaden\/diagnostik\/magnetresonanztomographie-mrt\/#breadcrumb"},"inLanguage":"de","potentialAction":[{"@type":"ReadAction","target":["https:\/\/atos-mvz.de\/wiesbaden\/diagnostik\/magnetresonanztomographie-mrt\/"]}]},{"@type":"BreadcrumbList","@id":"https:\/\/atos-mvz.de\/wiesbaden\/diagnostik\/magnetresonanztomographie-mrt\/#breadcrumb","itemListElement":[{"@type":"ListItem","position":1,"name":"Startseite","item":"https:\/\/atos-mvz.de\/wiesbaden\/startseite\/"},{"@type":"ListItem","position":2,"name":"Diagnostik","item":"https:\/\/atos-mvz.de\/wiesbaden\/diagnostik\/"},{"@type":"ListItem","position":3,"name":"Magnetresonanztomographie &#8211; MRT"}]},{"@type":"WebSite","@id":"https:\/\/atos-mvz.de\/wiesbaden\/#website","url":"https:\/\/atos-mvz.de\/wiesbaden\/","name":"MVZ Wiesbaden","description":"","potentialAction":[{"@type":"SearchAction","target":{"@type":"EntryPoint","urlTemplate":"https:\/\/atos-mvz.de\/wiesbaden\/?s={search_term_string}"},"query-input":{"@type":"PropertyValueSpecification","valueRequired":true,"valueName":"search_term_string"}}],"inLanguage":"de"}]}},"_links":{"self":[{"href":"https:\/\/atos-mvz.de\/wiesbaden\/wp-json\/wp\/v2\/pages\/2334","targetHints":{"allow":["GET"]}}],"collection":[{"href":"https:\/\/atos-mvz.de\/wiesbaden\/wp-json\/wp\/v2\/pages"}],"about":[{"href":"https:\/\/atos-mvz.de\/wiesbaden\/wp-json\/wp\/v2\/types\/page"}],"author":[{"embeddable":true,"href":"https:\/\/atos-mvz.de\/wiesbaden\/wp-json\/wp\/v2\/users\/1"}],"replies":[{"embeddable":true,"href":"https:\/\/atos-mvz.de\/wiesbaden\/wp-json\/wp\/v2\/comments?post=2334"}],"version-history":[{"count":9,"href":"https:\/\/atos-mvz.de\/wiesbaden\/wp-json\/wp\/v2\/pages\/2334\/revisions"}],"predecessor-version":[{"id":2399,"href":"https:\/\/atos-mvz.de\/wiesbaden\/wp-json\/wp\/v2\/pages\/2334\/revisions\/2399"}],"up":[{"embeddable":true,"href":"https:\/\/atos-mvz.de\/wiesbaden\/wp-json\/wp\/v2\/pages\/1556"}],"wp:attachment":[{"href":"https:\/\/atos-mvz.de\/wiesbaden\/wp-json\/wp\/v2\/media?parent=2334"}],"curies":[{"name":"wp","href":"https:\/\/api.w.org\/{rel}","templated":true}]}}