{"id":2328,"date":"2024-09-11T16:57:10","date_gmt":"2024-09-11T14:57:10","guid":{"rendered":"https:\/\/atos-mvz.de\/wiesbaden\/?page_id=2328"},"modified":"2024-09-13T15:46:13","modified_gmt":"2024-09-13T13:46:13","slug":"roentgen","status":"publish","type":"page","link":"https:\/\/atos-mvz.de\/wiesbaden\/diagnostik\/roentgen\/","title":{"rendered":"R\u00f6ntgen"},"content":{"rendered":"\n<style type=\"text\/css\" data-created_by=\"avia_inline_auto\" id=\"style-css-av-m0xzhfmc-77ad4893b87a1cbaf58ff28f2c2cb652\">\n.avia-section.av-m0xzhfmc-77ad4893b87a1cbaf58ff28f2c2cb652{\nbackground-repeat:no-repeat;\nbackground-image:url(https:\/\/atos-mvz.de\/wiesbaden\/wp-content\/uploads\/sites\/22\/2024\/09\/titel-roentgen.jpg);\nbackground-position:50% 50%;\nbackground-attachment:scroll;\n}\n.avia-section.av-m0xzhfmc-77ad4893b87a1cbaf58ff28f2c2cb652 .av-extra-border-element .av-extra-border-inner{\nbackground-color:#ffffff;\n}\n<\/style>\n<div id='header-img'  class='avia-section av-m0xzhfmc-77ad4893b87a1cbaf58ff28f2c2cb652 main_color avia-section-huge avia-no-border-styling  avia-builder-el-0  el_before_av_section  avia-builder-el-first  largeimg avia-full-stretch avia-bg-style-scroll container_wrap fullsize'  data-section-bg-repeat='stretch'><div class='container av-section-cont-open' ><main  role=\"main\" itemprop=\"mainContentOfPage\"  class='template-page content  av-content-full alpha units'><div class='post-entry post-entry-type-page post-entry-2328'><div class='entry-content-wrapper clearfix'>\n\n<style type=\"text\/css\" data-created_by=\"avia_inline_auto\" id=\"style-css-av-5dv7so-3d61649d01cd4b486e5ef67a25687625\">\n#top .hr.hr-invisible.av-5dv7so-3d61649d01cd4b486e5ef67a25687625{\nheight:100px;\n}\n<\/style>\n<div  class='hr av-5dv7so-3d61649d01cd4b486e5ef67a25687625 hr-invisible'><span class='hr-inner '><span class=\"hr-inner-style\"><\/span><\/span><\/div>\n\n<\/div><\/div><\/main><!-- close content main element --><\/div><div class='av-extra-border-element border-extra-diagonal border-extra-diagonal-inverse '><div class='av-extra-border-outer'><div class='av-extra-border-inner'><\/div><\/div><\/div><\/div>\n<style type=\"text\/css\" data-created_by=\"avia_inline_auto\" id=\"style-css-av-4mk9zs-7783efe02e82996ba3b1a11a33fbcc08\">\n.avia-section.av-4mk9zs-7783efe02e82996ba3b1a11a33fbcc08 .av-extra-border-element .av-extra-border-inner{\nbackground-color:#f1f0f5;\n}\n<\/style>\n<div id='av_section_2'  class='avia-section av-4mk9zs-7783efe02e82996ba3b1a11a33fbcc08 main_color avia-section-large avia-no-border-styling  avia-builder-el-1  el_after_av_section  avia-builder-el-last  small-container avia-bg-style-scroll container_wrap fullsize'  ><div class='container av-section-cont-open' ><div class='template-page content  av-content-full alpha units'><div class='post-entry post-entry-type-page post-entry-2328'><div class='entry-content-wrapper clearfix'>\n<section  class='av_textblock_section av-m0xzdxn5-2512f85509484e4af21f74ddd83d9dd7 '   itemscope=\"itemscope\" itemtype=\"https:\/\/schema.org\/CreativeWork\" ><div class='avia_textblock'  itemprop=\"text\" ><h1><b>Digitale R\u00f6ntgen Anlage Fa. Siemens<\/b><\/h1>\n<h2>MULTIX Impact mit myExam Companion<\/h2>\n<p>Mit dem Umzug Januar 2023 in unsere neuen R\u00e4umlichkeiten wurde auch eine volldigitale R\u00f6ntgenanlage der Fa. Siemens der neusten Generation installiert. MULTIX Impact ist ein bodenmontiertes R\u00f6ntgensystem mit integrierter Anwendungsunterst\u00fctzung, welches auch bei einem hohen Durchsatz an Patient*innen zuverl\u00e4ssige und qualitativ hochwertige Ergebnisse liefert.<\/p>\n<\/div><\/section>\n<div id='av-masonry-1' class='av-masonry av-m0xzi6e0-eae895916c1382e7278f4dd2e05b9f07 noHover av-flex-size av-large-gap av-hover-overlay-fade_out av-masonry-animation-active av-masonry-col-2 av-caption-always av-caption-style- av-masonry-gallery ' data-post_id=\"2328\"><div class=\"av-masonry-container isotope av-js-disabled\"><div class='av-masonry-entry isotope-item av-masonry-item-no-image '><\/div><a href=\"https:\/\/atos-mvz.de\/wiesbaden\/wp-content\/uploads\/sites\/22\/2024\/09\/roentgen2.jpg\" data-srcset=\"https:\/\/atos-mvz.de\/wiesbaden\/wp-content\/uploads\/sites\/22\/2024\/09\/roentgen2.jpg 1000w, https:\/\/atos-mvz.de\/wiesbaden\/wp-content\/uploads\/sites\/22\/2024\/09\/roentgen2-300x200.jpg 300w, https:\/\/atos-mvz.de\/wiesbaden\/wp-content\/uploads\/sites\/22\/2024\/09\/roentgen2-768x512.jpg 768w, https:\/\/atos-mvz.de\/wiesbaden\/wp-content\/uploads\/sites\/22\/2024\/09\/roentgen2-705x470.jpg 705w\" data-sizes=\"(max-width: 1000px) 100vw, 1000px\"  aria-label=\"Bild R\u00f6ntgen\"  id='av-masonry-1-item-2330' data-av-masonry-item='2330' class='av-masonry-entry isotope-item post-2330 attachment type-attachment status-inherit hentry  av-masonry-item-with-image' title=\"\" alt=\"R\u00f6ntgen\"    itemprop=\"thumbnailUrl\" ><div class='av-inner-masonry-sizer'><\/div><figure class='av-inner-masonry main_color'><div class=\"av-masonry-outerimage-container\"><div class='av-masonry-image-container'  ><img decoding=\"async\" width=\"1000\" height=\"667\" fetchpriority=\"high\" class=\"wp-image-2330 avia-img-lazy-loading-not-2330\"  src=\"https:\/\/atos-mvz.de\/wiesbaden\/wp-content\/uploads\/sites\/22\/2024\/09\/roentgen2.jpg\" title=\"\" alt=\"R\u00f6ntgen\" srcset=\"https:\/\/atos-mvz.de\/wiesbaden\/wp-content\/uploads\/sites\/22\/2024\/09\/roentgen2.jpg 1000w, https:\/\/atos-mvz.de\/wiesbaden\/wp-content\/uploads\/sites\/22\/2024\/09\/roentgen2-300x200.jpg 300w, https:\/\/atos-mvz.de\/wiesbaden\/wp-content\/uploads\/sites\/22\/2024\/09\/roentgen2-768x512.jpg 768w, https:\/\/atos-mvz.de\/wiesbaden\/wp-content\/uploads\/sites\/22\/2024\/09\/roentgen2-705x470.jpg 705w\" sizes=\"(max-width: 1000px) 100vw, 1000px\" \/><\/div><\/div><\/figure><\/a><!--end av-masonry entry--><a href=\"https:\/\/atos-mvz.de\/wiesbaden\/wp-content\/uploads\/sites\/22\/2024\/09\/roentgen1.jpg\" data-srcset=\"https:\/\/atos-mvz.de\/wiesbaden\/wp-content\/uploads\/sites\/22\/2024\/09\/roentgen1.jpg 1000w, https:\/\/atos-mvz.de\/wiesbaden\/wp-content\/uploads\/sites\/22\/2024\/09\/roentgen1-300x200.jpg 300w, https:\/\/atos-mvz.de\/wiesbaden\/wp-content\/uploads\/sites\/22\/2024\/09\/roentgen1-768x512.jpg 768w, https:\/\/atos-mvz.de\/wiesbaden\/wp-content\/uploads\/sites\/22\/2024\/09\/roentgen1-705x470.jpg 705w\" data-sizes=\"(max-width: 1000px) 100vw, 1000px\"  aria-label=\"Bild R\u00f6ntgen\"  id='av-masonry-1-item-2331' data-av-masonry-item='2331' class='av-masonry-entry isotope-item post-2331 attachment type-attachment status-inherit hentry  av-masonry-item-with-image' title=\"\" alt=\"R\u00f6ntgen\"    itemprop=\"thumbnailUrl\" ><div class='av-inner-masonry-sizer'><\/div><figure class='av-inner-masonry main_color'><div class=\"av-masonry-outerimage-container\"><div class='av-masonry-image-container'  ><img decoding=\"async\" width=\"1000\" height=\"667\" fetchpriority=\"high\" class=\"wp-image-2331 avia-img-lazy-loading-not-2331\"  src=\"https:\/\/atos-mvz.de\/wiesbaden\/wp-content\/uploads\/sites\/22\/2024\/09\/roentgen1.jpg\" title=\"\" alt=\"R\u00f6ntgen\" srcset=\"https:\/\/atos-mvz.de\/wiesbaden\/wp-content\/uploads\/sites\/22\/2024\/09\/roentgen1.jpg 1000w, https:\/\/atos-mvz.de\/wiesbaden\/wp-content\/uploads\/sites\/22\/2024\/09\/roentgen1-300x200.jpg 300w, https:\/\/atos-mvz.de\/wiesbaden\/wp-content\/uploads\/sites\/22\/2024\/09\/roentgen1-768x512.jpg 768w, https:\/\/atos-mvz.de\/wiesbaden\/wp-content\/uploads\/sites\/22\/2024\/09\/roentgen1-705x470.jpg 705w\" sizes=\"(max-width: 1000px) 100vw, 1000px\" \/><\/div><\/div><\/figure><\/a><!--end av-masonry entry--><\/div><\/div>\n<section  class='av_textblock_section av-m0z0kz37-5b2d0b886293f935322cd215ebdfcd5a '   itemscope=\"itemscope\" itemtype=\"https:\/\/schema.org\/CreativeWork\" ><div class='avia_textblock'  itemprop=\"text\" ><p>MULTIX Impact sorgt f\u00fcr mehr Komfort bei unseren Patient*innen. Anpassungen der Aufnahmeparameter k\u00f6nnen direkt am Touchscreen vorgenommen werden, ohne den Raum verlassen zu m\u00fcssen. Flexible Tischh\u00f6hen erleichtern den Transfer der Patient*innen und unterst\u00fctzen ein ergonomisches Arbeiten.<\/p>\n<p>Durch ein hohes Ma\u00df an Automatisierung beschleunigt SmartMove den Workflow und reduziert die k\u00f6rperliche Belastung unserer Mitarbeitenden. Zudem unterst\u00fctzt der Positioning Guide die Positionierung der Patient*innen bei selten genutzten Einstellungen. Die myExam 3D-Kamera unterst\u00fctzt ebenfalls bei der Positionierung und bietet dar\u00fcber hinaus zahlreiche weitere fortschrittliche Funktionalit\u00e4ten.<\/p>\n<p>Mit dieser neusten Technologie verf\u00fcgen wir zum Wohle unseren Patient*innen \u00fcber optimale diagnostische M\u00f6glichkeiten um schnellst m\u00f6glich die korrekte Diagnose zu stellen und eine entsprechende Therapie einzuleiten.<\/p>\n<\/div><\/section>\n\n","protected":false},"excerpt":{"rendered":"","protected":false},"author":1,"featured_media":0,"parent":1556,"menu_order":0,"comment_status":"closed","ping_status":"closed","template":"","meta":{"footnotes":""},"class_list":["post-2328","page","type-page","status-publish","hentry"],"yoast_head":"<!-- This site is optimized with the Yoast SEO plugin v27.3 - https:\/\/yoast.com\/product\/yoast-seo-wordpress\/ -->\n<title>R\u00f6ntgen in Wiesbaden | Digitale R\u00f6ntgentechnologie ATOS MVZ<\/title>\n<meta name=\"description\" content=\"Modernste R\u00f6ntgendiagnostik im ATOS MVZ Wiesbaden. Volldigitales R\u00f6ntgensystem von Siemens f\u00fcr hochwertige, strahlenreduzierte Bilder.\" \/>\n<meta name=\"robots\" content=\"index, follow, max-snippet:-1, max-image-preview:large, max-video-preview:-1\" \/>\n<link rel=\"canonical\" href=\"https:\/\/atos-mvz.de\/wiesbaden\/diagnostik\/roentgen\/\" \/>\n<meta property=\"og:locale\" content=\"de_DE\" \/>\n<meta property=\"og:type\" content=\"article\" \/>\n<meta property=\"og:title\" content=\"R\u00f6ntgen in Wiesbaden | Digitale R\u00f6ntgentechnologie ATOS MVZ\" \/>\n<meta property=\"og:description\" content=\"Modernste R\u00f6ntgendiagnostik im ATOS MVZ Wiesbaden. Volldigitales R\u00f6ntgensystem von Siemens f\u00fcr hochwertige, strahlenreduzierte Bilder.\" \/>\n<meta property=\"og:url\" content=\"https:\/\/atos-mvz.de\/wiesbaden\/diagnostik\/roentgen\/\" \/>\n<meta property=\"og:site_name\" content=\"MVZ Wiesbaden\" \/>\n<meta property=\"article:modified_time\" content=\"2024-09-13T13:46:13+00:00\" \/>\n<meta name=\"twitter:card\" content=\"summary_large_image\" \/>\n<script type=\"application\/ld+json\" class=\"yoast-schema-graph\">{\"@context\":\"https:\\\/\\\/schema.org\",\"@graph\":[{\"@type\":\"WebPage\",\"@id\":\"https:\\\/\\\/atos-mvz.de\\\/wiesbaden\\\/diagnostik\\\/roentgen\\\/\",\"url\":\"https:\\\/\\\/atos-mvz.de\\\/wiesbaden\\\/diagnostik\\\/roentgen\\\/\",\"name\":\"R\u00f6ntgen in Wiesbaden | Digitale R\u00f6ntgentechnologie ATOS MVZ\",\"isPartOf\":{\"@id\":\"https:\\\/\\\/atos-mvz.de\\\/wiesbaden\\\/#website\"},\"datePublished\":\"2024-09-11T14:57:10+00:00\",\"dateModified\":\"2024-09-13T13:46:13+00:00\",\"description\":\"Modernste R\u00f6ntgendiagnostik im ATOS MVZ Wiesbaden. Volldigitales R\u00f6ntgensystem von Siemens f\u00fcr hochwertige, strahlenreduzierte Bilder.\",\"breadcrumb\":{\"@id\":\"https:\\\/\\\/atos-mvz.de\\\/wiesbaden\\\/diagnostik\\\/roentgen\\\/#breadcrumb\"},\"inLanguage\":\"de\",\"potentialAction\":[{\"@type\":\"ReadAction\",\"target\":[\"https:\\\/\\\/atos-mvz.de\\\/wiesbaden\\\/diagnostik\\\/roentgen\\\/\"]}]},{\"@type\":\"BreadcrumbList\",\"@id\":\"https:\\\/\\\/atos-mvz.de\\\/wiesbaden\\\/diagnostik\\\/roentgen\\\/#breadcrumb\",\"itemListElement\":[{\"@type\":\"ListItem\",\"position\":1,\"name\":\"Startseite\",\"item\":\"https:\\\/\\\/atos-mvz.de\\\/wiesbaden\\\/startseite\\\/\"},{\"@type\":\"ListItem\",\"position\":2,\"name\":\"Diagnostik\",\"item\":\"https:\\\/\\\/atos-mvz.de\\\/wiesbaden\\\/diagnostik\\\/\"},{\"@type\":\"ListItem\",\"position\":3,\"name\":\"R\u00f6ntgen\"}]},{\"@type\":\"WebSite\",\"@id\":\"https:\\\/\\\/atos-mvz.de\\\/wiesbaden\\\/#website\",\"url\":\"https:\\\/\\\/atos-mvz.de\\\/wiesbaden\\\/\",\"name\":\"MVZ Wiesbaden\",\"description\":\"\",\"potentialAction\":[{\"@type\":\"SearchAction\",\"target\":{\"@type\":\"EntryPoint\",\"urlTemplate\":\"https:\\\/\\\/atos-mvz.de\\\/wiesbaden\\\/?s={search_term_string}\"},\"query-input\":{\"@type\":\"PropertyValueSpecification\",\"valueRequired\":true,\"valueName\":\"search_term_string\"}}],\"inLanguage\":\"de\"}]}<\/script>\n<!-- \/ Yoast SEO plugin. -->","yoast_head_json":{"title":"R\u00f6ntgen in Wiesbaden | Digitale R\u00f6ntgentechnologie ATOS MVZ","description":"Modernste R\u00f6ntgendiagnostik im ATOS MVZ Wiesbaden. Volldigitales R\u00f6ntgensystem von Siemens f\u00fcr hochwertige, strahlenreduzierte Bilder.","robots":{"index":"index","follow":"follow","max-snippet":"max-snippet:-1","max-image-preview":"max-image-preview:large","max-video-preview":"max-video-preview:-1"},"canonical":"https:\/\/atos-mvz.de\/wiesbaden\/diagnostik\/roentgen\/","og_locale":"de_DE","og_type":"article","og_title":"R\u00f6ntgen in Wiesbaden | Digitale R\u00f6ntgentechnologie ATOS MVZ","og_description":"Modernste R\u00f6ntgendiagnostik im ATOS MVZ Wiesbaden. Volldigitales R\u00f6ntgensystem von Siemens f\u00fcr hochwertige, strahlenreduzierte Bilder.","og_url":"https:\/\/atos-mvz.de\/wiesbaden\/diagnostik\/roentgen\/","og_site_name":"MVZ Wiesbaden","article_modified_time":"2024-09-13T13:46:13+00:00","twitter_card":"summary_large_image","schema":{"@context":"https:\/\/schema.org","@graph":[{"@type":"WebPage","@id":"https:\/\/atos-mvz.de\/wiesbaden\/diagnostik\/roentgen\/","url":"https:\/\/atos-mvz.de\/wiesbaden\/diagnostik\/roentgen\/","name":"R\u00f6ntgen in Wiesbaden | Digitale R\u00f6ntgentechnologie ATOS MVZ","isPartOf":{"@id":"https:\/\/atos-mvz.de\/wiesbaden\/#website"},"datePublished":"2024-09-11T14:57:10+00:00","dateModified":"2024-09-13T13:46:13+00:00","description":"Modernste R\u00f6ntgendiagnostik im ATOS MVZ Wiesbaden. Volldigitales R\u00f6ntgensystem von Siemens f\u00fcr hochwertige, strahlenreduzierte Bilder.","breadcrumb":{"@id":"https:\/\/atos-mvz.de\/wiesbaden\/diagnostik\/roentgen\/#breadcrumb"},"inLanguage":"de","potentialAction":[{"@type":"ReadAction","target":["https:\/\/atos-mvz.de\/wiesbaden\/diagnostik\/roentgen\/"]}]},{"@type":"BreadcrumbList","@id":"https:\/\/atos-mvz.de\/wiesbaden\/diagnostik\/roentgen\/#breadcrumb","itemListElement":[{"@type":"ListItem","position":1,"name":"Startseite","item":"https:\/\/atos-mvz.de\/wiesbaden\/startseite\/"},{"@type":"ListItem","position":2,"name":"Diagnostik","item":"https:\/\/atos-mvz.de\/wiesbaden\/diagnostik\/"},{"@type":"ListItem","position":3,"name":"R\u00f6ntgen"}]},{"@type":"WebSite","@id":"https:\/\/atos-mvz.de\/wiesbaden\/#website","url":"https:\/\/atos-mvz.de\/wiesbaden\/","name":"MVZ Wiesbaden","description":"","potentialAction":[{"@type":"SearchAction","target":{"@type":"EntryPoint","urlTemplate":"https:\/\/atos-mvz.de\/wiesbaden\/?s={search_term_string}"},"query-input":{"@type":"PropertyValueSpecification","valueRequired":true,"valueName":"search_term_string"}}],"inLanguage":"de"}]}},"_links":{"self":[{"href":"https:\/\/atos-mvz.de\/wiesbaden\/wp-json\/wp\/v2\/pages\/2328","targetHints":{"allow":["GET"]}}],"collection":[{"href":"https:\/\/atos-mvz.de\/wiesbaden\/wp-json\/wp\/v2\/pages"}],"about":[{"href":"https:\/\/atos-mvz.de\/wiesbaden\/wp-json\/wp\/v2\/types\/page"}],"author":[{"embeddable":true,"href":"https:\/\/atos-mvz.de\/wiesbaden\/wp-json\/wp\/v2\/users\/1"}],"replies":[{"embeddable":true,"href":"https:\/\/atos-mvz.de\/wiesbaden\/wp-json\/wp\/v2\/comments?post=2328"}],"version-history":[{"count":5,"href":"https:\/\/atos-mvz.de\/wiesbaden\/wp-json\/wp\/v2\/pages\/2328\/revisions"}],"predecessor-version":[{"id":2754,"href":"https:\/\/atos-mvz.de\/wiesbaden\/wp-json\/wp\/v2\/pages\/2328\/revisions\/2754"}],"up":[{"embeddable":true,"href":"https:\/\/atos-mvz.de\/wiesbaden\/wp-json\/wp\/v2\/pages\/1556"}],"wp:attachment":[{"href":"https:\/\/atos-mvz.de\/wiesbaden\/wp-json\/wp\/v2\/media?parent=2328"}],"curies":[{"name":"wp","href":"https:\/\/api.w.org\/{rel}","templated":true}]}}