{"id":2317,"date":"2024-09-11T16:42:06","date_gmt":"2024-09-11T14:42:06","guid":{"rendered":"https:\/\/atos-mvz.de\/wiesbaden\/?page_id=2317"},"modified":"2024-09-13T15:41:28","modified_gmt":"2024-09-13T13:41:28","slug":"statische-dynamische-fussdruckmessung","status":"publish","type":"page","link":"https:\/\/atos-mvz.de\/wiesbaden\/diagnostik\/statische-dynamische-fussdruckmessung\/","title":{"rendered":"Statische &#038; dynamische Fu\u00dfdruckmessung"},"content":{"rendered":"\n<style type=\"text\/css\" data-created_by=\"avia_inline_auto\" id=\"style-css-av-m0xyysuw-a9069bb8d9fc5f6d8793c127074e7de6\">\n.avia-section.av-m0xyysuw-a9069bb8d9fc5f6d8793c127074e7de6{\nbackground-repeat:no-repeat;\nbackground-image:url(https:\/\/atos-mvz.de\/wiesbaden\/wp-content\/uploads\/sites\/22\/2024\/09\/titel-diers-pedoscan.jpg);\nbackground-position:50% 50%;\nbackground-attachment:scroll;\n}\n.avia-section.av-m0xyysuw-a9069bb8d9fc5f6d8793c127074e7de6 .av-extra-border-element .av-extra-border-inner{\nbackground-color:#ffffff;\n}\n<\/style>\n<div id='header-img'  class='avia-section av-m0xyysuw-a9069bb8d9fc5f6d8793c127074e7de6 main_color avia-section-huge avia-no-border-styling  avia-builder-el-0  el_before_av_section  avia-builder-el-first  largeimg avia-full-stretch avia-bg-style-scroll container_wrap fullsize'  data-section-bg-repeat='stretch'><div class='container av-section-cont-open' ><main  role=\"main\" itemprop=\"mainContentOfPage\"  class='template-page content  av-content-full alpha units'><div class='post-entry post-entry-type-page post-entry-2317'><div class='entry-content-wrapper clearfix'>\n\n<style type=\"text\/css\" data-created_by=\"avia_inline_auto\" id=\"style-css-av-ij24t-61f0ed7df6a553a8b67ed0031493eb6e\">\n#top .hr.hr-invisible.av-ij24t-61f0ed7df6a553a8b67ed0031493eb6e{\nheight:100px;\n}\n<\/style>\n<div  class='hr av-ij24t-61f0ed7df6a553a8b67ed0031493eb6e hr-invisible'><span class='hr-inner '><span class=\"hr-inner-style\"><\/span><\/span><\/div>\n\n<\/div><\/div><\/main><!-- close content main element --><\/div><div class='av-extra-border-element border-extra-diagonal border-extra-diagonal-inverse '><div class='av-extra-border-outer'><div class='av-extra-border-inner'><\/div><\/div><\/div><\/div>\n<style type=\"text\/css\" data-created_by=\"avia_inline_auto\" id=\"style-css-av-3okfcd-f6dde7b3012178fd591561249a038ba2\">\n.avia-section.av-3okfcd-f6dde7b3012178fd591561249a038ba2 .av-extra-border-element .av-extra-border-inner{\nbackground-color:#f1f0f5;\n}\n<\/style>\n<div id='av_section_2'  class='avia-section av-3okfcd-f6dde7b3012178fd591561249a038ba2 main_color avia-section-large avia-no-border-styling  avia-builder-el-1  el_after_av_section  avia-builder-el-last  small-container avia-bg-style-scroll container_wrap fullsize'  ><div class='container av-section-cont-open' ><div class='template-page content  av-content-full alpha units'><div class='post-entry post-entry-type-page post-entry-2317'><div class='entry-content-wrapper clearfix'>\n<section  class='av_textblock_section av-m0xyqla7-5d0e11ed1523785d9f417eae651f69a1 '   itemscope=\"itemscope\" itemtype=\"https:\/\/schema.org\/CreativeWork\" ><div class='avia_textblock'  itemprop=\"text\" ><h1>DIERS pedoscan \u2013\u00a0<b>statische &amp; dynamische Fu\u00dfdruckmessung<\/b><\/h1>\n<p>Das Fu\u00dfdruckerfassungs- und Ganganalysesystem DIERS pedoscan erm\u00f6glicht eine schnelle und pr\u00e4zise Erfassung und Darstellung der Druckverh\u00e4ltnisse des menschlichen Fu\u00dfes, sowohl im Stand als auch in der Bewegung.<\/p>\n<\/div><\/section>\n\n<style type=\"text\/css\" data-created_by=\"avia_inline_auto\" id=\"style-css-av-m0xyuqzb-a813cf7f7a08fe3a1e0a2d32ebe721af\">\n.avia-image-container.av-m0xyuqzb-a813cf7f7a08fe3a1e0a2d32ebe721af img.avia_image{\nbox-shadow:none;\n}\n.avia-image-container.av-m0xyuqzb-a813cf7f7a08fe3a1e0a2d32ebe721af .av-image-caption-overlay-center{\ncolor:#ffffff;\n}\n<\/style>\n<div  class='avia-image-container av-m0xyuqzb-a813cf7f7a08fe3a1e0a2d32ebe721af av-styling-no-styling avia-align-  avia-builder-el-3  el_after_av_textblock  el_before_av_textblock '   itemprop=\"image\" itemscope=\"itemscope\" itemtype=\"https:\/\/schema.org\/ImageObject\" ><div class=\"avia-image-container-inner\"><div class=\"avia-image-overlay-wrap\"><img decoding=\"async\" fetchpriority=\"high\" class='wp-image-2318 avia-img-lazy-loading-not-2318 avia_image ' src=\"https:\/\/atos-mvz.de\/wiesbaden\/wp-content\/uploads\/sites\/22\/2024\/09\/diers-pedoscan1.jpg\" alt='Statische und dynamische Fu\u00dfdruckmessung' title=''  height=\"667\" width=\"1000\"  itemprop=\"thumbnailUrl\" srcset=\"https:\/\/atos-mvz.de\/wiesbaden\/wp-content\/uploads\/sites\/22\/2024\/09\/diers-pedoscan1.jpg 1000w, https:\/\/atos-mvz.de\/wiesbaden\/wp-content\/uploads\/sites\/22\/2024\/09\/diers-pedoscan1-300x200.jpg 300w, https:\/\/atos-mvz.de\/wiesbaden\/wp-content\/uploads\/sites\/22\/2024\/09\/diers-pedoscan1-768x512.jpg 768w, https:\/\/atos-mvz.de\/wiesbaden\/wp-content\/uploads\/sites\/22\/2024\/09\/diers-pedoscan1-705x470.jpg 705w\" sizes=\"(max-width: 1000px) 100vw, 1000px\" \/><\/div><\/div><\/div>\n<section  class='av_textblock_section av-m0z0hmfd-5e6019325e405604f654182ba424b981 '   itemscope=\"itemscope\" itemtype=\"https:\/\/schema.org\/CreativeWork\" ><div class='avia_textblock'  itemprop=\"text\" ><p>Vielf\u00e4ltige klinische Fragestellungen der objektiven und quantitativen Analyse der Belastungsverteilung, von Druckspitzen und Bewegungsasymmetrien bis hin zum Abrollverhalten zur Erkennung von Fu\u00dffehlformen oder funktionellen Einschr\u00e4nkungen im Bereich der unteren Extremit\u00e4ten werden erfasst.<\/p>\n<p>Die pr\u00e4zise und hochfrequente Messtechnologie bietet die M\u00f6glichkeit auch schnelle Bewegungen des K\u00f6rperschwerpunktes und Belastungsver\u00e4nderungen zu erfassen und zu dokumentieren. Diese Messtechnik findet auch zur Befunderhebung Anwendung. Hierbei erhalten wir wertvolle Informationen um eine entsprechende konservative oder operative Therapie einzuleiten.<\/p>\n<p>Zum anderen ist dieses Tool aber mittlerweile auch unverzichtbar um unsere Therapieverl\u00e4ufe zu kontrollieren und zu dokumentieren. In der Regel erstatten die privaten Kostentr\u00e4ger diese Messtechnik, f\u00fcr gesetzlich Versicherte handelt es sich um eine IGeL Leistung.<\/p>\n<\/div><\/section>\n<div id='av-masonry-1' class='av-masonry av-m0xyvhcr-dc727b9c500e2f281db6451f9f182b11 noHover av-fixed-size av-large-gap av-hover-overlay-fade_out av-masonry-animation-active av-masonry-col-3 av-caption-always av-caption-style- av-masonry-gallery av-orientation-square ' data-post_id=\"2317\"><div class=\"av-masonry-container isotope av-js-disabled\"><div class='av-masonry-entry isotope-item av-masonry-item-no-image '><\/div><a href=\"https:\/\/atos-mvz.de\/wiesbaden\/wp-content\/uploads\/sites\/22\/2023\/09\/Pedo.png\" data-srcset=\"https:\/\/atos-mvz.de\/wiesbaden\/wp-content\/uploads\/sites\/22\/2023\/09\/Pedo.png 400w, https:\/\/atos-mvz.de\/wiesbaden\/wp-content\/uploads\/sites\/22\/2023\/09\/Pedo-286x300.png 286w\" data-sizes=\"(max-width: 400px) 100vw, 400px\"  aria-label=\"Bild Bild ohne Titel\"  id='av-masonry-1-item-1579' data-av-masonry-item='1579' class='av-masonry-entry isotope-item post-1579 attachment type-attachment status-inherit hentry  av-masonry-item-with-image' title=\"\" alt=\"\"    itemprop=\"thumbnailUrl\" ><div class='av-inner-masonry-sizer'><\/div><figure class='av-inner-masonry main_color'><div class=\"av-masonry-outerimage-container\"><div class='av-masonry-image-container' style=\"background-image: url(https:\/\/atos-mvz.de\/wiesbaden\/wp-content\/uploads\/sites\/22\/2023\/09\/Pedo.png);\" ><\/div><\/div><\/figure><\/a><!--end av-masonry entry--><a href=\"https:\/\/atos-mvz.de\/wiesbaden\/wp-content\/uploads\/sites\/22\/2023\/09\/Beinachse.png\" data-srcset=\"https:\/\/atos-mvz.de\/wiesbaden\/wp-content\/uploads\/sites\/22\/2023\/09\/Beinachse.png 400w, https:\/\/atos-mvz.de\/wiesbaden\/wp-content\/uploads\/sites\/22\/2023\/09\/Beinachse-286x300.png 286w\" data-sizes=\"(max-width: 400px) 100vw, 400px\"  aria-label=\"Bild Bild ohne Titel\"  id='av-masonry-1-item-1580' data-av-masonry-item='1580' class='av-masonry-entry isotope-item post-1580 attachment type-attachment status-inherit hentry  av-masonry-item-with-image' title=\"\" alt=\"\"    itemprop=\"thumbnailUrl\" ><div class='av-inner-masonry-sizer'><\/div><figure class='av-inner-masonry main_color'><div class=\"av-masonry-outerimage-container\"><div class='av-masonry-image-container' style=\"background-image: url(https:\/\/atos-mvz.de\/wiesbaden\/wp-content\/uploads\/sites\/22\/2023\/09\/Beinachse.png);\" ><\/div><\/div><\/figure><\/a><!--end av-masonry entry--><a href=\"https:\/\/atos-mvz.de\/wiesbaden\/wp-content\/uploads\/sites\/22\/2023\/09\/WS.png\" data-srcset=\"https:\/\/atos-mvz.de\/wiesbaden\/wp-content\/uploads\/sites\/22\/2023\/09\/WS.png 400w, https:\/\/atos-mvz.de\/wiesbaden\/wp-content\/uploads\/sites\/22\/2023\/09\/WS-286x300.png 286w\" data-sizes=\"(max-width: 400px) 100vw, 400px\"  aria-label=\"Bild Bild ohne Titel\"  id='av-masonry-1-item-1578' data-av-masonry-item='1578' class='av-masonry-entry isotope-item post-1578 attachment type-attachment status-inherit hentry  av-masonry-item-with-image' title=\"\" alt=\"\"    itemprop=\"thumbnailUrl\" ><div class='av-inner-masonry-sizer'><\/div><figure class='av-inner-masonry main_color'><div class=\"av-masonry-outerimage-container\"><div class='av-masonry-image-container' style=\"background-image: url(https:\/\/atos-mvz.de\/wiesbaden\/wp-content\/uploads\/sites\/22\/2023\/09\/WS.png);\" ><\/div><\/div><\/figure><\/a><!--end av-masonry entry--><\/div><\/div>\n\n","protected":false},"excerpt":{"rendered":"","protected":false},"author":1,"featured_media":0,"parent":1556,"menu_order":0,"comment_status":"closed","ping_status":"closed","template":"","meta":{"footnotes":""},"class_list":["post-2317","page","type-page","status-publish","hentry"],"yoast_head":"<!-- This site is optimized with the Yoast SEO plugin v27.3 - https:\/\/yoast.com\/product\/yoast-seo-wordpress\/ -->\n<title>Statische &amp; Dynamische Fu\u00dfdruckmessung in Wiesbaden | ATOS<\/title>\n<meta name=\"description\" content=\"Mit der statischen und dynamischen Fu\u00dfdruckmessung im ATOS MVZ Wiesbaden erhalten Sie eine genaue Ganganalyse. Messtechnologie der Zukunft.\" \/>\n<meta name=\"robots\" content=\"index, follow, max-snippet:-1, max-image-preview:large, max-video-preview:-1\" \/>\n<link rel=\"canonical\" href=\"https:\/\/atos-mvz.de\/wiesbaden\/diagnostik\/statische-dynamische-fussdruckmessung\/\" \/>\n<meta property=\"og:locale\" content=\"de_DE\" \/>\n<meta property=\"og:type\" content=\"article\" \/>\n<meta property=\"og:title\" content=\"Statische &amp; Dynamische Fu\u00dfdruckmessung in Wiesbaden | ATOS\" \/>\n<meta property=\"og:description\" content=\"Mit der statischen und dynamischen Fu\u00dfdruckmessung im ATOS MVZ Wiesbaden erhalten Sie eine genaue Ganganalyse. Messtechnologie der Zukunft.\" \/>\n<meta property=\"og:url\" content=\"https:\/\/atos-mvz.de\/wiesbaden\/diagnostik\/statische-dynamische-fussdruckmessung\/\" \/>\n<meta property=\"og:site_name\" content=\"MVZ Wiesbaden\" \/>\n<meta property=\"article:modified_time\" content=\"2024-09-13T13:41:28+00:00\" \/>\n<meta name=\"twitter:card\" content=\"summary_large_image\" \/>\n<script type=\"application\/ld+json\" class=\"yoast-schema-graph\">{\"@context\":\"https:\\\/\\\/schema.org\",\"@graph\":[{\"@type\":\"WebPage\",\"@id\":\"https:\\\/\\\/atos-mvz.de\\\/wiesbaden\\\/diagnostik\\\/statische-dynamische-fussdruckmessung\\\/\",\"url\":\"https:\\\/\\\/atos-mvz.de\\\/wiesbaden\\\/diagnostik\\\/statische-dynamische-fussdruckmessung\\\/\",\"name\":\"Statische & Dynamische Fu\u00dfdruckmessung in Wiesbaden | ATOS\",\"isPartOf\":{\"@id\":\"https:\\\/\\\/atos-mvz.de\\\/wiesbaden\\\/#website\"},\"datePublished\":\"2024-09-11T14:42:06+00:00\",\"dateModified\":\"2024-09-13T13:41:28+00:00\",\"description\":\"Mit der statischen und dynamischen Fu\u00dfdruckmessung im ATOS MVZ Wiesbaden erhalten Sie eine genaue Ganganalyse. Messtechnologie der Zukunft.\",\"breadcrumb\":{\"@id\":\"https:\\\/\\\/atos-mvz.de\\\/wiesbaden\\\/diagnostik\\\/statische-dynamische-fussdruckmessung\\\/#breadcrumb\"},\"inLanguage\":\"de\",\"potentialAction\":[{\"@type\":\"ReadAction\",\"target\":[\"https:\\\/\\\/atos-mvz.de\\\/wiesbaden\\\/diagnostik\\\/statische-dynamische-fussdruckmessung\\\/\"]}]},{\"@type\":\"BreadcrumbList\",\"@id\":\"https:\\\/\\\/atos-mvz.de\\\/wiesbaden\\\/diagnostik\\\/statische-dynamische-fussdruckmessung\\\/#breadcrumb\",\"itemListElement\":[{\"@type\":\"ListItem\",\"position\":1,\"name\":\"Startseite\",\"item\":\"https:\\\/\\\/atos-mvz.de\\\/wiesbaden\\\/startseite\\\/\"},{\"@type\":\"ListItem\",\"position\":2,\"name\":\"Diagnostik\",\"item\":\"https:\\\/\\\/atos-mvz.de\\\/wiesbaden\\\/diagnostik\\\/\"},{\"@type\":\"ListItem\",\"position\":3,\"name\":\"Statische &#038; dynamische Fu\u00dfdruckmessung\"}]},{\"@type\":\"WebSite\",\"@id\":\"https:\\\/\\\/atos-mvz.de\\\/wiesbaden\\\/#website\",\"url\":\"https:\\\/\\\/atos-mvz.de\\\/wiesbaden\\\/\",\"name\":\"MVZ Wiesbaden\",\"description\":\"\",\"potentialAction\":[{\"@type\":\"SearchAction\",\"target\":{\"@type\":\"EntryPoint\",\"urlTemplate\":\"https:\\\/\\\/atos-mvz.de\\\/wiesbaden\\\/?s={search_term_string}\"},\"query-input\":{\"@type\":\"PropertyValueSpecification\",\"valueRequired\":true,\"valueName\":\"search_term_string\"}}],\"inLanguage\":\"de\"}]}<\/script>\n<!-- \/ Yoast SEO plugin. -->","yoast_head_json":{"title":"Statische & Dynamische Fu\u00dfdruckmessung in Wiesbaden | ATOS","description":"Mit der statischen und dynamischen Fu\u00dfdruckmessung im ATOS MVZ Wiesbaden erhalten Sie eine genaue Ganganalyse. Messtechnologie der Zukunft.","robots":{"index":"index","follow":"follow","max-snippet":"max-snippet:-1","max-image-preview":"max-image-preview:large","max-video-preview":"max-video-preview:-1"},"canonical":"https:\/\/atos-mvz.de\/wiesbaden\/diagnostik\/statische-dynamische-fussdruckmessung\/","og_locale":"de_DE","og_type":"article","og_title":"Statische & Dynamische Fu\u00dfdruckmessung in Wiesbaden | ATOS","og_description":"Mit der statischen und dynamischen Fu\u00dfdruckmessung im ATOS MVZ Wiesbaden erhalten Sie eine genaue Ganganalyse. Messtechnologie der Zukunft.","og_url":"https:\/\/atos-mvz.de\/wiesbaden\/diagnostik\/statische-dynamische-fussdruckmessung\/","og_site_name":"MVZ Wiesbaden","article_modified_time":"2024-09-13T13:41:28+00:00","twitter_card":"summary_large_image","schema":{"@context":"https:\/\/schema.org","@graph":[{"@type":"WebPage","@id":"https:\/\/atos-mvz.de\/wiesbaden\/diagnostik\/statische-dynamische-fussdruckmessung\/","url":"https:\/\/atos-mvz.de\/wiesbaden\/diagnostik\/statische-dynamische-fussdruckmessung\/","name":"Statische & Dynamische Fu\u00dfdruckmessung in Wiesbaden | ATOS","isPartOf":{"@id":"https:\/\/atos-mvz.de\/wiesbaden\/#website"},"datePublished":"2024-09-11T14:42:06+00:00","dateModified":"2024-09-13T13:41:28+00:00","description":"Mit der statischen und dynamischen Fu\u00dfdruckmessung im ATOS MVZ Wiesbaden erhalten Sie eine genaue Ganganalyse. Messtechnologie der Zukunft.","breadcrumb":{"@id":"https:\/\/atos-mvz.de\/wiesbaden\/diagnostik\/statische-dynamische-fussdruckmessung\/#breadcrumb"},"inLanguage":"de","potentialAction":[{"@type":"ReadAction","target":["https:\/\/atos-mvz.de\/wiesbaden\/diagnostik\/statische-dynamische-fussdruckmessung\/"]}]},{"@type":"BreadcrumbList","@id":"https:\/\/atos-mvz.de\/wiesbaden\/diagnostik\/statische-dynamische-fussdruckmessung\/#breadcrumb","itemListElement":[{"@type":"ListItem","position":1,"name":"Startseite","item":"https:\/\/atos-mvz.de\/wiesbaden\/startseite\/"},{"@type":"ListItem","position":2,"name":"Diagnostik","item":"https:\/\/atos-mvz.de\/wiesbaden\/diagnostik\/"},{"@type":"ListItem","position":3,"name":"Statische &#038; dynamische Fu\u00dfdruckmessung"}]},{"@type":"WebSite","@id":"https:\/\/atos-mvz.de\/wiesbaden\/#website","url":"https:\/\/atos-mvz.de\/wiesbaden\/","name":"MVZ Wiesbaden","description":"","potentialAction":[{"@type":"SearchAction","target":{"@type":"EntryPoint","urlTemplate":"https:\/\/atos-mvz.de\/wiesbaden\/?s={search_term_string}"},"query-input":{"@type":"PropertyValueSpecification","valueRequired":true,"valueName":"search_term_string"}}],"inLanguage":"de"}]}},"_links":{"self":[{"href":"https:\/\/atos-mvz.de\/wiesbaden\/wp-json\/wp\/v2\/pages\/2317","targetHints":{"allow":["GET"]}}],"collection":[{"href":"https:\/\/atos-mvz.de\/wiesbaden\/wp-json\/wp\/v2\/pages"}],"about":[{"href":"https:\/\/atos-mvz.de\/wiesbaden\/wp-json\/wp\/v2\/types\/page"}],"author":[{"embeddable":true,"href":"https:\/\/atos-mvz.de\/wiesbaden\/wp-json\/wp\/v2\/users\/1"}],"replies":[{"embeddable":true,"href":"https:\/\/atos-mvz.de\/wiesbaden\/wp-json\/wp\/v2\/comments?post=2317"}],"version-history":[{"count":9,"href":"https:\/\/atos-mvz.de\/wiesbaden\/wp-json\/wp\/v2\/pages\/2317\/revisions"}],"predecessor-version":[{"id":2396,"href":"https:\/\/atos-mvz.de\/wiesbaden\/wp-json\/wp\/v2\/pages\/2317\/revisions\/2396"}],"up":[{"embeddable":true,"href":"https:\/\/atos-mvz.de\/wiesbaden\/wp-json\/wp\/v2\/pages\/1556"}],"wp:attachment":[{"href":"https:\/\/atos-mvz.de\/wiesbaden\/wp-json\/wp\/v2\/media?parent=2317"}],"curies":[{"name":"wp","href":"https:\/\/api.w.org\/{rel}","templated":true}]}}