{"id":1641,"date":"2023-09-13T15:37:49","date_gmt":"2023-09-13T13:37:49","guid":{"rendered":"https:\/\/atos-mvz.de\/wiesbaden\/?page_id=1641"},"modified":"2023-09-13T15:37:49","modified_gmt":"2023-09-13T13:37:49","slug":"osg-prothese-bei-z-n-arthrodese","status":"publish","type":"page","link":"https:\/\/atos-mvz.de\/wiesbaden\/bereiche\/fuss\/osg-prothese-bei-z-n-arthrodese\/","title":{"rendered":"OSG-Prothese bei Z.n. Arthrodese"},"content":{"rendered":"\n<style type=\"text\/css\" data-created_by=\"avia_inline_auto\" id=\"style-css-av-lmhs8z3w-d3c69a71977b22804fe8bf3eb6874721\">\n.avia-section.av-lmhs8z3w-d3c69a71977b22804fe8bf3eb6874721{\nbackground-repeat:no-repeat;\nbackground-image:url(https:\/\/atos-mvz.de\/wiesbaden\/wp-content\/uploads\/sites\/22\/2021\/01\/Fussschmerzen_1700x600.jpg);\nbackground-position:50% 50%;\nbackground-attachment:scroll;\n}\n.avia-section.av-lmhs8z3w-d3c69a71977b22804fe8bf3eb6874721 .av-extra-border-element .av-extra-border-inner{\nbackground-color:#ffffff;\n}\n<\/style>\n<div id='header-img'  class='avia-section av-lmhs8z3w-d3c69a71977b22804fe8bf3eb6874721 main_color avia-section-huge avia-no-border-styling  avia-builder-el-0  el_before_av_section  avia-builder-el-first  avia-full-stretch avia-bg-style-scroll container_wrap fullsize'  data-section-bg-repeat='stretch'><div class='container av-section-cont-open' ><main  role=\"main\" itemprop=\"mainContentOfPage\"  class='template-page content  av-content-full alpha units'><div class='post-entry post-entry-type-page post-entry-1641'><div class='entry-content-wrapper clearfix'>\n\n<style type=\"text\/css\" data-created_by=\"avia_inline_auto\" id=\"style-css-av-av_hr-00707d52b7bb0032765f5ddfef45bd7d\">\n#top .hr.hr-invisible.av-av_hr-00707d52b7bb0032765f5ddfef45bd7d{\nheight:100px;\n}\n<\/style>\n<div  class='hr av-av_hr-00707d52b7bb0032765f5ddfef45bd7d hr-invisible  avia-builder-el-1  avia-builder-el-no-sibling '><span class='hr-inner '><span class=\"hr-inner-style\"><\/span><\/span><\/div>\n\n<\/div><\/div><\/main><!-- close content main element --><\/div><div class='av-extra-border-element border-extra-diagonal border-extra-diagonal-inverse '><div class='av-extra-border-outer'><div class='av-extra-border-inner'><\/div><\/div><\/div><\/div>\n<style type=\"text\/css\" data-created_by=\"avia_inline_auto\" id=\"style-css-av-av_section-ec599dcb8f7116f201f3a3903e106e52\">\n.avia-section.av-av_section-ec599dcb8f7116f201f3a3903e106e52 .av-extra-border-element .av-extra-border-inner{\nbackground-color:#f1f0f5;\n}\n<\/style>\n<div id='av_section_2'  class='avia-section av-av_section-ec599dcb8f7116f201f3a3903e106e52 main_color avia-section-large avia-no-border-styling  avia-builder-el-2  el_after_av_section  avia-builder-el-last  small-container avia-bg-style-scroll container_wrap fullsize'  ><div class='container av-section-cont-open' ><div class='template-page content  av-content-full alpha units'><div class='post-entry post-entry-type-page post-entry-1641'><div class='entry-content-wrapper clearfix'>\n<section  class='av_textblock_section av-lmhs9z9g-e3069c35e91c91992a6e1ce228fa574d '   itemscope=\"itemscope\" itemtype=\"https:\/\/schema.org\/CreativeWork\" ><div class='avia_textblock'  itemprop=\"text\" ><h1><strong>OSG-Prothese bei Z.n. Arthrodese<br \/>\n<\/strong><\/h1>\n<p>Hier wird kurz die operative M\u00f6glichkeit der Therapie einer OSG Prothese gezeigt:<br \/>\nWeibl. Patientin, 68 Jahre, 124 kg<br \/>\nAnamnese: Z.n. beidseitiger OSG A \u0301dese, Fusion re. 1999, wegen 4\u00b0 subtalarer Arthrose Fusionsversuch 1\/06, bei Adipositas per magna, anhaltende Schmerzen re. Fuss, Wegstrecke &lt; 100 m, kann nur mit Hilfe aus einem Stuhl aufstehen, Gonarthrose bds.<\/p>\n<p><div id=\"attachment_1642\" style=\"width: 238px\" class=\"wp-caption alignleft\"><img loading=\"lazy\" decoding=\"async\" aria-describedby=\"caption-attachment-1642\" class=\"size-medium wp-image-1642\" src=\"https:\/\/atos-mvz.de\/wiesbaden\/wp-content\/uploads\/sites\/22\/2023\/09\/osg_ap-228x300.jpg\" alt=\"\" width=\"228\" height=\"300\" srcset=\"https:\/\/atos-mvz.de\/wiesbaden\/wp-content\/uploads\/sites\/22\/2023\/09\/osg_ap-228x300.jpg 228w, https:\/\/atos-mvz.de\/wiesbaden\/wp-content\/uploads\/sites\/22\/2023\/09\/osg_ap-536x705.jpg 536w, https:\/\/atos-mvz.de\/wiesbaden\/wp-content\/uploads\/sites\/22\/2023\/09\/osg_ap.jpg 696w\" sizes=\"auto, (max-width: 228px) 100vw, 228px\" \/><p id=\"caption-attachment-1642\" class=\"wp-caption-text\">OSG ap<\/p><\/div><br \/>\n<div id=\"attachment_1643\" style=\"width: 310px\" class=\"wp-caption alignleft\"><img loading=\"lazy\" decoding=\"async\" aria-describedby=\"caption-attachment-1643\" class=\"size-medium wp-image-1643\" src=\"https:\/\/atos-mvz.de\/wiesbaden\/wp-content\/uploads\/sites\/22\/2023\/09\/therapie_2-300x264.jpg\" alt=\"\" width=\"300\" height=\"264\" srcset=\"https:\/\/atos-mvz.de\/wiesbaden\/wp-content\/uploads\/sites\/22\/2023\/09\/therapie_2-300x264.jpg 300w, https:\/\/atos-mvz.de\/wiesbaden\/wp-content\/uploads\/sites\/22\/2023\/09\/therapie_2-1030x906.jpg 1030w, https:\/\/atos-mvz.de\/wiesbaden\/wp-content\/uploads\/sites\/22\/2023\/09\/therapie_2-768x676.jpg 768w, https:\/\/atos-mvz.de\/wiesbaden\/wp-content\/uploads\/sites\/22\/2023\/09\/therapie_2-705x620.jpg 705w, https:\/\/atos-mvz.de\/wiesbaden\/wp-content\/uploads\/sites\/22\/2023\/09\/therapie_2.jpg 1364w\" sizes=\"auto, (max-width: 300px) 100vw, 300px\" \/><p id=\"caption-attachment-1643\" class=\"wp-caption-text\">Schmerzhafte, fehlgeschlagene Arthrodese<\/p><\/div><\/p>\n<\/div><\/section>\n\n<style type=\"text\/css\" data-created_by=\"avia_inline_auto\" id=\"style-css-av-av_hr-2b301dfe29e9b1afdaa9830d48e7b3c3\">\n#top .hr.av-av_hr-2b301dfe29e9b1afdaa9830d48e7b3c3{\nmargin-top:0;\nmargin-bottom:30px;\n}\n.hr.av-av_hr-2b301dfe29e9b1afdaa9830d48e7b3c3 .hr-inner{\nwidth:100%;\nborder-color:#f1f0f5;\n}\n<\/style>\n<div  class='hr av-av_hr-2b301dfe29e9b1afdaa9830d48e7b3c3 hr-custom  avia-builder-el-4  el_after_av_textblock  el_before_av_textblock  hr-center hr-icon-no'><span class='hr-inner inner-border-av-border-thin'><span class=\"hr-inner-style\"><\/span><\/span><\/div>\n<section  class='av_textblock_section av-lmhsae6q-b0f39f4bd3fe79f440f9dc159348b0f0 '   itemscope=\"itemscope\" itemtype=\"https:\/\/schema.org\/CreativeWork\" ><div class='avia_textblock'  itemprop=\"text\" ><h2><strong>Therapie<\/strong><\/h2>\n<p>Therapie: 02\/07 ME OSG, Desarthrodisierung des OSG, Implantation zementfreie OSG Prothese Hintegra, IK-Osteosynthese und Rea \u0301dese des USG mit Spongiosaplastik.<\/p>\n<p><img loading=\"lazy\" decoding=\"async\" class=\"size-medium wp-image-1644 alignleft\" src=\"https:\/\/atos-mvz.de\/wiesbaden\/wp-content\/uploads\/sites\/22\/2023\/09\/therapie_2-1-300x264.jpg\" alt=\"\" width=\"300\" height=\"264\" srcset=\"https:\/\/atos-mvz.de\/wiesbaden\/wp-content\/uploads\/sites\/22\/2023\/09\/therapie_2-1-300x264.jpg 300w, https:\/\/atos-mvz.de\/wiesbaden\/wp-content\/uploads\/sites\/22\/2023\/09\/therapie_2-1-1030x906.jpg 1030w, https:\/\/atos-mvz.de\/wiesbaden\/wp-content\/uploads\/sites\/22\/2023\/09\/therapie_2-1-768x676.jpg 768w, https:\/\/atos-mvz.de\/wiesbaden\/wp-content\/uploads\/sites\/22\/2023\/09\/therapie_2-1-705x620.jpg 705w, https:\/\/atos-mvz.de\/wiesbaden\/wp-content\/uploads\/sites\/22\/2023\/09\/therapie_2-1.jpg 1364w\" sizes=\"auto, (max-width: 300px) 100vw, 300px\" \/><img loading=\"lazy\" decoding=\"async\" class=\"size-medium wp-image-1645 alignleft\" src=\"https:\/\/atos-mvz.de\/wiesbaden\/wp-content\/uploads\/sites\/22\/2023\/09\/therapie_2-1-1-300x208.jpg\" alt=\"\" width=\"300\" height=\"208\" srcset=\"https:\/\/atos-mvz.de\/wiesbaden\/wp-content\/uploads\/sites\/22\/2023\/09\/therapie_2-1-1-300x208.jpg 300w, https:\/\/atos-mvz.de\/wiesbaden\/wp-content\/uploads\/sites\/22\/2023\/09\/therapie_2-1-1-768x532.jpg 768w, https:\/\/atos-mvz.de\/wiesbaden\/wp-content\/uploads\/sites\/22\/2023\/09\/therapie_2-1-1-705x488.jpg 705w, https:\/\/atos-mvz.de\/wiesbaden\/wp-content\/uploads\/sites\/22\/2023\/09\/therapie_2-1-1.jpg 939w\" sizes=\"auto, (max-width: 300px) 100vw, 300px\" \/><\/p>\n<\/div><\/section>\n\n<style type=\"text\/css\" data-created_by=\"avia_inline_auto\" id=\"style-css-av-av_hr-709d23c572c8a7c2a6dfaa647ba8780c\">\n#top .hr.av-av_hr-709d23c572c8a7c2a6dfaa647ba8780c{\nmargin-top:20px;\nmargin-bottom:30px;\n}\n.hr.av-av_hr-709d23c572c8a7c2a6dfaa647ba8780c .hr-inner{\nwidth:100%;\nborder-color:#f1f0f5;\n}\n<\/style>\n<div  class='hr av-av_hr-709d23c572c8a7c2a6dfaa647ba8780c hr-custom  avia-builder-el-6  el_after_av_textblock  el_before_av_textblock  hr-center hr-icon-no'><span class='hr-inner inner-border-av-border-thin'><span class=\"hr-inner-style\"><\/span><\/span><\/div>\n<section  class='av_textblock_section av-lmhsaq9j-97d861a2ebad68f5739d5234c343ea01 '   itemscope=\"itemscope\" itemtype=\"https:\/\/schema.org\/CreativeWork\" ><div class='avia_textblock'  itemprop=\"text\" ><h2><strong>Literatur<\/strong><\/h2>\n<p>Hintermann B, Valderrabano V, Dereymaeker G, Dick W (2004)The HINTAGRA ankle: rational and short-term results of 122 consecuti-ve ankles. Clin orthop 424: 57-68<\/p>\n<p>Hintermann B (2005) Endoprothetik des Sprunggelenks. Springer, Vienna, New York.<\/p>\n<p>Kitaoka HB, Alexaner Ij, Adalaar RS, Nunley JA, Myerson MS, Sandres M (1994) Clinical rating systems of the ankle-hindfoot, midfoot, hallux, and lesser toes; Foot ankle INT 15: 349-353<\/p>\n<p>Kofoed H, (2005) Totalprothese des Sprunggelenkes, in Chirurgische Techniken in Orthop\u00e4die und Traumatologie; Band: Unterschenkel, Sprunggelenk und Fu\u00df; Jaques Duparc Verlag: 161-168<\/p>\n<p>Roder C, Eggli S, A EL-K, Muller U, Ambrose T, Roosli E, Busato A, Aebi M (2003) The International Documentation and Evaluation System (IDES)&#8211;10-years experience. Int Orthop 27:259-261.<\/p>\n<p>Tillmann K, R\u00fcther W. (2005) Mittelfu\u00df, R\u00fcckfu\u00df und Sprunggelenk ; in Rheumaorthop\u00e4die, Steinkopf-Verlag Darmstadt, 340-355<\/p>\n<p>Valderrabano V, Pagenstert G, Horisberger M, Knupp M, Hintermann B (2006) Sports and recreation activity of ankle arthritis patients before and after total ankle replacement. Am J Sports Med 34:993-999.<\/p>\n<p>Valderrabano V. HB (2004) HINTEGRA-Sprunggelenksprothese: Pr\u00e4li-min\u00e4re Resultate der ersten 125 F\u00e4lle. FussSprungg 2:7-16.<\/p>\n<p>Wagner H, Wagner M, (2005) Arthrodese des Sprunggelenkes mit interner Fixation , in Chirurgische Techniken in Orthop\u00e4die und Trauma-tologie; Band: Unterschenkel, Sprunggelenk und Fu\u00df; Jaques Duparc Verlag: 153-159<\/p>\n<\/div><\/section>\n\n","protected":false},"excerpt":{"rendered":"","protected":false},"author":1,"featured_media":0,"parent":1294,"menu_order":0,"comment_status":"closed","ping_status":"closed","template":"","meta":{"footnotes":""},"class_list":["post-1641","page","type-page","status-publish","hentry"],"yoast_head":"<!-- This site is optimized with the Yoast SEO plugin v27.3 - https:\/\/yoast.com\/product\/yoast-seo-wordpress\/ -->\n<title>OSG-Prothese bei Z.n. Arthrodese - MVZ Wiesbaden<\/title>\n<meta name=\"robots\" content=\"index, follow, max-snippet:-1, max-image-preview:large, max-video-preview:-1\" \/>\n<link rel=\"canonical\" href=\"https:\/\/atos-mvz.de\/wiesbaden\/bereiche\/fuss\/osg-prothese-bei-z-n-arthrodese\/\" \/>\n<meta property=\"og:locale\" content=\"de_DE\" \/>\n<meta property=\"og:type\" content=\"article\" \/>\n<meta property=\"og:title\" content=\"OSG-Prothese bei Z.n. Arthrodese - MVZ Wiesbaden\" \/>\n<meta property=\"og:url\" content=\"https:\/\/atos-mvz.de\/wiesbaden\/bereiche\/fuss\/osg-prothese-bei-z-n-arthrodese\/\" \/>\n<meta property=\"og:site_name\" content=\"MVZ Wiesbaden\" \/>\n<meta property=\"og:image\" content=\"https:\/\/atos-mvz.de\/wiesbaden\/wp-content\/uploads\/sites\/22\/2023\/09\/osg_ap-228x300.jpg\" \/>\n<meta name=\"twitter:card\" content=\"summary_large_image\" \/>\n<script type=\"application\/ld+json\" class=\"yoast-schema-graph\">{\"@context\":\"https:\\\/\\\/schema.org\",\"@graph\":[{\"@type\":\"WebPage\",\"@id\":\"https:\\\/\\\/atos-mvz.de\\\/wiesbaden\\\/bereiche\\\/fuss\\\/osg-prothese-bei-z-n-arthrodese\\\/\",\"url\":\"https:\\\/\\\/atos-mvz.de\\\/wiesbaden\\\/bereiche\\\/fuss\\\/osg-prothese-bei-z-n-arthrodese\\\/\",\"name\":\"OSG-Prothese bei Z.n. Arthrodese - MVZ Wiesbaden\",\"isPartOf\":{\"@id\":\"https:\\\/\\\/atos-mvz.de\\\/wiesbaden\\\/#website\"},\"primaryImageOfPage\":{\"@id\":\"https:\\\/\\\/atos-mvz.de\\\/wiesbaden\\\/bereiche\\\/fuss\\\/osg-prothese-bei-z-n-arthrodese\\\/#primaryimage\"},\"image\":{\"@id\":\"https:\\\/\\\/atos-mvz.de\\\/wiesbaden\\\/bereiche\\\/fuss\\\/osg-prothese-bei-z-n-arthrodese\\\/#primaryimage\"},\"thumbnailUrl\":\"https:\\\/\\\/atos-mvz.de\\\/wiesbaden\\\/wp-content\\\/uploads\\\/sites\\\/22\\\/2023\\\/09\\\/osg_ap-228x300.jpg\",\"datePublished\":\"2023-09-13T13:37:49+00:00\",\"breadcrumb\":{\"@id\":\"https:\\\/\\\/atos-mvz.de\\\/wiesbaden\\\/bereiche\\\/fuss\\\/osg-prothese-bei-z-n-arthrodese\\\/#breadcrumb\"},\"inLanguage\":\"de\",\"potentialAction\":[{\"@type\":\"ReadAction\",\"target\":[\"https:\\\/\\\/atos-mvz.de\\\/wiesbaden\\\/bereiche\\\/fuss\\\/osg-prothese-bei-z-n-arthrodese\\\/\"]}]},{\"@type\":\"ImageObject\",\"inLanguage\":\"de\",\"@id\":\"https:\\\/\\\/atos-mvz.de\\\/wiesbaden\\\/bereiche\\\/fuss\\\/osg-prothese-bei-z-n-arthrodese\\\/#primaryimage\",\"url\":\"https:\\\/\\\/atos-mvz.de\\\/wiesbaden\\\/wp-content\\\/uploads\\\/sites\\\/22\\\/2023\\\/09\\\/osg_ap.jpg\",\"contentUrl\":\"https:\\\/\\\/atos-mvz.de\\\/wiesbaden\\\/wp-content\\\/uploads\\\/sites\\\/22\\\/2023\\\/09\\\/osg_ap.jpg\",\"width\":696,\"height\":916,\"caption\":\"OSG ap\"},{\"@type\":\"BreadcrumbList\",\"@id\":\"https:\\\/\\\/atos-mvz.de\\\/wiesbaden\\\/bereiche\\\/fuss\\\/osg-prothese-bei-z-n-arthrodese\\\/#breadcrumb\",\"itemListElement\":[{\"@type\":\"ListItem\",\"position\":1,\"name\":\"Startseite\",\"item\":\"https:\\\/\\\/atos-mvz.de\\\/wiesbaden\\\/startseite\\\/\"},{\"@type\":\"ListItem\",\"position\":2,\"name\":\"Bereiche\",\"item\":\"https:\\\/\\\/atos-mvz.de\\\/wiesbaden\\\/bereiche\\\/\"},{\"@type\":\"ListItem\",\"position\":3,\"name\":\"Fu\u00df\",\"item\":\"https:\\\/\\\/atos-mvz.de\\\/wiesbaden\\\/bereiche\\\/fuss\\\/\"},{\"@type\":\"ListItem\",\"position\":4,\"name\":\"OSG-Prothese bei Z.n. Arthrodese\"}]},{\"@type\":\"WebSite\",\"@id\":\"https:\\\/\\\/atos-mvz.de\\\/wiesbaden\\\/#website\",\"url\":\"https:\\\/\\\/atos-mvz.de\\\/wiesbaden\\\/\",\"name\":\"MVZ Wiesbaden\",\"description\":\"\",\"potentialAction\":[{\"@type\":\"SearchAction\",\"target\":{\"@type\":\"EntryPoint\",\"urlTemplate\":\"https:\\\/\\\/atos-mvz.de\\\/wiesbaden\\\/?s={search_term_string}\"},\"query-input\":{\"@type\":\"PropertyValueSpecification\",\"valueRequired\":true,\"valueName\":\"search_term_string\"}}],\"inLanguage\":\"de\"}]}<\/script>\n<!-- \/ Yoast SEO plugin. -->","yoast_head_json":{"title":"OSG-Prothese bei Z.n. Arthrodese - MVZ Wiesbaden","robots":{"index":"index","follow":"follow","max-snippet":"max-snippet:-1","max-image-preview":"max-image-preview:large","max-video-preview":"max-video-preview:-1"},"canonical":"https:\/\/atos-mvz.de\/wiesbaden\/bereiche\/fuss\/osg-prothese-bei-z-n-arthrodese\/","og_locale":"de_DE","og_type":"article","og_title":"OSG-Prothese bei Z.n. Arthrodese - MVZ Wiesbaden","og_url":"https:\/\/atos-mvz.de\/wiesbaden\/bereiche\/fuss\/osg-prothese-bei-z-n-arthrodese\/","og_site_name":"MVZ Wiesbaden","og_image":[{"url":"https:\/\/atos-mvz.de\/wiesbaden\/wp-content\/uploads\/sites\/22\/2023\/09\/osg_ap-228x300.jpg","type":"","width":"","height":""}],"twitter_card":"summary_large_image","schema":{"@context":"https:\/\/schema.org","@graph":[{"@type":"WebPage","@id":"https:\/\/atos-mvz.de\/wiesbaden\/bereiche\/fuss\/osg-prothese-bei-z-n-arthrodese\/","url":"https:\/\/atos-mvz.de\/wiesbaden\/bereiche\/fuss\/osg-prothese-bei-z-n-arthrodese\/","name":"OSG-Prothese bei Z.n. Arthrodese - MVZ Wiesbaden","isPartOf":{"@id":"https:\/\/atos-mvz.de\/wiesbaden\/#website"},"primaryImageOfPage":{"@id":"https:\/\/atos-mvz.de\/wiesbaden\/bereiche\/fuss\/osg-prothese-bei-z-n-arthrodese\/#primaryimage"},"image":{"@id":"https:\/\/atos-mvz.de\/wiesbaden\/bereiche\/fuss\/osg-prothese-bei-z-n-arthrodese\/#primaryimage"},"thumbnailUrl":"https:\/\/atos-mvz.de\/wiesbaden\/wp-content\/uploads\/sites\/22\/2023\/09\/osg_ap-228x300.jpg","datePublished":"2023-09-13T13:37:49+00:00","breadcrumb":{"@id":"https:\/\/atos-mvz.de\/wiesbaden\/bereiche\/fuss\/osg-prothese-bei-z-n-arthrodese\/#breadcrumb"},"inLanguage":"de","potentialAction":[{"@type":"ReadAction","target":["https:\/\/atos-mvz.de\/wiesbaden\/bereiche\/fuss\/osg-prothese-bei-z-n-arthrodese\/"]}]},{"@type":"ImageObject","inLanguage":"de","@id":"https:\/\/atos-mvz.de\/wiesbaden\/bereiche\/fuss\/osg-prothese-bei-z-n-arthrodese\/#primaryimage","url":"https:\/\/atos-mvz.de\/wiesbaden\/wp-content\/uploads\/sites\/22\/2023\/09\/osg_ap.jpg","contentUrl":"https:\/\/atos-mvz.de\/wiesbaden\/wp-content\/uploads\/sites\/22\/2023\/09\/osg_ap.jpg","width":696,"height":916,"caption":"OSG ap"},{"@type":"BreadcrumbList","@id":"https:\/\/atos-mvz.de\/wiesbaden\/bereiche\/fuss\/osg-prothese-bei-z-n-arthrodese\/#breadcrumb","itemListElement":[{"@type":"ListItem","position":1,"name":"Startseite","item":"https:\/\/atos-mvz.de\/wiesbaden\/startseite\/"},{"@type":"ListItem","position":2,"name":"Bereiche","item":"https:\/\/atos-mvz.de\/wiesbaden\/bereiche\/"},{"@type":"ListItem","position":3,"name":"Fu\u00df","item":"https:\/\/atos-mvz.de\/wiesbaden\/bereiche\/fuss\/"},{"@type":"ListItem","position":4,"name":"OSG-Prothese bei Z.n. Arthrodese"}]},{"@type":"WebSite","@id":"https:\/\/atos-mvz.de\/wiesbaden\/#website","url":"https:\/\/atos-mvz.de\/wiesbaden\/","name":"MVZ Wiesbaden","description":"","potentialAction":[{"@type":"SearchAction","target":{"@type":"EntryPoint","urlTemplate":"https:\/\/atos-mvz.de\/wiesbaden\/?s={search_term_string}"},"query-input":{"@type":"PropertyValueSpecification","valueRequired":true,"valueName":"search_term_string"}}],"inLanguage":"de"}]}},"_links":{"self":[{"href":"https:\/\/atos-mvz.de\/wiesbaden\/wp-json\/wp\/v2\/pages\/1641","targetHints":{"allow":["GET"]}}],"collection":[{"href":"https:\/\/atos-mvz.de\/wiesbaden\/wp-json\/wp\/v2\/pages"}],"about":[{"href":"https:\/\/atos-mvz.de\/wiesbaden\/wp-json\/wp\/v2\/types\/page"}],"author":[{"embeddable":true,"href":"https:\/\/atos-mvz.de\/wiesbaden\/wp-json\/wp\/v2\/users\/1"}],"replies":[{"embeddable":true,"href":"https:\/\/atos-mvz.de\/wiesbaden\/wp-json\/wp\/v2\/comments?post=1641"}],"version-history":[{"count":2,"href":"https:\/\/atos-mvz.de\/wiesbaden\/wp-json\/wp\/v2\/pages\/1641\/revisions"}],"predecessor-version":[{"id":1647,"href":"https:\/\/atos-mvz.de\/wiesbaden\/wp-json\/wp\/v2\/pages\/1641\/revisions\/1647"}],"up":[{"embeddable":true,"href":"https:\/\/atos-mvz.de\/wiesbaden\/wp-json\/wp\/v2\/pages\/1294"}],"wp:attachment":[{"href":"https:\/\/atos-mvz.de\/wiesbaden\/wp-json\/wp\/v2\/media?parent=1641"}],"curies":[{"name":"wp","href":"https:\/\/api.w.org\/{rel}","templated":true}]}}