{"id":1636,"date":"2023-09-13T15:33:40","date_gmt":"2023-09-13T13:33:40","guid":{"rendered":"https:\/\/atos-mvz.de\/wiesbaden\/?page_id=1636"},"modified":"2023-10-05T20:08:30","modified_gmt":"2023-10-05T18:08:30","slug":"5-jahre-osg-prothese","status":"publish","type":"page","link":"https:\/\/atos-mvz.de\/wiesbaden\/bereiche\/fuss\/5-jahre-osg-prothese\/","title":{"rendered":"5 Jahre OSG-Prothese"},"content":{"rendered":"\n<style type=\"text\/css\" data-created_by=\"avia_inline_auto\" id=\"style-css-av-lmhs224k-447ecd8bd7e510213415a73fc12bb580\">\n.avia-section.av-lmhs224k-447ecd8bd7e510213415a73fc12bb580{\nbackground-repeat:no-repeat;\nbackground-image:url(https:\/\/atos-mvz.de\/wiesbaden\/wp-content\/uploads\/sites\/22\/2021\/01\/Fussschmerzen_1700x600.jpg);\nbackground-position:50% 50%;\nbackground-attachment:scroll;\n}\n.avia-section.av-lmhs224k-447ecd8bd7e510213415a73fc12bb580 .av-extra-border-element .av-extra-border-inner{\nbackground-color:#ffffff;\n}\n<\/style>\n<div id='header-img'  class='avia-section av-lmhs224k-447ecd8bd7e510213415a73fc12bb580 main_color avia-section-huge avia-no-border-styling  avia-builder-el-0  el_before_av_section  avia-builder-el-first  avia-full-stretch avia-bg-style-scroll container_wrap fullsize'  data-section-bg-repeat='stretch'><div class='container av-section-cont-open' ><main  role=\"main\" itemprop=\"mainContentOfPage\"  class='template-page content  av-content-full alpha units'><div class='post-entry post-entry-type-page post-entry-1636'><div class='entry-content-wrapper clearfix'>\n\n<style type=\"text\/css\" data-created_by=\"avia_inline_auto\" id=\"style-css-av-91ba78-8c9cb5557e6a5b0ee98c92d1bcefc6a3\">\n#top .hr.hr-invisible.av-91ba78-8c9cb5557e6a5b0ee98c92d1bcefc6a3{\nheight:100px;\n}\n<\/style>\n<div  class='hr av-91ba78-8c9cb5557e6a5b0ee98c92d1bcefc6a3 hr-invisible  avia-builder-el-1  avia-builder-el-no-sibling '><span class='hr-inner '><span class=\"hr-inner-style\"><\/span><\/span><\/div>\n\n<\/div><\/div><\/main><!-- close content main element --><\/div><div class='av-extra-border-element border-extra-diagonal border-extra-diagonal-inverse '><div class='av-extra-border-outer'><div class='av-extra-border-inner'><\/div><\/div><\/div><\/div>\n<style type=\"text\/css\" data-created_by=\"avia_inline_auto\" id=\"style-css-av-81fhkk-da1febb5061b17de8becfc6cdb013184\">\n.avia-section.av-81fhkk-da1febb5061b17de8becfc6cdb013184 .av-extra-border-element .av-extra-border-inner{\nbackground-color:#f1f0f5;\n}\n<\/style>\n<div id='av_section_2'  class='avia-section av-81fhkk-da1febb5061b17de8becfc6cdb013184 main_color avia-section-large avia-no-border-styling  avia-builder-el-2  el_after_av_section  avia-builder-el-last  small-container avia-bg-style-scroll container_wrap fullsize'  ><div class='container av-section-cont-open' ><div class='template-page content  av-content-full alpha units'><div class='post-entry post-entry-type-page post-entry-1636'><div class='entry-content-wrapper clearfix'>\n<section  class='av_textblock_section av-lmhs33lh-ca5f33f121813b85ebcfddeb8d301443 '   itemscope=\"itemscope\" itemtype=\"https:\/\/schema.org\/CreativeWork\" ><div class='avia_textblock'  itemprop=\"text\" ><h1><strong>5 Jahre OSG-Prothese<br \/>\n<\/strong><\/h1>\n<p>Was haben wir gelernt?<\/p>\n<\/div><\/section>\n\n<style type=\"text\/css\" data-created_by=\"avia_inline_auto\" id=\"style-css-av-jm1xg-0891b9f63983bf11fecf890e0697bd03\">\n#top .hr.av-jm1xg-0891b9f63983bf11fecf890e0697bd03{\nmargin-top:0;\nmargin-bottom:30px;\n}\n.hr.av-jm1xg-0891b9f63983bf11fecf890e0697bd03 .hr-inner{\nwidth:100%;\nborder-color:#f1f0f5;\n}\n<\/style>\n<div  class='hr av-jm1xg-0891b9f63983bf11fecf890e0697bd03 hr-custom  avia-builder-el-4  el_after_av_textblock  el_before_av_textblock  hr-center hr-icon-no'><span class='hr-inner inner-border-av-border-thin'><span class=\"hr-inner-style\"><\/span><\/span><\/div>\n<section  class='av_textblock_section av-lmhs54na-8ed5c9f21ea59c6ade02d4c4509fba60 '   itemscope=\"itemscope\" itemtype=\"https:\/\/schema.org\/CreativeWork\" ><div class='avia_textblock'  itemprop=\"text\" ><h2><strong>Einleitung<\/strong><\/h2>\n<p><strong>Die Entwicklung der OSG-Prothetik ist stetig vorangeschritten.<\/strong><\/p>\n<p>Die Implantationszahlen der Sprunggelenksendoprothesen bei Patienten mit 4\u00b0 Arthrose zeigen j\u00e4hrlich bis zu 2-stellige Zuwachs-Raten denn die Anzahl der zerst\u00f6rten Sprunggelenke, welcher therapiebed\u00fcrftig sind nimmt weiter zu. In den letzten Jahren ist die Entwicklung der OSG Prothesen stetig voran geschritten, was auch zu einer Ausweitung der Indikation gef\u00fchrt hat.<\/p>\n<div id=\"attachment_1637\" style=\"width: 242px\" class=\"wp-caption alignright\"><img loading=\"lazy\" decoding=\"async\" aria-describedby=\"caption-attachment-1637\" class=\"wp-image-1637 size-medium\" src=\"https:\/\/atos-mvz.de\/wiesbaden\/wp-content\/uploads\/sites\/22\/2023\/09\/arthrose_sprunggelenk-1-232x300.jpg\" alt=\"\" width=\"232\" height=\"300\" srcset=\"https:\/\/atos-mvz.de\/wiesbaden\/wp-content\/uploads\/sites\/22\/2023\/09\/arthrose_sprunggelenk-1-232x300.jpg 232w, https:\/\/atos-mvz.de\/wiesbaden\/wp-content\/uploads\/sites\/22\/2023\/09\/arthrose_sprunggelenk-1.jpg 541w\" sizes=\"auto, (max-width: 232px) 100vw, 232px\" \/><p id=\"caption-attachment-1637\" class=\"wp-caption-text\">Schwere Arthrose des Sprunggelenks<\/p><\/div>\n<p>Wir indizieren die OSG-Prothese unter Ber\u00fccksichtigung der absoluten Kontraindikationen: offene Ulzera, schwere Durchblutungsst\u00f6rungen, nicht beherrschbare ligament\u00e4re Instabilit\u00e4t des R\u00fcck- und Mittelfu\u00dfes, florider Infekt oder eine substantielle Talusnekrose &gt;50%.Bei der endoprothetischen Versorgung des oberen Sprunggelenkes und dem Verbleib einer Beweglichkeit kommt es zu einer geringeren St\u00f6rung des Abrollvorgangs und die Korrekturm\u00f6glichkeiten durch das untere Sprunggelenk erhalten.<\/p>\n<p>Es ist in unserer Verantwortung mit dem h\u00f6chsten Gut unserer Patienten, der Gesundheit bzw. der Wiederherstellung derselben sehr verantwortungsvoll umzugehen und unser Handeln immer zu hinterfragen.<\/p>\n<\/div><\/section>\n\n<style type=\"text\/css\" data-created_by=\"avia_inline_auto\" id=\"style-css-av-dhptw-3edb06537b030e99fc663a555c170ac5\">\n#top .hr.av-dhptw-3edb06537b030e99fc663a555c170ac5{\nmargin-top:20px;\nmargin-bottom:30px;\n}\n.hr.av-dhptw-3edb06537b030e99fc663a555c170ac5 .hr-inner{\nwidth:100%;\nborder-color:#f1f0f5;\n}\n<\/style>\n<div  class='hr av-dhptw-3edb06537b030e99fc663a555c170ac5 hr-custom  avia-builder-el-6  el_after_av_textblock  el_before_av_textblock  hr-center hr-icon-no'><span class='hr-inner inner-border-av-border-thin'><span class=\"hr-inner-style\"><\/span><\/span><\/div>\n<section  class='av_textblock_section av-lmhs7d5o-53973b2606b90948ec57e0ea139d9251 '   itemscope=\"itemscope\" itemtype=\"https:\/\/schema.org\/CreativeWork\" ><div class='avia_textblock'  itemprop=\"text\" ><h2><strong>Klinische Untersuchung<\/strong><\/h2>\n<div id=\"attachment_1638\" style=\"width: 242px\" class=\"wp-caption alignright\"><img loading=\"lazy\" decoding=\"async\" aria-describedby=\"caption-attachment-1638\" class=\"size-medium wp-image-1638\" src=\"https:\/\/atos-mvz.de\/wiesbaden\/wp-content\/uploads\/sites\/22\/2023\/09\/sprunggelenksprothese-1-232x300.jpg\" alt=\"\" width=\"232\" height=\"300\" srcset=\"https:\/\/atos-mvz.de\/wiesbaden\/wp-content\/uploads\/sites\/22\/2023\/09\/sprunggelenksprothese-1-232x300.jpg 232w, https:\/\/atos-mvz.de\/wiesbaden\/wp-content\/uploads\/sites\/22\/2023\/09\/sprunggelenksprothese-1.jpg 541w\" sizes=\"auto, (max-width: 232px) 100vw, 232px\" \/><p id=\"caption-attachment-1638\" class=\"wp-caption-text\">Sprunggelenksprothese Typ Hintegra<\/p><\/div>\n<p>Um eine entsprechende valide Dokumentation, auch im Rahmen einer Qualit\u00e4tssicherung anzustreben, wurde ein Dokumentationsbogen in Zusammenarbeit mit dem Maurice-M\u00fcller-Institut in Bern erarbeitet, welcher sowohl einer Dokumentation von Basisdaten wie aber auch von wissenschaftlichen Daten pr\u00e4-, postoperativ sowie bei den durchzuf\u00fchrenden Kontrolluntersuchungen zul\u00e4sst. Diese Daten werden zentral in Bern erfasst und erm\u00f6glichen somit eine sehr objektive Datenerhebung und Fehleranalyse. Diese Datenerfassung stellt auch die Basis f\u00fcr den Aufbau eines deutschsprachigen OSG-Prothesenregisters dar, welches durch einen Arbeitskreis der DAF initialisiert wird.<\/p>\n<p><strong>Bisher \u00fcber 450 OSG Prothesen Operationen in der ATOS Klinik Wiesbaden (ehemals Aukamm-Klinik).<\/strong><\/p>\n<p>Seit Oktober 2004 wurden in der ATOS Klinik Wiesbaden \u00fcber 450 OSG Prothesen Operationen durchgef\u00fchrt. Die Analy-se der Daten sollte auf die verschiedensten Fragen Antworten bringen:<\/p>\n<ul>\n<li>Wie erfolgt die tibiale Achsausrichtung, auf was ist zu achten?<\/li>\n<li>Einflu\u00df eines R\u00fcckfu\u00df-Varus\/Valgus?<\/li>\n<li>Ein oder zweizeitiges Vorgehen bei Begleitoperationen?<\/li>\n<li>Bandbalancierung in wecher Form?<\/li>\n<li>Blutleere ja oder nein?<\/li>\n<li>standartisierte Nachbehandlung und Rehabilitation?<\/li>\n<\/ul>\n<p>Das Nachbehandlungsprogramm wurde auf die einzelnen Phasen der Wundheilung bis zum 360. Tag abgestimmt und angepasst.<\/p>\n<p><strong>Ein standardisiertes Reha-Programm tr\u00e4gt entscheidend zum Erfolg bei.<\/strong><\/p>\n<p>Die Auswertung der statistischen Werte bei unserer Erhebung durch die IDES Dokumentation best\u00e4tigt das Erreichen der Ziele hinsichtlich Patientenzufriedenheit, Funktionalit\u00e4t und Schmerzverhalten.<\/p>\n<ul>\n<li>Akutphase<\/li>\n<li>Fr\u00fchrehabilitation<\/li>\n<li>Sp\u00e4trehabilitation<\/li>\n<\/ul>\n<\/div><\/section>\n\n<style type=\"text\/css\" data-created_by=\"avia_inline_auto\" id=\"style-css-av-2l2344-fcf59916dbdbadc250d991b5cfe33ff1\">\n#top .hr.av-2l2344-fcf59916dbdbadc250d991b5cfe33ff1{\nmargin-top:20px;\nmargin-bottom:30px;\n}\n.hr.av-2l2344-fcf59916dbdbadc250d991b5cfe33ff1 .hr-inner{\nwidth:100%;\nborder-color:#f1f0f5;\n}\n<\/style>\n<div  class='hr av-2l2344-fcf59916dbdbadc250d991b5cfe33ff1 hr-custom  avia-builder-el-8  el_after_av_textblock  el_before_av_textblock  hr-center hr-icon-no'><span class='hr-inner inner-border-av-border-thin'><span class=\"hr-inner-style\"><\/span><\/span><\/div>\n<section  class='av_textblock_section av-lmhs81a8-9a20315bf8c519dcceab7796c4163a8f '   itemscope=\"itemscope\" itemtype=\"https:\/\/schema.org\/CreativeWork\" ><div class='avia_textblock'  itemprop=\"text\" ><h2><strong>Fazit<\/strong><\/h2>\n<p><strong>Die OSG Prothese erreicht auch langfristig gute Ergebnisse.<\/strong><\/p>\n<p>Das Nachbehandlungsprogramm wurde auf die einzelnen Phasen der Wundheilung bis zum 360. Tag abgestimmt und angepasst.<\/p>\n<p>Die Auswertung der statistischen Werte bei unserer Erhebung durch die IDES Dokumentation best\u00e4tigt das Erreichen der Ziele hinsichtlich Patientenzufriedenheit, Funktionalit\u00e4t und Schmerz-verhalten.<\/p>\n<p>Im Rahmen unser Nachuntersuchungen und Datenerhebung konnten wir nachweisen, dass der Zeitraum der Rehabilitation mit Schmerzreduktion und Verbesserung des AOFAS Scores bis zu 2 Jahre in Anspruch nehmen kann.<\/p>\n<p>\u201eDie endoprothetische Versorgung des destruierten OSG ist nur ein Bestandteil einer rekonstruktiven R\u00fcckfu\u00dfchirurgie.3. Generation Endoprothese erreicht gute Ergebnisse; kurz und mittelfristig wie Arthrodese, bis dato ohne Anschlu\u00dfarthrose. Der Patient mit rheumatoider Arthritis hat ein und dem Faktor 3 erh\u00f6htes Risiko hinsichtlich Komplikationen.<\/p>\n<p>Die Zunahme der OSG Prothesen Implantationen und der damit verbundenen steigenden Patientenzahl, welche nach dieser Operation eine rehabilitative Ma\u00dfnahme ben\u00f6tigen zeigt aber auch massive Defizite in diese Behandlungsphase auf. Bis dato mangelt es an einem einheitlichen und durchgehenden Nachbehandlungskonzept f\u00fcr OSG-TEP Patienten.<\/p>\n<p>Die endoprothetische Versorgung des destruierten OSG ist bei entsprechender Anatomie f\u00fcr uns das Mittel der Wahl.<\/p>\n<p>Dr. med. Markus Preis<br \/>\nFacharzt f\u00fcr Orthop\u00e4die, Rheumatologie Chirotherapie, Sportmedizin<br \/>\nLtd. Arzt ATOS Klinik Wiesbaden<br \/>\nZentrum f\u00fcr Fu\u00dfchirurgie Wiesbaden<\/p>\n<\/div><\/section>\n\n","protected":false},"excerpt":{"rendered":"","protected":false},"author":1,"featured_media":0,"parent":1294,"menu_order":0,"comment_status":"closed","ping_status":"closed","template":"","meta":{"footnotes":""},"class_list":["post-1636","page","type-page","status-publish","hentry"],"yoast_head":"<!-- This site is optimized with the Yoast SEO plugin v27.2 - https:\/\/yoast.com\/product\/yoast-seo-wordpress\/ -->\n<title>5 Jahre OSG-Prothese - MVZ Wiesbaden<\/title>\n<meta name=\"robots\" content=\"index, follow, max-snippet:-1, max-image-preview:large, max-video-preview:-1\" \/>\n<link rel=\"canonical\" href=\"https:\/\/atos-mvz.de\/wiesbaden\/bereiche\/fuss\/5-jahre-osg-prothese\/\" \/>\n<meta property=\"og:locale\" content=\"de_DE\" \/>\n<meta property=\"og:type\" content=\"article\" \/>\n<meta property=\"og:title\" content=\"5 Jahre OSG-Prothese - MVZ Wiesbaden\" \/>\n<meta property=\"og:url\" content=\"https:\/\/atos-mvz.de\/wiesbaden\/bereiche\/fuss\/5-jahre-osg-prothese\/\" \/>\n<meta property=\"og:site_name\" content=\"MVZ Wiesbaden\" \/>\n<meta property=\"article:modified_time\" content=\"2023-10-05T18:08:30+00:00\" \/>\n<meta property=\"og:image\" content=\"https:\/\/atos-mvz.de\/wiesbaden\/wp-content\/uploads\/sites\/22\/2023\/09\/arthrose_sprunggelenk-1-232x300.jpg\" \/>\n<meta name=\"twitter:card\" content=\"summary_large_image\" \/>\n<script type=\"application\/ld+json\" class=\"yoast-schema-graph\">{\"@context\":\"https:\/\/schema.org\",\"@graph\":[{\"@type\":\"WebPage\",\"@id\":\"https:\/\/atos-mvz.de\/wiesbaden\/bereiche\/fuss\/5-jahre-osg-prothese\/\",\"url\":\"https:\/\/atos-mvz.de\/wiesbaden\/bereiche\/fuss\/5-jahre-osg-prothese\/\",\"name\":\"5 Jahre OSG-Prothese - MVZ Wiesbaden\",\"isPartOf\":{\"@id\":\"https:\/\/atos-mvz.de\/wiesbaden\/#website\"},\"primaryImageOfPage\":{\"@id\":\"https:\/\/atos-mvz.de\/wiesbaden\/bereiche\/fuss\/5-jahre-osg-prothese\/#primaryimage\"},\"image\":{\"@id\":\"https:\/\/atos-mvz.de\/wiesbaden\/bereiche\/fuss\/5-jahre-osg-prothese\/#primaryimage\"},\"thumbnailUrl\":\"https:\/\/atos-mvz.de\/wiesbaden\/wp-content\/uploads\/sites\/22\/2023\/09\/arthrose_sprunggelenk-1-232x300.jpg\",\"datePublished\":\"2023-09-13T13:33:40+00:00\",\"dateModified\":\"2023-10-05T18:08:30+00:00\",\"breadcrumb\":{\"@id\":\"https:\/\/atos-mvz.de\/wiesbaden\/bereiche\/fuss\/5-jahre-osg-prothese\/#breadcrumb\"},\"inLanguage\":\"de\",\"potentialAction\":[{\"@type\":\"ReadAction\",\"target\":[\"https:\/\/atos-mvz.de\/wiesbaden\/bereiche\/fuss\/5-jahre-osg-prothese\/\"]}]},{\"@type\":\"ImageObject\",\"inLanguage\":\"de\",\"@id\":\"https:\/\/atos-mvz.de\/wiesbaden\/bereiche\/fuss\/5-jahre-osg-prothese\/#primaryimage\",\"url\":\"https:\/\/atos-mvz.de\/wiesbaden\/wp-content\/uploads\/sites\/22\/2023\/09\/arthrose_sprunggelenk-1.jpg\",\"contentUrl\":\"https:\/\/atos-mvz.de\/wiesbaden\/wp-content\/uploads\/sites\/22\/2023\/09\/arthrose_sprunggelenk-1.jpg\",\"width\":541,\"height\":699},{\"@type\":\"BreadcrumbList\",\"@id\":\"https:\/\/atos-mvz.de\/wiesbaden\/bereiche\/fuss\/5-jahre-osg-prothese\/#breadcrumb\",\"itemListElement\":[{\"@type\":\"ListItem\",\"position\":1,\"name\":\"Startseite\",\"item\":\"https:\/\/atos-mvz.de\/wiesbaden\/startseite\/\"},{\"@type\":\"ListItem\",\"position\":2,\"name\":\"Bereiche\",\"item\":\"https:\/\/atos-mvz.de\/wiesbaden\/bereiche\/\"},{\"@type\":\"ListItem\",\"position\":3,\"name\":\"Fu\u00df\",\"item\":\"https:\/\/atos-mvz.de\/wiesbaden\/bereiche\/fuss\/\"},{\"@type\":\"ListItem\",\"position\":4,\"name\":\"5 Jahre OSG-Prothese\"}]},{\"@type\":\"WebSite\",\"@id\":\"https:\/\/atos-mvz.de\/wiesbaden\/#website\",\"url\":\"https:\/\/atos-mvz.de\/wiesbaden\/\",\"name\":\"MVZ Wiesbaden\",\"description\":\"\",\"potentialAction\":[{\"@type\":\"SearchAction\",\"target\":{\"@type\":\"EntryPoint\",\"urlTemplate\":\"https:\/\/atos-mvz.de\/wiesbaden\/?s={search_term_string}\"},\"query-input\":{\"@type\":\"PropertyValueSpecification\",\"valueRequired\":true,\"valueName\":\"search_term_string\"}}],\"inLanguage\":\"de\"}]}<\/script>\n<!-- \/ Yoast SEO plugin. -->","yoast_head_json":{"title":"5 Jahre OSG-Prothese - MVZ Wiesbaden","robots":{"index":"index","follow":"follow","max-snippet":"max-snippet:-1","max-image-preview":"max-image-preview:large","max-video-preview":"max-video-preview:-1"},"canonical":"https:\/\/atos-mvz.de\/wiesbaden\/bereiche\/fuss\/5-jahre-osg-prothese\/","og_locale":"de_DE","og_type":"article","og_title":"5 Jahre OSG-Prothese - MVZ Wiesbaden","og_url":"https:\/\/atos-mvz.de\/wiesbaden\/bereiche\/fuss\/5-jahre-osg-prothese\/","og_site_name":"MVZ Wiesbaden","article_modified_time":"2023-10-05T18:08:30+00:00","og_image":[{"url":"https:\/\/atos-mvz.de\/wiesbaden\/wp-content\/uploads\/sites\/22\/2023\/09\/arthrose_sprunggelenk-1-232x300.jpg","type":"","width":"","height":""}],"twitter_card":"summary_large_image","schema":{"@context":"https:\/\/schema.org","@graph":[{"@type":"WebPage","@id":"https:\/\/atos-mvz.de\/wiesbaden\/bereiche\/fuss\/5-jahre-osg-prothese\/","url":"https:\/\/atos-mvz.de\/wiesbaden\/bereiche\/fuss\/5-jahre-osg-prothese\/","name":"5 Jahre OSG-Prothese - MVZ Wiesbaden","isPartOf":{"@id":"https:\/\/atos-mvz.de\/wiesbaden\/#website"},"primaryImageOfPage":{"@id":"https:\/\/atos-mvz.de\/wiesbaden\/bereiche\/fuss\/5-jahre-osg-prothese\/#primaryimage"},"image":{"@id":"https:\/\/atos-mvz.de\/wiesbaden\/bereiche\/fuss\/5-jahre-osg-prothese\/#primaryimage"},"thumbnailUrl":"https:\/\/atos-mvz.de\/wiesbaden\/wp-content\/uploads\/sites\/22\/2023\/09\/arthrose_sprunggelenk-1-232x300.jpg","datePublished":"2023-09-13T13:33:40+00:00","dateModified":"2023-10-05T18:08:30+00:00","breadcrumb":{"@id":"https:\/\/atos-mvz.de\/wiesbaden\/bereiche\/fuss\/5-jahre-osg-prothese\/#breadcrumb"},"inLanguage":"de","potentialAction":[{"@type":"ReadAction","target":["https:\/\/atos-mvz.de\/wiesbaden\/bereiche\/fuss\/5-jahre-osg-prothese\/"]}]},{"@type":"ImageObject","inLanguage":"de","@id":"https:\/\/atos-mvz.de\/wiesbaden\/bereiche\/fuss\/5-jahre-osg-prothese\/#primaryimage","url":"https:\/\/atos-mvz.de\/wiesbaden\/wp-content\/uploads\/sites\/22\/2023\/09\/arthrose_sprunggelenk-1.jpg","contentUrl":"https:\/\/atos-mvz.de\/wiesbaden\/wp-content\/uploads\/sites\/22\/2023\/09\/arthrose_sprunggelenk-1.jpg","width":541,"height":699},{"@type":"BreadcrumbList","@id":"https:\/\/atos-mvz.de\/wiesbaden\/bereiche\/fuss\/5-jahre-osg-prothese\/#breadcrumb","itemListElement":[{"@type":"ListItem","position":1,"name":"Startseite","item":"https:\/\/atos-mvz.de\/wiesbaden\/startseite\/"},{"@type":"ListItem","position":2,"name":"Bereiche","item":"https:\/\/atos-mvz.de\/wiesbaden\/bereiche\/"},{"@type":"ListItem","position":3,"name":"Fu\u00df","item":"https:\/\/atos-mvz.de\/wiesbaden\/bereiche\/fuss\/"},{"@type":"ListItem","position":4,"name":"5 Jahre OSG-Prothese"}]},{"@type":"WebSite","@id":"https:\/\/atos-mvz.de\/wiesbaden\/#website","url":"https:\/\/atos-mvz.de\/wiesbaden\/","name":"MVZ Wiesbaden","description":"","potentialAction":[{"@type":"SearchAction","target":{"@type":"EntryPoint","urlTemplate":"https:\/\/atos-mvz.de\/wiesbaden\/?s={search_term_string}"},"query-input":{"@type":"PropertyValueSpecification","valueRequired":true,"valueName":"search_term_string"}}],"inLanguage":"de"}]}},"_links":{"self":[{"href":"https:\/\/atos-mvz.de\/wiesbaden\/wp-json\/wp\/v2\/pages\/1636","targetHints":{"allow":["GET"]}}],"collection":[{"href":"https:\/\/atos-mvz.de\/wiesbaden\/wp-json\/wp\/v2\/pages"}],"about":[{"href":"https:\/\/atos-mvz.de\/wiesbaden\/wp-json\/wp\/v2\/types\/page"}],"author":[{"embeddable":true,"href":"https:\/\/atos-mvz.de\/wiesbaden\/wp-json\/wp\/v2\/users\/1"}],"replies":[{"embeddable":true,"href":"https:\/\/atos-mvz.de\/wiesbaden\/wp-json\/wp\/v2\/comments?post=1636"}],"version-history":[{"count":3,"href":"https:\/\/atos-mvz.de\/wiesbaden\/wp-json\/wp\/v2\/pages\/1636\/revisions"}],"predecessor-version":[{"id":2162,"href":"https:\/\/atos-mvz.de\/wiesbaden\/wp-json\/wp\/v2\/pages\/1636\/revisions\/2162"}],"up":[{"embeddable":true,"href":"https:\/\/atos-mvz.de\/wiesbaden\/wp-json\/wp\/v2\/pages\/1294"}],"wp:attachment":[{"href":"https:\/\/atos-mvz.de\/wiesbaden\/wp-json\/wp\/v2\/media?parent=1636"}],"curies":[{"name":"wp","href":"https:\/\/api.w.org\/{rel}","templated":true}]}}