{"id":1542,"date":"2023-09-13T11:55:28","date_gmt":"2023-09-13T09:55:28","guid":{"rendered":"https:\/\/atos-mvz.de\/wiesbaden\/?page_id=1542"},"modified":"2026-01-15T16:36:10","modified_gmt":"2026-01-15T15:36:10","slug":"fragen-antworten","status":"publish","type":"page","link":"https:\/\/atos-mvz.de\/wiesbaden\/therapie\/fragen-antworten\/","title":{"rendered":"Fragen &#038; Antworten"},"content":{"rendered":"\n<style type=\"text\/css\" data-created_by=\"avia_inline_auto\" id=\"style-css-av-lmhkbdlq-6524e5917fdd82fd0ffe52a488cda997\">\n.avia-section.av-lmhkbdlq-6524e5917fdd82fd0ffe52a488cda997{\nbackground-repeat:no-repeat;\nbackground-image:url(https:\/\/atos-mvz.de\/wiesbaden\/wp-content\/uploads\/sites\/22\/2023\/09\/wiesbaden-02.jpg);\nbackground-position:50% 50%;\nbackground-attachment:scroll;\n}\n.avia-section.av-lmhkbdlq-6524e5917fdd82fd0ffe52a488cda997 .av-extra-border-element .av-extra-border-inner{\nbackground-color:#ffffff;\n}\n<\/style>\n<div id='header-img'  class='avia-section av-lmhkbdlq-6524e5917fdd82fd0ffe52a488cda997 main_color avia-section-huge avia-no-border-styling  avia-builder-el-0  el_before_av_section  avia-builder-el-first  largeimg avia-full-stretch avia-bg-style-scroll container_wrap fullsize'  data-section-bg-repeat='stretch'><div class='container av-section-cont-open' ><main  role=\"main\" itemprop=\"mainContentOfPage\"  class='template-page content  av-content-full alpha units'><div class='post-entry post-entry-type-page post-entry-1542'><div class='entry-content-wrapper clearfix'>\n<\/div><\/div><\/main><!-- close content main element --><\/div><div class='av-extra-border-element border-extra-diagonal border-extra-diagonal-inverse '><div class='av-extra-border-outer'><div class='av-extra-border-inner'><\/div><\/div><\/div><\/div>\n<style type=\"text\/css\" data-created_by=\"avia_inline_auto\" id=\"style-css-av-dhulom-12fb4df83d379a5ed0261d4021ae7f1e\">\n.avia-section.av-dhulom-12fb4df83d379a5ed0261d4021ae7f1e .av-extra-border-element .av-extra-border-inner{\nbackground-color:#f1f0f5;\n}\n<\/style>\n<div id='av_section_2'  class='avia-section av-dhulom-12fb4df83d379a5ed0261d4021ae7f1e main_color avia-section-large avia-no-border-styling  avia-builder-el-1  el_after_av_section  avia-builder-el-last  small-container avia-bg-style-scroll container_wrap fullsize'  ><div class='container av-section-cont-open' ><div class='template-page content  av-content-full alpha units'><div class='post-entry post-entry-type-page post-entry-1542'><div class='entry-content-wrapper clearfix'>\n<section  class='av_textblock_section av-lmhkboam-092cd7e404c812dd86de42bcec45a879 '   itemscope=\"itemscope\" itemtype=\"https:\/\/schema.org\/CreativeWork\" ><div class='avia_textblock'  itemprop=\"text\" ><h1><strong>Fragen &amp; Antworten zu Ihrer Operation<\/strong><\/h1>\n<\/div><\/section>\n<div  class='flex_column av-17669i-99c5b1f902f18786d70005e6782c2baf av_one_full  avia-builder-el-3  el_after_av_textblock  el_before_av_one_full  first flex_column_div  column-top-margin'     ><section  class='av_textblock_section av-lmhkbxaa-1647bb8b9e6856cdc5449da5147a3cee '   itemscope=\"itemscope\" itemtype=\"https:\/\/schema.org\/CreativeWork\" ><div class='avia_textblock'  itemprop=\"text\" ><h3><strong>Wo wird meine Operation durchgef\u00fchrt?<\/strong><\/h3>\n<p>Alle station\u00e4ren und ambulanten Operationen werden in der ATOS Klinik Wiesbaden durchgef\u00fchrt, da die \u00c4rzte gleichzeitig die ATOS Klinik leiten. Hierdurch besteht ein sehr enger Kontakt zwischen Ihnen und Ihrer \u00c4rztin bzw. Ihrem Arzt. Von der Diagnose \u00fcber die operative Behandlung bis hin zur umfassenden Nachsorge findet alles im selben Haus statt. Alles in einer Hand, alles unter einem Dach, alles zu Ihrem Besten.<\/p>\n<\/div><\/section><\/div><div  class='flex_column av-afozc6-0eaa30285b03d3a26cbef9e246a6271a av_one_full  avia-builder-el-5  el_after_av_one_full  el_before_av_one_full  first flex_column_div  column-top-margin'     ><section  class='av_textblock_section av-lmhkcfag-02b93d4d19d8164c7dcccb4ae1ead072 '   itemscope=\"itemscope\" itemtype=\"https:\/\/schema.org\/CreativeWork\" ><div class='avia_textblock'  itemprop=\"text\" ><h3><strong>Was sollte ich f\u00fcr meinen station\u00e4ren Aufenthalt mitbringen\/ einpacken?<\/strong><\/h3>\n<p>Das ben\u00f6tigen Sie f\u00fcr Ihren station\u00e4ren Aufenthalt:<\/p>\n<p>Denken Sie daran, die notwendigen Toilettenartikel (Seife, Zahnb\u00fcrste, Zahnputzbecher, Kamm\/ B\u00fcrste, Waschlappen, Handt\u00fccher, Rasierzeug, Bademantel, Trainingsanzug) mitzubringen. Bitte denken Sie auch daran, dass Schlappen\/ Hausschuhe keine sichere Grundlage f\u00fcr Ihre Gangschulung\/ Physiotherapie sind und bringen Sie hierf\u00fcr auch geschlossene Schuhe (z.B. Turnschuhe o.\u00e4.) mit.<\/p>\n<p>Hilfsmittel, welche Sie zu Hause benutzen, wie z.B. Brille, H\u00f6rger\u00e4t, Gehhilfen oder Atemger\u00e4t sollten Sie ebenfalls mit ins Krankenhaus bringen.<\/p>\n<\/div><\/section><\/div>\n<style type=\"text\/css\" data-created_by=\"avia_inline_auto\" id=\"style-css-av-30w00m-f4e90bc7deb926698265497b50517be1\">\n.flex_column.av-30w00m-f4e90bc7deb926698265497b50517be1{\nborder-width:3px;\nborder-color:#cdff00;\nborder-style:solid;\npadding:20px 20px 20px 20px;\n}\n<\/style>\n<div  class='flex_column av-30w00m-f4e90bc7deb926698265497b50517be1 av_one_full  avia-builder-el-7  el_after_av_one_full  el_before_av_one_full  first flex_column_div  column-top-margin'     ><section  class='av_textblock_section av-lmj3he6y-400f686611b2a681df32af10dad4d8f4 '   itemscope=\"itemscope\" itemtype=\"https:\/\/schema.org\/CreativeWork\" ><div class='avia_textblock'  itemprop=\"text\" ><h3><strong>Checkliste Klinikkoffer<\/strong><\/h3>\n<\/div><\/section><br \/>\n<div  class='avia-icon-list-container av-lmhkdo3k-e624174ba5538e725c56288699101056  avia-builder-el-9  el_after_av_textblock  avia-builder-el-last '><ul class='avia-icon-list avia_animate_when_almost_visible avia-icon-list-left av-iconlist-small av-lmhkdo3k-e624174ba5538e725c56288699101056 avia-iconlist-animate'>\n<li><div class='iconlist_icon av-lmhkcojq-c517b9aff778643cb095a344894593ac avia-font-fontello avia-iconfont avia-font-fontello'><span class='av-icon-char' data-av_icon='\ue805' data-av_iconfont='fontello' aria-hidden=\"true\"><\/span><\/div><article class=\"article-icon-entry av-iconlist-empty\"  itemscope=\"itemscope\" itemtype=\"https:\/\/schema.org\/CreativeWork\" ><div class=\"iconlist_content_wrap\"><header class=\"entry-content-header\" aria-label=\"Icon: Toilettenartikel \/ Handtu\u0308cher \/ Waschlappen\"><div class='av_iconlist_title iconlist_title_small  '  itemprop=\"headline\" >Toilettenartikel \/ Handtu\u0308cher \/ Waschlappen<\/div><\/header><div class='iconlist_content '  itemprop=\"text\" ><\/div><\/div><footer class=\"entry-footer\"><\/footer><\/article><div class=\"iconlist-timeline\"><\/div><\/li>\n<li><div class='iconlist_icon av-lmhkcojq-16-0ffc1760f5deafffb3ce37e2626bdce4 avia-font-fontello avia-iconfont avia-font-fontello'><span class='av-icon-char' data-av_icon='\ue805' data-av_iconfont='fontello' aria-hidden=\"true\"><\/span><\/div><article class=\"article-icon-entry av-iconlist-empty\"  itemscope=\"itemscope\" itemtype=\"https:\/\/schema.org\/CreativeWork\" ><div class=\"iconlist_content_wrap\"><header class=\"entry-content-header\" aria-label=\"Icon: Pyjama \/ Nachthemd \/ Bademantel \/ Trainingsanzug \/ W\u00e4sche\"><div class='av_iconlist_title iconlist_title_small  '  itemprop=\"headline\" >Pyjama \/ Nachthemd \/ Bademantel \/ Trainingsanzug \/ W\u00e4sche<\/div><\/header><div class='iconlist_content '  itemprop=\"text\" ><\/div><\/div><footer class=\"entry-footer\"><\/footer><\/article><div class=\"iconlist-timeline\"><\/div><\/li>\n<li><div class='iconlist_icon av-lmhkcojq-15-803a21bd2e4026dbee4d93a79ae16f4c avia-font-fontello avia-iconfont avia-font-fontello'><span class='av-icon-char' data-av_icon='\ue805' data-av_iconfont='fontello' aria-hidden=\"true\"><\/span><\/div><article class=\"article-icon-entry av-iconlist-empty\"  itemscope=\"itemscope\" itemtype=\"https:\/\/schema.org\/CreativeWork\" ><div class=\"iconlist_content_wrap\"><header class=\"entry-content-header\" aria-label=\"Icon: Geschlossene Schuhe\"><div class='av_iconlist_title iconlist_title_small  '  itemprop=\"headline\" >Geschlossene Schuhe<\/div><\/header><div class='iconlist_content '  itemprop=\"text\" ><\/div><\/div><footer class=\"entry-footer\"><\/footer><\/article><div class=\"iconlist-timeline\"><\/div><\/li>\n<li><div class='iconlist_icon av-lmhkcojq-14-527e441327b75b173f6ad1a6140b6141 avia-font-fontello avia-iconfont avia-font-fontello'><span class='av-icon-char' data-av_icon='\ue805' data-av_iconfont='fontello' aria-hidden=\"true\"><\/span><\/div><article class=\"article-icon-entry av-iconlist-empty\"  itemscope=\"itemscope\" itemtype=\"https:\/\/schema.org\/CreativeWork\" ><div class=\"iconlist_content_wrap\"><header class=\"entry-content-header\" aria-label=\"Icon: Medikamente\"><div class='av_iconlist_title iconlist_title_small  '  itemprop=\"headline\" >Medikamente<\/div><\/header><div class='iconlist_content '  itemprop=\"text\" ><\/div><\/div><footer class=\"entry-footer\"><\/footer><\/article><div class=\"iconlist-timeline\"><\/div><\/li>\n<li><div class='iconlist_icon av-lmhkcojq-12-6665a63e94db95426e8ddae715786564 avia-font-fontello avia-iconfont avia-font-fontello'><span class='av-icon-char' data-av_icon='\ue805' data-av_iconfont='fontello' aria-hidden=\"true\"><\/span><\/div><article class=\"article-icon-entry av-iconlist-empty\"  itemscope=\"itemscope\" itemtype=\"https:\/\/schema.org\/CreativeWork\" ><div class=\"iconlist_content_wrap\"><header class=\"entry-content-header\" aria-label=\"Icon: Ggf. Buch\/ Zeitungen\"><div class='av_iconlist_title iconlist_title_small  '  itemprop=\"headline\" >Ggf. Buch\/ Zeitungen<\/div><\/header><div class='iconlist_content '  itemprop=\"text\" ><\/div><\/div><footer class=\"entry-footer\"><\/footer><\/article><div class=\"iconlist-timeline\"><\/div><\/li>\n<li><div class='iconlist_icon av-lmhkcojq-11-4c02531d8cf34ca86f7d7034c4664b5c avia-font-fontello avia-iconfont avia-font-fontello'><span class='av-icon-char' data-av_icon='\ue805' data-av_iconfont='fontello' aria-hidden=\"true\"><\/span><\/div><article class=\"article-icon-entry av-iconlist-empty\"  itemscope=\"itemscope\" itemtype=\"https:\/\/schema.org\/CreativeWork\" ><div class=\"iconlist_content_wrap\"><header class=\"entry-content-header\" aria-label=\"Icon: Versichertenk\u00e4rtchen\"><div class='av_iconlist_title iconlist_title_small  '  itemprop=\"headline\" >Versichertenk\u00e4rtchen<\/div><\/header><div class='iconlist_content '  itemprop=\"text\" ><\/div><\/div><footer class=\"entry-footer\"><\/footer><\/article><div class=\"iconlist-timeline\"><\/div><\/li>\n<li><div class='iconlist_icon av-lmhkcojq-10-b09e842d881f908aea5d678a27d8cec5 avia-font-fontello avia-iconfont avia-font-fontello'><span class='av-icon-char' data-av_icon='\ue805' data-av_iconfont='fontello' aria-hidden=\"true\"><\/span><\/div><article class=\"article-icon-entry av-iconlist-empty\"  itemscope=\"itemscope\" itemtype=\"https:\/\/schema.org\/CreativeWork\" ><div class=\"iconlist_content_wrap\"><header class=\"entry-content-header\" aria-label=\"Icon: Ggf. Allergiepass\"><div class='av_iconlist_title iconlist_title_small  '  itemprop=\"headline\" >Ggf. Allergiepass<\/div><\/header><div class='iconlist_content '  itemprop=\"text\" ><\/div><\/div><footer class=\"entry-footer\"><\/footer><\/article><div class=\"iconlist-timeline\"><\/div><\/li>\n<li><div class='iconlist_icon av-lmhkcojq-13-dd88777a5d8d926f83e15a9f335cdce0 avia-font-fontello avia-iconfont avia-font-fontello'><span class='av-icon-char' data-av_icon='\ue805' data-av_iconfont='fontello' aria-hidden=\"true\"><\/span><\/div><article class=\"article-icon-entry av-iconlist-empty\"  itemscope=\"itemscope\" itemtype=\"https:\/\/schema.org\/CreativeWork\" ><div class=\"iconlist_content_wrap\"><header class=\"entry-content-header\" aria-label=\"Icon: Allgemeine Hilfsmittel (Brille, H\u00f6rger\u00e4t, Gehhilfen, Atemger\u00e4t)\"><div class='av_iconlist_title iconlist_title_small  '  itemprop=\"headline\" >Allgemeine Hilfsmittel (Brille, H\u00f6rger\u00e4t, Gehhilfen, Atemger\u00e4t)<\/div><\/header><div class='iconlist_content '  itemprop=\"text\" ><\/div><\/div><footer class=\"entry-footer\"><\/footer><\/article><div class=\"iconlist-timeline\"><\/div><\/li>\n<li><div class='iconlist_icon av-lmhkcojq-13-1-31aeb2a1ff68538ae47b9c760039afce avia-font-fontello avia-iconfont avia-font-fontello'><span class='av-icon-char' data-av_icon='\ue805' data-av_iconfont='fontello' aria-hidden=\"true\"><\/span><\/div><article class=\"article-icon-entry av-iconlist-empty\"  itemscope=\"itemscope\" itemtype=\"https:\/\/schema.org\/CreativeWork\" ><div class=\"iconlist_content_wrap\"><header class=\"entry-content-header\" aria-label=\"Icon: Operationsspezifischen Hilfsmittel (z.B. Walker, Verbandsschuh, Schulterbandage etc)\"><div class='av_iconlist_title iconlist_title_small  '  itemprop=\"headline\" >Operationsspezifischen Hilfsmittel (z.B. Walker, Verbandsschuh, Schulterbandage etc)<\/div><\/header><div class='iconlist_content '  itemprop=\"text\" ><\/div><\/div><footer class=\"entry-footer\"><\/footer><\/article><div class=\"iconlist-timeline\"><\/div><\/li>\n<\/ul><\/div><\/p><\/div><div  class='flex_column av-8n5ld2-16bb2659b924257940c8a198431968da av_one_full  avia-builder-el-10  el_after_av_one_full  el_before_av_one_full  first flex_column_div  column-top-margin'     ><section  class='av_textblock_section av-lmhke2n2-4b819de25c1d4d1a82a96dcd689c5815 '   itemscope=\"itemscope\" itemtype=\"https:\/\/schema.org\/CreativeWork\" ><div class='avia_textblock'  itemprop=\"text\" ><h3><strong>Wie verhalte ich mich im Notfall nach meiner ambulanten Operation?<\/strong><\/h3>\n<p>Sollte nach einer Operation au\u00dferhalb der geplanten Wiedervorstellungstermine \u00e4rztlicher Behandlungsbedarf, bezogen auf Ihren Eingriff, erforderlich sein, k\u00f6nnen Sie uns innerhalb der Sprechzeiten telefonisch kontaktieren und einen kurzfristigen Termin mit uns vereinbaren. Bitte haben Sie Verst\u00e4ndnis daf\u00fcr, dass bei kurzfristigen (Notfall-) Vorstellungen nicht immer der Operateur selbst verf\u00fcgbar ist.<\/p>\n<p>Selbstverst\u00e4ndlich ist auch au\u00dferhalb der Praxissprechzeiten rund um die Uhr ein diensthabender Kollege telefonisch unter 0611-572-107 erreichbar. Hier kann nach telefonischer Schilderung Ihres Problems schnell entschieden werden, ob eine unmittelbare Vorstellung in unserer Klinik oder ein kurzfristiger Termin in der Praxis sinnvoll ist.<\/p>\n<\/div><\/section><\/div><div  class='flex_column av-7exxza-d09523788ac0fb9928b8fb54a993af93 av_one_full  avia-builder-el-12  el_after_av_one_full  el_before_av_one_full  first flex_column_div  column-top-margin'     ><section  class='av_textblock_section av-lmhkehcv-73413daad84598eced419feb4fe890e6 '   itemscope=\"itemscope\" itemtype=\"https:\/\/schema.org\/CreativeWork\" ><div class='avia_textblock'  itemprop=\"text\" ><h3><strong>Wie lange wird der station\u00e4re Aufenthalt nach meiner Operation dauern?<\/strong><\/h3>\n<p>Die Dauer Ihres station\u00e4ren Aufenthaltes nach einer Operation h\u00e4ngt von der Art des durchgef\u00fchrten Eingriffs und Ihrem Genesungsprozess ab. In der Regel betreuen wir Sie bei Prothesenoperationen (Schulter, H\u00fcfte, Knie und Sprunggelenk) bis zum 6. postoperativen Tag in unserer Klinik. In den meisten F\u00e4llen erfolgt dann die Verlegung in eine Rehabilitationseinrichtung.<\/p>\n<p>Es kann aber auch sein, dass aufgrund der Bewegungs- und Belastungsvorgaben eine station\u00e4re Rehabilitation erst im sp\u00e4teren Verlauf der Behandlung sinnvoll ist.<\/p>\n<p>In den meisten anderen F\u00e4llen ist die Nachbehandlung im Rahmen einer ambulanten Krankengymnastik im Verlauf v\u00f6llig ausreichend. Ob und ab welchem Zeitpunkt eine krankengymnastische Nachbehandlung sinnvoll ist, wird Ihr Operateur mit Ihnen besprechen.<\/p>\n<\/div><\/section><\/div><div  class='flex_column av-59tg9y-41fcbcf68718412513541a71a7297aa5 av_one_full  avia-builder-el-14  el_after_av_one_full  el_before_av_one_full  first flex_column_div  column-top-margin'     ><section  class='av_textblock_section av-lmhketab-ba723430a0d8fb3c8bbfd67bd31c1124 '   itemscope=\"itemscope\" itemtype=\"https:\/\/schema.org\/CreativeWork\" ><div class='avia_textblock'  itemprop=\"text\" ><h3><strong>Wie lange nach der Operation brauche ich Heparinspritzen zur Thromboseprophylaxe?<\/strong><\/h3>\n<p>Eine Beinvenenthrombose ist eine gef\u00fcrchtete Komplikation nach Verletzungen und Operationen, welche zu bleibenden Folgesch\u00e4den und sogar zu lebensgef\u00e4hrlichen Komplikationen f\u00fchren kann. Aus diesem Grund erhalten nahezu alle Patienten f\u00fcr die Dauer des station\u00e4ren Aufenthaltes eine medikament\u00f6se Prophylaxe in Form von Spritzen, da unabh\u00e4ngig von dem Ausma\u00df Ihrer Operation\/ Verletzung\/ Erkrankung in diesem Zeitraum von einer eingeschr\u00e4nkten Aktivit\u00e4t bzw. Mobilit\u00e4t und somit einer erh\u00f6hten Thrombosegefahr auszugehen ist. Sollte diese medikament\u00f6se Prophylaxe \u00fcber die Dauer des station\u00e4ren Aufenthaltes hinweg n\u00f6tig sein, wird Sie die Stations\u00e4rztin dar\u00fcber informieren und das Pflegepersonal zur eigenst\u00e4ndigen Verabreichung anleiten.<\/p>\n<p>Wie lange diese Ma\u00dfnahme n\u00f6tig ist, h\u00e4ngt von den postoperativen Belastungsvorgaben, einer evtl. Ruhigstellung und m\u00f6glichen individuellen Risiken ab.<\/p>\n<p>In der Regel ist bei Erreichen einer Teilbelastung von 20kg und frei beweglichem Sprunggelenk, sofern keine individuellen Thromboserisiken bestehen, keine medikament\u00f6se Thromboseprophylaxe notwendig.<\/p>\n<p>Anders sind die Empfehlungen bei der Knie- und H\u00fcftendoprothetik. Hier wird, insbesondere nach dem k\u00fcnstlichen H\u00fcftgelenksersatz, eine med. Thromboseprophylaxe von 4-5 Wochen unabh\u00e4ngig von einer m\u00f6glicherweise fr\u00fcher erreichten Vollbelastung empfohlen.<\/p>\n<p>Bei Ruhigstellungen von Sprung- oder Kniegelenk mittels Walker (Stiefel), Gips oder festen Schienen gilt es, f\u00fcr die komplette Zeit der Ruhigstellung die med. Thromboseprophylaxe fortzuf\u00fchren.<\/p>\n<\/div><\/section><\/div><div  class='flex_column av-4vph8m-c613ee6b305c37c417d0075ca6273beb av_one_full  avia-builder-el-16  el_after_av_one_full  el_before_av_one_full  first flex_column_div  column-top-margin'     ><section  class='av_textblock_section av-lmhkf3pd-8c259ee576dcfce7133980bf0c9c173c '   itemscope=\"itemscope\" itemtype=\"https:\/\/schema.org\/CreativeWork\" ><div class='avia_textblock'  itemprop=\"text\" ><h3><strong>Wann kann ich nach meiner Operation wieder Autofahren?<\/strong><\/h3>\n<p>Diese Frage l\u00e4sst sich nicht pauschal beantworten. Aus \u00e4rztlicher Sicht muss entsprechend des Heilungsverlaufes die Vollbelastung freigegeben sein. Prinzipiell sollten Sie f\u00fcr das sichere F\u00fchren eines PKW Ihre F\u00fc\u00dfe\/ Beine schmerzfrei voll belasten k\u00f6nnen, um auch bei m\u00f6glichen unerwarteten Verkehrssituationen ad\u00e4quat reagieren zu k\u00f6nnen. Es liegt somit in Ihrer Verantwortung, den richtigen Zeitpunkt zu w\u00e4hlen, auch wenn aus \u00e4rztlicher Sicht keine Gef\u00e4hrdung des Heilungsprozesses durch diese T\u00e4tigkeit zu erwarten ist.<\/p>\n<\/div><\/section><\/div><div  class='flex_column av-28jc6u-ea82afeb41bc551362276d6e9bce8500 av_one_full  avia-builder-el-18  el_after_av_one_full  avia-builder-el-last  first flex_column_div  column-top-margin'     ><section  class='av_textblock_section av-lmhkfhqe-3d6a0ea1a0b2685135ec19992095640a '   itemscope=\"itemscope\" itemtype=\"https:\/\/schema.org\/CreativeWork\" ><div class='avia_textblock'  itemprop=\"text\" ><h3><strong>Brauche ich Krankengymnastik nach meiner Operation?<\/strong><\/h3>\n<p>In den meisten F\u00e4llen ist die Nachbehandlung im Rahmen einer ambulanten Krankengymnastik und\/oder manueller Lymphdrainage im Verlauf v\u00f6llig ausreichend.<\/p>\n<\/div><\/section><\/div>\n","protected":false},"excerpt":{"rendered":"","protected":false},"author":1,"featured_media":0,"parent":1532,"menu_order":0,"comment_status":"closed","ping_status":"closed","template":"","meta":{"footnotes":""},"class_list":["post-1542","page","type-page","status-publish","hentry"],"yoast_head":"<!-- This site is optimized with the Yoast SEO plugin v27.3 - https:\/\/yoast.com\/product\/yoast-seo-wordpress\/ -->\n<title>Fragen &amp; Antworten - MVZ Wiesbaden<\/title>\n<meta name=\"description\" content=\"Fragen &amp; Antworten zu Ihrer Operation - Von &quot;Wo wird meine Operation durchgef\u00fchrt?&quot; bis &quot;Was sollte ich einpacken?&quot; - FAQs\" \/>\n<meta name=\"robots\" content=\"index, follow, max-snippet:-1, max-image-preview:large, max-video-preview:-1\" \/>\n<link rel=\"canonical\" href=\"https:\/\/atos-mvz.de\/wiesbaden\/therapie\/fragen-antworten\/\" \/>\n<meta property=\"og:locale\" content=\"de_DE\" \/>\n<meta property=\"og:type\" content=\"article\" \/>\n<meta property=\"og:title\" content=\"Fragen &amp; Antworten - MVZ Wiesbaden\" \/>\n<meta property=\"og:description\" content=\"Fragen &amp; Antworten zu Ihrer Operation - Von &quot;Wo wird meine Operation durchgef\u00fchrt?&quot; bis &quot;Was sollte ich einpacken?&quot; - FAQs\" \/>\n<meta property=\"og:url\" content=\"https:\/\/atos-mvz.de\/wiesbaden\/therapie\/fragen-antworten\/\" \/>\n<meta property=\"og:site_name\" content=\"MVZ Wiesbaden\" \/>\n<meta property=\"article:modified_time\" content=\"2026-01-15T15:36:10+00:00\" \/>\n<meta name=\"twitter:card\" content=\"summary_large_image\" \/>\n<script type=\"application\/ld+json\" class=\"yoast-schema-graph\">{\"@context\":\"https:\\\/\\\/schema.org\",\"@graph\":[{\"@type\":\"WebPage\",\"@id\":\"https:\\\/\\\/atos-mvz.de\\\/wiesbaden\\\/therapie\\\/fragen-antworten\\\/\",\"url\":\"https:\\\/\\\/atos-mvz.de\\\/wiesbaden\\\/therapie\\\/fragen-antworten\\\/\",\"name\":\"Fragen & Antworten - MVZ Wiesbaden\",\"isPartOf\":{\"@id\":\"https:\\\/\\\/atos-mvz.de\\\/wiesbaden\\\/#website\"},\"datePublished\":\"2023-09-13T09:55:28+00:00\",\"dateModified\":\"2026-01-15T15:36:10+00:00\",\"description\":\"Fragen & Antworten zu Ihrer Operation - Von \\\"Wo wird meine Operation durchgef\u00fchrt?\\\" bis \\\"Was sollte ich einpacken?\\\" - FAQs\",\"breadcrumb\":{\"@id\":\"https:\\\/\\\/atos-mvz.de\\\/wiesbaden\\\/therapie\\\/fragen-antworten\\\/#breadcrumb\"},\"inLanguage\":\"de\",\"potentialAction\":[{\"@type\":\"ReadAction\",\"target\":[\"https:\\\/\\\/atos-mvz.de\\\/wiesbaden\\\/therapie\\\/fragen-antworten\\\/\"]}]},{\"@type\":\"BreadcrumbList\",\"@id\":\"https:\\\/\\\/atos-mvz.de\\\/wiesbaden\\\/therapie\\\/fragen-antworten\\\/#breadcrumb\",\"itemListElement\":[{\"@type\":\"ListItem\",\"position\":1,\"name\":\"Startseite\",\"item\":\"https:\\\/\\\/atos-mvz.de\\\/wiesbaden\\\/startseite\\\/\"},{\"@type\":\"ListItem\",\"position\":2,\"name\":\"Therapie\",\"item\":\"https:\\\/\\\/atos-mvz.de\\\/wiesbaden\\\/therapie\\\/\"},{\"@type\":\"ListItem\",\"position\":3,\"name\":\"Fragen &#038; Antworten\"}]},{\"@type\":\"WebSite\",\"@id\":\"https:\\\/\\\/atos-mvz.de\\\/wiesbaden\\\/#website\",\"url\":\"https:\\\/\\\/atos-mvz.de\\\/wiesbaden\\\/\",\"name\":\"MVZ Wiesbaden\",\"description\":\"\",\"potentialAction\":[{\"@type\":\"SearchAction\",\"target\":{\"@type\":\"EntryPoint\",\"urlTemplate\":\"https:\\\/\\\/atos-mvz.de\\\/wiesbaden\\\/?s={search_term_string}\"},\"query-input\":{\"@type\":\"PropertyValueSpecification\",\"valueRequired\":true,\"valueName\":\"search_term_string\"}}],\"inLanguage\":\"de\"}]}<\/script>\n<!-- \/ Yoast SEO plugin. -->","yoast_head_json":{"title":"Fragen & Antworten - MVZ Wiesbaden","description":"Fragen & Antworten zu Ihrer Operation - Von \"Wo wird meine Operation durchgef\u00fchrt?\" bis \"Was sollte ich einpacken?\" - FAQs","robots":{"index":"index","follow":"follow","max-snippet":"max-snippet:-1","max-image-preview":"max-image-preview:large","max-video-preview":"max-video-preview:-1"},"canonical":"https:\/\/atos-mvz.de\/wiesbaden\/therapie\/fragen-antworten\/","og_locale":"de_DE","og_type":"article","og_title":"Fragen & Antworten - MVZ Wiesbaden","og_description":"Fragen & Antworten zu Ihrer Operation - Von \"Wo wird meine Operation durchgef\u00fchrt?\" bis \"Was sollte ich einpacken?\" - FAQs","og_url":"https:\/\/atos-mvz.de\/wiesbaden\/therapie\/fragen-antworten\/","og_site_name":"MVZ Wiesbaden","article_modified_time":"2026-01-15T15:36:10+00:00","twitter_card":"summary_large_image","schema":{"@context":"https:\/\/schema.org","@graph":[{"@type":"WebPage","@id":"https:\/\/atos-mvz.de\/wiesbaden\/therapie\/fragen-antworten\/","url":"https:\/\/atos-mvz.de\/wiesbaden\/therapie\/fragen-antworten\/","name":"Fragen & Antworten - MVZ Wiesbaden","isPartOf":{"@id":"https:\/\/atos-mvz.de\/wiesbaden\/#website"},"datePublished":"2023-09-13T09:55:28+00:00","dateModified":"2026-01-15T15:36:10+00:00","description":"Fragen & Antworten zu Ihrer Operation - Von \"Wo wird meine Operation durchgef\u00fchrt?\" bis \"Was sollte ich einpacken?\" - FAQs","breadcrumb":{"@id":"https:\/\/atos-mvz.de\/wiesbaden\/therapie\/fragen-antworten\/#breadcrumb"},"inLanguage":"de","potentialAction":[{"@type":"ReadAction","target":["https:\/\/atos-mvz.de\/wiesbaden\/therapie\/fragen-antworten\/"]}]},{"@type":"BreadcrumbList","@id":"https:\/\/atos-mvz.de\/wiesbaden\/therapie\/fragen-antworten\/#breadcrumb","itemListElement":[{"@type":"ListItem","position":1,"name":"Startseite","item":"https:\/\/atos-mvz.de\/wiesbaden\/startseite\/"},{"@type":"ListItem","position":2,"name":"Therapie","item":"https:\/\/atos-mvz.de\/wiesbaden\/therapie\/"},{"@type":"ListItem","position":3,"name":"Fragen &#038; Antworten"}]},{"@type":"WebSite","@id":"https:\/\/atos-mvz.de\/wiesbaden\/#website","url":"https:\/\/atos-mvz.de\/wiesbaden\/","name":"MVZ Wiesbaden","description":"","potentialAction":[{"@type":"SearchAction","target":{"@type":"EntryPoint","urlTemplate":"https:\/\/atos-mvz.de\/wiesbaden\/?s={search_term_string}"},"query-input":{"@type":"PropertyValueSpecification","valueRequired":true,"valueName":"search_term_string"}}],"inLanguage":"de"}]}},"_links":{"self":[{"href":"https:\/\/atos-mvz.de\/wiesbaden\/wp-json\/wp\/v2\/pages\/1542","targetHints":{"allow":["GET"]}}],"collection":[{"href":"https:\/\/atos-mvz.de\/wiesbaden\/wp-json\/wp\/v2\/pages"}],"about":[{"href":"https:\/\/atos-mvz.de\/wiesbaden\/wp-json\/wp\/v2\/types\/page"}],"author":[{"embeddable":true,"href":"https:\/\/atos-mvz.de\/wiesbaden\/wp-json\/wp\/v2\/users\/1"}],"replies":[{"embeddable":true,"href":"https:\/\/atos-mvz.de\/wiesbaden\/wp-json\/wp\/v2\/comments?post=1542"}],"version-history":[{"count":18,"href":"https:\/\/atos-mvz.de\/wiesbaden\/wp-json\/wp\/v2\/pages\/1542\/revisions"}],"predecessor-version":[{"id":2156,"href":"https:\/\/atos-mvz.de\/wiesbaden\/wp-json\/wp\/v2\/pages\/1542\/revisions\/2156"}],"up":[{"embeddable":true,"href":"https:\/\/atos-mvz.de\/wiesbaden\/wp-json\/wp\/v2\/pages\/1532"}],"wp:attachment":[{"href":"https:\/\/atos-mvz.de\/wiesbaden\/wp-json\/wp\/v2\/media?parent=1542"}],"curies":[{"name":"wp","href":"https:\/\/api.w.org\/{rel}","templated":true}]}}