{"id":1479,"date":"2023-09-13T10:06:29","date_gmt":"2023-09-13T08:06:29","guid":{"rendered":"https:\/\/atos-mvz.de\/wiesbaden\/?page_id=1479"},"modified":"2023-09-13T10:07:52","modified_gmt":"2023-09-13T08:07:52","slug":"schulterprothese-bei-schwerer-omarthrose","status":"publish","type":"page","link":"https:\/\/atos-mvz.de\/wiesbaden\/bereiche\/schulter\/schulterprothese-bei-schwerer-omarthrose\/","title":{"rendered":"Schulterprothese bei schwerer Omarthrose"},"content":{"rendered":"\n<style type=\"text\/css\" data-created_by=\"avia_inline_auto\" id=\"style-css-av-lmhg6p6z-038963768ec90a839837d1e8d7443d9f\">\n.avia-section.av-lmhg6p6z-038963768ec90a839837d1e8d7443d9f{\nbackground-repeat:no-repeat;\nbackground-image:url(https:\/\/atos-mvz.de\/wiesbaden\/wp-content\/uploads\/sites\/22\/2021\/01\/Schulterschmerzen_1700x600.jpg);\nbackground-position:50% 50%;\nbackground-attachment:scroll;\n}\n.avia-section.av-lmhg6p6z-038963768ec90a839837d1e8d7443d9f .av-extra-border-element .av-extra-border-inner{\nbackground-color:#ffffff;\n}\n<\/style>\n<div id='header-img'  class='avia-section av-lmhg6p6z-038963768ec90a839837d1e8d7443d9f main_color avia-section-huge avia-no-border-styling  avia-builder-el-0  el_before_av_section  avia-builder-el-first  avia-full-stretch avia-bg-style-scroll container_wrap fullsize'  data-section-bg-repeat='stretch'><div class='container av-section-cont-open' ><main  role=\"main\" itemprop=\"mainContentOfPage\"  class='template-page content  av-content-full alpha units'><div class='post-entry post-entry-type-page post-entry-1479'><div class='entry-content-wrapper clearfix'>\n\n<style type=\"text\/css\" data-created_by=\"avia_inline_auto\" id=\"style-css-av-2vrpj-98d59c803767e5d5dcbf178a51e687c3\">\n#top .hr.hr-invisible.av-2vrpj-98d59c803767e5d5dcbf178a51e687c3{\nheight:100px;\n}\n<\/style>\n<div  class='hr av-2vrpj-98d59c803767e5d5dcbf178a51e687c3 hr-invisible  avia-builder-el-1  avia-builder-el-no-sibling '><span class='hr-inner '><span class=\"hr-inner-style\"><\/span><\/span><\/div>\n\n<\/div><\/div><\/main><!-- close content main element --><\/div><div class='av-extra-border-element border-extra-diagonal border-extra-diagonal-inverse '><div class='av-extra-border-outer'><div class='av-extra-border-inner'><\/div><\/div><\/div><\/div>\n<style type=\"text\/css\" data-created_by=\"avia_inline_auto\" id=\"style-css-av-5q3fwn-c13a2f85d35eb9ed09338a188f495ca8\">\n.avia-section.av-5q3fwn-c13a2f85d35eb9ed09338a188f495ca8 .av-extra-border-element .av-extra-border-inner{\nbackground-color:#f1f0f5;\n}\n<\/style>\n<div id='av_section_2'  class='avia-section av-5q3fwn-c13a2f85d35eb9ed09338a188f495ca8 main_color avia-section-large avia-no-border-styling  avia-builder-el-2  el_after_av_section  avia-builder-el-last  small-container avia-bg-style-scroll container_wrap fullsize'  ><div class='container av-section-cont-open' ><div class='template-page content  av-content-full alpha units'><div class='post-entry post-entry-type-page post-entry-1479'><div class='entry-content-wrapper clearfix'>\n<section  class='av_textblock_section av-lmhg7blr-f0694cfa256195d1d8d6dd5110c11fa5 '   itemscope=\"itemscope\" itemtype=\"https:\/\/schema.org\/CreativeWork\" ><div class='avia_textblock'  itemprop=\"text\" ><h1><strong>Schulterprothese bei schwerer Omarthrose<br \/>\n<\/strong><\/h1>\n<p><img loading=\"lazy\" decoding=\"async\" class=\"size-medium wp-image-1450 alignright\" src=\"https:\/\/atos-mvz.de\/wiesbaden\/wp-content\/uploads\/sites\/22\/2023\/09\/Informationen-zur-Koxarthrose-300x286.jpg\" alt=\"\" width=\"300\" height=\"286\" srcset=\"https:\/\/atos-mvz.de\/wiesbaden\/wp-content\/uploads\/sites\/22\/2023\/09\/Informationen-zur-Koxarthrose-300x286.jpg 300w, https:\/\/atos-mvz.de\/wiesbaden\/wp-content\/uploads\/sites\/22\/2023\/09\/Informationen-zur-Koxarthrose.jpg 630w\" sizes=\"auto, (max-width: 300px) 100vw, 300px\" \/><\/p>\n<p><strong>Die Anatomie des Schultergelenks ist sehr komplex.<\/strong><\/p>\n<p>Der k\u00fcnstliche Ersatz des Schultergelenkes ist zwar nicht so h\u00e4ufig, wie an H\u00fcfte oder Knie. Wenn er dennoch erforderlich wird, kann diese Operation effektiv den durch Arthrose bedingten Schmerz beseitigen. Bei den meisten Patienten bessert sich auch die Funktion der Schulter, wenngleich nicht auf die Werte einer gesunden Schulter.<\/p>\n<p><strong>Ein wenig Anatomie:<\/strong><br \/>\nDas Schultergelenk besteht aus drei Knochen: dem Schulterblatt (Skapula), dem Oberarm (Humerus) und dem Schl\u00fcsselbein (Klavikula). Ein Muskelmantel mit der Bezeichnung \u201eRotatorenmanschette\u201c verbindet den Oberarm mit dem Schulterblatt. Die Rotatorenmanschette besteht aus den Sehnen der vier Muskeln: M. supraspinatus, M. infraspinatus, M. teres minor und M. subscapularis und hilft den Arm zu heben und zu drehen. Beim Anheben des Arms zieht die Rotatorenmanschette den Oberarmkopf eng an die Schultergelenkspfanne (Glenoid).<\/p>\n<p>Den oberen Abschnitt des Schulterblattes bildet das Schulterdach. Es wird Acromion genannt. Ein Schleimbeutel liegt zwischen Muskelmantel und Schulterdach. Er sch\u00fctzt die Sehnen des Muskelmantels davor, am Schulterdach zu reiben.<\/p>\n<\/div><\/section>\n\n<style type=\"text\/css\" data-created_by=\"avia_inline_auto\" id=\"style-css-av-lmhg7hfp-741e04d268d89897803873309fc5e2a8\">\n#top .hr.av-lmhg7hfp-741e04d268d89897803873309fc5e2a8{\nmargin-top:20;\nmargin-bottom:30px;\n}\n.hr.av-lmhg7hfp-741e04d268d89897803873309fc5e2a8 .hr-inner{\nwidth:100%;\nborder-color:#f1f0f5;\n}\n<\/style>\n<div  class='hr av-lmhg7hfp-741e04d268d89897803873309fc5e2a8 hr-custom  avia-builder-el-4  el_after_av_textblock  el_before_av_textblock  hr-center hr-icon-no'><span class='hr-inner inner-border-av-border-thin'><span class=\"hr-inner-style\"><\/span><\/span><\/div>\n<section  class='av_textblock_section av-lmhg7moj-3b7f8f12765798d770b33a33c340d30a '   itemscope=\"itemscope\" itemtype=\"https:\/\/schema.org\/CreativeWork\" ><div class='avia_textblock'  itemprop=\"text\" ><h2><strong>Ursachen f\u00fcr eine Omarthose<\/strong><\/h2>\n<p><img loading=\"lazy\" decoding=\"async\" class=\"size-medium wp-image-1458 alignright\" src=\"https:\/\/atos-mvz.de\/wiesbaden\/wp-content\/uploads\/sites\/22\/2023\/09\/patient-mit_einer_rotatorenmanschetten-ruptur-300x200.jpg\" alt=\"\" width=\"300\" height=\"200\" srcset=\"https:\/\/atos-mvz.de\/wiesbaden\/wp-content\/uploads\/sites\/22\/2023\/09\/patient-mit_einer_rotatorenmanschetten-ruptur-300x200.jpg 300w, https:\/\/atos-mvz.de\/wiesbaden\/wp-content\/uploads\/sites\/22\/2023\/09\/patient-mit_einer_rotatorenmanschetten-ruptur.jpg 567w\" sizes=\"auto, (max-width: 300px) 100vw, 300px\" \/><\/p>\n<p>Der h\u00e4ufigste Grund f\u00fcr eine Schulterprothese ist ein Knorpelverlust im Rahmen von Verschlei\u00dferscheinungen, auch Omarthrose genannt. Eine Omarthrose kann auch ohne voraus gegangene Verletzung entstehen, obwohl dies eher un\u00fcblich ist. Da die Schulter kein lasttragendes Gelenk wie H\u00fcfte oder Kniegelenk ist, erleidet sie nicht so h\u00e4ufig einen Verschlei\u00df. Viel h\u00e4ufiger entsteht die Omarthrose durch eine Verletzung, wie z.B. eine Instabilit\u00e4t nach Ausrenken der Schulter. Mit der Zeit f\u00fchren dann die abnormeb Scherkr\u00e4fte zu einem Verschlei\u00df des Gelenkknorpels.<\/p>\n<p>Ein Schultergelenk kann auch durch eine systemische Erkrankung, wie z.B. der rheumatoiden Arthritis, verschlei\u00dfen. Auch nach bestimmten Br\u00fcchen des Oberarmes kann die Blutversorgung des Kopfes gest\u00f6rt sein.<\/p>\n<\/div><\/section>\n\n<style type=\"text\/css\" data-created_by=\"avia_inline_auto\" id=\"style-css-av-3s5v6v-f1b4465a630de42833c381eb7c49235b\">\n#top .hr.av-3s5v6v-f1b4465a630de42833c381eb7c49235b{\nmargin-top:20px;\nmargin-bottom:30px;\n}\n.hr.av-3s5v6v-f1b4465a630de42833c381eb7c49235b .hr-inner{\nwidth:100%;\nborder-color:#f1f0f5;\n}\n<\/style>\n<div  class='hr av-3s5v6v-f1b4465a630de42833c381eb7c49235b hr-custom  avia-builder-el-6  el_after_av_textblock  el_before_av_textblock  hr-center hr-icon-no'><span class='hr-inner inner-border-av-border-thin'><span class=\"hr-inner-style\"><\/span><\/span><\/div>\n<section  class='av_textblock_section av-lmhg9pc4-9a95a2a1e29864fa1da6637e9fb54c92 '   itemscope=\"itemscope\" itemtype=\"https:\/\/schema.org\/CreativeWork\" ><div class='avia_textblock'  itemprop=\"text\" ><h2><strong>Die operative Therapie<\/strong><\/h2>\n<p><img loading=\"lazy\" decoding=\"async\" class=\"size-full wp-image-1480 alignright\" src=\"https:\/\/atos-mvz.de\/wiesbaden\/wp-content\/uploads\/sites\/22\/2023\/09\/schulterprothese_2.jpg\" alt=\"\" width=\"168\" height=\"132\" \/><\/p>\n<p>Es gibt zwei Typen von k\u00fcnstlichen Schultergelenken: zementierte und zementfreie Prothesen. Die zementierte Version wird durch eine Art Epoxyzement in Knochen fixiert. Die zementfreie Version besitzt eine aufgeraute, strukturierte Oberfl\u00e4che. Der Knochen w\u00e4chst auf die Oberfl\u00e4che und fixiert so die Prothese im Knochen. Beide Typen sind weit verbreitet.<\/p>\n<p><strong>Es k\u00f6nnen &#8211; je nach Bedarf &#8211; verschiedene Prothesentypen zum Einsatz kommen<\/strong><\/p>\n<p>Jede Prothese besteht aus zwei Komponenten. Eine humerale Komponente ersetzt den Oberarmkopf und besteht aus einer Metalllegierung. Die glenoidale Komponente ersetzt die Schultergelenkspfanne und besteht in der Regel aus zwei Teilen: Einer Metallschale, die direkt am Knochen verankert wird und einer Kunststoffauflage, die die Pfanne formt. In seltenen F\u00e4llen kann eine Prothese mit \u201eumgekehrter Anatomie\u201c zum Einsatz kommen, d.h. in der urspr\u00fcnglichen Gelenkpfanne wird ein Gelenkkopf platziert und am Oberarmknochen eine Gelenkpfanne.<\/p>\n<p><img loading=\"lazy\" decoding=\"async\" class=\"size-medium wp-image-1481 alignright\" src=\"https:\/\/atos-mvz.de\/wiesbaden\/wp-content\/uploads\/sites\/22\/2023\/09\/schulterprothese-240x300.jpg\" alt=\"\" width=\"240\" height=\"300\" srcset=\"https:\/\/atos-mvz.de\/wiesbaden\/wp-content\/uploads\/sites\/22\/2023\/09\/schulterprothese-240x300.jpg 240w, https:\/\/atos-mvz.de\/wiesbaden\/wp-content\/uploads\/sites\/22\/2023\/09\/schulterprothese.jpg 248w\" sizes=\"auto, (max-width: 240px) 100vw, 240px\" \/><\/p>\n<p>Der Ersatz des Schultergelenkes kann auf zwei Arten durchgef\u00fchrt werden: Wenn der Gelenkknorpel sowohl auf dem Oberarmkopf als auch an der Pfanne verschlissen ist, m\u00fcssen beide Gelenkabschnitte ersetzt werden. Dieser Eingriff hei\u00dft auch \u201eArthroplastik\u201c.<\/p>\n<p>Wenn der Knorpelbelag auf der Pfanne jedoch noch halbwegs intakt ist, kann der Operateur auch nur den Oberarmkopf ersetzen. Dieser Eingriff hei\u00dft dann \u201eHemiarthroplastik\u201c. In der Regel wird die Hemiarthroplastik bevorzugt, da das Glenoid schwieriger zu ersetzen ist und ein h\u00f6heres Risiko hat, sich wieder auszulockern.<\/p>\n<\/div><\/section>\n<section  class='av_textblock_section av-lmhgksxk-a18559e70290d241b849c1e8b31eab6b '   itemscope=\"itemscope\" itemtype=\"https:\/\/schema.org\/CreativeWork\" ><div class='avia_textblock'  itemprop=\"text\" ><p><img loading=\"lazy\" decoding=\"async\" class=\"size-medium wp-image-1482 alignright\" src=\"https:\/\/atos-mvz.de\/wiesbaden\/wp-content\/uploads\/sites\/22\/2023\/09\/prothese_roentgenbild-208x300.png\" alt=\"\" width=\"208\" height=\"300\" srcset=\"https:\/\/atos-mvz.de\/wiesbaden\/wp-content\/uploads\/sites\/22\/2023\/09\/prothese_roentgenbild-208x300.png 208w, https:\/\/atos-mvz.de\/wiesbaden\/wp-content\/uploads\/sites\/22\/2023\/09\/prothese_roentgenbild-489x705.png 489w, https:\/\/atos-mvz.de\/wiesbaden\/wp-content\/uploads\/sites\/22\/2023\/09\/prothese_roentgenbild.png 618w\" sizes=\"auto, (max-width: 208px) 100vw, 208px\" \/><\/p>\n<p>Der Eingriff wird in der Regel in Vollnarkose durchgef\u00fchrt. Dabei wird der vordere Zugang zum Schultergelenk gew\u00e4hlt. Nachdem der Oberarmkopf teilweise entfernt wurde, kann der Oberarmschaft f\u00fcr die Aufnahme der Prothese vorbereitet werden.<\/p>\n<p>Das Glenoid wird ersetzt indem der restliche Knorpel entfernt wird und Verankerungsl\u00f6cher f\u00fcr die Metallschale in das Schulterblatt gebohrt werden. Schlie\u00dflich werden die Komponenten eingesetzt und ein k\u00fcnstlicher Oberarmkopf auf den Schaft aufgesetzt. Nach Readaptation der Muskulatur wird die Haut wieder verschlossen und der Arm in einer speziellen Schlinge gelagert.<\/p>\n<\/div><\/section>\n\n<style type=\"text\/css\" data-created_by=\"avia_inline_auto\" id=\"style-css-av-2klkuv-91fa2cb36b264d15baba2ecb596320e8\">\n#top .hr.av-2klkuv-91fa2cb36b264d15baba2ecb596320e8{\nmargin-top:20px;\nmargin-bottom:30px;\n}\n.hr.av-2klkuv-91fa2cb36b264d15baba2ecb596320e8 .hr-inner{\nwidth:100%;\nborder-color:#f1f0f5;\n}\n<\/style>\n<div  class='hr av-2klkuv-91fa2cb36b264d15baba2ecb596320e8 hr-custom  avia-builder-el-9  el_after_av_textblock  el_before_av_textblock  hr-center hr-icon-no'><span class='hr-inner inner-border-av-border-thin'><span class=\"hr-inner-style\"><\/span><\/span><\/div>\n<section  class='av_textblock_section av-lmhgj19p-6d99cf03ed7222124504abd6a4e44fed '   itemscope=\"itemscope\" itemtype=\"https:\/\/schema.org\/CreativeWork\" ><div class='avia_textblock'  itemprop=\"text\" ><h2><strong>Rehabilitation<\/strong><\/h2>\n<p>Am 1. Tag nach dem Eingriff wird Ihr Rehabilitationsprogramm beginnen. Die Physiotherapeut(in) wird sicherstellen, dass Sie sich wohl f\u00fchlen und ohne Probleme aus dem Bett steigen k\u00f6nnen. Das Gelenk wird vorsichtig durchbewegt und die Schulter mittels Motorschiene be\u00fcbt. Bei reizloser Wundheilung k\u00f6nnen Sie dann nach Hause entlassen werden.<\/p>\n<p><img loading=\"lazy\" decoding=\"async\" class=\"size-medium wp-image-1483 alignright\" src=\"https:\/\/atos-mvz.de\/wiesbaden\/wp-content\/uploads\/sites\/22\/2023\/09\/ambulanten_krankengymnastik-300x200.jpg\" alt=\"\" width=\"300\" height=\"200\" srcset=\"https:\/\/atos-mvz.de\/wiesbaden\/wp-content\/uploads\/sites\/22\/2023\/09\/ambulanten_krankengymnastik-300x200.jpg 300w, https:\/\/atos-mvz.de\/wiesbaden\/wp-content\/uploads\/sites\/22\/2023\/09\/ambulanten_krankengymnastik.jpg 546w\" sizes=\"auto, (max-width: 300px) 100vw, 300px\" \/><\/p>\n<p>Bei der ambulanten Krankengymnastik werden zun\u00e4chst Techniken angewandt, die die Muskulatur entspannen und die Schmerzen d\u00e4mpfen. Danach werden anspruchsvollere \u00dcbungen begonnen, um die Beweglichkeit der Schulter langsam zu steigern. Schlie\u00dflich k\u00f6nnen mit ausgew\u00e4hlten \u00dcbungen allt\u00e4gliche Aktivit\u00e4ten oder berufliche Anforderungen trainiert werden.<\/p>\n<p>Wenn die Kraft und Beweglichkeit der Schulter sich ausreichend gebessert haben, sollten Sie zu normalen Aktivit\u00e4ten zur\u00fcckkehren. Je nach dem wie Ihre Anforderungen an die k\u00fcnstlich ersetzte Schulter sind, kann abschlie\u00dfend noch ein intensives Aufbauprogramm z.B. in Form einer EAP (erweiterte ambulante Physiotherapie) angeraten sein.<\/p>\n<\/div><\/section>\n\n","protected":false},"excerpt":{"rendered":"","protected":false},"author":1,"featured_media":0,"parent":1439,"menu_order":0,"comment_status":"closed","ping_status":"closed","template":"","meta":{"footnotes":""},"class_list":["post-1479","page","type-page","status-publish","hentry"],"yoast_head":"<!-- This site is optimized with the Yoast SEO plugin v27.3 - https:\/\/yoast.com\/product\/yoast-seo-wordpress\/ -->\n<title>Schulterprothese bei schwerer Omarthrose - MVZ Wiesbaden<\/title>\n<meta name=\"robots\" content=\"index, follow, max-snippet:-1, max-image-preview:large, max-video-preview:-1\" \/>\n<link rel=\"canonical\" href=\"https:\/\/atos-mvz.de\/wiesbaden\/bereiche\/schulter\/schulterprothese-bei-schwerer-omarthrose\/\" \/>\n<meta property=\"og:locale\" content=\"de_DE\" \/>\n<meta property=\"og:type\" content=\"article\" \/>\n<meta property=\"og:title\" content=\"Schulterprothese bei schwerer Omarthrose - MVZ Wiesbaden\" \/>\n<meta property=\"og:url\" content=\"https:\/\/atos-mvz.de\/wiesbaden\/bereiche\/schulter\/schulterprothese-bei-schwerer-omarthrose\/\" \/>\n<meta property=\"og:site_name\" content=\"MVZ Wiesbaden\" \/>\n<meta property=\"article:modified_time\" content=\"2023-09-13T08:07:52+00:00\" \/>\n<meta property=\"og:image\" content=\"https:\/\/atos-mvz.de\/wiesbaden\/wp-content\/uploads\/sites\/22\/2023\/09\/Informationen-zur-Koxarthrose-300x286.jpg\" \/>\n<meta name=\"twitter:card\" content=\"summary_large_image\" \/>\n<script type=\"application\/ld+json\" class=\"yoast-schema-graph\">{\"@context\":\"https:\\\/\\\/schema.org\",\"@graph\":[{\"@type\":\"WebPage\",\"@id\":\"https:\\\/\\\/atos-mvz.de\\\/wiesbaden\\\/bereiche\\\/schulter\\\/schulterprothese-bei-schwerer-omarthrose\\\/\",\"url\":\"https:\\\/\\\/atos-mvz.de\\\/wiesbaden\\\/bereiche\\\/schulter\\\/schulterprothese-bei-schwerer-omarthrose\\\/\",\"name\":\"Schulterprothese bei schwerer Omarthrose - MVZ Wiesbaden\",\"isPartOf\":{\"@id\":\"https:\\\/\\\/atos-mvz.de\\\/wiesbaden\\\/#website\"},\"primaryImageOfPage\":{\"@id\":\"https:\\\/\\\/atos-mvz.de\\\/wiesbaden\\\/bereiche\\\/schulter\\\/schulterprothese-bei-schwerer-omarthrose\\\/#primaryimage\"},\"image\":{\"@id\":\"https:\\\/\\\/atos-mvz.de\\\/wiesbaden\\\/bereiche\\\/schulter\\\/schulterprothese-bei-schwerer-omarthrose\\\/#primaryimage\"},\"thumbnailUrl\":\"https:\\\/\\\/atos-mvz.de\\\/wiesbaden\\\/wp-content\\\/uploads\\\/sites\\\/22\\\/2023\\\/09\\\/Informationen-zur-Koxarthrose-300x286.jpg\",\"datePublished\":\"2023-09-13T08:06:29+00:00\",\"dateModified\":\"2023-09-13T08:07:52+00:00\",\"breadcrumb\":{\"@id\":\"https:\\\/\\\/atos-mvz.de\\\/wiesbaden\\\/bereiche\\\/schulter\\\/schulterprothese-bei-schwerer-omarthrose\\\/#breadcrumb\"},\"inLanguage\":\"de\",\"potentialAction\":[{\"@type\":\"ReadAction\",\"target\":[\"https:\\\/\\\/atos-mvz.de\\\/wiesbaden\\\/bereiche\\\/schulter\\\/schulterprothese-bei-schwerer-omarthrose\\\/\"]}]},{\"@type\":\"ImageObject\",\"inLanguage\":\"de\",\"@id\":\"https:\\\/\\\/atos-mvz.de\\\/wiesbaden\\\/bereiche\\\/schulter\\\/schulterprothese-bei-schwerer-omarthrose\\\/#primaryimage\",\"url\":\"https:\\\/\\\/atos-mvz.de\\\/wiesbaden\\\/wp-content\\\/uploads\\\/sites\\\/22\\\/2023\\\/09\\\/Informationen-zur-Koxarthrose.jpg\",\"contentUrl\":\"https:\\\/\\\/atos-mvz.de\\\/wiesbaden\\\/wp-content\\\/uploads\\\/sites\\\/22\\\/2023\\\/09\\\/Informationen-zur-Koxarthrose.jpg\",\"width\":630,\"height\":600},{\"@type\":\"BreadcrumbList\",\"@id\":\"https:\\\/\\\/atos-mvz.de\\\/wiesbaden\\\/bereiche\\\/schulter\\\/schulterprothese-bei-schwerer-omarthrose\\\/#breadcrumb\",\"itemListElement\":[{\"@type\":\"ListItem\",\"position\":1,\"name\":\"Startseite\",\"item\":\"https:\\\/\\\/atos-mvz.de\\\/wiesbaden\\\/startseite\\\/\"},{\"@type\":\"ListItem\",\"position\":2,\"name\":\"Bereiche\",\"item\":\"https:\\\/\\\/atos-mvz.de\\\/wiesbaden\\\/bereiche\\\/\"},{\"@type\":\"ListItem\",\"position\":3,\"name\":\"Schulter\",\"item\":\"https:\\\/\\\/atos-mvz.de\\\/wiesbaden\\\/bereiche\\\/schulter\\\/\"},{\"@type\":\"ListItem\",\"position\":4,\"name\":\"Schulterprothese bei schwerer Omarthrose\"}]},{\"@type\":\"WebSite\",\"@id\":\"https:\\\/\\\/atos-mvz.de\\\/wiesbaden\\\/#website\",\"url\":\"https:\\\/\\\/atos-mvz.de\\\/wiesbaden\\\/\",\"name\":\"MVZ Wiesbaden\",\"description\":\"\",\"potentialAction\":[{\"@type\":\"SearchAction\",\"target\":{\"@type\":\"EntryPoint\",\"urlTemplate\":\"https:\\\/\\\/atos-mvz.de\\\/wiesbaden\\\/?s={search_term_string}\"},\"query-input\":{\"@type\":\"PropertyValueSpecification\",\"valueRequired\":true,\"valueName\":\"search_term_string\"}}],\"inLanguage\":\"de\"}]}<\/script>\n<!-- \/ Yoast SEO plugin. -->","yoast_head_json":{"title":"Schulterprothese bei schwerer Omarthrose - MVZ Wiesbaden","robots":{"index":"index","follow":"follow","max-snippet":"max-snippet:-1","max-image-preview":"max-image-preview:large","max-video-preview":"max-video-preview:-1"},"canonical":"https:\/\/atos-mvz.de\/wiesbaden\/bereiche\/schulter\/schulterprothese-bei-schwerer-omarthrose\/","og_locale":"de_DE","og_type":"article","og_title":"Schulterprothese bei schwerer Omarthrose - MVZ Wiesbaden","og_url":"https:\/\/atos-mvz.de\/wiesbaden\/bereiche\/schulter\/schulterprothese-bei-schwerer-omarthrose\/","og_site_name":"MVZ Wiesbaden","article_modified_time":"2023-09-13T08:07:52+00:00","og_image":[{"url":"https:\/\/atos-mvz.de\/wiesbaden\/wp-content\/uploads\/sites\/22\/2023\/09\/Informationen-zur-Koxarthrose-300x286.jpg","type":"","width":"","height":""}],"twitter_card":"summary_large_image","schema":{"@context":"https:\/\/schema.org","@graph":[{"@type":"WebPage","@id":"https:\/\/atos-mvz.de\/wiesbaden\/bereiche\/schulter\/schulterprothese-bei-schwerer-omarthrose\/","url":"https:\/\/atos-mvz.de\/wiesbaden\/bereiche\/schulter\/schulterprothese-bei-schwerer-omarthrose\/","name":"Schulterprothese bei schwerer Omarthrose - MVZ Wiesbaden","isPartOf":{"@id":"https:\/\/atos-mvz.de\/wiesbaden\/#website"},"primaryImageOfPage":{"@id":"https:\/\/atos-mvz.de\/wiesbaden\/bereiche\/schulter\/schulterprothese-bei-schwerer-omarthrose\/#primaryimage"},"image":{"@id":"https:\/\/atos-mvz.de\/wiesbaden\/bereiche\/schulter\/schulterprothese-bei-schwerer-omarthrose\/#primaryimage"},"thumbnailUrl":"https:\/\/atos-mvz.de\/wiesbaden\/wp-content\/uploads\/sites\/22\/2023\/09\/Informationen-zur-Koxarthrose-300x286.jpg","datePublished":"2023-09-13T08:06:29+00:00","dateModified":"2023-09-13T08:07:52+00:00","breadcrumb":{"@id":"https:\/\/atos-mvz.de\/wiesbaden\/bereiche\/schulter\/schulterprothese-bei-schwerer-omarthrose\/#breadcrumb"},"inLanguage":"de","potentialAction":[{"@type":"ReadAction","target":["https:\/\/atos-mvz.de\/wiesbaden\/bereiche\/schulter\/schulterprothese-bei-schwerer-omarthrose\/"]}]},{"@type":"ImageObject","inLanguage":"de","@id":"https:\/\/atos-mvz.de\/wiesbaden\/bereiche\/schulter\/schulterprothese-bei-schwerer-omarthrose\/#primaryimage","url":"https:\/\/atos-mvz.de\/wiesbaden\/wp-content\/uploads\/sites\/22\/2023\/09\/Informationen-zur-Koxarthrose.jpg","contentUrl":"https:\/\/atos-mvz.de\/wiesbaden\/wp-content\/uploads\/sites\/22\/2023\/09\/Informationen-zur-Koxarthrose.jpg","width":630,"height":600},{"@type":"BreadcrumbList","@id":"https:\/\/atos-mvz.de\/wiesbaden\/bereiche\/schulter\/schulterprothese-bei-schwerer-omarthrose\/#breadcrumb","itemListElement":[{"@type":"ListItem","position":1,"name":"Startseite","item":"https:\/\/atos-mvz.de\/wiesbaden\/startseite\/"},{"@type":"ListItem","position":2,"name":"Bereiche","item":"https:\/\/atos-mvz.de\/wiesbaden\/bereiche\/"},{"@type":"ListItem","position":3,"name":"Schulter","item":"https:\/\/atos-mvz.de\/wiesbaden\/bereiche\/schulter\/"},{"@type":"ListItem","position":4,"name":"Schulterprothese bei schwerer Omarthrose"}]},{"@type":"WebSite","@id":"https:\/\/atos-mvz.de\/wiesbaden\/#website","url":"https:\/\/atos-mvz.de\/wiesbaden\/","name":"MVZ Wiesbaden","description":"","potentialAction":[{"@type":"SearchAction","target":{"@type":"EntryPoint","urlTemplate":"https:\/\/atos-mvz.de\/wiesbaden\/?s={search_term_string}"},"query-input":{"@type":"PropertyValueSpecification","valueRequired":true,"valueName":"search_term_string"}}],"inLanguage":"de"}]}},"_links":{"self":[{"href":"https:\/\/atos-mvz.de\/wiesbaden\/wp-json\/wp\/v2\/pages\/1479","targetHints":{"allow":["GET"]}}],"collection":[{"href":"https:\/\/atos-mvz.de\/wiesbaden\/wp-json\/wp\/v2\/pages"}],"about":[{"href":"https:\/\/atos-mvz.de\/wiesbaden\/wp-json\/wp\/v2\/types\/page"}],"author":[{"embeddable":true,"href":"https:\/\/atos-mvz.de\/wiesbaden\/wp-json\/wp\/v2\/users\/1"}],"replies":[{"embeddable":true,"href":"https:\/\/atos-mvz.de\/wiesbaden\/wp-json\/wp\/v2\/comments?post=1479"}],"version-history":[{"count":4,"href":"https:\/\/atos-mvz.de\/wiesbaden\/wp-json\/wp\/v2\/pages\/1479\/revisions"}],"predecessor-version":[{"id":1485,"href":"https:\/\/atos-mvz.de\/wiesbaden\/wp-json\/wp\/v2\/pages\/1479\/revisions\/1485"}],"up":[{"embeddable":true,"href":"https:\/\/atos-mvz.de\/wiesbaden\/wp-json\/wp\/v2\/pages\/1439"}],"wp:attachment":[{"href":"https:\/\/atos-mvz.de\/wiesbaden\/wp-json\/wp\/v2\/media?parent=1479"}],"curies":[{"name":"wp","href":"https:\/\/api.w.org\/{rel}","templated":true}]}}