{"id":1471,"date":"2023-09-13T09:54:35","date_gmt":"2023-09-13T07:54:35","guid":{"rendered":"https:\/\/atos-mvz.de\/wiesbaden\/?page_id=1471"},"modified":"2023-09-13T09:55:39","modified_gmt":"2023-09-13T07:55:39","slug":"kapsulitis-am-schultergelenk","status":"publish","type":"page","link":"https:\/\/atos-mvz.de\/wiesbaden\/bereiche\/schulter\/kapsulitis-am-schultergelenk\/","title":{"rendered":"Kapsulitis am Schultergelenk"},"content":{"rendered":"\n<style type=\"text\/css\" data-created_by=\"avia_inline_auto\" id=\"style-css-av-lmhfwv2s-72272cce54e89209f70d875fc5ed03ea\">\n.avia-section.av-lmhfwv2s-72272cce54e89209f70d875fc5ed03ea{\nbackground-repeat:no-repeat;\nbackground-image:url(https:\/\/atos-mvz.de\/wiesbaden\/wp-content\/uploads\/sites\/22\/2021\/01\/Schulterschmerzen_1700x600.jpg);\nbackground-position:50% 50%;\nbackground-attachment:scroll;\n}\n.avia-section.av-lmhfwv2s-72272cce54e89209f70d875fc5ed03ea .av-extra-border-element .av-extra-border-inner{\nbackground-color:#ffffff;\n}\n<\/style>\n<div id='header-img'  class='avia-section av-lmhfwv2s-72272cce54e89209f70d875fc5ed03ea main_color avia-section-huge avia-no-border-styling  avia-builder-el-0  el_before_av_section  avia-builder-el-first  avia-full-stretch avia-bg-style-scroll container_wrap fullsize'  data-section-bg-repeat='stretch'><div class='container av-section-cont-open' ><main  role=\"main\" itemprop=\"mainContentOfPage\"  class='template-page content  av-content-full alpha units'><div class='post-entry post-entry-type-page post-entry-1471'><div class='entry-content-wrapper clearfix'>\n\n<style type=\"text\/css\" data-created_by=\"avia_inline_auto\" id=\"style-css-av-alh3kf-efa0bc681b096516683cfb5eab4e71dc\">\n#top .hr.hr-invisible.av-alh3kf-efa0bc681b096516683cfb5eab4e71dc{\nheight:100px;\n}\n<\/style>\n<div  class='hr av-alh3kf-efa0bc681b096516683cfb5eab4e71dc hr-invisible  avia-builder-el-1  avia-builder-el-no-sibling '><span class='hr-inner '><span class=\"hr-inner-style\"><\/span><\/span><\/div>\n\n<\/div><\/div><\/main><!-- close content main element --><\/div><div class='av-extra-border-element border-extra-diagonal border-extra-diagonal-inverse '><div class='av-extra-border-outer'><div class='av-extra-border-inner'><\/div><\/div><\/div><\/div>\n<style type=\"text\/css\" data-created_by=\"avia_inline_auto\" id=\"style-css-av-9qocfz-548059d9f725274dc993bd88f5b3c93a\">\n.avia-section.av-9qocfz-548059d9f725274dc993bd88f5b3c93a .av-extra-border-element .av-extra-border-inner{\nbackground-color:#f1f0f5;\n}\n<\/style>\n<div id='av_section_2'  class='avia-section av-9qocfz-548059d9f725274dc993bd88f5b3c93a main_color avia-section-large avia-no-border-styling  avia-builder-el-2  el_after_av_section  avia-builder-el-last  small-container avia-bg-style-scroll container_wrap fullsize'  ><div class='container av-section-cont-open' ><div class='template-page content  av-content-full alpha units'><div class='post-entry post-entry-type-page post-entry-1471'><div class='entry-content-wrapper clearfix'>\n<section  class='av_textblock_section av-lmhfxsdx-1d98f474c8833ef37fe12b4188f949a3 '   itemscope=\"itemscope\" itemtype=\"https:\/\/schema.org\/CreativeWork\" ><div class='avia_textblock'  itemprop=\"text\" ><h1><strong>Kapsulitis am Schultergelenk<\/strong><\/h1>\n<h2>Die eingefrorene Schulter<\/h2>\n<p><img loading=\"lazy\" decoding=\"async\" class=\"size-medium wp-image-1472 alignright\" src=\"https:\/\/atos-mvz.de\/wiesbaden\/wp-content\/uploads\/sites\/22\/2023\/09\/frozen_shoulder-300x200.jpg\" alt=\"\" width=\"300\" height=\"200\" srcset=\"https:\/\/atos-mvz.de\/wiesbaden\/wp-content\/uploads\/sites\/22\/2023\/09\/frozen_shoulder-300x200.jpg 300w, https:\/\/atos-mvz.de\/wiesbaden\/wp-content\/uploads\/sites\/22\/2023\/09\/frozen_shoulder.jpg 546w\" sizes=\"auto, (max-width: 300px) 100vw, 300px\" \/><\/p>\n<p>Adh\u00e4sive Kapsulitis, oder auch \u201efrozen shoulder\u201c genannt, ist eine schmerzhafte Erkrankung der Schulter. Sie f\u00fchrt zu einem erheblichen Bewegungsverlust des Schultergelenkes. Die Kapsulitis kann nach einem Unfall auftreten, oder auch langsam und spontan, ohne Vorwarnung entstehen. Bei einer Kapsulitis f\u00fchrt eine Entz\u00fcndung dazu, dass die lockeren Kapselschichten aneinander kleben. Dies f\u00fchrt zu einer erheblichen Einschr\u00e4nkung der Beweglichkeit. Die Schulter \u201efriert quasi ein\u201c &#8211; eine \u201efrozen shoulder\u201c.<\/p>\n<\/div><\/section>\n\n<style type=\"text\/css\" data-created_by=\"avia_inline_auto\" id=\"style-css-av-lmhfz0rw-46a422d43885f11adfec20ef14d84237\">\n#top .hr.av-lmhfz0rw-46a422d43885f11adfec20ef14d84237{\nmargin-top:20px;\nmargin-bottom:30px;\n}\n.hr.av-lmhfz0rw-46a422d43885f11adfec20ef14d84237 .hr-inner{\nwidth:100%;\nborder-color:#f1f0f5;\n}\n<\/style>\n<div  class='hr av-lmhfz0rw-46a422d43885f11adfec20ef14d84237 hr-custom  avia-builder-el-4  el_after_av_textblock  el_before_av_textblock  hr-center hr-icon-no'><span class='hr-inner inner-border-av-border-thin'><span class=\"hr-inner-style\"><\/span><\/span><\/div>\n<section  class='av_textblock_section av-lmhfythb-446e696a9c3683af2d577adf84483bae '   itemscope=\"itemscope\" itemtype=\"https:\/\/schema.org\/CreativeWork\" ><div class='avia_textblock'  itemprop=\"text\" ><h2><strong>Ursachen der Kapsulitis<\/strong><\/h2>\n<p><strong>Bei der \u201efrozen shoulder\u201c ist eine verklebte Gelenkkapsel urs\u00e4chlich.<\/strong><\/p>\n<p>Die Ursachen einer adh\u00e4siven Kapsulitis sind weitgehend ungekl\u00e4rt. Nach der einen Theorie liegt eine autoimmune Reaktion zu Grunde. Bei einer Autoimmunreaktion beginnt das Immunsystem, dass normalerweise der Infektabwehr dient, f\u00e4lschlicherweise k\u00f6rpereigenes Gewebe anzugreifen. Dies ruft dann eine heftige Entz\u00fcndungsreaktion in dem\u00a0 angegriffenen Gewebe hervor.<\/p>\n<p>Keiner wei\u00df, warum dies so pl\u00f6tzlich auftritt. Eine Kapsulitis kann nach einem Unfall, einem Bruch oder einer Operation beginnen.<br \/>\nSie kann auch entstehen, wenn das Schultergelenk nicht ausreichend bewegt wird, beispielsweise nach einem Unterarmbruch mit langer Ruhigstellung in einer Schlinge. Eine frozen shoulder kann auch nach Operationen auftreten, die nicht an der Schulter durchgef\u00fchrt wurden &#8211; sogar in der Erholungsphase nach einem Herzinfarkt.<\/p>\n<p>Andere Erkrankungen an der Schulter, wie Schleimbeutelentz\u00fcndungen, Sehenrisse und Einklemmungsph\u00e4nomene k\u00f6nnen mit einer adh\u00e4siven Kapsulitis enden. Manche \u00c4rzte spekulieren, dass die urspr\u00fcngliche St\u00f6rung an der Schulter zu einer chronischen Entz\u00fcndung f\u00fchre.<\/p>\n<p>Der Schmerz wiederum l\u00e4sst den Patienten die Schulter weniger benutzen. In der Regel muss dann zun\u00e4chst die Kapsulitis behandelt werden, bevor die zu Grunde liegende St\u00f6rung angegangen werden kann.<\/p>\n<\/div><\/section>\n\n<style type=\"text\/css\" data-created_by=\"avia_inline_auto\" id=\"style-css-av-7l9zsv-bee0e84b0a204608643b57e7b9ca7fa4\">\n#top .hr.av-7l9zsv-bee0e84b0a204608643b57e7b9ca7fa4{\nmargin-top:20px;\nmargin-bottom:30px;\n}\n.hr.av-7l9zsv-bee0e84b0a204608643b57e7b9ca7fa4 .hr-inner{\nwidth:100%;\nborder-color:#f1f0f5;\n}\n<\/style>\n<div  class='hr av-7l9zsv-bee0e84b0a204608643b57e7b9ca7fa4 hr-custom  avia-builder-el-6  el_after_av_textblock  el_before_av_textblock  hr-center hr-icon-no'><span class='hr-inner inner-border-av-border-thin'><span class=\"hr-inner-style\"><\/span><\/span><\/div>\n<section  class='av_textblock_section av-lmhfzucj-12609e5714f8935a18414b3ec109403b '   itemscope=\"itemscope\" itemtype=\"https:\/\/schema.org\/CreativeWork\" ><div class='avia_textblock'  itemprop=\"text\" ><h2><strong>Symptome und Diagnostik<\/strong><\/h2>\n<p>Im Vordergrund stehen Schmerzen in der Schulter und eine deutlich eingeschr\u00e4nkte Beweglichkeit. Dabei macht es keinen Unterschied, ob Sie die Schulter selber aktiv bewegen, oder jemand versucht Ihre Schulter passiv zu bewegen. Am Bewegungsanschlag schmerzt typischerweise das Schultergelenk durch den Dehnungsreiz auf die entz\u00fcndlich ver\u00e4nderte Kapsel.<\/p>\n<p><strong>Die Behandlung erfordert Geduld und Ausdauer.<\/strong><\/p>\n<p>Mit Hilfe Ihrer Vorgeschichte und den charakteristischen klinischen Symptomen f\u00e4llt die Diagnostik einer frozen shoulder \u00fcblicherweise nicht schwer. Normale R\u00f6ntgenbilder dienen bei der Diagnostik nur zum Ausschluss anderer schwerwiegender Erkrankungen. Gelegentlich werden Arthrografien, also Injektionen von Kontrastmittel in das Schultergelenk veranlasst. Dabei l\u00e4sst sich wegen der Kapselschrumpfung nur sehr wenig Fl\u00fcssigkeit in das Gelenk einbringen. Die R\u00f6ntgenbilder zeigen dann auch nur eine sehr geringe Kontrastmittelmenge im Gelenk.<\/p>\n<p>Wenn sich Ihre Schulterbeweglichkeit nicht bessert, kann Ihr(e) \u00c4rztin\/Arzt eine Kernspintomografie veranlassen, um zugrunde liegende Erkrankungen, wie einen Sehnenri\u00df oder ein Einklemmungsph\u00e4nomen auszuschlie\u00dfen.<\/p>\n<\/div><\/section>\n\n<style type=\"text\/css\" data-created_by=\"avia_inline_auto\" id=\"style-css-av-69llof-c86cbeb7cfe4bdfbe9c18ba7232749a1\">\n#top .hr.av-69llof-c86cbeb7cfe4bdfbe9c18ba7232749a1{\nmargin-top:20px;\nmargin-bottom:30px;\n}\n.hr.av-69llof-c86cbeb7cfe4bdfbe9c18ba7232749a1 .hr-inner{\nwidth:100%;\nborder-color:#f1f0f5;\n}\n<\/style>\n<div  class='hr av-69llof-c86cbeb7cfe4bdfbe9c18ba7232749a1 hr-custom  avia-builder-el-8  el_after_av_textblock  el_before_av_textblock  hr-center hr-icon-no'><span class='hr-inner inner-border-av-border-thin'><span class=\"hr-inner-style\"><\/span><\/span><\/div>\n<section  class='av_textblock_section av-lmhg0xbp-4c169ff7a7352a26af572a7673a445f3 '   itemscope=\"itemscope\" itemtype=\"https:\/\/schema.org\/CreativeWork\" ><div class='avia_textblock'  itemprop=\"text\" ><h2><strong>Konservative Therapie<\/strong><\/h2>\n<p><img loading=\"lazy\" decoding=\"async\" class=\"size-medium wp-image-1473 alignright\" src=\"https:\/\/atos-mvz.de\/wiesbaden\/wp-content\/uploads\/sites\/22\/2023\/09\/konservative_therapie-300x200.jpg\" alt=\"\" width=\"300\" height=\"200\" srcset=\"https:\/\/atos-mvz.de\/wiesbaden\/wp-content\/uploads\/sites\/22\/2023\/09\/konservative_therapie-300x200.jpg 300w, https:\/\/atos-mvz.de\/wiesbaden\/wp-content\/uploads\/sites\/22\/2023\/09\/konservative_therapie.jpg 567w\" sizes=\"auto, (max-width: 300px) 100vw, 300px\" \/><\/p>\n<p>Die Therapie einer adh\u00e4siven Kapsulitis kann frustrierend langsam verlaufen. In den meisten F\u00e4llen tritt eine Besserung ein.<br \/>\nDer Prozess kann jedoch Monate in Anspruch nehmen. Das erste Behandlungsziel ist, die Entz\u00fcndung zu d\u00e4mpfen und die Beweglichkeit zu steigern. Ihr(e) \u00c4rztin\/Arzt kann auch eine Gelenkinjektion mit einem Kortisonpr\u00e4parat und einem langwirkendem Lokalan\u00e4sthetikum empfehlen.<\/p>\n<p>Eine weitere wesentliche Ma\u00dfnahme ist die Verordnung von Krankengymnastik und physikalischer Therapie. Ihr(e) Krankengymnast(in) wird eine Vielzahl von Techniken anwenden, um die Entz\u00fcndung zu bek\u00e4mpfen. Dehnungs\u00fcbungen, Gelenkmobilisation, manuelle Techniken und Muskelaufbau helfen, das Bewegungsausma\u00df der Schulter wieder zu steigern.<br \/>\nIhnen werden auch Dehnungs\u00fcbungen f\u00fcr die Eigenarbeit zuhause gezeigt, die unerl\u00e4sslich sind.<\/p>\n<\/div><\/section>\n\n<style type=\"text\/css\" data-created_by=\"avia_inline_auto\" id=\"style-css-av-46g1zj-ceabdbf21163f07d4cd7ae6ebc75bf97\">\n#top .hr.av-46g1zj-ceabdbf21163f07d4cd7ae6ebc75bf97{\nmargin-top:20px;\nmargin-bottom:30px;\n}\n.hr.av-46g1zj-ceabdbf21163f07d4cd7ae6ebc75bf97 .hr-inner{\nwidth:100%;\nborder-color:#f1f0f5;\n}\n<\/style>\n<div  class='hr av-46g1zj-ceabdbf21163f07d4cd7ae6ebc75bf97 hr-custom  avia-builder-el-10  el_after_av_textblock  el_before_av_textblock  hr-center hr-icon-no'><span class='hr-inner inner-border-av-border-thin'><span class=\"hr-inner-style\"><\/span><\/span><\/div>\n<section  class='av_textblock_section av-lmhg23tc-073d6469176c5e79efade6a7206d5872 '   itemscope=\"itemscope\" itemtype=\"https:\/\/schema.org\/CreativeWork\" ><div class='avia_textblock'  itemprop=\"text\" ><h2><strong>Operative Therapie<\/strong><\/h2>\n<h3><strong>Mobilisation in Narkose<\/strong><\/h3>\n<p>Falls sich Erfolge bei der alleinigen konservativen Therapie zu langsam einstellen, kann die Mobilisation der Schulter in Narkose sinnvoll sein. W\u00e4hrend der Patient schl\u00e4ft, wird die Schulter mit Kraft und der richtigen Technik durch bewegt. Hierbei wird die Gelenkkapsel gedehnt und narbige Verklebungen gel\u00f6st. In den meisten F\u00e4llen bringt eine Narkosemobilisation die Beweglichkeit schneller zur\u00fcck, als die konservative Therapie alleine.<\/p>\n<h3><strong>Arthroskopisches Release<\/strong><\/h3>\n<p><strong>Die Schl\u00fcssellochoperation <\/strong><strong>(Arthroskopie) am Schultergelenk ist seit vielen Jahren <\/strong><strong>eine Routineoperation.<\/strong><\/p>\n<p>Wenn deutlich wird, dass Krankengymnastik und Narkosemobilisation nicht den gew\u00fcnschten Erfolg f\u00fchren, kann ein Gelenkspiegelung<br \/>\nerforderlich sein. Der Operateur benutzt dann eine Kamera und Instrumente, um im Rahmen einer \u201eSchl\u00fcssellochoperation\u201c die verklebte Kapsel zu l\u00f6sen. Am Ende des Eingriffs wird die Schulter noch vorsichtig durchbewegt, um zus\u00e4tzliche Beweglichkeit zu gewinnen. Oft wird nochmals ein Kortisonpr\u00e4parat injiziert, um postoperative Reizungen zu d\u00e4mpfen.<\/p>\n<\/div><\/section>\n\n<style type=\"text\/css\" data-created_by=\"avia_inline_auto\" id=\"style-css-av-25aivz-3b78e15fef0474b477415f19ebf91d65\">\n#top .hr.av-25aivz-3b78e15fef0474b477415f19ebf91d65{\nmargin-top:20px;\nmargin-bottom:30px;\n}\n.hr.av-25aivz-3b78e15fef0474b477415f19ebf91d65 .hr-inner{\nwidth:100%;\nborder-color:#f1f0f5;\n}\n<\/style>\n<div  class='hr av-25aivz-3b78e15fef0474b477415f19ebf91d65 hr-custom  avia-builder-el-12  el_after_av_textblock  el_before_av_textblock  hr-center hr-icon-no'><span class='hr-inner inner-border-av-border-thin'><span class=\"hr-inner-style\"><\/span><\/span><\/div>\n<section  class='av_textblock_section av-lmhg43o7-6766e688224c29b8680b185edb07a89b '   itemscope=\"itemscope\" itemtype=\"https:\/\/schema.org\/CreativeWork\" ><div class='avia_textblock'  itemprop=\"text\" ><h2><strong>Rehabilitation<\/strong><\/h2>\n<p>Sowohl bei rein konservativem Vorgehen, als auch nach einem operativen Eingriff, m\u00fcssen zun\u00e4chst Ma\u00dfnahmen ergriffen werden, um den Schmerz zu kontrollieren. Wenn Ihre Schulter dann bereit ist, kann eine Sitzung beispielsweise mit feuchter W\u00e4rme oder Ultraschall beginnen. Diese Behandlung entspannt die Muskulatur und bereitet das Gewebe auf die Dehnungs\u00fcbungen vor.<\/p>\n<p>Ihr(e) Therapeut(in) wird sich auf die Lockerung der Gelenkkapsel konzentrieren. Eine gute Dehnung erreichen Sie auch mit einem Flaschenzug \u00fcberkopf.<\/p>\n<p>Wenn Sie Injektionen von Ihrer(m) \u00c4rztin\/Arzt erhalten, sollten Sie die Krankengymnastik direkt im Anschluss einplanen. Die zus\u00e4tzliche<br \/>\nFl\u00fcssigkeit dehnt Ihr Gelenk und die Mobilisations\u00fcbungen k\u00f6nnen effektiver gestaltet werden.<\/p>\n<p><img loading=\"lazy\" decoding=\"async\" class=\"size-medium wp-image-1474 alignright\" src=\"https:\/\/atos-mvz.de\/wiesbaden\/wp-content\/uploads\/sites\/22\/2023\/09\/kraeftigungsuebung-300x200.jpg\" alt=\"\" width=\"300\" height=\"200\" srcset=\"https:\/\/atos-mvz.de\/wiesbaden\/wp-content\/uploads\/sites\/22\/2023\/09\/kraeftigungsuebung-300x200.jpg 300w, https:\/\/atos-mvz.de\/wiesbaden\/wp-content\/uploads\/sites\/22\/2023\/09\/kraeftigungsuebung.jpg 539w\" sizes=\"auto, (max-width: 300px) 100vw, 300px\" \/><\/p>\n<p>Nach einer Operation werden Sie Ihren Arm t\u00e4glich intensiv bewegen m\u00fcssen. Kr\u00e4ftigungs\u00fcbungen sollten erst nach vier bis sechs Wochen begonnen werden. Nach einer Mobilisation ist es sinnvoll, Ihnen eine sogenannte CPM- oder Bewegungs-Maschine (continuous passive motion) zu verschreiben. Gleich nach der Operation wird Arm durchbewegt. Durch die st\u00e4ndige Bewegung soll einer wiederkehrenden Einsteifung durch erneute Narbenbildung entgegen gewirkt werden.<\/p>\n<p><img loading=\"lazy\" decoding=\"async\" class=\"size-medium wp-image-1451 alignright\" src=\"https:\/\/atos-mvz.de\/wiesbaden\/wp-content\/uploads\/sites\/22\/2023\/09\/muskelaufbau-300x200.jpeg\" alt=\"\" width=\"300\" height=\"200\" srcset=\"https:\/\/atos-mvz.de\/wiesbaden\/wp-content\/uploads\/sites\/22\/2023\/09\/muskelaufbau-300x200.jpeg 300w, https:\/\/atos-mvz.de\/wiesbaden\/wp-content\/uploads\/sites\/22\/2023\/09\/muskelaufbau.jpeg 536w\" sizes=\"auto, (max-width: 300px) 100vw, 300px\" \/><\/p>\n<p>Nach ca. 6 Wochen konzentrieren sich die \u00dcbungen auf eine Kr\u00e4ftigung der Scultersehnenplatte und der Schulterg\u00fcrtelmuskulatur.<br \/>\nIhr(e) Krankengymnast(in) wird Ihnen helfen, die Muskeln wieder aufzubauen, die den Oberarmkopf in der Pfanne zentrieren.<br \/>\nHierdurch kann Ihr Oberarm wieder glatt unter das Acromion gleiten.<\/p>\n<p>Wenn die Beweglichkeit zur\u00fcck erlangt wurde, enden die regelm\u00e4\u00dfigen Besuche bei Ihrer(m) Physiotherapeutin(en). Allerdings m\u00fcssen Sie zuhause weiter ein regelm\u00e4\u00dfiges Dehnungsprogramm f\u00fcr die Schulter beibehalten, um R\u00fcckschl\u00e4gen vorzubeugen.<\/p>\n<\/div><\/section>\n\n","protected":false},"excerpt":{"rendered":"","protected":false},"author":1,"featured_media":0,"parent":1439,"menu_order":0,"comment_status":"closed","ping_status":"closed","template":"","meta":{"footnotes":""},"class_list":["post-1471","page","type-page","status-publish","hentry"],"yoast_head":"<!-- This site is optimized with the Yoast SEO plugin v27.3 - https:\/\/yoast.com\/product\/yoast-seo-wordpress\/ -->\n<title>Kapsulitis am Schultergelenk - MVZ Wiesbaden<\/title>\n<meta name=\"robots\" content=\"index, follow, max-snippet:-1, max-image-preview:large, max-video-preview:-1\" \/>\n<link rel=\"canonical\" href=\"https:\/\/atos-mvz.de\/wiesbaden\/bereiche\/schulter\/kapsulitis-am-schultergelenk\/\" \/>\n<meta property=\"og:locale\" content=\"de_DE\" \/>\n<meta property=\"og:type\" content=\"article\" \/>\n<meta property=\"og:title\" content=\"Kapsulitis am Schultergelenk - MVZ Wiesbaden\" \/>\n<meta property=\"og:url\" content=\"https:\/\/atos-mvz.de\/wiesbaden\/bereiche\/schulter\/kapsulitis-am-schultergelenk\/\" \/>\n<meta property=\"og:site_name\" content=\"MVZ Wiesbaden\" \/>\n<meta property=\"article:modified_time\" content=\"2023-09-13T07:55:39+00:00\" \/>\n<meta property=\"og:image\" content=\"https:\/\/atos-mvz.de\/wiesbaden\/wp-content\/uploads\/sites\/22\/2023\/09\/frozen_shoulder-300x200.jpg\" \/>\n<meta name=\"twitter:card\" content=\"summary_large_image\" \/>\n<script type=\"application\/ld+json\" class=\"yoast-schema-graph\">{\"@context\":\"https:\\\/\\\/schema.org\",\"@graph\":[{\"@type\":\"WebPage\",\"@id\":\"https:\\\/\\\/atos-mvz.de\\\/wiesbaden\\\/bereiche\\\/schulter\\\/kapsulitis-am-schultergelenk\\\/\",\"url\":\"https:\\\/\\\/atos-mvz.de\\\/wiesbaden\\\/bereiche\\\/schulter\\\/kapsulitis-am-schultergelenk\\\/\",\"name\":\"Kapsulitis am Schultergelenk - MVZ Wiesbaden\",\"isPartOf\":{\"@id\":\"https:\\\/\\\/atos-mvz.de\\\/wiesbaden\\\/#website\"},\"primaryImageOfPage\":{\"@id\":\"https:\\\/\\\/atos-mvz.de\\\/wiesbaden\\\/bereiche\\\/schulter\\\/kapsulitis-am-schultergelenk\\\/#primaryimage\"},\"image\":{\"@id\":\"https:\\\/\\\/atos-mvz.de\\\/wiesbaden\\\/bereiche\\\/schulter\\\/kapsulitis-am-schultergelenk\\\/#primaryimage\"},\"thumbnailUrl\":\"https:\\\/\\\/atos-mvz.de\\\/wiesbaden\\\/wp-content\\\/uploads\\\/sites\\\/22\\\/2023\\\/09\\\/frozen_shoulder-300x200.jpg\",\"datePublished\":\"2023-09-13T07:54:35+00:00\",\"dateModified\":\"2023-09-13T07:55:39+00:00\",\"breadcrumb\":{\"@id\":\"https:\\\/\\\/atos-mvz.de\\\/wiesbaden\\\/bereiche\\\/schulter\\\/kapsulitis-am-schultergelenk\\\/#breadcrumb\"},\"inLanguage\":\"de\",\"potentialAction\":[{\"@type\":\"ReadAction\",\"target\":[\"https:\\\/\\\/atos-mvz.de\\\/wiesbaden\\\/bereiche\\\/schulter\\\/kapsulitis-am-schultergelenk\\\/\"]}]},{\"@type\":\"ImageObject\",\"inLanguage\":\"de\",\"@id\":\"https:\\\/\\\/atos-mvz.de\\\/wiesbaden\\\/bereiche\\\/schulter\\\/kapsulitis-am-schultergelenk\\\/#primaryimage\",\"url\":\"https:\\\/\\\/atos-mvz.de\\\/wiesbaden\\\/wp-content\\\/uploads\\\/sites\\\/22\\\/2023\\\/09\\\/frozen_shoulder.jpg\",\"contentUrl\":\"https:\\\/\\\/atos-mvz.de\\\/wiesbaden\\\/wp-content\\\/uploads\\\/sites\\\/22\\\/2023\\\/09\\\/frozen_shoulder.jpg\",\"width\":546,\"height\":364},{\"@type\":\"BreadcrumbList\",\"@id\":\"https:\\\/\\\/atos-mvz.de\\\/wiesbaden\\\/bereiche\\\/schulter\\\/kapsulitis-am-schultergelenk\\\/#breadcrumb\",\"itemListElement\":[{\"@type\":\"ListItem\",\"position\":1,\"name\":\"Startseite\",\"item\":\"https:\\\/\\\/atos-mvz.de\\\/wiesbaden\\\/startseite\\\/\"},{\"@type\":\"ListItem\",\"position\":2,\"name\":\"Bereiche\",\"item\":\"https:\\\/\\\/atos-mvz.de\\\/wiesbaden\\\/bereiche\\\/\"},{\"@type\":\"ListItem\",\"position\":3,\"name\":\"Schulter\",\"item\":\"https:\\\/\\\/atos-mvz.de\\\/wiesbaden\\\/bereiche\\\/schulter\\\/\"},{\"@type\":\"ListItem\",\"position\":4,\"name\":\"Kapsulitis am Schultergelenk\"}]},{\"@type\":\"WebSite\",\"@id\":\"https:\\\/\\\/atos-mvz.de\\\/wiesbaden\\\/#website\",\"url\":\"https:\\\/\\\/atos-mvz.de\\\/wiesbaden\\\/\",\"name\":\"MVZ Wiesbaden\",\"description\":\"\",\"potentialAction\":[{\"@type\":\"SearchAction\",\"target\":{\"@type\":\"EntryPoint\",\"urlTemplate\":\"https:\\\/\\\/atos-mvz.de\\\/wiesbaden\\\/?s={search_term_string}\"},\"query-input\":{\"@type\":\"PropertyValueSpecification\",\"valueRequired\":true,\"valueName\":\"search_term_string\"}}],\"inLanguage\":\"de\"}]}<\/script>\n<!-- \/ Yoast SEO plugin. -->","yoast_head_json":{"title":"Kapsulitis am Schultergelenk - MVZ Wiesbaden","robots":{"index":"index","follow":"follow","max-snippet":"max-snippet:-1","max-image-preview":"max-image-preview:large","max-video-preview":"max-video-preview:-1"},"canonical":"https:\/\/atos-mvz.de\/wiesbaden\/bereiche\/schulter\/kapsulitis-am-schultergelenk\/","og_locale":"de_DE","og_type":"article","og_title":"Kapsulitis am Schultergelenk - MVZ Wiesbaden","og_url":"https:\/\/atos-mvz.de\/wiesbaden\/bereiche\/schulter\/kapsulitis-am-schultergelenk\/","og_site_name":"MVZ Wiesbaden","article_modified_time":"2023-09-13T07:55:39+00:00","og_image":[{"url":"https:\/\/atos-mvz.de\/wiesbaden\/wp-content\/uploads\/sites\/22\/2023\/09\/frozen_shoulder-300x200.jpg","type":"","width":"","height":""}],"twitter_card":"summary_large_image","schema":{"@context":"https:\/\/schema.org","@graph":[{"@type":"WebPage","@id":"https:\/\/atos-mvz.de\/wiesbaden\/bereiche\/schulter\/kapsulitis-am-schultergelenk\/","url":"https:\/\/atos-mvz.de\/wiesbaden\/bereiche\/schulter\/kapsulitis-am-schultergelenk\/","name":"Kapsulitis am Schultergelenk - MVZ Wiesbaden","isPartOf":{"@id":"https:\/\/atos-mvz.de\/wiesbaden\/#website"},"primaryImageOfPage":{"@id":"https:\/\/atos-mvz.de\/wiesbaden\/bereiche\/schulter\/kapsulitis-am-schultergelenk\/#primaryimage"},"image":{"@id":"https:\/\/atos-mvz.de\/wiesbaden\/bereiche\/schulter\/kapsulitis-am-schultergelenk\/#primaryimage"},"thumbnailUrl":"https:\/\/atos-mvz.de\/wiesbaden\/wp-content\/uploads\/sites\/22\/2023\/09\/frozen_shoulder-300x200.jpg","datePublished":"2023-09-13T07:54:35+00:00","dateModified":"2023-09-13T07:55:39+00:00","breadcrumb":{"@id":"https:\/\/atos-mvz.de\/wiesbaden\/bereiche\/schulter\/kapsulitis-am-schultergelenk\/#breadcrumb"},"inLanguage":"de","potentialAction":[{"@type":"ReadAction","target":["https:\/\/atos-mvz.de\/wiesbaden\/bereiche\/schulter\/kapsulitis-am-schultergelenk\/"]}]},{"@type":"ImageObject","inLanguage":"de","@id":"https:\/\/atos-mvz.de\/wiesbaden\/bereiche\/schulter\/kapsulitis-am-schultergelenk\/#primaryimage","url":"https:\/\/atos-mvz.de\/wiesbaden\/wp-content\/uploads\/sites\/22\/2023\/09\/frozen_shoulder.jpg","contentUrl":"https:\/\/atos-mvz.de\/wiesbaden\/wp-content\/uploads\/sites\/22\/2023\/09\/frozen_shoulder.jpg","width":546,"height":364},{"@type":"BreadcrumbList","@id":"https:\/\/atos-mvz.de\/wiesbaden\/bereiche\/schulter\/kapsulitis-am-schultergelenk\/#breadcrumb","itemListElement":[{"@type":"ListItem","position":1,"name":"Startseite","item":"https:\/\/atos-mvz.de\/wiesbaden\/startseite\/"},{"@type":"ListItem","position":2,"name":"Bereiche","item":"https:\/\/atos-mvz.de\/wiesbaden\/bereiche\/"},{"@type":"ListItem","position":3,"name":"Schulter","item":"https:\/\/atos-mvz.de\/wiesbaden\/bereiche\/schulter\/"},{"@type":"ListItem","position":4,"name":"Kapsulitis am Schultergelenk"}]},{"@type":"WebSite","@id":"https:\/\/atos-mvz.de\/wiesbaden\/#website","url":"https:\/\/atos-mvz.de\/wiesbaden\/","name":"MVZ Wiesbaden","description":"","potentialAction":[{"@type":"SearchAction","target":{"@type":"EntryPoint","urlTemplate":"https:\/\/atos-mvz.de\/wiesbaden\/?s={search_term_string}"},"query-input":{"@type":"PropertyValueSpecification","valueRequired":true,"valueName":"search_term_string"}}],"inLanguage":"de"}]}},"_links":{"self":[{"href":"https:\/\/atos-mvz.de\/wiesbaden\/wp-json\/wp\/v2\/pages\/1471","targetHints":{"allow":["GET"]}}],"collection":[{"href":"https:\/\/atos-mvz.de\/wiesbaden\/wp-json\/wp\/v2\/pages"}],"about":[{"href":"https:\/\/atos-mvz.de\/wiesbaden\/wp-json\/wp\/v2\/types\/page"}],"author":[{"embeddable":true,"href":"https:\/\/atos-mvz.de\/wiesbaden\/wp-json\/wp\/v2\/users\/1"}],"replies":[{"embeddable":true,"href":"https:\/\/atos-mvz.de\/wiesbaden\/wp-json\/wp\/v2\/comments?post=1471"}],"version-history":[{"count":3,"href":"https:\/\/atos-mvz.de\/wiesbaden\/wp-json\/wp\/v2\/pages\/1471\/revisions"}],"predecessor-version":[{"id":1476,"href":"https:\/\/atos-mvz.de\/wiesbaden\/wp-json\/wp\/v2\/pages\/1471\/revisions\/1476"}],"up":[{"embeddable":true,"href":"https:\/\/atos-mvz.de\/wiesbaden\/wp-json\/wp\/v2\/pages\/1439"}],"wp:attachment":[{"href":"https:\/\/atos-mvz.de\/wiesbaden\/wp-json\/wp\/v2\/media?parent=1471"}],"curies":[{"name":"wp","href":"https:\/\/api.w.org\/{rel}","templated":true}]}}