{"id":1435,"date":"2023-09-13T08:49:49","date_gmt":"2023-09-13T06:49:49","guid":{"rendered":"https:\/\/atos-mvz.de\/wiesbaden\/?page_id=1435"},"modified":"2023-09-13T08:49:49","modified_gmt":"2023-09-13T06:49:49","slug":"arthrose-und-rheuma-am-ellenbogen","status":"publish","type":"page","link":"https:\/\/atos-mvz.de\/wiesbaden\/bereiche\/ellenbogen\/arthrose-und-rheuma-am-ellenbogen\/","title":{"rendered":"Arthrose und Rheuma am Ellenbogen"},"content":{"rendered":"\n<style type=\"text\/css\" data-created_by=\"avia_inline_auto\" id=\"style-css-av-lmhdq1da-fdf25dcd9a68df04d9883dbec9d916e7\">\n.avia-section.av-lmhdq1da-fdf25dcd9a68df04d9883dbec9d916e7{\nbackground-repeat:no-repeat;\nbackground-image:url(https:\/\/atos-mvz.de\/wiesbaden\/wp-content\/uploads\/sites\/22\/2021\/01\/Ellenbogenschmerzen_1700x600.jpg);\nbackground-position:50% 50%;\nbackground-attachment:scroll;\n}\n.avia-section.av-lmhdq1da-fdf25dcd9a68df04d9883dbec9d916e7 .av-extra-border-element .av-extra-border-inner{\nbackground-color:#ffffff;\n}\n<\/style>\n<div id='header-img'  class='avia-section av-lmhdq1da-fdf25dcd9a68df04d9883dbec9d916e7 main_color avia-section-huge avia-no-border-styling  avia-builder-el-0  el_before_av_section  avia-builder-el-first  avia-full-stretch avia-bg-style-scroll container_wrap fullsize'  data-section-bg-repeat='stretch'><div class='container av-section-cont-open' ><main  role=\"main\" itemprop=\"mainContentOfPage\"  class='template-page content  av-content-full alpha units'><div class='post-entry post-entry-type-page post-entry-1435'><div class='entry-content-wrapper clearfix'>\n\n<style type=\"text\/css\" data-created_by=\"avia_inline_auto\" id=\"style-css-av-av_hr-00707d52b7bb0032765f5ddfef45bd7d\">\n#top .hr.hr-invisible.av-av_hr-00707d52b7bb0032765f5ddfef45bd7d{\nheight:100px;\n}\n<\/style>\n<div  class='hr av-av_hr-00707d52b7bb0032765f5ddfef45bd7d hr-invisible  avia-builder-el-1  avia-builder-el-no-sibling '><span class='hr-inner '><span class=\"hr-inner-style\"><\/span><\/span><\/div>\n\n<\/div><\/div><\/main><!-- close content main element --><\/div><div class='av-extra-border-element border-extra-diagonal border-extra-diagonal-inverse '><div class='av-extra-border-outer'><div class='av-extra-border-inner'><\/div><\/div><\/div><\/div>\n<style type=\"text\/css\" data-created_by=\"avia_inline_auto\" id=\"style-css-av-av_section-ec599dcb8f7116f201f3a3903e106e52\">\n.avia-section.av-av_section-ec599dcb8f7116f201f3a3903e106e52 .av-extra-border-element .av-extra-border-inner{\nbackground-color:#f1f0f5;\n}\n<\/style>\n<div id='av_section_2'  class='avia-section av-av_section-ec599dcb8f7116f201f3a3903e106e52 main_color avia-section-large avia-no-border-styling  avia-builder-el-2  el_after_av_section  avia-builder-el-last  small-container avia-bg-style-scroll container_wrap fullsize'  ><div class='container av-section-cont-open' ><div class='template-page content  av-content-full alpha units'><div class='post-entry post-entry-type-page post-entry-1435'><div class='entry-content-wrapper clearfix'>\n<section  class='av_textblock_section av-lmhdpjq7-2c1b9d20c7cd92222b395f59cbd3493f '   itemscope=\"itemscope\" itemtype=\"https:\/\/schema.org\/CreativeWork\" ><div class='avia_textblock'  itemprop=\"text\" ><h1><strong>Arthrose und Rheuma am Ellenbogen<br \/>\n<\/strong><\/h1>\n<\/div><\/section>\n\n<style type=\"text\/css\" data-created_by=\"avia_inline_auto\" id=\"style-css-av-av_hr-2b301dfe29e9b1afdaa9830d48e7b3c3\">\n#top .hr.av-av_hr-2b301dfe29e9b1afdaa9830d48e7b3c3{\nmargin-top:0;\nmargin-bottom:30px;\n}\n.hr.av-av_hr-2b301dfe29e9b1afdaa9830d48e7b3c3 .hr-inner{\nwidth:100%;\nborder-color:#f1f0f5;\n}\n<\/style>\n<div  class='hr av-av_hr-2b301dfe29e9b1afdaa9830d48e7b3c3 hr-custom  avia-builder-el-4  el_after_av_textblock  el_before_av_textblock  hr-center hr-icon-no'><span class='hr-inner inner-border-av-border-thin'><span class=\"hr-inner-style\"><\/span><\/span><\/div>\n<section  class='av_textblock_section av-lmhdrxfr-99bbcbc0fdc78f4626efedc26e04d6ec '   itemscope=\"itemscope\" itemtype=\"https:\/\/schema.org\/CreativeWork\" ><div class='avia_textblock'  itemprop=\"text\" ><h2><strong>Gelenkerkrankungen<\/strong><\/h2>\n<h3><img loading=\"lazy\" decoding=\"async\" class=\"size-medium wp-image-1421 alignright\" src=\"https:\/\/atos-mvz.de\/wiesbaden\/wp-content\/uploads\/sites\/22\/2023\/09\/Ellenbogen-Arthrose-und-Rheuma-300x200.jpg\" alt=\"\" width=\"300\" height=\"200\" srcset=\"https:\/\/atos-mvz.de\/wiesbaden\/wp-content\/uploads\/sites\/22\/2023\/09\/Ellenbogen-Arthrose-und-Rheuma-300x200.jpg 300w, https:\/\/atos-mvz.de\/wiesbaden\/wp-content\/uploads\/sites\/22\/2023\/09\/Ellenbogen-Arthrose-und-Rheuma-768x512.jpg 768w, https:\/\/atos-mvz.de\/wiesbaden\/wp-content\/uploads\/sites\/22\/2023\/09\/Ellenbogen-Arthrose-und-Rheuma-845x567.jpg 845w, https:\/\/atos-mvz.de\/wiesbaden\/wp-content\/uploads\/sites\/22\/2023\/09\/Ellenbogen-Arthrose-und-Rheuma-705x470.jpg 705w, https:\/\/atos-mvz.de\/wiesbaden\/wp-content\/uploads\/sites\/22\/2023\/09\/Ellenbogen-Arthrose-und-Rheuma.jpg 850w\" sizes=\"auto, (max-width: 300px) 100vw, 300px\" \/><\/h3>\n<h3><strong>Arthrose des Ellenbogengelenkes<\/strong><\/h3>\n<p>Eine Arthrose ist ein Gelenkverschlei\u00df, der altersbedingt am Ellenbogengelenk selten ist sondern geh\u00e4uft nach Unf\u00e4llen mit fehlverheilten Br\u00fcchen auftreten kann. Zun\u00e4chst kommt es zu einer Verminderung der Knorpelh\u00f6he, sp\u00e4ter ver\u00e4ndert sich der angrenzende Knochen mit Bildung von Hohlr\u00e4umen (Zysten) und Knochenwulsten (Osteophyten). Zunehmend verh\u00e4rtet und schrumpft die Gelenkkapsel und schr\u00e4nkt so die Beweglichkeit zus\u00e4tzlich ein.<\/p>\n<p><strong>Bei einer Arthrose des Ellenbogengelenkes sind konservative Therapiema\u00dfnahmen h\u00e4ufig ausreichend.<\/strong><\/p>\n<p>Der Verschlei\u00df kann in den Gelenken zwischen dem Oberarmknochen und der Speiche oder der Elle beziehungsweise zwischen Elle und Speiche entstehen. Es werden zun\u00e4chst Belastungsschmerzen, sp\u00e4ter auch Ruheschmerzen im Ellenbogengelenk beklagt. Zunehmend schr\u00e4nkt sich der Bewegungsumfang ein.<\/p>\n<p>Die klinische Untersuchung mit Ermittlung der Bewegungsumf\u00e4nge sowie R\u00f6ntgenuntersuchungen sind in der Regel ausreichend.<\/p>\n<p>Die M\u00f6glichkeiten der konservativen Therapie sind umfangreich:<br \/>\nKrankengymnastik zur Bewegungsverbesserung, die Einnahme von entz\u00fcndungshemmenden Medikamenten, lokales Auftragen von entz\u00fcndungshemmenden Salben, ggf. in Kombination mit einer Elektrotherapie, W\u00e4rmetherapie (B\u00e4der, Kirschkerns\u00e4ckchen) oder aber lokale K\u00e4lteanwendungen im Akutstadium, das Einspritzen von Kortison in den betroffenen Gelenkbereich, das Einspritzen von radioaktiven Substanzen in die betroffenen Gelenke (RSO) sowie die Einnahme oder das Einspritzen von Hyalurons\u00e4urepr\u00e4paraten oder die Einnahme von frei verk\u00e4uflichen Pr\u00e4paraten (Teufelskralle, Gr\u00fcnlippmuschel) werden praktiziert.<\/p>\n<p>Allen konservativen Methoden ist gemeinsam, dass sie eine lindernde aber keine heilende Wirkung haben. Operativ k\u00f6nnen durch eine Arthroskopie die Verklebungen gel\u00f6st und mechanische Hindernisse (Gelenkstufen abtragen, Knorpelgl\u00e4ttungen) beseitigt werden. Mitunter ist hierf\u00fcr ein offenes Vorgehen erforderlich.<\/p>\n<p>Nachfolgend kann die Anwendung von Quengelschienen zur Verbesserung des Bewegungsumfangs erforderlich sein. Bei schwersten Arthrosen kann das Ellenbogengelenk durch ein Kunstgelenk ersetzt werden.<\/p>\n<h3><strong>Freie Gelenkk\u00f6rper im Ellenbogengelenk<\/strong><\/h3>\n<p>Freie Gelenkk\u00f6rper im Ellenbogengelenk k\u00f6nnen durch eine Arthrose bedingt sein, es k\u00f6nnen aber auch lokale Durchblutungsst\u00f6rungen eines Knochenbereiches diesen aus seinem Verbund l\u00f6sen (Osteochondrosis dissecans). Eine seltene Ursache stellt die Chondromatose dar, wo die Gelenkschleimhaut knorpelartige Strukturen bildet. Diese k\u00f6nnen der Schleimhaut anhaften oder sich l\u00f6sen und so zu schmerzhaften Verklemmungen im Gelenk f\u00fchren.<\/p>\n<p><img loading=\"lazy\" decoding=\"async\" class=\"size-medium wp-image-1430 alignright\" src=\"https:\/\/atos-mvz.de\/wiesbaden\/wp-content\/uploads\/sites\/22\/2023\/09\/Erkrankung-des-Ellenbogengelenks-300x200.jpg\" alt=\"\" width=\"300\" height=\"200\" srcset=\"https:\/\/atos-mvz.de\/wiesbaden\/wp-content\/uploads\/sites\/22\/2023\/09\/Erkrankung-des-Ellenbogengelenks-300x200.jpg 300w, https:\/\/atos-mvz.de\/wiesbaden\/wp-content\/uploads\/sites\/22\/2023\/09\/Erkrankung-des-Ellenbogengelenks-768x512.jpg 768w, https:\/\/atos-mvz.de\/wiesbaden\/wp-content\/uploads\/sites\/22\/2023\/09\/Erkrankung-des-Ellenbogengelenks-845x567.jpg 845w, https:\/\/atos-mvz.de\/wiesbaden\/wp-content\/uploads\/sites\/22\/2023\/09\/Erkrankung-des-Ellenbogengelenks-705x470.jpg 705w, https:\/\/atos-mvz.de\/wiesbaden\/wp-content\/uploads\/sites\/22\/2023\/09\/Erkrankung-des-Ellenbogengelenks.jpg 850w\" sizes=\"auto, (max-width: 300px) 100vw, 300px\" \/><\/p>\n<p><strong>Blockaden sind typische Symptome f\u00fcr freie Gelenkk\u00f6rper.<\/strong><\/p>\n<p>Typisch berichten die Patienten \u00fcber Einklemmungsgef\u00fchle mit Blockaden im Ellenbogengelenk, gelegentlich werden Knirschund Knackger\u00e4usche vernommen.<\/p>\n<p>Meist ist eine radiologische Untersuchung ausreichend, mitunter ist die Durchf\u00fchrung einer Magnetresonanztomographie erforderlich.<\/p>\n<p>Eine konservative Therapie ist nicht Erfolg versprechend, da durch die freien Gelenkk\u00f6rper Folgesch\u00e4den f\u00fcr den Gelenkknorpel zu erwarten sind.<\/p>\n<p>In der Regel kann durch einen arthroskopischen Eingriff die Entfernung der Gelenkk\u00f6rper erfolgen, selten muss zur Entfernung der Gelenkk\u00f6rper offen operiert werden. Zus\u00e4tzlich vorliegende Gelenksch\u00e4den werden dabei soweit wie m\u00f6glich mit behandelt.<\/p>\n<\/div><\/section>\n\n<style type=\"text\/css\" data-created_by=\"avia_inline_auto\" id=\"style-css-av-av_hr-709d23c572c8a7c2a6dfaa647ba8780c\">\n#top .hr.av-av_hr-709d23c572c8a7c2a6dfaa647ba8780c{\nmargin-top:20px;\nmargin-bottom:30px;\n}\n.hr.av-av_hr-709d23c572c8a7c2a6dfaa647ba8780c .hr-inner{\nwidth:100%;\nborder-color:#f1f0f5;\n}\n<\/style>\n<div  class='hr av-av_hr-709d23c572c8a7c2a6dfaa647ba8780c hr-custom  avia-builder-el-6  el_after_av_textblock  el_before_av_textblock  hr-center hr-icon-no'><span class='hr-inner inner-border-av-border-thin'><span class=\"hr-inner-style\"><\/span><\/span><\/div>\n<section  class='av_textblock_section av-lmhdsora-f83415a1006a2bbf7c9589d68756c4fe '   itemscope=\"itemscope\" itemtype=\"https:\/\/schema.org\/CreativeWork\" ><div class='avia_textblock'  itemprop=\"text\" ><h2><strong>Rheumatoide Arthritis<\/strong><\/h2>\n<h3><strong>Rheumatoide Arthritis des Ellenbogengelenkes<\/strong><\/h3>\n<p>Der rheumatische Befall eines Gelenks f\u00fchrt unweigerlich zu einer Zerst\u00f6rung desselben. Zun\u00e4chst bestehen an den betroffenen Gelenken Schwellungen, zunehmend verbunden mit Schmerzen und einer Bewegungseinschr\u00e4nkung. Mit fortschreitender Zerst\u00f6rung der Gelenkarchitektur kann es durch Ausbildung einer Instabilit\u00e4t zu typischen Verlagerungen der Gelenke kommen.<\/p>\n<p>Im Fr\u00fchstadium der rheumatischen Gelenkerkrankung kann durch die Entfernung der Gelenkinnenhaut die Zerst\u00f6rung des Gelenkes gestoppt beziehungsweise verz\u00f6gert werden (Fr\u00fchsynovektomie). Diese Operation wird arthroskopisch durchgef\u00fchrt, mitunter ist aber einer Erweiterung der Operation in offener Technik erforderlich.<\/p>\n<p>Bei fortgeschrittener Gelenkzerst\u00f6rung kann eine Gelenkprothese das Ellenbogengelenk ersetzen. Allerdings gestattet das Kunstgelenk kein Tragen von Lasten \u00fcber 5kg. Diese Einschr\u00e4nkung bedingt, dass das Kunstgelenk nur im h\u00f6heren Alter und bei geringem Anspruch eingebaut werden sollte.<\/p>\n<p>Die Versteifung des Ellenbogengelenkes ist bei schwersten Zerst\u00f6rungen m\u00f6glich, schr\u00e4nkt aber den Patienten im Alltag erheblich ein.<\/p>\n<p>Um das Ausma\u00df der rheumatischen Sch\u00e4den zu beurteilen und deren m\u00f6gliche konservative und operative Therapie mit Erstellung eines Behandlungsplanes darzulegen, ist ein pers\u00f6nliches und individuelles Beratungsgespr\u00e4ch erforderlich.<\/p>\n<h3><strong>Rheumaknoten am Ellenbogen<\/strong><\/h3>\n<p>Nicht selten neigen Rheumatiker zur Bildung von Rheumaknoten. Eine bevorzugte Lokalisation zur Ausbildung eines solchen ist die Stelle, wo man den Ellenbogen aufst\u00fctzt. Dies f\u00fchrt zu einer schmerzhaften Druckentwicklung mit m\u00f6glichen R\u00f6tungen und Hautsch\u00e4den.<\/p>\n<p>Die operative Entfernung umfasst die Aussch\u00e4lung des Rheumaknotens aus dem Weichgewebe mit nachfolgender Reduktion der Wundh\u00f6hle.<\/p>\n<p>Vor der Operation muss der Patient darauf hingewiesen werden, dass trotz sorgf\u00e4ltiger Entfernung des Rheumaknotens eine neuerliche Ausbildung desselben vorkommen kann.<\/p>\n<\/div><\/section>\n\n","protected":false},"excerpt":{"rendered":"","protected":false},"author":1,"featured_media":0,"parent":1417,"menu_order":0,"comment_status":"closed","ping_status":"closed","template":"","meta":{"footnotes":""},"class_list":["post-1435","page","type-page","status-publish","hentry"],"yoast_head":"<!-- This site is optimized with the Yoast SEO plugin v27.3 - https:\/\/yoast.com\/product\/yoast-seo-wordpress\/ -->\n<title>Arthrose und Rheuma am Ellenbogen - MVZ Wiesbaden<\/title>\n<meta name=\"robots\" content=\"index, follow, max-snippet:-1, max-image-preview:large, max-video-preview:-1\" \/>\n<link rel=\"canonical\" href=\"https:\/\/atos-mvz.de\/wiesbaden\/bereiche\/ellenbogen\/arthrose-und-rheuma-am-ellenbogen\/\" \/>\n<meta property=\"og:locale\" content=\"de_DE\" \/>\n<meta property=\"og:type\" content=\"article\" \/>\n<meta property=\"og:title\" content=\"Arthrose und Rheuma am Ellenbogen - MVZ Wiesbaden\" \/>\n<meta property=\"og:url\" content=\"https:\/\/atos-mvz.de\/wiesbaden\/bereiche\/ellenbogen\/arthrose-und-rheuma-am-ellenbogen\/\" \/>\n<meta property=\"og:site_name\" content=\"MVZ Wiesbaden\" \/>\n<meta property=\"og:image\" content=\"https:\/\/atos-mvz.de\/wiesbaden\/wp-content\/uploads\/sites\/22\/2023\/09\/Ellenbogen-Arthrose-und-Rheuma-300x200.jpg\" \/>\n<meta name=\"twitter:card\" content=\"summary_large_image\" \/>\n<script type=\"application\/ld+json\" class=\"yoast-schema-graph\">{\"@context\":\"https:\\\/\\\/schema.org\",\"@graph\":[{\"@type\":\"WebPage\",\"@id\":\"https:\\\/\\\/atos-mvz.de\\\/wiesbaden\\\/bereiche\\\/ellenbogen\\\/arthrose-und-rheuma-am-ellenbogen\\\/\",\"url\":\"https:\\\/\\\/atos-mvz.de\\\/wiesbaden\\\/bereiche\\\/ellenbogen\\\/arthrose-und-rheuma-am-ellenbogen\\\/\",\"name\":\"Arthrose und Rheuma am Ellenbogen - MVZ Wiesbaden\",\"isPartOf\":{\"@id\":\"https:\\\/\\\/atos-mvz.de\\\/wiesbaden\\\/#website\"},\"primaryImageOfPage\":{\"@id\":\"https:\\\/\\\/atos-mvz.de\\\/wiesbaden\\\/bereiche\\\/ellenbogen\\\/arthrose-und-rheuma-am-ellenbogen\\\/#primaryimage\"},\"image\":{\"@id\":\"https:\\\/\\\/atos-mvz.de\\\/wiesbaden\\\/bereiche\\\/ellenbogen\\\/arthrose-und-rheuma-am-ellenbogen\\\/#primaryimage\"},\"thumbnailUrl\":\"https:\\\/\\\/atos-mvz.de\\\/wiesbaden\\\/wp-content\\\/uploads\\\/sites\\\/22\\\/2023\\\/09\\\/Ellenbogen-Arthrose-und-Rheuma-300x200.jpg\",\"datePublished\":\"2023-09-13T06:49:49+00:00\",\"breadcrumb\":{\"@id\":\"https:\\\/\\\/atos-mvz.de\\\/wiesbaden\\\/bereiche\\\/ellenbogen\\\/arthrose-und-rheuma-am-ellenbogen\\\/#breadcrumb\"},\"inLanguage\":\"de\",\"potentialAction\":[{\"@type\":\"ReadAction\",\"target\":[\"https:\\\/\\\/atos-mvz.de\\\/wiesbaden\\\/bereiche\\\/ellenbogen\\\/arthrose-und-rheuma-am-ellenbogen\\\/\"]}]},{\"@type\":\"ImageObject\",\"inLanguage\":\"de\",\"@id\":\"https:\\\/\\\/atos-mvz.de\\\/wiesbaden\\\/bereiche\\\/ellenbogen\\\/arthrose-und-rheuma-am-ellenbogen\\\/#primaryimage\",\"url\":\"https:\\\/\\\/atos-mvz.de\\\/wiesbaden\\\/wp-content\\\/uploads\\\/sites\\\/22\\\/2023\\\/09\\\/Ellenbogen-Arthrose-und-Rheuma.jpg\",\"contentUrl\":\"https:\\\/\\\/atos-mvz.de\\\/wiesbaden\\\/wp-content\\\/uploads\\\/sites\\\/22\\\/2023\\\/09\\\/Ellenbogen-Arthrose-und-Rheuma.jpg\",\"width\":850,\"height\":567},{\"@type\":\"BreadcrumbList\",\"@id\":\"https:\\\/\\\/atos-mvz.de\\\/wiesbaden\\\/bereiche\\\/ellenbogen\\\/arthrose-und-rheuma-am-ellenbogen\\\/#breadcrumb\",\"itemListElement\":[{\"@type\":\"ListItem\",\"position\":1,\"name\":\"Startseite\",\"item\":\"https:\\\/\\\/atos-mvz.de\\\/wiesbaden\\\/startseite\\\/\"},{\"@type\":\"ListItem\",\"position\":2,\"name\":\"Bereiche\",\"item\":\"https:\\\/\\\/atos-mvz.de\\\/wiesbaden\\\/bereiche\\\/\"},{\"@type\":\"ListItem\",\"position\":3,\"name\":\"Ellenbogen\",\"item\":\"https:\\\/\\\/atos-mvz.de\\\/wiesbaden\\\/bereiche\\\/ellenbogen\\\/\"},{\"@type\":\"ListItem\",\"position\":4,\"name\":\"Arthrose und Rheuma am Ellenbogen\"}]},{\"@type\":\"WebSite\",\"@id\":\"https:\\\/\\\/atos-mvz.de\\\/wiesbaden\\\/#website\",\"url\":\"https:\\\/\\\/atos-mvz.de\\\/wiesbaden\\\/\",\"name\":\"MVZ Wiesbaden\",\"description\":\"\",\"potentialAction\":[{\"@type\":\"SearchAction\",\"target\":{\"@type\":\"EntryPoint\",\"urlTemplate\":\"https:\\\/\\\/atos-mvz.de\\\/wiesbaden\\\/?s={search_term_string}\"},\"query-input\":{\"@type\":\"PropertyValueSpecification\",\"valueRequired\":true,\"valueName\":\"search_term_string\"}}],\"inLanguage\":\"de\"}]}<\/script>\n<!-- \/ Yoast SEO plugin. -->","yoast_head_json":{"title":"Arthrose und Rheuma am Ellenbogen - MVZ Wiesbaden","robots":{"index":"index","follow":"follow","max-snippet":"max-snippet:-1","max-image-preview":"max-image-preview:large","max-video-preview":"max-video-preview:-1"},"canonical":"https:\/\/atos-mvz.de\/wiesbaden\/bereiche\/ellenbogen\/arthrose-und-rheuma-am-ellenbogen\/","og_locale":"de_DE","og_type":"article","og_title":"Arthrose und Rheuma am Ellenbogen - MVZ Wiesbaden","og_url":"https:\/\/atos-mvz.de\/wiesbaden\/bereiche\/ellenbogen\/arthrose-und-rheuma-am-ellenbogen\/","og_site_name":"MVZ Wiesbaden","og_image":[{"url":"https:\/\/atos-mvz.de\/wiesbaden\/wp-content\/uploads\/sites\/22\/2023\/09\/Ellenbogen-Arthrose-und-Rheuma-300x200.jpg","type":"","width":"","height":""}],"twitter_card":"summary_large_image","schema":{"@context":"https:\/\/schema.org","@graph":[{"@type":"WebPage","@id":"https:\/\/atos-mvz.de\/wiesbaden\/bereiche\/ellenbogen\/arthrose-und-rheuma-am-ellenbogen\/","url":"https:\/\/atos-mvz.de\/wiesbaden\/bereiche\/ellenbogen\/arthrose-und-rheuma-am-ellenbogen\/","name":"Arthrose und Rheuma am Ellenbogen - MVZ Wiesbaden","isPartOf":{"@id":"https:\/\/atos-mvz.de\/wiesbaden\/#website"},"primaryImageOfPage":{"@id":"https:\/\/atos-mvz.de\/wiesbaden\/bereiche\/ellenbogen\/arthrose-und-rheuma-am-ellenbogen\/#primaryimage"},"image":{"@id":"https:\/\/atos-mvz.de\/wiesbaden\/bereiche\/ellenbogen\/arthrose-und-rheuma-am-ellenbogen\/#primaryimage"},"thumbnailUrl":"https:\/\/atos-mvz.de\/wiesbaden\/wp-content\/uploads\/sites\/22\/2023\/09\/Ellenbogen-Arthrose-und-Rheuma-300x200.jpg","datePublished":"2023-09-13T06:49:49+00:00","breadcrumb":{"@id":"https:\/\/atos-mvz.de\/wiesbaden\/bereiche\/ellenbogen\/arthrose-und-rheuma-am-ellenbogen\/#breadcrumb"},"inLanguage":"de","potentialAction":[{"@type":"ReadAction","target":["https:\/\/atos-mvz.de\/wiesbaden\/bereiche\/ellenbogen\/arthrose-und-rheuma-am-ellenbogen\/"]}]},{"@type":"ImageObject","inLanguage":"de","@id":"https:\/\/atos-mvz.de\/wiesbaden\/bereiche\/ellenbogen\/arthrose-und-rheuma-am-ellenbogen\/#primaryimage","url":"https:\/\/atos-mvz.de\/wiesbaden\/wp-content\/uploads\/sites\/22\/2023\/09\/Ellenbogen-Arthrose-und-Rheuma.jpg","contentUrl":"https:\/\/atos-mvz.de\/wiesbaden\/wp-content\/uploads\/sites\/22\/2023\/09\/Ellenbogen-Arthrose-und-Rheuma.jpg","width":850,"height":567},{"@type":"BreadcrumbList","@id":"https:\/\/atos-mvz.de\/wiesbaden\/bereiche\/ellenbogen\/arthrose-und-rheuma-am-ellenbogen\/#breadcrumb","itemListElement":[{"@type":"ListItem","position":1,"name":"Startseite","item":"https:\/\/atos-mvz.de\/wiesbaden\/startseite\/"},{"@type":"ListItem","position":2,"name":"Bereiche","item":"https:\/\/atos-mvz.de\/wiesbaden\/bereiche\/"},{"@type":"ListItem","position":3,"name":"Ellenbogen","item":"https:\/\/atos-mvz.de\/wiesbaden\/bereiche\/ellenbogen\/"},{"@type":"ListItem","position":4,"name":"Arthrose und Rheuma am Ellenbogen"}]},{"@type":"WebSite","@id":"https:\/\/atos-mvz.de\/wiesbaden\/#website","url":"https:\/\/atos-mvz.de\/wiesbaden\/","name":"MVZ Wiesbaden","description":"","potentialAction":[{"@type":"SearchAction","target":{"@type":"EntryPoint","urlTemplate":"https:\/\/atos-mvz.de\/wiesbaden\/?s={search_term_string}"},"query-input":{"@type":"PropertyValueSpecification","valueRequired":true,"valueName":"search_term_string"}}],"inLanguage":"de"}]}},"_links":{"self":[{"href":"https:\/\/atos-mvz.de\/wiesbaden\/wp-json\/wp\/v2\/pages\/1435","targetHints":{"allow":["GET"]}}],"collection":[{"href":"https:\/\/atos-mvz.de\/wiesbaden\/wp-json\/wp\/v2\/pages"}],"about":[{"href":"https:\/\/atos-mvz.de\/wiesbaden\/wp-json\/wp\/v2\/types\/page"}],"author":[{"embeddable":true,"href":"https:\/\/atos-mvz.de\/wiesbaden\/wp-json\/wp\/v2\/users\/1"}],"replies":[{"embeddable":true,"href":"https:\/\/atos-mvz.de\/wiesbaden\/wp-json\/wp\/v2\/comments?post=1435"}],"version-history":[{"count":2,"href":"https:\/\/atos-mvz.de\/wiesbaden\/wp-json\/wp\/v2\/pages\/1435\/revisions"}],"predecessor-version":[{"id":2609,"href":"https:\/\/atos-mvz.de\/wiesbaden\/wp-json\/wp\/v2\/pages\/1435\/revisions\/2609"}],"up":[{"embeddable":true,"href":"https:\/\/atos-mvz.de\/wiesbaden\/wp-json\/wp\/v2\/pages\/1417"}],"wp:attachment":[{"href":"https:\/\/atos-mvz.de\/wiesbaden\/wp-json\/wp\/v2\/media?parent=1435"}],"curies":[{"name":"wp","href":"https:\/\/api.w.org\/{rel}","templated":true}]}}