{"id":1429,"date":"2023-09-13T08:35:39","date_gmt":"2023-09-13T06:35:39","guid":{"rendered":"https:\/\/atos-mvz.de\/wiesbaden\/?page_id=1429"},"modified":"2023-09-13T12:56:25","modified_gmt":"2023-09-13T10:56:25","slug":"nerven-und-sehnenerkrankungen-des-ellenbogens","status":"publish","type":"page","link":"https:\/\/atos-mvz.de\/wiesbaden\/bereiche\/ellenbogen\/nerven-und-sehnenerkrankungen-des-ellenbogens\/","title":{"rendered":"Nerven- und Sehnenerkrankungen des Ellenbogens"},"content":{"rendered":"\n<style type=\"text\/css\" data-created_by=\"avia_inline_auto\" id=\"style-css-av-lmhd5m3o-907c34aae5c54868a944b22b1dd57981\">\n.avia-section.av-lmhd5m3o-907c34aae5c54868a944b22b1dd57981{\nbackground-repeat:no-repeat;\nbackground-image:url(https:\/\/atos-mvz.de\/wiesbaden\/wp-content\/uploads\/sites\/22\/2021\/01\/Ellenbogenschmerzen_1700x600.jpg);\nbackground-position:50% 50%;\nbackground-attachment:scroll;\n}\n.avia-section.av-lmhd5m3o-907c34aae5c54868a944b22b1dd57981 .av-extra-border-element .av-extra-border-inner{\nbackground-color:#ffffff;\n}\n<\/style>\n<div id='header-img'  class='avia-section av-lmhd5m3o-907c34aae5c54868a944b22b1dd57981 main_color avia-section-huge avia-no-border-styling  avia-builder-el-0  el_before_av_section  avia-builder-el-first  avia-full-stretch avia-bg-style-scroll container_wrap fullsize'  data-section-bg-repeat='stretch'><div class='container av-section-cont-open' ><main  role=\"main\" itemprop=\"mainContentOfPage\"  class='template-page content  av-content-full alpha units'><div class='post-entry post-entry-type-page post-entry-1429'><div class='entry-content-wrapper clearfix'>\n\n<style type=\"text\/css\" data-created_by=\"avia_inline_auto\" id=\"style-css-av-k4hkad-0332082c1bee1f0392ea11869eef7df2\">\n#top .hr.hr-invisible.av-k4hkad-0332082c1bee1f0392ea11869eef7df2{\nheight:100px;\n}\n<\/style>\n<div  class='hr av-k4hkad-0332082c1bee1f0392ea11869eef7df2 hr-invisible  avia-builder-el-1  avia-builder-el-no-sibling '><span class='hr-inner '><span class=\"hr-inner-style\"><\/span><\/span><\/div>\n\n<\/div><\/div><\/main><!-- close content main element --><\/div><div class='av-extra-border-element border-extra-diagonal border-extra-diagonal-inverse '><div class='av-extra-border-outer'><div class='av-extra-border-inner'><\/div><\/div><\/div><\/div>\n<style type=\"text\/css\" data-created_by=\"avia_inline_auto\" id=\"style-css-av-ig6s51-66d59f2bf84f78a553c689483ac49bb5\">\n.avia-section.av-ig6s51-66d59f2bf84f78a553c689483ac49bb5 .av-extra-border-element .av-extra-border-inner{\nbackground-color:#f1f0f5;\n}\n<\/style>\n<div id='av_section_2'  class='avia-section av-ig6s51-66d59f2bf84f78a553c689483ac49bb5 main_color avia-section-large avia-no-border-styling  avia-builder-el-2  el_after_av_section  avia-builder-el-last  small-container avia-bg-style-scroll container_wrap fullsize'  ><div class='container av-section-cont-open' ><div class='template-page content  av-content-full alpha units'><div class='post-entry post-entry-type-page post-entry-1429'><div class='entry-content-wrapper clearfix'>\n<section  class='av_textblock_section av-lmhd5s7s-111d8b71ba345e062cfb3fa35713df99 '   itemscope=\"itemscope\" itemtype=\"https:\/\/schema.org\/CreativeWork\" ><div class='avia_textblock'  itemprop=\"text\" ><h1><strong>Nerven- und Sehnen\u00aderkrankungen des Ellenbogens<\/strong><\/h1>\n<\/div><\/section>\n\n<style type=\"text\/css\" data-created_by=\"avia_inline_auto\" id=\"style-css-av-hzunat-b7173e9e5caf3dd3428bf014632e4c60\">\n#top .hr.av-hzunat-b7173e9e5caf3dd3428bf014632e4c60{\nmargin-top:0;\nmargin-bottom:30px;\n}\n.hr.av-hzunat-b7173e9e5caf3dd3428bf014632e4c60 .hr-inner{\nwidth:100%;\nborder-color:#f1f0f5;\n}\n<\/style>\n<div  class='hr av-hzunat-b7173e9e5caf3dd3428bf014632e4c60 hr-custom  avia-builder-el-4  el_after_av_textblock  el_before_av_textblock  hr-center hr-icon-no'><span class='hr-inner inner-border-av-border-thin'><span class=\"hr-inner-style\"><\/span><\/span><\/div>\n<section  class='av_textblock_section av-lmhd738c-9a629b4864823ea9caf9f009a35c4950 '   itemscope=\"itemscope\" itemtype=\"https:\/\/schema.org\/CreativeWork\" ><div class='avia_textblock'  itemprop=\"text\" ><h2><strong>Nervenerkrankungen am Ellenbogen<\/strong><\/h2>\n<p><img loading=\"lazy\" decoding=\"async\" class=\"size-medium wp-image-1421 alignright\" src=\"https:\/\/atos-mvz.de\/wiesbaden\/wp-content\/uploads\/sites\/22\/2023\/09\/Ellenbogen-Arthrose-und-Rheuma-300x200.jpg\" alt=\"\" width=\"300\" height=\"200\" srcset=\"https:\/\/atos-mvz.de\/wiesbaden\/wp-content\/uploads\/sites\/22\/2023\/09\/Ellenbogen-Arthrose-und-Rheuma-300x200.jpg 300w, https:\/\/atos-mvz.de\/wiesbaden\/wp-content\/uploads\/sites\/22\/2023\/09\/Ellenbogen-Arthrose-und-Rheuma-768x512.jpg 768w, https:\/\/atos-mvz.de\/wiesbaden\/wp-content\/uploads\/sites\/22\/2023\/09\/Ellenbogen-Arthrose-und-Rheuma-845x567.jpg 845w, https:\/\/atos-mvz.de\/wiesbaden\/wp-content\/uploads\/sites\/22\/2023\/09\/Ellenbogen-Arthrose-und-Rheuma-705x470.jpg 705w, https:\/\/atos-mvz.de\/wiesbaden\/wp-content\/uploads\/sites\/22\/2023\/09\/Ellenbogen-Arthrose-und-Rheuma.jpg 850w\" sizes=\"auto, (max-width: 300px) 100vw, 300px\" \/><\/p>\n<h3><strong>Das Ulnarisrinnensyndrom<\/strong><\/h3>\n<p>Hierbei handelt es sich um ein Nervenengpasssyndrom des Ellennervs an der Ellenbogeninnenseite.<\/p>\n<p>Als Ursache wird chronisches Verlagern des Nervs \u00fcber den inneren Ellenbogenknorren beim Beugen, eine Kompression durch Gewebsstr\u00e4nge, kn\u00f6cherne Ver\u00e4nderungen nach Br\u00fcchen oder lokale Raumforderungen, wie Ganglion oder Rheumagewebsansammlungen vermutet.<\/p>\n<p>Die Patienten beklagen Missempfindungen im Ring- und Kleinfinger und an der Kleinfingerseite der Hand. Im weiteren Verlauf k\u00f6nnen sich auch Muskelschw\u00e4chen entwickeln, z.B. am Kleinfingerballen mit Ausbildung einer Krallenhand.<\/p>\n<p>Neben klinischen Tests best\u00e4tigt eine neurologische Messung der Nervenleitgeschwindigkeit die Diagnose.<\/p>\n<p><strong>Oft wirken konservative Therapien.<\/strong><\/p>\n<p>Die konservative Therapie beinhaltet die Ruhigstellung des Ellenbogengelenkes in Streckstellung auf einer Schiene zur Nacht. Entz\u00fcndungshemmende Medikamente und B-Vitamine in Tablettenform k\u00f6nnen ebenso lindernd wirken.<\/p>\n<p><strong>Falls doch operiert werden muss, ist die OP sehr erfolgreich.<\/strong><\/p>\n<p>Die operative Therapie besteht in der Nervenfreilegung am Ellenbogen. Dies kann neuerdings arthroskopisch oder traditionell offen durchgef\u00fchrt werden. Wir bevorzugen die offene Methode, da hier die Verlagerung des Nervs beim Beugen nachgewiesen werden kann. Trifft dies zu, muss der Nerv zum Schutz vor der mechanischen Reizung in die Ellenbeuge verlagert werden.<\/p>\n<p>Nachfolgend wird das Ellenbogengelenk in Beugestellung mit einer Gipsschiene f\u00fcr 1 Woche ruhig gestellt. Die Entfernung der Hautf\u00e4den ist nach 2 Wochen m\u00f6glich. Anschlie\u00dfend soll eine Schonung des Arms f\u00fcr vier Wochen eingehalten werden, um die Narbenbildung zu minimieren. Alltagsverrichtungen sind w\u00e4hrend dieser Zeit m\u00f6glich.<\/p>\n<\/div><\/section>\n\n<style type=\"text\/css\" data-created_by=\"avia_inline_auto\" id=\"style-css-av-fe8vkl-5ab8ed946c6b847136346aac87e34575\">\n#top .hr.av-fe8vkl-5ab8ed946c6b847136346aac87e34575{\nmargin-top:20px;\nmargin-bottom:30px;\n}\n.hr.av-fe8vkl-5ab8ed946c6b847136346aac87e34575 .hr-inner{\nwidth:100%;\nborder-color:#f1f0f5;\n}\n<\/style>\n<div  class='hr av-fe8vkl-5ab8ed946c6b847136346aac87e34575 hr-custom  avia-builder-el-6  el_after_av_textblock  el_before_av_textblock  hr-center hr-icon-no'><span class='hr-inner inner-border-av-border-thin'><span class=\"hr-inner-style\"><\/span><\/span><\/div>\n<section  class='av_textblock_section av-lmhd90bo-a03ef073e50cbfa40e3012652efe0cc3 '   itemscope=\"itemscope\" itemtype=\"https:\/\/schema.org\/CreativeWork\" ><div class='avia_textblock'  itemprop=\"text\" ><h2><strong>Sehnenerkrankungen<\/strong><\/h2>\n<h3><img loading=\"lazy\" decoding=\"async\" class=\"size-medium wp-image-1430 alignright\" src=\"https:\/\/atos-mvz.de\/wiesbaden\/wp-content\/uploads\/sites\/22\/2023\/09\/Erkrankung-des-Ellenbogengelenks-300x200.jpg\" alt=\"\" width=\"300\" height=\"200\" srcset=\"https:\/\/atos-mvz.de\/wiesbaden\/wp-content\/uploads\/sites\/22\/2023\/09\/Erkrankung-des-Ellenbogengelenks-300x200.jpg 300w, https:\/\/atos-mvz.de\/wiesbaden\/wp-content\/uploads\/sites\/22\/2023\/09\/Erkrankung-des-Ellenbogengelenks-768x512.jpg 768w, https:\/\/atos-mvz.de\/wiesbaden\/wp-content\/uploads\/sites\/22\/2023\/09\/Erkrankung-des-Ellenbogengelenks-845x567.jpg 845w, https:\/\/atos-mvz.de\/wiesbaden\/wp-content\/uploads\/sites\/22\/2023\/09\/Erkrankung-des-Ellenbogengelenks-705x470.jpg 705w, https:\/\/atos-mvz.de\/wiesbaden\/wp-content\/uploads\/sites\/22\/2023\/09\/Erkrankung-des-Ellenbogengelenks.jpg 850w\" sizes=\"auto, (max-width: 300px) 100vw, 300px\" \/><\/h3>\n<h3><strong>Tennisarm und Golferarm<\/strong><\/h3>\n<p><strong>Die Therapie eines Tennisellenbogens kann sehr langwierig und schwierig sein.<\/strong><\/p>\n<p>Diese Erkrankung wird auch als Epikondylitis bezeichnet. Es handelt sich hierbei um eine Entz\u00fcndung von Streck- oder Beugesehnenans\u00e4tze von Muskeln am \u00e4u\u00dferen (Tennisarm) oder inneren (Golferarm) Oberarmknorren.<\/p>\n<p>Eine Sehnenansatzentz\u00fcndung entsteht durch extreme oder dauernd wiederkehrende Bewegungen der Unterarmmuskulatur, die zu einer \u00dcberbeanspruchung f\u00fchren. Beispielsweise sind Arbeiten am Computer, falsche Techniken bei Schl\u00e4gersportarten oder falsche Schlafhaltung mit extrem gebeugtem Ellenbogen daf\u00fcr verantwortlich.<\/p>\n<p>Die Patienten beklagen regionale Schmerzen an der Au\u00dfenoder Innenseite des Ellenbogens mit Ausstrahlung zum Unterarm und Schmerzausl\u00f6sung oder -verst\u00e4rkung bei Anspannung<br \/>\ndes betroffenen Muskels.<\/p>\n<p>Diffentialdiagnostisch m\u00fcssen Nervenerkrankungen am Ellenbogengelenk ausgeschlossen werden.<\/p>\n<p>Das Spektrum der konservativen Therapie ist mannigfaltig. In klassischer Weise wird gek\u00fchlt durch Eisanwendungen, die Querfriktionsmassage ist etabliert, auch unter Verwendung einer Bandage, manualtherapeutische Techniken mit Dehnung und Kr\u00e4ftigung sollen anderen Ma\u00dfnahmen \u00fcberlegen sein. Die lokale Entz\u00fcndung kann mit Kortisonpr\u00e4paraten oder hom\u00f6opathischen Substanzen durch Injektion umflutet werden.<\/p>\n<p>Die Anwendung von Ultraschall in Form der Sto\u00dfwellentherapie ist weit verbreitet, aber auch nicht in jedem Fall erfolgreich. Die R\u00f6ntgenreizbestrahlung hat auch ihren Stellenwert, weniger etabliert ist passagere L\u00e4hmung des betroffenen Muskels mit Botulinumtoxin, damit sich die erkrankte Sehne wieder erholen kann.<\/p>\n<p>Versagen die konservativen Therapiemethoden besteht die M\u00f6glichkeit, durch eine operative Entlastung der Sehnenans\u00e4tze an den Oberarmknorren f\u00fcr Linderung zu sorgen (Operation nach Hohmann mit Denervation nach Wilhelm). Nach der Operation wird w\u00e4hrend der Wundheilung ein Verband angelegt und es erfolgt eine Schonung f\u00fcr 4 Wochen. Auch die Operation bietet keine absolute Gew\u00e4hr f\u00fcr eine Schmerzfreiheit.<\/p>\n<h3><img loading=\"lazy\" decoding=\"async\" class=\"size-medium wp-image-1420 alignright\" src=\"https:\/\/atos-mvz.de\/wiesbaden\/wp-content\/uploads\/sites\/22\/2023\/09\/Ellenbogen-Nerver-und-Sehnenerkrankungen-300x286.jpg\" alt=\"\" width=\"300\" height=\"286\" srcset=\"https:\/\/atos-mvz.de\/wiesbaden\/wp-content\/uploads\/sites\/22\/2023\/09\/Ellenbogen-Nerver-und-Sehnenerkrankungen-300x286.jpg 300w, https:\/\/atos-mvz.de\/wiesbaden\/wp-content\/uploads\/sites\/22\/2023\/09\/Ellenbogen-Nerver-und-Sehnenerkrankungen.jpg 630w\" sizes=\"auto, (max-width: 300px) 100vw, 300px\" \/><\/h3>\n<h3><strong>Riss des ellenbogenseitigen Ansatzes der Bizepssehne<\/strong><\/h3>\n<p>Der Bizepsmuskel ist am Ellenbogengelenk f\u00fcr die Beugung des Unterarmes und die Ausw\u00e4rtsdrehung (Supination) verantwortlich.<\/p>\n<p>Der Abriss der Bizepssehne an ihrem Ansatz an der Speiche nahe dem Ellenbogengelenk ist selten. Die Ursachen k\u00f6nnen \u00fcberlastungsbedingter (Wurfsportarten, Kraftsportler) oder degenerativer Natur sein. Auch k\u00f6nnen wiederholte Anwendungen von kortisonhaltigen Spritzen zur Ruptur f\u00fchren. Erkrankungen aus dem rheumatischen Formenkreis sind ebenfalls pr\u00e4destiniert.<\/p>\n<p>Klinisch finden sich das typische Relief des Oberarmes mit \u201ehochgerutschtem\u201c Muskelbauch am Oberarm sowie die Funktionsst\u00f6rung f\u00fcr die Beugung und Drehung des Unterarmes. Da ein erheblicher Funktionsverlust f\u00fcr die Unterarmdrehung resultiert, wird zur operativen Refixation der Sehne an der Speiche geraten. Hierzu k\u00f6nnen moderne Titanankersysteme Verwendung finden.<\/p>\n<p>Nach der Operation muss zun\u00e4chst eine Ruhigstellung in einer Oberarmschiene erfolgen, ehe mit Krankengymnastik begonnen werden kann.<\/p>\n<\/div><\/section>\n\n","protected":false},"excerpt":{"rendered":"","protected":false},"author":1,"featured_media":0,"parent":1417,"menu_order":0,"comment_status":"closed","ping_status":"closed","template":"","meta":{"footnotes":""},"class_list":["post-1429","page","type-page","status-publish","hentry"],"yoast_head":"<!-- This site is optimized with the Yoast SEO plugin v27.3 - https:\/\/yoast.com\/product\/yoast-seo-wordpress\/ -->\n<title>Nerven- und Sehnenerkrankungen des Ellenbogens - MVZ Wiesbaden<\/title>\n<meta name=\"robots\" content=\"index, follow, max-snippet:-1, max-image-preview:large, max-video-preview:-1\" \/>\n<link rel=\"canonical\" href=\"https:\/\/atos-mvz.de\/wiesbaden\/bereiche\/ellenbogen\/nerven-und-sehnenerkrankungen-des-ellenbogens\/\" \/>\n<meta property=\"og:locale\" content=\"de_DE\" \/>\n<meta property=\"og:type\" content=\"article\" \/>\n<meta property=\"og:title\" content=\"Nerven- und Sehnenerkrankungen des Ellenbogens - MVZ Wiesbaden\" \/>\n<meta property=\"og:url\" content=\"https:\/\/atos-mvz.de\/wiesbaden\/bereiche\/ellenbogen\/nerven-und-sehnenerkrankungen-des-ellenbogens\/\" \/>\n<meta property=\"og:site_name\" content=\"MVZ Wiesbaden\" \/>\n<meta property=\"article:modified_time\" content=\"2023-09-13T10:56:25+00:00\" \/>\n<meta property=\"og:image\" content=\"https:\/\/atos-mvz.de\/wiesbaden\/wp-content\/uploads\/sites\/22\/2023\/09\/Ellenbogen-Arthrose-und-Rheuma-300x200.jpg\" \/>\n<meta name=\"twitter:card\" content=\"summary_large_image\" \/>\n<script type=\"application\/ld+json\" class=\"yoast-schema-graph\">{\"@context\":\"https:\\\/\\\/schema.org\",\"@graph\":[{\"@type\":\"WebPage\",\"@id\":\"https:\\\/\\\/atos-mvz.de\\\/wiesbaden\\\/bereiche\\\/ellenbogen\\\/nerven-und-sehnenerkrankungen-des-ellenbogens\\\/\",\"url\":\"https:\\\/\\\/atos-mvz.de\\\/wiesbaden\\\/bereiche\\\/ellenbogen\\\/nerven-und-sehnenerkrankungen-des-ellenbogens\\\/\",\"name\":\"Nerven- und Sehnenerkrankungen des Ellenbogens - MVZ Wiesbaden\",\"isPartOf\":{\"@id\":\"https:\\\/\\\/atos-mvz.de\\\/wiesbaden\\\/#website\"},\"primaryImageOfPage\":{\"@id\":\"https:\\\/\\\/atos-mvz.de\\\/wiesbaden\\\/bereiche\\\/ellenbogen\\\/nerven-und-sehnenerkrankungen-des-ellenbogens\\\/#primaryimage\"},\"image\":{\"@id\":\"https:\\\/\\\/atos-mvz.de\\\/wiesbaden\\\/bereiche\\\/ellenbogen\\\/nerven-und-sehnenerkrankungen-des-ellenbogens\\\/#primaryimage\"},\"thumbnailUrl\":\"https:\\\/\\\/atos-mvz.de\\\/wiesbaden\\\/wp-content\\\/uploads\\\/sites\\\/22\\\/2023\\\/09\\\/Ellenbogen-Arthrose-und-Rheuma-300x200.jpg\",\"datePublished\":\"2023-09-13T06:35:39+00:00\",\"dateModified\":\"2023-09-13T10:56:25+00:00\",\"breadcrumb\":{\"@id\":\"https:\\\/\\\/atos-mvz.de\\\/wiesbaden\\\/bereiche\\\/ellenbogen\\\/nerven-und-sehnenerkrankungen-des-ellenbogens\\\/#breadcrumb\"},\"inLanguage\":\"de\",\"potentialAction\":[{\"@type\":\"ReadAction\",\"target\":[\"https:\\\/\\\/atos-mvz.de\\\/wiesbaden\\\/bereiche\\\/ellenbogen\\\/nerven-und-sehnenerkrankungen-des-ellenbogens\\\/\"]}]},{\"@type\":\"ImageObject\",\"inLanguage\":\"de\",\"@id\":\"https:\\\/\\\/atos-mvz.de\\\/wiesbaden\\\/bereiche\\\/ellenbogen\\\/nerven-und-sehnenerkrankungen-des-ellenbogens\\\/#primaryimage\",\"url\":\"https:\\\/\\\/atos-mvz.de\\\/wiesbaden\\\/wp-content\\\/uploads\\\/sites\\\/22\\\/2023\\\/09\\\/Ellenbogen-Arthrose-und-Rheuma.jpg\",\"contentUrl\":\"https:\\\/\\\/atos-mvz.de\\\/wiesbaden\\\/wp-content\\\/uploads\\\/sites\\\/22\\\/2023\\\/09\\\/Ellenbogen-Arthrose-und-Rheuma.jpg\",\"width\":850,\"height\":567},{\"@type\":\"BreadcrumbList\",\"@id\":\"https:\\\/\\\/atos-mvz.de\\\/wiesbaden\\\/bereiche\\\/ellenbogen\\\/nerven-und-sehnenerkrankungen-des-ellenbogens\\\/#breadcrumb\",\"itemListElement\":[{\"@type\":\"ListItem\",\"position\":1,\"name\":\"Startseite\",\"item\":\"https:\\\/\\\/atos-mvz.de\\\/wiesbaden\\\/startseite\\\/\"},{\"@type\":\"ListItem\",\"position\":2,\"name\":\"Bereiche\",\"item\":\"https:\\\/\\\/atos-mvz.de\\\/wiesbaden\\\/bereiche\\\/\"},{\"@type\":\"ListItem\",\"position\":3,\"name\":\"Ellenbogen\",\"item\":\"https:\\\/\\\/atos-mvz.de\\\/wiesbaden\\\/bereiche\\\/ellenbogen\\\/\"},{\"@type\":\"ListItem\",\"position\":4,\"name\":\"Nerven- und Sehnenerkrankungen des Ellenbogens\"}]},{\"@type\":\"WebSite\",\"@id\":\"https:\\\/\\\/atos-mvz.de\\\/wiesbaden\\\/#website\",\"url\":\"https:\\\/\\\/atos-mvz.de\\\/wiesbaden\\\/\",\"name\":\"MVZ Wiesbaden\",\"description\":\"\",\"potentialAction\":[{\"@type\":\"SearchAction\",\"target\":{\"@type\":\"EntryPoint\",\"urlTemplate\":\"https:\\\/\\\/atos-mvz.de\\\/wiesbaden\\\/?s={search_term_string}\"},\"query-input\":{\"@type\":\"PropertyValueSpecification\",\"valueRequired\":true,\"valueName\":\"search_term_string\"}}],\"inLanguage\":\"de\"}]}<\/script>\n<!-- \/ Yoast SEO plugin. -->","yoast_head_json":{"title":"Nerven- und Sehnenerkrankungen des Ellenbogens - MVZ Wiesbaden","robots":{"index":"index","follow":"follow","max-snippet":"max-snippet:-1","max-image-preview":"max-image-preview:large","max-video-preview":"max-video-preview:-1"},"canonical":"https:\/\/atos-mvz.de\/wiesbaden\/bereiche\/ellenbogen\/nerven-und-sehnenerkrankungen-des-ellenbogens\/","og_locale":"de_DE","og_type":"article","og_title":"Nerven- und Sehnenerkrankungen des Ellenbogens - MVZ Wiesbaden","og_url":"https:\/\/atos-mvz.de\/wiesbaden\/bereiche\/ellenbogen\/nerven-und-sehnenerkrankungen-des-ellenbogens\/","og_site_name":"MVZ Wiesbaden","article_modified_time":"2023-09-13T10:56:25+00:00","og_image":[{"url":"https:\/\/atos-mvz.de\/wiesbaden\/wp-content\/uploads\/sites\/22\/2023\/09\/Ellenbogen-Arthrose-und-Rheuma-300x200.jpg","type":"","width":"","height":""}],"twitter_card":"summary_large_image","schema":{"@context":"https:\/\/schema.org","@graph":[{"@type":"WebPage","@id":"https:\/\/atos-mvz.de\/wiesbaden\/bereiche\/ellenbogen\/nerven-und-sehnenerkrankungen-des-ellenbogens\/","url":"https:\/\/atos-mvz.de\/wiesbaden\/bereiche\/ellenbogen\/nerven-und-sehnenerkrankungen-des-ellenbogens\/","name":"Nerven- und Sehnenerkrankungen des Ellenbogens - MVZ Wiesbaden","isPartOf":{"@id":"https:\/\/atos-mvz.de\/wiesbaden\/#website"},"primaryImageOfPage":{"@id":"https:\/\/atos-mvz.de\/wiesbaden\/bereiche\/ellenbogen\/nerven-und-sehnenerkrankungen-des-ellenbogens\/#primaryimage"},"image":{"@id":"https:\/\/atos-mvz.de\/wiesbaden\/bereiche\/ellenbogen\/nerven-und-sehnenerkrankungen-des-ellenbogens\/#primaryimage"},"thumbnailUrl":"https:\/\/atos-mvz.de\/wiesbaden\/wp-content\/uploads\/sites\/22\/2023\/09\/Ellenbogen-Arthrose-und-Rheuma-300x200.jpg","datePublished":"2023-09-13T06:35:39+00:00","dateModified":"2023-09-13T10:56:25+00:00","breadcrumb":{"@id":"https:\/\/atos-mvz.de\/wiesbaden\/bereiche\/ellenbogen\/nerven-und-sehnenerkrankungen-des-ellenbogens\/#breadcrumb"},"inLanguage":"de","potentialAction":[{"@type":"ReadAction","target":["https:\/\/atos-mvz.de\/wiesbaden\/bereiche\/ellenbogen\/nerven-und-sehnenerkrankungen-des-ellenbogens\/"]}]},{"@type":"ImageObject","inLanguage":"de","@id":"https:\/\/atos-mvz.de\/wiesbaden\/bereiche\/ellenbogen\/nerven-und-sehnenerkrankungen-des-ellenbogens\/#primaryimage","url":"https:\/\/atos-mvz.de\/wiesbaden\/wp-content\/uploads\/sites\/22\/2023\/09\/Ellenbogen-Arthrose-und-Rheuma.jpg","contentUrl":"https:\/\/atos-mvz.de\/wiesbaden\/wp-content\/uploads\/sites\/22\/2023\/09\/Ellenbogen-Arthrose-und-Rheuma.jpg","width":850,"height":567},{"@type":"BreadcrumbList","@id":"https:\/\/atos-mvz.de\/wiesbaden\/bereiche\/ellenbogen\/nerven-und-sehnenerkrankungen-des-ellenbogens\/#breadcrumb","itemListElement":[{"@type":"ListItem","position":1,"name":"Startseite","item":"https:\/\/atos-mvz.de\/wiesbaden\/startseite\/"},{"@type":"ListItem","position":2,"name":"Bereiche","item":"https:\/\/atos-mvz.de\/wiesbaden\/bereiche\/"},{"@type":"ListItem","position":3,"name":"Ellenbogen","item":"https:\/\/atos-mvz.de\/wiesbaden\/bereiche\/ellenbogen\/"},{"@type":"ListItem","position":4,"name":"Nerven- und Sehnenerkrankungen des Ellenbogens"}]},{"@type":"WebSite","@id":"https:\/\/atos-mvz.de\/wiesbaden\/#website","url":"https:\/\/atos-mvz.de\/wiesbaden\/","name":"MVZ Wiesbaden","description":"","potentialAction":[{"@type":"SearchAction","target":{"@type":"EntryPoint","urlTemplate":"https:\/\/atos-mvz.de\/wiesbaden\/?s={search_term_string}"},"query-input":{"@type":"PropertyValueSpecification","valueRequired":true,"valueName":"search_term_string"}}],"inLanguage":"de"}]}},"_links":{"self":[{"href":"https:\/\/atos-mvz.de\/wiesbaden\/wp-json\/wp\/v2\/pages\/1429","targetHints":{"allow":["GET"]}}],"collection":[{"href":"https:\/\/atos-mvz.de\/wiesbaden\/wp-json\/wp\/v2\/pages"}],"about":[{"href":"https:\/\/atos-mvz.de\/wiesbaden\/wp-json\/wp\/v2\/types\/page"}],"author":[{"embeddable":true,"href":"https:\/\/atos-mvz.de\/wiesbaden\/wp-json\/wp\/v2\/users\/1"}],"replies":[{"embeddable":true,"href":"https:\/\/atos-mvz.de\/wiesbaden\/wp-json\/wp\/v2\/comments?post=1429"}],"version-history":[{"count":4,"href":"https:\/\/atos-mvz.de\/wiesbaden\/wp-json\/wp\/v2\/pages\/1429\/revisions"}],"predecessor-version":[{"id":1627,"href":"https:\/\/atos-mvz.de\/wiesbaden\/wp-json\/wp\/v2\/pages\/1429\/revisions\/1627"}],"up":[{"embeddable":true,"href":"https:\/\/atos-mvz.de\/wiesbaden\/wp-json\/wp\/v2\/pages\/1417"}],"wp:attachment":[{"href":"https:\/\/atos-mvz.de\/wiesbaden\/wp-json\/wp\/v2\/media?parent=1429"}],"curies":[{"name":"wp","href":"https:\/\/api.w.org\/{rel}","templated":true}]}}