{"id":1417,"date":"2023-09-12T17:14:58","date_gmt":"2023-09-12T15:14:58","guid":{"rendered":"https:\/\/atos-mvz.de\/wiesbaden\/?page_id=1417"},"modified":"2026-01-15T15:44:38","modified_gmt":"2026-01-15T14:44:38","slug":"ellenbogen","status":"publish","type":"page","link":"https:\/\/atos-mvz.de\/wiesbaden\/bereiche\/ellenbogen\/","title":{"rendered":"Ellenbogen"},"content":{"rendered":"\n<style type=\"text\/css\" data-created_by=\"avia_inline_auto\" id=\"style-css-av-lmj45zw1-120fb215ba1bc15c874e78c0b6b30158\">\n.avia-section.av-lmj45zw1-120fb215ba1bc15c874e78c0b6b30158{\nbackground-repeat:no-repeat;\nbackground-image:url(https:\/\/atos-mvz.de\/wiesbaden\/wp-content\/uploads\/sites\/22\/2023\/09\/schulter-ellenbogen_1920x550.jpg);\nbackground-position:50% 50%;\nbackground-attachment:scroll;\n}\n.avia-section.av-lmj45zw1-120fb215ba1bc15c874e78c0b6b30158 .av-extra-border-element .av-extra-border-inner{\nbackground-color:#ffffff;\n}\n<\/style>\n<div id='header-img'  class='avia-section av-lmj45zw1-120fb215ba1bc15c874e78c0b6b30158 main_color avia-section-huge avia-no-border-styling  avia-builder-el-0  el_before_av_section  avia-builder-el-first  largeimg avia-full-stretch avia-bg-style-scroll container_wrap fullsize'  data-section-bg-repeat='stretch'><div class='container av-section-cont-open' ><main  role=\"main\" itemprop=\"mainContentOfPage\"  class='template-page content  av-content-full alpha units'><div class='post-entry post-entry-type-page post-entry-1417'><div class='entry-content-wrapper clearfix'>\n<\/div><\/div><\/main><!-- close content main element --><\/div><div class='av-extra-border-element border-extra-diagonal border-extra-diagonal-inverse '><div class='av-extra-border-outer'><div class='av-extra-border-inner'><\/div><\/div><\/div><\/div>\n<style type=\"text\/css\" data-created_by=\"avia_inline_auto\" id=\"style-css-av-lyye95-c36aae54a8d139a0ba621f872beef572\">\n.avia-section.av-lyye95-c36aae54a8d139a0ba621f872beef572 .av-extra-border-element .av-extra-border-inner{\nbackground-color:#f1f0f5;\n}\n<\/style>\n<div id='first-section'  class='avia-section av-lyye95-c36aae54a8d139a0ba621f872beef572 main_color avia-section-large avia-no-border-styling  avia-builder-el-1  el_after_av_section  el_before_av_section  introtxt avia-bg-style-scroll container_wrap fullsize'  ><div class='container av-section-cont-open' ><div class='template-page content  av-content-full alpha units'><div class='post-entry post-entry-type-page post-entry-1417'><div class='entry-content-wrapper clearfix'>\n<section  class='av_textblock_section av-lmggd3bt-d26769f982a97391d4d9daaa2241f0b5 '   itemscope=\"itemscope\" itemtype=\"https:\/\/schema.org\/CreativeWork\" ><div class='avia_textblock'  itemprop=\"text\" ><h1 class=\"av-special-heading-tag \">Erkrankungen des<strong> Ellenbogens<br \/>\n<\/strong><\/h1>\n<\/div><\/section>\n\n<style type=\"text\/css\" data-created_by=\"avia_inline_auto\" id=\"style-css-av-kbrp09-ed5f3b08d6ab7426218103d83091fe39\">\n#top .flex_column.av-kbrp09-ed5f3b08d6ab7426218103d83091fe39{\nmargin-top:0px;\nmargin-bottom:0px;\n}\n.flex_column.av-kbrp09-ed5f3b08d6ab7426218103d83091fe39{\nwidth:48%;\nborder-radius:0px 0px 0px 0px;\npadding:0px 0px 0px 0px;\n}\n.responsive #top #wrap_all .flex_column.av-kbrp09-ed5f3b08d6ab7426218103d83091fe39{\nmargin-top:0px;\nmargin-bottom:0px;\n}\n<\/style>\n<div  class='flex_column av-kbrp09-ed5f3b08d6ab7426218103d83091fe39 av_one_half  avia-builder-el-3  el_after_av_textblock  el_before_av_one_half  first av-break-at-tablet flex_column_div av-zero-column-padding  column-top-margin'     ><section  class='av_textblock_section av-lmggdg9m-0620f6af49b854c49e7949d1da869e36 '   itemscope=\"itemscope\" itemtype=\"https:\/\/schema.org\/CreativeWork\" ><div class='avia_textblock'  itemprop=\"text\" ><p>Das Ellenbogengelenk ist ein sehr komplexes Gelenk, das funktionell in Kombination mit der Hand und dem Schultergelenk betrachtet wird. Verletzungen und degnerative Erkrankungen k\u00f6nnen hier wesentliche Funktionen der oberen Extremit\u00e4t limitieren und die Gebrauchsf\u00e4higkeit des Armes einschr\u00e4nken.<\/p>\n<p>Das Ellenbogengelenk verbindet den Oberarm mit dem Unterarm und wird von drei Knochen gebildet, die jeweils gelenkig miteinander verbunden sind. Die drei Gelenke werden von einer Gelenkkapsel umschlossen. Es bestehen kr\u00e4ftige Bandverbindungen zum Stabilisieren des Gelenkes, die Schleimbeutel sollen mechanische Belastungen abfedern und die umgebende Muskulatur ist f\u00fcr die Bewegung verantwortlich.<\/p>\n<\/div><\/section><\/div>\n<style type=\"text\/css\" data-created_by=\"avia_inline_auto\" id=\"style-css-av-2rapd5-02185c4f5697d0aba517e977f62281f2\">\n#top .flex_column.av-2rapd5-02185c4f5697d0aba517e977f62281f2{\nmargin-top:0px;\nmargin-bottom:0px;\n}\n.flex_column.av-2rapd5-02185c4f5697d0aba517e977f62281f2{\nwidth:48%;\nmargin-left:4%;\nborder-radius:0px 0px 0px 0px;\npadding:0px 0px 0px 0px;\n}\n.responsive #top #wrap_all .flex_column.av-2rapd5-02185c4f5697d0aba517e977f62281f2{\nmargin-top:0px;\nmargin-bottom:0px;\n}\n\n@media only screen and (min-width: 990px){ \n.flex_column.av-2rapd5-02185c4f5697d0aba517e977f62281f2{\npadding:22px 0 0 0;\n}\n}\n<\/style>\n<div  class='flex_column av-2rapd5-02185c4f5697d0aba517e977f62281f2 av_one_half  avia-builder-el-5  el_after_av_one_half  el_before_av_one_full  av-break-at-tablet flex_column_div av-zero-column-padding  column-top-margin'     ><div  class='avia-video av-lmhmkad1-c6d12664200d11de13c8d3d28af7b6d0 avia-video-16-9 av-medium-hide av-small-hide av-mini-hide av-no-preview-image avia-video-load-always av-lazyload-immediate av-lazyload-video-embed'  itemprop=\"video\" itemtype=\"https:\/\/schema.org\/VideoObject\"  data-original_url='https:\/\/www.youtube.com\/watch?v=cG74AUeLgKw'><script type='text\/html' class='av-video-tmpl'><div class='avia-iframe-wrap'><iframe loading=\"lazy\" title=\"Fragen zu Ellenbogenschmerzen - Dr. med. Andreas Kiekenbeck\" width=\"1500\" height=\"844\" src=\"https:\/\/www.youtube.com\/embed\/cG74AUeLgKw?feature=oembed&autoplay=0&loop=0&controls=1&mute=0\" frameborder=\"0\" allow=\"accelerometer; autoplay; clipboard-write; encrypted-media; gyroscope; picture-in-picture; web-share\" allowfullscreen><\/iframe><\/div><\/script><div class='av-click-to-play-overlay'><div class=\"avia_playpause_icon\"><\/div><\/div><\/div><\/div>\n<style type=\"text\/css\" data-created_by=\"avia_inline_auto\" id=\"style-css-av-lmj4arku-67170e199c3afb250c00fa00402d15fc\">\n#top .flex_column.av-lmj4arku-67170e199c3afb250c00fa00402d15fc{\nmargin-top:0px;\nmargin-bottom:0px;\n}\n.flex_column.av-lmj4arku-67170e199c3afb250c00fa00402d15fc{\nwidth:100%;\nborder-radius:0px 0px 0px 0px;\npadding:0px 0px 0px 0px;\n}\n.responsive #top #wrap_all .flex_column.av-lmj4arku-67170e199c3afb250c00fa00402d15fc{\nmargin-top:0px;\nmargin-bottom:0px;\n}\n<\/style>\n<div  class='flex_column av-lmj4arku-67170e199c3afb250c00fa00402d15fc av_one_full  avia-builder-el-7  el_after_av_one_half  el_before_av_hr  first av-break-at-tablet flex_column_div av-zero-column-padding  column-top-margin'     ><section  class='av_textblock_section av-lmj4amqr-54af5afb1b355451d3e691e84feaab55 '   itemscope=\"itemscope\" itemtype=\"https:\/\/schema.org\/CreativeWork\" ><div class='avia_textblock'  itemprop=\"text\" ><p>Erkrankungen am Ellenbogen reichen vom l\u00e4stigen Tennis- oder Golferellenbogen \u00fcber Nervenengpasssyndrome bis hin zu posttraumatischen oder rheumatisch bedingten Arthrosen mit Gelenkzerst\u00f6rung.<\/p>\n<\/div><\/section><\/div>\n<style type=\"text\/css\" data-created_by=\"avia_inline_auto\" id=\"style-css-av-gu5vih-6ae8c8510741b431858888c3555d9f05\">\n#top .hr.hr-invisible.av-gu5vih-6ae8c8510741b431858888c3555d9f05{\nheight:200px;\n}\n<\/style>\n<div  class='hr av-gu5vih-6ae8c8510741b431858888c3555d9f05 hr-invisible  avia-builder-el-9  el_after_av_one_full  avia-builder-el-last '><span class='hr-inner '><span class=\"hr-inner-style\"><\/span><\/span><\/div>\n<\/div><\/div><\/div><!-- close content main div --><\/div><div class='av-extra-border-element border-extra-diagonal border-extra-diagonal-inverse '><div class='av-extra-border-outer'><div class='av-extra-border-inner'><\/div><\/div><\/div><\/div><div id='second-section'  class='avia-section av-frhzhl-0ace536442eb53425e679a46eb7d8b9a alternate_color avia-section-large avia-no-border-styling  avia-builder-el-10  el_after_av_section  avia-builder-el-last  big-content-boxes avia-bg-style-scroll container_wrap fullsize'  ><div class='container av-section-cont-open' ><div class='template-page content  av-content-full alpha units'><div class='post-entry post-entry-type-page post-entry-1417'><div class='entry-content-wrapper clearfix'>\n<div class='flex_column_table av-dywo2h-5fcdc415ca3cf0f60a144ad7fdea47b4 sc-av_one_third av-break-at-tablet-flextable av-equal-height-column-flextable'>\n<style type=\"text\/css\" data-created_by=\"avia_inline_auto\" id=\"style-css-av-dywo2h-5fcdc415ca3cf0f60a144ad7fdea47b4\">\n.flex_column.av-dywo2h-5fcdc415ca3cf0f60a144ad7fdea47b4{\nwidth:30.666666666667%;\nmargin-left:0;\n}\n#top .flex_column_table.av-equal-height-column-flextable.av-dywo2h-5fcdc415ca3cf0f60a144ad7fdea47b4 .av-flex-placeholder{\nwidth:4%;\n}\n<\/style>\n<div  class='flex_column av-dywo2h-5fcdc415ca3cf0f60a144ad7fdea47b4 av_one_third  avia-builder-el-11  el_before_av_two_third  avia-builder-el-first  first av-break-at-tablet flex_column_table_cell av-equal-height-column av-align-top  '     ><style type=\"text\/css\" data-created_by=\"avia_inline_auto\" id=\"style-css-av-bujm0p-071ee696cd4b6490836079c48594ed0b\">\n.avia-image-container.av-bujm0p-071ee696cd4b6490836079c48594ed0b img.avia_image{\nbox-shadow:none;\n}\n.avia-image-container.av-bujm0p-071ee696cd4b6490836079c48594ed0b .av-image-caption-overlay-center{\ncolor:#ffffff;\n}\n<\/style>\n<div  class='avia-image-container av-bujm0p-071ee696cd4b6490836079c48594ed0b av-styling-no-styling av-img-linked avia-align-  avia-builder-el-12  avia-builder-el-no-sibling '   itemprop=\"image\" itemscope=\"itemscope\" itemtype=\"https:\/\/schema.org\/ImageObject\" ><div class=\"avia-image-container-inner\"><div class=\"avia-image-overlay-wrap\"><a href=\"https:\/\/atos-mvz.de\/wiesbaden\/bereiche\/ellenbogen\/nerven-und-sehnenerkrankungen-des-ellenbogens\/\" class='avia_image '  ><img decoding=\"async\" fetchpriority=\"high\" class='wp-image-1420 avia-img-lazy-loading-not-1420 avia_image ' src=\"https:\/\/atos-mvz.de\/wiesbaden\/wp-content\/uploads\/sites\/22\/2023\/09\/Ellenbogen-Nerver-und-Sehnenerkrankungen.jpg\" alt='' title=''  height=\"600\" width=\"630\"  itemprop=\"thumbnailUrl\" srcset=\"https:\/\/atos-mvz.de\/wiesbaden\/wp-content\/uploads\/sites\/22\/2023\/09\/Ellenbogen-Nerver-und-Sehnenerkrankungen.jpg 630w, https:\/\/atos-mvz.de\/wiesbaden\/wp-content\/uploads\/sites\/22\/2023\/09\/Ellenbogen-Nerver-und-Sehnenerkrankungen-300x286.jpg 300w\" sizes=\"(max-width: 630px) 100vw, 630px\" \/><\/a><\/div><\/div><\/div><\/div><div class='av-flex-placeholder'><\/div>\n<style type=\"text\/css\" data-created_by=\"avia_inline_auto\" id=\"style-css-av-agcrq1-b3a8dee45fb4d2deb381128dd50dcf73\">\n.flex_column.av-agcrq1-b3a8dee45fb4d2deb381128dd50dcf73{\nwidth:65.333333333333%;\nmargin-left:0;\n}\n#top .flex_column_table.av-equal-height-column-flextable.av-agcrq1-b3a8dee45fb4d2deb381128dd50dcf73 .av-flex-placeholder{\nwidth:4%;\n}\n<\/style>\n<div  class='flex_column av-agcrq1-b3a8dee45fb4d2deb381128dd50dcf73 av_two_third  avia-builder-el-13  el_after_av_one_third  el_before_av_one_third  av-break-at-tablet flex_column_table_cell av-equal-height-column av-align-top  '     ><section  class='av_textblock_section av-lmggdsbt-c3d34936b084028c2a0046960c3f9fee '   itemscope=\"itemscope\" itemtype=\"https:\/\/schema.org\/CreativeWork\" ><div class='avia_textblock'  itemprop=\"text\" ><h2><a href=\"https:\/\/atos-mvz.de\/wiesbaden\/bereiche\/ellenbogen\/nerven-und-sehnenerkrankungen-des-ellenbogens\/\"><strong>Nerven- und Sehnenerkrankungen<\/strong><\/a><\/h2>\n<p>Die h\u00e4ufigste Nervenerkrankung am Ellenbogen ist das Ulnarisrinnen-Syndrom, auch Sulcus ulnaris Syndrom genannt. Als Ursache wird die chronische Reizung des Nervs mit Verlagerung \u00fcber den inneren Ellenbogenknorren beim Beugen oder z.B eine Kompression durch Gewebsstr\u00e4nge vermutet.<\/p>\n<p>Viel h\u00e4ufiger treten Entz\u00fcndungen am Sehnenansatz am \u00e4u\u00dferen und inneren Oberarmknorren auf: der sogenannte \u201eTennisarm\u201c und der etwas seltenere \u201eGolferarm\u201c.<\/p>\n<\/div><\/section><br \/>\n<div  class='avia-button-wrap av-w3ibd-6f5e97272a610ba48ec3d047346f5813-wrap avia-button-left  avia-builder-el-15  el_after_av_textblock  avia-builder-el-last '><a href='https:\/\/atos-mvz.de\/wiesbaden\/bereiche\/ellenbogen\/nerven-und-sehnenerkrankungen-des-ellenbogens\/'  class='avia-button av-w3ibd-6f5e97272a610ba48ec3d047346f5813 av-link-btn avia-icon_select-no avia-size-small avia-position-left avia-color-theme-color'   aria-label=\"Mehr erfahren\"><span class='avia_iconbox_title' >Mehr erfahren<\/span><\/a><\/div><\/p><\/div><\/div><!--close column table wrapper. Autoclose: 1 --><div class='flex_column_table av-81tey1-e113ea550adf49821963ee20ed2bb2ad sc-av_one_third av-break-at-tablet-flextable av-equal-height-column-flextable'>\n<style type=\"text\/css\" data-created_by=\"avia_inline_auto\" id=\"style-css-av-81tey1-e113ea550adf49821963ee20ed2bb2ad\">\n.flex_column.av-81tey1-e113ea550adf49821963ee20ed2bb2ad{\nwidth:30.666666666667%;\nmargin-left:0;\n}\n#top .flex_column_table.av-equal-height-column-flextable.av-81tey1-e113ea550adf49821963ee20ed2bb2ad .av-flex-placeholder{\nwidth:4%;\n}\n<\/style>\n<div  class='flex_column av-81tey1-e113ea550adf49821963ee20ed2bb2ad av_one_third  avia-builder-el-16  el_after_av_two_third  el_before_av_two_third  first av-break-at-tablet flex_column_table_cell av-equal-height-column av-align-top  column-top-margin'     ><style type=\"text\/css\" data-created_by=\"avia_inline_auto\" id=\"style-css-av-61cbh5-f92c0bd98d407683a4d777d83040e6ef\">\n.avia-image-container.av-61cbh5-f92c0bd98d407683a4d777d83040e6ef img.avia_image{\nbox-shadow:none;\n}\n.avia-image-container.av-61cbh5-f92c0bd98d407683a4d777d83040e6ef .av-image-caption-overlay-center{\ncolor:#ffffff;\n}\n<\/style>\n<div  class='avia-image-container av-61cbh5-f92c0bd98d407683a4d777d83040e6ef av-styling-no-styling av-img-linked avia-align-  avia-builder-el-17  avia-builder-el-no-sibling '   itemprop=\"image\" itemscope=\"itemscope\" itemtype=\"https:\/\/schema.org\/ImageObject\" ><div class=\"avia-image-container-inner\"><div class=\"avia-image-overlay-wrap\"><a href=\"https:\/\/atos-mvz.de\/wiesbaden\/bereiche\/ellenbogen\/arthrose-und-rheuma-am-ellenbogen\/\" class='avia_image '  ><img decoding=\"async\" fetchpriority=\"high\" class='wp-image-1421 avia-img-lazy-loading-not-1421 avia_image ' src=\"https:\/\/atos-mvz.de\/wiesbaden\/wp-content\/uploads\/sites\/22\/2023\/09\/Ellenbogen-Arthrose-und-Rheuma.jpg\" alt='' title=''  height=\"567\" width=\"850\"  itemprop=\"thumbnailUrl\" srcset=\"https:\/\/atos-mvz.de\/wiesbaden\/wp-content\/uploads\/sites\/22\/2023\/09\/Ellenbogen-Arthrose-und-Rheuma.jpg 850w, https:\/\/atos-mvz.de\/wiesbaden\/wp-content\/uploads\/sites\/22\/2023\/09\/Ellenbogen-Arthrose-und-Rheuma-300x200.jpg 300w, https:\/\/atos-mvz.de\/wiesbaden\/wp-content\/uploads\/sites\/22\/2023\/09\/Ellenbogen-Arthrose-und-Rheuma-768x512.jpg 768w, https:\/\/atos-mvz.de\/wiesbaden\/wp-content\/uploads\/sites\/22\/2023\/09\/Ellenbogen-Arthrose-und-Rheuma-705x470.jpg 705w\" sizes=\"(max-width: 850px) 100vw, 850px\" \/><\/a><\/div><\/div><\/div><\/div><div class='av-flex-placeholder'><\/div>\n<style type=\"text\/css\" data-created_by=\"avia_inline_auto\" id=\"style-css-av-4iqnl5-60e8c9495bde2f402d2e31e57aa60a9d\">\n.flex_column.av-4iqnl5-60e8c9495bde2f402d2e31e57aa60a9d{\nwidth:65.333333333333%;\nmargin-left:0;\n}\n#top .flex_column_table.av-equal-height-column-flextable.av-4iqnl5-60e8c9495bde2f402d2e31e57aa60a9d .av-flex-placeholder{\nwidth:4%;\n}\n<\/style>\n<div  class='flex_column av-4iqnl5-60e8c9495bde2f402d2e31e57aa60a9d av_two_third  avia-builder-el-18  el_after_av_one_third  avia-builder-el-last  av-break-at-tablet flex_column_table_cell av-equal-height-column av-align-top  column-top-margin'     ><section  class='av_textblock_section av-lmgge5u4-12a7492dd533134b75b92874a6579372 '   itemscope=\"itemscope\" itemtype=\"https:\/\/schema.org\/CreativeWork\" ><div class='avia_textblock'  itemprop=\"text\" ><h2><a href=\"https:\/\/atos-mvz.de\/wiesbaden\/bereiche\/ellenbogen\/arthrose-und-rheuma-am-ellenbogen\/\"><strong>Ellenbogen Arthrose und Rheuma<\/strong><\/a><\/h2>\n<p>Eine Verschlei\u00dferkrankung (Arthrose) ist am Ellenbogengelenk nicht h\u00e4ufig. Eher entstehen Arthrosen auf der Grundlage von fehlverheilten Br\u00fcchen im Gelenkbereich.<\/p>\n<p>Selten blockieren das Gelenk freie Gelenkk\u00f6rper.<\/p>\n<p>Die rheumatoide Arthritis betrifft h\u00e4ufig das Ellenbogengelenk und f\u00fchrt zu einer sekund\u00e4ren Verschlei\u00dferkrankung (Arthrose), welche im fortgeschrittenen Stadium durch ein Kunstgelenk behoben werden kann. In den Fr\u00fchstadien k\u00f6nnen S\u00e4uberungen des Gelenkes von der Gelenkinnenhaut in offener oder arthroskopischer Technik vorgenommen werden.<\/p>\n<p>Ein h\u00e4ufiger Befund sind Rheumaknoten streckseitig \u00fcber dem Ellenbogen, die ein lokales Druckproblem darstellen.<\/p>\n<\/div><\/section><br \/>\n<div  class='avia-button-wrap av-2adcmx-443766161b06ae5b775a8075db3fda77-wrap avia-button-left  avia-builder-el-20  el_after_av_textblock  avia-builder-el-last '><a href='https:\/\/atos-mvz.de\/wiesbaden\/bereiche\/ellenbogen\/arthrose-und-rheuma-am-ellenbogen\/'  class='avia-button av-2adcmx-443766161b06ae5b775a8075db3fda77 av-link-btn avia-icon_select-no avia-size-small avia-position-left avia-color-theme-color'   aria-label=\"Mehr erfahren\"><span class='avia_iconbox_title' >Mehr erfahren<\/span><\/a><\/div><\/p><\/div><\/div><!--close column table wrapper. Autoclose: 1 -->\n<\/p>\n","protected":false},"excerpt":{"rendered":"","protected":false},"author":1,"featured_media":0,"parent":1060,"menu_order":0,"comment_status":"closed","ping_status":"closed","template":"","meta":{"footnotes":""},"class_list":["post-1417","page","type-page","status-publish","hentry"],"yoast_head":"<!-- This site is optimized with the Yoast SEO plugin v27.3 - https:\/\/yoast.com\/product\/yoast-seo-wordpress\/ -->\n<title>Ellenbogenbehandlung in Wiesbaden | ATOS MVZ Wiesbaden<\/title>\n<meta name=\"description\" content=\"Ellenbogenbehandlung in Wiesbaden: Gezielte Orthop\u00e4die bei Tennisellenbogen, Arthrose und \u00dcberlastung \u2013 konservativ oder operativ.\" \/>\n<meta name=\"robots\" content=\"index, follow, max-snippet:-1, max-image-preview:large, max-video-preview:-1\" \/>\n<link rel=\"canonical\" href=\"https:\/\/atos-mvz.de\/wiesbaden\/bereiche\/ellenbogen\/\" \/>\n<meta property=\"og:locale\" content=\"de_DE\" \/>\n<meta property=\"og:type\" content=\"article\" \/>\n<meta property=\"og:title\" content=\"Ellenbogenbehandlung in Wiesbaden | ATOS MVZ Wiesbaden\" \/>\n<meta property=\"og:description\" content=\"Ellenbogenbehandlung in Wiesbaden: Gezielte Orthop\u00e4die bei Tennisellenbogen, Arthrose und \u00dcberlastung \u2013 konservativ oder operativ.\" \/>\n<meta property=\"og:url\" content=\"https:\/\/atos-mvz.de\/wiesbaden\/bereiche\/ellenbogen\/\" \/>\n<meta property=\"og:site_name\" content=\"MVZ Wiesbaden\" \/>\n<meta property=\"article:modified_time\" content=\"2026-01-15T14:44:38+00:00\" \/>\n<meta name=\"twitter:card\" content=\"summary_large_image\" \/>\n<script type=\"application\/ld+json\" class=\"yoast-schema-graph\">{\"@context\":\"https:\\\/\\\/schema.org\",\"@graph\":[{\"@type\":\"WebPage\",\"@id\":\"https:\\\/\\\/atos-mvz.de\\\/wiesbaden\\\/bereiche\\\/ellenbogen\\\/\",\"url\":\"https:\\\/\\\/atos-mvz.de\\\/wiesbaden\\\/bereiche\\\/ellenbogen\\\/\",\"name\":\"Ellenbogenbehandlung in Wiesbaden | ATOS MVZ Wiesbaden\",\"isPartOf\":{\"@id\":\"https:\\\/\\\/atos-mvz.de\\\/wiesbaden\\\/#website\"},\"datePublished\":\"2023-09-12T15:14:58+00:00\",\"dateModified\":\"2026-01-15T14:44:38+00:00\",\"description\":\"Ellenbogenbehandlung in Wiesbaden: Gezielte Orthop\u00e4die bei Tennisellenbogen, Arthrose und \u00dcberlastung \u2013 konservativ oder operativ.\",\"breadcrumb\":{\"@id\":\"https:\\\/\\\/atos-mvz.de\\\/wiesbaden\\\/bereiche\\\/ellenbogen\\\/#breadcrumb\"},\"inLanguage\":\"de\",\"potentialAction\":[{\"@type\":\"ReadAction\",\"target\":[\"https:\\\/\\\/atos-mvz.de\\\/wiesbaden\\\/bereiche\\\/ellenbogen\\\/\"]}]},{\"@type\":\"BreadcrumbList\",\"@id\":\"https:\\\/\\\/atos-mvz.de\\\/wiesbaden\\\/bereiche\\\/ellenbogen\\\/#breadcrumb\",\"itemListElement\":[{\"@type\":\"ListItem\",\"position\":1,\"name\":\"Startseite\",\"item\":\"https:\\\/\\\/atos-mvz.de\\\/wiesbaden\\\/startseite\\\/\"},{\"@type\":\"ListItem\",\"position\":2,\"name\":\"Bereiche\",\"item\":\"https:\\\/\\\/atos-mvz.de\\\/wiesbaden\\\/bereiche\\\/\"},{\"@type\":\"ListItem\",\"position\":3,\"name\":\"Ellenbogen\"}]},{\"@type\":\"WebSite\",\"@id\":\"https:\\\/\\\/atos-mvz.de\\\/wiesbaden\\\/#website\",\"url\":\"https:\\\/\\\/atos-mvz.de\\\/wiesbaden\\\/\",\"name\":\"MVZ Wiesbaden\",\"description\":\"\",\"potentialAction\":[{\"@type\":\"SearchAction\",\"target\":{\"@type\":\"EntryPoint\",\"urlTemplate\":\"https:\\\/\\\/atos-mvz.de\\\/wiesbaden\\\/?s={search_term_string}\"},\"query-input\":{\"@type\":\"PropertyValueSpecification\",\"valueRequired\":true,\"valueName\":\"search_term_string\"}}],\"inLanguage\":\"de\"}]}<\/script>\n<!-- \/ Yoast SEO plugin. -->","yoast_head_json":{"title":"Ellenbogenbehandlung in Wiesbaden | ATOS MVZ Wiesbaden","description":"Ellenbogenbehandlung in Wiesbaden: Gezielte Orthop\u00e4die bei Tennisellenbogen, Arthrose und \u00dcberlastung \u2013 konservativ oder operativ.","robots":{"index":"index","follow":"follow","max-snippet":"max-snippet:-1","max-image-preview":"max-image-preview:large","max-video-preview":"max-video-preview:-1"},"canonical":"https:\/\/atos-mvz.de\/wiesbaden\/bereiche\/ellenbogen\/","og_locale":"de_DE","og_type":"article","og_title":"Ellenbogenbehandlung in Wiesbaden | ATOS MVZ Wiesbaden","og_description":"Ellenbogenbehandlung in Wiesbaden: Gezielte Orthop\u00e4die bei Tennisellenbogen, Arthrose und \u00dcberlastung \u2013 konservativ oder operativ.","og_url":"https:\/\/atos-mvz.de\/wiesbaden\/bereiche\/ellenbogen\/","og_site_name":"MVZ Wiesbaden","article_modified_time":"2026-01-15T14:44:38+00:00","twitter_card":"summary_large_image","schema":{"@context":"https:\/\/schema.org","@graph":[{"@type":"WebPage","@id":"https:\/\/atos-mvz.de\/wiesbaden\/bereiche\/ellenbogen\/","url":"https:\/\/atos-mvz.de\/wiesbaden\/bereiche\/ellenbogen\/","name":"Ellenbogenbehandlung in Wiesbaden | ATOS MVZ Wiesbaden","isPartOf":{"@id":"https:\/\/atos-mvz.de\/wiesbaden\/#website"},"datePublished":"2023-09-12T15:14:58+00:00","dateModified":"2026-01-15T14:44:38+00:00","description":"Ellenbogenbehandlung in Wiesbaden: Gezielte Orthop\u00e4die bei Tennisellenbogen, Arthrose und \u00dcberlastung \u2013 konservativ oder operativ.","breadcrumb":{"@id":"https:\/\/atos-mvz.de\/wiesbaden\/bereiche\/ellenbogen\/#breadcrumb"},"inLanguage":"de","potentialAction":[{"@type":"ReadAction","target":["https:\/\/atos-mvz.de\/wiesbaden\/bereiche\/ellenbogen\/"]}]},{"@type":"BreadcrumbList","@id":"https:\/\/atos-mvz.de\/wiesbaden\/bereiche\/ellenbogen\/#breadcrumb","itemListElement":[{"@type":"ListItem","position":1,"name":"Startseite","item":"https:\/\/atos-mvz.de\/wiesbaden\/startseite\/"},{"@type":"ListItem","position":2,"name":"Bereiche","item":"https:\/\/atos-mvz.de\/wiesbaden\/bereiche\/"},{"@type":"ListItem","position":3,"name":"Ellenbogen"}]},{"@type":"WebSite","@id":"https:\/\/atos-mvz.de\/wiesbaden\/#website","url":"https:\/\/atos-mvz.de\/wiesbaden\/","name":"MVZ Wiesbaden","description":"","potentialAction":[{"@type":"SearchAction","target":{"@type":"EntryPoint","urlTemplate":"https:\/\/atos-mvz.de\/wiesbaden\/?s={search_term_string}"},"query-input":{"@type":"PropertyValueSpecification","valueRequired":true,"valueName":"search_term_string"}}],"inLanguage":"de"}]}},"_links":{"self":[{"href":"https:\/\/atos-mvz.de\/wiesbaden\/wp-json\/wp\/v2\/pages\/1417","targetHints":{"allow":["GET"]}}],"collection":[{"href":"https:\/\/atos-mvz.de\/wiesbaden\/wp-json\/wp\/v2\/pages"}],"about":[{"href":"https:\/\/atos-mvz.de\/wiesbaden\/wp-json\/wp\/v2\/types\/page"}],"author":[{"embeddable":true,"href":"https:\/\/atos-mvz.de\/wiesbaden\/wp-json\/wp\/v2\/users\/1"}],"replies":[{"embeddable":true,"href":"https:\/\/atos-mvz.de\/wiesbaden\/wp-json\/wp\/v2\/comments?post=1417"}],"version-history":[{"count":18,"href":"https:\/\/atos-mvz.de\/wiesbaden\/wp-json\/wp\/v2\/pages\/1417\/revisions"}],"predecessor-version":[{"id":2763,"href":"https:\/\/atos-mvz.de\/wiesbaden\/wp-json\/wp\/v2\/pages\/1417\/revisions\/2763"}],"up":[{"embeddable":true,"href":"https:\/\/atos-mvz.de\/wiesbaden\/wp-json\/wp\/v2\/pages\/1060"}],"wp:attachment":[{"href":"https:\/\/atos-mvz.de\/wiesbaden\/wp-json\/wp\/v2\/media?parent=1417"}],"curies":[{"name":"wp","href":"https:\/\/api.w.org\/{rel}","templated":true}]}}