{"id":1402,"date":"2023-09-12T17:05:38","date_gmt":"2023-09-12T15:05:38","guid":{"rendered":"https:\/\/atos-mvz.de\/wiesbaden\/?page_id=1402"},"modified":"2023-09-13T12:52:15","modified_gmt":"2023-09-13T10:52:15","slug":"sehnenerkrankungen-der-hand","status":"publish","type":"page","link":"https:\/\/atos-mvz.de\/wiesbaden\/bereiche\/hand\/sehnenerkrankungen-der-hand\/","title":{"rendered":"Sehnenerkrankungen der Hand"},"content":{"rendered":"\n<style type=\"text\/css\" data-created_by=\"avia_inline_auto\" id=\"style-css-av-8gd18q-6bf3350b126f934532218a2deb4cdd90\">\n.avia-section.av-8gd18q-6bf3350b126f934532218a2deb4cdd90{\nbackground-repeat:no-repeat;\nbackground-image:url(https:\/\/atos-mvz.de\/wiesbaden\/wp-content\/uploads\/sites\/22\/2021\/01\/Handschmerzen_a_1700x600.jpg);\nbackground-position:50% 50%;\nbackground-attachment:scroll;\n}\n.avia-section.av-8gd18q-6bf3350b126f934532218a2deb4cdd90 .av-extra-border-element .av-extra-border-inner{\nbackground-color:#ffffff;\n}\n<\/style>\n<div id='header-img'  class='avia-section av-8gd18q-6bf3350b126f934532218a2deb4cdd90 main_color avia-section-huge avia-no-border-styling  avia-builder-el-0  el_before_av_section  avia-builder-el-first  avia-full-stretch avia-bg-style-scroll container_wrap fullsize'  data-section-bg-repeat='stretch'><div class='container av-section-cont-open' ><main  role=\"main\" itemprop=\"mainContentOfPage\"  class='template-page content  av-content-full alpha units'><div class='post-entry post-entry-type-page post-entry-1402'><div class='entry-content-wrapper clearfix'>\n\n<style type=\"text\/css\" data-created_by=\"avia_inline_auto\" id=\"style-css-av-6tz9nu-f1c4716aed6c1143c85d58356dc52fa6\">\n#top .hr.hr-invisible.av-6tz9nu-f1c4716aed6c1143c85d58356dc52fa6{\nheight:100px;\n}\n<\/style>\n<div  class='hr av-6tz9nu-f1c4716aed6c1143c85d58356dc52fa6 hr-invisible  avia-builder-el-1  avia-builder-el-no-sibling '><span class='hr-inner '><span class=\"hr-inner-style\"><\/span><\/span><\/div>\n\n<\/div><\/div><\/main><!-- close content main element --><\/div><div class='av-extra-border-element border-extra-diagonal border-extra-diagonal-inverse '><div class='av-extra-border-outer'><div class='av-extra-border-inner'><\/div><\/div><\/div><\/div>\n<style type=\"text\/css\" data-created_by=\"avia_inline_auto\" id=\"style-css-av-5tqecq-4a713dd4ffe7004a4bcdd1241c46f6c2\">\n.avia-section.av-5tqecq-4a713dd4ffe7004a4bcdd1241c46f6c2 .av-extra-border-element .av-extra-border-inner{\nbackground-color:#f1f0f5;\n}\n<\/style>\n<div id='av_section_2'  class='avia-section av-5tqecq-4a713dd4ffe7004a4bcdd1241c46f6c2 main_color avia-section-large avia-no-border-styling  avia-builder-el-2  el_after_av_section  avia-builder-el-last  small-container avia-bg-style-scroll container_wrap fullsize'  ><div class='container av-section-cont-open' ><div class='template-page content  av-content-full alpha units'><div class='post-entry post-entry-type-page post-entry-1402'><div class='entry-content-wrapper clearfix'>\n<section  class='av_textblock_section av-lmgg0uxf-63cc1b78b1edd738957cb8e31a258c5b '   itemscope=\"itemscope\" itemtype=\"https:\/\/schema.org\/CreativeWork\" ><div class='avia_textblock'  itemprop=\"text\" ><h1><strong>Sehnen&shy;erkrankungen der Hand<br \/>\n<\/strong><\/h1>\n<\/div><\/section>\n\n<style type=\"text\/css\" data-created_by=\"avia_inline_auto\" id=\"style-css-av-46tcbu-ebd95ad320fc999eeec89f5a0546930a\">\n#top .hr.av-46tcbu-ebd95ad320fc999eeec89f5a0546930a{\nmargin-top:0;\nmargin-bottom:30px;\n}\n.hr.av-46tcbu-ebd95ad320fc999eeec89f5a0546930a .hr-inner{\nwidth:100%;\nborder-color:#f1f0f5;\n}\n<\/style>\n<div  class='hr av-46tcbu-ebd95ad320fc999eeec89f5a0546930a hr-custom  avia-builder-el-4  el_after_av_textblock  el_before_av_textblock  hr-center hr-icon-no'><span class='hr-inner inner-border-av-border-thin'><span class=\"hr-inner-style\"><\/span><\/span><\/div>\n<section  class='av_textblock_section av-lmgg1ppe-064827c0733941aa2d9c3d6dc0cffe96 '   itemscope=\"itemscope\" itemtype=\"https:\/\/schema.org\/CreativeWork\" ><div class='avia_textblock'  itemprop=\"text\" ><h2><strong>Tendovaginitis stenosans de Quervain<\/strong><\/h2>\n<p><img loading=\"lazy\" decoding=\"async\" class=\"size-medium wp-image-1403 alignright\" src=\"https:\/\/atos-mvz.de\/wiesbaden\/wp-content\/uploads\/sites\/22\/2023\/09\/sehnenerkrankungen-300x289.png\" alt=\"\" width=\"300\" height=\"289\" srcset=\"https:\/\/atos-mvz.de\/wiesbaden\/wp-content\/uploads\/sites\/22\/2023\/09\/sehnenerkrankungen-300x289.png 300w, https:\/\/atos-mvz.de\/wiesbaden\/wp-content\/uploads\/sites\/22\/2023\/09\/sehnenerkrankungen-36x36.png 36w, https:\/\/atos-mvz.de\/wiesbaden\/wp-content\/uploads\/sites\/22\/2023\/09\/sehnenerkrankungen.png 406w\" sizes=\"auto, (max-width: 300px) 100vw, 300px\" \/><\/p>\n<p>Unter dieser Diagnose versteht man eine lokale Entz\u00fcndung bedingt durch eine Einengung des ersten von sechs Strecksehnenf\u00e4chern am Handr\u00fccken. Dieses liegt an der Daumenseite der Speiche. Durch dieses Sehnenfach verlaufen die Sehnen des kurzen Daumenstreckmuskels sowie des langen Daumenabspreizmuskels.<\/p>\n<p>Die Beschwerden entstehen durch \u00fcberm\u00e4\u00dfige Beanspruchung oder bei anatomischen Besonderheiten und treten bei Frauen etwa achtmal h\u00e4ufiger auf als bei M\u00e4nnern. Die Patienten beklagten daumenseitige Schmerzen am Handgelenk mit Ausstrahlung zum Daumen. Mitunter findet sich eine Schwellung<br \/>\nund R\u00f6tung auf der Speichenseite des Handgelenkes. Die Beschwerden k\u00f6nnen sich akut \u00fcber Nacht aber auch allm\u00e4hlich entwickeln. Die klinische Untersuchung ist richtungweisend, in Ausnahmef\u00e4llen kann die Anfertigung von R\u00f6ntgenbildern oder die Durchf\u00fchrung einer Magnetresonanztomografie erforderlich sein.<\/p>\n<p><strong>Lokale Entz\u00fcndungsreaktionen eines Strechsehnenfaches &#8211; die Therapie ist konservativ oder operativ m\u00f6glich<\/strong><\/p>\n<p>Die Therapie ist sowohl konservativ als auch operativ m\u00f6glich. Das Einspritzen von Kortison in den Sehnenkanal kann die Beschwerden zum Abklingen bringen.<\/p>\n<p>Die Operation erfolgt in der Regel ambulant, wobei die Haut \u00fcber dem ersten Strecksehnenfach er\u00f6ffnet und das Sehnenfach l\u00e4ngs gespalten wird. Nachdem das harmonische Gleiten aller Sehnen kontrolliert wurde, erfolgt die Naht der Hautwunde. Nach der Operation ist ein sofortiges Bewegen des Daumens erforderlich, um ein Verkleben der Sehnen zu vermeiden. Die Wundheilung ist mit der Fadenentfernung nach 2 Wochen beendet.<\/p>\n<\/div><\/section>\n\n<style type=\"text\/css\" data-created_by=\"avia_inline_auto\" id=\"style-css-av-21shsq-939b65126232cf779cf07804a070a8ee\">\n#top .hr.av-21shsq-939b65126232cf779cf07804a070a8ee{\nmargin-top:20px;\nmargin-bottom:30px;\n}\n.hr.av-21shsq-939b65126232cf779cf07804a070a8ee .hr-inner{\nwidth:100%;\nborder-color:#f1f0f5;\n}\n<\/style>\n<div  class='hr av-21shsq-939b65126232cf779cf07804a070a8ee hr-custom  avia-builder-el-6  el_after_av_textblock  el_before_av_textblock  hr-center hr-icon-no'><span class='hr-inner inner-border-av-border-thin'><span class=\"hr-inner-style\"><\/span><\/span><\/div>\n<section  class='av_textblock_section av-lmgg2haa-1478caedbc4261808a3d3af3b7606778 '   itemscope=\"itemscope\" itemtype=\"https:\/\/schema.org\/CreativeWork\" ><div class='avia_textblock'  itemprop=\"text\" ><h2><strong>Tendovaginitis stenosans\/ Ringbandstenose\/ Schnellender Finger<\/strong><\/h2>\n<p>Gebr\u00e4uchliche Synonyme f\u00fcr diese Erkrankung sind der Schnapp-Finger, Trigger-Finger oder schnellender Finger. Es handelt sich bei der Erkrankung um eine lokale Entz\u00fcndung im Bereich der Beugesehnen bedingt durch eine Einengung der Sehnenscheide\/ der sogenannten Ringb\u00e4nder und\/oder durch<br \/>\neine Verdickung der Sehne. Die Sehnen k\u00f6nnen nicht mehr ungehindert in ihrem Kanal gleiten, so dass es zu dem Ph\u00e4nomen des Schnappens kommt.<\/p>\n<p><img loading=\"lazy\" decoding=\"async\" class=\"size-medium wp-image-1404 alignright\" src=\"https:\/\/atos-mvz.de\/wiesbaden\/wp-content\/uploads\/sites\/22\/2023\/09\/raumnummer-300x238.jpg\" alt=\"\" width=\"300\" height=\"238\" srcset=\"https:\/\/atos-mvz.de\/wiesbaden\/wp-content\/uploads\/sites\/22\/2023\/09\/raumnummer-300x238.jpg 300w, https:\/\/atos-mvz.de\/wiesbaden\/wp-content\/uploads\/sites\/22\/2023\/09\/raumnummer.jpg 564w\" sizes=\"auto, (max-width: 300px) 100vw, 300px\" \/><\/p>\n<p>Urs\u00e4chlich sind h\u00e4ufig Alterungsprozesse, hormonelle Ursachen, Rheuma aber auch Zuckerkrankheit zu nennen.Vor allem am Morgen ist die Beweglichkeit des betroffenen Fingers eingeschr\u00e4nkt. Zus\u00e4tzlich kann ein lokaler Schmerz an den Grundgelenken der Finger versp\u00fcrt werden. Im fortgeschrittenen Stadium ist dann das Schnappen ausl\u00f6sbar, welches sich bis zur v\u00f6lligen Blockade des Fingers in Beugestellung steigern kann.<\/p>\n<p>Schon die klinische Untersuchung allein erschlie\u00dft die Diagnose. Bei noch mittelgradig ausgepr\u00e4gtem Befund kann konservativ eine Injektion mit Cortison zur betroffenen Beugesehnenscheide, ggf. in Kombination mit der Einnahme von entz\u00fcndungshemmenden Medikamenten zur Linderung f\u00fchren.<\/p>\n<p>Bei Blockade des Fingers und fortbestehendem Schnappen ist die Operation angezeigt. Bei der in der Regel ambulanten Operation wird \u00fcber einen schr\u00e4gen oder winkelf\u00f6rmigen Hautschnitt in H\u00f6he des Grundgelenkes des betroffenen Fingers die Beugesehnenscheide dargestellt und das erste Ringband, welches die Sehnenscheide am Knochen fixiert, l\u00e4ngs gespalten. Ist das Sehnengleitgewebe entz\u00fcndet, wird dies zus\u00e4tzlich entfernt und ggf. zur feingeweblichen Untersuchung geschickt. Das harmonische Gleiten der Sehnen wird \u00fcberpr\u00fcft und der Hautverschluss erfolgt mittels Naht.<\/p>\n<p>Schon am Operationstag sollen die Finger in vollen Bewegungsumfang bewegt werden, um ein Verkleben der Sehnen zu vermeiden. Die Entfernung der F\u00e4den ist nach 2 Wochen m\u00f6glich. Das Tragen von Ringen sollte bis zum vollst\u00e4ndigen Abschwellen unterlassen werden.<\/p>\n<\/div><\/section>\n\n","protected":false},"excerpt":{"rendered":"","protected":false},"author":1,"featured_media":0,"parent":1386,"menu_order":0,"comment_status":"closed","ping_status":"closed","template":"","meta":{"footnotes":""},"class_list":["post-1402","page","type-page","status-publish","hentry"],"yoast_head":"<!-- This site is optimized with the Yoast SEO plugin v27.3 - https:\/\/yoast.com\/product\/yoast-seo-wordpress\/ -->\n<title>Sehnenerkrankungen der Hand - MVZ Wiesbaden<\/title>\n<meta name=\"robots\" content=\"index, follow, max-snippet:-1, max-image-preview:large, max-video-preview:-1\" \/>\n<link rel=\"canonical\" href=\"https:\/\/atos-mvz.de\/wiesbaden\/bereiche\/hand\/sehnenerkrankungen-der-hand\/\" \/>\n<meta property=\"og:locale\" content=\"de_DE\" \/>\n<meta property=\"og:type\" content=\"article\" \/>\n<meta property=\"og:title\" content=\"Sehnenerkrankungen der Hand - MVZ Wiesbaden\" \/>\n<meta property=\"og:url\" content=\"https:\/\/atos-mvz.de\/wiesbaden\/bereiche\/hand\/sehnenerkrankungen-der-hand\/\" \/>\n<meta property=\"og:site_name\" content=\"MVZ Wiesbaden\" \/>\n<meta property=\"article:modified_time\" content=\"2023-09-13T10:52:15+00:00\" \/>\n<meta property=\"og:image\" content=\"https:\/\/atos-mvz.de\/wiesbaden\/wp-content\/uploads\/sites\/22\/2023\/09\/sehnenerkrankungen-300x289.png\" \/>\n<meta name=\"twitter:card\" content=\"summary_large_image\" \/>\n<script type=\"application\/ld+json\" class=\"yoast-schema-graph\">{\"@context\":\"https:\\\/\\\/schema.org\",\"@graph\":[{\"@type\":\"WebPage\",\"@id\":\"https:\\\/\\\/atos-mvz.de\\\/wiesbaden\\\/bereiche\\\/hand\\\/sehnenerkrankungen-der-hand\\\/\",\"url\":\"https:\\\/\\\/atos-mvz.de\\\/wiesbaden\\\/bereiche\\\/hand\\\/sehnenerkrankungen-der-hand\\\/\",\"name\":\"Sehnenerkrankungen der Hand - MVZ Wiesbaden\",\"isPartOf\":{\"@id\":\"https:\\\/\\\/atos-mvz.de\\\/wiesbaden\\\/#website\"},\"primaryImageOfPage\":{\"@id\":\"https:\\\/\\\/atos-mvz.de\\\/wiesbaden\\\/bereiche\\\/hand\\\/sehnenerkrankungen-der-hand\\\/#primaryimage\"},\"image\":{\"@id\":\"https:\\\/\\\/atos-mvz.de\\\/wiesbaden\\\/bereiche\\\/hand\\\/sehnenerkrankungen-der-hand\\\/#primaryimage\"},\"thumbnailUrl\":\"https:\\\/\\\/atos-mvz.de\\\/wiesbaden\\\/wp-content\\\/uploads\\\/sites\\\/22\\\/2023\\\/09\\\/sehnenerkrankungen-300x289.png\",\"datePublished\":\"2023-09-12T15:05:38+00:00\",\"dateModified\":\"2023-09-13T10:52:15+00:00\",\"breadcrumb\":{\"@id\":\"https:\\\/\\\/atos-mvz.de\\\/wiesbaden\\\/bereiche\\\/hand\\\/sehnenerkrankungen-der-hand\\\/#breadcrumb\"},\"inLanguage\":\"de\",\"potentialAction\":[{\"@type\":\"ReadAction\",\"target\":[\"https:\\\/\\\/atos-mvz.de\\\/wiesbaden\\\/bereiche\\\/hand\\\/sehnenerkrankungen-der-hand\\\/\"]}]},{\"@type\":\"ImageObject\",\"inLanguage\":\"de\",\"@id\":\"https:\\\/\\\/atos-mvz.de\\\/wiesbaden\\\/bereiche\\\/hand\\\/sehnenerkrankungen-der-hand\\\/#primaryimage\",\"url\":\"https:\\\/\\\/atos-mvz.de\\\/wiesbaden\\\/wp-content\\\/uploads\\\/sites\\\/22\\\/2023\\\/09\\\/sehnenerkrankungen.png\",\"contentUrl\":\"https:\\\/\\\/atos-mvz.de\\\/wiesbaden\\\/wp-content\\\/uploads\\\/sites\\\/22\\\/2023\\\/09\\\/sehnenerkrankungen.png\",\"width\":406,\"height\":391},{\"@type\":\"BreadcrumbList\",\"@id\":\"https:\\\/\\\/atos-mvz.de\\\/wiesbaden\\\/bereiche\\\/hand\\\/sehnenerkrankungen-der-hand\\\/#breadcrumb\",\"itemListElement\":[{\"@type\":\"ListItem\",\"position\":1,\"name\":\"Startseite\",\"item\":\"https:\\\/\\\/atos-mvz.de\\\/wiesbaden\\\/startseite\\\/\"},{\"@type\":\"ListItem\",\"position\":2,\"name\":\"Bereiche\",\"item\":\"https:\\\/\\\/atos-mvz.de\\\/wiesbaden\\\/bereiche\\\/\"},{\"@type\":\"ListItem\",\"position\":3,\"name\":\"Hand\",\"item\":\"https:\\\/\\\/atos-mvz.de\\\/wiesbaden\\\/bereiche\\\/hand\\\/\"},{\"@type\":\"ListItem\",\"position\":4,\"name\":\"Sehnenerkrankungen der Hand\"}]},{\"@type\":\"WebSite\",\"@id\":\"https:\\\/\\\/atos-mvz.de\\\/wiesbaden\\\/#website\",\"url\":\"https:\\\/\\\/atos-mvz.de\\\/wiesbaden\\\/\",\"name\":\"MVZ Wiesbaden\",\"description\":\"\",\"potentialAction\":[{\"@type\":\"SearchAction\",\"target\":{\"@type\":\"EntryPoint\",\"urlTemplate\":\"https:\\\/\\\/atos-mvz.de\\\/wiesbaden\\\/?s={search_term_string}\"},\"query-input\":{\"@type\":\"PropertyValueSpecification\",\"valueRequired\":true,\"valueName\":\"search_term_string\"}}],\"inLanguage\":\"de\"}]}<\/script>\n<!-- \/ Yoast SEO plugin. -->","yoast_head_json":{"title":"Sehnenerkrankungen der Hand - MVZ Wiesbaden","robots":{"index":"index","follow":"follow","max-snippet":"max-snippet:-1","max-image-preview":"max-image-preview:large","max-video-preview":"max-video-preview:-1"},"canonical":"https:\/\/atos-mvz.de\/wiesbaden\/bereiche\/hand\/sehnenerkrankungen-der-hand\/","og_locale":"de_DE","og_type":"article","og_title":"Sehnenerkrankungen der Hand - MVZ Wiesbaden","og_url":"https:\/\/atos-mvz.de\/wiesbaden\/bereiche\/hand\/sehnenerkrankungen-der-hand\/","og_site_name":"MVZ Wiesbaden","article_modified_time":"2023-09-13T10:52:15+00:00","og_image":[{"url":"https:\/\/atos-mvz.de\/wiesbaden\/wp-content\/uploads\/sites\/22\/2023\/09\/sehnenerkrankungen-300x289.png","type":"","width":"","height":""}],"twitter_card":"summary_large_image","schema":{"@context":"https:\/\/schema.org","@graph":[{"@type":"WebPage","@id":"https:\/\/atos-mvz.de\/wiesbaden\/bereiche\/hand\/sehnenerkrankungen-der-hand\/","url":"https:\/\/atos-mvz.de\/wiesbaden\/bereiche\/hand\/sehnenerkrankungen-der-hand\/","name":"Sehnenerkrankungen der Hand - MVZ Wiesbaden","isPartOf":{"@id":"https:\/\/atos-mvz.de\/wiesbaden\/#website"},"primaryImageOfPage":{"@id":"https:\/\/atos-mvz.de\/wiesbaden\/bereiche\/hand\/sehnenerkrankungen-der-hand\/#primaryimage"},"image":{"@id":"https:\/\/atos-mvz.de\/wiesbaden\/bereiche\/hand\/sehnenerkrankungen-der-hand\/#primaryimage"},"thumbnailUrl":"https:\/\/atos-mvz.de\/wiesbaden\/wp-content\/uploads\/sites\/22\/2023\/09\/sehnenerkrankungen-300x289.png","datePublished":"2023-09-12T15:05:38+00:00","dateModified":"2023-09-13T10:52:15+00:00","breadcrumb":{"@id":"https:\/\/atos-mvz.de\/wiesbaden\/bereiche\/hand\/sehnenerkrankungen-der-hand\/#breadcrumb"},"inLanguage":"de","potentialAction":[{"@type":"ReadAction","target":["https:\/\/atos-mvz.de\/wiesbaden\/bereiche\/hand\/sehnenerkrankungen-der-hand\/"]}]},{"@type":"ImageObject","inLanguage":"de","@id":"https:\/\/atos-mvz.de\/wiesbaden\/bereiche\/hand\/sehnenerkrankungen-der-hand\/#primaryimage","url":"https:\/\/atos-mvz.de\/wiesbaden\/wp-content\/uploads\/sites\/22\/2023\/09\/sehnenerkrankungen.png","contentUrl":"https:\/\/atos-mvz.de\/wiesbaden\/wp-content\/uploads\/sites\/22\/2023\/09\/sehnenerkrankungen.png","width":406,"height":391},{"@type":"BreadcrumbList","@id":"https:\/\/atos-mvz.de\/wiesbaden\/bereiche\/hand\/sehnenerkrankungen-der-hand\/#breadcrumb","itemListElement":[{"@type":"ListItem","position":1,"name":"Startseite","item":"https:\/\/atos-mvz.de\/wiesbaden\/startseite\/"},{"@type":"ListItem","position":2,"name":"Bereiche","item":"https:\/\/atos-mvz.de\/wiesbaden\/bereiche\/"},{"@type":"ListItem","position":3,"name":"Hand","item":"https:\/\/atos-mvz.de\/wiesbaden\/bereiche\/hand\/"},{"@type":"ListItem","position":4,"name":"Sehnenerkrankungen der Hand"}]},{"@type":"WebSite","@id":"https:\/\/atos-mvz.de\/wiesbaden\/#website","url":"https:\/\/atos-mvz.de\/wiesbaden\/","name":"MVZ Wiesbaden","description":"","potentialAction":[{"@type":"SearchAction","target":{"@type":"EntryPoint","urlTemplate":"https:\/\/atos-mvz.de\/wiesbaden\/?s={search_term_string}"},"query-input":{"@type":"PropertyValueSpecification","valueRequired":true,"valueName":"search_term_string"}}],"inLanguage":"de"}]}},"_links":{"self":[{"href":"https:\/\/atos-mvz.de\/wiesbaden\/wp-json\/wp\/v2\/pages\/1402","targetHints":{"allow":["GET"]}}],"collection":[{"href":"https:\/\/atos-mvz.de\/wiesbaden\/wp-json\/wp\/v2\/pages"}],"about":[{"href":"https:\/\/atos-mvz.de\/wiesbaden\/wp-json\/wp\/v2\/types\/page"}],"author":[{"embeddable":true,"href":"https:\/\/atos-mvz.de\/wiesbaden\/wp-json\/wp\/v2\/users\/1"}],"replies":[{"embeddable":true,"href":"https:\/\/atos-mvz.de\/wiesbaden\/wp-json\/wp\/v2\/comments?post=1402"}],"version-history":[{"count":4,"href":"https:\/\/atos-mvz.de\/wiesbaden\/wp-json\/wp\/v2\/pages\/1402\/revisions"}],"predecessor-version":[{"id":1620,"href":"https:\/\/atos-mvz.de\/wiesbaden\/wp-json\/wp\/v2\/pages\/1402\/revisions\/1620"}],"up":[{"embeddable":true,"href":"https:\/\/atos-mvz.de\/wiesbaden\/wp-json\/wp\/v2\/pages\/1386"}],"wp:attachment":[{"href":"https:\/\/atos-mvz.de\/wiesbaden\/wp-json\/wp\/v2\/media?parent=1402"}],"curies":[{"name":"wp","href":"https:\/\/api.w.org\/{rel}","templated":true}]}}