{"id":1398,"date":"2023-09-12T17:03:07","date_gmt":"2023-09-12T15:03:07","guid":{"rendered":"https:\/\/atos-mvz.de\/wiesbaden\/?page_id=1398"},"modified":"2023-09-13T12:51:38","modified_gmt":"2023-09-13T10:51:38","slug":"nervenengpasssyndrome-der-hand","status":"publish","type":"page","link":"https:\/\/atos-mvz.de\/wiesbaden\/bereiche\/hand\/nervenengpasssyndrome-der-hand\/","title":{"rendered":"Nervenengpasssyndrome der Hand"},"content":{"rendered":"\n<style type=\"text\/css\" data-created_by=\"avia_inline_auto\" id=\"style-css-av-lmgfxg1h-f171fd8ba96d77edee829ad25807cfd7\">\n.avia-section.av-lmgfxg1h-f171fd8ba96d77edee829ad25807cfd7{\nbackground-repeat:no-repeat;\nbackground-image:url(https:\/\/atos-mvz.de\/wiesbaden\/wp-content\/uploads\/sites\/22\/2021\/01\/Handschmerzen_a_1700x600.jpg);\nbackground-position:50% 50%;\nbackground-attachment:scroll;\n}\n.avia-section.av-lmgfxg1h-f171fd8ba96d77edee829ad25807cfd7 .av-extra-border-element .av-extra-border-inner{\nbackground-color:#ffffff;\n}\n<\/style>\n<div id='header-img'  class='avia-section av-lmgfxg1h-f171fd8ba96d77edee829ad25807cfd7 main_color avia-section-huge avia-no-border-styling  avia-builder-el-0  el_before_av_section  avia-builder-el-first  avia-full-stretch avia-bg-style-scroll container_wrap fullsize'  data-section-bg-repeat='stretch'><div class='container av-section-cont-open' ><main  role=\"main\" itemprop=\"mainContentOfPage\"  class='template-page content  av-content-full alpha units'><div class='post-entry post-entry-type-page post-entry-1398'><div class='entry-content-wrapper clearfix'>\n\n<style type=\"text\/css\" data-created_by=\"avia_inline_auto\" id=\"style-css-av-87h8w6-1f0f7b4501800f6ea9ed94343b1ad356\">\n#top .hr.hr-invisible.av-87h8w6-1f0f7b4501800f6ea9ed94343b1ad356{\nheight:100px;\n}\n<\/style>\n<div  class='hr av-87h8w6-1f0f7b4501800f6ea9ed94343b1ad356 hr-invisible  avia-builder-el-1  avia-builder-el-no-sibling '><span class='hr-inner '><span class=\"hr-inner-style\"><\/span><\/span><\/div>\n\n<\/div><\/div><\/main><!-- close content main element --><\/div><div class='av-extra-border-element border-extra-diagonal border-extra-diagonal-inverse '><div class='av-extra-border-outer'><div class='av-extra-border-inner'><\/div><\/div><\/div><\/div>\n<style type=\"text\/css\" data-created_by=\"avia_inline_auto\" id=\"style-css-av-5iby46-db161120cbeef38f9cc9f9ac2ef15784\">\n.avia-section.av-5iby46-db161120cbeef38f9cc9f9ac2ef15784 .av-extra-border-element .av-extra-border-inner{\nbackground-color:#f1f0f5;\n}\n<\/style>\n<div id='av_section_2'  class='avia-section av-5iby46-db161120cbeef38f9cc9f9ac2ef15784 main_color avia-section-large avia-no-border-styling  avia-builder-el-2  el_after_av_section  avia-builder-el-last  small-container avia-bg-style-scroll container_wrap fullsize'  ><div class='container av-section-cont-open' ><div class='template-page content  av-content-full alpha units'><div class='post-entry post-entry-type-page post-entry-1398'><div class='entry-content-wrapper clearfix'>\n<section  class='av_textblock_section av-lmgfxon0-2b7a51e4e3446c3bb8b9469c1532105e '   itemscope=\"itemscope\" itemtype=\"https:\/\/schema.org\/CreativeWork\" ><div class='avia_textblock'  itemprop=\"text\" ><h1><strong>Nervenengpass&shy;syndrome der Hand<br \/>\n<\/strong><\/h1>\n<\/div><\/section>\n\n<style type=\"text\/css\" data-created_by=\"avia_inline_auto\" id=\"style-css-av-4453ti-7238be398a207fe0df26872d5806f6a7\">\n#top .hr.av-4453ti-7238be398a207fe0df26872d5806f6a7{\nmargin-top:0;\nmargin-bottom:30px;\n}\n.hr.av-4453ti-7238be398a207fe0df26872d5806f6a7 .hr-inner{\nwidth:100%;\nborder-color:#f1f0f5;\n}\n<\/style>\n<div  class='hr av-4453ti-7238be398a207fe0df26872d5806f6a7 hr-custom  avia-builder-el-4  el_after_av_textblock  el_before_av_textblock  hr-center hr-icon-no'><span class='hr-inner inner-border-av-border-thin'><span class=\"hr-inner-style\"><\/span><\/span><\/div>\n<section  class='av_textblock_section av-lmgfypkr-07c7d9f86ae3c2d9bf559791331df291 '   itemscope=\"itemscope\" itemtype=\"https:\/\/schema.org\/CreativeWork\" ><div class='avia_textblock'  itemprop=\"text\" ><h2>Karpaltunnelsyndrom<\/h2>\n<p>Hierbei handelt es sich um ein Nervenengpasssyndrom des Mittelarmnerven (Nervus medianus) im Bereich der Handwurzel. Die Ursachen k\u00f6nnen unfallbedingt (Fehlstellung des Knochens nach Bruch), hormonell bedingt (Schwangerschaft, Wechseljahre) oder Stoffwechsel bedingt (Zuckerkrankheit) sein, aber auch ohne erkennbare Ursache kann sich ein Karpaltunnelsyndrom entwickeln.<\/p>\n<p><strong>Klassische Symptome sind n\u00e4chtliche Schmerzen und Missempfindungen von Daumen, Zeige- und Mittelfinger<\/strong><\/p>\n<p>Die Patienten beklagen Missempfindungen und n\u00e4chtliche Schmerzen im Daumen, Zeige- und Mittelfinger mit m\u00f6glicher Ausstrahlung bis in den Unterarm, sp\u00e4ter dann einen Kraftverlust des Daumens. Neben klinischen Tests best\u00e4tigt eine neurologische Messung der Nervenleitgeschwindigkeit die Diagnose.<\/p>\n<p><strong>Die konservative Therapie erfolgt mittels Nachtlagerungsschiene<\/strong><\/p>\n<p>Die konservative Therapie umfasst die n\u00e4chtliche Ruhigstellung auf einer Handgelenkschiene. Zus\u00e4tzlich kann eine Spritze mit Cortison in den Nervenkanal verabreicht werden. Entz\u00fcndungshemmende Medikamente und B-Vitamine in Tablettenform k\u00f6nnen ebenso lindernd wirken.<\/p>\n<p><strong>Die operative Therapie besteht in der chirurgischen Bandspaltung zur Druckentlastung des Mittelarmnerven<\/strong><\/p>\n<p>Die operative Therapie besteht in der chirurgischen Spaltung eines Bandes, welches das \u201eDach\u201c des Nervenkanals bildet. Dadurch kommt es zu einer Druckentlastung des Nervs. Die Durchf\u00fchrung dieser Banddurchtrennung kann in einer offenen Technik oder endoskopisch erfolgen.<\/p>\n<p>Wir bevorzugen die offene Technik mit zwei Minischnitten der Haut, da so die h\u00e4ufig zus\u00e4tzlich bestehende Entz\u00fcndung der Beugesehnenscheiden mitbehandelt werden kann. Nachfolgend sind eine Ruhigstellung des Handgelenkes auf einer Lagerungsschiene f\u00fcr f\u00fcnf Tage und die Entfernung der Hautf\u00e4den nach zwei Wochen notwendig.<\/p>\n<p><img loading=\"lazy\" decoding=\"async\" class=\"size-medium wp-image-1311 alignright\" src=\"https:\/\/atos-mvz.de\/wiesbaden\/wp-content\/uploads\/sites\/22\/2023\/09\/praxis1-300x270.jpeg\" alt=\"\" width=\"300\" height=\"270\" srcset=\"https:\/\/atos-mvz.de\/wiesbaden\/wp-content\/uploads\/sites\/22\/2023\/09\/praxis1-300x270.jpeg 300w, https:\/\/atos-mvz.de\/wiesbaden\/wp-content\/uploads\/sites\/22\/2023\/09\/praxis1.jpeg 587w\" sizes=\"auto, (max-width: 300px) 100vw, 300px\" \/><\/p>\n<p>Anschlie\u00dfend soll eine Schonung der Hand f\u00fcr vier Wochen eingehalten werden, um die Narbenbildung zu minimieren. Alltagsverrichtungen sind w\u00e4hrend dieser Zeit m\u00f6glich. Die volle Streckung der Finger und der volle Faustschluss sollen bereits am Tage nach der Operation durchgef\u00fchrt werden.<\/p>\n<p>Die Erfolgsrate der operativen Therapie ist sehr hoch, jedoch kann nach mehrj\u00e4hrigem Bestehen der Erkrankung mit bereits durchgehend bestehender Taubheit der Finger die Erholungsdauer des Nerven verl\u00e4ngert sein oder in sehr seltenen F\u00e4llen gar unvollst\u00e4ndig bleiben.<\/p>\n<\/div><\/section>\n\n<style type=\"text\/css\" data-created_by=\"avia_inline_auto\" id=\"style-css-av-34vtdi-e27ec0d814d096a6359f8ffedb745349\">\n#top .hr.av-34vtdi-e27ec0d814d096a6359f8ffedb745349{\nmargin-top:20px;\nmargin-bottom:30px;\n}\n.hr.av-34vtdi-e27ec0d814d096a6359f8ffedb745349 .hr-inner{\nwidth:100%;\nborder-color:#f1f0f5;\n}\n<\/style>\n<div  class='hr av-34vtdi-e27ec0d814d096a6359f8ffedb745349 hr-custom  avia-builder-el-6  el_after_av_textblock  el_before_av_textblock  hr-center hr-icon-no'><span class='hr-inner inner-border-av-border-thin'><span class=\"hr-inner-style\"><\/span><\/span><\/div>\n<section  class='av_textblock_section av-lmgfz94x-5d43831a19ab62da28ef938d35118a8e '   itemscope=\"itemscope\" itemtype=\"https:\/\/schema.org\/CreativeWork\" ><div class='avia_textblock'  itemprop=\"text\" ><h2><strong>Syndrom der Loge de Guyon<\/strong><\/h2>\n<p><strong>Eine nat\u00fcrliche Engstelle im Bereich der Handwurzel<\/strong><\/p>\n<p>Die Erkrankung betrifft die End\u00e4ste des Ellennervs, welche in H\u00f6he der ellenseitigen Handwurzel komprimiert werden und kommt deutlich seltener vor als das Karpaltunnelsyndrom.<\/p>\n<p><strong>Klassischerweise bestehen Missempfindungen an Ring- und Kleinfinger<\/strong><\/p>\n<p>Chronischer Druck (langes Fahrradfahren), ein Unfall (Bruch der ellenseitigen Handwurzel) oder ein Tumor (Ganglion) k\u00f6nnen die Ursache f\u00fcr die Nervenbedr\u00e4ngung sein. Die Patienten klagen meist nie \u00fcber Gef\u00fchlsst\u00f6rungen am Ringfinger oder kleinen Finger, sondern \u00fcber funktionelle Probleme wie Schw\u00e4che des Ring- und Kleinfingers beim Faustschluss und Abnahme des Muskelwulstes am Kleinfingerballen oder am Handr\u00fccken zwischen Daumen und Zeigefinger.<\/p>\n<p>Neben klinischen Tests best\u00e4tigt eine neurologisch-apparative Untersuchung des Ellennervs die Diagnose. Die Ruhigstellung auf einer Handgelenkschiene und die Einnahme von entz\u00fcndungshemmenden Medikamenten kann die Symptomatik lindern.<\/p>\n<p><strong>Bei der operativen Therapie erfolgt die Freilegung der Nervenend\u00e4ste<\/strong><\/p>\n<p>Die operative Therapie beinhaltet die Freilegung der End\u00e4ste des Nervs im Handgelenk- und Hohlhandbereich. Nachfolgend sollte eine Ruhigstellung des Handgelenkes auf einer Lagerungsschiene f\u00fcr f\u00fcnf Tage erfolgen und die Entfernung der Hautf\u00e4den ist nach zwei Wochen notwendig.<\/p>\n<p>Anschlie\u00dfend soll eine Schonung der Hand f\u00fcr vier Wochen eingehalten werden, um die Narbenbildung zu minimieren. Alltagsverrichtungen sind w\u00e4hrend dieser Zeit m\u00f6glich.<\/p>\n<p>Die volle Streckung der Finger und der volle Faustschluss sollen bereits am Tage nach der Operation durchgef\u00fchrt werden.<\/p>\n<\/div><\/section>\n\n","protected":false},"excerpt":{"rendered":"","protected":false},"author":1,"featured_media":0,"parent":1386,"menu_order":0,"comment_status":"closed","ping_status":"closed","template":"","meta":{"footnotes":""},"class_list":["post-1398","page","type-page","status-publish","hentry"],"yoast_head":"<!-- This site is optimized with the Yoast SEO plugin v27.3 - https:\/\/yoast.com\/product\/yoast-seo-wordpress\/ -->\n<title>Nervenengpasssyndrome der Hand - MVZ Wiesbaden<\/title>\n<meta name=\"robots\" content=\"index, follow, max-snippet:-1, max-image-preview:large, max-video-preview:-1\" \/>\n<link rel=\"canonical\" href=\"https:\/\/atos-mvz.de\/wiesbaden\/bereiche\/hand\/nervenengpasssyndrome-der-hand\/\" \/>\n<meta property=\"og:locale\" content=\"de_DE\" \/>\n<meta property=\"og:type\" content=\"article\" \/>\n<meta property=\"og:title\" content=\"Nervenengpasssyndrome der Hand - MVZ Wiesbaden\" \/>\n<meta property=\"og:url\" content=\"https:\/\/atos-mvz.de\/wiesbaden\/bereiche\/hand\/nervenengpasssyndrome-der-hand\/\" \/>\n<meta property=\"og:site_name\" content=\"MVZ Wiesbaden\" \/>\n<meta property=\"article:modified_time\" content=\"2023-09-13T10:51:38+00:00\" \/>\n<meta property=\"og:image\" content=\"https:\/\/atos-mvz.de\/wiesbaden\/wp-content\/uploads\/sites\/22\/2023\/09\/praxis1-300x270.jpeg\" \/>\n<meta name=\"twitter:card\" content=\"summary_large_image\" \/>\n<script type=\"application\/ld+json\" class=\"yoast-schema-graph\">{\"@context\":\"https:\\\/\\\/schema.org\",\"@graph\":[{\"@type\":\"WebPage\",\"@id\":\"https:\\\/\\\/atos-mvz.de\\\/wiesbaden\\\/bereiche\\\/hand\\\/nervenengpasssyndrome-der-hand\\\/\",\"url\":\"https:\\\/\\\/atos-mvz.de\\\/wiesbaden\\\/bereiche\\\/hand\\\/nervenengpasssyndrome-der-hand\\\/\",\"name\":\"Nervenengpasssyndrome der Hand - MVZ Wiesbaden\",\"isPartOf\":{\"@id\":\"https:\\\/\\\/atos-mvz.de\\\/wiesbaden\\\/#website\"},\"primaryImageOfPage\":{\"@id\":\"https:\\\/\\\/atos-mvz.de\\\/wiesbaden\\\/bereiche\\\/hand\\\/nervenengpasssyndrome-der-hand\\\/#primaryimage\"},\"image\":{\"@id\":\"https:\\\/\\\/atos-mvz.de\\\/wiesbaden\\\/bereiche\\\/hand\\\/nervenengpasssyndrome-der-hand\\\/#primaryimage\"},\"thumbnailUrl\":\"https:\\\/\\\/atos-mvz.de\\\/wiesbaden\\\/wp-content\\\/uploads\\\/sites\\\/22\\\/2023\\\/09\\\/praxis1-300x270.jpeg\",\"datePublished\":\"2023-09-12T15:03:07+00:00\",\"dateModified\":\"2023-09-13T10:51:38+00:00\",\"breadcrumb\":{\"@id\":\"https:\\\/\\\/atos-mvz.de\\\/wiesbaden\\\/bereiche\\\/hand\\\/nervenengpasssyndrome-der-hand\\\/#breadcrumb\"},\"inLanguage\":\"de\",\"potentialAction\":[{\"@type\":\"ReadAction\",\"target\":[\"https:\\\/\\\/atos-mvz.de\\\/wiesbaden\\\/bereiche\\\/hand\\\/nervenengpasssyndrome-der-hand\\\/\"]}]},{\"@type\":\"ImageObject\",\"inLanguage\":\"de\",\"@id\":\"https:\\\/\\\/atos-mvz.de\\\/wiesbaden\\\/bereiche\\\/hand\\\/nervenengpasssyndrome-der-hand\\\/#primaryimage\",\"url\":\"https:\\\/\\\/atos-mvz.de\\\/wiesbaden\\\/wp-content\\\/uploads\\\/sites\\\/22\\\/2023\\\/09\\\/praxis1-300x270.jpeg\",\"contentUrl\":\"https:\\\/\\\/atos-mvz.de\\\/wiesbaden\\\/wp-content\\\/uploads\\\/sites\\\/22\\\/2023\\\/09\\\/praxis1-300x270.jpeg\"},{\"@type\":\"BreadcrumbList\",\"@id\":\"https:\\\/\\\/atos-mvz.de\\\/wiesbaden\\\/bereiche\\\/hand\\\/nervenengpasssyndrome-der-hand\\\/#breadcrumb\",\"itemListElement\":[{\"@type\":\"ListItem\",\"position\":1,\"name\":\"Startseite\",\"item\":\"https:\\\/\\\/atos-mvz.de\\\/wiesbaden\\\/startseite\\\/\"},{\"@type\":\"ListItem\",\"position\":2,\"name\":\"Bereiche\",\"item\":\"https:\\\/\\\/atos-mvz.de\\\/wiesbaden\\\/bereiche\\\/\"},{\"@type\":\"ListItem\",\"position\":3,\"name\":\"Hand\",\"item\":\"https:\\\/\\\/atos-mvz.de\\\/wiesbaden\\\/bereiche\\\/hand\\\/\"},{\"@type\":\"ListItem\",\"position\":4,\"name\":\"Nervenengpasssyndrome der Hand\"}]},{\"@type\":\"WebSite\",\"@id\":\"https:\\\/\\\/atos-mvz.de\\\/wiesbaden\\\/#website\",\"url\":\"https:\\\/\\\/atos-mvz.de\\\/wiesbaden\\\/\",\"name\":\"MVZ Wiesbaden\",\"description\":\"\",\"potentialAction\":[{\"@type\":\"SearchAction\",\"target\":{\"@type\":\"EntryPoint\",\"urlTemplate\":\"https:\\\/\\\/atos-mvz.de\\\/wiesbaden\\\/?s={search_term_string}\"},\"query-input\":{\"@type\":\"PropertyValueSpecification\",\"valueRequired\":true,\"valueName\":\"search_term_string\"}}],\"inLanguage\":\"de\"}]}<\/script>\n<!-- \/ Yoast SEO plugin. -->","yoast_head_json":{"title":"Nervenengpasssyndrome der Hand - MVZ Wiesbaden","robots":{"index":"index","follow":"follow","max-snippet":"max-snippet:-1","max-image-preview":"max-image-preview:large","max-video-preview":"max-video-preview:-1"},"canonical":"https:\/\/atos-mvz.de\/wiesbaden\/bereiche\/hand\/nervenengpasssyndrome-der-hand\/","og_locale":"de_DE","og_type":"article","og_title":"Nervenengpasssyndrome der Hand - MVZ Wiesbaden","og_url":"https:\/\/atos-mvz.de\/wiesbaden\/bereiche\/hand\/nervenengpasssyndrome-der-hand\/","og_site_name":"MVZ Wiesbaden","article_modified_time":"2023-09-13T10:51:38+00:00","og_image":[{"url":"https:\/\/atos-mvz.de\/wiesbaden\/wp-content\/uploads\/sites\/22\/2023\/09\/praxis1-300x270.jpeg","type":"","width":"","height":""}],"twitter_card":"summary_large_image","schema":{"@context":"https:\/\/schema.org","@graph":[{"@type":"WebPage","@id":"https:\/\/atos-mvz.de\/wiesbaden\/bereiche\/hand\/nervenengpasssyndrome-der-hand\/","url":"https:\/\/atos-mvz.de\/wiesbaden\/bereiche\/hand\/nervenengpasssyndrome-der-hand\/","name":"Nervenengpasssyndrome der Hand - MVZ Wiesbaden","isPartOf":{"@id":"https:\/\/atos-mvz.de\/wiesbaden\/#website"},"primaryImageOfPage":{"@id":"https:\/\/atos-mvz.de\/wiesbaden\/bereiche\/hand\/nervenengpasssyndrome-der-hand\/#primaryimage"},"image":{"@id":"https:\/\/atos-mvz.de\/wiesbaden\/bereiche\/hand\/nervenengpasssyndrome-der-hand\/#primaryimage"},"thumbnailUrl":"https:\/\/atos-mvz.de\/wiesbaden\/wp-content\/uploads\/sites\/22\/2023\/09\/praxis1-300x270.jpeg","datePublished":"2023-09-12T15:03:07+00:00","dateModified":"2023-09-13T10:51:38+00:00","breadcrumb":{"@id":"https:\/\/atos-mvz.de\/wiesbaden\/bereiche\/hand\/nervenengpasssyndrome-der-hand\/#breadcrumb"},"inLanguage":"de","potentialAction":[{"@type":"ReadAction","target":["https:\/\/atos-mvz.de\/wiesbaden\/bereiche\/hand\/nervenengpasssyndrome-der-hand\/"]}]},{"@type":"ImageObject","inLanguage":"de","@id":"https:\/\/atos-mvz.de\/wiesbaden\/bereiche\/hand\/nervenengpasssyndrome-der-hand\/#primaryimage","url":"https:\/\/atos-mvz.de\/wiesbaden\/wp-content\/uploads\/sites\/22\/2023\/09\/praxis1-300x270.jpeg","contentUrl":"https:\/\/atos-mvz.de\/wiesbaden\/wp-content\/uploads\/sites\/22\/2023\/09\/praxis1-300x270.jpeg"},{"@type":"BreadcrumbList","@id":"https:\/\/atos-mvz.de\/wiesbaden\/bereiche\/hand\/nervenengpasssyndrome-der-hand\/#breadcrumb","itemListElement":[{"@type":"ListItem","position":1,"name":"Startseite","item":"https:\/\/atos-mvz.de\/wiesbaden\/startseite\/"},{"@type":"ListItem","position":2,"name":"Bereiche","item":"https:\/\/atos-mvz.de\/wiesbaden\/bereiche\/"},{"@type":"ListItem","position":3,"name":"Hand","item":"https:\/\/atos-mvz.de\/wiesbaden\/bereiche\/hand\/"},{"@type":"ListItem","position":4,"name":"Nervenengpasssyndrome der Hand"}]},{"@type":"WebSite","@id":"https:\/\/atos-mvz.de\/wiesbaden\/#website","url":"https:\/\/atos-mvz.de\/wiesbaden\/","name":"MVZ Wiesbaden","description":"","potentialAction":[{"@type":"SearchAction","target":{"@type":"EntryPoint","urlTemplate":"https:\/\/atos-mvz.de\/wiesbaden\/?s={search_term_string}"},"query-input":{"@type":"PropertyValueSpecification","valueRequired":true,"valueName":"search_term_string"}}],"inLanguage":"de"}]}},"_links":{"self":[{"href":"https:\/\/atos-mvz.de\/wiesbaden\/wp-json\/wp\/v2\/pages\/1398","targetHints":{"allow":["GET"]}}],"collection":[{"href":"https:\/\/atos-mvz.de\/wiesbaden\/wp-json\/wp\/v2\/pages"}],"about":[{"href":"https:\/\/atos-mvz.de\/wiesbaden\/wp-json\/wp\/v2\/types\/page"}],"author":[{"embeddable":true,"href":"https:\/\/atos-mvz.de\/wiesbaden\/wp-json\/wp\/v2\/users\/1"}],"replies":[{"embeddable":true,"href":"https:\/\/atos-mvz.de\/wiesbaden\/wp-json\/wp\/v2\/comments?post=1398"}],"version-history":[{"count":3,"href":"https:\/\/atos-mvz.de\/wiesbaden\/wp-json\/wp\/v2\/pages\/1398\/revisions"}],"predecessor-version":[{"id":1618,"href":"https:\/\/atos-mvz.de\/wiesbaden\/wp-json\/wp\/v2\/pages\/1398\/revisions\/1618"}],"up":[{"embeddable":true,"href":"https:\/\/atos-mvz.de\/wiesbaden\/wp-json\/wp\/v2\/pages\/1386"}],"wp:attachment":[{"href":"https:\/\/atos-mvz.de\/wiesbaden\/wp-json\/wp\/v2\/media?parent=1398"}],"curies":[{"name":"wp","href":"https:\/\/api.w.org\/{rel}","templated":true}]}}