{"id":1352,"date":"2023-09-12T16:13:04","date_gmt":"2023-09-12T14:13:04","guid":{"rendered":"https:\/\/atos-mvz.de\/wiesbaden\/?page_id=1352"},"modified":"2023-09-12T16:13:04","modified_gmt":"2023-09-12T14:13:04","slug":"fersenschmerzen","status":"publish","type":"page","link":"https:\/\/atos-mvz.de\/wiesbaden\/bereiche\/fuss\/fersenschmerzen\/","title":{"rendered":"Fersenschmerzen"},"content":{"rendered":"\n<style type=\"text\/css\" data-created_by=\"avia_inline_auto\" id=\"style-css-av-lmgdyugz-277fad712384707f5c5572d305f0a180\">\n.avia-section.av-lmgdyugz-277fad712384707f5c5572d305f0a180{\nbackground-repeat:no-repeat;\nbackground-image:url(https:\/\/atos-mvz.de\/wiesbaden\/wp-content\/uploads\/sites\/22\/2021\/01\/Fussschmerzen_1700x600.jpg);\nbackground-position:50% 50%;\nbackground-attachment:scroll;\n}\n.avia-section.av-lmgdyugz-277fad712384707f5c5572d305f0a180 .av-extra-border-element .av-extra-border-inner{\nbackground-color:#ffffff;\n}\n<\/style>\n<div id='header-img'  class='avia-section av-lmgdyugz-277fad712384707f5c5572d305f0a180 main_color avia-section-huge avia-no-border-styling  avia-builder-el-0  el_before_av_section  avia-builder-el-first  avia-full-stretch avia-bg-style-scroll container_wrap fullsize'  data-section-bg-repeat='stretch'><div class='container av-section-cont-open' ><main  role=\"main\" itemprop=\"mainContentOfPage\"  class='template-page content  av-content-full alpha units'><div class='post-entry post-entry-type-page post-entry-1352'><div class='entry-content-wrapper clearfix'>\n\n<style type=\"text\/css\" data-created_by=\"avia_inline_auto\" id=\"style-css-av-av_hr-00707d52b7bb0032765f5ddfef45bd7d\">\n#top .hr.hr-invisible.av-av_hr-00707d52b7bb0032765f5ddfef45bd7d{\nheight:100px;\n}\n<\/style>\n<div  class='hr av-av_hr-00707d52b7bb0032765f5ddfef45bd7d hr-invisible  avia-builder-el-1  avia-builder-el-no-sibling '><span class='hr-inner '><span class=\"hr-inner-style\"><\/span><\/span><\/div>\n\n<\/div><\/div><\/main><!-- close content main element --><\/div><div class='av-extra-border-element border-extra-diagonal border-extra-diagonal-inverse '><div class='av-extra-border-outer'><div class='av-extra-border-inner'><\/div><\/div><\/div><\/div>\n<style type=\"text\/css\" data-created_by=\"avia_inline_auto\" id=\"style-css-av-av_section-ec599dcb8f7116f201f3a3903e106e52\">\n.avia-section.av-av_section-ec599dcb8f7116f201f3a3903e106e52 .av-extra-border-element .av-extra-border-inner{\nbackground-color:#f1f0f5;\n}\n<\/style>\n<div id='av_section_2'  class='avia-section av-av_section-ec599dcb8f7116f201f3a3903e106e52 main_color avia-section-large avia-no-border-styling  avia-builder-el-2  el_after_av_section  avia-builder-el-last  small-container avia-bg-style-scroll container_wrap fullsize'  ><div class='container av-section-cont-open' ><div class='template-page content  av-content-full alpha units'><div class='post-entry post-entry-type-page post-entry-1352'><div class='entry-content-wrapper clearfix'>\n<section  class='av_textblock_section av-lmgdyf4j-873a888e94b2b86f3df3e6a16c022c72 '   itemscope=\"itemscope\" itemtype=\"https:\/\/schema.org\/CreativeWork\" ><div class='avia_textblock'  itemprop=\"text\" ><h1><strong>Fersenschmerzen <\/strong><\/h1>\n<\/div><\/section>\n\n<style type=\"text\/css\" data-created_by=\"avia_inline_auto\" id=\"style-css-av-av_hr-2b301dfe29e9b1afdaa9830d48e7b3c3\">\n#top .hr.av-av_hr-2b301dfe29e9b1afdaa9830d48e7b3c3{\nmargin-top:0;\nmargin-bottom:30px;\n}\n.hr.av-av_hr-2b301dfe29e9b1afdaa9830d48e7b3c3 .hr-inner{\nwidth:100%;\nborder-color:#f1f0f5;\n}\n<\/style>\n<div  class='hr av-av_hr-2b301dfe29e9b1afdaa9830d48e7b3c3 hr-custom  avia-builder-el-4  el_after_av_textblock  el_before_av_textblock  hr-center hr-icon-no'><span class='hr-inner inner-border-av-border-thin'><span class=\"hr-inner-style\"><\/span><\/span><\/div>\n<section  class='av_textblock_section av-lmgdzk8s-99e2d03b75e82d08d1f13707aa0d8ce7 '   itemscope=\"itemscope\" itemtype=\"https:\/\/schema.org\/CreativeWork\" ><div class='avia_textblock'  itemprop=\"text\" ><h2><strong>Wie kommt es dazu?<\/strong><\/h2>\n<p><strong>Eine schmerzhafte, wunde Ferse wird sich in den meisten F\u00e4llen ohne operativen Eingriff bessern, wenn Sie eine Pause einhalten.<\/strong><\/p>\n<p>Jeder Kilometer, den Sie gehen, belastet Ihre F\u00fc\u00dfe mit etwa 35 Tonnen. Ihre F\u00fc\u00dfe k\u00f6nnen mit gro\u00dfen Lasten zurecht kommen, aber zu viel Belastung geht dann doch \u00fcber ihre Grenzen. Wenn Sie Ihre F\u00fc\u00dfe auf einem harten Untergrund maltr\u00e4tieren oder Schuhe tragen, die empfindliches Gewebe reizen, k\u00f6nnen Sie Fersenschmerzen bekommen. Eine schmerzhafte, wunde Ferse wird sich in den meisten F\u00e4llen ohne operativen Eingriff bessern, wenn Sie eine Pause einhalten. Viele Patienten missachten jedoch die ersten Anzeichen der \u00dcberlastung und setzen ihre sportliche Aktivit\u00e4ten fort. Wenn Sie einer wunden Ferse keine Ruhe g\u00f6nnen, werden die Schmerzen in aller Regel schlimmer und k\u00f6nnen chronisch werden.<\/p>\n<\/div><\/section>\n\n<style type=\"text\/css\" data-created_by=\"avia_inline_auto\" id=\"style-css-av-av_hr-709d23c572c8a7c2a6dfaa647ba8780c\">\n#top .hr.av-av_hr-709d23c572c8a7c2a6dfaa647ba8780c{\nmargin-top:20px;\nmargin-bottom:30px;\n}\n.hr.av-av_hr-709d23c572c8a7c2a6dfaa647ba8780c .hr-inner{\nwidth:100%;\nborder-color:#f1f0f5;\n}\n<\/style>\n<div  class='hr av-av_hr-709d23c572c8a7c2a6dfaa647ba8780c hr-custom  avia-builder-el-6  el_after_av_textblock  el_before_av_textblock  hr-center hr-icon-no'><span class='hr-inner inner-border-av-border-thin'><span class=\"hr-inner-style\"><\/span><\/span><\/div>\n<section  class='av_textblock_section av-lmge32hh-3c4a929b3995ca6d24fbc0cd5d4837e9 '   itemscope=\"itemscope\" itemtype=\"https:\/\/schema.org\/CreativeWork\" ><div class='avia_textblock'  itemprop=\"text\" ><h2><strong>Diagnose und Therapie<\/strong><\/h2>\n<p><strong>Formen der Fersenschmerzen: Schmerzen unter und hinter der Ferse, auf der Innen- und Au\u00dfenseite sowie seitlich im Fersenbereich.<\/strong><\/p>\n<p>Fersenschmerzen k\u00f6nnen vielerlei Ursachen haben. Wenn Ihre Ferse schmerzt, dann suchen Sie bald ihren Arzt\/\u00c4rztin auf. Erl\u00e4utern Sie, wo sie die Schmerzen haben und seit wann. Ihr Arzt\/\u00c4rztin wird dann die Ferse untersuchen und auf Hinweise f\u00fcr Schwellungen und Druckschmerzhaftigkeiten achten. M\u00f6glicherweise werden Sie gebeten, sich auf einen Fu\u00df zu stellen oder andere Tests durchzuf\u00fchren, damit die Ursache besser eingesch\u00e4tzt werden kann. Es gibt verschiedene Formen von Fersenschmerzen: Schmerzen unter und hinter der Ferse, auf der Innen- und Au\u00dfenseite sowie seitlich im Fersenbereich. Wir untersuchen Schmerzen auf Grund von kn\u00f6chernen oder von Weichteilproblemen.<\/p>\n<\/div><\/section>\n\n<style type=\"text\/css\" data-created_by=\"avia_inline_auto\" id=\"style-css-av-av_hr-709d23c572c8a7c2a6dfaa647ba8780c\">\n#top .hr.av-av_hr-709d23c572c8a7c2a6dfaa647ba8780c{\nmargin-top:20px;\nmargin-bottom:30px;\n}\n.hr.av-av_hr-709d23c572c8a7c2a6dfaa647ba8780c .hr-inner{\nwidth:100%;\nborder-color:#f1f0f5;\n}\n<\/style>\n<div  class='hr av-av_hr-709d23c572c8a7c2a6dfaa647ba8780c hr-custom  avia-builder-el-8  el_after_av_textblock  el_before_av_textblock  hr-center hr-icon-no'><span class='hr-inner inner-border-av-border-thin'><span class=\"hr-inner-style\"><\/span><\/span><\/div>\n<section  class='av_textblock_section av-lmge53iw-01e978d92b048731f9cf69afa41ad5f2 '   itemscope=\"itemscope\" itemtype=\"https:\/\/schema.org\/CreativeWork\" ><div class='avia_textblock'  itemprop=\"text\" ><h2><strong>Schmerzen unter der Ferse<\/strong><\/h2>\n<p>Wenn es unter der Ferse schmerzt, k\u00f6nnen Sie eine oder mehrere der unten aufgef\u00fchrten Ursachen f\u00fcr eine Entz\u00fcndung des Gewebes unter Ihrem Fu\u00df haben:<\/p>\n<p><strong>Prellung durch z.B. einen Stein<\/strong>: Wenn Sie auf einen harten Gegenstand treten, wie z.B. einen Stein, kann dies zu einer Prellung im Fettpolster unter der Ferse f\u00fchren. Eventuell kommt es auch zu einer Hautverf\u00e4rbung. Der Schmerz wird mit der Zeit von alleine verschwinden.<\/p>\n<p><strong>Reizung der Plantarsehne (plantare Fasziitis)<\/strong>: Ein \u00dcberma\u00df an Laufen oder Springen kann den straffen Gewebestrang (Faszie) reizen, der von Ihrer Ferse zur Zehenbasis l\u00e4uft. Der Schmerz wird typischerweise zentral unter Ihrer Ferse empfunden. Er kann anfangs mild sein und dann aufflackern, wenn Sie nach der Nachtruhe die ersten Schritte machen (sog. Anlaufschmerz). Zur Behandlung m\u00fcssen Sie m\u00f6glicherweise spezielle \u00dcbungen durchf\u00fchren, abschwellende Medikamente nehmen und eine Einlage im Schuh tragen. Hier muss auch die Gesamtform des Fu\u00dfese ber\u00fccksichtigt werden.<\/p>\n<p><strong>Fersensporn<\/strong>: Wenn die plantare Fasziitis f\u00fcr l\u00e4ngere Zeit besteht, kann sich durch ein Kalziumdepot ein sog. Fersensporn ausbilden an der Stelle an der die Faszie am Fersenbein ansetzt. Eine R\u00f6ntgenaufnahme stellt den Sporn dar. Die Behandlung ist normalerweise dieselbe, wie bei plantarer Fasziitis: Ruhe, bis der Schmerz nachl\u00e4sst, spezielle Dehnungs\u00fcbungen des Fu\u00dfes und der gesamten r\u00fcckw\u00e4rtigen ischiocruralen Muskulatur. Sollte die konservative Therapie keinen Erfolg bringen, kann in seltenen F\u00e4llen eine operative Einkerbung der Fascie am Knochenansatz mit Abtragen des Knochensporns notwendig sein. Normalerweise ist die Sehnenansatzverkn\u00f6cherung nicht schmerzhaft. Schmerz l\u00f6st bei Periostitis bei den der Plantarfaszie aus. Erst eine \u00fcberm\u00e4\u00dfige Verkn\u00f6cherung kann zu einem kn\u00f6chernen Schmerz f\u00fchren.<\/p>\n<p><div id=\"attachment_1353\" style=\"width: 310px\" class=\"wp-caption alignleft\"><img loading=\"lazy\" decoding=\"async\" aria-describedby=\"caption-attachment-1353\" class=\"size-medium wp-image-1353\" src=\"https:\/\/atos-mvz.de\/wiesbaden\/wp-content\/uploads\/sites\/22\/2023\/09\/fersensporn-2-300x168.jpg\" alt=\"\" width=\"300\" height=\"168\" srcset=\"https:\/\/atos-mvz.de\/wiesbaden\/wp-content\/uploads\/sites\/22\/2023\/09\/fersensporn-2-300x168.jpg 300w, https:\/\/atos-mvz.de\/wiesbaden\/wp-content\/uploads\/sites\/22\/2023\/09\/fersensporn-2.jpg 581w\" sizes=\"auto, (max-width: 300px) 100vw, 300px\" \/><p id=\"caption-attachment-1353\" class=\"wp-caption-text\">Gro\u00dfer Fersensporn<\/p><\/div><br \/>\n<div id=\"attachment_1354\" style=\"width: 310px\" class=\"wp-caption alignleft\"><img loading=\"lazy\" decoding=\"async\" aria-describedby=\"caption-attachment-1354\" class=\"size-medium wp-image-1354\" src=\"https:\/\/atos-mvz.de\/wiesbaden\/wp-content\/uploads\/sites\/22\/2023\/09\/fersensporn_korrigiert-1-300x180.jpg\" alt=\"\" width=\"300\" height=\"180\" srcset=\"https:\/\/atos-mvz.de\/wiesbaden\/wp-content\/uploads\/sites\/22\/2023\/09\/fersensporn_korrigiert-1-300x180.jpg 300w, https:\/\/atos-mvz.de\/wiesbaden\/wp-content\/uploads\/sites\/22\/2023\/09\/fersensporn_korrigiert-1.jpg 581w\" sizes=\"auto, (max-width: 300px) 100vw, 300px\" \/><p id=\"caption-attachment-1354\" class=\"wp-caption-text\">Sporn operativ entfernt<\/p><\/div><\/p>\n<\/div><\/section>\n\n<style type=\"text\/css\" data-created_by=\"avia_inline_auto\" id=\"style-css-av-av_hr-709d23c572c8a7c2a6dfaa647ba8780c\">\n#top .hr.av-av_hr-709d23c572c8a7c2a6dfaa647ba8780c{\nmargin-top:20px;\nmargin-bottom:30px;\n}\n.hr.av-av_hr-709d23c572c8a7c2a6dfaa647ba8780c .hr-inner{\nwidth:100%;\nborder-color:#f1f0f5;\n}\n<\/style>\n<div  class='hr av-av_hr-709d23c572c8a7c2a6dfaa647ba8780c hr-custom  avia-builder-el-10  el_after_av_textblock  el_before_av_textblock  hr-center hr-icon-no'><span class='hr-inner inner-border-av-border-thin'><span class=\"hr-inner-style\"><\/span><\/span><\/div>\n<section  class='av_textblock_section av-lmge5g5y-5f22a2e208c7379b5e23840f97f48823 '   itemscope=\"itemscope\" itemtype=\"https:\/\/schema.org\/CreativeWork\" ><div class='avia_textblock'  itemprop=\"text\" ><h2><strong>Konservative Therapie<\/strong><\/h2>\n<p>Mehr als 80% der schmerzhaften Plantarfasziitispatienten konnten wir in den letzten Jahren mit der von uns entwickelten Einlage erfolgreich therapieren. In der Kombination mit einer entsprechenden Physiotherapie kommt es zu einem Aufdehnen und st\u00e4ndigen Querfriktion der Ferse, welche dann zu einer Entlastung und Schmerzreduktion f\u00fchrt. Auch begleitende Ma\u00dfnahmen wie Sto\u00dfwelle, lokale Injektionen oder auch R\u00f6ntgenreizbestrahlung k\u00f6nnen erfolgreich die Schmerzen beseitigen. Somit besteht nur im seltensten Fall eine OP Indikation f\u00fcr einen Plantarfaziitis.<\/p>\n<\/div><\/section>\n\n<style type=\"text\/css\" data-created_by=\"avia_inline_auto\" id=\"style-css-av-av_hr-709d23c572c8a7c2a6dfaa647ba8780c\">\n#top .hr.av-av_hr-709d23c572c8a7c2a6dfaa647ba8780c{\nmargin-top:20px;\nmargin-bottom:30px;\n}\n.hr.av-av_hr-709d23c572c8a7c2a6dfaa647ba8780c .hr-inner{\nwidth:100%;\nborder-color:#f1f0f5;\n}\n<\/style>\n<div  class='hr av-av_hr-709d23c572c8a7c2a6dfaa647ba8780c hr-custom  avia-builder-el-12  el_after_av_textblock  el_before_av_textblock  hr-center hr-icon-no'><span class='hr-inner inner-border-av-border-thin'><span class=\"hr-inner-style\"><\/span><\/span><\/div>\n<section  class='av_textblock_section av-lmge6v5l-7ed0a6348578bb96dc49317aaf319f86 '   itemscope=\"itemscope\" itemtype=\"https:\/\/schema.org\/CreativeWork\" ><div class='avia_textblock'  itemprop=\"text\" ><h2><strong>Schmerzen hinter der Ferse<\/strong><\/h2>\n<p>Wenn Sie Schmerzen hinter der Ferse haben, kann m\u00f6glicherweise der Bereich betroffen sein, an dem die Achillessehne an das Fersenbein ansetzt (Bursitis retrocalcanea). Patienten leiden oft unter diesem Symptom, wenn sie zu viel laufen oder wenn Schuhe in die R\u00fcckseite der Sehne einschneiden. Schmerzen hinter der Ferse k\u00f6nnen langsam mit der Zeit entstehen und dazu f\u00fchren, dass die Haut verdickt, geschwollen und ger\u00f6tet ist. Eventuell entsteht eine Vorw\u00f6lbung \u00fcber Ihrer Sehne, welche warm und empfindlich ist.<\/p>\n<p><strong>Typischweise sind die Schmerzen am st\u00e4rksten, wenn Sie nach einer Pause oder Nachtruhe wieder anfangen zu laufen.<\/strong><\/p>\n<p>Gelegentlich k\u00f6nnen Sie nicht einmal mehr normale Schuhe tragen. Die Reizung des Schleimbeutels kann auch durch einen prominenten Knochenvorsprung am Fersenbein hervorgerufen werden, die so genannte \u201eHaglund-Exostose\u201c.<\/p>\n<p>Die Behandlung umfasst: Ruhe, keine Aktivit\u00e4ten mehr, Dehnungs\u00fcbungen, entz\u00fcndungshemmende Medikamente und das Tragen von hinten offenen Schuhen. Au\u00dferdem sehr erfolgreich:<\/p>\n<ul>\n<li>Dehnen der Achillessehne und der Sehne des Gro\u00dfzehenbeugers sowie der ischiocruralen Muskulatur<\/li>\n<li>Sie sollten den Abschwellungsprozess mit Medikamenten unterst\u00fctzen<\/li>\n<li>Eispackungen sowie lokale Salbenverb\u00e4nde sind eventuell eine sinnvolle Erg\u00e4nzung zur Abschwellung.<\/li>\n<\/ul>\n<p>Auch hier kann m\u00f6glicherweise die konservative Therapie nicht den gew\u00fcnschten Erfolg erbringen. Es muss dann die Indikation einer operativen Ma\u00dfnahme \u00fcberpr\u00fcft werden. Auch hier gilt es durch eine dreidimensionale Bildgebung das Ausma\u00df der Verkn\u00f6cherung und eventuell bestehender intratendin\u00f6ser Verletzungen festzustellen. Die ist ma\u00dfgebend f\u00fcr die OP Methode und das Ausma\u00df einer Operation.<\/p>\n<\/div><\/section>\n\n","protected":false},"excerpt":{"rendered":"","protected":false},"author":1,"featured_media":0,"parent":1294,"menu_order":0,"comment_status":"closed","ping_status":"closed","template":"","meta":{"footnotes":""},"class_list":["post-1352","page","type-page","status-publish","hentry"],"yoast_head":"<!-- This site is optimized with the Yoast SEO plugin v27.3 - https:\/\/yoast.com\/product\/yoast-seo-wordpress\/ -->\n<title>Fersenschmerzen - MVZ Wiesbaden<\/title>\n<meta name=\"robots\" content=\"index, follow, max-snippet:-1, max-image-preview:large, max-video-preview:-1\" \/>\n<link rel=\"canonical\" href=\"https:\/\/atos-mvz.de\/wiesbaden\/bereiche\/fuss\/fersenschmerzen\/\" \/>\n<meta property=\"og:locale\" content=\"de_DE\" \/>\n<meta property=\"og:type\" content=\"article\" \/>\n<meta property=\"og:title\" content=\"Fersenschmerzen - MVZ Wiesbaden\" \/>\n<meta property=\"og:url\" content=\"https:\/\/atos-mvz.de\/wiesbaden\/bereiche\/fuss\/fersenschmerzen\/\" \/>\n<meta property=\"og:site_name\" content=\"MVZ Wiesbaden\" \/>\n<meta property=\"og:image\" content=\"https:\/\/atos-mvz.de\/wiesbaden\/wp-content\/uploads\/sites\/22\/2023\/09\/fersensporn-2-300x168.jpg\" \/>\n<meta name=\"twitter:card\" content=\"summary_large_image\" \/>\n<script type=\"application\/ld+json\" class=\"yoast-schema-graph\">{\"@context\":\"https:\\\/\\\/schema.org\",\"@graph\":[{\"@type\":\"WebPage\",\"@id\":\"https:\\\/\\\/atos-mvz.de\\\/wiesbaden\\\/bereiche\\\/fuss\\\/fersenschmerzen\\\/\",\"url\":\"https:\\\/\\\/atos-mvz.de\\\/wiesbaden\\\/bereiche\\\/fuss\\\/fersenschmerzen\\\/\",\"name\":\"Fersenschmerzen - MVZ Wiesbaden\",\"isPartOf\":{\"@id\":\"https:\\\/\\\/atos-mvz.de\\\/wiesbaden\\\/#website\"},\"primaryImageOfPage\":{\"@id\":\"https:\\\/\\\/atos-mvz.de\\\/wiesbaden\\\/bereiche\\\/fuss\\\/fersenschmerzen\\\/#primaryimage\"},\"image\":{\"@id\":\"https:\\\/\\\/atos-mvz.de\\\/wiesbaden\\\/bereiche\\\/fuss\\\/fersenschmerzen\\\/#primaryimage\"},\"thumbnailUrl\":\"https:\\\/\\\/atos-mvz.de\\\/wiesbaden\\\/wp-content\\\/uploads\\\/sites\\\/22\\\/2023\\\/09\\\/fersensporn-2-300x168.jpg\",\"datePublished\":\"2023-09-12T14:13:04+00:00\",\"breadcrumb\":{\"@id\":\"https:\\\/\\\/atos-mvz.de\\\/wiesbaden\\\/bereiche\\\/fuss\\\/fersenschmerzen\\\/#breadcrumb\"},\"inLanguage\":\"de\",\"potentialAction\":[{\"@type\":\"ReadAction\",\"target\":[\"https:\\\/\\\/atos-mvz.de\\\/wiesbaden\\\/bereiche\\\/fuss\\\/fersenschmerzen\\\/\"]}]},{\"@type\":\"ImageObject\",\"inLanguage\":\"de\",\"@id\":\"https:\\\/\\\/atos-mvz.de\\\/wiesbaden\\\/bereiche\\\/fuss\\\/fersenschmerzen\\\/#primaryimage\",\"url\":\"https:\\\/\\\/atos-mvz.de\\\/wiesbaden\\\/wp-content\\\/uploads\\\/sites\\\/22\\\/2023\\\/09\\\/fersensporn-2.jpg\",\"contentUrl\":\"https:\\\/\\\/atos-mvz.de\\\/wiesbaden\\\/wp-content\\\/uploads\\\/sites\\\/22\\\/2023\\\/09\\\/fersensporn-2.jpg\",\"width\":581,\"height\":326,\"caption\":\"Gro\u00dfer Fersensporn\"},{\"@type\":\"BreadcrumbList\",\"@id\":\"https:\\\/\\\/atos-mvz.de\\\/wiesbaden\\\/bereiche\\\/fuss\\\/fersenschmerzen\\\/#breadcrumb\",\"itemListElement\":[{\"@type\":\"ListItem\",\"position\":1,\"name\":\"Startseite\",\"item\":\"https:\\\/\\\/atos-mvz.de\\\/wiesbaden\\\/startseite\\\/\"},{\"@type\":\"ListItem\",\"position\":2,\"name\":\"Bereiche\",\"item\":\"https:\\\/\\\/atos-mvz.de\\\/wiesbaden\\\/bereiche\\\/\"},{\"@type\":\"ListItem\",\"position\":3,\"name\":\"Fu\u00df\",\"item\":\"https:\\\/\\\/atos-mvz.de\\\/wiesbaden\\\/bereiche\\\/fuss\\\/\"},{\"@type\":\"ListItem\",\"position\":4,\"name\":\"Fersenschmerzen\"}]},{\"@type\":\"WebSite\",\"@id\":\"https:\\\/\\\/atos-mvz.de\\\/wiesbaden\\\/#website\",\"url\":\"https:\\\/\\\/atos-mvz.de\\\/wiesbaden\\\/\",\"name\":\"MVZ Wiesbaden\",\"description\":\"\",\"potentialAction\":[{\"@type\":\"SearchAction\",\"target\":{\"@type\":\"EntryPoint\",\"urlTemplate\":\"https:\\\/\\\/atos-mvz.de\\\/wiesbaden\\\/?s={search_term_string}\"},\"query-input\":{\"@type\":\"PropertyValueSpecification\",\"valueRequired\":true,\"valueName\":\"search_term_string\"}}],\"inLanguage\":\"de\"}]}<\/script>\n<!-- \/ Yoast SEO plugin. -->","yoast_head_json":{"title":"Fersenschmerzen - MVZ Wiesbaden","robots":{"index":"index","follow":"follow","max-snippet":"max-snippet:-1","max-image-preview":"max-image-preview:large","max-video-preview":"max-video-preview:-1"},"canonical":"https:\/\/atos-mvz.de\/wiesbaden\/bereiche\/fuss\/fersenschmerzen\/","og_locale":"de_DE","og_type":"article","og_title":"Fersenschmerzen - MVZ Wiesbaden","og_url":"https:\/\/atos-mvz.de\/wiesbaden\/bereiche\/fuss\/fersenschmerzen\/","og_site_name":"MVZ Wiesbaden","og_image":[{"url":"https:\/\/atos-mvz.de\/wiesbaden\/wp-content\/uploads\/sites\/22\/2023\/09\/fersensporn-2-300x168.jpg","type":"","width":"","height":""}],"twitter_card":"summary_large_image","schema":{"@context":"https:\/\/schema.org","@graph":[{"@type":"WebPage","@id":"https:\/\/atos-mvz.de\/wiesbaden\/bereiche\/fuss\/fersenschmerzen\/","url":"https:\/\/atos-mvz.de\/wiesbaden\/bereiche\/fuss\/fersenschmerzen\/","name":"Fersenschmerzen - MVZ Wiesbaden","isPartOf":{"@id":"https:\/\/atos-mvz.de\/wiesbaden\/#website"},"primaryImageOfPage":{"@id":"https:\/\/atos-mvz.de\/wiesbaden\/bereiche\/fuss\/fersenschmerzen\/#primaryimage"},"image":{"@id":"https:\/\/atos-mvz.de\/wiesbaden\/bereiche\/fuss\/fersenschmerzen\/#primaryimage"},"thumbnailUrl":"https:\/\/atos-mvz.de\/wiesbaden\/wp-content\/uploads\/sites\/22\/2023\/09\/fersensporn-2-300x168.jpg","datePublished":"2023-09-12T14:13:04+00:00","breadcrumb":{"@id":"https:\/\/atos-mvz.de\/wiesbaden\/bereiche\/fuss\/fersenschmerzen\/#breadcrumb"},"inLanguage":"de","potentialAction":[{"@type":"ReadAction","target":["https:\/\/atos-mvz.de\/wiesbaden\/bereiche\/fuss\/fersenschmerzen\/"]}]},{"@type":"ImageObject","inLanguage":"de","@id":"https:\/\/atos-mvz.de\/wiesbaden\/bereiche\/fuss\/fersenschmerzen\/#primaryimage","url":"https:\/\/atos-mvz.de\/wiesbaden\/wp-content\/uploads\/sites\/22\/2023\/09\/fersensporn-2.jpg","contentUrl":"https:\/\/atos-mvz.de\/wiesbaden\/wp-content\/uploads\/sites\/22\/2023\/09\/fersensporn-2.jpg","width":581,"height":326,"caption":"Gro\u00dfer Fersensporn"},{"@type":"BreadcrumbList","@id":"https:\/\/atos-mvz.de\/wiesbaden\/bereiche\/fuss\/fersenschmerzen\/#breadcrumb","itemListElement":[{"@type":"ListItem","position":1,"name":"Startseite","item":"https:\/\/atos-mvz.de\/wiesbaden\/startseite\/"},{"@type":"ListItem","position":2,"name":"Bereiche","item":"https:\/\/atos-mvz.de\/wiesbaden\/bereiche\/"},{"@type":"ListItem","position":3,"name":"Fu\u00df","item":"https:\/\/atos-mvz.de\/wiesbaden\/bereiche\/fuss\/"},{"@type":"ListItem","position":4,"name":"Fersenschmerzen"}]},{"@type":"WebSite","@id":"https:\/\/atos-mvz.de\/wiesbaden\/#website","url":"https:\/\/atos-mvz.de\/wiesbaden\/","name":"MVZ Wiesbaden","description":"","potentialAction":[{"@type":"SearchAction","target":{"@type":"EntryPoint","urlTemplate":"https:\/\/atos-mvz.de\/wiesbaden\/?s={search_term_string}"},"query-input":{"@type":"PropertyValueSpecification","valueRequired":true,"valueName":"search_term_string"}}],"inLanguage":"de"}]}},"_links":{"self":[{"href":"https:\/\/atos-mvz.de\/wiesbaden\/wp-json\/wp\/v2\/pages\/1352","targetHints":{"allow":["GET"]}}],"collection":[{"href":"https:\/\/atos-mvz.de\/wiesbaden\/wp-json\/wp\/v2\/pages"}],"about":[{"href":"https:\/\/atos-mvz.de\/wiesbaden\/wp-json\/wp\/v2\/types\/page"}],"author":[{"embeddable":true,"href":"https:\/\/atos-mvz.de\/wiesbaden\/wp-json\/wp\/v2\/users\/1"}],"replies":[{"embeddable":true,"href":"https:\/\/atos-mvz.de\/wiesbaden\/wp-json\/wp\/v2\/comments?post=1352"}],"version-history":[{"count":2,"href":"https:\/\/atos-mvz.de\/wiesbaden\/wp-json\/wp\/v2\/pages\/1352\/revisions"}],"predecessor-version":[{"id":1356,"href":"https:\/\/atos-mvz.de\/wiesbaden\/wp-json\/wp\/v2\/pages\/1352\/revisions\/1356"}],"up":[{"embeddable":true,"href":"https:\/\/atos-mvz.de\/wiesbaden\/wp-json\/wp\/v2\/pages\/1294"}],"wp:attachment":[{"href":"https:\/\/atos-mvz.de\/wiesbaden\/wp-json\/wp\/v2\/media?parent=1352"}],"curies":[{"name":"wp","href":"https:\/\/api.w.org\/{rel}","templated":true}]}}