{"id":1329,"date":"2023-09-12T15:39:00","date_gmt":"2023-09-12T13:39:00","guid":{"rendered":"https:\/\/atos-mvz.de\/wiesbaden\/?page_id=1329"},"modified":"2023-09-12T15:39:53","modified_gmt":"2023-09-12T13:39:53","slug":"hallux-rigidus-2","status":"publish","type":"page","link":"https:\/\/atos-mvz.de\/wiesbaden\/bereiche\/fuss\/hallux-rigidus-2\/","title":{"rendered":"Hallux rigidus"},"content":{"rendered":"\n<style type=\"text\/css\" data-created_by=\"avia_inline_auto\" id=\"style-css-av-ak2igx-7d0a4d5bf61ae27897db68f725191866\">\n.avia-section.av-ak2igx-7d0a4d5bf61ae27897db68f725191866{\nbackground-repeat:no-repeat;\nbackground-image:url(https:\/\/atos-mvz.de\/wiesbaden\/wp-content\/uploads\/sites\/22\/2021\/01\/Fussschmerzen_1700x600.jpg);\nbackground-position:50% 50%;\nbackground-attachment:scroll;\n}\n.avia-section.av-ak2igx-7d0a4d5bf61ae27897db68f725191866 .av-extra-border-element .av-extra-border-inner{\nbackground-color:#ffffff;\n}\n<\/style>\n<div id='header-img'  class='avia-section av-ak2igx-7d0a4d5bf61ae27897db68f725191866 main_color avia-section-huge avia-no-border-styling  avia-builder-el-0  el_before_av_section  avia-builder-el-first  avia-full-stretch avia-bg-style-scroll container_wrap fullsize'  data-section-bg-repeat='stretch'><div class='container av-section-cont-open' ><main  role=\"main\" itemprop=\"mainContentOfPage\"  class='template-page content  av-content-full alpha units'><div class='post-entry post-entry-type-page post-entry-1329'><div class='entry-content-wrapper clearfix'>\n\n<style type=\"text\/css\" data-created_by=\"avia_inline_auto\" id=\"style-css-av-96fthd-ea128c21744d1baefef0c0d20eeea8fc\">\n#top .hr.hr-invisible.av-96fthd-ea128c21744d1baefef0c0d20eeea8fc{\nheight:100px;\n}\n<\/style>\n<div  class='hr av-96fthd-ea128c21744d1baefef0c0d20eeea8fc hr-invisible  avia-builder-el-1  avia-builder-el-no-sibling '><span class='hr-inner '><span class=\"hr-inner-style\"><\/span><\/span><\/div>\n\n<\/div><\/div><\/main><!-- close content main element --><\/div><div class='av-extra-border-element border-extra-diagonal border-extra-diagonal-inverse '><div class='av-extra-border-outer'><div class='av-extra-border-inner'><\/div><\/div><\/div><\/div>\n<style type=\"text\/css\" data-created_by=\"avia_inline_auto\" id=\"style-css-av-7rhyyp-a7a483833c8714f51375e5d21b23e6ff\">\n.avia-section.av-7rhyyp-a7a483833c8714f51375e5d21b23e6ff .av-extra-border-element .av-extra-border-inner{\nbackground-color:#f1f0f5;\n}\n<\/style>\n<div id='av_section_2'  class='avia-section av-7rhyyp-a7a483833c8714f51375e5d21b23e6ff main_color avia-section-large avia-no-border-styling  avia-builder-el-2  el_after_av_section  avia-builder-el-last  small-container avia-bg-style-scroll container_wrap fullsize'  ><div class='container av-section-cont-open' ><div class='template-page content  av-content-full alpha units'><div class='post-entry post-entry-type-page post-entry-1329'><div class='entry-content-wrapper clearfix'>\n<section  class='av_textblock_section av-lmgcqrsd-72f8538ac7bb9a520032ba69343a0840 '   itemscope=\"itemscope\" itemtype=\"https:\/\/schema.org\/CreativeWork\" ><div class='avia_textblock'  itemprop=\"text\" ><h1><strong>Hallux rigidus<br \/>\n<\/strong><\/h1>\n<p>Gro\u00dfzehengrundgelenksteifigkeit &#8211; Verschlei\u00df des Gro\u00dfzehengrundgelenkes &#8211; Arthrose<\/p>\n<\/div><\/section>\n\n<style type=\"text\/css\" data-created_by=\"avia_inline_auto\" id=\"style-css-av-5fehrl-7cd3bdff0068fa11ab1942026b90a67f\">\n#top .hr.av-5fehrl-7cd3bdff0068fa11ab1942026b90a67f{\nmargin-top:0;\nmargin-bottom:30px;\n}\n.hr.av-5fehrl-7cd3bdff0068fa11ab1942026b90a67f .hr-inner{\nwidth:100%;\nborder-color:#f1f0f5;\n}\n<\/style>\n<div  class='hr av-5fehrl-7cd3bdff0068fa11ab1942026b90a67f hr-custom  avia-builder-el-4  el_after_av_textblock  el_before_av_textblock  hr-center hr-icon-no'><span class='hr-inner inner-border-av-border-thin'><span class=\"hr-inner-style\"><\/span><\/span><\/div>\n<section  class='av_textblock_section av-lmgctjoz-067517a7d18d88abfe3037c5245a128b '   itemscope=\"itemscope\" itemtype=\"https:\/\/schema.org\/CreativeWork\" ><div class='avia_textblock'  itemprop=\"text\" ><h2><strong>Behandlungsm\u00f6glichkeiten<\/strong><\/h2>\n<p>Eine Arthrose des Gro\u00dfzehengrundgelenkes bedeutet, dass ein Verschlei\u00df des Gelenkknorpels, d.h. eine zunehmende Abnutzung des Knorpels vorliegt. Dies kann fr\u00fcher oder sp\u00e4ter zu Schmerzen im Gro\u00dfzehengrundgelenk f\u00fchren \u2013anfangs bei Belastung im Sinne eines Anlaufschmerzes oder nach l\u00e4ngerer<br \/>\nGehstrecke, sp\u00e4ter auch in Ruhe. Hinzu kommt eine Abnahme der Beweglichkeit des Gelenkes, so dass das Abrollen \u00fcber den Ballen schmerzhaft eingeschr\u00e4nkt ist.<\/p>\n<div id=\"attachment_1268\" style=\"width: 310px\" class=\"wp-caption alignright\"><img loading=\"lazy\" decoding=\"async\" aria-describedby=\"caption-attachment-1268\" class=\"size-medium wp-image-1268\" src=\"https:\/\/atos-mvz.de\/wiesbaden\/wp-content\/uploads\/sites\/22\/2023\/09\/einlagen-300x216.jpeg\" alt=\"\" width=\"300\" height=\"216\" srcset=\"https:\/\/atos-mvz.de\/wiesbaden\/wp-content\/uploads\/sites\/22\/2023\/09\/einlagen-300x216.jpeg 300w, https:\/\/atos-mvz.de\/wiesbaden\/wp-content\/uploads\/sites\/22\/2023\/09\/einlagen.jpeg 600w\" sizes=\"auto, (max-width: 300px) 100vw, 300px\" \/><p id=\"caption-attachment-1268\" class=\"wp-caption-text\">Einlage mit \u201eRigidusfeder\u201c kann im Anfangsstadium helfen.<\/p><\/div>\n<p>Im Anfangsstadium kann eine Einlagenversorgung und eine Schuhzurichtung die Belastung des Gelenkes reduzieren und Linderung verschaffen bzw. das Fortschreiten des Verschlei\u00dfes verlangsamen.<\/p>\n<p>Bei fortgeschrittenen Stadien mit bereits vorliegender Bewegungseinschr\u00e4nkung im Gro\u00dfzehengrundgelenk kann ein operativer Eingriff ratsam sein.<\/p>\n<p>Prinzipiell empfehlen wir meist zun\u00e4chst einen gelenkerhaltenden Eingriff, um den Bewegungsablauf beim Laufen zu erhalten\/ zu verbessern. Hierbei werden neugebildete Knochenanlagerungen entfernt (Cheilektomie) und durch einen zus\u00e4tzlichen Weichteileingriff die Beweglichkeit verbessert. Au\u00dferdem kann durch eine Knochenkeilentnahme am Gro\u00dfzehengrundglied (OP nach Moberg) das Abrollen erleichtert werden. Welche Technik zur Anwendung kommt ist abh\u00e4ngig von der Stellung der Gelenkfl\u00e4chen und dem Arthrosestatus.<\/p>\n<p>Wenn das Gelenk nicht mehr erhalten werden kann, k\u00f6nnen die Gelenkversteifung oder die Gelenkentfernung durchgef\u00fchrt werden.<\/p>\n<div id=\"attachment_1330\" style=\"width: 310px\" class=\"wp-caption alignleft\"><img loading=\"lazy\" decoding=\"async\" aria-describedby=\"caption-attachment-1330\" class=\"size-medium wp-image-1330\" src=\"https:\/\/atos-mvz.de\/wiesbaden\/wp-content\/uploads\/sites\/22\/2023\/09\/cheilektomie-moberg1-300x215.png\" alt=\"\" width=\"300\" height=\"215\" srcset=\"https:\/\/atos-mvz.de\/wiesbaden\/wp-content\/uploads\/sites\/22\/2023\/09\/cheilektomie-moberg1-300x215.png 300w, https:\/\/atos-mvz.de\/wiesbaden\/wp-content\/uploads\/sites\/22\/2023\/09\/cheilektomie-moberg1-260x185.png 260w, https:\/\/atos-mvz.de\/wiesbaden\/wp-content\/uploads\/sites\/22\/2023\/09\/cheilektomie-moberg1.png 613w\" sizes=\"auto, (max-width: 300px) 100vw, 300px\" \/><p id=\"caption-attachment-1330\" class=\"wp-caption-text\">Nach Cheilektomie und<br \/>Moberg<\/p><\/div>\n<p><img loading=\"lazy\" decoding=\"async\" class=\"size-medium wp-image-1331 alignleft\" src=\"https:\/\/atos-mvz.de\/wiesbaden\/wp-content\/uploads\/sites\/22\/2023\/09\/cheilektomie-moberg2-300x188.png\" alt=\"\" width=\"300\" height=\"188\" srcset=\"https:\/\/atos-mvz.de\/wiesbaden\/wp-content\/uploads\/sites\/22\/2023\/09\/cheilektomie-moberg2-300x188.png 300w, https:\/\/atos-mvz.de\/wiesbaden\/wp-content\/uploads\/sites\/22\/2023\/09\/cheilektomie-moberg2.png 552w\" sizes=\"auto, (max-width: 300px) 100vw, 300px\" \/><\/p>\n<\/div><\/section>\n\n<style type=\"text\/css\" data-created_by=\"avia_inline_auto\" id=\"style-css-av-3rhn5t-dca76160255053a1e96290fdd765bcfb\">\n#top .hr.av-3rhn5t-dca76160255053a1e96290fdd765bcfb{\nmargin-top:20px;\nmargin-bottom:30px;\n}\n.hr.av-3rhn5t-dca76160255053a1e96290fdd765bcfb .hr-inner{\nwidth:100%;\nborder-color:#f1f0f5;\n}\n<\/style>\n<div  class='hr av-3rhn5t-dca76160255053a1e96290fdd765bcfb hr-custom  avia-builder-el-6  el_after_av_textblock  el_before_av_textblock  hr-center hr-icon-no'><span class='hr-inner inner-border-av-border-thin'><span class=\"hr-inner-style\"><\/span><\/span><\/div>\n<section  class='av_textblock_section av-lmgcypob-bb3d65fbca5d1985dbe0513bbdfc61f3 '   itemscope=\"itemscope\" itemtype=\"https:\/\/schema.org\/CreativeWork\" ><div class='avia_textblock'  itemprop=\"text\" ><h2><strong>Versteifung des Gelenks (Arthrodese)<\/strong><\/h2>\n<p><strong>Es gibt gelenkerhaltende Verfahren, versteifende Verfahren und einen Gelenkersatz.<\/strong><\/p>\n<p>Bei dieser Technik wird die erkrankte Gelenkoberfl\u00e4che entfernt und die Knochenenden durch Schrauben, Pl\u00e4ttchen oder Dr\u00e4hte in einer so genannten Funktionsstellung aufeinander gepresst, bis sie zusammenwachsen. Eine Arthrodese kommt in Frage bei sehr schweren Fehlstellungen, ausgepr\u00e4gter Gelenkzerst\u00f6rung durch Arthrose, Rheuma oder als R\u00fcckzugsoperation, wenn andere OP-Verfahren versagt haben.<\/p>\n<\/div><\/section>\n\n<style type=\"text\/css\" data-created_by=\"avia_inline_auto\" id=\"style-css-av-21nrzl-f024517e6f4cc1e015dbf77efbf5ac61\">\n#top .hr.av-21nrzl-f024517e6f4cc1e015dbf77efbf5ac61{\nmargin-top:20px;\nmargin-bottom:30px;\n}\n.hr.av-21nrzl-f024517e6f4cc1e015dbf77efbf5ac61 .hr-inner{\nwidth:100%;\nborder-color:#f1f0f5;\n}\n<\/style>\n<div  class='hr av-21nrzl-f024517e6f4cc1e015dbf77efbf5ac61 hr-custom  avia-builder-el-8  el_after_av_textblock  el_before_av_textblock  hr-center hr-icon-no'><span class='hr-inner inner-border-av-border-thin'><span class=\"hr-inner-style\"><\/span><\/span><\/div>\n<section  class='av_textblock_section av-lmgcz0fe-53ead759234de20f61344da4d0aef19c '   itemscope=\"itemscope\" itemtype=\"https:\/\/schema.org\/CreativeWork\" ><div class='avia_textblock'  itemprop=\"text\" ><h2><strong>Resektionsarthroplastik<\/strong><\/h2>\n<p>Eine der beiden erkrankten Gelenkfl\u00e4chen wird entfernt (entweder das K\u00f6pfchen des Mittelfu\u00dfknochens = OP nach Hueter-Mayo, oder die Basis des Grundgelenks = OP nach Keller-Brandes). Diese Technik ist noch sinnvoll bei \u00e4lteren Patienten, wenn schon ein fortgeschrittener Gelenkverschlei\u00df vorliegt und die Fehlstellung nicht sehr ausgepr\u00e4gt ist. Mechanisch wird ein flexibles Narbengelenk geschaffen.<\/p>\n<p>Aus unserer Sicht bleiben diese Verfahren aufgrund des erheblichen Eingriffes in die Biomechanik des Fusses eine R\u00fcckzugsm\u00f6glichkeit.<\/p>\n<p>Der Ersatz durch ein Kunstgelenk wird in einigen wenigen Kliniken durchgef\u00fchrt, wobei Langzeiterfahrungen ausstehen und die bisherigen Ergebnisse \u00fcberwiegend nicht zufriedenstellend sind. Daher werden sie in unserer Klinik nicht durchgef\u00fchrt.<\/p>\n<p>Welche Operation in Ihrem speziellen Fall durchgef\u00fchrt werden kann, erl\u00e4utert Ihnen Ihr Arzt.<\/p>\n<\/div><\/section>\n\n","protected":false},"excerpt":{"rendered":"","protected":false},"author":1,"featured_media":0,"parent":1294,"menu_order":0,"comment_status":"closed","ping_status":"closed","template":"","meta":{"footnotes":""},"class_list":["post-1329","page","type-page","status-publish","hentry"],"yoast_head":"<!-- This site is optimized with the Yoast SEO plugin v27.2 - https:\/\/yoast.com\/product\/yoast-seo-wordpress\/ -->\n<title>Hallux rigidus - MVZ Wiesbaden<\/title>\n<meta name=\"robots\" content=\"index, follow, max-snippet:-1, max-image-preview:large, max-video-preview:-1\" \/>\n<link rel=\"canonical\" href=\"https:\/\/atos-mvz.de\/wiesbaden\/bereiche\/fuss\/hallux-rigidus-2\/\" \/>\n<meta property=\"og:locale\" content=\"de_DE\" \/>\n<meta property=\"og:type\" content=\"article\" \/>\n<meta property=\"og:title\" content=\"Hallux rigidus - MVZ Wiesbaden\" \/>\n<meta property=\"og:url\" content=\"https:\/\/atos-mvz.de\/wiesbaden\/bereiche\/fuss\/hallux-rigidus-2\/\" \/>\n<meta property=\"og:site_name\" content=\"MVZ Wiesbaden\" \/>\n<meta property=\"article:modified_time\" content=\"2023-09-12T13:39:53+00:00\" \/>\n<meta property=\"og:image\" content=\"https:\/\/atos-mvz.de\/wiesbaden\/wp-content\/uploads\/sites\/22\/2023\/09\/einlagen-300x216.jpeg\" \/>\n<meta name=\"twitter:card\" content=\"summary_large_image\" \/>\n<script type=\"application\/ld+json\" class=\"yoast-schema-graph\">{\"@context\":\"https:\/\/schema.org\",\"@graph\":[{\"@type\":\"WebPage\",\"@id\":\"https:\/\/atos-mvz.de\/wiesbaden\/bereiche\/fuss\/hallux-rigidus-2\/\",\"url\":\"https:\/\/atos-mvz.de\/wiesbaden\/bereiche\/fuss\/hallux-rigidus-2\/\",\"name\":\"Hallux rigidus - MVZ Wiesbaden\",\"isPartOf\":{\"@id\":\"https:\/\/atos-mvz.de\/wiesbaden\/#website\"},\"primaryImageOfPage\":{\"@id\":\"https:\/\/atos-mvz.de\/wiesbaden\/bereiche\/fuss\/hallux-rigidus-2\/#primaryimage\"},\"image\":{\"@id\":\"https:\/\/atos-mvz.de\/wiesbaden\/bereiche\/fuss\/hallux-rigidus-2\/#primaryimage\"},\"thumbnailUrl\":\"https:\/\/atos-mvz.de\/wiesbaden\/wp-content\/uploads\/sites\/22\/2023\/09\/einlagen-300x216.jpeg\",\"datePublished\":\"2023-09-12T13:39:00+00:00\",\"dateModified\":\"2023-09-12T13:39:53+00:00\",\"breadcrumb\":{\"@id\":\"https:\/\/atos-mvz.de\/wiesbaden\/bereiche\/fuss\/hallux-rigidus-2\/#breadcrumb\"},\"inLanguage\":\"de\",\"potentialAction\":[{\"@type\":\"ReadAction\",\"target\":[\"https:\/\/atos-mvz.de\/wiesbaden\/bereiche\/fuss\/hallux-rigidus-2\/\"]}]},{\"@type\":\"ImageObject\",\"inLanguage\":\"de\",\"@id\":\"https:\/\/atos-mvz.de\/wiesbaden\/bereiche\/fuss\/hallux-rigidus-2\/#primaryimage\",\"url\":\"https:\/\/atos-mvz.de\/wiesbaden\/wp-content\/uploads\/sites\/22\/2023\/09\/einlagen-300x216.jpeg\",\"contentUrl\":\"https:\/\/atos-mvz.de\/wiesbaden\/wp-content\/uploads\/sites\/22\/2023\/09\/einlagen-300x216.jpeg\"},{\"@type\":\"BreadcrumbList\",\"@id\":\"https:\/\/atos-mvz.de\/wiesbaden\/bereiche\/fuss\/hallux-rigidus-2\/#breadcrumb\",\"itemListElement\":[{\"@type\":\"ListItem\",\"position\":1,\"name\":\"Startseite\",\"item\":\"https:\/\/atos-mvz.de\/wiesbaden\/startseite\/\"},{\"@type\":\"ListItem\",\"position\":2,\"name\":\"Bereiche\",\"item\":\"https:\/\/atos-mvz.de\/wiesbaden\/bereiche\/\"},{\"@type\":\"ListItem\",\"position\":3,\"name\":\"Fu\u00df\",\"item\":\"https:\/\/atos-mvz.de\/wiesbaden\/bereiche\/fuss\/\"},{\"@type\":\"ListItem\",\"position\":4,\"name\":\"Hallux rigidus\"}]},{\"@type\":\"WebSite\",\"@id\":\"https:\/\/atos-mvz.de\/wiesbaden\/#website\",\"url\":\"https:\/\/atos-mvz.de\/wiesbaden\/\",\"name\":\"MVZ Wiesbaden\",\"description\":\"\",\"potentialAction\":[{\"@type\":\"SearchAction\",\"target\":{\"@type\":\"EntryPoint\",\"urlTemplate\":\"https:\/\/atos-mvz.de\/wiesbaden\/?s={search_term_string}\"},\"query-input\":{\"@type\":\"PropertyValueSpecification\",\"valueRequired\":true,\"valueName\":\"search_term_string\"}}],\"inLanguage\":\"de\"}]}<\/script>\n<!-- \/ Yoast SEO plugin. -->","yoast_head_json":{"title":"Hallux rigidus - MVZ Wiesbaden","robots":{"index":"index","follow":"follow","max-snippet":"max-snippet:-1","max-image-preview":"max-image-preview:large","max-video-preview":"max-video-preview:-1"},"canonical":"https:\/\/atos-mvz.de\/wiesbaden\/bereiche\/fuss\/hallux-rigidus-2\/","og_locale":"de_DE","og_type":"article","og_title":"Hallux rigidus - MVZ Wiesbaden","og_url":"https:\/\/atos-mvz.de\/wiesbaden\/bereiche\/fuss\/hallux-rigidus-2\/","og_site_name":"MVZ Wiesbaden","article_modified_time":"2023-09-12T13:39:53+00:00","og_image":[{"url":"https:\/\/atos-mvz.de\/wiesbaden\/wp-content\/uploads\/sites\/22\/2023\/09\/einlagen-300x216.jpeg","type":"","width":"","height":""}],"twitter_card":"summary_large_image","schema":{"@context":"https:\/\/schema.org","@graph":[{"@type":"WebPage","@id":"https:\/\/atos-mvz.de\/wiesbaden\/bereiche\/fuss\/hallux-rigidus-2\/","url":"https:\/\/atos-mvz.de\/wiesbaden\/bereiche\/fuss\/hallux-rigidus-2\/","name":"Hallux rigidus - MVZ Wiesbaden","isPartOf":{"@id":"https:\/\/atos-mvz.de\/wiesbaden\/#website"},"primaryImageOfPage":{"@id":"https:\/\/atos-mvz.de\/wiesbaden\/bereiche\/fuss\/hallux-rigidus-2\/#primaryimage"},"image":{"@id":"https:\/\/atos-mvz.de\/wiesbaden\/bereiche\/fuss\/hallux-rigidus-2\/#primaryimage"},"thumbnailUrl":"https:\/\/atos-mvz.de\/wiesbaden\/wp-content\/uploads\/sites\/22\/2023\/09\/einlagen-300x216.jpeg","datePublished":"2023-09-12T13:39:00+00:00","dateModified":"2023-09-12T13:39:53+00:00","breadcrumb":{"@id":"https:\/\/atos-mvz.de\/wiesbaden\/bereiche\/fuss\/hallux-rigidus-2\/#breadcrumb"},"inLanguage":"de","potentialAction":[{"@type":"ReadAction","target":["https:\/\/atos-mvz.de\/wiesbaden\/bereiche\/fuss\/hallux-rigidus-2\/"]}]},{"@type":"ImageObject","inLanguage":"de","@id":"https:\/\/atos-mvz.de\/wiesbaden\/bereiche\/fuss\/hallux-rigidus-2\/#primaryimage","url":"https:\/\/atos-mvz.de\/wiesbaden\/wp-content\/uploads\/sites\/22\/2023\/09\/einlagen-300x216.jpeg","contentUrl":"https:\/\/atos-mvz.de\/wiesbaden\/wp-content\/uploads\/sites\/22\/2023\/09\/einlagen-300x216.jpeg"},{"@type":"BreadcrumbList","@id":"https:\/\/atos-mvz.de\/wiesbaden\/bereiche\/fuss\/hallux-rigidus-2\/#breadcrumb","itemListElement":[{"@type":"ListItem","position":1,"name":"Startseite","item":"https:\/\/atos-mvz.de\/wiesbaden\/startseite\/"},{"@type":"ListItem","position":2,"name":"Bereiche","item":"https:\/\/atos-mvz.de\/wiesbaden\/bereiche\/"},{"@type":"ListItem","position":3,"name":"Fu\u00df","item":"https:\/\/atos-mvz.de\/wiesbaden\/bereiche\/fuss\/"},{"@type":"ListItem","position":4,"name":"Hallux rigidus"}]},{"@type":"WebSite","@id":"https:\/\/atos-mvz.de\/wiesbaden\/#website","url":"https:\/\/atos-mvz.de\/wiesbaden\/","name":"MVZ Wiesbaden","description":"","potentialAction":[{"@type":"SearchAction","target":{"@type":"EntryPoint","urlTemplate":"https:\/\/atos-mvz.de\/wiesbaden\/?s={search_term_string}"},"query-input":{"@type":"PropertyValueSpecification","valueRequired":true,"valueName":"search_term_string"}}],"inLanguage":"de"}]}},"_links":{"self":[{"href":"https:\/\/atos-mvz.de\/wiesbaden\/wp-json\/wp\/v2\/pages\/1329","targetHints":{"allow":["GET"]}}],"collection":[{"href":"https:\/\/atos-mvz.de\/wiesbaden\/wp-json\/wp\/v2\/pages"}],"about":[{"href":"https:\/\/atos-mvz.de\/wiesbaden\/wp-json\/wp\/v2\/types\/page"}],"author":[{"embeddable":true,"href":"https:\/\/atos-mvz.de\/wiesbaden\/wp-json\/wp\/v2\/users\/1"}],"replies":[{"embeddable":true,"href":"https:\/\/atos-mvz.de\/wiesbaden\/wp-json\/wp\/v2\/comments?post=1329"}],"version-history":[{"count":3,"href":"https:\/\/atos-mvz.de\/wiesbaden\/wp-json\/wp\/v2\/pages\/1329\/revisions"}],"predecessor-version":[{"id":2748,"href":"https:\/\/atos-mvz.de\/wiesbaden\/wp-json\/wp\/v2\/pages\/1329\/revisions\/2748"}],"up":[{"embeddable":true,"href":"https:\/\/atos-mvz.de\/wiesbaden\/wp-json\/wp\/v2\/pages\/1294"}],"wp:attachment":[{"href":"https:\/\/atos-mvz.de\/wiesbaden\/wp-json\/wp\/v2\/media?parent=1329"}],"curies":[{"name":"wp","href":"https:\/\/api.w.org\/{rel}","templated":true}]}}