{"id":1282,"date":"2023-09-12T11:54:10","date_gmt":"2023-09-12T09:54:10","guid":{"rendered":"https:\/\/atos-mvz.de\/wiesbaden\/?page_id=1282"},"modified":"2023-09-14T09:18:41","modified_gmt":"2023-09-14T07:18:41","slug":"umstellungsosteotomie-kniegelenk","status":"publish","type":"page","link":"https:\/\/atos-mvz.de\/wiesbaden\/bereiche\/knie\/umstellungsosteotomie-kniegelenk\/","title":{"rendered":"Umstellungsosteotomie am Kniegelenk"},"content":{"rendered":"\n<style type=\"text\/css\" data-created_by=\"avia_inline_auto\" id=\"style-css-av-l3lhpu-2a560c2ae8ff6a95bd0be1636a489675\">\n.avia-section.av-l3lhpu-2a560c2ae8ff6a95bd0be1636a489675{\nbackground-repeat:no-repeat;\nbackground-image:url(https:\/\/atos-mvz.de\/wiesbaden\/wp-content\/uploads\/sites\/22\/2021\/01\/Knieschmerzen_1700x600.jpg);\nbackground-position:50% 50%;\nbackground-attachment:scroll;\n}\n.avia-section.av-l3lhpu-2a560c2ae8ff6a95bd0be1636a489675 .av-extra-border-element .av-extra-border-inner{\nbackground-color:#ffffff;\n}\n<\/style>\n<div id='header-img'  class='avia-section av-l3lhpu-2a560c2ae8ff6a95bd0be1636a489675 main_color avia-section-huge avia-no-border-styling  avia-builder-el-0  el_before_av_section  avia-builder-el-first  avia-full-stretch avia-bg-style-scroll container_wrap fullsize'  data-section-bg-repeat='stretch'><div class='container av-section-cont-open' ><main  role=\"main\" itemprop=\"mainContentOfPage\"  class='template-page content  av-content-full alpha units'><div class='post-entry post-entry-type-page post-entry-1282'><div class='entry-content-wrapper clearfix'>\n\n<style type=\"text\/css\" data-created_by=\"avia_inline_auto\" id=\"style-css-av-ih2ppu-3d876051973ca36684f8fddd1a97deef\">\n#top .hr.hr-invisible.av-ih2ppu-3d876051973ca36684f8fddd1a97deef{\nheight:100px;\n}\n<\/style>\n<div  class='hr av-ih2ppu-3d876051973ca36684f8fddd1a97deef hr-invisible  avia-builder-el-1  avia-builder-el-no-sibling '><span class='hr-inner '><span class=\"hr-inner-style\"><\/span><\/span><\/div>\n\n<\/div><\/div><\/main><!-- close content main element --><\/div><div class='av-extra-border-element border-extra-diagonal border-extra-diagonal-inverse '><div class='av-extra-border-outer'><div class='av-extra-border-inner'><\/div><\/div><\/div><\/div>\n<style type=\"text\/css\" data-created_by=\"avia_inline_auto\" id=\"style-css-av-hwfegi-800874f7b01a701d1c67f4e0eec1ce15\">\n.avia-section.av-hwfegi-800874f7b01a701d1c67f4e0eec1ce15 .av-extra-border-element .av-extra-border-inner{\nbackground-color:#f1f0f5;\n}\n<\/style>\n<div id='av_section_2'  class='avia-section av-hwfegi-800874f7b01a701d1c67f4e0eec1ce15 main_color avia-section-large avia-no-border-styling  avia-builder-el-2  el_after_av_section  avia-builder-el-last  small-container avia-bg-style-scroll container_wrap fullsize'  ><div class='container av-section-cont-open' ><div class='template-page content  av-content-full alpha units'><div class='post-entry post-entry-type-page post-entry-1282'><div class='entry-content-wrapper clearfix'>\n<section  class='av_textblock_section av-lmg4w74e-13e2a5d40bfe51d49405f73e831fe6a8 '   itemscope=\"itemscope\" itemtype=\"https:\/\/schema.org\/CreativeWork\" ><div class='avia_textblock'  itemprop=\"text\" ><h1><strong>Umstellungs\u00adosteotomie am Kniegelenk<br \/>\n<\/strong><\/h1>\n<\/div><\/section>\n\n<style type=\"text\/css\" data-created_by=\"avia_inline_auto\" id=\"style-css-av-fvsaxu-b05431040910d38f5c66638e7c0d55a5\">\n#top .hr.av-fvsaxu-b05431040910d38f5c66638e7c0d55a5{\nmargin-top:0;\nmargin-bottom:30px;\n}\n.hr.av-fvsaxu-b05431040910d38f5c66638e7c0d55a5 .hr-inner{\nwidth:100%;\nborder-color:#f1f0f5;\n}\n<\/style>\n<div  class='hr av-fvsaxu-b05431040910d38f5c66638e7c0d55a5 hr-custom  avia-builder-el-4  el_after_av_textblock  el_before_av_textblock  hr-center hr-icon-no'><span class='hr-inner inner-border-av-border-thin'><span class=\"hr-inner-style\"><\/span><\/span><\/div>\n<section  class='av_textblock_section av-lmg4xh4d-2704229d747b611a7490b5c9565dc0f5 '   itemscope=\"itemscope\" itemtype=\"https:\/\/schema.org\/CreativeWork\" ><div class='avia_textblock'  itemprop=\"text\" ><h2><strong>Operation, warum und wann?<\/strong><\/h2>\n<p><strong>Durch Fehlstellung der Beinachsen wird das Knie ungleichm\u00e4\u00dfig beansprucht.<\/strong><\/p>\n<p>Liegen Fehlstellungen wie ein O-Bein oder ein X-Bein vor, wird das K\u00f6rpergewicht \u00fcber die innere bzw. die \u00e4u\u00dfere Kniegelenksh\u00e4lfte \u00fcbertragen. Dies f\u00fchrt infolge der einseitigen, \u00fcberm\u00e4\u00dfigen Gewichtsbelastung zu einem fr\u00fchzeitigen Verschlei\u00df der betroffenen Knieh\u00e4lfte. Ist die nicht betroffene Knieh\u00e4lfte noch gesund und weist einen guten Knorpel auf, dann kann eine Umstellungsoperation sinnvoll sein. Das hei\u00dft die Knochen- bzw. Tragachse des Beines wird so ver\u00e4ndert, dass das Gewicht auf die gesunde Knieh\u00e4lfte verlagert wird. Beim Gehen wird dann intakter Knorpel belastet und der abgenutzte Anteil schmerzt nicht mehr, weil er nicht mehr belastet wird.<\/p>\n<div id=\"attachment_1283\" style=\"width: 310px\" class=\"wp-caption alignright\"><img loading=\"lazy\" decoding=\"async\" aria-describedby=\"caption-attachment-1283\" class=\"wp-image-1283 size-medium\" src=\"https:\/\/atos-mvz.de\/wiesbaden\/wp-content\/uploads\/sites\/22\/2023\/09\/Knorpelshaden-Knie-300x214.png\" alt=\"\" width=\"300\" height=\"214\" srcset=\"https:\/\/atos-mvz.de\/wiesbaden\/wp-content\/uploads\/sites\/22\/2023\/09\/Knorpelshaden-Knie-300x214.png 300w, https:\/\/atos-mvz.de\/wiesbaden\/wp-content\/uploads\/sites\/22\/2023\/09\/Knorpelshaden-Knie-768x547.png 768w, https:\/\/atos-mvz.de\/wiesbaden\/wp-content\/uploads\/sites\/22\/2023\/09\/Knorpelshaden-Knie-260x185.png 260w, https:\/\/atos-mvz.de\/wiesbaden\/wp-content\/uploads\/sites\/22\/2023\/09\/Knorpelshaden-Knie-705x502.png 705w, https:\/\/atos-mvz.de\/wiesbaden\/wp-content\/uploads\/sites\/22\/2023\/09\/Knorpelshaden-Knie.png 927w\" sizes=\"auto, (max-width: 300px) 100vw, 300px\" \/><p id=\"caption-attachment-1283\" class=\"wp-caption-text\">Knorpelschaden im Knie<\/p><\/div>\n<p>Vor der Operation bedarf es einer sehr genauen Analyse der Fehlstellung, damit die Operation am richtigen Ort (Ober- oder Unterschenkel kniegelenknah) und im richtigen Ausma\u00df erfolgt. Hierzu ist ein R\u00f6ntgenbild des gesamten Beines unter Belastung notwendig, an welchem dann in einer digitalen Planung die Korrektur simuliert werden kann.<\/p>\n<\/div><\/section>\n\n<style type=\"text\/css\" data-created_by=\"avia_inline_auto\" id=\"style-css-av-e9kyua-4210a74050c9dd354b4d4f69d563ccb7\">\n#top .hr.av-e9kyua-4210a74050c9dd354b4d4f69d563ccb7{\nmargin-top:20px;\nmargin-bottom:30px;\n}\n.hr.av-e9kyua-4210a74050c9dd354b4d4f69d563ccb7 .hr-inner{\nwidth:100%;\nborder-color:#f1f0f5;\n}\n<\/style>\n<div  class='hr av-e9kyua-4210a74050c9dd354b4d4f69d563ccb7 hr-custom  avia-builder-el-6  el_after_av_textblock  el_before_av_textblock  hr-center hr-icon-no'><span class='hr-inner inner-border-av-border-thin'><span class=\"hr-inner-style\"><\/span><\/span><\/div>\n<section  class='av_textblock_section av-lmg4xrux-a40c0358e582b0a2ca3219e796bd63df '   itemscope=\"itemscope\" itemtype=\"https:\/\/schema.org\/CreativeWork\" ><div class='avia_textblock'  itemprop=\"text\" ><h2><strong>Wie werden X- und O-Beinfehlstellungen operiert?<\/strong><\/h2>\n<p>Typischerweise werden X-Beinfehlstellungen eher am Oberschenkel, O-Beinfehlstellungen eher am Schienbeinkopf (\u201eHohe Tibiakopfosteotomie HTO\u201c) durchgef\u00fchrt.<\/p>\n<\/div><\/section>\n\n<style type=\"text\/css\" data-created_by=\"avia_inline_auto\" id=\"style-css-av-clirc2-79faeda331c30a00799a239c1c16ecaf\">\n#top .hr.av-clirc2-79faeda331c30a00799a239c1c16ecaf{\nmargin-top:20px;\nmargin-bottom:30px;\n}\n.hr.av-clirc2-79faeda331c30a00799a239c1c16ecaf .hr-inner{\nwidth:100%;\nborder-color:#f1f0f5;\n}\n<\/style>\n<div  class='hr av-clirc2-79faeda331c30a00799a239c1c16ecaf hr-custom  avia-builder-el-8  el_after_av_textblock  el_before_av_textblock  hr-center hr-icon-no'><span class='hr-inner inner-border-av-border-thin'><span class=\"hr-inner-style\"><\/span><\/span><\/div>\n<section  class='av_textblock_section av-lmg4y2sa-8fb630d52e5d21ff22b2c5ab59dcb2ef '   itemscope=\"itemscope\" itemtype=\"https:\/\/schema.org\/CreativeWork\" ><div class='avia_textblock'  itemprop=\"text\" ><h2><strong>Welche Vorteile bringt eine Operation?<\/strong><\/h2>\n<p><strong>Der Patient beh\u00e4lt bei der Operation sein eigenes Knie.<\/strong><\/p>\n<p>Die Operation ist anspruchsvoll, geh\u00f6rt aber zu unseren Routineeingriffen. Sie hat \u2013 vor allem bei Eingriffen am Oberschenkel &#8211; den Nachteil, dass man nach der Operation l\u00e4ngere Zeit an Kr\u00fccken gehen muss. Deshalb wird der Eingriff in der Regel bei \u00e4lteren Patienten oder wenn in den R\u00f6ntgenaufnahmen keinerlei Gelenkspalt mehr vorhanden ist (\u201eKnochen auf Knochen\u201c), nicht mehr vorgenommen. Der Vorteil der Operation besteht darin, dass der Patient sein eigenes Kniegelenk beh\u00e4lt und man Zeit gewinnen kann, bis ein k\u00fcnstliches Gelenk eingesetzt werden muss. Durch die neue Technik des Aufklappens und die Stabilisierung mit winkelstabilen Platten lassen sich exakte Ergebnisse erreichen und bei Operationen am Schienbeinkopf eine rasche Belastbarkeit erzielen.<\/p>\n<\/div><\/section>\n\n","protected":false},"excerpt":{"rendered":"","protected":false},"author":1,"featured_media":0,"parent":1063,"menu_order":0,"comment_status":"closed","ping_status":"closed","template":"","meta":{"footnotes":""},"class_list":["post-1282","page","type-page","status-publish","hentry"],"yoast_head":"<!-- This site is optimized with the Yoast SEO plugin v27.3 - https:\/\/yoast.com\/product\/yoast-seo-wordpress\/ -->\n<title>Umstellungsosteotomie am Kniegelenk - MVZ Wiesbaden<\/title>\n<meta name=\"robots\" content=\"index, follow, max-snippet:-1, max-image-preview:large, max-video-preview:-1\" \/>\n<link rel=\"canonical\" href=\"https:\/\/atos-mvz.de\/wiesbaden\/bereiche\/knie\/umstellungsosteotomie-kniegelenk\/\" \/>\n<meta property=\"og:locale\" content=\"de_DE\" \/>\n<meta property=\"og:type\" content=\"article\" \/>\n<meta property=\"og:title\" content=\"Umstellungsosteotomie am Kniegelenk - MVZ Wiesbaden\" \/>\n<meta property=\"og:url\" content=\"https:\/\/atos-mvz.de\/wiesbaden\/bereiche\/knie\/umstellungsosteotomie-kniegelenk\/\" \/>\n<meta property=\"og:site_name\" content=\"MVZ Wiesbaden\" \/>\n<meta property=\"article:modified_time\" content=\"2023-09-14T07:18:41+00:00\" \/>\n<meta property=\"og:image\" content=\"https:\/\/atos-mvz.de\/wiesbaden\/wp-content\/uploads\/sites\/22\/2023\/09\/Knorpelshaden-Knie-300x214.png\" \/>\n<meta name=\"twitter:card\" content=\"summary_large_image\" \/>\n<script type=\"application\/ld+json\" class=\"yoast-schema-graph\">{\"@context\":\"https:\\\/\\\/schema.org\",\"@graph\":[{\"@type\":\"WebPage\",\"@id\":\"https:\\\/\\\/atos-mvz.de\\\/wiesbaden\\\/bereiche\\\/knie\\\/umstellungsosteotomie-kniegelenk\\\/\",\"url\":\"https:\\\/\\\/atos-mvz.de\\\/wiesbaden\\\/bereiche\\\/knie\\\/umstellungsosteotomie-kniegelenk\\\/\",\"name\":\"Umstellungsosteotomie am Kniegelenk - MVZ Wiesbaden\",\"isPartOf\":{\"@id\":\"https:\\\/\\\/atos-mvz.de\\\/wiesbaden\\\/#website\"},\"primaryImageOfPage\":{\"@id\":\"https:\\\/\\\/atos-mvz.de\\\/wiesbaden\\\/bereiche\\\/knie\\\/umstellungsosteotomie-kniegelenk\\\/#primaryimage\"},\"image\":{\"@id\":\"https:\\\/\\\/atos-mvz.de\\\/wiesbaden\\\/bereiche\\\/knie\\\/umstellungsosteotomie-kniegelenk\\\/#primaryimage\"},\"thumbnailUrl\":\"https:\\\/\\\/atos-mvz.de\\\/wiesbaden\\\/wp-content\\\/uploads\\\/sites\\\/22\\\/2023\\\/09\\\/Knorpelshaden-Knie-300x214.png\",\"datePublished\":\"2023-09-12T09:54:10+00:00\",\"dateModified\":\"2023-09-14T07:18:41+00:00\",\"breadcrumb\":{\"@id\":\"https:\\\/\\\/atos-mvz.de\\\/wiesbaden\\\/bereiche\\\/knie\\\/umstellungsosteotomie-kniegelenk\\\/#breadcrumb\"},\"inLanguage\":\"de\",\"potentialAction\":[{\"@type\":\"ReadAction\",\"target\":[\"https:\\\/\\\/atos-mvz.de\\\/wiesbaden\\\/bereiche\\\/knie\\\/umstellungsosteotomie-kniegelenk\\\/\"]}]},{\"@type\":\"ImageObject\",\"inLanguage\":\"de\",\"@id\":\"https:\\\/\\\/atos-mvz.de\\\/wiesbaden\\\/bereiche\\\/knie\\\/umstellungsosteotomie-kniegelenk\\\/#primaryimage\",\"url\":\"https:\\\/\\\/atos-mvz.de\\\/wiesbaden\\\/wp-content\\\/uploads\\\/sites\\\/22\\\/2023\\\/09\\\/Knorpelshaden-Knie.png\",\"contentUrl\":\"https:\\\/\\\/atos-mvz.de\\\/wiesbaden\\\/wp-content\\\/uploads\\\/sites\\\/22\\\/2023\\\/09\\\/Knorpelshaden-Knie.png\",\"width\":927,\"height\":660},{\"@type\":\"BreadcrumbList\",\"@id\":\"https:\\\/\\\/atos-mvz.de\\\/wiesbaden\\\/bereiche\\\/knie\\\/umstellungsosteotomie-kniegelenk\\\/#breadcrumb\",\"itemListElement\":[{\"@type\":\"ListItem\",\"position\":1,\"name\":\"Startseite\",\"item\":\"https:\\\/\\\/atos-mvz.de\\\/wiesbaden\\\/startseite\\\/\"},{\"@type\":\"ListItem\",\"position\":2,\"name\":\"Bereiche\",\"item\":\"https:\\\/\\\/atos-mvz.de\\\/wiesbaden\\\/bereiche\\\/\"},{\"@type\":\"ListItem\",\"position\":3,\"name\":\"Knie\",\"item\":\"https:\\\/\\\/atos-mvz.de\\\/wiesbaden\\\/bereiche\\\/knie\\\/\"},{\"@type\":\"ListItem\",\"position\":4,\"name\":\"Umstellungsosteotomie am Kniegelenk\"}]},{\"@type\":\"WebSite\",\"@id\":\"https:\\\/\\\/atos-mvz.de\\\/wiesbaden\\\/#website\",\"url\":\"https:\\\/\\\/atos-mvz.de\\\/wiesbaden\\\/\",\"name\":\"MVZ Wiesbaden\",\"description\":\"\",\"potentialAction\":[{\"@type\":\"SearchAction\",\"target\":{\"@type\":\"EntryPoint\",\"urlTemplate\":\"https:\\\/\\\/atos-mvz.de\\\/wiesbaden\\\/?s={search_term_string}\"},\"query-input\":{\"@type\":\"PropertyValueSpecification\",\"valueRequired\":true,\"valueName\":\"search_term_string\"}}],\"inLanguage\":\"de\"}]}<\/script>\n<!-- \/ Yoast SEO plugin. -->","yoast_head_json":{"title":"Umstellungsosteotomie am Kniegelenk - MVZ Wiesbaden","robots":{"index":"index","follow":"follow","max-snippet":"max-snippet:-1","max-image-preview":"max-image-preview:large","max-video-preview":"max-video-preview:-1"},"canonical":"https:\/\/atos-mvz.de\/wiesbaden\/bereiche\/knie\/umstellungsosteotomie-kniegelenk\/","og_locale":"de_DE","og_type":"article","og_title":"Umstellungsosteotomie am Kniegelenk - MVZ Wiesbaden","og_url":"https:\/\/atos-mvz.de\/wiesbaden\/bereiche\/knie\/umstellungsosteotomie-kniegelenk\/","og_site_name":"MVZ Wiesbaden","article_modified_time":"2023-09-14T07:18:41+00:00","og_image":[{"url":"https:\/\/atos-mvz.de\/wiesbaden\/wp-content\/uploads\/sites\/22\/2023\/09\/Knorpelshaden-Knie-300x214.png","type":"","width":"","height":""}],"twitter_card":"summary_large_image","schema":{"@context":"https:\/\/schema.org","@graph":[{"@type":"WebPage","@id":"https:\/\/atos-mvz.de\/wiesbaden\/bereiche\/knie\/umstellungsosteotomie-kniegelenk\/","url":"https:\/\/atos-mvz.de\/wiesbaden\/bereiche\/knie\/umstellungsosteotomie-kniegelenk\/","name":"Umstellungsosteotomie am Kniegelenk - MVZ Wiesbaden","isPartOf":{"@id":"https:\/\/atos-mvz.de\/wiesbaden\/#website"},"primaryImageOfPage":{"@id":"https:\/\/atos-mvz.de\/wiesbaden\/bereiche\/knie\/umstellungsosteotomie-kniegelenk\/#primaryimage"},"image":{"@id":"https:\/\/atos-mvz.de\/wiesbaden\/bereiche\/knie\/umstellungsosteotomie-kniegelenk\/#primaryimage"},"thumbnailUrl":"https:\/\/atos-mvz.de\/wiesbaden\/wp-content\/uploads\/sites\/22\/2023\/09\/Knorpelshaden-Knie-300x214.png","datePublished":"2023-09-12T09:54:10+00:00","dateModified":"2023-09-14T07:18:41+00:00","breadcrumb":{"@id":"https:\/\/atos-mvz.de\/wiesbaden\/bereiche\/knie\/umstellungsosteotomie-kniegelenk\/#breadcrumb"},"inLanguage":"de","potentialAction":[{"@type":"ReadAction","target":["https:\/\/atos-mvz.de\/wiesbaden\/bereiche\/knie\/umstellungsosteotomie-kniegelenk\/"]}]},{"@type":"ImageObject","inLanguage":"de","@id":"https:\/\/atos-mvz.de\/wiesbaden\/bereiche\/knie\/umstellungsosteotomie-kniegelenk\/#primaryimage","url":"https:\/\/atos-mvz.de\/wiesbaden\/wp-content\/uploads\/sites\/22\/2023\/09\/Knorpelshaden-Knie.png","contentUrl":"https:\/\/atos-mvz.de\/wiesbaden\/wp-content\/uploads\/sites\/22\/2023\/09\/Knorpelshaden-Knie.png","width":927,"height":660},{"@type":"BreadcrumbList","@id":"https:\/\/atos-mvz.de\/wiesbaden\/bereiche\/knie\/umstellungsosteotomie-kniegelenk\/#breadcrumb","itemListElement":[{"@type":"ListItem","position":1,"name":"Startseite","item":"https:\/\/atos-mvz.de\/wiesbaden\/startseite\/"},{"@type":"ListItem","position":2,"name":"Bereiche","item":"https:\/\/atos-mvz.de\/wiesbaden\/bereiche\/"},{"@type":"ListItem","position":3,"name":"Knie","item":"https:\/\/atos-mvz.de\/wiesbaden\/bereiche\/knie\/"},{"@type":"ListItem","position":4,"name":"Umstellungsosteotomie am Kniegelenk"}]},{"@type":"WebSite","@id":"https:\/\/atos-mvz.de\/wiesbaden\/#website","url":"https:\/\/atos-mvz.de\/wiesbaden\/","name":"MVZ Wiesbaden","description":"","potentialAction":[{"@type":"SearchAction","target":{"@type":"EntryPoint","urlTemplate":"https:\/\/atos-mvz.de\/wiesbaden\/?s={search_term_string}"},"query-input":{"@type":"PropertyValueSpecification","valueRequired":true,"valueName":"search_term_string"}}],"inLanguage":"de"}]}},"_links":{"self":[{"href":"https:\/\/atos-mvz.de\/wiesbaden\/wp-json\/wp\/v2\/pages\/1282","targetHints":{"allow":["GET"]}}],"collection":[{"href":"https:\/\/atos-mvz.de\/wiesbaden\/wp-json\/wp\/v2\/pages"}],"about":[{"href":"https:\/\/atos-mvz.de\/wiesbaden\/wp-json\/wp\/v2\/types\/page"}],"author":[{"embeddable":true,"href":"https:\/\/atos-mvz.de\/wiesbaden\/wp-json\/wp\/v2\/users\/1"}],"replies":[{"embeddable":true,"href":"https:\/\/atos-mvz.de\/wiesbaden\/wp-json\/wp\/v2\/comments?post=1282"}],"version-history":[{"count":4,"href":"https:\/\/atos-mvz.de\/wiesbaden\/wp-json\/wp\/v2\/pages\/1282\/revisions"}],"predecessor-version":[{"id":1614,"href":"https:\/\/atos-mvz.de\/wiesbaden\/wp-json\/wp\/v2\/pages\/1282\/revisions\/1614"}],"up":[{"embeddable":true,"href":"https:\/\/atos-mvz.de\/wiesbaden\/wp-json\/wp\/v2\/pages\/1063"}],"wp:attachment":[{"href":"https:\/\/atos-mvz.de\/wiesbaden\/wp-json\/wp\/v2\/media?parent=1282"}],"curies":[{"name":"wp","href":"https:\/\/api.w.org\/{rel}","templated":true}]}}