{"id":1266,"date":"2023-09-12T11:43:25","date_gmt":"2023-09-12T09:43:25","guid":{"rendered":"https:\/\/atos-mvz.de\/wiesbaden\/?page_id=1266"},"modified":"2023-09-12T11:43:25","modified_gmt":"2023-09-12T09:43:25","slug":"kniegelenkarthrose","status":"publish","type":"page","link":"https:\/\/atos-mvz.de\/wiesbaden\/bereiche\/knie\/kniegelenkarthrose\/","title":{"rendered":"Kniegelenkarthrose"},"content":{"rendered":"\n<style type=\"text\/css\" data-created_by=\"avia_inline_auto\" id=\"style-css-av-av_section-9b415618e4276cfcf4dd80f81759b946\">\n.avia-section.av-av_section-9b415618e4276cfcf4dd80f81759b946{\nbackground-repeat:no-repeat;\nbackground-image:url(https:\/\/atos-mvz.de\/wiesbaden\/wp-content\/uploads\/sites\/22\/2021\/01\/Knieschmerzen_1700x600.jpg);\nbackground-position:50% 50%;\nbackground-attachment:scroll;\n}\n.avia-section.av-av_section-9b415618e4276cfcf4dd80f81759b946 .av-extra-border-element .av-extra-border-inner{\nbackground-color:#ffffff;\n}\n<\/style>\n<div id='header-img'  class='avia-section av-av_section-9b415618e4276cfcf4dd80f81759b946 main_color avia-section-huge avia-no-border-styling  avia-builder-el-0  el_before_av_section  avia-builder-el-first  avia-full-stretch avia-bg-style-scroll container_wrap fullsize'  data-section-bg-repeat='stretch'><div class='container av-section-cont-open' ><main  role=\"main\" itemprop=\"mainContentOfPage\"  class='template-page content  av-content-full alpha units'><div class='post-entry post-entry-type-page post-entry-1266'><div class='entry-content-wrapper clearfix'>\n\n<style type=\"text\/css\" data-created_by=\"avia_inline_auto\" id=\"style-css-av-av_hr-00707d52b7bb0032765f5ddfef45bd7d\">\n#top .hr.hr-invisible.av-av_hr-00707d52b7bb0032765f5ddfef45bd7d{\nheight:100px;\n}\n<\/style>\n<div  class='hr av-av_hr-00707d52b7bb0032765f5ddfef45bd7d hr-invisible  avia-builder-el-1  avia-builder-el-no-sibling '><span class='hr-inner '><span class=\"hr-inner-style\"><\/span><\/span><\/div>\n\n<\/div><\/div><\/main><!-- close content main element --><\/div><div class='av-extra-border-element border-extra-diagonal border-extra-diagonal-inverse '><div class='av-extra-border-outer'><div class='av-extra-border-inner'><\/div><\/div><\/div><\/div>\n<style type=\"text\/css\" data-created_by=\"avia_inline_auto\" id=\"style-css-av-av_section-ec599dcb8f7116f201f3a3903e106e52\">\n.avia-section.av-av_section-ec599dcb8f7116f201f3a3903e106e52 .av-extra-border-element .av-extra-border-inner{\nbackground-color:#f1f0f5;\n}\n<\/style>\n<div id='av_section_2'  class='avia-section av-av_section-ec599dcb8f7116f201f3a3903e106e52 main_color avia-section-large avia-no-border-styling  avia-builder-el-2  el_after_av_section  avia-builder-el-last  small-container avia-bg-style-scroll container_wrap fullsize'  ><div class='container av-section-cont-open' ><div class='template-page content  av-content-full alpha units'><div class='post-entry post-entry-type-page post-entry-1266'><div class='entry-content-wrapper clearfix'>\n<section  class='av_textblock_section av-lmg4esro-fcd782bc6702ff76fdca22aac62d83e0 '   itemscope=\"itemscope\" itemtype=\"https:\/\/schema.org\/CreativeWork\" ><div class='avia_textblock'  itemprop=\"text\" ><h1><strong>Kniegelenkarthrose <\/strong><\/h1>\n<p>Allgemeine Informationen<\/p>\n<\/div><\/section>\n\n<style type=\"text\/css\" data-created_by=\"avia_inline_auto\" id=\"style-css-av-av_hr-2b301dfe29e9b1afdaa9830d48e7b3c3\">\n#top .hr.av-av_hr-2b301dfe29e9b1afdaa9830d48e7b3c3{\nmargin-top:0;\nmargin-bottom:30px;\n}\n.hr.av-av_hr-2b301dfe29e9b1afdaa9830d48e7b3c3 .hr-inner{\nwidth:100%;\nborder-color:#f1f0f5;\n}\n<\/style>\n<div  class='hr av-av_hr-2b301dfe29e9b1afdaa9830d48e7b3c3 hr-custom  avia-builder-el-4  el_after_av_textblock  el_before_av_textblock  hr-center hr-icon-no'><span class='hr-inner inner-border-av-border-thin'><span class=\"hr-inner-style\"><\/span><\/span><\/div>\n<section  class='av_textblock_section av-lmg4f219-4199b3048fd52a895e840da087310e8a '   itemscope=\"itemscope\" itemtype=\"https:\/\/schema.org\/CreativeWork\" ><div class='avia_textblock'  itemprop=\"text\" ><h2><strong>Was ist eine Arthrose?<\/strong><\/h2>\n<p>Unter Arthrose versteht man einen \u201eGelenkverschlei\u00df\u201c, der das alters\u00fcbliche Ma\u00df \u00fcbersteigt. Das hei\u00dft, der Knorpel geht langsam zu Grunde.<\/p>\n<\/div><\/section>\n\n<style type=\"text\/css\" data-created_by=\"avia_inline_auto\" id=\"style-css-av-av_hr-709d23c572c8a7c2a6dfaa647ba8780c\">\n#top .hr.av-av_hr-709d23c572c8a7c2a6dfaa647ba8780c{\nmargin-top:20px;\nmargin-bottom:30px;\n}\n.hr.av-av_hr-709d23c572c8a7c2a6dfaa647ba8780c .hr-inner{\nwidth:100%;\nborder-color:#f1f0f5;\n}\n<\/style>\n<div  class='hr av-av_hr-709d23c572c8a7c2a6dfaa647ba8780c hr-custom  avia-builder-el-6  el_after_av_textblock  el_before_av_textblock  hr-center hr-icon-no'><span class='hr-inner inner-border-av-border-thin'><span class=\"hr-inner-style\"><\/span><\/span><\/div>\n<section  class='av_textblock_section av-lmg4fe0i-f04a731261a5da99a952a0927fe324a7 '   itemscope=\"itemscope\" itemtype=\"https:\/\/schema.org\/CreativeWork\" ><div class='avia_textblock'  itemprop=\"text\" ><h2><strong>Welche Formen gibt es und was ist die Ursache?<\/strong><\/h2>\n<p><strong>Wir unterscheiden zwischen prim\u00e4rer und sekund\u00e4rer Arthrose.<\/strong><\/p>\n<p>Wir unterscheiden eine \u201eprim\u00e4re\u201c Arthrose, bei der man von einer biologischen Minderwertigkeit des Knorpelgewebes ausgeht von einer so genannten \u201esekund\u00e4ren\u201c Arthrose. Hierbei steht im Vordergrund eine \u00fcberm\u00e4\u00dfige Belastung des Gelenkes wobei das \u00dcbergewicht und Achsabweichungen wie X- oder O-Beine hier eine dominierende Rolle spielen. Auch Instabilit\u00e4ten, wie z.B. nicht versorgte vordere Kreuzbandrupturen f\u00fchren auf Dauer zu einer Arthroseentwicklung.<\/p>\n<p>Die Arthrose kann ebenfalls als Folge von entz\u00fcndlichen, meist rheumatischen Erkrankungen auftreten. Grunds\u00e4tzlich k\u00f6nnen alle Gelenke eine Arthrose entwickeln. In Deutschland ist das Kniegelenk am h\u00e4ufigsten betroffen.<\/p>\n<\/div><\/section>\n\n<style type=\"text\/css\" data-created_by=\"avia_inline_auto\" id=\"style-css-av-av_hr-709d23c572c8a7c2a6dfaa647ba8780c\">\n#top .hr.av-av_hr-709d23c572c8a7c2a6dfaa647ba8780c{\nmargin-top:20px;\nmargin-bottom:30px;\n}\n.hr.av-av_hr-709d23c572c8a7c2a6dfaa647ba8780c .hr-inner{\nwidth:100%;\nborder-color:#f1f0f5;\n}\n<\/style>\n<div  class='hr av-av_hr-709d23c572c8a7c2a6dfaa647ba8780c hr-custom  avia-builder-el-8  el_after_av_textblock  el_before_av_textblock  hr-center hr-icon-no'><span class='hr-inner inner-border-av-border-thin'><span class=\"hr-inner-style\"><\/span><\/span><\/div>\n<section  class='av_textblock_section av-lmg4g9o0-d01d322f66dec6e3d66a1f82ab21bb27 '   itemscope=\"itemscope\" itemtype=\"https:\/\/schema.org\/CreativeWork\" ><div class='avia_textblock'  itemprop=\"text\" ><h2><strong>Welche Stadien werden unterschieden?<\/strong><\/h2>\n<p><strong>Die Arthrose entwickelt sich in vier Stadien.<\/strong><\/p>\n<p>Wir unterscheiden vier Stadien der Arthroseentwicklung:<\/p>\n<ul>\n<li>Im <strong>Stadium 1<\/strong> finden wir eine Ausd\u00fcnnung und Aufweichung der Knorpelschicht.<\/li>\n<li>Im <strong>Stadium 2<\/strong> treten dann bereits kleine Risse und Aufrauungen der Knorpeloberfl\u00e4che auf.<\/li>\n<li>Im <strong>Stadium 3<\/strong> kommt es dann zu tieferen Defekten, der Knorpel wird teilweise durch minderwertigeres Gewebe ersetzt.<\/li>\n<li>Im <strong>Stadium 4<\/strong> liegt der Knochen gro\u00dffl\u00e4chig frei. Um den Druck auf das Gelenk zu reduzieren, bilden sich so genannte Osteophyten (Randw\u00fclste am Knochen) aus.<\/li>\n<\/ul>\n<\/div><\/section>\n\n<style type=\"text\/css\" data-created_by=\"avia_inline_auto\" id=\"style-css-av-av_hr-709d23c572c8a7c2a6dfaa647ba8780c\">\n#top .hr.av-av_hr-709d23c572c8a7c2a6dfaa647ba8780c{\nmargin-top:20px;\nmargin-bottom:30px;\n}\n.hr.av-av_hr-709d23c572c8a7c2a6dfaa647ba8780c .hr-inner{\nwidth:100%;\nborder-color:#f1f0f5;\n}\n<\/style>\n<div  class='hr av-av_hr-709d23c572c8a7c2a6dfaa647ba8780c hr-custom  avia-builder-el-10  el_after_av_textblock  el_before_av_textblock  hr-center hr-icon-no'><span class='hr-inner inner-border-av-border-thin'><span class=\"hr-inner-style\"><\/span><\/span><\/div>\n<section  class='av_textblock_section av-lmg4hlw5-09e05367987f59a4d0f3532e20f218d3 '   itemscope=\"itemscope\" itemtype=\"https:\/\/schema.org\/CreativeWork\" ><div class='avia_textblock'  itemprop=\"text\" ><h2><strong>Welche Untersuchungen sind notwendig?<\/strong><\/h2>\n<p>Nach der Erhebung der Krankengeschichte schlie\u00dft sich die klinische Untersuchung des Gelenkes an. Wir untersuchen die Funktion, die Beweglichkeit, beurteilen die Beinachse und k\u00f6nnen gegebenenfalls mittels einer Ultraschalluntersuchung einen Erguss im Kniegelenk erkennen.<\/p>\n<div id=\"attachment_1267\" style=\"width: 233px\" class=\"wp-caption alignright\"><img loading=\"lazy\" decoding=\"async\" aria-describedby=\"caption-attachment-1267\" class=\"wp-image-1267 size-medium\" src=\"https:\/\/atos-mvz.de\/wiesbaden\/wp-content\/uploads\/sites\/22\/2023\/09\/Arthrose-Knie-223x300.png\" alt=\"\" width=\"223\" height=\"300\" srcset=\"https:\/\/atos-mvz.de\/wiesbaden\/wp-content\/uploads\/sites\/22\/2023\/09\/Arthrose-Knie-223x300.png 223w, https:\/\/atos-mvz.de\/wiesbaden\/wp-content\/uploads\/sites\/22\/2023\/09\/Arthrose-Knie.png 437w\" sizes=\"auto, (max-width: 223px) 100vw, 223px\" \/><p id=\"caption-attachment-1267\" class=\"wp-caption-text\">Neben einer ausf\u00fchrlichen Anamnese sind bildgebende Diagnostiken wie z.B. R\u00f6ntgen oder DVT wichtig, um das Ausma\u00df der Arthrose beurteilen zu k\u00f6nnen.<\/p><\/div>\n<p>Bez\u00fcglich der weiteren bildgebenden Diagnostik steht hier das R\u00f6ntgenbild an erster Stelle. Wir achten dabei auf eine Verschm\u00e4lerung des Gelenkspaltes, eine Sklerose (reaktive Knochenverdichtung unterhalb des Gelenkspaltes), Osteophyten und Zystenbildungen.<\/p>\n<p>Fast immer kann dadurch die Diagnose bzw. das Ausma\u00df der Arthrose ausreichend beurteilt werden. Zur genaueren Planung der weiteren Therapie k\u00f6nnen noch R\u00f6ntgenbilder des ganzen Beines im Stehen zur Beurteilung der Beinachse oder so genannte Stressaufnahmen sinnvoll sein. Bei letzteren wird das Knie in einem speziellen Apparat unter (schmerzfreien!) Stress gebracht, indem es in vermehrte X- oder O-Bein Richtung gedr\u00fcckt wird. Dadurch kann die Weite des Gelenkspaltes sehr gut beurteilt werden.<\/p>\n<p>Auch die Digitale Volumentomografie (DVT) kommt bei uns vermehrt zur Anwendung. Hier k\u00f6nnen in einem extrem strahlungsarmen hochmodernen Verfahren feinste Ver\u00e4nderungen am Knochen wie Zysten, kn\u00f6cherne Anbauten etc. sehr exakt dargestellt werden.<\/p>\n<p>Im Anfangsstadium einer Arthrose bzw. eines Knorpelschadens ist die Kernspintomografie (MRT) aus der Diagnostik weiterhin nicht wegzudenken.<\/p>\n<\/div><\/section>\n\n<style type=\"text\/css\" data-created_by=\"avia_inline_auto\" id=\"style-css-av-av_hr-709d23c572c8a7c2a6dfaa647ba8780c\">\n#top .hr.av-av_hr-709d23c572c8a7c2a6dfaa647ba8780c{\nmargin-top:20px;\nmargin-bottom:30px;\n}\n.hr.av-av_hr-709d23c572c8a7c2a6dfaa647ba8780c .hr-inner{\nwidth:100%;\nborder-color:#f1f0f5;\n}\n<\/style>\n<div  class='hr av-av_hr-709d23c572c8a7c2a6dfaa647ba8780c hr-custom  avia-builder-el-12  el_after_av_textblock  el_before_av_textblock  hr-center hr-icon-no'><span class='hr-inner inner-border-av-border-thin'><span class=\"hr-inner-style\"><\/span><\/span><\/div>\n<section  class='av_textblock_section av-lmg4k8hk-5d3e58e04d3fabee0ee2072f537c263a '   itemscope=\"itemscope\" itemtype=\"https:\/\/schema.org\/CreativeWork\" ><div class='avia_textblock'  itemprop=\"text\" ><h2><strong>Welche Therapiem\u00f6glichkeiten gibt es?<\/strong><\/h2>\n<p><strong>Arthrose ist immer noch nicht heilbar. Es gibt jedoch eine Vielzahl von Therapien.<\/strong><\/p>\n<p>Leider ist die Arthrose, egal welche Ursache sie hat, immer noch nicht heilbar.<\/p>\n<p>Einmal streben wir nat\u00fcrlich nach Schmerzfreiheit oder zumindest einer deutlichen Schmerzreduktion, zum Zweiten m\u00f6chten wir mechanische Einschr\u00e4nkungen oder Ver\u00e4nderungen des Gelenkes verhindern.<\/p>\n<p>Im Anfangsstadium empfehlen wir ausreichende Bewegung ohne \u00dcberlastung und ganz besonders die Vermeidung bzw. Reduktion von \u00dcbergewicht.<\/p>\n<p>Unterschiedliche Medikamente kommen zur Schmerzreduktion und Entz\u00fcndungshemmung in Frage. Hierzu z\u00e4hlen wir Nicht Steroidale Antirheumatika (NSAR) wie Diclofenac, Ibuprofen oder die Cox 2 Hemmer. So genannte SYSADOA (Symptomatic Slow Acting Drugs in Osteoarthritis) sind nicht direkt schmerzlindernd und beeinflussen den Verlauf der Krankheit nicht.<\/p>\n<div id=\"attachment_1268\" style=\"width: 310px\" class=\"wp-caption alignright\"><img loading=\"lazy\" decoding=\"async\" aria-describedby=\"caption-attachment-1268\" class=\"size-medium wp-image-1268\" src=\"https:\/\/atos-mvz.de\/wiesbaden\/wp-content\/uploads\/sites\/22\/2023\/09\/einlagen-300x216.jpeg\" alt=\"\" width=\"300\" height=\"216\" srcset=\"https:\/\/atos-mvz.de\/wiesbaden\/wp-content\/uploads\/sites\/22\/2023\/09\/einlagen-300x216.jpeg 300w, https:\/\/atos-mvz.de\/wiesbaden\/wp-content\/uploads\/sites\/22\/2023\/09\/einlagen.jpeg 600w\" sizes=\"auto, (max-width: 300px) 100vw, 300px\" \/><p id=\"caption-attachment-1268\" class=\"wp-caption-text\">Einlagen k\u00f6nnen den betroffenen Kniegelenkanteil entlasten.<\/p><\/div>\n<p>Bei Achsabweichungen, wie O- oder X-Beinen, die typischerweise den Verschlei\u00df auf der Innen- bzw. Au\u00dfenseite des Kniegelenkes hervorrufen, kann man den betroffenen Kniegelenkanteil mit Einlagen oder Schuhzurichtungen entlasten. Auch spezielle Bandagen oder Orthesen kommen hier zur Anwendung.<\/p>\n<p>Durchaus hilfreich k\u00f6nnen auch Physiotherapie zum Erhalt der Gelenkfunktion, W\u00e4rmeanwendungen und Eigen\u00fcbungen in B\u00e4dern sein.<\/p>\n<p>Der Nachweis einer wirksamen Therapieform bei Arthrose ist insofern schwierig, da im Verlauf der Krankheit schmerzlose mit schmerzhaften Phasen abwechseln.<\/p>\n<p>Hyalurons\u00e4ure ist ein wesentlicher Bestandteil der Gelenkfl\u00fcssigkeit.<\/p>\n<div id=\"attachment_1269\" style=\"width: 310px\" class=\"wp-caption alignright\"><img loading=\"lazy\" decoding=\"async\" aria-describedby=\"caption-attachment-1269\" class=\"size-medium wp-image-1269\" src=\"https:\/\/atos-mvz.de\/wiesbaden\/wp-content\/uploads\/sites\/22\/2023\/09\/Hyaluronsaeure-300x233.jpeg\" alt=\"\" width=\"300\" height=\"233\" srcset=\"https:\/\/atos-mvz.de\/wiesbaden\/wp-content\/uploads\/sites\/22\/2023\/09\/Hyaluronsaeure-300x233.jpeg 300w, https:\/\/atos-mvz.de\/wiesbaden\/wp-content\/uploads\/sites\/22\/2023\/09\/Hyaluronsaeure.jpeg 561w\" sizes=\"auto, (max-width: 300px) 100vw, 300px\" \/><p id=\"caption-attachment-1269\" class=\"wp-caption-text\">Hyalurons\u00e4ure ist ein wesentlicher Bestandteil der Gelenkfl\u00fcssigkeit.<\/p><\/div>\n<p>Ein wesentlicher Bestandteil der Gelenkfl\u00fcssigkeit im Kniegelenk ist die Hyalurons\u00e4ure. Diese wird in einem arthrotisch ver\u00e4nderten Gelenk nur unzureichend produziert. Sie hat im Wesentlichen drei Eigenschaften: eine mechanische im Sinne einer besseren \u201eSchmierung\u201c, eine ern\u00e4hrende f\u00fcr den Knorpel und zum dritten wird das \u201eArthrosemilieu\u201c verbessert. Hier kommen also biochemische Effekte zum Tragen, die noch nicht ins Detail erforscht sind.<\/p>\n<p>F\u00fcr die Wirksamkeit sprechen auch neuere Forschungsergebnisse, die bei der Arthroseentstehung mehr biochemische als mechanische Faktoren annehmen. So profitieren nicht selten auch Patienten, die unter einer Arthrose im fortgeschrittenen Stadium leiden, von Hyalurons\u00e4ureinjektionen.<\/p>\n<p>Alternativ k\u00f6nnen auch Injektion mit Eigenblut, so genanntes &#8222;platelet rich plasma\u201c PRP oder &#8222;thrombozytenreiches Plasma&#8220; erfolgen. Hier setzt man auf k\u00f6rpereigene Wachstumsfaktoren und entz\u00fcndungshemmende Einfl\u00fcsse, um die Arthrosentwicklung zu bremsen.<\/p>\n<p>Auch die DMOAD (siehe oben) im Sinne von Nahrungserg\u00e4nzungsmitteln oder so genannte \u201eDi\u00e4tetischen Lebensmittel\u201c haben durchaus ihren Stellenwert. An erster Stelle sind hier die Substanzen Glucosamin und Chondroitin zu nennen, die bei positiver Disposition die Symptome der Arthrose etwas verbessern oder ihr weiteres Fortschreiten verz\u00f6gern k\u00f6nnen.<\/p>\n<p>Leider werden alle diese Pr\u00e4parate bzw. Injektionen von den gesetzlichen Krankenkassen prinzipiell nicht erstattet. Nichtsdestotrotz gibt es viele M\u00f6glichkeiten das Fortschreiten der Arthrose zumindest zu verz\u00f6gern. Diese sollten in einem pers\u00f6nlichen Gespr\u00e4ch beurteilt werden. Ist Ihre Arthrose zu weit fortgeschritten, so dass diese Therapien nicht mehr Erfolg versprechend sind, werden wir Ihnen dies auch so mitteilen und m\u00f6gliche operative Ma\u00dfnahmen mit Ihnen besprechen.<\/p>\n<\/div><\/section>\n\n","protected":false},"excerpt":{"rendered":"","protected":false},"author":1,"featured_media":0,"parent":1063,"menu_order":0,"comment_status":"closed","ping_status":"closed","template":"","meta":{"footnotes":""},"class_list":["post-1266","page","type-page","status-publish","hentry"],"yoast_head":"<!-- This site is optimized with the Yoast SEO plugin v27.3 - https:\/\/yoast.com\/product\/yoast-seo-wordpress\/ -->\n<title>Kniegelenkarthrose - MVZ Wiesbaden<\/title>\n<meta name=\"robots\" content=\"index, follow, max-snippet:-1, max-image-preview:large, max-video-preview:-1\" \/>\n<link rel=\"canonical\" href=\"https:\/\/atos-mvz.de\/wiesbaden\/bereiche\/knie\/kniegelenkarthrose\/\" \/>\n<meta property=\"og:locale\" content=\"de_DE\" \/>\n<meta property=\"og:type\" content=\"article\" \/>\n<meta property=\"og:title\" content=\"Kniegelenkarthrose - MVZ Wiesbaden\" \/>\n<meta property=\"og:url\" content=\"https:\/\/atos-mvz.de\/wiesbaden\/bereiche\/knie\/kniegelenkarthrose\/\" \/>\n<meta property=\"og:site_name\" content=\"MVZ Wiesbaden\" \/>\n<meta property=\"og:image\" content=\"https:\/\/atos-mvz.de\/wiesbaden\/wp-content\/uploads\/sites\/22\/2023\/09\/Arthrose-Knie-223x300.png\" \/>\n<meta name=\"twitter:card\" content=\"summary_large_image\" \/>\n<script type=\"application\/ld+json\" class=\"yoast-schema-graph\">{\"@context\":\"https:\\\/\\\/schema.org\",\"@graph\":[{\"@type\":\"WebPage\",\"@id\":\"https:\\\/\\\/atos-mvz.de\\\/wiesbaden\\\/bereiche\\\/knie\\\/kniegelenkarthrose\\\/\",\"url\":\"https:\\\/\\\/atos-mvz.de\\\/wiesbaden\\\/bereiche\\\/knie\\\/kniegelenkarthrose\\\/\",\"name\":\"Kniegelenkarthrose - MVZ Wiesbaden\",\"isPartOf\":{\"@id\":\"https:\\\/\\\/atos-mvz.de\\\/wiesbaden\\\/#website\"},\"primaryImageOfPage\":{\"@id\":\"https:\\\/\\\/atos-mvz.de\\\/wiesbaden\\\/bereiche\\\/knie\\\/kniegelenkarthrose\\\/#primaryimage\"},\"image\":{\"@id\":\"https:\\\/\\\/atos-mvz.de\\\/wiesbaden\\\/bereiche\\\/knie\\\/kniegelenkarthrose\\\/#primaryimage\"},\"thumbnailUrl\":\"https:\\\/\\\/atos-mvz.de\\\/wiesbaden\\\/wp-content\\\/uploads\\\/sites\\\/22\\\/2023\\\/09\\\/Arthrose-Knie-223x300.png\",\"datePublished\":\"2023-09-12T09:43:25+00:00\",\"breadcrumb\":{\"@id\":\"https:\\\/\\\/atos-mvz.de\\\/wiesbaden\\\/bereiche\\\/knie\\\/kniegelenkarthrose\\\/#breadcrumb\"},\"inLanguage\":\"de\",\"potentialAction\":[{\"@type\":\"ReadAction\",\"target\":[\"https:\\\/\\\/atos-mvz.de\\\/wiesbaden\\\/bereiche\\\/knie\\\/kniegelenkarthrose\\\/\"]}]},{\"@type\":\"ImageObject\",\"inLanguage\":\"de\",\"@id\":\"https:\\\/\\\/atos-mvz.de\\\/wiesbaden\\\/bereiche\\\/knie\\\/kniegelenkarthrose\\\/#primaryimage\",\"url\":\"https:\\\/\\\/atos-mvz.de\\\/wiesbaden\\\/wp-content\\\/uploads\\\/sites\\\/22\\\/2023\\\/09\\\/Arthrose-Knie.png\",\"contentUrl\":\"https:\\\/\\\/atos-mvz.de\\\/wiesbaden\\\/wp-content\\\/uploads\\\/sites\\\/22\\\/2023\\\/09\\\/Arthrose-Knie.png\",\"width\":437,\"height\":587},{\"@type\":\"BreadcrumbList\",\"@id\":\"https:\\\/\\\/atos-mvz.de\\\/wiesbaden\\\/bereiche\\\/knie\\\/kniegelenkarthrose\\\/#breadcrumb\",\"itemListElement\":[{\"@type\":\"ListItem\",\"position\":1,\"name\":\"Startseite\",\"item\":\"https:\\\/\\\/atos-mvz.de\\\/wiesbaden\\\/startseite\\\/\"},{\"@type\":\"ListItem\",\"position\":2,\"name\":\"Bereiche\",\"item\":\"https:\\\/\\\/atos-mvz.de\\\/wiesbaden\\\/bereiche\\\/\"},{\"@type\":\"ListItem\",\"position\":3,\"name\":\"Knie\",\"item\":\"https:\\\/\\\/atos-mvz.de\\\/wiesbaden\\\/bereiche\\\/knie\\\/\"},{\"@type\":\"ListItem\",\"position\":4,\"name\":\"Kniegelenkarthrose\"}]},{\"@type\":\"WebSite\",\"@id\":\"https:\\\/\\\/atos-mvz.de\\\/wiesbaden\\\/#website\",\"url\":\"https:\\\/\\\/atos-mvz.de\\\/wiesbaden\\\/\",\"name\":\"MVZ Wiesbaden\",\"description\":\"\",\"potentialAction\":[{\"@type\":\"SearchAction\",\"target\":{\"@type\":\"EntryPoint\",\"urlTemplate\":\"https:\\\/\\\/atos-mvz.de\\\/wiesbaden\\\/?s={search_term_string}\"},\"query-input\":{\"@type\":\"PropertyValueSpecification\",\"valueRequired\":true,\"valueName\":\"search_term_string\"}}],\"inLanguage\":\"de\"}]}<\/script>\n<!-- \/ Yoast SEO plugin. -->","yoast_head_json":{"title":"Kniegelenkarthrose - MVZ Wiesbaden","robots":{"index":"index","follow":"follow","max-snippet":"max-snippet:-1","max-image-preview":"max-image-preview:large","max-video-preview":"max-video-preview:-1"},"canonical":"https:\/\/atos-mvz.de\/wiesbaden\/bereiche\/knie\/kniegelenkarthrose\/","og_locale":"de_DE","og_type":"article","og_title":"Kniegelenkarthrose - MVZ Wiesbaden","og_url":"https:\/\/atos-mvz.de\/wiesbaden\/bereiche\/knie\/kniegelenkarthrose\/","og_site_name":"MVZ Wiesbaden","og_image":[{"url":"https:\/\/atos-mvz.de\/wiesbaden\/wp-content\/uploads\/sites\/22\/2023\/09\/Arthrose-Knie-223x300.png","type":"","width":"","height":""}],"twitter_card":"summary_large_image","schema":{"@context":"https:\/\/schema.org","@graph":[{"@type":"WebPage","@id":"https:\/\/atos-mvz.de\/wiesbaden\/bereiche\/knie\/kniegelenkarthrose\/","url":"https:\/\/atos-mvz.de\/wiesbaden\/bereiche\/knie\/kniegelenkarthrose\/","name":"Kniegelenkarthrose - MVZ Wiesbaden","isPartOf":{"@id":"https:\/\/atos-mvz.de\/wiesbaden\/#website"},"primaryImageOfPage":{"@id":"https:\/\/atos-mvz.de\/wiesbaden\/bereiche\/knie\/kniegelenkarthrose\/#primaryimage"},"image":{"@id":"https:\/\/atos-mvz.de\/wiesbaden\/bereiche\/knie\/kniegelenkarthrose\/#primaryimage"},"thumbnailUrl":"https:\/\/atos-mvz.de\/wiesbaden\/wp-content\/uploads\/sites\/22\/2023\/09\/Arthrose-Knie-223x300.png","datePublished":"2023-09-12T09:43:25+00:00","breadcrumb":{"@id":"https:\/\/atos-mvz.de\/wiesbaden\/bereiche\/knie\/kniegelenkarthrose\/#breadcrumb"},"inLanguage":"de","potentialAction":[{"@type":"ReadAction","target":["https:\/\/atos-mvz.de\/wiesbaden\/bereiche\/knie\/kniegelenkarthrose\/"]}]},{"@type":"ImageObject","inLanguage":"de","@id":"https:\/\/atos-mvz.de\/wiesbaden\/bereiche\/knie\/kniegelenkarthrose\/#primaryimage","url":"https:\/\/atos-mvz.de\/wiesbaden\/wp-content\/uploads\/sites\/22\/2023\/09\/Arthrose-Knie.png","contentUrl":"https:\/\/atos-mvz.de\/wiesbaden\/wp-content\/uploads\/sites\/22\/2023\/09\/Arthrose-Knie.png","width":437,"height":587},{"@type":"BreadcrumbList","@id":"https:\/\/atos-mvz.de\/wiesbaden\/bereiche\/knie\/kniegelenkarthrose\/#breadcrumb","itemListElement":[{"@type":"ListItem","position":1,"name":"Startseite","item":"https:\/\/atos-mvz.de\/wiesbaden\/startseite\/"},{"@type":"ListItem","position":2,"name":"Bereiche","item":"https:\/\/atos-mvz.de\/wiesbaden\/bereiche\/"},{"@type":"ListItem","position":3,"name":"Knie","item":"https:\/\/atos-mvz.de\/wiesbaden\/bereiche\/knie\/"},{"@type":"ListItem","position":4,"name":"Kniegelenkarthrose"}]},{"@type":"WebSite","@id":"https:\/\/atos-mvz.de\/wiesbaden\/#website","url":"https:\/\/atos-mvz.de\/wiesbaden\/","name":"MVZ Wiesbaden","description":"","potentialAction":[{"@type":"SearchAction","target":{"@type":"EntryPoint","urlTemplate":"https:\/\/atos-mvz.de\/wiesbaden\/?s={search_term_string}"},"query-input":{"@type":"PropertyValueSpecification","valueRequired":true,"valueName":"search_term_string"}}],"inLanguage":"de"}]}},"_links":{"self":[{"href":"https:\/\/atos-mvz.de\/wiesbaden\/wp-json\/wp\/v2\/pages\/1266","targetHints":{"allow":["GET"]}}],"collection":[{"href":"https:\/\/atos-mvz.de\/wiesbaden\/wp-json\/wp\/v2\/pages"}],"about":[{"href":"https:\/\/atos-mvz.de\/wiesbaden\/wp-json\/wp\/v2\/types\/page"}],"author":[{"embeddable":true,"href":"https:\/\/atos-mvz.de\/wiesbaden\/wp-json\/wp\/v2\/users\/1"}],"replies":[{"embeddable":true,"href":"https:\/\/atos-mvz.de\/wiesbaden\/wp-json\/wp\/v2\/comments?post=1266"}],"version-history":[{"count":2,"href":"https:\/\/atos-mvz.de\/wiesbaden\/wp-json\/wp\/v2\/pages\/1266\/revisions"}],"predecessor-version":[{"id":1271,"href":"https:\/\/atos-mvz.de\/wiesbaden\/wp-json\/wp\/v2\/pages\/1266\/revisions\/1271"}],"up":[{"embeddable":true,"href":"https:\/\/atos-mvz.de\/wiesbaden\/wp-json\/wp\/v2\/pages\/1063"}],"wp:attachment":[{"href":"https:\/\/atos-mvz.de\/wiesbaden\/wp-json\/wp\/v2\/media?parent=1266"}],"curies":[{"name":"wp","href":"https:\/\/api.w.org\/{rel}","templated":true}]}}