{"id":1258,"date":"2023-09-12T11:37:38","date_gmt":"2023-09-12T09:37:38","guid":{"rendered":"https:\/\/atos-mvz.de\/wiesbaden\/?page_id=1258"},"modified":"2023-09-12T11:38:24","modified_gmt":"2023-09-12T09:38:24","slug":"meniskusschaden","status":"publish","type":"page","link":"https:\/\/atos-mvz.de\/wiesbaden\/bereiche\/knie\/meniskusschaden\/","title":{"rendered":"Meniskusschaden"},"content":{"rendered":"\n<style type=\"text\/css\" data-created_by=\"avia_inline_auto\" id=\"style-css-av-em6hze-1d417293e7036c984fcc33c1cf7deb01\">\n.avia-section.av-em6hze-1d417293e7036c984fcc33c1cf7deb01{\nbackground-repeat:no-repeat;\nbackground-image:url(https:\/\/atos-mvz.de\/wiesbaden\/wp-content\/uploads\/sites\/22\/2021\/01\/Knieschmerzen_1700x600.jpg);\nbackground-position:50% 50%;\nbackground-attachment:scroll;\n}\n.avia-section.av-em6hze-1d417293e7036c984fcc33c1cf7deb01 .av-extra-border-element .av-extra-border-inner{\nbackground-color:#ffffff;\n}\n<\/style>\n<div id='header-img'  class='avia-section av-em6hze-1d417293e7036c984fcc33c1cf7deb01 main_color avia-section-huge avia-no-border-styling  avia-builder-el-0  el_before_av_section  avia-builder-el-first  avia-full-stretch avia-bg-style-scroll container_wrap fullsize'  data-section-bg-repeat='stretch'><div class='container av-section-cont-open' ><main  role=\"main\" itemprop=\"mainContentOfPage\"  class='template-page content  av-content-full alpha units'><div class='post-entry post-entry-type-page post-entry-1258'><div class='entry-content-wrapper clearfix'>\n\n<style type=\"text\/css\" data-created_by=\"avia_inline_auto\" id=\"style-css-av-cltwju-1a8f6a287a7145964d5b7d7543031a9a\">\n#top .hr.hr-invisible.av-cltwju-1a8f6a287a7145964d5b7d7543031a9a{\nheight:100px;\n}\n<\/style>\n<div  class='hr av-cltwju-1a8f6a287a7145964d5b7d7543031a9a hr-invisible  avia-builder-el-1  avia-builder-el-no-sibling '><span class='hr-inner '><span class=\"hr-inner-style\"><\/span><\/span><\/div>\n\n<\/div><\/div><\/main><!-- close content main element --><\/div><div class='av-extra-border-element border-extra-diagonal border-extra-diagonal-inverse '><div class='av-extra-border-outer'><div class='av-extra-border-inner'><\/div><\/div><\/div><\/div>\n<style type=\"text\/css\" data-created_by=\"avia_inline_auto\" id=\"style-css-av-awnefe-0bd608ada1643e28c036403c38d13cc9\">\n.avia-section.av-awnefe-0bd608ada1643e28c036403c38d13cc9 .av-extra-border-element .av-extra-border-inner{\nbackground-color:#f1f0f5;\n}\n<\/style>\n<div id='av_section_2'  class='avia-section av-awnefe-0bd608ada1643e28c036403c38d13cc9 main_color avia-section-large avia-no-border-styling  avia-builder-el-2  el_after_av_section  avia-builder-el-last  small-container avia-bg-style-scroll container_wrap fullsize'  ><div class='container av-section-cont-open' ><div class='template-page content  av-content-full alpha units'><div class='post-entry post-entry-type-page post-entry-1258'><div class='entry-content-wrapper clearfix'>\n<section  class='av_textblock_section av-lmg49tk3-553531a6fb46fc7b32ece2af8f1161ec '   itemscope=\"itemscope\" itemtype=\"https:\/\/schema.org\/CreativeWork\" ><div class='avia_textblock'  itemprop=\"text\" ><h1><strong> Meniskusschaden <\/strong><\/h1>\n<\/div><\/section>\n\n<style type=\"text\/css\" data-created_by=\"avia_inline_auto\" id=\"style-css-av-8hyh16-4b96ba7675538fda2566cead715b2783\">\n#top .hr.av-8hyh16-4b96ba7675538fda2566cead715b2783{\nmargin-top:0;\nmargin-bottom:30px;\n}\n.hr.av-8hyh16-4b96ba7675538fda2566cead715b2783 .hr-inner{\nwidth:100%;\nborder-color:#f1f0f5;\n}\n<\/style>\n<div  class='hr av-8hyh16-4b96ba7675538fda2566cead715b2783 hr-custom  avia-builder-el-4  el_after_av_textblock  el_before_av_textblock  hr-center hr-icon-no'><span class='hr-inner inner-border-av-border-thin'><span class=\"hr-inner-style\"><\/span><\/span><\/div>\n<section  class='av_textblock_section av-lmg4a308-c9edb3676fc9360309ff890f1e072765 '   itemscope=\"itemscope\" itemtype=\"https:\/\/schema.org\/CreativeWork\" ><div class='avia_textblock'  itemprop=\"text\" ><h2><strong>Was ist ein Meniskus?<\/strong><\/h2>\n<p>Als Meniskus bezeichnet einen halbmondf\u00f6rmigen Bindegewebspuffer im Kniegelenk. Wir unterscheiden einen Innen- und einen Au\u00dfenmeniskus. Beide vergr\u00f6\u00dfern die Kontaktfl\u00e4che zwischen der Oberschenkelrolle und dem Schienbeinkopfplateau, stabilisieren das Kniegelenk bei bestimmten Bewegungen und reduzieren den Druck auf den Gelenkknorpel.<\/p>\n<\/div><\/section>\n\n<style type=\"text\/css\" data-created_by=\"avia_inline_auto\" id=\"style-css-av-7wf82y-2fe7966276d9879e232f831f92397061\">\n#top .hr.av-7wf82y-2fe7966276d9879e232f831f92397061{\nmargin-top:20px;\nmargin-bottom:30px;\n}\n.hr.av-7wf82y-2fe7966276d9879e232f831f92397061 .hr-inner{\nwidth:100%;\nborder-color:#f1f0f5;\n}\n<\/style>\n<div  class='hr av-7wf82y-2fe7966276d9879e232f831f92397061 hr-custom  avia-builder-el-6  el_after_av_textblock  el_before_av_textblock  hr-center hr-icon-no'><span class='hr-inner inner-border-av-border-thin'><span class=\"hr-inner-style\"><\/span><\/span><\/div>\n<section  class='av_textblock_section av-lmg4b1fy-ba072a759841de8237ebc9d4286ac22c '   itemscope=\"itemscope\" itemtype=\"https:\/\/schema.org\/CreativeWork\" ><div class='avia_textblock'  itemprop=\"text\" ><h2><strong>Wie geht er kaputt?<\/strong><\/h2>\n<p>Eine akute Meniskusverletzung erfolgt meist bei einer schnellen Drehung des Kniegelenkes bei fixiertem Fu\u00df im Rahmen eines Sportunfalls. Die \u00fcberwiegende Zahl der Risse entsteht jedoch langsam. Genauso wie die Knorpelfl\u00e4che eines Gelenkes verschlei\u00dfen auch die Menisken. H\u00e4ufig sind \u00dcbergewicht oder starke O- bzw. X-Beine die Ursache. Durch die vermehrte Belastung wird das Meniskusgewebe ausgewalzt bis es schlie\u00dflich rei\u00dft.<\/p>\n<div id=\"attachment_1259\" style=\"width: 260px\" class=\"wp-caption alignleft\"><img loading=\"lazy\" decoding=\"async\" aria-describedby=\"caption-attachment-1259\" class=\"size-full wp-image-1259\" src=\"https:\/\/atos-mvz.de\/wiesbaden\/wp-content\/uploads\/sites\/22\/2023\/09\/meniskusschaden.png\" alt=\"\" width=\"250\" height=\"182\" \/><p id=\"caption-attachment-1259\" class=\"wp-caption-text\">Riss im Innenmeniskushinterhorn<\/p><\/div>\n<\/div><\/section>\n\n<style type=\"text\/css\" data-created_by=\"avia_inline_auto\" id=\"style-css-av-6jqly2-0c2b5efac04ada7fbdb60a970bd2551d\">\n#top .hr.av-6jqly2-0c2b5efac04ada7fbdb60a970bd2551d{\nmargin-top:20px;\nmargin-bottom:30px;\n}\n.hr.av-6jqly2-0c2b5efac04ada7fbdb60a970bd2551d .hr-inner{\nwidth:100%;\nborder-color:#f1f0f5;\n}\n<\/style>\n<div  class='hr av-6jqly2-0c2b5efac04ada7fbdb60a970bd2551d hr-custom  avia-builder-el-8  el_after_av_textblock  el_before_av_textblock  hr-center hr-icon-no'><span class='hr-inner inner-border-av-border-thin'><span class=\"hr-inner-style\"><\/span><\/span><\/div>\n<section  class='av_textblock_section av-lmg4b9nj-9e1bdc453eef217c916c63fa7d34532c '   itemscope=\"itemscope\" itemtype=\"https:\/\/schema.org\/CreativeWork\" ><div class='avia_textblock'  itemprop=\"text\" ><h2><strong>Welche Untersuchungen brauche ich?<\/strong><\/h2>\n<p>H\u00e4ufig l\u00e4sst sich ein Meniskusriss schon anhand der k\u00f6rperlichen Untersuchung feststellen. Mittlerweile ist es jedoch fast obligat, ihn mit einer Kernspintomographie zu beweisen.<\/p>\n<\/div><\/section>\n\n<style type=\"text\/css\" data-created_by=\"avia_inline_auto\" id=\"style-css-av-4tlt96-a1aa4b3e50fd8c9ac40044d3be019e1f\">\n#top .hr.av-4tlt96-a1aa4b3e50fd8c9ac40044d3be019e1f{\nmargin-top:20px;\nmargin-bottom:30px;\n}\n.hr.av-4tlt96-a1aa4b3e50fd8c9ac40044d3be019e1f .hr-inner{\nwidth:100%;\nborder-color:#f1f0f5;\n}\n<\/style>\n<div  class='hr av-4tlt96-a1aa4b3e50fd8c9ac40044d3be019e1f hr-custom  avia-builder-el-10  el_after_av_textblock  el_before_av_textblock  hr-center hr-icon-no'><span class='hr-inner inner-border-av-border-thin'><span class=\"hr-inner-style\"><\/span><\/span><\/div>\n<section  class='av_textblock_section av-lmg4cfwz-13af99c1686a6b4d4e459a6d16b64042 '   itemscope=\"itemscope\" itemtype=\"https:\/\/schema.org\/CreativeWork\" ><div class='avia_textblock'  itemprop=\"text\" ><h2><strong>Wie sieht die Therapie aus?<\/strong><\/h2>\n<p>Handelt es sich um eine reine Quetschung gen\u00fcgt eine mehrw\u00f6chige Sportpause. Alle Operationen werden ausnahmslos arthroskopisch durchgef\u00fchrt. Bei einem Verschlei\u00df des Meniskusk\u00f6rpers noch ohne klaren Riss (\u201eBinnendegeneration\u201c) versucht der Operateur durch ein Anstechen mit einer Nadel eine Heilung \u00fcber eine Narbenbildung zu bewirken.<\/p>\n<p>Das Problem ist hier, die mit dem Alter immer schlechter werdende Durchblutung des Meniskus. Bei verschlei\u00dfbedingten Rissen werden die kaputten Anteile entfernt. Da bei Menschen mit einem operativ (teil-) entfernten Meniskus die Gefahr einer fr\u00fchzeitigen Arthrose steigt, versucht man soviel Gewebe wie m\u00f6glich zu belassen. Handelt es sich um einen fast kompletten Abriss (Korbhenkelriss) wie er meistens bei akuten Sportverletzungen auftritt so versucht man den Riss zu n\u00e4hen. Dies kann mit aufl\u00f6senden F\u00e4den oder speziellen Ankern, so genannten \u201eDarts\u201c erfolgen.<\/p>\n<p><img loading=\"lazy\" decoding=\"async\" class=\"size-full wp-image-1260 alignleft\" src=\"https:\/\/atos-mvz.de\/wiesbaden\/wp-content\/uploads\/sites\/22\/2023\/09\/M1.jpg\" alt=\"\" width=\"190\" height=\"130\" \/> <img loading=\"lazy\" decoding=\"async\" class=\"size-full wp-image-1261 alignleft\" src=\"https:\/\/atos-mvz.de\/wiesbaden\/wp-content\/uploads\/sites\/22\/2023\/09\/M2.jpg\" alt=\"\" width=\"190\" height=\"130\" \/><\/p>\n<\/div><\/section>\n\n<style type=\"text\/css\" data-created_by=\"avia_inline_auto\" id=\"style-css-av-22un56-491c835944e767e4bc4a785c5e255aeb\">\n#top .hr.av-22un56-491c835944e767e4bc4a785c5e255aeb{\nmargin-top:20px;\nmargin-bottom:30px;\n}\n.hr.av-22un56-491c835944e767e4bc4a785c5e255aeb .hr-inner{\nwidth:100%;\nborder-color:#f1f0f5;\n}\n<\/style>\n<div  class='hr av-22un56-491c835944e767e4bc4a785c5e255aeb hr-custom  avia-builder-el-12  el_after_av_textblock  el_before_av_textblock  hr-center hr-icon-no'><span class='hr-inner inner-border-av-border-thin'><span class=\"hr-inner-style\"><\/span><\/span><\/div>\n<section  class='av_textblock_section av-lmg4cqrq-ba96466eff94254aa65f861b7a37d4a8 '   itemscope=\"itemscope\" itemtype=\"https:\/\/schema.org\/CreativeWork\" ><div class='avia_textblock'  itemprop=\"text\" ><h2><strong>Was muss ich bei der Nachbehandlung beachten?<\/strong><\/h2>\n<p>Nach einer Teilentfernung des Meniskus gen\u00fcgt in aller Regel eine Teilbelastung des operierten Beines von 4-5 Tagen an Gehst\u00f6cken. Eine R\u00fcckkehr in das Arbeitsleben h\u00e4ngt im Wesentlichen von der beruflichen Belastung ab und sollte nach 2-6 Wochen m\u00f6glich sein. Wenn der Meniskus gen\u00e4ht wird, ist eine l\u00e4ngere Teilbelastung von bis zu 6 Wochen meistens auch mit einer Schienenbehandlung n\u00f6tig.<\/p>\n<\/div><\/section>\n\n","protected":false},"excerpt":{"rendered":"","protected":false},"author":1,"featured_media":0,"parent":1063,"menu_order":0,"comment_status":"closed","ping_status":"closed","template":"","meta":{"footnotes":""},"class_list":["post-1258","page","type-page","status-publish","hentry"],"yoast_head":"<!-- This site is optimized with the Yoast SEO plugin v27.3 - https:\/\/yoast.com\/product\/yoast-seo-wordpress\/ -->\n<title>Meniskusschaden - MVZ Wiesbaden<\/title>\n<meta name=\"robots\" content=\"index, follow, max-snippet:-1, max-image-preview:large, max-video-preview:-1\" \/>\n<link rel=\"canonical\" href=\"https:\/\/atos-mvz.de\/wiesbaden\/bereiche\/knie\/meniskusschaden\/\" \/>\n<meta property=\"og:locale\" content=\"de_DE\" \/>\n<meta property=\"og:type\" content=\"article\" \/>\n<meta property=\"og:title\" content=\"Meniskusschaden - MVZ Wiesbaden\" \/>\n<meta property=\"og:url\" content=\"https:\/\/atos-mvz.de\/wiesbaden\/bereiche\/knie\/meniskusschaden\/\" \/>\n<meta property=\"og:site_name\" content=\"MVZ Wiesbaden\" \/>\n<meta property=\"article:modified_time\" content=\"2023-09-12T09:38:24+00:00\" \/>\n<meta property=\"og:image\" content=\"https:\/\/atos-mvz.de\/wiesbaden\/wp-content\/uploads\/sites\/22\/2023\/09\/meniskusschaden.png\" \/>\n<meta name=\"twitter:card\" content=\"summary_large_image\" \/>\n<script type=\"application\/ld+json\" class=\"yoast-schema-graph\">{\"@context\":\"https:\\\/\\\/schema.org\",\"@graph\":[{\"@type\":\"WebPage\",\"@id\":\"https:\\\/\\\/atos-mvz.de\\\/wiesbaden\\\/bereiche\\\/knie\\\/meniskusschaden\\\/\",\"url\":\"https:\\\/\\\/atos-mvz.de\\\/wiesbaden\\\/bereiche\\\/knie\\\/meniskusschaden\\\/\",\"name\":\"Meniskusschaden - MVZ Wiesbaden\",\"isPartOf\":{\"@id\":\"https:\\\/\\\/atos-mvz.de\\\/wiesbaden\\\/#website\"},\"primaryImageOfPage\":{\"@id\":\"https:\\\/\\\/atos-mvz.de\\\/wiesbaden\\\/bereiche\\\/knie\\\/meniskusschaden\\\/#primaryimage\"},\"image\":{\"@id\":\"https:\\\/\\\/atos-mvz.de\\\/wiesbaden\\\/bereiche\\\/knie\\\/meniskusschaden\\\/#primaryimage\"},\"thumbnailUrl\":\"https:\\\/\\\/atos-mvz.de\\\/wiesbaden\\\/wp-content\\\/uploads\\\/sites\\\/22\\\/2023\\\/09\\\/meniskusschaden.png\",\"datePublished\":\"2023-09-12T09:37:38+00:00\",\"dateModified\":\"2023-09-12T09:38:24+00:00\",\"breadcrumb\":{\"@id\":\"https:\\\/\\\/atos-mvz.de\\\/wiesbaden\\\/bereiche\\\/knie\\\/meniskusschaden\\\/#breadcrumb\"},\"inLanguage\":\"de\",\"potentialAction\":[{\"@type\":\"ReadAction\",\"target\":[\"https:\\\/\\\/atos-mvz.de\\\/wiesbaden\\\/bereiche\\\/knie\\\/meniskusschaden\\\/\"]}]},{\"@type\":\"ImageObject\",\"inLanguage\":\"de\",\"@id\":\"https:\\\/\\\/atos-mvz.de\\\/wiesbaden\\\/bereiche\\\/knie\\\/meniskusschaden\\\/#primaryimage\",\"url\":\"https:\\\/\\\/atos-mvz.de\\\/wiesbaden\\\/wp-content\\\/uploads\\\/sites\\\/22\\\/2023\\\/09\\\/meniskusschaden.png\",\"contentUrl\":\"https:\\\/\\\/atos-mvz.de\\\/wiesbaden\\\/wp-content\\\/uploads\\\/sites\\\/22\\\/2023\\\/09\\\/meniskusschaden.png\",\"width\":250,\"height\":182,\"caption\":\"Riss im Innenmeniskushinterhorn\"},{\"@type\":\"BreadcrumbList\",\"@id\":\"https:\\\/\\\/atos-mvz.de\\\/wiesbaden\\\/bereiche\\\/knie\\\/meniskusschaden\\\/#breadcrumb\",\"itemListElement\":[{\"@type\":\"ListItem\",\"position\":1,\"name\":\"Startseite\",\"item\":\"https:\\\/\\\/atos-mvz.de\\\/wiesbaden\\\/startseite\\\/\"},{\"@type\":\"ListItem\",\"position\":2,\"name\":\"Bereiche\",\"item\":\"https:\\\/\\\/atos-mvz.de\\\/wiesbaden\\\/bereiche\\\/\"},{\"@type\":\"ListItem\",\"position\":3,\"name\":\"Knie\",\"item\":\"https:\\\/\\\/atos-mvz.de\\\/wiesbaden\\\/bereiche\\\/knie\\\/\"},{\"@type\":\"ListItem\",\"position\":4,\"name\":\"Meniskusschaden\"}]},{\"@type\":\"WebSite\",\"@id\":\"https:\\\/\\\/atos-mvz.de\\\/wiesbaden\\\/#website\",\"url\":\"https:\\\/\\\/atos-mvz.de\\\/wiesbaden\\\/\",\"name\":\"MVZ Wiesbaden\",\"description\":\"\",\"potentialAction\":[{\"@type\":\"SearchAction\",\"target\":{\"@type\":\"EntryPoint\",\"urlTemplate\":\"https:\\\/\\\/atos-mvz.de\\\/wiesbaden\\\/?s={search_term_string}\"},\"query-input\":{\"@type\":\"PropertyValueSpecification\",\"valueRequired\":true,\"valueName\":\"search_term_string\"}}],\"inLanguage\":\"de\"}]}<\/script>\n<!-- \/ Yoast SEO plugin. -->","yoast_head_json":{"title":"Meniskusschaden - MVZ Wiesbaden","robots":{"index":"index","follow":"follow","max-snippet":"max-snippet:-1","max-image-preview":"max-image-preview:large","max-video-preview":"max-video-preview:-1"},"canonical":"https:\/\/atos-mvz.de\/wiesbaden\/bereiche\/knie\/meniskusschaden\/","og_locale":"de_DE","og_type":"article","og_title":"Meniskusschaden - MVZ Wiesbaden","og_url":"https:\/\/atos-mvz.de\/wiesbaden\/bereiche\/knie\/meniskusschaden\/","og_site_name":"MVZ Wiesbaden","article_modified_time":"2023-09-12T09:38:24+00:00","og_image":[{"url":"https:\/\/atos-mvz.de\/wiesbaden\/wp-content\/uploads\/sites\/22\/2023\/09\/meniskusschaden.png","type":"","width":"","height":""}],"twitter_card":"summary_large_image","schema":{"@context":"https:\/\/schema.org","@graph":[{"@type":"WebPage","@id":"https:\/\/atos-mvz.de\/wiesbaden\/bereiche\/knie\/meniskusschaden\/","url":"https:\/\/atos-mvz.de\/wiesbaden\/bereiche\/knie\/meniskusschaden\/","name":"Meniskusschaden - MVZ Wiesbaden","isPartOf":{"@id":"https:\/\/atos-mvz.de\/wiesbaden\/#website"},"primaryImageOfPage":{"@id":"https:\/\/atos-mvz.de\/wiesbaden\/bereiche\/knie\/meniskusschaden\/#primaryimage"},"image":{"@id":"https:\/\/atos-mvz.de\/wiesbaden\/bereiche\/knie\/meniskusschaden\/#primaryimage"},"thumbnailUrl":"https:\/\/atos-mvz.de\/wiesbaden\/wp-content\/uploads\/sites\/22\/2023\/09\/meniskusschaden.png","datePublished":"2023-09-12T09:37:38+00:00","dateModified":"2023-09-12T09:38:24+00:00","breadcrumb":{"@id":"https:\/\/atos-mvz.de\/wiesbaden\/bereiche\/knie\/meniskusschaden\/#breadcrumb"},"inLanguage":"de","potentialAction":[{"@type":"ReadAction","target":["https:\/\/atos-mvz.de\/wiesbaden\/bereiche\/knie\/meniskusschaden\/"]}]},{"@type":"ImageObject","inLanguage":"de","@id":"https:\/\/atos-mvz.de\/wiesbaden\/bereiche\/knie\/meniskusschaden\/#primaryimage","url":"https:\/\/atos-mvz.de\/wiesbaden\/wp-content\/uploads\/sites\/22\/2023\/09\/meniskusschaden.png","contentUrl":"https:\/\/atos-mvz.de\/wiesbaden\/wp-content\/uploads\/sites\/22\/2023\/09\/meniskusschaden.png","width":250,"height":182,"caption":"Riss im Innenmeniskushinterhorn"},{"@type":"BreadcrumbList","@id":"https:\/\/atos-mvz.de\/wiesbaden\/bereiche\/knie\/meniskusschaden\/#breadcrumb","itemListElement":[{"@type":"ListItem","position":1,"name":"Startseite","item":"https:\/\/atos-mvz.de\/wiesbaden\/startseite\/"},{"@type":"ListItem","position":2,"name":"Bereiche","item":"https:\/\/atos-mvz.de\/wiesbaden\/bereiche\/"},{"@type":"ListItem","position":3,"name":"Knie","item":"https:\/\/atos-mvz.de\/wiesbaden\/bereiche\/knie\/"},{"@type":"ListItem","position":4,"name":"Meniskusschaden"}]},{"@type":"WebSite","@id":"https:\/\/atos-mvz.de\/wiesbaden\/#website","url":"https:\/\/atos-mvz.de\/wiesbaden\/","name":"MVZ Wiesbaden","description":"","potentialAction":[{"@type":"SearchAction","target":{"@type":"EntryPoint","urlTemplate":"https:\/\/atos-mvz.de\/wiesbaden\/?s={search_term_string}"},"query-input":{"@type":"PropertyValueSpecification","valueRequired":true,"valueName":"search_term_string"}}],"inLanguage":"de"}]}},"_links":{"self":[{"href":"https:\/\/atos-mvz.de\/wiesbaden\/wp-json\/wp\/v2\/pages\/1258","targetHints":{"allow":["GET"]}}],"collection":[{"href":"https:\/\/atos-mvz.de\/wiesbaden\/wp-json\/wp\/v2\/pages"}],"about":[{"href":"https:\/\/atos-mvz.de\/wiesbaden\/wp-json\/wp\/v2\/types\/page"}],"author":[{"embeddable":true,"href":"https:\/\/atos-mvz.de\/wiesbaden\/wp-json\/wp\/v2\/users\/1"}],"replies":[{"embeddable":true,"href":"https:\/\/atos-mvz.de\/wiesbaden\/wp-json\/wp\/v2\/comments?post=1258"}],"version-history":[{"count":3,"href":"https:\/\/atos-mvz.de\/wiesbaden\/wp-json\/wp\/v2\/pages\/1258\/revisions"}],"predecessor-version":[{"id":1263,"href":"https:\/\/atos-mvz.de\/wiesbaden\/wp-json\/wp\/v2\/pages\/1258\/revisions\/1263"}],"up":[{"embeddable":true,"href":"https:\/\/atos-mvz.de\/wiesbaden\/wp-json\/wp\/v2\/pages\/1063"}],"wp:attachment":[{"href":"https:\/\/atos-mvz.de\/wiesbaden\/wp-json\/wp\/v2\/media?parent=1258"}],"curies":[{"name":"wp","href":"https:\/\/api.w.org\/{rel}","templated":true}]}}