{"id":1177,"date":"2023-09-11T17:28:43","date_gmt":"2023-09-11T15:28:43","guid":{"rendered":"https:\/\/atos-mvz.de\/wiesbaden\/?page_id=1177"},"modified":"2023-09-11T17:31:28","modified_gmt":"2023-09-11T15:31:28","slug":"impingement-syndrom-der-huefte","status":"publish","type":"page","link":"https:\/\/atos-mvz.de\/wiesbaden\/bereiche\/huefte\/impingement-syndrom-der-huefte\/","title":{"rendered":"Impingement-Syndrom der H\u00fcfte"},"content":{"rendered":"\n<style type=\"text\/css\" data-created_by=\"avia_inline_auto\" id=\"style-css-av-f66nuh-4ccf31d98c42dcd90ee33ed00344f3d3\">\n.avia-section.av-f66nuh-4ccf31d98c42dcd90ee33ed00344f3d3{\nbackground-repeat:no-repeat;\nbackground-image:url(https:\/\/atos-mvz.de\/wiesbaden\/wp-content\/uploads\/sites\/22\/2021\/01\/Hueftschmerzen_1700x600.jpg);\nbackground-position:50% 50%;\nbackground-attachment:scroll;\n}\n.avia-section.av-f66nuh-4ccf31d98c42dcd90ee33ed00344f3d3 .av-extra-border-element .av-extra-border-inner{\nbackground-color:#ffffff;\n}\n<\/style>\n<div id='header-img'  class='avia-section av-f66nuh-4ccf31d98c42dcd90ee33ed00344f3d3 main_color avia-section-huge avia-no-border-styling  avia-builder-el-0  el_before_av_section  avia-builder-el-first  avia-full-stretch avia-bg-style-scroll container_wrap fullsize'  data-section-bg-repeat='stretch'><div class='container av-section-cont-open' ><main  role=\"main\" itemprop=\"mainContentOfPage\"  class='template-page content  av-content-full alpha units'><div class='post-entry post-entry-type-page post-entry-1177'><div class='entry-content-wrapper clearfix'>\n\n<style type=\"text\/css\" data-created_by=\"avia_inline_auto\" id=\"style-css-av-e48hqx-7243c4550241819820598b9c7e206d9c\">\n#top .hr.hr-invisible.av-e48hqx-7243c4550241819820598b9c7e206d9c{\nheight:100px;\n}\n<\/style>\n<div  class='hr av-e48hqx-7243c4550241819820598b9c7e206d9c hr-invisible  avia-builder-el-1  avia-builder-el-no-sibling '><span class='hr-inner '><span class=\"hr-inner-style\"><\/span><\/span><\/div>\n\n<\/div><\/div><\/main><!-- close content main element --><\/div><div class='av-extra-border-element border-extra-diagonal border-extra-diagonal-inverse '><div class='av-extra-border-outer'><div class='av-extra-border-inner'><\/div><\/div><\/div><\/div>\n<style type=\"text\/css\" data-created_by=\"avia_inline_auto\" id=\"style-css-av-bvfr8p-9fd3789d51e258cf6c205f0b8da779b2\">\n.avia-section.av-bvfr8p-9fd3789d51e258cf6c205f0b8da779b2 .av-extra-border-element .av-extra-border-inner{\nbackground-color:#f1f0f5;\n}\n<\/style>\n<div id='av_section_2'  class='avia-section av-bvfr8p-9fd3789d51e258cf6c205f0b8da779b2 main_color avia-section-large avia-no-border-styling  avia-builder-el-2  el_after_av_section  avia-builder-el-last  small-container avia-bg-style-scroll container_wrap fullsize'  ><div class='container av-section-cont-open' ><div class='template-page content  av-content-full alpha units'><div class='post-entry post-entry-type-page post-entry-1177'><div class='entry-content-wrapper clearfix'>\n<section  class='av_textblock_section av-lmf1e9au-f29add9b1ee72cdb57f5914a684deec8 '   itemscope=\"itemscope\" itemtype=\"https:\/\/schema.org\/CreativeWork\" ><div class='avia_textblock'  itemprop=\"text\" ><h1><strong>Impingement-Syndrom der H\u00fcfte <\/strong>(Femoro-Acetabul\u00e4res Impingement FAI)<\/h1>\n<\/div><\/section>\n\n<style type=\"text\/css\" data-created_by=\"avia_inline_auto\" id=\"style-css-av-aoswm1-48349f0c8ab268258d4b163f69edef42\">\n#top .hr.av-aoswm1-48349f0c8ab268258d4b163f69edef42{\nmargin-top:0;\nmargin-bottom:30px;\n}\n.hr.av-aoswm1-48349f0c8ab268258d4b163f69edef42 .hr-inner{\nwidth:100%;\nborder-color:#f1f0f5;\n}\n<\/style>\n<div  class='hr av-aoswm1-48349f0c8ab268258d4b163f69edef42 hr-custom  avia-builder-el-4  el_after_av_textblock  el_before_av_textblock  hr-center hr-icon-no'><span class='hr-inner inner-border-av-border-thin'><span class=\"hr-inner-style\"><\/span><\/span><\/div>\n<section  class='av_textblock_section av-lmf1ejxr-b99c3b312a83cc31472ac2203b9b7de6 '   itemscope=\"itemscope\" itemtype=\"https:\/\/schema.org\/CreativeWork\" ><div class='avia_textblock'  itemprop=\"text\" ><h2><strong>Was ist ein Femoro-Acetabul\u00e4res Impingement?<\/strong><\/h2>\n<p>Unter einem Impingement, wie man es meistens an der Schulter findet, versteht man eine Einklemmung. Im Gegensatz zur Schulter, wo die Rotatorenmanschette und der Schleimbeutel unter dem Schulterdach eingeklemmt werden kommt es beim so genannten Femoro-Acetabul\u00e4ren Impingement, kurz: FAI (Enge-Syndrom zwischen H\u00fcftkopf und -pfanne) zu einem kn\u00f6chernen Anschlag zwischen dem gelenknahen Anteil des Schenkelhalses und der H\u00fcftpfanne.<\/p>\n<\/div><\/section>\n\n<style type=\"text\/css\" data-created_by=\"avia_inline_auto\" id=\"style-css-av-ylivd-87fa8fe2133c14971b0c47f2a1cb54e3\">\n#top .hr.av-ylivd-87fa8fe2133c14971b0c47f2a1cb54e3{\nmargin-top:20px;\nmargin-bottom:30px;\n}\n.hr.av-ylivd-87fa8fe2133c14971b0c47f2a1cb54e3 .hr-inner{\nwidth:100%;\nborder-color:#f1f0f5;\n}\n<\/style>\n<div  class='hr av-ylivd-87fa8fe2133c14971b0c47f2a1cb54e3 hr-custom  avia-builder-el-6  el_after_av_textblock  el_before_av_textblock  hr-center hr-icon-no'><span class='hr-inner inner-border-av-border-thin'><span class=\"hr-inner-style\"><\/span><\/span><\/div>\n<section  class='av_textblock_section av-lmf1ertg-5b2923c60737cb70baf68b297892651b '   itemscope=\"itemscope\" itemtype=\"https:\/\/schema.org\/CreativeWork\" ><div class='avia_textblock'  itemprop=\"text\" ><h2><strong>Welche Beschwerden treten auf?<\/strong><\/h2>\n<p>Die Patienten klagen im Wesentlichen \u00fcber Leistenschmerzen bei bestimmten Bewegungen des Beines. Ursache dieser Schmerzen ist ein mechanischer Konflikt zwischen dem vorderen Pfannenrand oder seiner Gelenklippe (Labrum) und dem vorderen Anteils des Schenkelhalses.<\/p>\n<\/div><\/section>\n\n<style type=\"text\/css\" data-created_by=\"avia_inline_auto\" id=\"style-css-av-7a9961-513eedce04db3f069d9d19cece9bed51\">\n#top .hr.av-7a9961-513eedce04db3f069d9d19cece9bed51{\nmargin-top:20px;\nmargin-bottom:30px;\n}\n.hr.av-7a9961-513eedce04db3f069d9d19cece9bed51 .hr-inner{\nwidth:100%;\nborder-color:#f1f0f5;\n}\n<\/style>\n<div  class='hr av-7a9961-513eedce04db3f069d9d19cece9bed51 hr-custom  avia-builder-el-8  el_after_av_textblock  el_before_av_textblock  hr-center hr-icon-no'><span class='hr-inner inner-border-av-border-thin'><span class=\"hr-inner-style\"><\/span><\/span><\/div>\n<section  class='av_textblock_section av-lmf1f7if-89f0c0f301ce37f66af18051cad31be4 '   itemscope=\"itemscope\" itemtype=\"https:\/\/schema.org\/CreativeWork\" ><div class='avia_textblock'  itemprop=\"text\" ><h2><strong>Was f\u00fcr Formen gibt es?<\/strong><\/h2>\n<p>Es gibt zwei Arten des FAI: Beim Pincer (=Kneifzangen) \u2013Impingement besteht eine Fehlstellung der H\u00fcftpfanne durch eine \u00d6ffnung der Pfannenebene nach hinten (Retroversion) oder eine zu stark ausgepr\u00e4gte Oberschenkelkopf\u00fcberdachung. Das Cam (=Nockenwellen)-Impingement ist gekennzeichnet durch kn\u00f6cherne Anbauten am Schenkelhals.<br \/>\nReine Pincer- oder Cam-FAI sind jedoch eher selten. In den meisten F\u00e4llen tritt eine Kombination aus beiden Typen auf. Durch das Anschlagen des H\u00fcftkopfes an die Pfanne entstehen oft Verletzungen am Labrum sowie am Knorpel.<br \/>\nLangfristig kommt es zu einem chronischen Reizzustand und zu irreparablen Gelenksch\u00e4digungen die in einer Coxarthrose m\u00fcnden k\u00f6nnen.<\/p>\n<div id=\"attachment_1181\" style=\"width: 285px\" class=\"wp-caption alignleft\"><img loading=\"lazy\" decoding=\"async\" aria-describedby=\"caption-attachment-1181\" class=\"size-medium wp-image-1181\" src=\"https:\/\/atos-mvz.de\/wiesbaden\/wp-content\/uploads\/sites\/22\/2023\/09\/cam-impingement-275x300.png\" alt=\"\" width=\"275\" height=\"300\" srcset=\"https:\/\/atos-mvz.de\/wiesbaden\/wp-content\/uploads\/sites\/22\/2023\/09\/cam-impingement-275x300.png 275w, https:\/\/atos-mvz.de\/wiesbaden\/wp-content\/uploads\/sites\/22\/2023\/09\/cam-impingement.png 400w\" sizes=\"auto, (max-width: 275px) 100vw, 275px\" \/><p id=\"caption-attachment-1181\" class=\"wp-caption-text\">Klassisches Cam-Impingement<\/p><\/div>\n<\/div><\/section>\n\n<style type=\"text\/css\" data-created_by=\"avia_inline_auto\" id=\"style-css-av-6j3gjt-754a447956155ad53d3ac911c34b758c\">\n#top .hr.av-6j3gjt-754a447956155ad53d3ac911c34b758c{\nmargin-top:20px;\nmargin-bottom:30px;\n}\n.hr.av-6j3gjt-754a447956155ad53d3ac911c34b758c .hr-inner{\nwidth:100%;\nborder-color:#f1f0f5;\n}\n<\/style>\n<div  class='hr av-6j3gjt-754a447956155ad53d3ac911c34b758c hr-custom  avia-builder-el-10  el_after_av_textblock  el_before_av_textblock  hr-center hr-icon-no'><span class='hr-inner inner-border-av-border-thin'><span class=\"hr-inner-style\"><\/span><\/span><\/div>\n<section  class='av_textblock_section av-lmf1fjk3-114c529a476d0b60df6ccee88da0f3a4 '   itemscope=\"itemscope\" itemtype=\"https:\/\/schema.org\/CreativeWork\" ><div class='avia_textblock'  itemprop=\"text\" ><h2><strong>Welche Untersuchungen sind erforderlich?<\/strong><\/h2>\n<p>Neben der genauen Anamnese und k\u00f6rperlichen Untersuchungen mit bestimmten Tests ist ein R\u00f6ntgenbild in zwei Ebenen unbedingt erforderlich. Darauf lassen sich meistens die wichtigsten Ver\u00e4nderungen bereits erkennen.<\/p>\n<p>Zur Beurteilung des Labrums hilft h\u00e4ufig die Sonografie, besser aber die Kernspintomografie (MRT), da hierbei auch der Knorpel beurteilt werden kann. In Ausnahmef\u00e4llen ist eine MRT mit Kontrastmittel als direkte Arthro-MRT erforderlich.<\/p>\n<div id=\"attachment_1182\" style=\"width: 310px\" class=\"wp-caption alignleft\"><img loading=\"lazy\" decoding=\"async\" aria-describedby=\"caption-attachment-1182\" class=\"size-medium wp-image-1182\" src=\"https:\/\/atos-mvz.de\/wiesbaden\/wp-content\/uploads\/sites\/22\/2023\/09\/labrumabloesung_im_arthro_mrt-300x266.png\" alt=\"\" width=\"300\" height=\"266\" srcset=\"https:\/\/atos-mvz.de\/wiesbaden\/wp-content\/uploads\/sites\/22\/2023\/09\/labrumabloesung_im_arthro_mrt-300x266.png 300w, https:\/\/atos-mvz.de\/wiesbaden\/wp-content\/uploads\/sites\/22\/2023\/09\/labrumabloesung_im_arthro_mrt.png 307w\" sizes=\"auto, (max-width: 300px) 100vw, 300px\" \/><p id=\"caption-attachment-1182\" class=\"wp-caption-text\">Labrumabl\u00f6sung im Arthro-MRT<\/p><\/div>\n<\/div><\/section>\n\n<style type=\"text\/css\" data-created_by=\"avia_inline_auto\" id=\"style-css-av-3lbsxl-dd68b89343ba928a7b6e851684a8dffd\">\n#top .hr.av-3lbsxl-dd68b89343ba928a7b6e851684a8dffd{\nmargin-top:20px;\nmargin-bottom:30px;\n}\n.hr.av-3lbsxl-dd68b89343ba928a7b6e851684a8dffd .hr-inner{\nwidth:100%;\nborder-color:#f1f0f5;\n}\n<\/style>\n<div  class='hr av-3lbsxl-dd68b89343ba928a7b6e851684a8dffd hr-custom  avia-builder-el-12  el_after_av_textblock  el_before_av_textblock  hr-center hr-icon-no'><span class='hr-inner inner-border-av-border-thin'><span class=\"hr-inner-style\"><\/span><\/span><\/div>\n<section  class='av_textblock_section av-lmf1g1md-ce772382f6e912065ad4760463b81d33 '   itemscope=\"itemscope\" itemtype=\"https:\/\/schema.org\/CreativeWork\" ><div class='avia_textblock'  itemprop=\"text\" ><h2><strong>Welche Therapiem\u00f6glichkeiten gibt es?<\/strong><\/h2>\n<p>Sind die Ver\u00e4nderungen noch nicht sehr weit fortgeschritten, kann eine konservative Therapie begonnen werden, in der z. B. durch Physiotherapie versucht wird, die eingeschr\u00e4nkte Beweglichkeit zu verbessern. Bei Versagen der konservativen Therapie oder bestimmten Voraussetzungen wie z. B. einem klassischen Cam-Impingement kommt die H\u00fcftarthroskopie zum Einsatz. Hiermit k\u00f6nnen die kn\u00f6chernen Ver\u00e4nderungen korrigiert werden.<br \/>\nJe nach Befund kann das Labrum gegl\u00e4ttet oder bei kompletten Abl\u00f6sungen wieder fixiert werden. Auch Ma\u00dfnahmen am Gelenkknorpel wie Gl\u00e4ttungen oder Mikrofrakturierung bis hin zur Knorpelzelltransplantation sind m\u00f6glich.<\/p>\n<p>Ziel ist es immer die korrekte kn\u00f6cherne Gelenkform wieder herzustellen und das Entstehen einer Arthrose zu vermeiden oder zumindest zu verz\u00f6gern.<\/p>\n<p>Um das Gelenk arthroskopisch einsehen zu k\u00f6nnen, muss der H\u00fcftkopf aus der Pfanne gezogen werden. Typischerweise geschieht dies mit Hilfe eines so genannten Extensionstisches. Dabei besteht allerdings ein nicht unerhebliches Risiko einer Nervensch\u00e4digung durch zu starken und langen Zug am Bein.<\/p>\n<p>Wir benutzen diesen in Seitenlage. Dadurch k\u00f6nnen die notwendigen Zugkr\u00e4fte reduziert und somit das Risiko von Druck- und Nervensch\u00e4den im Vergleich zur Operation in R\u00fcckenlage deutlich gemindert werden.<\/p>\n<div id=\"attachment_1118\" style=\"width: 310px\" class=\"wp-caption alignleft\"><img loading=\"lazy\" decoding=\"async\" aria-describedby=\"caption-attachment-1118\" class=\"size-medium wp-image-1118\" src=\"https:\/\/atos-mvz.de\/wiesbaden\/wp-content\/uploads\/sites\/22\/2023\/09\/HueftASK-300x245.jpg\" alt=\"\" width=\"300\" height=\"245\" srcset=\"https:\/\/atos-mvz.de\/wiesbaden\/wp-content\/uploads\/sites\/22\/2023\/09\/HueftASK-300x245.jpg 300w, https:\/\/atos-mvz.de\/wiesbaden\/wp-content\/uploads\/sites\/22\/2023\/09\/HueftASK.jpg 694w\" sizes=\"auto, (max-width: 300px) 100vw, 300px\" \/><p id=\"caption-attachment-1118\" class=\"wp-caption-text\">Intraoperatives R\u00f6ntgenbild mit distrahiertem H\u00fcftgelenk, sichtbar sind Kamera und Arbeitsger\u00e4t (&#8222;Shaver&#8220;)<\/p><\/div>\n<\/div><\/section>\n\n<style type=\"text\/css\" data-created_by=\"avia_inline_auto\" id=\"style-css-av-8kvqh-588bc251222bfc76a6026a7b1e37d028\">\n#top .hr.av-8kvqh-588bc251222bfc76a6026a7b1e37d028{\nmargin-top:20px;\nmargin-bottom:30px;\n}\n.hr.av-8kvqh-588bc251222bfc76a6026a7b1e37d028 .hr-inner{\nwidth:100%;\nborder-color:#f1f0f5;\n}\n<\/style>\n<div  class='hr av-8kvqh-588bc251222bfc76a6026a7b1e37d028 hr-custom  avia-builder-el-14  el_after_av_textblock  el_before_av_textblock  hr-center hr-icon-no'><span class='hr-inner inner-border-av-border-thin'><span class=\"hr-inner-style\"><\/span><\/span><\/div>\n<section  class='av_textblock_section av-lmf1gek7-4beec16c455269781a47c6677e991898 '   itemscope=\"itemscope\" itemtype=\"https:\/\/schema.org\/CreativeWork\" ><div class='avia_textblock'  itemprop=\"text\" ><h2><strong>Wie ist die Nachbehandlung nach H\u00fcftarthroskopie?<\/strong><\/h2>\n<p>Werden nur Knochen und Labrum gegl\u00e4ttet, gen\u00fcgt es in der Regel das Bein zwei Wochen an Unterarmgehst\u00f6cken teil zu belasten. Sehr sinnvoll ist ein reines unbelastetes Bewegungstraining auf einem Hometrainer um Verklebungen vorzubeugen. Wird eine Mikrofrakturierung durchgef\u00fchrt oder das Labrum wieder fixiert sind Teilbelastungen von 6 Wochen auch unter Vermeidung bestimmter Bewegungen notwendig.<\/p>\n<\/div><\/section>\n\n","protected":false},"excerpt":{"rendered":"","protected":false},"author":1,"featured_media":0,"parent":1112,"menu_order":0,"comment_status":"closed","ping_status":"closed","template":"","meta":{"footnotes":""},"class_list":["post-1177","page","type-page","status-publish","hentry"],"yoast_head":"<!-- This site is optimized with the Yoast SEO plugin v27.3 - https:\/\/yoast.com\/product\/yoast-seo-wordpress\/ -->\n<title>Impingement-Syndrom der H\u00fcfte - MVZ Wiesbaden<\/title>\n<meta name=\"robots\" content=\"index, follow, max-snippet:-1, max-image-preview:large, max-video-preview:-1\" \/>\n<link rel=\"canonical\" href=\"https:\/\/atos-mvz.de\/wiesbaden\/bereiche\/huefte\/impingement-syndrom-der-huefte\/\" \/>\n<meta property=\"og:locale\" content=\"de_DE\" \/>\n<meta property=\"og:type\" content=\"article\" \/>\n<meta property=\"og:title\" content=\"Impingement-Syndrom der H\u00fcfte - MVZ Wiesbaden\" \/>\n<meta property=\"og:url\" content=\"https:\/\/atos-mvz.de\/wiesbaden\/bereiche\/huefte\/impingement-syndrom-der-huefte\/\" \/>\n<meta property=\"og:site_name\" content=\"MVZ Wiesbaden\" \/>\n<meta property=\"article:modified_time\" content=\"2023-09-11T15:31:28+00:00\" \/>\n<meta property=\"og:image\" content=\"https:\/\/atos-mvz.de\/wiesbaden\/wp-content\/uploads\/sites\/22\/2023\/09\/cam-impingement-275x300.png\" \/>\n<meta name=\"twitter:card\" content=\"summary_large_image\" \/>\n<script type=\"application\/ld+json\" class=\"yoast-schema-graph\">{\"@context\":\"https:\\\/\\\/schema.org\",\"@graph\":[{\"@type\":\"WebPage\",\"@id\":\"https:\\\/\\\/atos-mvz.de\\\/wiesbaden\\\/bereiche\\\/huefte\\\/impingement-syndrom-der-huefte\\\/\",\"url\":\"https:\\\/\\\/atos-mvz.de\\\/wiesbaden\\\/bereiche\\\/huefte\\\/impingement-syndrom-der-huefte\\\/\",\"name\":\"Impingement-Syndrom der H\u00fcfte - MVZ Wiesbaden\",\"isPartOf\":{\"@id\":\"https:\\\/\\\/atos-mvz.de\\\/wiesbaden\\\/#website\"},\"primaryImageOfPage\":{\"@id\":\"https:\\\/\\\/atos-mvz.de\\\/wiesbaden\\\/bereiche\\\/huefte\\\/impingement-syndrom-der-huefte\\\/#primaryimage\"},\"image\":{\"@id\":\"https:\\\/\\\/atos-mvz.de\\\/wiesbaden\\\/bereiche\\\/huefte\\\/impingement-syndrom-der-huefte\\\/#primaryimage\"},\"thumbnailUrl\":\"https:\\\/\\\/atos-mvz.de\\\/wiesbaden\\\/wp-content\\\/uploads\\\/sites\\\/22\\\/2023\\\/09\\\/cam-impingement-275x300.png\",\"datePublished\":\"2023-09-11T15:28:43+00:00\",\"dateModified\":\"2023-09-11T15:31:28+00:00\",\"breadcrumb\":{\"@id\":\"https:\\\/\\\/atos-mvz.de\\\/wiesbaden\\\/bereiche\\\/huefte\\\/impingement-syndrom-der-huefte\\\/#breadcrumb\"},\"inLanguage\":\"de\",\"potentialAction\":[{\"@type\":\"ReadAction\",\"target\":[\"https:\\\/\\\/atos-mvz.de\\\/wiesbaden\\\/bereiche\\\/huefte\\\/impingement-syndrom-der-huefte\\\/\"]}]},{\"@type\":\"ImageObject\",\"inLanguage\":\"de\",\"@id\":\"https:\\\/\\\/atos-mvz.de\\\/wiesbaden\\\/bereiche\\\/huefte\\\/impingement-syndrom-der-huefte\\\/#primaryimage\",\"url\":\"https:\\\/\\\/atos-mvz.de\\\/wiesbaden\\\/wp-content\\\/uploads\\\/sites\\\/22\\\/2023\\\/09\\\/cam-impingement.png\",\"contentUrl\":\"https:\\\/\\\/atos-mvz.de\\\/wiesbaden\\\/wp-content\\\/uploads\\\/sites\\\/22\\\/2023\\\/09\\\/cam-impingement.png\",\"width\":400,\"height\":436,\"caption\":\"Klassisches Cam-Impingement\"},{\"@type\":\"BreadcrumbList\",\"@id\":\"https:\\\/\\\/atos-mvz.de\\\/wiesbaden\\\/bereiche\\\/huefte\\\/impingement-syndrom-der-huefte\\\/#breadcrumb\",\"itemListElement\":[{\"@type\":\"ListItem\",\"position\":1,\"name\":\"Startseite\",\"item\":\"https:\\\/\\\/atos-mvz.de\\\/wiesbaden\\\/startseite\\\/\"},{\"@type\":\"ListItem\",\"position\":2,\"name\":\"Bereiche\",\"item\":\"https:\\\/\\\/atos-mvz.de\\\/wiesbaden\\\/bereiche\\\/\"},{\"@type\":\"ListItem\",\"position\":3,\"name\":\"H\u00fcfte\",\"item\":\"https:\\\/\\\/atos-mvz.de\\\/wiesbaden\\\/bereiche\\\/huefte\\\/\"},{\"@type\":\"ListItem\",\"position\":4,\"name\":\"Impingement-Syndrom der H\u00fcfte\"}]},{\"@type\":\"WebSite\",\"@id\":\"https:\\\/\\\/atos-mvz.de\\\/wiesbaden\\\/#website\",\"url\":\"https:\\\/\\\/atos-mvz.de\\\/wiesbaden\\\/\",\"name\":\"MVZ Wiesbaden\",\"description\":\"\",\"potentialAction\":[{\"@type\":\"SearchAction\",\"target\":{\"@type\":\"EntryPoint\",\"urlTemplate\":\"https:\\\/\\\/atos-mvz.de\\\/wiesbaden\\\/?s={search_term_string}\"},\"query-input\":{\"@type\":\"PropertyValueSpecification\",\"valueRequired\":true,\"valueName\":\"search_term_string\"}}],\"inLanguage\":\"de\"}]}<\/script>\n<!-- \/ Yoast SEO plugin. -->","yoast_head_json":{"title":"Impingement-Syndrom der H\u00fcfte - MVZ Wiesbaden","robots":{"index":"index","follow":"follow","max-snippet":"max-snippet:-1","max-image-preview":"max-image-preview:large","max-video-preview":"max-video-preview:-1"},"canonical":"https:\/\/atos-mvz.de\/wiesbaden\/bereiche\/huefte\/impingement-syndrom-der-huefte\/","og_locale":"de_DE","og_type":"article","og_title":"Impingement-Syndrom der H\u00fcfte - MVZ Wiesbaden","og_url":"https:\/\/atos-mvz.de\/wiesbaden\/bereiche\/huefte\/impingement-syndrom-der-huefte\/","og_site_name":"MVZ Wiesbaden","article_modified_time":"2023-09-11T15:31:28+00:00","og_image":[{"url":"https:\/\/atos-mvz.de\/wiesbaden\/wp-content\/uploads\/sites\/22\/2023\/09\/cam-impingement-275x300.png","type":"","width":"","height":""}],"twitter_card":"summary_large_image","schema":{"@context":"https:\/\/schema.org","@graph":[{"@type":"WebPage","@id":"https:\/\/atos-mvz.de\/wiesbaden\/bereiche\/huefte\/impingement-syndrom-der-huefte\/","url":"https:\/\/atos-mvz.de\/wiesbaden\/bereiche\/huefte\/impingement-syndrom-der-huefte\/","name":"Impingement-Syndrom der H\u00fcfte - MVZ Wiesbaden","isPartOf":{"@id":"https:\/\/atos-mvz.de\/wiesbaden\/#website"},"primaryImageOfPage":{"@id":"https:\/\/atos-mvz.de\/wiesbaden\/bereiche\/huefte\/impingement-syndrom-der-huefte\/#primaryimage"},"image":{"@id":"https:\/\/atos-mvz.de\/wiesbaden\/bereiche\/huefte\/impingement-syndrom-der-huefte\/#primaryimage"},"thumbnailUrl":"https:\/\/atos-mvz.de\/wiesbaden\/wp-content\/uploads\/sites\/22\/2023\/09\/cam-impingement-275x300.png","datePublished":"2023-09-11T15:28:43+00:00","dateModified":"2023-09-11T15:31:28+00:00","breadcrumb":{"@id":"https:\/\/atos-mvz.de\/wiesbaden\/bereiche\/huefte\/impingement-syndrom-der-huefte\/#breadcrumb"},"inLanguage":"de","potentialAction":[{"@type":"ReadAction","target":["https:\/\/atos-mvz.de\/wiesbaden\/bereiche\/huefte\/impingement-syndrom-der-huefte\/"]}]},{"@type":"ImageObject","inLanguage":"de","@id":"https:\/\/atos-mvz.de\/wiesbaden\/bereiche\/huefte\/impingement-syndrom-der-huefte\/#primaryimage","url":"https:\/\/atos-mvz.de\/wiesbaden\/wp-content\/uploads\/sites\/22\/2023\/09\/cam-impingement.png","contentUrl":"https:\/\/atos-mvz.de\/wiesbaden\/wp-content\/uploads\/sites\/22\/2023\/09\/cam-impingement.png","width":400,"height":436,"caption":"Klassisches Cam-Impingement"},{"@type":"BreadcrumbList","@id":"https:\/\/atos-mvz.de\/wiesbaden\/bereiche\/huefte\/impingement-syndrom-der-huefte\/#breadcrumb","itemListElement":[{"@type":"ListItem","position":1,"name":"Startseite","item":"https:\/\/atos-mvz.de\/wiesbaden\/startseite\/"},{"@type":"ListItem","position":2,"name":"Bereiche","item":"https:\/\/atos-mvz.de\/wiesbaden\/bereiche\/"},{"@type":"ListItem","position":3,"name":"H\u00fcfte","item":"https:\/\/atos-mvz.de\/wiesbaden\/bereiche\/huefte\/"},{"@type":"ListItem","position":4,"name":"Impingement-Syndrom der H\u00fcfte"}]},{"@type":"WebSite","@id":"https:\/\/atos-mvz.de\/wiesbaden\/#website","url":"https:\/\/atos-mvz.de\/wiesbaden\/","name":"MVZ Wiesbaden","description":"","potentialAction":[{"@type":"SearchAction","target":{"@type":"EntryPoint","urlTemplate":"https:\/\/atos-mvz.de\/wiesbaden\/?s={search_term_string}"},"query-input":{"@type":"PropertyValueSpecification","valueRequired":true,"valueName":"search_term_string"}}],"inLanguage":"de"}]}},"_links":{"self":[{"href":"https:\/\/atos-mvz.de\/wiesbaden\/wp-json\/wp\/v2\/pages\/1177","targetHints":{"allow":["GET"]}}],"collection":[{"href":"https:\/\/atos-mvz.de\/wiesbaden\/wp-json\/wp\/v2\/pages"}],"about":[{"href":"https:\/\/atos-mvz.de\/wiesbaden\/wp-json\/wp\/v2\/types\/page"}],"author":[{"embeddable":true,"href":"https:\/\/atos-mvz.de\/wiesbaden\/wp-json\/wp\/v2\/users\/1"}],"replies":[{"embeddable":true,"href":"https:\/\/atos-mvz.de\/wiesbaden\/wp-json\/wp\/v2\/comments?post=1177"}],"version-history":[{"count":3,"href":"https:\/\/atos-mvz.de\/wiesbaden\/wp-json\/wp\/v2\/pages\/1177\/revisions"}],"predecessor-version":[{"id":1190,"href":"https:\/\/atos-mvz.de\/wiesbaden\/wp-json\/wp\/v2\/pages\/1177\/revisions\/1190"}],"up":[{"embeddable":true,"href":"https:\/\/atos-mvz.de\/wiesbaden\/wp-json\/wp\/v2\/pages\/1112"}],"wp:attachment":[{"href":"https:\/\/atos-mvz.de\/wiesbaden\/wp-json\/wp\/v2\/media?parent=1177"}],"curies":[{"name":"wp","href":"https:\/\/api.w.org\/{rel}","templated":true}]}}