{"id":33,"date":"2021-07-01T10:24:34","date_gmt":"2021-07-01T08:24:34","guid":{"rendered":"https:\/\/atos-mvz.de\/stuttgart\/?page_id=33"},"modified":"2025-07-29T12:14:30","modified_gmt":"2025-07-29T10:14:30","slug":"kontakt","status":"publish","type":"page","link":"https:\/\/atos-mvz.de\/stuttgart\/kontakt\/","title":{"rendered":"Kontakt"},"content":{"rendered":"\n<style type=\"text\/css\" data-created_by=\"avia_inline_auto\" id=\"style-css-av-kqkxn73m-cb6f878bc2e9eaf2c0b9d7737b073015\">\n.avia-section.av-kqkxn73m-cb6f878bc2e9eaf2c0b9d7737b073015{\nbackground-repeat:no-repeat;\nbackground-image:url(https:\/\/atos-mvz.de\/stuttgart\/wp-content\/uploads\/sites\/7\/2023\/09\/mvz-stg-1.jpg);\nbackground-position:50% 50%;\nbackground-attachment:scroll;\n}\n.avia-section.av-kqkxn73m-cb6f878bc2e9eaf2c0b9d7737b073015 .av-extra-border-element .av-extra-border-inner{\nbackground-color:#ffffff;\n}\n<\/style>\n<div id='header-img'  class='avia-section av-kqkxn73m-cb6f878bc2e9eaf2c0b9d7737b073015 main_color avia-section-large avia-no-border-styling  avia-builder-el-0  el_before_av_section  avia-builder-el-first  largeimg avia-full-stretch avia-bg-style-scroll container_wrap fullsize'  data-section-bg-repeat='stretch'><div class='container av-section-cont-open' ><main  role=\"main\" itemprop=\"mainContentOfPage\"  class='template-page content  av-content-full alpha units'><div class='post-entry post-entry-type-page post-entry-33'><div class='entry-content-wrapper clearfix'>\n<\/div><\/div><\/main><!-- close content main element --><\/div><div class='av-extra-border-element border-extra-diagonal border-extra-diagonal-inverse '><div class='av-extra-border-outer'><div class='av-extra-border-inner'><\/div><\/div><\/div><\/div><div id='av_section_2'  class='avia-section av-lmolaal9-f8bb812f4a0a13bb49a5e6b9c5590a8b main_color avia-section-large avia-no-border-styling  avia-builder-el-1  el_after_av_section  el_before_av_section  standort avia-bg-style-scroll container_wrap fullsize'  ><div class='container av-section-cont-open' ><div class='template-page content  av-content-full alpha units'><div class='post-entry post-entry-type-page post-entry-33'><div class='entry-content-wrapper clearfix'>\n<div  class='flex_column av-1l39t-ee58614ac31882301b8e32992e85a04b av_one_half  avia-builder-el-2  el_before_av_one_half  avia-builder-el-first  first flex_column_div  '     ><section  class='av_textblock_section av-kqkxoxi3-646551f56d27747c330b4fc20b2eb392 '   itemscope=\"itemscope\" itemtype=\"https:\/\/schema.org\/CreativeWork\" ><div class='avia_textblock'  itemprop=\"text\" ><h2><strong>Facharztzentrum<\/strong><br \/>\nin der ATOS Klinik Stuttgart<\/h2>\n<\/div><\/section><br \/>\n<div  class='avia-icon-list-container av-2qo6p-be271a17b28327bc8c475bd724f17aad  avia-builder-el-4  el_after_av_textblock  el_before_av_button '><ul class='avia-icon-list avia_animate_when_almost_visible avia-icon-list-left av-iconlist-small av-2qo6p-be271a17b28327bc8c475bd724f17aad avia-iconlist-animate'>\n<li><div class='iconlist_icon av-1059d-65cdf83500184e47b4fd1f6175964873 avia-font-fontello avia-iconfont avia-font-fontello'><span class='av-icon-char' data-av_icon='\ue800' data-av_iconfont='fontello' aria-hidden=\"true\"><\/span><\/div><article class=\"article-icon-entry av-iconlist-empty\"  itemscope=\"itemscope\" itemtype=\"https:\/\/schema.org\/CreativeWork\" ><div class=\"iconlist_content_wrap\"><header class=\"entry-content-header\" aria-label=\"Icon: Hohenheimer Stra\u00dfe 91<br>70184 Stuttgart\"><div class='av_iconlist_title iconlist_title_small  '  itemprop=\"headline\" >Hohenheimer Stra\u00dfe 91<br>70184 Stuttgart<\/div><\/header><div class='iconlist_content '  itemprop=\"text\" ><\/div><\/div><footer class=\"entry-footer\"><\/footer><\/article><div class=\"iconlist-timeline\"><\/div><\/li>\n<li><a href='tel:+497116662930' title='0711 66629-30'  class='iconlist_icon av-1v45h-c5518c5881503a1cdd50caa38d2eefc8 avia-font-fontello avia-iconfont avia-font-fontello'><span class='av-icon-char' data-av_icon='\ue802' data-av_iconfont='fontello' aria-hidden=\"true\"><\/span><\/a><article class=\"article-icon-entry av-iconlist-empty\"  itemscope=\"itemscope\" itemtype=\"https:\/\/schema.org\/CreativeWork\" ><div class=\"iconlist_content_wrap\"><header class=\"entry-content-header\" aria-label=\"Icon: &lt;a href=&#039;tel:+497116662930&#039; title=&#039;0711 66629-30&#039;&gt;0711 66629-30&lt;\/a&gt;\"><div class='av_iconlist_title iconlist_title_small  '  itemprop=\"headline\" ><a href='tel:+497116662930' title='0711 66629-30'>0711 66629-30<\/a><\/div><\/header><div class='iconlist_content '  itemprop=\"text\" ><\/div><\/div><footer class=\"entry-footer\"><\/footer><\/article><div class=\"iconlist-timeline\"><\/div><\/li>\n<li><a href='tel:+497116662932' title='0711 66629-32'  class='iconlist_icon av-1hkf5-ee5755bd25e054c44a26803f28e422f8 avia-font-fontello avia-iconfont avia-font-fontello'><span class='av-icon-char' data-av_icon='\ue802' data-av_iconfont='fontello' aria-hidden=\"true\"><\/span><\/a><article class=\"article-icon-entry av-iconlist-empty\"  itemscope=\"itemscope\" itemtype=\"https:\/\/schema.org\/CreativeWork\" ><div class=\"iconlist_content_wrap\"><header class=\"entry-content-header\" aria-label=\"Icon: &lt;a href=&#039;tel:+497116662932&#039; title=&#039;0711 66629-32&#039;&gt;0711 66629-32&lt;\/a&gt;\"><div class='av_iconlist_title iconlist_title_small  '  itemprop=\"headline\" ><a href='tel:+497116662932' title='0711 66629-32'>0711 66629-32<\/a><\/div><\/header><div class='iconlist_content '  itemprop=\"text\" ><\/div><\/div><footer class=\"entry-footer\"><\/footer><\/article><div class=\"iconlist-timeline\"><\/div><\/li>\n<li><a href='mailto:facharztzentrum-stuttgart@atos.de' title='facharztzentrum-stuttgart@atos.de'  class='iconlist_icon av-1059d-3-bd982dc9b1665296587bc780aa80ac3c avia-font-fontello avia-iconfont avia-font-fontello'><span class='av-icon-char' data-av_icon='\uf0e0' data-av_iconfont='fontello' aria-hidden=\"true\"><\/span><\/a><article class=\"article-icon-entry av-iconlist-empty\"  itemscope=\"itemscope\" itemtype=\"https:\/\/schema.org\/CreativeWork\" ><div class=\"iconlist_content_wrap\"><header class=\"entry-content-header\" aria-label=\"Icon: &lt;a href=&#039;mailto:facharztzentrum-stuttgart@atos.de&#039; title=&#039;facharztzentrum-stuttgart@atos.de&#039;&gt;facharztzentrum-stuttgart@atos.de&lt;\/a&gt;\"><div class='av_iconlist_title iconlist_title_small  '  itemprop=\"headline\" ><a href='mailto:facharztzentrum-stuttgart@atos.de' title='facharztzentrum-stuttgart@atos.de'>facharztzentrum-stuttgart@atos.de<\/a><\/div><\/header><div class='iconlist_content '  itemprop=\"text\" ><\/div><\/div><footer class=\"entry-footer\"><\/footer><\/article><div class=\"iconlist-timeline\"><\/div><\/li>\n<\/ul><\/div><br \/>\n<div  class='avia-button-wrap av-1ftud-9b0046b283c6a2a2f6ca990380dc4f35-wrap avia-button-left  avia-builder-el-5  el_after_av_iconlist  avia-builder-el-last '><a href='https:\/\/app.arzt-direkt.de\/atos-faz-stgt\/booking'  class='avia-button av-1ftud-9b0046b283c6a2a2f6ca990380dc4f35 av-link-btn avia-icon_select-yes-right-icon avia-size-small avia-position-left avia-color-theme-color'  target=\"_blank\"  rel=\"noopener noreferrer\"  aria-label=\"Termin vereinbaren\"><span class='avia_iconbox_title' >Termin vereinbaren<\/span><span class='avia_button_icon avia_button_icon_right avia-iconfont avia-font-entypo-fontello' data-av_icon='\ue85b' data-av_iconfont='entypo-fontello' ><\/span><\/a><\/div><\/p><\/div><div  class='flex_column av-popt-4fc1a3e6e45f5d89aaf12edcb26b4fc3 av_one_half  avia-builder-el-6  el_after_av_one_half  avia-builder-el-last  flex_column_div  '     ><section  class='av_textblock_section av-zi2ip-0b50e0d33ec48e3104b1eddb8ebc0e87 '   itemscope=\"itemscope\" itemtype=\"https:\/\/schema.org\/CreativeWork\" ><div class='avia_textblock'  itemprop=\"text\" ><h2><strong>\u00d6ffnungszeiten<\/strong><\/h2>\n<\/div><\/section><br \/>\n<div class='avia-data-table-wrap av-axe7t-7078db0a081ab111102688c82e1354de avia_scrollable_table avia-table-1'><table  class='avia-table avia-data-table avia_pricing_default  avia-builder-el-8  el_after_av_textblock  el_before_av_textblock '  itemscope=\"itemscope\" itemtype=\"https:\/\/schema.org\/Table\" ><tbody><tr class=''><td class=''>Montag<\/td><td class=''>8:00-17:00 Uhr<\/td><\/tr><tr class=''><td class=''>Dienstag<\/td><td class=''>8:00-18:00 Uhr<\/td><\/tr><tr class=''><td class=''>Mittwoch<\/td><td class=''>8:00-17:00 Uhr<\/td><\/tr><tr class=''><td class=''>Donnerstag<\/td><td class=''>8:00-17:00 Uhr<\/td><\/tr><tr class=''><td class=''>Freitag<\/td><td class=''>8:30-11:00 Uhr<\/td><\/tr><\/tbody><\/table><\/div><br \/>\n<section  class='av_textblock_section av-m4va12rm-821187a47b0563ff65a556ebddbe542a '   itemscope=\"itemscope\" itemtype=\"https:\/\/schema.org\/CreativeWork\" ><div class='avia_textblock'  itemprop=\"text\" ><h2><strong>Telefonische Erreichbarkeit<br \/>\n<\/strong><\/h2>\n<\/div><\/section><br \/>\n<div class='avia-data-table-wrap av-9z441-1481015f42c95cf227525a3a6a41add6 avia_scrollable_table avia-table-2'><table  class='avia-table avia-data-table avia_pricing_default  avia-builder-el-10  el_after_av_textblock  avia-builder-el-last '  itemscope=\"itemscope\" itemtype=\"https:\/\/schema.org\/Table\" ><tbody><tr class=''><td class=''>Montag<\/td><td class=''>8:30-16:30 Uhr<\/td><\/tr><tr class=''><td class=''>Dienstag<\/td><td class=''>8:30-17:30 Uhr<\/td><\/tr><tr class=''><td class=''>Mittwoch<\/td><td class=''>8:30-16:30 Uhr<\/td><\/tr><tr class=''><td class=''>Donnerstag<\/td><td class=''>8:30-16:30 Uhr<\/td><\/tr><tr class=''><td class=''>Freitag<\/td><td class=''>8:30-11:00 Uhr<\/td><\/tr><\/tbody><\/table><\/div><\/p><\/div>\n\n<\/div><\/div><\/div><!-- close content main div --><\/div><\/div><div id='av_section_3'  class='avia-section av-4xiax-45299ffe0e8bfb8ddcb0c29720512a18 main_color avia-section-large avia-no-border-styling  avia-builder-el-11  el_after_av_section  avia-builder-el-last  avia-bg-style-scroll container_wrap fullsize'  ><div class='container av-section-cont-open' ><div class='template-page content  av-content-full alpha units'><div class='post-entry post-entry-type-page post-entry-33'><div class='entry-content-wrapper clearfix'>\n\n<style type=\"text\/css\" data-created_by=\"avia_inline_auto\" id=\"style-css-av-1lu4h-14de2253aa09947fac8aab247bc5f31b\">\n.flex_column.av-1lu4h-14de2253aa09947fac8aab247bc5f31b{\nborder-radius:0px 0px 0px 0px;\npadding:0px 0px 0px 0px;\n}\n<\/style>\n<div  class='flex_column av-1lu4h-14de2253aa09947fac8aab247bc5f31b av_one_full  avia-builder-el-12  avia-builder-el-no-sibling  first flex_column_div av-zero-column-padding  '     ><section  class='av_textblock_section av-4oc7l-87eb17e5b0410fd0f216d7cfcafc2a45 '   itemscope=\"itemscope\" itemtype=\"https:\/\/schema.org\/CreativeWork\" ><div class='avia_textblock'  itemprop=\"text\" ><h2><strong>Praxiswegweiser<\/strong><\/h2>\n<\/div><\/section><br \/>\n<section  class='av_textblock_section av-zhyh-17c715db26ae51e6583f8c20c49896aa '   itemscope=\"itemscope\" itemtype=\"https:\/\/schema.org\/CreativeWork\" ><div class='avia_textblock'  itemprop=\"text\" ><p><strong>Facharztzentrum in der ATOS Klinik<\/strong><\/p>\n<p>Die Praxis befindet sich in der ATOS Klinik in der Hohenheimer Stra\u00dfe 91, 70184 Stuttgart im 4. Stock (Aufzug vorhanden).<\/p>\n<p>Zur Anreise mit den \u00d6ffentlichen Verkehrsmitteln h\u00e4lt die U-Bahn (U5, U6, U7 und U12) an der Haltestelle &#8222;Bopser (ATOS Klinik)&#8220; direkt vor der Klinik.<\/p>\n<p>Parkpl\u00e4tze f\u00fcr die Anfahrt mit dem PKW sind im Hof begrenzt verf\u00fcgbar (gekennzeichnet mit &#8222;Praxis\/Klinik&#8220;).<\/p>\n<\/div><\/section><\/p><\/div>\n","protected":false},"excerpt":{"rendered":"","protected":false},"author":1,"featured_media":0,"parent":0,"menu_order":0,"comment_status":"closed","ping_status":"closed","template":"","meta":{"footnotes":""},"class_list":["post-33","page","type-page","status-publish","hentry"],"yoast_head":"<!-- This site is optimized with the Yoast SEO plugin v27.3 - https:\/\/yoast.com\/product\/yoast-seo-wordpress\/ -->\n<title>Kontakt - ATOS Facharztzentrum Klinik Stuttgart<\/title>\n<meta name=\"robots\" content=\"index, follow, max-snippet:-1, max-image-preview:large, max-video-preview:-1\" \/>\n<link rel=\"canonical\" href=\"https:\/\/atos-mvz.de\/stuttgart\/kontakt\/\" \/>\n<meta property=\"og:locale\" content=\"de_DE\" \/>\n<meta property=\"og:type\" content=\"article\" \/>\n<meta property=\"og:title\" content=\"Kontakt - ATOS Facharztzentrum Klinik Stuttgart\" \/>\n<meta property=\"og:url\" content=\"https:\/\/atos-mvz.de\/stuttgart\/kontakt\/\" \/>\n<meta property=\"og:site_name\" content=\"ATOS Facharztzentrum Klinik Stuttgart\" \/>\n<meta property=\"article:modified_time\" content=\"2025-07-29T10:14:30+00:00\" \/>\n<meta name=\"twitter:card\" content=\"summary_large_image\" \/>\n<script type=\"application\/ld+json\" class=\"yoast-schema-graph\">{\"@context\":\"https:\\\/\\\/schema.org\",\"@graph\":[{\"@type\":\"WebPage\",\"@id\":\"https:\\\/\\\/atos-mvz.de\\\/stuttgart\\\/kontakt\\\/\",\"url\":\"https:\\\/\\\/atos-mvz.de\\\/stuttgart\\\/kontakt\\\/\",\"name\":\"Kontakt - ATOS Facharztzentrum Klinik Stuttgart\",\"isPartOf\":{\"@id\":\"https:\\\/\\\/atos-mvz.de\\\/stuttgart\\\/#website\"},\"datePublished\":\"2021-07-01T08:24:34+00:00\",\"dateModified\":\"2025-07-29T10:14:30+00:00\",\"breadcrumb\":{\"@id\":\"https:\\\/\\\/atos-mvz.de\\\/stuttgart\\\/kontakt\\\/#breadcrumb\"},\"inLanguage\":\"de\",\"potentialAction\":[{\"@type\":\"ReadAction\",\"target\":[\"https:\\\/\\\/atos-mvz.de\\\/stuttgart\\\/kontakt\\\/\"]}]},{\"@type\":\"BreadcrumbList\",\"@id\":\"https:\\\/\\\/atos-mvz.de\\\/stuttgart\\\/kontakt\\\/#breadcrumb\",\"itemListElement\":[{\"@type\":\"ListItem\",\"position\":1,\"name\":\"Startseite\",\"item\":\"https:\\\/\\\/atos-mvz.de\\\/stuttgart\\\/startseite\\\/\"},{\"@type\":\"ListItem\",\"position\":2,\"name\":\"Kontakt\"}]},{\"@type\":\"WebSite\",\"@id\":\"https:\\\/\\\/atos-mvz.de\\\/stuttgart\\\/#website\",\"url\":\"https:\\\/\\\/atos-mvz.de\\\/stuttgart\\\/\",\"name\":\"ATOS Facharztzentrum Klinik Stuttgart\",\"description\":\"\",\"potentialAction\":[{\"@type\":\"SearchAction\",\"target\":{\"@type\":\"EntryPoint\",\"urlTemplate\":\"https:\\\/\\\/atos-mvz.de\\\/stuttgart\\\/?s={search_term_string}\"},\"query-input\":{\"@type\":\"PropertyValueSpecification\",\"valueRequired\":true,\"valueName\":\"search_term_string\"}}],\"inLanguage\":\"de\"}]}<\/script>\n<!-- \/ Yoast SEO plugin. -->","yoast_head_json":{"title":"Kontakt - ATOS Facharztzentrum Klinik Stuttgart","robots":{"index":"index","follow":"follow","max-snippet":"max-snippet:-1","max-image-preview":"max-image-preview:large","max-video-preview":"max-video-preview:-1"},"canonical":"https:\/\/atos-mvz.de\/stuttgart\/kontakt\/","og_locale":"de_DE","og_type":"article","og_title":"Kontakt - ATOS Facharztzentrum Klinik Stuttgart","og_url":"https:\/\/atos-mvz.de\/stuttgart\/kontakt\/","og_site_name":"ATOS Facharztzentrum Klinik Stuttgart","article_modified_time":"2025-07-29T10:14:30+00:00","twitter_card":"summary_large_image","schema":{"@context":"https:\/\/schema.org","@graph":[{"@type":"WebPage","@id":"https:\/\/atos-mvz.de\/stuttgart\/kontakt\/","url":"https:\/\/atos-mvz.de\/stuttgart\/kontakt\/","name":"Kontakt - ATOS Facharztzentrum Klinik Stuttgart","isPartOf":{"@id":"https:\/\/atos-mvz.de\/stuttgart\/#website"},"datePublished":"2021-07-01T08:24:34+00:00","dateModified":"2025-07-29T10:14:30+00:00","breadcrumb":{"@id":"https:\/\/atos-mvz.de\/stuttgart\/kontakt\/#breadcrumb"},"inLanguage":"de","potentialAction":[{"@type":"ReadAction","target":["https:\/\/atos-mvz.de\/stuttgart\/kontakt\/"]}]},{"@type":"BreadcrumbList","@id":"https:\/\/atos-mvz.de\/stuttgart\/kontakt\/#breadcrumb","itemListElement":[{"@type":"ListItem","position":1,"name":"Startseite","item":"https:\/\/atos-mvz.de\/stuttgart\/startseite\/"},{"@type":"ListItem","position":2,"name":"Kontakt"}]},{"@type":"WebSite","@id":"https:\/\/atos-mvz.de\/stuttgart\/#website","url":"https:\/\/atos-mvz.de\/stuttgart\/","name":"ATOS Facharztzentrum Klinik Stuttgart","description":"","potentialAction":[{"@type":"SearchAction","target":{"@type":"EntryPoint","urlTemplate":"https:\/\/atos-mvz.de\/stuttgart\/?s={search_term_string}"},"query-input":{"@type":"PropertyValueSpecification","valueRequired":true,"valueName":"search_term_string"}}],"inLanguage":"de"}]}},"_links":{"self":[{"href":"https:\/\/atos-mvz.de\/stuttgart\/wp-json\/wp\/v2\/pages\/33","targetHints":{"allow":["GET"]}}],"collection":[{"href":"https:\/\/atos-mvz.de\/stuttgart\/wp-json\/wp\/v2\/pages"}],"about":[{"href":"https:\/\/atos-mvz.de\/stuttgart\/wp-json\/wp\/v2\/types\/page"}],"author":[{"embeddable":true,"href":"https:\/\/atos-mvz.de\/stuttgart\/wp-json\/wp\/v2\/users\/1"}],"replies":[{"embeddable":true,"href":"https:\/\/atos-mvz.de\/stuttgart\/wp-json\/wp\/v2\/comments?post=33"}],"version-history":[{"count":85,"href":"https:\/\/atos-mvz.de\/stuttgart\/wp-json\/wp\/v2\/pages\/33\/revisions"}],"predecessor-version":[{"id":1248,"href":"https:\/\/atos-mvz.de\/stuttgart\/wp-json\/wp\/v2\/pages\/33\/revisions\/1248"}],"wp:attachment":[{"href":"https:\/\/atos-mvz.de\/stuttgart\/wp-json\/wp\/v2\/media?parent=33"}],"curies":[{"name":"wp","href":"https:\/\/api.w.org\/{rel}","templated":true}]}}