{"id":1256,"date":"2025-08-04T16:24:58","date_gmt":"2025-08-04T14:24:58","guid":{"rendered":"https:\/\/atos-mvz.de\/stuttgart\/?page_id=1256"},"modified":"2025-08-06T08:25:20","modified_gmt":"2025-08-06T06:25:20","slug":"mrt","status":"publish","type":"page","link":"https:\/\/atos-mvz.de\/stuttgart\/mrt\/","title":{"rendered":"MRT"},"content":{"rendered":"\n<style type=\"text\/css\" data-created_by=\"avia_inline_auto\" id=\"style-css-av-b8wa6l-576a2c957171c87c56c7f8a842b9f2db\">\n.avia-section.av-b8wa6l-576a2c957171c87c56c7f8a842b9f2db{\nbackground-repeat:no-repeat;\nbackground-image:url(https:\/\/atos-mvz.de\/stuttgart\/wp-content\/uploads\/sites\/7\/2025\/08\/Titel_MRT_Muenchen_1920x550.jpg);\nbackground-position:50% 50%;\nbackground-attachment:scroll;\n}\n.avia-section.av-b8wa6l-576a2c957171c87c56c7f8a842b9f2db .av-extra-border-element .av-extra-border-inner{\nbackground-color:#ffffff;\n}\n<\/style>\n<div id='header-img'  class='avia-section av-b8wa6l-576a2c957171c87c56c7f8a842b9f2db main_color avia-section-default avia-no-border-styling  avia-builder-el-0  el_before_av_section  avia-builder-el-first  largeimg avia-full-stretch avia-bg-style-scroll av-minimum-height av-minimum-height-custom av-height-custom  container_wrap fullsize'  data-section-bg-repeat='stretch' data-av_minimum_height_px='200'><div class='container av-section-cont-open' style='height:200px'><main  role=\"main\" itemprop=\"mainContentOfPage\"  class='template-page content  av-content-full alpha units'><div class='post-entry post-entry-type-page post-entry-1256'><div class='entry-content-wrapper clearfix'>\n<\/div><\/div><\/main><!-- close content main element --><\/div><div class='av-extra-border-element border-extra-diagonal border-extra-diagonal-inverse '><div class='av-extra-border-outer'><div class='av-extra-border-inner'><\/div><\/div><\/div><\/div><div id='av_section_2'  class='avia-section av-8gwykd-8549f1a3db037c8f655506ec5e5297a1 main_color avia-section-large avia-no-border-styling  avia-builder-el-1  el_after_av_section  el_before_av_section  avia-bg-style-scroll container_wrap fullsize'  ><div class='container av-section-cont-open' ><div class='template-page content  av-content-full alpha units'><div class='post-entry post-entry-type-page post-entry-1256'><div class='entry-content-wrapper clearfix'>\n<div  class='flex_column av-7a3gql-850d959692b5ec29fde5422b6f4a9b48 av_one_full  avia-builder-el-2  avia-builder-el-no-sibling  first av-break-at-tablet flex_column_div  '     ><section  class='av_textblock_section av-lwhpgf23-ab3bf667c7de7d6dfc0375790141793e '   itemscope=\"itemscope\" itemtype=\"https:\/\/schema.org\/CreativeWork\" ><div class='avia_textblock'  itemprop=\"text\" ><h1 class=\"is--headline hl-style-1\">MRT \/ Radiologie im MVZ ATOS Stuttgart<\/h1>\n<p>Willkommen in unserer MRT-Privatpraxis in der ATOS\u2011Klinik Stuttgart. Als kleines Spezialzentrum bieten wir Privatpatienten, Selbstzahlern und BG-Versicherten eine kompetente radiologische Diagnostik \u2013 ohne \u201eBilderfabrik\u201c, daf\u00fcr mit Zeit und individueller Betreuung. Wir legen\u00a0Wert auf eine ruhige und ausf\u00fchrliche Kommunikation. Wir erkl\u00e4ren Ihnen Ablauf und Befund vor und nach der Untersuchung verst\u00e4ndlich, beantworten Fragen und gehen auf Ihre individuellen Anliegen ein.<\/p>\n<h2><strong>Hochmoderne MRT-Technik<\/strong> \u2013 Siemens Magnetom Aera 1,5\u202fT<\/h2>\n<p>Im Mittelpunkt unserer Diagnostik steht das Siemens Magnetom Aera 1,5 Tesla \u2013 ein MRT-System der neuesten Generation. Es vereint exzellente Bildqualit\u00e4t mit patientenfreundlichem Komfort:<\/p>\n<ul>\n<li>Gro\u00dfe \u00d6ffnung (70\u202fcm) f\u00fcr mehr Platzgef\u00fchl \u2013 ideal bei Klaustrophobie oder kr\u00e4ftigerer Statur<\/li>\n<li>Kurze Scanzeiten durch Turbo- und Hochleistungssequenzen<\/li>\n<li>Minimierte Artefakte \u2013 auch bei metallischen Implantaten<\/li>\n<li>Leise Betriebsmodi f\u00fcr ein angenehmeres Untersuchungserlebnis<\/li>\n<li>99\u202f% der Untersuchungen ohne Kontrastmittel \u2013 dank modernster Software und Sequenztechnik<\/li>\n<li>Dieses Ger\u00e4t bietet optimale Voraussetzungen f\u00fcr hochpr\u00e4zise Diagnostik \u2013 von Gelenken \u00fcber Wirbels\u00e4ule und Muskulatur bis zu neurologischen Fragestellungen.<\/li>\n<\/ul>\n<h2><strong>Einsatzgebiete der MRT<\/strong> in unserer Praxis in Stuttgart<\/h2>\n<p>Wir setzen die Magnetresonanztomographie unter anderem ein zur Abkl\u00e4rung von:<\/p>\n<ul>\n<li>R\u00fcckenschmerzen und Bandscheibenbeschwerden<\/li>\n<li>Gelenkproblemen (Knie, Schulter, H\u00fcfte, Sprunggelenk etc.)<\/li>\n<li>Muskelfaserrissen, Sportverletzungen<\/li>\n<li>Nervenengp\u00e4ssen (z.\u202fB. Karpaltunnel, Spinalkanalstenose)<\/li>\n<li>chronischen oder akuten Schmerzzust\u00e4nden<\/li>\n<li>Verlaufskontrollen nach Operationen oder Unf\u00e4llen<\/li>\n<li>Zusammenarbeit mit \u00fcberweisenden \u00c4rzt:innen<\/li>\n<\/ul>\n<\/div><\/section><\/div>\n\n<\/div><\/div><\/div><!-- close content main div --><\/div><\/div><div id='av_section_3'  class='avia-section av-mdzl1qfc-22e03f96a6f2e77cb3032a3e45800818 alternate_color avia-section-large avia-no-border-styling  avia-builder-el-4  el_after_av_section  el_before_av_section  avia-bg-style-scroll container_wrap fullsize'  ><div class='container av-section-cont-open' ><div class='template-page content  av-content-full alpha units'><div class='post-entry post-entry-type-page post-entry-1256'><div class='entry-content-wrapper clearfix'>\n<div  class='flex_column av-4gmrzc-011365d5b04cbac8bad18edf632752e3 av_one_third  avia-builder-el-5  el_before_av_two_third  avia-builder-el-first  first flex_column_div  '     ><section  class='av_textblock_section av-mdzkxh5l-78fc9e93793b6109c9929594896fb51c '   itemscope=\"itemscope\" itemtype=\"https:\/\/schema.org\/CreativeWork\" ><div class='avia_textblock'  itemprop=\"text\" ><h3>Wenn Sie Ihre Patient:innen zur <strong>MRT in Stuttgart<\/strong> \u00fcberweisen m\u00f6chten, profitieren Sie bei uns von:<\/h3>\n<\/div><\/section><\/div><div  class='flex_column av-200u0o-d5f6edec6e5f86fa25a5d1ac8d96f47c av_two_third  avia-builder-el-7  el_after_av_one_third  avia-builder-el-last  flex_column_div  '     ><style type=\"text\/css\" data-created_by=\"avia_inline_auto\" id=\"style-css-av-mdzl027k-eee54e48dfdd852907ec31be1687eda1\">\n#top .avia-icon-list-container.av-mdzl027k-eee54e48dfdd852907ec31be1687eda1 .iconlist_icon{\ncolor:#260461;\nbackground-color:#cdff00;\n}\n#top .avia-icon-list-container.av-mdzl027k-eee54e48dfdd852907ec31be1687eda1 .iconlist_icon svg:first-child{\nstroke:#260461;\nfill:#260461;\n}\n<\/style>\n<div  class='avia-icon-list-container av-mdzl027k-eee54e48dfdd852907ec31be1687eda1  avia-builder-el-8  avia-builder-el-no-sibling '><ul class='avia-icon-list avia_animate_when_almost_visible avia-icon-list-left av-iconlist-small av-mdzl027k-eee54e48dfdd852907ec31be1687eda1 avia-iconlist-animate'>\n<li><div class='iconlist_icon av-mdzkz1dv-26312ffb92d449e8487a9e18a2877ac0 avia-font-flaticon_dr_clasbrummel avia-iconfont avia-font-flaticon_dr_clasbrummel'><span class='av-icon-char' data-av_icon='\uf102' data-av_iconfont='flaticon_dr_clasbrummel' aria-hidden=\"true\"><\/span><\/div><article class=\"article-icon-entry av-iconlist-empty\"  itemscope=\"itemscope\" itemtype=\"https:\/\/schema.org\/CreativeWork\" ><div class=\"iconlist_content_wrap\"><header class=\"entry-content-header\" aria-label=\"Icon: schneller Terminvergabe\"><div class='av_iconlist_title iconlist_title_small  '  itemprop=\"headline\" >schneller Terminvergabe<\/div><\/header><div class='iconlist_content '  itemprop=\"text\" ><\/div><\/div><footer class=\"entry-footer\"><\/footer><\/article><div class=\"iconlist-timeline\"><\/div><\/li>\n<li><div class='iconlist_icon av-mdzkz1dv-4-ecd3f107da860f90fc5e3c9e6a0fd01f avia-font-flaticon_dr_clasbrummel avia-iconfont avia-font-flaticon_dr_clasbrummel'><span class='av-icon-char' data-av_icon='\uf102' data-av_iconfont='flaticon_dr_clasbrummel' aria-hidden=\"true\"><\/span><\/div><article class=\"article-icon-entry av-iconlist-empty\"  itemscope=\"itemscope\" itemtype=\"https:\/\/schema.org\/CreativeWork\" ><div class=\"iconlist_content_wrap\"><header class=\"entry-content-header\" aria-label=\"Icon: strukturierter Kommunikation\"><div class='av_iconlist_title iconlist_title_small  '  itemprop=\"headline\" >strukturierter Kommunikation<\/div><\/header><div class='iconlist_content '  itemprop=\"text\" ><\/div><\/div><footer class=\"entry-footer\"><\/footer><\/article><div class=\"iconlist-timeline\"><\/div><\/li>\n<li><div class='iconlist_icon av-mdzkz1dv-3-e18508c42d580e5fc2bd5fbe161f824d avia-font-flaticon_dr_clasbrummel avia-iconfont avia-font-flaticon_dr_clasbrummel'><span class='av-icon-char' data-av_icon='\uf102' data-av_iconfont='flaticon_dr_clasbrummel' aria-hidden=\"true\"><\/span><\/div><article class=\"article-icon-entry av-iconlist-empty\"  itemscope=\"itemscope\" itemtype=\"https:\/\/schema.org\/CreativeWork\" ><div class=\"iconlist_content_wrap\"><header class=\"entry-content-header\" aria-label=\"Icon: rascher Befund\u00fcbermittlung direkt an Ihre Praxis\"><div class='av_iconlist_title iconlist_title_small  '  itemprop=\"headline\" >rascher Befund\u00fcbermittlung direkt an Ihre Praxis<\/div><\/header><div class='iconlist_content '  itemprop=\"text\" ><\/div><\/div><footer class=\"entry-footer\"><\/footer><\/article><div class=\"iconlist-timeline\"><\/div><\/li>\n<li><div class='iconlist_icon av-mdzkz1dv-2-f540d02b1f71872d6168a40f8de128a0 avia-font-flaticon_dr_clasbrummel avia-iconfont avia-font-flaticon_dr_clasbrummel'><span class='av-icon-char' data-av_icon='\uf102' data-av_iconfont='flaticon_dr_clasbrummel' aria-hidden=\"true\"><\/span><\/div><article class=\"article-icon-entry av-iconlist-empty\"  itemscope=\"itemscope\" itemtype=\"https:\/\/schema.org\/CreativeWork\" ><div class=\"iconlist_content_wrap\"><header class=\"entry-content-header\" aria-label=\"Icon: fach\u00e4rztlicher Zweitmeinung bei komplexen Fragen\"><div class='av_iconlist_title iconlist_title_small  '  itemprop=\"headline\" >fach\u00e4rztlicher Zweitmeinung bei komplexen Fragen<\/div><\/header><div class='iconlist_content '  itemprop=\"text\" ><\/div><\/div><footer class=\"entry-footer\"><\/footer><\/article><div class=\"iconlist-timeline\"><\/div><\/li>\n<li><div class='iconlist_icon av-mdzkz1dv-2-b5de11f99f5ae625cea35bd086515ee7 avia-font-flaticon_dr_clasbrummel avia-iconfont avia-font-flaticon_dr_clasbrummel'><span class='av-icon-char' data-av_icon='\uf102' data-av_iconfont='flaticon_dr_clasbrummel' aria-hidden=\"true\"><\/span><\/div><article class=\"article-icon-entry av-iconlist-empty\"  itemscope=\"itemscope\" itemtype=\"https:\/\/schema.org\/CreativeWork\" ><div class=\"iconlist_content_wrap\"><header class=\"entry-content-header\" aria-label=\"Icon: Sie erreichen uns telefonisch oder per E\u2011Mail \u2013 oder direkt \u00fcber unser Kontaktformular.\"><div class='av_iconlist_title iconlist_title_small  '  itemprop=\"headline\" >Sie erreichen uns telefonisch oder per E\u2011Mail \u2013 oder direkt \u00fcber unser Kontaktformular.<\/div><\/header><div class='iconlist_content '  itemprop=\"text\" ><\/div><\/div><footer class=\"entry-footer\"><\/footer><\/article><div class=\"iconlist-timeline\"><\/div><\/li>\n<\/ul><\/div><\/div><\/div><\/div><\/div><!-- close content main div --><\/div><\/div>\n<style type=\"text\/css\" data-created_by=\"avia_inline_auto\" id=\"style-css-av-6kg3zx-05ab68a71e84075d1fc204488ae55d91\">\n.avia-section.av-6kg3zx-05ab68a71e84075d1fc204488ae55d91{\nbackground-repeat:no-repeat;\nbackground-image:url(https:\/\/atos-mvz.de\/stuttgart\/wp-content\/uploads\/sites\/7\/2021\/07\/Therapien-Titel-1500x700-1.jpg);\nbackground-position:50% 50%;\nbackground-attachment:scroll;\n}\n.avia-section.av-6kg3zx-05ab68a71e84075d1fc204488ae55d91 .av-section-color-overlay{\nopacity:0.9;\nbackground-color:#482683;\n}\n<\/style>\n<div id='cta'  class='avia-section av-6kg3zx-05ab68a71e84075d1fc204488ae55d91 main_color avia-section-large avia-no-border-styling  avia-builder-el-9  el_after_av_section  avia-builder-el-last  avia-full-stretch avia-bg-style-scroll av-section-color-overlay-active container_wrap fullsize'  data-section-bg-repeat='stretch'><div class=\"av-section-color-overlay-wrap\"><div class=\"av-section-color-overlay\"><\/div><div class='container av-section-cont-open' ><div class='template-page content  av-content-full alpha units'><div class='post-entry post-entry-type-page post-entry-1256'><div class='entry-content-wrapper clearfix'>\n<div  class='flex_column av-4whby5-0c54f1bb4ccff38865f1280b8a0cdfb2 av_two_third  avia-builder-el-10  avia-builder-el-no-sibling  first av-break-at-tablet flex_column_div  '     ><style type=\"text\/css\" data-created_by=\"avia_inline_auto\" id=\"style-css-av-lwhpgr9s-85afc8fbaa90fc40a5713221d4a8b4af\">\n#top .av_textblock_section.av-lwhpgr9s-85afc8fbaa90fc40a5713221d4a8b4af .avia_textblock{\ncolor:#ffffff;\n}\n<\/style>\n<section  class='av_textblock_section av-lwhpgr9s-85afc8fbaa90fc40a5713221d4a8b4af '   itemscope=\"itemscope\" itemtype=\"https:\/\/schema.org\/CreativeWork\" ><div class='avia_textblock av_inherit_color'  itemprop=\"text\" ><h2><strong>Termin vereinbaren<\/strong> oder Frage stellen<\/h2>\n<p><strong data-end=\"2989\" data-start=\"2956\">Privatpraxis f\u00fcr MRT Gunzenh\u00e4user<\/strong><br \/>\nATOS-Klinik Stuttgart<br \/>\nHohenheimer Str.\u202f91, 70184 Stuttgart<br \/>\nTel.: \u00a0<a href=\"tel:071191212249\">0711\u2009\u2013\u200991212249<\/a><br \/>\nMail:\u00a0<a href=\"mailto:info@gunzmrt.de\">info@gunzmrt.de<\/a><br \/>\nWeb:\u202f<a href=\"https:\/\/www.gunzmrt.de\/\" target=\"_new\" rel=\"noreferrer noopener\" data-end=\"3145\" data-start=\"3105\">www.gunzmrt.de<\/a><\/p>\n<\/div><\/section><br \/>\n<div  class='avia-button-wrap av-2wzlml-030f1847770e6781504ecd4eca66c0d5-wrap avia-button-left  avia-builder-el-12  el_after_av_textblock  avia-builder-el-last '><a href='https:\/\/connect2.booking4med.de\/b4m-patient\/searchStage?skipMobileCheck=true&amp;customerCodeMapping=7be9152b3b144ebeb72dfc089ba78ae0&amp;sid='  class='avia-button av-2wzlml-030f1847770e6781504ecd4eca66c0d5 av-link-btn avia-icon_select-yes-right-icon avia-size-small avia-position-left avia-color-theme-color-highlight'  target=\"_blank\"  rel=\"noopener noreferrer\"  aria-label=\"Termin vereinbaren\"><span class='avia_iconbox_title' >Termin vereinbaren<\/span><span class='avia_button_icon avia_button_icon_right avia-iconfont avia-font-entypo-fontello' data-av_icon='\ue862' data-av_iconfont='entypo-fontello' ><\/span><\/a><\/div><\/p><\/div>\n<\/p>\n","protected":false},"excerpt":{"rendered":"","protected":false},"author":3,"featured_media":0,"parent":0,"menu_order":0,"comment_status":"closed","ping_status":"closed","template":"","meta":{"footnotes":""},"class_list":["post-1256","page","type-page","status-publish","hentry"],"yoast_head":"<!-- This site is optimized with the Yoast SEO plugin v27.3 - https:\/\/yoast.com\/product\/yoast-seo-wordpress\/ -->\n<title>MRT - ATOS Facharztzentrum Klinik Stuttgart<\/title>\n<meta name=\"description\" content=\"MRT-Privatpraxis in der ATOS\u2011Klinik Stuttgart. Kleines Spezialzentrum f\u00fcr Privatpatienten, Selbstzahler und BG-Versicherte\" \/>\n<meta name=\"robots\" content=\"index, follow, max-snippet:-1, max-image-preview:large, max-video-preview:-1\" \/>\n<link rel=\"canonical\" href=\"https:\/\/atos-mvz.de\/stuttgart\/mrt\/\" \/>\n<meta property=\"og:locale\" content=\"de_DE\" \/>\n<meta property=\"og:type\" content=\"article\" \/>\n<meta property=\"og:title\" content=\"MRT - ATOS Facharztzentrum Klinik Stuttgart\" \/>\n<meta property=\"og:description\" content=\"MRT-Privatpraxis in der ATOS\u2011Klinik Stuttgart. Kleines Spezialzentrum f\u00fcr Privatpatienten, Selbstzahler und BG-Versicherte\" \/>\n<meta property=\"og:url\" content=\"https:\/\/atos-mvz.de\/stuttgart\/mrt\/\" \/>\n<meta property=\"og:site_name\" content=\"ATOS Facharztzentrum Klinik Stuttgart\" \/>\n<meta property=\"article:modified_time\" content=\"2025-08-06T06:25:20+00:00\" \/>\n<meta name=\"twitter:card\" content=\"summary_large_image\" \/>\n<script type=\"application\/ld+json\" class=\"yoast-schema-graph\">{\"@context\":\"https:\\\/\\\/schema.org\",\"@graph\":[{\"@type\":\"WebPage\",\"@id\":\"https:\\\/\\\/atos-mvz.de\\\/stuttgart\\\/mrt\\\/\",\"url\":\"https:\\\/\\\/atos-mvz.de\\\/stuttgart\\\/mrt\\\/\",\"name\":\"MRT - ATOS Facharztzentrum Klinik Stuttgart\",\"isPartOf\":{\"@id\":\"https:\\\/\\\/atos-mvz.de\\\/stuttgart\\\/#website\"},\"datePublished\":\"2025-08-04T14:24:58+00:00\",\"dateModified\":\"2025-08-06T06:25:20+00:00\",\"description\":\"MRT-Privatpraxis in der ATOS\u2011Klinik Stuttgart. Kleines Spezialzentrum f\u00fcr Privatpatienten, Selbstzahler und BG-Versicherte\",\"breadcrumb\":{\"@id\":\"https:\\\/\\\/atos-mvz.de\\\/stuttgart\\\/mrt\\\/#breadcrumb\"},\"inLanguage\":\"de\",\"potentialAction\":[{\"@type\":\"ReadAction\",\"target\":[\"https:\\\/\\\/atos-mvz.de\\\/stuttgart\\\/mrt\\\/\"]}]},{\"@type\":\"BreadcrumbList\",\"@id\":\"https:\\\/\\\/atos-mvz.de\\\/stuttgart\\\/mrt\\\/#breadcrumb\",\"itemListElement\":[{\"@type\":\"ListItem\",\"position\":1,\"name\":\"Startseite\",\"item\":\"https:\\\/\\\/atos-mvz.de\\\/stuttgart\\\/startseite\\\/\"},{\"@type\":\"ListItem\",\"position\":2,\"name\":\"MRT\"}]},{\"@type\":\"WebSite\",\"@id\":\"https:\\\/\\\/atos-mvz.de\\\/stuttgart\\\/#website\",\"url\":\"https:\\\/\\\/atos-mvz.de\\\/stuttgart\\\/\",\"name\":\"ATOS Facharztzentrum Klinik Stuttgart\",\"description\":\"\",\"potentialAction\":[{\"@type\":\"SearchAction\",\"target\":{\"@type\":\"EntryPoint\",\"urlTemplate\":\"https:\\\/\\\/atos-mvz.de\\\/stuttgart\\\/?s={search_term_string}\"},\"query-input\":{\"@type\":\"PropertyValueSpecification\",\"valueRequired\":true,\"valueName\":\"search_term_string\"}}],\"inLanguage\":\"de\"}]}<\/script>\n<!-- \/ Yoast SEO plugin. -->","yoast_head_json":{"title":"MRT - ATOS Facharztzentrum Klinik Stuttgart","description":"MRT-Privatpraxis in der ATOS\u2011Klinik Stuttgart. Kleines Spezialzentrum f\u00fcr Privatpatienten, Selbstzahler und BG-Versicherte","robots":{"index":"index","follow":"follow","max-snippet":"max-snippet:-1","max-image-preview":"max-image-preview:large","max-video-preview":"max-video-preview:-1"},"canonical":"https:\/\/atos-mvz.de\/stuttgart\/mrt\/","og_locale":"de_DE","og_type":"article","og_title":"MRT - ATOS Facharztzentrum Klinik Stuttgart","og_description":"MRT-Privatpraxis in der ATOS\u2011Klinik Stuttgart. Kleines Spezialzentrum f\u00fcr Privatpatienten, Selbstzahler und BG-Versicherte","og_url":"https:\/\/atos-mvz.de\/stuttgart\/mrt\/","og_site_name":"ATOS Facharztzentrum Klinik Stuttgart","article_modified_time":"2025-08-06T06:25:20+00:00","twitter_card":"summary_large_image","schema":{"@context":"https:\/\/schema.org","@graph":[{"@type":"WebPage","@id":"https:\/\/atos-mvz.de\/stuttgart\/mrt\/","url":"https:\/\/atos-mvz.de\/stuttgart\/mrt\/","name":"MRT - ATOS Facharztzentrum Klinik Stuttgart","isPartOf":{"@id":"https:\/\/atos-mvz.de\/stuttgart\/#website"},"datePublished":"2025-08-04T14:24:58+00:00","dateModified":"2025-08-06T06:25:20+00:00","description":"MRT-Privatpraxis in der ATOS\u2011Klinik Stuttgart. Kleines Spezialzentrum f\u00fcr Privatpatienten, Selbstzahler und BG-Versicherte","breadcrumb":{"@id":"https:\/\/atos-mvz.de\/stuttgart\/mrt\/#breadcrumb"},"inLanguage":"de","potentialAction":[{"@type":"ReadAction","target":["https:\/\/atos-mvz.de\/stuttgart\/mrt\/"]}]},{"@type":"BreadcrumbList","@id":"https:\/\/atos-mvz.de\/stuttgart\/mrt\/#breadcrumb","itemListElement":[{"@type":"ListItem","position":1,"name":"Startseite","item":"https:\/\/atos-mvz.de\/stuttgart\/startseite\/"},{"@type":"ListItem","position":2,"name":"MRT"}]},{"@type":"WebSite","@id":"https:\/\/atos-mvz.de\/stuttgart\/#website","url":"https:\/\/atos-mvz.de\/stuttgart\/","name":"ATOS Facharztzentrum Klinik Stuttgart","description":"","potentialAction":[{"@type":"SearchAction","target":{"@type":"EntryPoint","urlTemplate":"https:\/\/atos-mvz.de\/stuttgart\/?s={search_term_string}"},"query-input":{"@type":"PropertyValueSpecification","valueRequired":true,"valueName":"search_term_string"}}],"inLanguage":"de"}]}},"_links":{"self":[{"href":"https:\/\/atos-mvz.de\/stuttgart\/wp-json\/wp\/v2\/pages\/1256","targetHints":{"allow":["GET"]}}],"collection":[{"href":"https:\/\/atos-mvz.de\/stuttgart\/wp-json\/wp\/v2\/pages"}],"about":[{"href":"https:\/\/atos-mvz.de\/stuttgart\/wp-json\/wp\/v2\/types\/page"}],"author":[{"embeddable":true,"href":"https:\/\/atos-mvz.de\/stuttgart\/wp-json\/wp\/v2\/users\/3"}],"replies":[{"embeddable":true,"href":"https:\/\/atos-mvz.de\/stuttgart\/wp-json\/wp\/v2\/comments?post=1256"}],"version-history":[{"count":9,"href":"https:\/\/atos-mvz.de\/stuttgart\/wp-json\/wp\/v2\/pages\/1256\/revisions"}],"predecessor-version":[{"id":1312,"href":"https:\/\/atos-mvz.de\/stuttgart\/wp-json\/wp\/v2\/pages\/1256\/revisions\/1312"}],"wp:attachment":[{"href":"https:\/\/atos-mvz.de\/stuttgart\/wp-json\/wp\/v2\/media?parent=1256"}],"curies":[{"name":"wp","href":"https:\/\/api.w.org\/{rel}","templated":true}]}}