{"id":1078,"date":"2024-05-22T15:32:35","date_gmt":"2024-05-22T13:32:35","guid":{"rendered":"https:\/\/atos-mvz.de\/stuttgart\/?page_id=1078"},"modified":"2026-01-15T17:04:04","modified_gmt":"2026-01-15T16:04:04","slug":"facettengelenksarthrose","status":"publish","type":"page","link":"https:\/\/atos-mvz.de\/stuttgart\/facettengelenksarthrose\/","title":{"rendered":"Facettengelenksarthrose"},"content":{"rendered":"\n<style type=\"text\/css\" data-created_by=\"avia_inline_auto\" id=\"style-css-av-lwhv41uq-03b9c13d2133210516d23087e4f2b4d6\">\n.avia-section.av-lwhv41uq-03b9c13d2133210516d23087e4f2b4d6{\nbackground-repeat:no-repeat;\nbackground-image:url(https:\/\/atos-mvz.de\/stuttgart\/wp-content\/uploads\/sites\/7\/2024\/05\/mvz-stg-11.jpg);\nbackground-position:50% 50%;\nbackground-attachment:scroll;\n}\n.avia-section.av-lwhv41uq-03b9c13d2133210516d23087e4f2b4d6 .av-extra-border-element .av-extra-border-inner{\nbackground-color:#ffffff;\n}\n<\/style>\n<div id='header-img'  class='avia-section av-lwhv41uq-03b9c13d2133210516d23087e4f2b4d6 main_color avia-section-default avia-no-border-styling  avia-builder-el-0  el_before_av_section  avia-builder-el-first  largeimg avia-full-stretch avia-bg-style-scroll av-minimum-height av-minimum-height-custom av-height-custom  container_wrap fullsize'  data-section-bg-repeat='stretch' data-av_minimum_height_px='200'><div class='container av-section-cont-open' style='height:200px'><main  role=\"main\" itemprop=\"mainContentOfPage\"  class='template-page content  av-content-full alpha units'><div class='post-entry post-entry-type-page post-entry-1078'><div class='entry-content-wrapper clearfix'>\n<\/div><\/div><\/main><!-- close content main element --><\/div><div class='av-extra-border-element border-extra-diagonal border-extra-diagonal-inverse '><div class='av-extra-border-outer'><div class='av-extra-border-inner'><\/div><\/div><\/div><\/div><div id='av_section_2'  class='avia-section av-bf7wna-5ddaa6eb287e1e0897f3727faeb154e6 main_color avia-section-large avia-no-border-styling  avia-builder-el-1  el_after_av_section  el_before_av_section  avia-bg-style-scroll container_wrap fullsize'  ><div class='container av-section-cont-open' ><div class='template-page content  av-content-full alpha units'><div class='post-entry post-entry-type-page post-entry-1078'><div class='entry-content-wrapper clearfix'>\n<div  class='flex_column av-8kqkae-7cf1097c3c3483bba4948f55372b07b9 av_one_full  avia-builder-el-2  avia-builder-el-no-sibling  first av-break-at-tablet flex_column_div  '     ><section  class='av_textblock_section av-lwhv49d0-0d6ef2f95caefd0bb8ee368e3ffe68ee '   itemscope=\"itemscope\" itemtype=\"https:\/\/schema.org\/CreativeWork\" ><div class='avia_textblock'  itemprop=\"text\" ><h1><strong>Facettengelenksarthrose<\/strong><\/h1>\n<\/div><\/section><br \/>\n\n<style type=\"text\/css\" data-created_by=\"avia_inline_auto\" id=\"style-css-av-lwhv5wnt-f745d5211387be95c75aa542586d7b85\">\n#top .togglecontainer.av-lwhv5wnt-f745d5211387be95c75aa542586d7b85 p.toggler{\nbackground-color:#ffffff;\n}\n#top .togglecontainer.av-lwhv5wnt-f745d5211387be95c75aa542586d7b85 p.toggler.activeTitle{\nbackground-color:#ffffff;\n}\n#top .togglecontainer.av-lwhv5wnt-f745d5211387be95c75aa542586d7b85 .toggle_wrap .toggle_content{\nbackground-color:#ffffff;\n}\n<\/style>\n<div  class='togglecontainer av-lwhv5wnt-f745d5211387be95c75aa542586d7b85 av-minimal-toggle  avia-builder-el-4  el_after_av_textblock  avia-builder-el-last  toggle_close_all' >\n<section class='av_toggle_section av-lwhv4ot7-a4624e60661afd3f174a27d4c1d4b05a'  itemscope=\"itemscope\" itemtype=\"https:\/\/schema.org\/CreativeWork\" ><div role=\"tablist\" class=\"single_toggle\" data-tags=\"{Alle} \"  ><p id='toggle-toggle-id-1' data-fake-id='#toggle-id-1' class='toggler  activeTitle av-title-above '  itemprop=\"headline\"  role='tab' tabindex='0' aria-controls='toggle-id-1' data-slide-speed=\"200\" data-title=\"Was ist ein Facettensyndrom \/ eine Facettengelenksarthrose?\" data-title-open=\"\" data-aria_collapsed=\"Click to expand: Was ist ein Facettensyndrom \/ eine Facettengelenksarthrose?\" data-aria_expanded=\"Click to collapse: Was ist ein Facettensyndrom \/ eine Facettengelenksarthrose?\">Was ist ein Facettensyndrom \/ eine Facettengelenksarthrose?<span class=\"toggle_icon\"><span class=\"vert_icon\"><\/span><span class=\"hor_icon\"><\/span><\/span><\/p><div id='toggle-id-1' aria-labelledby='toggle-toggle-id-1' role='region' class='toggle_wrap  active_tc av-title-above' style='display:block;' ><div class='toggle_content invers-color '  itemprop=\"text\" ><p>Die kleinsten funktionellen Einheiten der Wirbels\u00e4ule sind die Wirbelsegmente, die aus benachbarten Wirbelk\u00f6rpern, Bandscheiben, Facettengelenken und B\u00e4ndern bestehen. Diese Struktur erm\u00f6glicht die Beweglichkeit der Wirbels\u00e4ule. Wenn sich mit zunehmendem Alter die Bandscheiben verschlei\u00dfen, k\u00f6nnen diese Segmente nicht mehr wie gewohnt zusammenarbeiten. Die Wirbel r\u00fccken n\u00e4her zusammen, der sch\u00fctzende Knorpel wird abgenutzt und die Knochen der Facettengelenke reiben aneinander. Dadurch k\u00f6nnen Knochenwucherungen entstehen, die auch die Nerven beeinflussen k\u00f6nnen.<\/p>\n<p>Neben dem Verschlei\u00df im Alter k\u00f6nnen auch chronische Fehlstellungen, Fehlbelastungen, Bandscheibenvorf\u00e4lle, Operationen oder starkes \u00dcbergewicht zu einer schmerzhaften Arthrose f\u00fchren.<\/p>\n<\/div><\/div><\/div><\/section>\n<section class='av_toggle_section av-lwhv4wc4-da0493192dcefb923dc93df0542e992a'  itemscope=\"itemscope\" itemtype=\"https:\/\/schema.org\/CreativeWork\" ><div role=\"tablist\" class=\"single_toggle\" data-tags=\"{Alle} \"  ><p id='toggle-toggle-id-2' data-fake-id='#toggle-id-2' class='toggler  av-title-above '  itemprop=\"headline\"  role='tab' tabindex='0' aria-controls='toggle-id-2' data-slide-speed=\"200\" data-title=\"Symptome eines Facettensyndroms \/ einer Facettengelenksarthrose\" data-title-open=\"\" data-aria_collapsed=\"Click to expand: Symptome eines Facettensyndroms \/ einer Facettengelenksarthrose\" data-aria_expanded=\"Click to collapse: Symptome eines Facettensyndroms \/ einer Facettengelenksarthrose\">Symptome eines Facettensyndroms \/ einer Facettengelenksarthrose<span class=\"toggle_icon\"><span class=\"vert_icon\"><\/span><span class=\"hor_icon\"><\/span><\/span><\/p><div id='toggle-id-2' aria-labelledby='toggle-toggle-id-2' role='region' class='toggle_wrap  av-title-above'  ><div class='toggle_content invers-color '  itemprop=\"text\" ><p>Patienten mit Facettengelenksarthrose klagen oft \u00fcber unspezifische R\u00fcckenschmerzen, da h\u00e4ufig auch andere Degenerationen in diesem Bereich vorhanden sind. Die Symptome variieren je nach betroffenem Bereich der Arthrose, sind jedoch h\u00e4ufig bei den stark belasteten Regionen der Lenden- (lumbales Facettensyndrom) und Halswirbels\u00e4ule (zervikales Facettensyndrom) zu finden.<\/p>\n<p>Typische Symptome sind belastungsabh\u00e4ngige R\u00fcckenschmerzen, insbesondere nach l\u00e4ngeren Ruhephasen wie morgens. Aber auch Ruheschmerzen sind h\u00e4ufig und k\u00f6nnen nachts besonders qu\u00e4lend sein. Betroffene nehmen oft eine Schonhaltung ein, die zu Muskelverspannungen und verst\u00e4rkten Schmerzen f\u00fchren kann.<\/p>\n<p>Das zervikale Facettensyndrom kann Kopf- oder Nackenschmerzen verursachen. Die Schmerzen k\u00f6nnen in Schultern und Arme ausstrahlen und bei Nervenbeteiligung zu Kribbeln, Taubheitsgef\u00fchlen oder sogar L\u00e4hmungen f\u00fchren. Ein lumbales Facettensyndrom verursacht dumpfe R\u00fcckenschmerzen, die in die Leisten oder das Ges\u00e4\u00df ausstrahlen k\u00f6nnen.<\/p>\n<p>Wenn die Symptome unbehandelt bleiben, besteht die Gefahr von chronischen Schmerzen. Das Schmerzzentrum im Gehirn erh\u00e4lt kontinuierlich Impulse von den betroffenen Nerven und gibt sie schlie\u00dflich als chronische Schmerzen weiter, was zu einer Einschr\u00e4nkung der Mobilit\u00e4t f\u00fchren kann.<\/p>\n<\/div><\/div><\/div><\/section>\n<section class='av_toggle_section av-lwhv57ld-c6925e3ec3f2ec67ce62a04f7730d83b'  itemscope=\"itemscope\" itemtype=\"https:\/\/schema.org\/CreativeWork\" ><div role=\"tablist\" class=\"single_toggle\" data-tags=\"{Alle} \"  ><p id='toggle-toggle-id-3' data-fake-id='#toggle-id-3' class='toggler  av-title-above '  itemprop=\"headline\"  role='tab' tabindex='0' aria-controls='toggle-id-3' data-slide-speed=\"200\" data-title=\"Diagnose eines Facettensyndroms \/ einer Facettengelenksarthrose\" data-title-open=\"\" data-aria_collapsed=\"Click to expand: Diagnose eines Facettensyndroms \/ einer Facettengelenksarthrose\" data-aria_expanded=\"Click to collapse: Diagnose eines Facettensyndroms \/ einer Facettengelenksarthrose\">Diagnose eines Facettensyndroms \/ einer Facettengelenksarthrose<span class=\"toggle_icon\"><span class=\"vert_icon\"><\/span><span class=\"hor_icon\"><\/span><\/span><\/p><div id='toggle-id-3' aria-labelledby='toggle-toggle-id-3' role='region' class='toggle_wrap  av-title-above'  ><div class='toggle_content invers-color '  itemprop=\"text\" ><p>Nach einer ausf\u00fchrlichen Anamnese untersuchen die Wirbels\u00e4ulenspezialisten die Beweglichkeit und Sensibilit\u00e4t des Patienten. Durch spezielle Drucktests kann der genaue Ort und die Art der Schmerzen lokalisiert werden. Ultraschall-, CT-, R\u00f6ntgen- oder MRT-Bilder zeigen, ob kn\u00f6cherne oder andere strukturelle Ver\u00e4nderungen erkennbar sind. Um festzustellen, ob die Schmerzen von den Facettengelenken ausgehen, k\u00f6nnen Schmerz- oder Bet\u00e4ubungsmittel unter R\u00f6ntgenkontrolle in die betroffenen Gelenke injiziert werden. Wenn der Patient w\u00e4hrend dieser Injektion schmerzfrei ist, ist die Diagnose einer Arthrose gesichert.<\/p>\n<\/div><\/div><\/div><\/section>\n<section class='av_toggle_section av-lwhv5g71-7645998516ace8c16fce76199a1b41b8'  itemscope=\"itemscope\" itemtype=\"https:\/\/schema.org\/CreativeWork\" ><div role=\"tablist\" class=\"single_toggle\" data-tags=\"{Alle} \"  ><p id='toggle-toggle-id-4' data-fake-id='#toggle-id-4' class='toggler  av-title-above '  itemprop=\"headline\"  role='tab' tabindex='0' aria-controls='toggle-id-4' data-slide-speed=\"200\" data-title=\"Konservative Behandlung eines Facettensyndroms \/ einer Facettengelenksarthrose\" data-title-open=\"\" data-aria_collapsed=\"Click to expand: Konservative Behandlung eines Facettensyndroms \/ einer Facettengelenksarthrose\" data-aria_expanded=\"Click to collapse: Konservative Behandlung eines Facettensyndroms \/ einer Facettengelenksarthrose\">Konservative Behandlung eines Facettensyndroms \/ einer Facettengelenksarthrose<span class=\"toggle_icon\"><span class=\"vert_icon\"><\/span><span class=\"hor_icon\"><\/span><\/span><\/p><div id='toggle-id-4' aria-labelledby='toggle-toggle-id-4' role='region' class='toggle_wrap  av-title-above'  ><div class='toggle_content invers-color '  itemprop=\"text\" ><p>Zur konservativen Therapie geh\u00f6ren physiotherapeutische \u00dcbungen zur St\u00e4rkung und Dehnung der Muskulatur. R\u00fcckenorthesen k\u00f6nnen ebenfalls eingesetzt werden. Schmerzmittel k\u00f6nnen diese Ma\u00dfnahmen erg\u00e4nzen und unterst\u00fctzen. Bei chronischen Schmerzen kann eine Ultraschalltherapie angewendet werden, um die Schmerzleitung der betroffenen Nerven zu unterbrechen. Injektionen von Schmerzmitteln, Kortison, Hyalurons\u00e4ure oder Eigenblut in das Gelenk k\u00f6nnen ebenfalls helfen, Schmerzen zu lindern und das Gelenk zu entlasten.<\/p>\n<\/div><\/div><\/div><\/section>\n<section class='av_toggle_section av-lwhv5nrb-737a0b5bbac3552c6a7e96265e649ed4'  itemscope=\"itemscope\" itemtype=\"https:\/\/schema.org\/CreativeWork\" ><div role=\"tablist\" class=\"single_toggle\" data-tags=\"{Alle} \"  ><p id='toggle-toggle-id-5' data-fake-id='#toggle-id-5' class='toggler  av-title-above '  itemprop=\"headline\"  role='tab' tabindex='0' aria-controls='toggle-id-5' data-slide-speed=\"200\" data-title=\"Operative Behandlung eines Facettensyndroms \/ einer Facettengelenksarthrose\" data-title-open=\"\" data-aria_collapsed=\"Click to expand: Operative Behandlung eines Facettensyndroms \/ einer Facettengelenksarthrose\" data-aria_expanded=\"Click to collapse: Operative Behandlung eines Facettensyndroms \/ einer Facettengelenksarthrose\">Operative Behandlung eines Facettensyndroms \/ einer Facettengelenksarthrose<span class=\"toggle_icon\"><span class=\"vert_icon\"><\/span><span class=\"hor_icon\"><\/span><\/span><\/p><div id='toggle-id-5' aria-labelledby='toggle-toggle-id-5' role='region' class='toggle_wrap  av-title-above'  ><div class='toggle_content invers-color '  itemprop=\"text\" ><p>Wenn die Beschwerden mit konservativen Ma\u00dfnahmen nicht gelindert werden k\u00f6nnen, k\u00f6nnen operative Methoden angewendet werden, je nach individuellem Beschwerdebild des Patienten. Bei der minimalinvasiven Thermodenervation wird durch eine Nadel, die \u00fcber eine Kan\u00fcle eingef\u00fchrt wird, gezielte Hitze auf die schmerzleitenden Nerven angewendet, um sie zu ver\u00f6den. Es k\u00f6nnen auch interspin\u00f6se Spreizer minimalinvasiv zwischen den Wirbelk\u00f6rpern implantiert werden, um das Gelenk zu entlasten. Bei schwerem Verschlei\u00df kann eine Versteifung der Wirbels\u00e4ule (Spondylodese) in dem betroffenen Bereich erforderlich sein. Dabei wird das arthritische Gelenk mit Platten und St\u00e4ben fixiert, um eine Fusion zu erm\u00f6glichen und die Stabilit\u00e4t zu gew\u00e4hrleisten.<\/p>\n<\/div><\/div><\/div><\/section>\n<section class='av_toggle_section av-lwhv5vho-d95acc293f8ea74cf7698c071f7054e5'  itemscope=\"itemscope\" itemtype=\"https:\/\/schema.org\/CreativeWork\" ><div role=\"tablist\" class=\"single_toggle\" data-tags=\"{Alle} \"  ><p id='toggle-toggle-id-6' data-fake-id='#toggle-id-6' class='toggler  av-title-above '  itemprop=\"headline\"  role='tab' tabindex='0' aria-controls='toggle-id-6' data-slide-speed=\"200\" data-title=\"Rehabilitation nach einem Facettensyndrom \/ einer Facettengelenksarthrose\" data-title-open=\"\" data-aria_collapsed=\"Click to expand: Rehabilitation nach einem Facettensyndrom \/ einer Facettengelenksarthrose\" data-aria_expanded=\"Click to collapse: Rehabilitation nach einem Facettensyndrom \/ einer Facettengelenksarthrose\">Rehabilitation nach einem Facettensyndrom \/ einer Facettengelenksarthrose<span class=\"toggle_icon\"><span class=\"vert_icon\"><\/span><span class=\"hor_icon\"><\/span><\/span><\/p><div id='toggle-id-6' aria-labelledby='toggle-toggle-id-6' role='region' class='toggle_wrap  av-title-above'  ><div class='toggle_content invers-color '  itemprop=\"text\" ><p>Unabh\u00e4ngig von der durchgef\u00fchrten Therapie steht die muskul\u00e4re Stabilisierung der Wirbels\u00e4ule durch Physiotherapie im Vordergrund. Bei minimalinvasiven Eingriffen k\u00f6nnen die Patienten in der Regel sofort aufstehen und gehen. Bei einer Versteifung der Wirbels\u00e4ule sind die Ma\u00dfnahmen etwas umfangreicher und k\u00f6nnen eine Korsettbehandlung erforderlich machen. Gezielte physiotherapeutische \u00dcbungen werden nach und nach hinzugef\u00fcgt. Die eigentliche Rehabilitation kann nach etwa zw\u00f6lf Wochen beginnen.<\/p>\n<\/div><\/div><\/div><\/section>\n<\/div><\/p><\/div>\n\n<\/div><\/div><\/div><!-- close content main div --><\/div><\/div>\n<style type=\"text\/css\" data-created_by=\"avia_inline_auto\" id=\"style-css-av-87rj0m-8bb31f7619b245e3a1861902ec17dd55\">\n.avia-section.av-87rj0m-8bb31f7619b245e3a1861902ec17dd55{\nbackground-repeat:no-repeat;\nbackground-image:url(https:\/\/atos-mvz.de\/stuttgart\/wp-content\/uploads\/sites\/7\/2021\/07\/Therapien-Titel-1500x700-1.jpg);\nbackground-position:50% 50%;\nbackground-attachment:scroll;\n}\n.avia-section.av-87rj0m-8bb31f7619b245e3a1861902ec17dd55 .av-section-color-overlay{\nopacity:0.9;\nbackground-color:#482683;\n}\n<\/style>\n<div id='cta'  class='avia-section av-87rj0m-8bb31f7619b245e3a1861902ec17dd55 main_color avia-section-large avia-no-border-styling  avia-builder-el-5  el_after_av_section  avia-builder-el-last  avia-full-stretch avia-bg-style-scroll av-section-color-overlay-active container_wrap fullsize'  data-section-bg-repeat='stretch'><div class=\"av-section-color-overlay-wrap\"><div class=\"av-section-color-overlay\"><\/div><div class='container av-section-cont-open' ><div class='template-page content  av-content-full alpha units'><div class='post-entry post-entry-type-page post-entry-1078'><div class='entry-content-wrapper clearfix'>\n<div  class='flex_column av-60k0p2-e1107a88d064e764b1ecd9d711cc1cf5 av_two_third  avia-builder-el-6  avia-builder-el-no-sibling  first av-break-at-tablet flex_column_div  '     ><style type=\"text\/css\" data-created_by=\"avia_inline_auto\" id=\"style-css-av-4lbvt2-998fd1ad018fa2f030e686d6cf2e9ca3\">\n#top .av_textblock_section.av-4lbvt2-998fd1ad018fa2f030e686d6cf2e9ca3 .avia_textblock{\ncolor:#ffffff;\n}\n<\/style>\n<section  class='av_textblock_section av-4lbvt2-998fd1ad018fa2f030e686d6cf2e9ca3 '   itemscope=\"itemscope\" itemtype=\"https:\/\/schema.org\/CreativeWork\" ><div class='avia_textblock av_inherit_color'  itemprop=\"text\" ><h2><strong>Termin vereinbaren<\/strong> oder Frage stellen<\/h2>\n<p>Sollten auch Sie unter akuten oder chronischen Gelenkschmerzen leiden, k\u00f6nnen Sie unsere Praxis in Stuttgart Mitte unter der folgenden Telefonnummer erreichen:<\/p>\n<\/div><\/section><br \/>\n<div  class='avia-button-wrap av-2d0al2-63c9f092ccbf411d595615ad3132b918-wrap avia-button-left  avia-builder-el-8  el_after_av_textblock  avia-builder-el-last '><a href='tel:+497116662930'  class='avia-button av-2d0al2-63c9f092ccbf411d595615ad3132b918 av-link-btn avia-icon_select-yes-right-icon avia-size-small avia-position-left avia-color-theme-color-highlight'   aria-label=\"0711 66629-30\"><span class='avia_iconbox_title' >0711 66629-30<\/span><span class='avia_button_icon avia_button_icon_right avia-iconfont avia-font-fontello' data-av_icon='\ue802' data-av_iconfont='fontello' ><\/span><\/a><\/div><\/p><\/div>\n\n","protected":false},"excerpt":{"rendered":"","protected":false},"author":1,"featured_media":0,"parent":0,"menu_order":0,"comment_status":"closed","ping_status":"closed","template":"","meta":{"footnotes":""},"class_list":["post-1078","page","type-page","status-publish","hentry"],"yoast_head":"<!-- This site is optimized with the Yoast SEO plugin v27.3 - https:\/\/yoast.com\/product\/yoast-seo-wordpress\/ -->\n<title>Facettengelenksarthrose - ATOS Facharztzentrum Klinik Stuttgart<\/title>\n<meta name=\"description\" content=\"Facettengelenksarthrose in Stuttgart: Diagnostik und Orthop\u00e4die bei Beschwerden der kleinen Wirbelgelenke. Schmerzlinderung, Funktionserhalt.\" \/>\n<meta name=\"robots\" content=\"index, follow, max-snippet:-1, max-image-preview:large, max-video-preview:-1\" \/>\n<link rel=\"canonical\" href=\"https:\/\/atos-mvz.de\/stuttgart\/facettengelenksarthrose\/\" \/>\n<meta property=\"og:locale\" content=\"de_DE\" \/>\n<meta property=\"og:type\" content=\"article\" \/>\n<meta property=\"og:title\" content=\"Facettengelenksarthrose - ATOS Facharztzentrum Klinik Stuttgart\" \/>\n<meta property=\"og:description\" content=\"Facettengelenksarthrose in Stuttgart: Diagnostik und Orthop\u00e4die bei Beschwerden der kleinen Wirbelgelenke. Schmerzlinderung, Funktionserhalt.\" \/>\n<meta property=\"og:url\" content=\"https:\/\/atos-mvz.de\/stuttgart\/facettengelenksarthrose\/\" \/>\n<meta property=\"og:site_name\" content=\"ATOS Facharztzentrum Klinik Stuttgart\" \/>\n<meta property=\"article:modified_time\" content=\"2026-01-15T16:04:04+00:00\" \/>\n<meta name=\"twitter:card\" content=\"summary_large_image\" \/>\n<script type=\"application\/ld+json\" class=\"yoast-schema-graph\">{\"@context\":\"https:\\\/\\\/schema.org\",\"@graph\":[{\"@type\":\"WebPage\",\"@id\":\"https:\\\/\\\/atos-mvz.de\\\/stuttgart\\\/facettengelenksarthrose\\\/\",\"url\":\"https:\\\/\\\/atos-mvz.de\\\/stuttgart\\\/facettengelenksarthrose\\\/\",\"name\":\"Facettengelenksarthrose - ATOS Facharztzentrum Klinik Stuttgart\",\"isPartOf\":{\"@id\":\"https:\\\/\\\/atos-mvz.de\\\/stuttgart\\\/#website\"},\"datePublished\":\"2024-05-22T13:32:35+00:00\",\"dateModified\":\"2026-01-15T16:04:04+00:00\",\"description\":\"Facettengelenksarthrose in Stuttgart: Diagnostik und Orthop\u00e4die bei Beschwerden der kleinen Wirbelgelenke. Schmerzlinderung, Funktionserhalt.\",\"breadcrumb\":{\"@id\":\"https:\\\/\\\/atos-mvz.de\\\/stuttgart\\\/facettengelenksarthrose\\\/#breadcrumb\"},\"inLanguage\":\"de\",\"potentialAction\":[{\"@type\":\"ReadAction\",\"target\":[\"https:\\\/\\\/atos-mvz.de\\\/stuttgart\\\/facettengelenksarthrose\\\/\"]}]},{\"@type\":\"BreadcrumbList\",\"@id\":\"https:\\\/\\\/atos-mvz.de\\\/stuttgart\\\/facettengelenksarthrose\\\/#breadcrumb\",\"itemListElement\":[{\"@type\":\"ListItem\",\"position\":1,\"name\":\"Startseite\",\"item\":\"https:\\\/\\\/atos-mvz.de\\\/stuttgart\\\/startseite\\\/\"},{\"@type\":\"ListItem\",\"position\":2,\"name\":\"Facettengelenksarthrose\"}]},{\"@type\":\"WebSite\",\"@id\":\"https:\\\/\\\/atos-mvz.de\\\/stuttgart\\\/#website\",\"url\":\"https:\\\/\\\/atos-mvz.de\\\/stuttgart\\\/\",\"name\":\"ATOS Facharztzentrum Klinik Stuttgart\",\"description\":\"\",\"potentialAction\":[{\"@type\":\"SearchAction\",\"target\":{\"@type\":\"EntryPoint\",\"urlTemplate\":\"https:\\\/\\\/atos-mvz.de\\\/stuttgart\\\/?s={search_term_string}\"},\"query-input\":{\"@type\":\"PropertyValueSpecification\",\"valueRequired\":true,\"valueName\":\"search_term_string\"}}],\"inLanguage\":\"de\"}]}<\/script>\n<!-- \/ Yoast SEO plugin. -->","yoast_head_json":{"title":"Facettengelenksarthrose - ATOS Facharztzentrum Klinik Stuttgart","description":"Facettengelenksarthrose in Stuttgart: Diagnostik und Orthop\u00e4die bei Beschwerden der kleinen Wirbelgelenke. Schmerzlinderung, Funktionserhalt.","robots":{"index":"index","follow":"follow","max-snippet":"max-snippet:-1","max-image-preview":"max-image-preview:large","max-video-preview":"max-video-preview:-1"},"canonical":"https:\/\/atos-mvz.de\/stuttgart\/facettengelenksarthrose\/","og_locale":"de_DE","og_type":"article","og_title":"Facettengelenksarthrose - ATOS Facharztzentrum Klinik Stuttgart","og_description":"Facettengelenksarthrose in Stuttgart: Diagnostik und Orthop\u00e4die bei Beschwerden der kleinen Wirbelgelenke. Schmerzlinderung, Funktionserhalt.","og_url":"https:\/\/atos-mvz.de\/stuttgart\/facettengelenksarthrose\/","og_site_name":"ATOS Facharztzentrum Klinik Stuttgart","article_modified_time":"2026-01-15T16:04:04+00:00","twitter_card":"summary_large_image","schema":{"@context":"https:\/\/schema.org","@graph":[{"@type":"WebPage","@id":"https:\/\/atos-mvz.de\/stuttgart\/facettengelenksarthrose\/","url":"https:\/\/atos-mvz.de\/stuttgart\/facettengelenksarthrose\/","name":"Facettengelenksarthrose - ATOS Facharztzentrum Klinik Stuttgart","isPartOf":{"@id":"https:\/\/atos-mvz.de\/stuttgart\/#website"},"datePublished":"2024-05-22T13:32:35+00:00","dateModified":"2026-01-15T16:04:04+00:00","description":"Facettengelenksarthrose in Stuttgart: Diagnostik und Orthop\u00e4die bei Beschwerden der kleinen Wirbelgelenke. Schmerzlinderung, Funktionserhalt.","breadcrumb":{"@id":"https:\/\/atos-mvz.de\/stuttgart\/facettengelenksarthrose\/#breadcrumb"},"inLanguage":"de","potentialAction":[{"@type":"ReadAction","target":["https:\/\/atos-mvz.de\/stuttgart\/facettengelenksarthrose\/"]}]},{"@type":"BreadcrumbList","@id":"https:\/\/atos-mvz.de\/stuttgart\/facettengelenksarthrose\/#breadcrumb","itemListElement":[{"@type":"ListItem","position":1,"name":"Startseite","item":"https:\/\/atos-mvz.de\/stuttgart\/startseite\/"},{"@type":"ListItem","position":2,"name":"Facettengelenksarthrose"}]},{"@type":"WebSite","@id":"https:\/\/atos-mvz.de\/stuttgart\/#website","url":"https:\/\/atos-mvz.de\/stuttgart\/","name":"ATOS Facharztzentrum Klinik Stuttgart","description":"","potentialAction":[{"@type":"SearchAction","target":{"@type":"EntryPoint","urlTemplate":"https:\/\/atos-mvz.de\/stuttgart\/?s={search_term_string}"},"query-input":{"@type":"PropertyValueSpecification","valueRequired":true,"valueName":"search_term_string"}}],"inLanguage":"de"}]}},"_links":{"self":[{"href":"https:\/\/atos-mvz.de\/stuttgart\/wp-json\/wp\/v2\/pages\/1078","targetHints":{"allow":["GET"]}}],"collection":[{"href":"https:\/\/atos-mvz.de\/stuttgart\/wp-json\/wp\/v2\/pages"}],"about":[{"href":"https:\/\/atos-mvz.de\/stuttgart\/wp-json\/wp\/v2\/types\/page"}],"author":[{"embeddable":true,"href":"https:\/\/atos-mvz.de\/stuttgart\/wp-json\/wp\/v2\/users\/1"}],"replies":[{"embeddable":true,"href":"https:\/\/atos-mvz.de\/stuttgart\/wp-json\/wp\/v2\/comments?post=1078"}],"version-history":[{"count":3,"href":"https:\/\/atos-mvz.de\/stuttgart\/wp-json\/wp\/v2\/pages\/1078\/revisions"}],"predecessor-version":[{"id":1311,"href":"https:\/\/atos-mvz.de\/stuttgart\/wp-json\/wp\/v2\/pages\/1078\/revisions\/1311"}],"wp:attachment":[{"href":"https:\/\/atos-mvz.de\/stuttgart\/wp-json\/wp\/v2\/media?parent=1078"}],"curies":[{"name":"wp","href":"https:\/\/api.w.org\/{rel}","templated":true}]}}