{"id":1072,"date":"2024-05-22T15:28:03","date_gmt":"2024-05-22T13:28:03","guid":{"rendered":"https:\/\/atos-mvz.de\/stuttgart\/?page_id=1072"},"modified":"2026-01-15T17:02:41","modified_gmt":"2026-01-15T16:02:41","slug":"spinalkanalstenose","status":"publish","type":"page","link":"https:\/\/atos-mvz.de\/stuttgart\/spinalkanalstenose\/","title":{"rendered":"Spinalkanalstenose"},"content":{"rendered":"\n<style type=\"text\/css\" data-created_by=\"avia_inline_auto\" id=\"style-css-av-lwhuy2on-98c6c067d0c915006577c17baf948687\">\n.avia-section.av-lwhuy2on-98c6c067d0c915006577c17baf948687{\nbackground-repeat:no-repeat;\nbackground-image:url(https:\/\/atos-mvz.de\/stuttgart\/wp-content\/uploads\/sites\/7\/2024\/05\/mvz-stg-9.jpg);\nbackground-position:50% 50%;\nbackground-attachment:scroll;\n}\n.avia-section.av-lwhuy2on-98c6c067d0c915006577c17baf948687 .av-extra-border-element .av-extra-border-inner{\nbackground-color:#ffffff;\n}\n<\/style>\n<div id='header-img'  class='avia-section av-lwhuy2on-98c6c067d0c915006577c17baf948687 main_color avia-section-default avia-no-border-styling  avia-builder-el-0  el_before_av_section  avia-builder-el-first  largeimg avia-full-stretch avia-bg-style-scroll av-minimum-height av-minimum-height-custom av-height-custom  container_wrap fullsize'  data-section-bg-repeat='stretch' data-av_minimum_height_px='200'><div class='container av-section-cont-open' style='height:200px'><main  role=\"main\" itemprop=\"mainContentOfPage\"  class='template-page content  av-content-full alpha units'><div class='post-entry post-entry-type-page post-entry-1072'><div class='entry-content-wrapper clearfix'>\n<\/div><\/div><\/main><!-- close content main element --><\/div><div class='av-extra-border-element border-extra-diagonal border-extra-diagonal-inverse '><div class='av-extra-border-outer'><div class='av-extra-border-inner'><\/div><\/div><\/div><\/div><div id='av_section_2'  class='avia-section av-adlb7k-3192a54eb563446e3117937a51a966d7 main_color avia-section-large avia-no-border-styling  avia-builder-el-1  el_after_av_section  el_before_av_section  avia-bg-style-scroll container_wrap fullsize'  ><div class='container av-section-cont-open' ><div class='template-page content  av-content-full alpha units'><div class='post-entry post-entry-type-page post-entry-1072'><div class='entry-content-wrapper clearfix'>\n<div  class='flex_column av-wipw0-e7eaf8914f1ecefa081cf315dc364a6c av_one_full  avia-builder-el-2  avia-builder-el-no-sibling  first av-break-at-tablet flex_column_div  '     ><section  class='av_textblock_section av-lwhuybqz-c5ef0116a352cc7559a4f340ef25a4db '   itemscope=\"itemscope\" itemtype=\"https:\/\/schema.org\/CreativeWork\" ><div class='avia_textblock'  itemprop=\"text\" ><h1><strong>Spinalkanalstenose<\/strong><\/h1>\n<\/div><\/section><br \/>\n\n<style type=\"text\/css\" data-created_by=\"avia_inline_auto\" id=\"style-css-av-lwhuzzsg-a82e7f84d47ad0fd845b4af7fe0bde89\">\n#top .togglecontainer.av-lwhuzzsg-a82e7f84d47ad0fd845b4af7fe0bde89 p.toggler{\nbackground-color:#ffffff;\n}\n#top .togglecontainer.av-lwhuzzsg-a82e7f84d47ad0fd845b4af7fe0bde89 p.toggler.activeTitle{\nbackground-color:#ffffff;\n}\n#top .togglecontainer.av-lwhuzzsg-a82e7f84d47ad0fd845b4af7fe0bde89 .toggle_wrap .toggle_content{\nbackground-color:#ffffff;\n}\n<\/style>\n<div  class='togglecontainer av-lwhuzzsg-a82e7f84d47ad0fd845b4af7fe0bde89 av-minimal-toggle  avia-builder-el-4  el_after_av_textblock  avia-builder-el-last  toggle_close_all' >\n<section class='av_toggle_section av-lwhuypt6-8247893c77010664fddb24b20e411374'  itemscope=\"itemscope\" itemtype=\"https:\/\/schema.org\/CreativeWork\" ><div role=\"tablist\" class=\"single_toggle\" data-tags=\"{Alle} \"  ><p id='toggle-toggle-id-1' data-fake-id='#toggle-id-1' class='toggler  activeTitle av-title-above '  itemprop=\"headline\"  role='tab' tabindex='0' aria-controls='toggle-id-1' data-slide-speed=\"200\" data-title=\"Was ist eine Spinalkanalstenose?\" data-title-open=\"\" data-aria_collapsed=\"Click to expand: Was ist eine Spinalkanalstenose?\" data-aria_expanded=\"Click to collapse: Was ist eine Spinalkanalstenose?\">Was ist eine Spinalkanalstenose?<span class=\"toggle_icon\"><span class=\"vert_icon\"><\/span><span class=\"hor_icon\"><\/span><\/span><\/p><div id='toggle-id-1' aria-labelledby='toggle-toggle-id-1' role='region' class='toggle_wrap  active_tc av-title-above' style='display:block;' ><div class='toggle_content invers-color '  itemprop=\"text\" ><p>Die Spinalkanalstenose ist eine Einengung des Wirbelkanals, durch die das R\u00fcckenmark und die Nervenstr\u00e4nge beeintr\u00e4chtigt werden. Diese Einengung entsteht meist durch Bandscheibenverschlei\u00df, Vergr\u00f6\u00dferung der Wirbelgelenke, kn\u00f6cherne Anbauten und Verdickung der B\u00e4nder. Die Erkrankung tritt vor allem im Bereich der Hals- und Lendenwirbels\u00e4ule auf und schreitet normalerweise fort. Eine selbstst\u00e4ndige Heilung ist nicht m\u00f6glich.<\/p>\n<\/div><\/div><\/div><\/section>\n<section class='av_toggle_section av-lwhuyxq4-c1c66eb62ab321ed244f0add33391dad'  itemscope=\"itemscope\" itemtype=\"https:\/\/schema.org\/CreativeWork\" ><div role=\"tablist\" class=\"single_toggle\" data-tags=\"{Alle} \"  ><p id='toggle-toggle-id-2' data-fake-id='#toggle-id-2' class='toggler  av-title-above '  itemprop=\"headline\"  role='tab' tabindex='0' aria-controls='toggle-id-2' data-slide-speed=\"200\" data-title=\"Symptome einer Spinalkanalstenose\" data-title-open=\"\" data-aria_collapsed=\"Click to expand: Symptome einer Spinalkanalstenose\" data-aria_expanded=\"Click to collapse: Symptome einer Spinalkanalstenose\">Symptome einer Spinalkanalstenose<span class=\"toggle_icon\"><span class=\"vert_icon\"><\/span><span class=\"hor_icon\"><\/span><\/span><\/p><div id='toggle-id-2' aria-labelledby='toggle-toggle-id-2' role='region' class='toggle_wrap  av-title-above'  ><div class='toggle_content invers-color '  itemprop=\"text\" ><p>Bei einer Spinalkanalstenose im Bereich der Lendenwirbels\u00e4ule k\u00f6nnen zun\u00e4chst unspezifische Schmerzen im \u00dcbergang zwischen LWS und Becken auftreten. Typischerweise strahlen diese Schmerzen bei Belastung in eine oder beide Ges\u00e4\u00dfh\u00e4lften und in die Beine aus. Gehen und Stehen sind besonders unangenehm und werden vermieden. Die Gehstrecke kann eingeschr\u00e4nkt sein, es treten Schmerzen und Taubheitsgef\u00fchle auf. Beim Gehen mit vorgebeugtem Rumpf kann sich die Einengung vor\u00fcbergehend verringern, aber bei Positionswechsel verst\u00e4rkt sie sich wieder.<\/p>\n<p>Patienten mit einer Spinalkanalstenose im Bereich der Halswirbels\u00e4ule k\u00f6nnen einen zunehmenden Verlust der Feinmotorik bemerken, was das Greifen und Halten von Gegenst\u00e4nden erschwert. Gehen, vor allem im Dunkeln, und pl\u00f6tzliche Wendebewegungen k\u00f6nnen unsicher sein. In fortgeschrittenen Stadien kommt es zu St\u00fcrzen, und das Gehen ohne Hilfsmittel kann unm\u00f6glich werden. Eine Spinalkanalstenose kann auch zu einer Schw\u00e4che der Kehlkopfmuskeln f\u00fchren und die Kontrolle \u00fcber Blase und Mastdarm beeintr\u00e4chtigen.<\/p>\n<\/div><\/div><\/div><\/section>\n<section class='av_toggle_section av-lwhuz62f-95f7d0ec9500d08ddb1b10ad1fb88ba3'  itemscope=\"itemscope\" itemtype=\"https:\/\/schema.org\/CreativeWork\" ><div role=\"tablist\" class=\"single_toggle\" data-tags=\"{Alle} \"  ><p id='toggle-toggle-id-3' data-fake-id='#toggle-id-3' class='toggler  av-title-above '  itemprop=\"headline\"  role='tab' tabindex='0' aria-controls='toggle-id-3' data-slide-speed=\"200\" data-title=\"Diagnose einer Spinalkanalstenose\" data-title-open=\"\" data-aria_collapsed=\"Click to expand: Diagnose einer Spinalkanalstenose\" data-aria_expanded=\"Click to collapse: Diagnose einer Spinalkanalstenose\">Diagnose einer Spinalkanalstenose<span class=\"toggle_icon\"><span class=\"vert_icon\"><\/span><span class=\"hor_icon\"><\/span><\/span><\/p><div id='toggle-id-3' aria-labelledby='toggle-toggle-id-3' role='region' class='toggle_wrap  av-title-above'  ><div class='toggle_content invers-color '  itemprop=\"text\" ><p>Die Diagnose einer Spinalkanalstenose erfolgt durch bildgebende Verfahren wie R\u00f6ntgen oder Magnetresonanztomografie (MRT). Diese zeigen Strukturver\u00e4nderungen der Wirbels\u00e4ule und erm\u00f6glichen die genaue Darstellung von Weichteilen, R\u00fcckenmark und Nerven. Falls ein MRT nicht m\u00f6glich ist, kann auch ein Computertomogramm (CT) mit Kontrastmittel verwendet werden.<\/p>\n<\/div><\/div><\/div><\/section>\n<section class='av_toggle_section av-lwhuzg3b-3ef42b560e9c0443493ee705fb568f6c'  itemscope=\"itemscope\" itemtype=\"https:\/\/schema.org\/CreativeWork\" ><div role=\"tablist\" class=\"single_toggle\" data-tags=\"{Alle} \"  ><p id='toggle-toggle-id-4' data-fake-id='#toggle-id-4' class='toggler  av-title-above '  itemprop=\"headline\"  role='tab' tabindex='0' aria-controls='toggle-id-4' data-slide-speed=\"200\" data-title=\"Konservative Behandlung einer Spinalkanalstenose\" data-title-open=\"\" data-aria_collapsed=\"Click to expand: Konservative Behandlung einer Spinalkanalstenose\" data-aria_expanded=\"Click to collapse: Konservative Behandlung einer Spinalkanalstenose\">Konservative Behandlung einer Spinalkanalstenose<span class=\"toggle_icon\"><span class=\"vert_icon\"><\/span><span class=\"hor_icon\"><\/span><\/span><\/p><div id='toggle-id-4' aria-labelledby='toggle-toggle-id-4' role='region' class='toggle_wrap  av-title-above'  ><div class='toggle_content invers-color '  itemprop=\"text\" ><p>In einem fr\u00fchen Stadium der Erkrankung ohne neurologische Defizite kann eine konservative Therapie angewendet werden. Die wichtigste Ma\u00dfnahme ist die Physiotherapie, um die Koordination und Sturzprophylaxe zu verbessern. W\u00e4rmetherapie und manuelle Lymphdrainage k\u00f6nnen ebenfalls lindernd wirken. Allerdings kann die konservative Therapie die Einengung des Wirbelkanals nur begrenzt beeinflussen.<\/p>\n<\/div><\/div><\/div><\/section>\n<section class='av_toggle_section av-lwhuzpxz-a3f28da22751e7b0d2ed21225717be43'  itemscope=\"itemscope\" itemtype=\"https:\/\/schema.org\/CreativeWork\" ><div role=\"tablist\" class=\"single_toggle\" data-tags=\"{Alle} \"  ><p id='toggle-toggle-id-5' data-fake-id='#toggle-id-5' class='toggler  av-title-above '  itemprop=\"headline\"  role='tab' tabindex='0' aria-controls='toggle-id-5' data-slide-speed=\"200\" data-title=\"Operative Behandlung einer Spinalkanalstenose\" data-title-open=\"\" data-aria_collapsed=\"Click to expand: Operative Behandlung einer Spinalkanalstenose\" data-aria_expanded=\"Click to collapse: Operative Behandlung einer Spinalkanalstenose\">Operative Behandlung einer Spinalkanalstenose<span class=\"toggle_icon\"><span class=\"vert_icon\"><\/span><span class=\"hor_icon\"><\/span><\/span><\/p><div id='toggle-id-5' aria-labelledby='toggle-toggle-id-5' role='region' class='toggle_wrap  av-title-above'  ><div class='toggle_content invers-color '  itemprop=\"text\" ><p>Eine operative Behandlung wird dann durchgef\u00fchrt, wenn die Spinalkanalstenose starke Beeintr\u00e4chtigungen verursacht oder neurologische Ausf\u00e4lle drohen. Die Operation wird in der Regel minimal-invasiv durchgef\u00fchrt und zielt darauf ab, die Engstelle im Wirbelkanal zu korrigieren. Falls zus\u00e4tzlich ein Wirbelgleiten oder eine Wirbels\u00e4ulenverkr\u00fcmmung vorliegt, kann eine Stabilisierung der Wirbels\u00e4ule mit Implantaten erforderlich sein.<\/p>\n<\/div><\/div><\/div><\/section>\n<section class='av_toggle_section av-lwhuzyhz-76283c231f358e0c58e077258a7709ee'  itemscope=\"itemscope\" itemtype=\"https:\/\/schema.org\/CreativeWork\" ><div role=\"tablist\" class=\"single_toggle\" data-tags=\"{Alle} \"  ><p id='toggle-toggle-id-6' data-fake-id='#toggle-id-6' class='toggler  av-title-above '  itemprop=\"headline\"  role='tab' tabindex='0' aria-controls='toggle-id-6' data-slide-speed=\"200\" data-title=\"Rehabilitation nach einer Spinalkanalstenose\" data-title-open=\"\" data-aria_collapsed=\"Click to expand: Rehabilitation nach einer Spinalkanalstenose\" data-aria_expanded=\"Click to collapse: Rehabilitation nach einer Spinalkanalstenose\">Rehabilitation nach einer Spinalkanalstenose<span class=\"toggle_icon\"><span class=\"vert_icon\"><\/span><span class=\"hor_icon\"><\/span><\/span><\/p><div id='toggle-id-6' aria-labelledby='toggle-toggle-id-6' role='region' class='toggle_wrap  av-title-above'  ><div class='toggle_content invers-color '  itemprop=\"text\" ><p>Die Dauer des Klinikaufenthalts nach der Operation betr\u00e4gt normalerweise etwa drei Tage. Bei einer Stabilisierung der Wirbels\u00e4ule kann der Aufenthalt eine Woche dauern. Die Rehabilitationsphase beinhaltet eine umfangreiche Physiotherapie mit \u00dcbungen zur St\u00e4rkung der Muskulatur und Verbesserung der Mobilit\u00e4t. Eine Nachbehandlung mit einem Korsett ist in der Regel nicht erforderlich.<\/p>\n<\/div><\/div><\/div><\/section>\n<\/div><\/p><\/div>\n\n<\/div><\/div><\/div><!-- close content main div --><\/div><\/div>\n<style type=\"text\/css\" data-created_by=\"avia_inline_auto\" id=\"style-css-av-750f8w-8d2d6a4976f7ebf7a2434c4a424ca2d3\">\n.avia-section.av-750f8w-8d2d6a4976f7ebf7a2434c4a424ca2d3{\nbackground-repeat:no-repeat;\nbackground-image:url(https:\/\/atos-mvz.de\/stuttgart\/wp-content\/uploads\/sites\/7\/2021\/07\/Therapien-Titel-1500x700-1.jpg);\nbackground-position:50% 50%;\nbackground-attachment:scroll;\n}\n.avia-section.av-750f8w-8d2d6a4976f7ebf7a2434c4a424ca2d3 .av-section-color-overlay{\nopacity:0.9;\nbackground-color:#482683;\n}\n<\/style>\n<div id='cta'  class='avia-section av-750f8w-8d2d6a4976f7ebf7a2434c4a424ca2d3 main_color avia-section-large avia-no-border-styling  avia-builder-el-5  el_after_av_section  avia-builder-el-last  avia-full-stretch avia-bg-style-scroll av-section-color-overlay-active container_wrap fullsize'  data-section-bg-repeat='stretch'><div class=\"av-section-color-overlay-wrap\"><div class=\"av-section-color-overlay\"><\/div><div class='container av-section-cont-open' ><div class='template-page content  av-content-full alpha units'><div class='post-entry post-entry-type-page post-entry-1072'><div class='entry-content-wrapper clearfix'>\n<div  class='flex_column av-5emu74-e4b883d2fae57955e796bf9fc74ac6f9 av_two_third  avia-builder-el-6  avia-builder-el-no-sibling  first av-break-at-tablet flex_column_div  '     ><style type=\"text\/css\" data-created_by=\"avia_inline_auto\" id=\"style-css-av-3razrk-281b9351f242fbcc36bc1af1fdd39ce0\">\n#top .av_textblock_section.av-3razrk-281b9351f242fbcc36bc1af1fdd39ce0 .avia_textblock{\ncolor:#ffffff;\n}\n<\/style>\n<section  class='av_textblock_section av-3razrk-281b9351f242fbcc36bc1af1fdd39ce0 '   itemscope=\"itemscope\" itemtype=\"https:\/\/schema.org\/CreativeWork\" ><div class='avia_textblock av_inherit_color'  itemprop=\"text\" ><h2><strong>Termin vereinbaren<\/strong> oder Frage stellen<\/h2>\n<p>Sollten auch Sie unter akuten oder chronischen Gelenkschmerzen leiden, k\u00f6nnen Sie unsere Praxis in Stuttgart Mitte unter der folgenden Telefonnummer erreichen:<\/p>\n<\/div><\/section><br \/>\n<div  class='avia-button-wrap av-39s7fk-e1cd9343c91d0089e42520e90e062aef-wrap avia-button-left  avia-builder-el-8  el_after_av_textblock  avia-builder-el-last '><a href='tel:+497116662930'  class='avia-button av-39s7fk-e1cd9343c91d0089e42520e90e062aef av-link-btn avia-icon_select-yes-right-icon avia-size-small avia-position-left avia-color-theme-color-highlight'   aria-label=\"0711 66629-30\"><span class='avia_iconbox_title' >0711 66629-30<\/span><span class='avia_button_icon avia_button_icon_right avia-iconfont avia-font-fontello' data-av_icon='\ue802' data-av_iconfont='fontello' ><\/span><\/a><\/div><\/p><\/div>\n\n","protected":false},"excerpt":{"rendered":"","protected":false},"author":1,"featured_media":0,"parent":0,"menu_order":0,"comment_status":"closed","ping_status":"closed","template":"","meta":{"footnotes":""},"class_list":["post-1072","page","type-page","status-publish","hentry"],"yoast_head":"<!-- This site is optimized with the Yoast SEO plugin v27.3 - https:\/\/yoast.com\/product\/yoast-seo-wordpress\/ -->\n<title>Spinalkanalstenose - ATOS Facharztzentrum Klinik Stuttgart<\/title>\n<meta name=\"description\" content=\"Spinalkanalstenose in Stuttgart: Diagnostik und Therapie bei Enge des R\u00fcckenmarkkanals \u2013 f\u00fcr Schmerzlinderung und optimierte Beweglichkeit\" \/>\n<meta name=\"robots\" content=\"index, follow, max-snippet:-1, max-image-preview:large, max-video-preview:-1\" \/>\n<link rel=\"canonical\" href=\"https:\/\/atos-mvz.de\/stuttgart\/spinalkanalstenose\/\" \/>\n<meta property=\"og:locale\" content=\"de_DE\" \/>\n<meta property=\"og:type\" content=\"article\" \/>\n<meta property=\"og:title\" content=\"Spinalkanalstenose - ATOS Facharztzentrum Klinik Stuttgart\" \/>\n<meta property=\"og:description\" content=\"Spinalkanalstenose in Stuttgart: Diagnostik und Therapie bei Enge des R\u00fcckenmarkkanals \u2013 f\u00fcr Schmerzlinderung und optimierte Beweglichkeit\" \/>\n<meta property=\"og:url\" content=\"https:\/\/atos-mvz.de\/stuttgart\/spinalkanalstenose\/\" \/>\n<meta property=\"og:site_name\" content=\"ATOS Facharztzentrum Klinik Stuttgart\" \/>\n<meta property=\"article:modified_time\" content=\"2026-01-15T16:02:41+00:00\" \/>\n<meta name=\"twitter:card\" content=\"summary_large_image\" \/>\n<script type=\"application\/ld+json\" class=\"yoast-schema-graph\">{\"@context\":\"https:\\\/\\\/schema.org\",\"@graph\":[{\"@type\":\"WebPage\",\"@id\":\"https:\\\/\\\/atos-mvz.de\\\/stuttgart\\\/spinalkanalstenose\\\/\",\"url\":\"https:\\\/\\\/atos-mvz.de\\\/stuttgart\\\/spinalkanalstenose\\\/\",\"name\":\"Spinalkanalstenose - ATOS Facharztzentrum Klinik Stuttgart\",\"isPartOf\":{\"@id\":\"https:\\\/\\\/atos-mvz.de\\\/stuttgart\\\/#website\"},\"datePublished\":\"2024-05-22T13:28:03+00:00\",\"dateModified\":\"2026-01-15T16:02:41+00:00\",\"description\":\"Spinalkanalstenose in Stuttgart: Diagnostik und Therapie bei Enge des R\u00fcckenmarkkanals \u2013 f\u00fcr Schmerzlinderung und optimierte Beweglichkeit\",\"breadcrumb\":{\"@id\":\"https:\\\/\\\/atos-mvz.de\\\/stuttgart\\\/spinalkanalstenose\\\/#breadcrumb\"},\"inLanguage\":\"de\",\"potentialAction\":[{\"@type\":\"ReadAction\",\"target\":[\"https:\\\/\\\/atos-mvz.de\\\/stuttgart\\\/spinalkanalstenose\\\/\"]}]},{\"@type\":\"BreadcrumbList\",\"@id\":\"https:\\\/\\\/atos-mvz.de\\\/stuttgart\\\/spinalkanalstenose\\\/#breadcrumb\",\"itemListElement\":[{\"@type\":\"ListItem\",\"position\":1,\"name\":\"Startseite\",\"item\":\"https:\\\/\\\/atos-mvz.de\\\/stuttgart\\\/startseite\\\/\"},{\"@type\":\"ListItem\",\"position\":2,\"name\":\"Spinalkanalstenose\"}]},{\"@type\":\"WebSite\",\"@id\":\"https:\\\/\\\/atos-mvz.de\\\/stuttgart\\\/#website\",\"url\":\"https:\\\/\\\/atos-mvz.de\\\/stuttgart\\\/\",\"name\":\"ATOS Facharztzentrum Klinik Stuttgart\",\"description\":\"\",\"potentialAction\":[{\"@type\":\"SearchAction\",\"target\":{\"@type\":\"EntryPoint\",\"urlTemplate\":\"https:\\\/\\\/atos-mvz.de\\\/stuttgart\\\/?s={search_term_string}\"},\"query-input\":{\"@type\":\"PropertyValueSpecification\",\"valueRequired\":true,\"valueName\":\"search_term_string\"}}],\"inLanguage\":\"de\"}]}<\/script>\n<!-- \/ Yoast SEO plugin. -->","yoast_head_json":{"title":"Spinalkanalstenose - ATOS Facharztzentrum Klinik Stuttgart","description":"Spinalkanalstenose in Stuttgart: Diagnostik und Therapie bei Enge des R\u00fcckenmarkkanals \u2013 f\u00fcr Schmerzlinderung und optimierte Beweglichkeit","robots":{"index":"index","follow":"follow","max-snippet":"max-snippet:-1","max-image-preview":"max-image-preview:large","max-video-preview":"max-video-preview:-1"},"canonical":"https:\/\/atos-mvz.de\/stuttgart\/spinalkanalstenose\/","og_locale":"de_DE","og_type":"article","og_title":"Spinalkanalstenose - ATOS Facharztzentrum Klinik Stuttgart","og_description":"Spinalkanalstenose in Stuttgart: Diagnostik und Therapie bei Enge des R\u00fcckenmarkkanals \u2013 f\u00fcr Schmerzlinderung und optimierte Beweglichkeit","og_url":"https:\/\/atos-mvz.de\/stuttgart\/spinalkanalstenose\/","og_site_name":"ATOS Facharztzentrum Klinik Stuttgart","article_modified_time":"2026-01-15T16:02:41+00:00","twitter_card":"summary_large_image","schema":{"@context":"https:\/\/schema.org","@graph":[{"@type":"WebPage","@id":"https:\/\/atos-mvz.de\/stuttgart\/spinalkanalstenose\/","url":"https:\/\/atos-mvz.de\/stuttgart\/spinalkanalstenose\/","name":"Spinalkanalstenose - ATOS Facharztzentrum Klinik Stuttgart","isPartOf":{"@id":"https:\/\/atos-mvz.de\/stuttgart\/#website"},"datePublished":"2024-05-22T13:28:03+00:00","dateModified":"2026-01-15T16:02:41+00:00","description":"Spinalkanalstenose in Stuttgart: Diagnostik und Therapie bei Enge des R\u00fcckenmarkkanals \u2013 f\u00fcr Schmerzlinderung und optimierte Beweglichkeit","breadcrumb":{"@id":"https:\/\/atos-mvz.de\/stuttgart\/spinalkanalstenose\/#breadcrumb"},"inLanguage":"de","potentialAction":[{"@type":"ReadAction","target":["https:\/\/atos-mvz.de\/stuttgart\/spinalkanalstenose\/"]}]},{"@type":"BreadcrumbList","@id":"https:\/\/atos-mvz.de\/stuttgart\/spinalkanalstenose\/#breadcrumb","itemListElement":[{"@type":"ListItem","position":1,"name":"Startseite","item":"https:\/\/atos-mvz.de\/stuttgart\/startseite\/"},{"@type":"ListItem","position":2,"name":"Spinalkanalstenose"}]},{"@type":"WebSite","@id":"https:\/\/atos-mvz.de\/stuttgart\/#website","url":"https:\/\/atos-mvz.de\/stuttgart\/","name":"ATOS Facharztzentrum Klinik Stuttgart","description":"","potentialAction":[{"@type":"SearchAction","target":{"@type":"EntryPoint","urlTemplate":"https:\/\/atos-mvz.de\/stuttgart\/?s={search_term_string}"},"query-input":{"@type":"PropertyValueSpecification","valueRequired":true,"valueName":"search_term_string"}}],"inLanguage":"de"}]}},"_links":{"self":[{"href":"https:\/\/atos-mvz.de\/stuttgart\/wp-json\/wp\/v2\/pages\/1072","targetHints":{"allow":["GET"]}}],"collection":[{"href":"https:\/\/atos-mvz.de\/stuttgart\/wp-json\/wp\/v2\/pages"}],"about":[{"href":"https:\/\/atos-mvz.de\/stuttgart\/wp-json\/wp\/v2\/types\/page"}],"author":[{"embeddable":true,"href":"https:\/\/atos-mvz.de\/stuttgart\/wp-json\/wp\/v2\/users\/1"}],"replies":[{"embeddable":true,"href":"https:\/\/atos-mvz.de\/stuttgart\/wp-json\/wp\/v2\/comments?post=1072"}],"version-history":[{"count":4,"href":"https:\/\/atos-mvz.de\/stuttgart\/wp-json\/wp\/v2\/pages\/1072\/revisions"}],"predecessor-version":[{"id":1309,"href":"https:\/\/atos-mvz.de\/stuttgart\/wp-json\/wp\/v2\/pages\/1072\/revisions\/1309"}],"wp:attachment":[{"href":"https:\/\/atos-mvz.de\/stuttgart\/wp-json\/wp\/v2\/media?parent=1072"}],"curies":[{"name":"wp","href":"https:\/\/api.w.org\/{rel}","templated":true}]}}