{"id":1069,"date":"2024-05-22T15:25:18","date_gmt":"2024-05-22T13:25:18","guid":{"rendered":"https:\/\/atos-mvz.de\/stuttgart\/?page_id=1069"},"modified":"2026-01-15T17:02:06","modified_gmt":"2026-01-15T16:02:06","slug":"bandscheibenvorfall-an-der-halswirbelsaeule-hws","status":"publish","type":"page","link":"https:\/\/atos-mvz.de\/stuttgart\/bandscheibenvorfall-an-der-halswirbelsaeule-hws\/","title":{"rendered":"Bandscheibenvorfall an der Halswirbels\u00e4ule (HWS)"},"content":{"rendered":"\n<style type=\"text\/css\" data-created_by=\"avia_inline_auto\" id=\"style-css-av-lwhuu4jm-e9338a17ccb50a40d89afb6fa210b848\">\n.avia-section.av-lwhuu4jm-e9338a17ccb50a40d89afb6fa210b848{\nbackground-repeat:no-repeat;\nbackground-image:url(https:\/\/atos-mvz.de\/stuttgart\/wp-content\/uploads\/sites\/7\/2024\/05\/mvz-stg-10.jpg);\nbackground-position:50% 50%;\nbackground-attachment:scroll;\n}\n.avia-section.av-lwhuu4jm-e9338a17ccb50a40d89afb6fa210b848 .av-extra-border-element .av-extra-border-inner{\nbackground-color:#ffffff;\n}\n<\/style>\n<div id='header-img'  class='avia-section av-lwhuu4jm-e9338a17ccb50a40d89afb6fa210b848 main_color avia-section-default avia-no-border-styling  avia-builder-el-0  el_before_av_section  avia-builder-el-first  largeimg avia-full-stretch avia-bg-style-scroll av-minimum-height av-minimum-height-custom av-height-custom  container_wrap fullsize'  data-section-bg-repeat='stretch' data-av_minimum_height_px='200'><div class='container av-section-cont-open' style='height:200px'><main  role=\"main\" itemprop=\"mainContentOfPage\"  class='template-page content  av-content-full alpha units'><div class='post-entry post-entry-type-page post-entry-1069'><div class='entry-content-wrapper clearfix'>\n<\/div><\/div><\/main><!-- close content main element --><\/div><div class='av-extra-border-element border-extra-diagonal border-extra-diagonal-inverse '><div class='av-extra-border-outer'><div class='av-extra-border-inner'><\/div><\/div><\/div><\/div><div id='av_section_2'  class='avia-section av-av_section-9f00e776ea7eebb40c0e3c448a2fd3f2 main_color avia-section-large avia-no-border-styling  avia-builder-el-1  el_after_av_section  el_before_av_section  avia-bg-style-scroll container_wrap fullsize'  ><div class='container av-section-cont-open' ><div class='template-page content  av-content-full alpha units'><div class='post-entry post-entry-type-page post-entry-1069'><div class='entry-content-wrapper clearfix'>\n<div  class='flex_column av-av_one_full-b66a0262a813735d42cb40541bc10146 av_one_full  avia-builder-el-2  avia-builder-el-no-sibling  first av-break-at-tablet flex_column_div  '     ><section  class='av_textblock_section av-lwhuuetm-685ece579f0fbd9f46e6cbd33ffd80ef '   itemscope=\"itemscope\" itemtype=\"https:\/\/schema.org\/CreativeWork\" ><div class='avia_textblock'  itemprop=\"text\" ><h1><strong>Bandscheibenvorfall an der Halswirbels\u00e4ule<br \/>\n<\/strong><\/h1>\n<p>Die Funktion der Bandscheiben im menschlichen Skelett ist von gro\u00dfer Bedeutung. Sie dienen als Puffer zwischen den Wirbelk\u00f6rpern und nehmen Sto\u00df- und Druckbelastungen auf. Die Bandscheibe besteht aus einem elastischen Gallertkern, der von einem faserigen Ring umgeben ist. Mit zunehmendem Alter kann es zu einer Verschlechterung der Gewebequalit\u00e4t kommen, was zu Rissen im Faserring und einem Verlust der Elastizit\u00e4t des Gallertkerns f\u00fchren kann. Ein Bandscheibenvorfall tritt auf, wenn der Gallertkern aufgrund \u00fcberm\u00e4\u00dfiger Belastung den Faserring teilweise oder vollst\u00e4ndig durchbricht.<\/p>\n<\/div><\/section><br \/>\n\n<style type=\"text\/css\" data-created_by=\"avia_inline_auto\" id=\"style-css-av-lwhuwlhk-3faeb5620a43a001779b2df4f6840cc9\">\n#top .togglecontainer.av-lwhuwlhk-3faeb5620a43a001779b2df4f6840cc9 p.toggler{\nbackground-color:#ffffff;\n}\n#top .togglecontainer.av-lwhuwlhk-3faeb5620a43a001779b2df4f6840cc9 p.toggler.activeTitle{\nbackground-color:#ffffff;\n}\n#top .togglecontainer.av-lwhuwlhk-3faeb5620a43a001779b2df4f6840cc9 .toggle_wrap .toggle_content{\nbackground-color:#ffffff;\n}\n<\/style>\n<div  class='togglecontainer av-lwhuwlhk-3faeb5620a43a001779b2df4f6840cc9 av-minimal-toggle  avia-builder-el-4  el_after_av_textblock  avia-builder-el-last  toggle_close_all' >\n<section class='av_toggle_section av-lwhuuvnj-bc8c69b50c677da7f52f9d5a3634e0c2'  itemscope=\"itemscope\" itemtype=\"https:\/\/schema.org\/CreativeWork\" ><div role=\"tablist\" class=\"single_toggle\" data-tags=\"{Alle} \"  ><p id='toggle-toggle-id-1' data-fake-id='#toggle-id-1' class='toggler  activeTitle av-title-above '  itemprop=\"headline\"  role='tab' tabindex='0' aria-controls='toggle-id-1' data-slide-speed=\"200\" data-title=\"Halswirbels\u00e4ule (HWS)\" data-title-open=\"\" data-aria_collapsed=\"Click to expand: Halswirbels\u00e4ule (HWS)\" data-aria_expanded=\"Click to collapse: Halswirbels\u00e4ule (HWS)\">Halswirbels\u00e4ule (HWS)<span class=\"toggle_icon\"><span class=\"vert_icon\"><\/span><span class=\"hor_icon\"><\/span><\/span><\/p><div id='toggle-id-1' aria-labelledby='toggle-toggle-id-1' role='region' class='toggle_wrap  active_tc av-title-above' style='display:block;' ><div class='toggle_content invers-color '  itemprop=\"text\" ><p>Die Halswirbels\u00e4ule, bestehend aus 7 Wirbelk\u00f6rpern, bildet den Nackenbereich zusammen mit dem Genick, der Muskulatur und den B\u00e4ndern. Verletzungen oder Irritationen in diesem Bereich k\u00f6nnen aufgrund der feinen Nervenverteilung zu starken Schmerzen f\u00fchren. In der Halswirbels\u00e4ule fungieren die Bandscheiben als elastische Sto\u00dfd\u00e4mpfer zwischen den Wirbelk\u00f6rpern. Degenerative Prozesse, \u00dcberbeanspruchung oder anhaltende Fehlbelastungen k\u00f6nnen dazu f\u00fchren, dass der Faserring rei\u00dft und der Gallertkern zum Teil oder vollst\u00e4ndig herausquillt. Im schlimmsten Fall kann dies zu einer Kompression der Spinalnerven oder des R\u00fcckenmarks f\u00fchren, was zu starken Schmerzen oder neurologischen Ausf\u00e4llen wie Taubheitsgef\u00fchlen oder Kraftverlust in den Armen oder H\u00e4nden f\u00fchren kann.<\/p>\n<\/div><\/div><\/div><\/section>\n<section class='av_toggle_section av-lwhuv34g-36cc005aa4e8662da260cfe53c41d201'  itemscope=\"itemscope\" itemtype=\"https:\/\/schema.org\/CreativeWork\" ><div role=\"tablist\" class=\"single_toggle\" data-tags=\"{Alle} \"  ><p id='toggle-toggle-id-2' data-fake-id='#toggle-id-2' class='toggler  av-title-above '  itemprop=\"headline\"  role='tab' tabindex='0' aria-controls='toggle-id-2' data-slide-speed=\"200\" data-title=\"Welche Symptome treten bei einem Bandscheibenvorfall der Halswirbels\u00e4ule auf?\" data-title-open=\"\" data-aria_collapsed=\"Click to expand: Welche Symptome treten bei einem Bandscheibenvorfall der Halswirbels\u00e4ule auf?\" data-aria_expanded=\"Click to collapse: Welche Symptome treten bei einem Bandscheibenvorfall der Halswirbels\u00e4ule auf?\">Welche Symptome treten bei einem Bandscheibenvorfall der Halswirbels\u00e4ule auf?<span class=\"toggle_icon\"><span class=\"vert_icon\"><\/span><span class=\"hor_icon\"><\/span><\/span><\/p><div id='toggle-id-2' aria-labelledby='toggle-toggle-id-2' role='region' class='toggle_wrap  av-title-above'  ><div class='toggle_content invers-color '  itemprop=\"text\" ><p>Bei einem Bandscheibenvorfall der Halswirbels\u00e4ule k\u00f6nnen Nacken- und Schulterschmerzen auftreten, die bis in die Arme ausstrahlen k\u00f6nnen. Es k\u00f6nnen auch Taubheitsgef\u00fchle oder Kraftverlust in den H\u00e4nden oder Armen auftreten. Einige Patienten klagen \u00fcber Schwindelanf\u00e4lle, Kopfschmerzen oder Tinnitus. Eine chronische Sch\u00e4digung des R\u00fcckenmarks (Myelopathie) kann sich durch Gangst\u00f6rungen oder andere neurologische Funktionsst\u00f6rungen zeigen. In solchen F\u00e4llen sollte eine Abkl\u00e4rung durch einen Wirbels\u00e4ulenspezialisten erfolgen.<\/p>\n<\/div><\/div><\/div><\/section>\n<section class='av_toggle_section av-lwhuvcj8-794fda4fbf2cb1e46fa752d8f3853c95'  itemscope=\"itemscope\" itemtype=\"https:\/\/schema.org\/CreativeWork\" ><div role=\"tablist\" class=\"single_toggle\" data-tags=\"{Alle} \"  ><p id='toggle-toggle-id-3' data-fake-id='#toggle-id-3' class='toggler  av-title-above '  itemprop=\"headline\"  role='tab' tabindex='0' aria-controls='toggle-id-3' data-slide-speed=\"200\" data-title=\"Wie wird ein Bandscheibenvorfall der Halswirbels\u00e4ule diagnostiziert?\" data-title-open=\"\" data-aria_collapsed=\"Click to expand: Wie wird ein Bandscheibenvorfall der Halswirbels\u00e4ule diagnostiziert?\" data-aria_expanded=\"Click to collapse: Wie wird ein Bandscheibenvorfall der Halswirbels\u00e4ule diagnostiziert?\">Wie wird ein Bandscheibenvorfall der Halswirbels\u00e4ule diagnostiziert?<span class=\"toggle_icon\"><span class=\"vert_icon\"><\/span><span class=\"hor_icon\"><\/span><\/span><\/p><div id='toggle-id-3' aria-labelledby='toggle-toggle-id-3' role='region' class='toggle_wrap  av-title-above'  ><div class='toggle_content invers-color '  itemprop=\"text\" ><p>Unsere Wirbels\u00e4ulenspezialisten werden in einer klinischen Untersuchung das Schmerzzentrum identifizieren und den Umfang der Bewegungseinschr\u00e4nkung feststellen. Zur Sicherstellung der Diagnose werden bildgebende Verfahren wie R\u00f6ntgen und Magnetresonanztomografie (MRT) zurate gezogen.<\/p>\n<\/div><\/div><\/div><\/section>\n<section class='av_toggle_section av-lwhuvls4-bf478f01a7a51d0104b8b8b889e2d62a'  itemscope=\"itemscope\" itemtype=\"https:\/\/schema.org\/CreativeWork\" ><div role=\"tablist\" class=\"single_toggle\" data-tags=\"{Alle} \"  ><p id='toggle-toggle-id-4' data-fake-id='#toggle-id-4' class='toggler  av-title-above '  itemprop=\"headline\"  role='tab' tabindex='0' aria-controls='toggle-id-4' data-slide-speed=\"200\" data-title=\"Wie wird ein Bandscheibenvorfall der Halswirbels\u00e4ule konservativ behandelt?\" data-title-open=\"\" data-aria_collapsed=\"Click to expand: Wie wird ein Bandscheibenvorfall der Halswirbels\u00e4ule konservativ behandelt?\" data-aria_expanded=\"Click to collapse: Wie wird ein Bandscheibenvorfall der Halswirbels\u00e4ule konservativ behandelt?\">Wie wird ein Bandscheibenvorfall der Halswirbels\u00e4ule konservativ behandelt?<span class=\"toggle_icon\"><span class=\"vert_icon\"><\/span><span class=\"hor_icon\"><\/span><\/span><\/p><div id='toggle-id-4' aria-labelledby='toggle-toggle-id-4' role='region' class='toggle_wrap  av-title-above'  ><div class='toggle_content invers-color '  itemprop=\"text\" ><p>Die meisten F\u00e4lle eines Bandscheibenvorfalls der Halswirbels\u00e4ule k\u00f6nnen konservativ behandelt werden. Eine wichtige Rolle spielt dabei die Physiotherapie. Bei starken Schmerzen, die durch eine Kompression der Nervenwurzel im Spinalkanal verursacht werden, kann eine periradikul\u00e4re Therapie (PRT) Linderung verschaffen. Dabei wird ein Wirkstoff mithilfe einer radiologisch gesteuerten Injektion direkt an die Nervenwurzel verabreicht. Dieses Verfahren kann ambulant in der Praxis durchgef\u00fchrt werden.<\/p>\n<\/div><\/div><\/div><\/section>\n<section class='av_toggle_section av-lwhuvw4e-c5c400876c2961d6465043c93654bd46'  itemscope=\"itemscope\" itemtype=\"https:\/\/schema.org\/CreativeWork\" ><div role=\"tablist\" class=\"single_toggle\" data-tags=\"{Alle} \"  ><p id='toggle-toggle-id-5' data-fake-id='#toggle-id-5' class='toggler  av-title-above '  itemprop=\"headline\"  role='tab' tabindex='0' aria-controls='toggle-id-5' data-slide-speed=\"200\" data-title=\"Wie wird ein Bandscheibenvorfall der Halswirbels\u00e4ule operativ behandelt?\" data-title-open=\"\" data-aria_collapsed=\"Click to expand: Wie wird ein Bandscheibenvorfall der Halswirbels\u00e4ule operativ behandelt?\" data-aria_expanded=\"Click to collapse: Wie wird ein Bandscheibenvorfall der Halswirbels\u00e4ule operativ behandelt?\">Wie wird ein Bandscheibenvorfall der Halswirbels\u00e4ule operativ behandelt?<span class=\"toggle_icon\"><span class=\"vert_icon\"><\/span><span class=\"hor_icon\"><\/span><\/span><\/p><div id='toggle-id-5' aria-labelledby='toggle-toggle-id-5' role='region' class='toggle_wrap  av-title-above'  ><div class='toggle_content invers-color '  itemprop=\"text\" ><p>Wenn konservative Ma\u00dfnahmen keinen zufriedenstellenden Erfolg bringen oder neurologische Ausf\u00e4lle vorliegen, kann eine Operation erforderlich sein. Die operative Behandlung eines Bandscheibenvorfalls der Halswirbels\u00e4ule wird in einem mikrochirurgischen Verfahren durchgef\u00fchrt, bei dem die betroffene Bandscheibe entfernt wird, um den Druck auf das R\u00fcckenmark oder die Spinalnerven zu lindern. Anschlie\u00dfend werden die angrenzenden Wirbelk\u00f6rper stabilisiert. Dies wird durch die Anbringung eines Titan Cages erreicht, der den Raum der entfernten Bandscheibe \u00fcberbr\u00fcckt. Der Cage wird mit Eigenknochen gef\u00fcllt, um das Zusammenwachsen der Wirbelk\u00f6rper zu f\u00f6rdern und eine stabile Verbindung herzustellen.<\/p>\n<p>Bei Patienten mit gesunden Wirbelk\u00f6rpern kann eine Bandscheibenprothese anstelle einer Fusion verwendet werden. Die Bandscheibenprothese erm\u00f6glicht die Beweglichkeit der betroffenen Wirbelk\u00f6rper. Nach Entfernung der gesch\u00e4digten Bandscheibe werden die benachbarten Wirbelk\u00f6rper mit der Prothese verbunden. Die Prothese besteht normalerweise aus einem Kunststoffkern und zwei Titanplatten, die dauerhaft mit den Knochen verbunden sind.<\/p>\n<p>Bestimmte Formen von Bandscheibenvorf\u00e4llen der Halswirbels\u00e4ule k\u00f6nnen auch funktionserhaltend ohne den Einsatz einer Prothese oder eines Cages operiert werden. Die transoss\u00e4re zervikale Dekompression ist ein spezielles minimal-invasives Verfahren, bei dem die Stabilit\u00e4t und Beweglichkeit des Wirbels\u00e4ulensegments erhalten bleibt, ohne dass Implantate erforderlich sind. Bei diesem Ansatz wird das vorw\u00f6lbende Material der Bandscheibe entfernt, indem ein indirekter Zugang durch den Knochen des Wirbelk\u00f6rpers gew\u00e4hlt wird. Unter mikroskopischer Sicht wird der Bandscheibenvorfall entfernt und der Weg durch den Wirbelk\u00f6rper mit Knochenmaterial wieder aufgef\u00fcllt. Der Vorteil dieser Methode liegt in der Erhaltung der Strukturen, die an der Bewegung beteiligt sind, wie Bandscheiben und Gelenke. Zudem k\u00f6nnen Fremdmaterialien vermieden werden.<\/p>\n<p>Das Verfahren der transoss\u00e4ren zervikalen Dekompression wird neben der Praxis Dr. Clasbrummel nur an sehr wenigen Zentren weltweit durchgef\u00fchrt.<\/p>\n<\/div><\/div><\/div><\/section>\n<section class='av_toggle_section av-lwhuw5r2-15cb69082b716237a2d512d9cacdf8d6'  itemscope=\"itemscope\" itemtype=\"https:\/\/schema.org\/CreativeWork\" ><div role=\"tablist\" class=\"single_toggle\" data-tags=\"{Alle} \"  ><p id='toggle-toggle-id-6' data-fake-id='#toggle-id-6' class='toggler  av-title-above '  itemprop=\"headline\"  role='tab' tabindex='0' aria-controls='toggle-id-6' data-slide-speed=\"200\" data-title=\"Wie lange dauert die Rehabilitation nach einem Bandscheibenvorfall der Halswirbels\u00e4ule?\" data-title-open=\"\" data-aria_collapsed=\"Click to expand: Wie lange dauert die Rehabilitation nach einem Bandscheibenvorfall der Halswirbels\u00e4ule?\" data-aria_expanded=\"Click to collapse: Wie lange dauert die Rehabilitation nach einem Bandscheibenvorfall der Halswirbels\u00e4ule?\">Wie lange dauert die Rehabilitation nach einem Bandscheibenvorfall der Halswirbels\u00e4ule?<span class=\"toggle_icon\"><span class=\"vert_icon\"><\/span><span class=\"hor_icon\"><\/span><\/span><\/p><div id='toggle-id-6' aria-labelledby='toggle-toggle-id-6' role='region' class='toggle_wrap  av-title-above'  ><div class='toggle_content invers-color '  itemprop=\"text\" ><p>In den meisten F\u00e4llen k\u00f6nnen Schmerzen und neurologische Beschwerden nach einem Bandscheibenvorfall erfolgreich mit konservativen Ma\u00dfnahmen behandelt werden. Die Rehabilitation wird je nach Schwere des Falles station\u00e4r oder ambulant durchgef\u00fchrt. Dabei kommen verschiedene Ma\u00dfnahmen wie Bewegungstherapie (Kr\u00e4ftigung, Dehnung, Ausdauer) inklusive einer R\u00fcckenschule, manuelle Medizin, medikament\u00f6se Schmerztherapie, psychologische Schmerztherapie zur Entkopplung von Aktivit\u00e4t und Schmerz, apparative Therapien (W\u00e4rme-, K\u00e4lte-, Elektro-, Ultraschallanwendungen), Entspannungstherapien, Ergotherapie (falls erforderlich) und Ern\u00e4hrungsberatung zur Gewichtsreduktion zum Einsatz. In der Regel tritt nach 3-4 Wochen eine sp\u00fcrbare Verbesserung ein.<\/p>\n<p>Wenn trotz intensiver konservativer Therapie nach 6-8 Wochen weiterhin starke Schmerzen und Funktionsst\u00f6rungen bestehen, sollte eine operative Behandlung in Erw\u00e4gung gezogen werden. Nach der Entlassung aus dem Krankenhaus sollte der Patient sich in der Regel 4-6 Wochen schonen und die Wirbels\u00e4ule weitgehend entlasten. Erst wenn die Wirbelk\u00f6rper stabil sind, kann ein Rehabilitationsprogramm unter Anleitung eines Spezialisten begonnen werden. Nach transoss\u00e4rer zervikaler Dekompression ergeben sich nach der Operation keine Einschr\u00e4nkungen.<\/p>\n<\/div><\/div><\/div><\/section>\n<\/div><\/p><\/div><\/div><\/div><\/div><!-- close content main div --><\/div><\/div>\n<style type=\"text\/css\" data-created_by=\"avia_inline_auto\" id=\"style-css-av-av_section-724c7c2abeeb25fc7be7ca3fe6f194c8\">\n.avia-section.av-av_section-724c7c2abeeb25fc7be7ca3fe6f194c8{\nbackground-repeat:no-repeat;\nbackground-image:url(https:\/\/atos-mvz.de\/stuttgart\/wp-content\/uploads\/sites\/7\/2021\/07\/Therapien-Titel-1500x700-1.jpg);\nbackground-position:50% 50%;\nbackground-attachment:scroll;\n}\n.avia-section.av-av_section-724c7c2abeeb25fc7be7ca3fe6f194c8 .av-section-color-overlay{\nopacity:0.9;\nbackground-color:#482683;\n}\n<\/style>\n<div id='cta'  class='avia-section av-av_section-724c7c2abeeb25fc7be7ca3fe6f194c8 main_color avia-section-large avia-no-border-styling  avia-builder-el-5  el_after_av_section  avia-builder-el-last  avia-full-stretch avia-bg-style-scroll av-section-color-overlay-active container_wrap fullsize'  data-section-bg-repeat='stretch'><div class=\"av-section-color-overlay-wrap\"><div class=\"av-section-color-overlay\"><\/div><div class='container av-section-cont-open' ><div class='template-page content  av-content-full alpha units'><div class='post-entry post-entry-type-page post-entry-1069'><div class='entry-content-wrapper clearfix'>\n<div  class='flex_column av-av_two_third-b66a0262a813735d42cb40541bc10146 av_two_third  avia-builder-el-6  avia-builder-el-no-sibling  first av-break-at-tablet flex_column_div  '     ><style type=\"text\/css\" data-created_by=\"avia_inline_auto\" id=\"style-css-av-av_textblock-0e460ea84c5109c9f810d1df11ebde2d\">\n#top .av_textblock_section.av-av_textblock-0e460ea84c5109c9f810d1df11ebde2d .avia_textblock{\ncolor:#ffffff;\n}\n<\/style>\n<section  class='av_textblock_section av-av_textblock-0e460ea84c5109c9f810d1df11ebde2d '   itemscope=\"itemscope\" itemtype=\"https:\/\/schema.org\/CreativeWork\" ><div class='avia_textblock av_inherit_color'  itemprop=\"text\" ><h2><strong>Termin vereinbaren<\/strong> oder Frage stellen<\/h2>\n<p>Sollten auch Sie unter akuten oder chronischen Gelenkschmerzen leiden, k\u00f6nnen Sie unsere Praxis in Stuttgart Mitte unter der folgenden Telefonnummer erreichen:<\/p>\n<\/div><\/section><br \/>\n<div  class='avia-button-wrap av-av_button-512d2e931c43f249d5c647ecb5bdc622-wrap avia-button-left  avia-builder-el-8  el_after_av_textblock  avia-builder-el-last '><a href='tel:+497116662930'  class='avia-button av-av_button-512d2e931c43f249d5c647ecb5bdc622 av-link-btn avia-icon_select-yes-right-icon avia-size-small avia-position-left avia-color-theme-color-highlight'   aria-label=\"0711 66629-30\"><span class='avia_iconbox_title' >0711 66629-30<\/span><span class='avia_button_icon avia_button_icon_right avia-iconfont avia-font-fontello' data-av_icon='\ue802' data-av_iconfont='fontello' ><\/span><\/a><\/div><\/p><\/div>\n<\/p>\n","protected":false},"excerpt":{"rendered":"","protected":false},"author":1,"featured_media":0,"parent":0,"menu_order":0,"comment_status":"closed","ping_status":"closed","template":"","meta":{"footnotes":""},"class_list":["post-1069","page","type-page","status-publish","hentry"],"yoast_head":"<!-- This site is optimized with the Yoast SEO plugin v27.3 - https:\/\/yoast.com\/product\/yoast-seo-wordpress\/ -->\n<title>Bandscheibenvorfall an der Halswirbels\u00e4ule (HWS) - ATOS Facharztzentrum Klinik Stuttgart<\/title>\n<meta name=\"description\" content=\"Behandlung Bandscheibenvorfall HWS in Stuttgart: Abkl\u00e4rung und Therapie bei Nacken- und Ausstrahlungsschmerzen \u2013 konservativ oder operativ.\" \/>\n<meta name=\"robots\" content=\"index, follow, max-snippet:-1, max-image-preview:large, max-video-preview:-1\" \/>\n<link rel=\"canonical\" href=\"https:\/\/atos-mvz.de\/stuttgart\/bandscheibenvorfall-an-der-halswirbelsaeule-hws\/\" \/>\n<meta property=\"og:locale\" content=\"de_DE\" \/>\n<meta property=\"og:type\" content=\"article\" \/>\n<meta property=\"og:title\" content=\"Bandscheibenvorfall an der Halswirbels\u00e4ule (HWS) - ATOS Facharztzentrum Klinik Stuttgart\" \/>\n<meta property=\"og:description\" content=\"Behandlung Bandscheibenvorfall HWS in Stuttgart: Abkl\u00e4rung und Therapie bei Nacken- und Ausstrahlungsschmerzen \u2013 konservativ oder operativ.\" \/>\n<meta property=\"og:url\" content=\"https:\/\/atos-mvz.de\/stuttgart\/bandscheibenvorfall-an-der-halswirbelsaeule-hws\/\" \/>\n<meta property=\"og:site_name\" content=\"ATOS Facharztzentrum Klinik Stuttgart\" \/>\n<meta property=\"article:modified_time\" content=\"2026-01-15T16:02:06+00:00\" \/>\n<meta name=\"twitter:card\" content=\"summary_large_image\" \/>\n<script type=\"application\/ld+json\" class=\"yoast-schema-graph\">{\"@context\":\"https:\\\/\\\/schema.org\",\"@graph\":[{\"@type\":\"WebPage\",\"@id\":\"https:\\\/\\\/atos-mvz.de\\\/stuttgart\\\/bandscheibenvorfall-an-der-halswirbelsaeule-hws\\\/\",\"url\":\"https:\\\/\\\/atos-mvz.de\\\/stuttgart\\\/bandscheibenvorfall-an-der-halswirbelsaeule-hws\\\/\",\"name\":\"Bandscheibenvorfall an der Halswirbels\u00e4ule (HWS) - ATOS Facharztzentrum Klinik Stuttgart\",\"isPartOf\":{\"@id\":\"https:\\\/\\\/atos-mvz.de\\\/stuttgart\\\/#website\"},\"datePublished\":\"2024-05-22T13:25:18+00:00\",\"dateModified\":\"2026-01-15T16:02:06+00:00\",\"description\":\"Behandlung Bandscheibenvorfall HWS in Stuttgart: Abkl\u00e4rung und Therapie bei Nacken- und Ausstrahlungsschmerzen \u2013 konservativ oder operativ.\",\"breadcrumb\":{\"@id\":\"https:\\\/\\\/atos-mvz.de\\\/stuttgart\\\/bandscheibenvorfall-an-der-halswirbelsaeule-hws\\\/#breadcrumb\"},\"inLanguage\":\"de\",\"potentialAction\":[{\"@type\":\"ReadAction\",\"target\":[\"https:\\\/\\\/atos-mvz.de\\\/stuttgart\\\/bandscheibenvorfall-an-der-halswirbelsaeule-hws\\\/\"]}]},{\"@type\":\"BreadcrumbList\",\"@id\":\"https:\\\/\\\/atos-mvz.de\\\/stuttgart\\\/bandscheibenvorfall-an-der-halswirbelsaeule-hws\\\/#breadcrumb\",\"itemListElement\":[{\"@type\":\"ListItem\",\"position\":1,\"name\":\"Startseite\",\"item\":\"https:\\\/\\\/atos-mvz.de\\\/stuttgart\\\/startseite\\\/\"},{\"@type\":\"ListItem\",\"position\":2,\"name\":\"Bandscheibenvorfall an der Halswirbels\u00e4ule (HWS)\"}]},{\"@type\":\"WebSite\",\"@id\":\"https:\\\/\\\/atos-mvz.de\\\/stuttgart\\\/#website\",\"url\":\"https:\\\/\\\/atos-mvz.de\\\/stuttgart\\\/\",\"name\":\"ATOS Facharztzentrum Klinik Stuttgart\",\"description\":\"\",\"potentialAction\":[{\"@type\":\"SearchAction\",\"target\":{\"@type\":\"EntryPoint\",\"urlTemplate\":\"https:\\\/\\\/atos-mvz.de\\\/stuttgart\\\/?s={search_term_string}\"},\"query-input\":{\"@type\":\"PropertyValueSpecification\",\"valueRequired\":true,\"valueName\":\"search_term_string\"}}],\"inLanguage\":\"de\"}]}<\/script>\n<!-- \/ Yoast SEO plugin. -->","yoast_head_json":{"title":"Bandscheibenvorfall an der Halswirbels\u00e4ule (HWS) - ATOS Facharztzentrum Klinik Stuttgart","description":"Behandlung Bandscheibenvorfall HWS in Stuttgart: Abkl\u00e4rung und Therapie bei Nacken- und Ausstrahlungsschmerzen \u2013 konservativ oder operativ.","robots":{"index":"index","follow":"follow","max-snippet":"max-snippet:-1","max-image-preview":"max-image-preview:large","max-video-preview":"max-video-preview:-1"},"canonical":"https:\/\/atos-mvz.de\/stuttgart\/bandscheibenvorfall-an-der-halswirbelsaeule-hws\/","og_locale":"de_DE","og_type":"article","og_title":"Bandscheibenvorfall an der Halswirbels\u00e4ule (HWS) - ATOS Facharztzentrum Klinik Stuttgart","og_description":"Behandlung Bandscheibenvorfall HWS in Stuttgart: Abkl\u00e4rung und Therapie bei Nacken- und Ausstrahlungsschmerzen \u2013 konservativ oder operativ.","og_url":"https:\/\/atos-mvz.de\/stuttgart\/bandscheibenvorfall-an-der-halswirbelsaeule-hws\/","og_site_name":"ATOS Facharztzentrum Klinik Stuttgart","article_modified_time":"2026-01-15T16:02:06+00:00","twitter_card":"summary_large_image","schema":{"@context":"https:\/\/schema.org","@graph":[{"@type":"WebPage","@id":"https:\/\/atos-mvz.de\/stuttgart\/bandscheibenvorfall-an-der-halswirbelsaeule-hws\/","url":"https:\/\/atos-mvz.de\/stuttgart\/bandscheibenvorfall-an-der-halswirbelsaeule-hws\/","name":"Bandscheibenvorfall an der Halswirbels\u00e4ule (HWS) - ATOS Facharztzentrum Klinik Stuttgart","isPartOf":{"@id":"https:\/\/atos-mvz.de\/stuttgart\/#website"},"datePublished":"2024-05-22T13:25:18+00:00","dateModified":"2026-01-15T16:02:06+00:00","description":"Behandlung Bandscheibenvorfall HWS in Stuttgart: Abkl\u00e4rung und Therapie bei Nacken- und Ausstrahlungsschmerzen \u2013 konservativ oder operativ.","breadcrumb":{"@id":"https:\/\/atos-mvz.de\/stuttgart\/bandscheibenvorfall-an-der-halswirbelsaeule-hws\/#breadcrumb"},"inLanguage":"de","potentialAction":[{"@type":"ReadAction","target":["https:\/\/atos-mvz.de\/stuttgart\/bandscheibenvorfall-an-der-halswirbelsaeule-hws\/"]}]},{"@type":"BreadcrumbList","@id":"https:\/\/atos-mvz.de\/stuttgart\/bandscheibenvorfall-an-der-halswirbelsaeule-hws\/#breadcrumb","itemListElement":[{"@type":"ListItem","position":1,"name":"Startseite","item":"https:\/\/atos-mvz.de\/stuttgart\/startseite\/"},{"@type":"ListItem","position":2,"name":"Bandscheibenvorfall an der Halswirbels\u00e4ule (HWS)"}]},{"@type":"WebSite","@id":"https:\/\/atos-mvz.de\/stuttgart\/#website","url":"https:\/\/atos-mvz.de\/stuttgart\/","name":"ATOS Facharztzentrum Klinik Stuttgart","description":"","potentialAction":[{"@type":"SearchAction","target":{"@type":"EntryPoint","urlTemplate":"https:\/\/atos-mvz.de\/stuttgart\/?s={search_term_string}"},"query-input":{"@type":"PropertyValueSpecification","valueRequired":true,"valueName":"search_term_string"}}],"inLanguage":"de"}]}},"_links":{"self":[{"href":"https:\/\/atos-mvz.de\/stuttgart\/wp-json\/wp\/v2\/pages\/1069","targetHints":{"allow":["GET"]}}],"collection":[{"href":"https:\/\/atos-mvz.de\/stuttgart\/wp-json\/wp\/v2\/pages"}],"about":[{"href":"https:\/\/atos-mvz.de\/stuttgart\/wp-json\/wp\/v2\/types\/page"}],"author":[{"embeddable":true,"href":"https:\/\/atos-mvz.de\/stuttgart\/wp-json\/wp\/v2\/users\/1"}],"replies":[{"embeddable":true,"href":"https:\/\/atos-mvz.de\/stuttgart\/wp-json\/wp\/v2\/comments?post=1069"}],"version-history":[{"count":2,"href":"https:\/\/atos-mvz.de\/stuttgart\/wp-json\/wp\/v2\/pages\/1069\/revisions"}],"predecessor-version":[{"id":1308,"href":"https:\/\/atos-mvz.de\/stuttgart\/wp-json\/wp\/v2\/pages\/1069\/revisions\/1308"}],"wp:attachment":[{"href":"https:\/\/atos-mvz.de\/stuttgart\/wp-json\/wp\/v2\/media?parent=1069"}],"curies":[{"name":"wp","href":"https:\/\/api.w.org\/{rel}","templated":true}]}}