{"id":1062,"date":"2024-05-22T15:21:06","date_gmt":"2024-05-22T13:21:06","guid":{"rendered":"https:\/\/atos-mvz.de\/stuttgart\/?page_id=1062"},"modified":"2026-01-15T17:01:19","modified_gmt":"2026-01-15T16:01:19","slug":"bandscheibenvorfall-an-der-lendenwirbelsaeule-lws","status":"publish","type":"page","link":"https:\/\/atos-mvz.de\/stuttgart\/bandscheibenvorfall-an-der-lendenwirbelsaeule-lws\/","title":{"rendered":"Bandscheibenvorfall an der Lendenwirbels\u00e4ule (LWS)"},"content":{"rendered":"\n<style type=\"text\/css\" data-created_by=\"avia_inline_auto\" id=\"style-css-av-lwhunjo6-e8110d264d1e031fc45df34bc7b5939e\">\n.avia-section.av-lwhunjo6-e8110d264d1e031fc45df34bc7b5939e{\nbackground-repeat:no-repeat;\nbackground-image:url(https:\/\/atos-mvz.de\/stuttgart\/wp-content\/uploads\/sites\/7\/2024\/05\/mvz-stg-10.jpg);\nbackground-position:50% 50%;\nbackground-attachment:scroll;\n}\n.avia-section.av-lwhunjo6-e8110d264d1e031fc45df34bc7b5939e .av-extra-border-element .av-extra-border-inner{\nbackground-color:#ffffff;\n}\n<\/style>\n<div id='header-img'  class='avia-section av-lwhunjo6-e8110d264d1e031fc45df34bc7b5939e main_color avia-section-default avia-no-border-styling  avia-builder-el-0  el_before_av_section  avia-builder-el-first  largeimg avia-full-stretch avia-bg-style-scroll av-minimum-height av-minimum-height-custom av-height-custom  container_wrap fullsize'  data-section-bg-repeat='stretch' data-av_minimum_height_px='200'><div class='container av-section-cont-open' style='height:200px'><main  role=\"main\" itemprop=\"mainContentOfPage\"  class='template-page content  av-content-full alpha units'><div class='post-entry post-entry-type-page post-entry-1062'><div class='entry-content-wrapper clearfix'>\n<\/div><\/div><\/main><!-- close content main element --><\/div><div class='av-extra-border-element border-extra-diagonal border-extra-diagonal-inverse '><div class='av-extra-border-outer'><div class='av-extra-border-inner'><\/div><\/div><\/div><\/div><div id='av_section_2'  class='avia-section av-bewjom-173f3fcd116b05ca65874e8cbeffa5e9 main_color avia-section-large avia-no-border-styling  avia-builder-el-1  el_after_av_section  el_before_av_section  avia-bg-style-scroll container_wrap fullsize'  ><div class='container av-section-cont-open' ><div class='template-page content  av-content-full alpha units'><div class='post-entry post-entry-type-page post-entry-1062'><div class='entry-content-wrapper clearfix'>\n<div  class='flex_column av-9egism-748fdf595d89e1f567eab1a155e74173 av_one_full  avia-builder-el-2  avia-builder-el-no-sibling  first av-break-at-tablet flex_column_div  '     ><section  class='av_textblock_section av-lwhunnxw-cc19880fbfc61f2b23dae44c1360db75 '   itemscope=\"itemscope\" itemtype=\"https:\/\/schema.org\/CreativeWork\" ><div class='avia_textblock'  itemprop=\"text\" ><h1><strong>Bandscheibenvorfall an der Lendenwirbels\u00e4ule<br \/>\n<\/strong><\/h1>\n<p>Die Funktion der Bandscheiben im menschlichen Skelett ist von gro\u00dfer Bedeutung. Sie dienen als Puffer zwischen den Wirbelk\u00f6rpern und nehmen Sto\u00df- und Druckbelastungen auf. Die Bandscheibe besteht aus einem elastischen Gallertkern, der von einem faserigen Ring umgeben ist. Mit zunehmendem Alter kann es zu einer Verschlechterung der Gewebequalit\u00e4t kommen, was zu Rissen im Faserring und einem Verlust der Elastizit\u00e4t des Gallertkerns f\u00fchren kann. Ein Bandscheibenvorfall tritt auf, wenn der Gallertkern aufgrund \u00fcberm\u00e4\u00dfiger Belastung den Faserring teilweise oder vollst\u00e4ndig durchbricht.<\/p>\n<\/div><\/section><br \/>\n\n<style type=\"text\/css\" data-created_by=\"avia_inline_auto\" id=\"style-css-av-lwhur87v-3f83903879c69fd326aff649cef9b9c3\">\n#top .togglecontainer.av-lwhur87v-3f83903879c69fd326aff649cef9b9c3 p.toggler{\nbackground-color:#ffffff;\n}\n#top .togglecontainer.av-lwhur87v-3f83903879c69fd326aff649cef9b9c3 p.toggler.activeTitle{\nbackground-color:#ffffff;\n}\n#top .togglecontainer.av-lwhur87v-3f83903879c69fd326aff649cef9b9c3 .toggle_wrap .toggle_content{\nbackground-color:#ffffff;\n}\n<\/style>\n<div  class='togglecontainer av-lwhur87v-3f83903879c69fd326aff649cef9b9c3 av-minimal-toggle  avia-builder-el-4  el_after_av_textblock  avia-builder-el-last  toggle_close_all' >\n<section class='av_toggle_section av-lwhupoys-5f3076e2bc05a108a9b73044f31cf421'  itemscope=\"itemscope\" itemtype=\"https:\/\/schema.org\/CreativeWork\" ><div role=\"tablist\" class=\"single_toggle\" data-tags=\"{Alle} \"  ><p id='toggle-toggle-id-1' data-fake-id='#toggle-id-1' class='toggler  activeTitle av-title-above '  itemprop=\"headline\"  role='tab' tabindex='0' aria-controls='toggle-id-1' data-slide-speed=\"200\" data-title=\"Lendenwirbels\u00e4ule (LWS)\" data-title-open=\"\" data-aria_collapsed=\"Click to expand: Lendenwirbels\u00e4ule (LWS)\" data-aria_expanded=\"Click to collapse: Lendenwirbels\u00e4ule (LWS)\">Lendenwirbels\u00e4ule (LWS)<span class=\"toggle_icon\"><span class=\"vert_icon\"><\/span><span class=\"hor_icon\"><\/span><\/span><\/p><div id='toggle-id-1' aria-labelledby='toggle-toggle-id-1' role='region' class='toggle_wrap  active_tc av-title-above' style='display:block;' ><div class='toggle_content invers-color '  itemprop=\"text\" ><p>Bandscheibenvorf\u00e4lle in der Lendenwirbels\u00e4ule k\u00f6nnen durch verschiedene Faktoren verursacht werden, einschlie\u00dflich erblicher Veranlagung. Oft liegt bereits vor dem eigentlichen Vorfall eine Sch\u00e4digung der Bandscheibe vor, die durch degenerative Prozesse unbemerkt fortschreitet. Diese Prozesse f\u00fchren zu einem Fl\u00fcssigkeitsverlust im Gallertkern der Bandscheibe und einer damit verbundenen H\u00f6henminderung. Bereits eine pl\u00f6tzliche Dreh- oder Beugungsbewegung kann dann zu einem Riss im geschw\u00e4chten Faserring der Bandscheibe f\u00fchren. Fehlhaltungen bei der beruflichen T\u00e4tigkeit, \u00dcbergewicht, unzureichend entwickelte R\u00fcckenmuskulatur und Belastungen durch langes Sitzen oder Stehen erh\u00f6hen das Risiko f\u00fcr einen Bandscheibenvorfall in der LWS. In einigen F\u00e4llen kann auch eine Schwangerschaft einen Bandscheibenvorfall beg\u00fcnstigen.<\/p>\n<\/div><\/div><\/div><\/section>\n<section class='av_toggle_section av-lwhupze2-65b9bffb4e4a4f500abf2a7d9e4c2c2f'  itemscope=\"itemscope\" itemtype=\"https:\/\/schema.org\/CreativeWork\" ><div role=\"tablist\" class=\"single_toggle\" data-tags=\"{Alle} \"  ><p id='toggle-toggle-id-2' data-fake-id='#toggle-id-2' class='toggler  av-title-above '  itemprop=\"headline\"  role='tab' tabindex='0' aria-controls='toggle-id-2' data-slide-speed=\"200\" data-title=\"Welche Symptome treten bei einem Bandscheibenvorfall in der Lendenwirbels\u00e4ule auf?\" data-title-open=\"\" data-aria_collapsed=\"Click to expand: Welche Symptome treten bei einem Bandscheibenvorfall in der Lendenwirbels\u00e4ule auf?\" data-aria_expanded=\"Click to collapse: Welche Symptome treten bei einem Bandscheibenvorfall in der Lendenwirbels\u00e4ule auf?\">Welche Symptome treten bei einem Bandscheibenvorfall in der Lendenwirbels\u00e4ule auf?<span class=\"toggle_icon\"><span class=\"vert_icon\"><\/span><span class=\"hor_icon\"><\/span><\/span><\/p><div id='toggle-id-2' aria-labelledby='toggle-toggle-id-2' role='region' class='toggle_wrap  av-title-above'  ><div class='toggle_content invers-color '  itemprop=\"text\" ><p>Ein Bandscheibenvorfall in der LWS geht nicht zwangsl\u00e4ufig mit starken Schmerzen im unteren R\u00fccken einher. Typischerweise treten Schmerzen auf, die in das Ges\u00e4\u00df oder das Bein ausstrahlen, manchmal sogar bis zum Fu\u00df. Ursache f\u00fcr diese Schmerzen ist der gerissene Faserring, der sich aufgrund von \u00dcberbelastung verformt oder Bandscheibengewebe auf die Spinalnerven dr\u00fcckt. Pl\u00f6tzliche Bewegungen, Husten oder Niesen k\u00f6nnen die Schmerzen verst\u00e4rken. Betroffene verharren h\u00e4ufig in einer verkrampften Schonhaltung. Die R\u00fcckenmuskulatur ist chronisch verspannt und blockiert. Neurologische St\u00f6rungen \u00e4u\u00dfern sich in Kribbeln oder Taubheitsgef\u00fchlen in den Beinen\/F\u00fc\u00dfen, pl\u00f6tzlichem Einknicken beim Gehen oder Laufen, verminderten Reflexen oder L\u00e4hmungserscheinungen in den Beinen\/F\u00fc\u00dfen. Der eigentliche Schmerz in der LWS ist h\u00e4ufig nicht genau lokalisierbar und erstreckt sich \u00fcber mehrere Bewegungssegmente. Patienten verwenden oft den Begriff &#8222;Hexenschuss&#8220;, um den R\u00fcckenschmerz und die Schmerzen zu beschreiben, die ins Ges\u00e4\u00df, ins Bein oder sogar bis in den Fu\u00df ausstrahlen. Einschr\u00e4nkungen beim Stehen, Gehen, auf den Zehen oder Fersen stehen sowie Probleme beim Treppensteigen k\u00f6nnen auftreten.<\/p>\n<\/div><\/div><\/div><\/section>\n<section class='av_toggle_section av-lwhuqamm-40d2b3f6080ab4097734f974afb35da5'  itemscope=\"itemscope\" itemtype=\"https:\/\/schema.org\/CreativeWork\" ><div role=\"tablist\" class=\"single_toggle\" data-tags=\"{Alle} \"  ><p id='toggle-toggle-id-3' data-fake-id='#toggle-id-3' class='toggler  av-title-above '  itemprop=\"headline\"  role='tab' tabindex='0' aria-controls='toggle-id-3' data-slide-speed=\"200\" data-title=\"Wie wird ein Bandscheibenvorfall in der Lendenwirbels\u00e4ule diagnostiziert?\" data-title-open=\"\" data-aria_collapsed=\"Click to expand: Wie wird ein Bandscheibenvorfall in der Lendenwirbels\u00e4ule diagnostiziert?\" data-aria_expanded=\"Click to collapse: Wie wird ein Bandscheibenvorfall in der Lendenwirbels\u00e4ule diagnostiziert?\">Wie wird ein Bandscheibenvorfall in der Lendenwirbels\u00e4ule diagnostiziert?<span class=\"toggle_icon\"><span class=\"vert_icon\"><\/span><span class=\"hor_icon\"><\/span><\/span><\/p><div id='toggle-id-3' aria-labelledby='toggle-toggle-id-3' role='region' class='toggle_wrap  av-title-above'  ><div class='toggle_content invers-color '  itemprop=\"text\" ><p>Unsere Spezialisten f\u00fchren eine gr\u00fcndliche klinische Untersuchung durch und achten dabei besonders auf m\u00f6gliche neurologische Beeintr\u00e4chtigungen. Zur sicheren Diagnosestellung werden verschiedene bildgebende Verfahren eingesetzt. Ein R\u00f6ntgenbild kann helfen, einen Bandscheibenvorfall von anderen Erkrankungen wie einem Wirbelgleiten abzugrenzen. Die Magnetresonanztomografie (MRT) erm\u00f6glicht eine genaue Bestimmung des Bandscheibenvorfalls.<\/p>\n<\/div><\/div><\/div><\/section>\n<section class='av_toggle_section av-lwhuqj9y-4e27ebc8176a1626a752da6814e288a3'  itemscope=\"itemscope\" itemtype=\"https:\/\/schema.org\/CreativeWork\" ><div role=\"tablist\" class=\"single_toggle\" data-tags=\"{Alle} \"  ><p id='toggle-toggle-id-4' data-fake-id='#toggle-id-4' class='toggler  av-title-above '  itemprop=\"headline\"  role='tab' tabindex='0' aria-controls='toggle-id-4' data-slide-speed=\"200\" data-title=\"Wie behandelt man einen Bandscheibenvorfall in der Lendenwirbels\u00e4ule konservativ?\" data-title-open=\"\" data-aria_collapsed=\"Click to expand: Wie behandelt man einen Bandscheibenvorfall in der Lendenwirbels\u00e4ule konservativ?\" data-aria_expanded=\"Click to collapse: Wie behandelt man einen Bandscheibenvorfall in der Lendenwirbels\u00e4ule konservativ?\">Wie behandelt man einen Bandscheibenvorfall in der Lendenwirbels\u00e4ule konservativ?<span class=\"toggle_icon\"><span class=\"vert_icon\"><\/span><span class=\"hor_icon\"><\/span><\/span><\/p><div id='toggle-id-4' aria-labelledby='toggle-toggle-id-4' role='region' class='toggle_wrap  av-title-above'  ><div class='toggle_content invers-color '  itemprop=\"text\" ><p>Die ATOS Klinik bietet eine breite Palette konservativer Behandlungsm\u00f6glichkeiten f\u00fcr Bandscheibenvorf\u00e4lle in der LWS. Diese reichen von der Behandlung der Facettengelenke mit K\u00e4lte oder W\u00e4rme bis hin zur periradikul\u00e4ren Therapie (PRT), bei der eine Injektion unter radiologischer Sicht an die Nervenwurzel gegeben wird. In unserer Klinik stehen modernste technische Ger\u00e4te zur Verf\u00fcgung. Akute Schmerzphasen k\u00f6nnen mit schmerzstillenden und entz\u00fcndungshemmenden Medikamenten gelindert werden. Spezielle Lagerung, Physiotherapie, manuelle Medizin, Lymphdrainage und lokale W\u00e4rmeanwendungen k\u00f6nnen ebenfalls zur Linderung der Beschwerden beitragen. In der Regel kommt es innerhalb von 6 bis 8 Wochen zu einer zufriedenstellenden Besserung der Symptome.<\/p>\n<\/div><\/div><\/div><\/section>\n<section class='av_toggle_section av-lwhuqwbw-91474431c3b547241d68ada8ac525f6b'  itemscope=\"itemscope\" itemtype=\"https:\/\/schema.org\/CreativeWork\" ><div role=\"tablist\" class=\"single_toggle\" data-tags=\"{Alle} \"  ><p id='toggle-toggle-id-5' data-fake-id='#toggle-id-5' class='toggler  av-title-above '  itemprop=\"headline\"  role='tab' tabindex='0' aria-controls='toggle-id-5' data-slide-speed=\"200\" data-title=\"Wie behandelt man einen Bandscheibenvorfall in der Lendenwirbels\u00e4ule operativ?\" data-title-open=\"\" data-aria_collapsed=\"Click to expand: Wie behandelt man einen Bandscheibenvorfall in der Lendenwirbels\u00e4ule operativ?\" data-aria_expanded=\"Click to collapse: Wie behandelt man einen Bandscheibenvorfall in der Lendenwirbels\u00e4ule operativ?\">Wie behandelt man einen Bandscheibenvorfall in der Lendenwirbels\u00e4ule operativ?<span class=\"toggle_icon\"><span class=\"vert_icon\"><\/span><span class=\"hor_icon\"><\/span><\/span><\/p><div id='toggle-id-5' aria-labelledby='toggle-toggle-id-5' role='region' class='toggle_wrap  av-title-above'  ><div class='toggle_content invers-color '  itemprop=\"text\" ><p>Eine Operation ist erforderlich, wenn der typische Muskelverlust, der mit einem Bandscheibenvorfall in der LWS einhergeht, relevant ist. Bei fortschreitendem Kraftverlust kann es zu einer Notfallsituation kommen, die eine sofortige Operation erforderlich macht. Der pl\u00f6tzliche Verlust der Kontrolle \u00fcber die Blasen- und Mastdarmentleerung ist ebenfalls ein Indikator f\u00fcr eine dringliche Operation. Eine Operation sollte auch in Erw\u00e4gung gezogen werden, wenn trotz konsequenter konservativer Therapie weiterhin ausgepr\u00e4gte Beschwerden bestehen.<\/p>\n<p>Bandscheibenvorf\u00e4lle in der Lendenwirbels\u00e4ule werden minimal-invasiv operiert, wobei das Gewebe geschont wird. Fr\u00fcher wurde die gesamte Bandscheibe entfernt, heute wird jedoch nur das vorgefallene Gewebe entfernt, um die sto\u00dfd\u00e4mpfende Funktion der Bandscheibe so weit wie m\u00f6glich zu erhalten. Der Zugang erfolgt \u00fcber einen kleinen, etwa 1,5 cm langen Hautschnitt, w\u00e4hrend der Patient in Bauchlage liegt. Nachdem die Muskulatur schonend gedehnt wurde, wird eine H\u00fclse eingef\u00fchrt und der Bandscheibenvorfall mit mikrochirurgischen Instrumenten entfernt. Bei Bedarf kann der Spinalkanal \u00fcber diesen &#8222;tubul\u00e4ren&#8220; Zugang erweitert werden. Dabei werden die kn\u00f6chernen Strukturen, insbesondere die Wirbelgelenke, erhalten. Der Patient kann unmittelbar nach dem Eingriff mobilisiert werden.<\/p>\n<\/div><\/div><\/div><\/section>\n<section class='av_toggle_section av-lwhur74f-d1a13d3b564ed0ea0a32138f07b193fe'  itemscope=\"itemscope\" itemtype=\"https:\/\/schema.org\/CreativeWork\" ><div role=\"tablist\" class=\"single_toggle\" data-tags=\"{Alle} \"  ><p id='toggle-toggle-id-6' data-fake-id='#toggle-id-6' class='toggler  av-title-above '  itemprop=\"headline\"  role='tab' tabindex='0' aria-controls='toggle-id-6' data-slide-speed=\"200\" data-title=\"Wie lange dauert die Rehabilitation nach einem Bandscheibenvorfall in der Lendenwirbels\u00e4ule?\" data-title-open=\"\" data-aria_collapsed=\"Click to expand: Wie lange dauert die Rehabilitation nach einem Bandscheibenvorfall in der Lendenwirbels\u00e4ule?\" data-aria_expanded=\"Click to collapse: Wie lange dauert die Rehabilitation nach einem Bandscheibenvorfall in der Lendenwirbels\u00e4ule?\">Wie lange dauert die Rehabilitation nach einem Bandscheibenvorfall in der Lendenwirbels\u00e4ule?<span class=\"toggle_icon\"><span class=\"vert_icon\"><\/span><span class=\"hor_icon\"><\/span><\/span><\/p><div id='toggle-id-6' aria-labelledby='toggle-toggle-id-6' role='region' class='toggle_wrap  av-title-above'  ><div class='toggle_content invers-color '  itemprop=\"text\" ><p>In den meisten F\u00e4llen k\u00f6nnen Schmerzen und neurologische Beschwerden nach einem Bandscheibenvorfall erfolgreich mit konservativen Ma\u00dfnahmen behandelt werden. Die Rehabilitation erfolgt je nach Schweregrad ambulant oder station\u00e4r. Dabei k\u00f6nnen verschiedene Ma\u00dfnahmen wie Bewegungstherapie (Kr\u00e4ftigung, Dehnung, Ausdauer) einschlie\u00dflich einer R\u00fcckenschule, manuelle Medizin, Schmerztherapie, Entspannungstherapien, Ergotherapie und Ern\u00e4hrungsberatung zur Gewichtsreduktion zum Einsatz kommen. In der Regel stellt sich nach etwa 3-4 Wochen eine sp\u00fcrbare Verbesserung ein. Wenn trotz intensiver konservativer Therapie nach 6-8 Wochen weiterhin starke Schmerzen und Funktionsst\u00f6rungen bestehen, kann eine Operation in Betracht gezogen werden. Nach der Entlassung aus der Klinik sollte sich der Patient f\u00fcr 4-6 Wochen schonen und die Belastung der Wirbels\u00e4ule weitgehend vermeiden. Bewegungseinschr\u00e4nkungen sind in der Regel nicht erforderlich.<\/p>\n<\/div><\/div><\/div><\/section>\n<\/div><\/p><\/div><\/div><\/div><\/div><!-- close content main div --><\/div><\/div>\n<style type=\"text\/css\" data-created_by=\"avia_inline_auto\" id=\"style-css-av-7040xi-538437412d120dc7effbef4f4c16851f\">\n.avia-section.av-7040xi-538437412d120dc7effbef4f4c16851f{\nbackground-repeat:no-repeat;\nbackground-image:url(https:\/\/atos-mvz.de\/stuttgart\/wp-content\/uploads\/sites\/7\/2021\/07\/Therapien-Titel-1500x700-1.jpg);\nbackground-position:50% 50%;\nbackground-attachment:scroll;\n}\n.avia-section.av-7040xi-538437412d120dc7effbef4f4c16851f .av-section-color-overlay{\nopacity:0.9;\nbackground-color:#482683;\n}\n<\/style>\n<div id='cta'  class='avia-section av-7040xi-538437412d120dc7effbef4f4c16851f main_color avia-section-large avia-no-border-styling  avia-builder-el-5  el_after_av_section  avia-builder-el-last  avia-full-stretch avia-bg-style-scroll av-section-color-overlay-active container_wrap fullsize'  data-section-bg-repeat='stretch'><div class=\"av-section-color-overlay-wrap\"><div class=\"av-section-color-overlay\"><\/div><div class='container av-section-cont-open' ><div class='template-page content  av-content-full alpha units'><div class='post-entry post-entry-type-page post-entry-1062'><div class='entry-content-wrapper clearfix'>\n<div  class='flex_column av-5eizau-19391700626f5038fec33b27c265ecdd av_two_third  avia-builder-el-6  avia-builder-el-no-sibling  first av-break-at-tablet flex_column_div  '     ><style type=\"text\/css\" data-created_by=\"avia_inline_auto\" id=\"style-css-av-450e3q-25292fc56d7d78dda1d2207a2ae829b0\">\n#top .av_textblock_section.av-450e3q-25292fc56d7d78dda1d2207a2ae829b0 .avia_textblock{\ncolor:#ffffff;\n}\n<\/style>\n<section  class='av_textblock_section av-450e3q-25292fc56d7d78dda1d2207a2ae829b0 '   itemscope=\"itemscope\" itemtype=\"https:\/\/schema.org\/CreativeWork\" ><div class='avia_textblock av_inherit_color'  itemprop=\"text\" ><h2><strong>Termin vereinbaren<\/strong> oder Frage stellen<\/h2>\n<p>Sollten auch Sie unter akuten oder chronischen Gelenkschmerzen leiden, k\u00f6nnen Sie unsere Praxis in Stuttgart Mitte unter der folgenden Telefonnummer erreichen:<\/p>\n<\/div><\/section><br \/>\n<div  class='avia-button-wrap av-2tfffq-393dbbadc2c1f5448c20282227412997-wrap avia-button-left  avia-builder-el-8  el_after_av_textblock  avia-builder-el-last '><a href='tel:+497116662930'  class='avia-button av-2tfffq-393dbbadc2c1f5448c20282227412997 av-link-btn avia-icon_select-yes-right-icon avia-size-small avia-position-left avia-color-theme-color-highlight'   aria-label=\"0711 66629-30\"><span class='avia_iconbox_title' >0711 66629-30<\/span><span class='avia_button_icon avia_button_icon_right avia-iconfont avia-font-fontello' data-av_icon='\ue802' data-av_iconfont='fontello' ><\/span><\/a><\/div><\/p><\/div>\n<\/p>\n","protected":false},"excerpt":{"rendered":"","protected":false},"author":1,"featured_media":0,"parent":0,"menu_order":0,"comment_status":"closed","ping_status":"closed","template":"","meta":{"footnotes":""},"class_list":["post-1062","page","type-page","status-publish","hentry"],"yoast_head":"<!-- This site is optimized with the Yoast SEO plugin v27.3 - https:\/\/yoast.com\/product\/yoast-seo-wordpress\/ -->\n<title>Bandscheibenvorfall an der Lendenwirbels\u00e4ule (LWS) - ATOS Facharztzentrum Klinik Stuttgart<\/title>\n<meta name=\"description\" content=\"Behandlung Bandscheibenvorfall LWS in Stuttgart: Diagnostik und Therapie bei Beschwerden der Lendenwirbels\u00e4ule. Fach\u00e4rztlich betreut.\" \/>\n<meta name=\"robots\" content=\"index, follow, max-snippet:-1, max-image-preview:large, max-video-preview:-1\" \/>\n<link rel=\"canonical\" href=\"https:\/\/atos-mvz.de\/stuttgart\/bandscheibenvorfall-an-der-lendenwirbelsaeule-lws\/\" \/>\n<meta property=\"og:locale\" content=\"de_DE\" \/>\n<meta property=\"og:type\" content=\"article\" \/>\n<meta property=\"og:title\" content=\"Bandscheibenvorfall an der Lendenwirbels\u00e4ule (LWS) - ATOS Facharztzentrum Klinik Stuttgart\" \/>\n<meta property=\"og:description\" content=\"Behandlung Bandscheibenvorfall LWS in Stuttgart: Diagnostik und Therapie bei Beschwerden der Lendenwirbels\u00e4ule. Fach\u00e4rztlich betreut.\" \/>\n<meta property=\"og:url\" content=\"https:\/\/atos-mvz.de\/stuttgart\/bandscheibenvorfall-an-der-lendenwirbelsaeule-lws\/\" \/>\n<meta property=\"og:site_name\" content=\"ATOS Facharztzentrum Klinik Stuttgart\" \/>\n<meta property=\"article:modified_time\" content=\"2026-01-15T16:01:19+00:00\" \/>\n<meta name=\"twitter:card\" content=\"summary_large_image\" \/>\n<script type=\"application\/ld+json\" class=\"yoast-schema-graph\">{\"@context\":\"https:\\\/\\\/schema.org\",\"@graph\":[{\"@type\":\"WebPage\",\"@id\":\"https:\\\/\\\/atos-mvz.de\\\/stuttgart\\\/bandscheibenvorfall-an-der-lendenwirbelsaeule-lws\\\/\",\"url\":\"https:\\\/\\\/atos-mvz.de\\\/stuttgart\\\/bandscheibenvorfall-an-der-lendenwirbelsaeule-lws\\\/\",\"name\":\"Bandscheibenvorfall an der Lendenwirbels\u00e4ule (LWS) - ATOS Facharztzentrum Klinik Stuttgart\",\"isPartOf\":{\"@id\":\"https:\\\/\\\/atos-mvz.de\\\/stuttgart\\\/#website\"},\"datePublished\":\"2024-05-22T13:21:06+00:00\",\"dateModified\":\"2026-01-15T16:01:19+00:00\",\"description\":\"Behandlung Bandscheibenvorfall LWS in Stuttgart: Diagnostik und Therapie bei Beschwerden der Lendenwirbels\u00e4ule. Fach\u00e4rztlich betreut.\",\"breadcrumb\":{\"@id\":\"https:\\\/\\\/atos-mvz.de\\\/stuttgart\\\/bandscheibenvorfall-an-der-lendenwirbelsaeule-lws\\\/#breadcrumb\"},\"inLanguage\":\"de\",\"potentialAction\":[{\"@type\":\"ReadAction\",\"target\":[\"https:\\\/\\\/atos-mvz.de\\\/stuttgart\\\/bandscheibenvorfall-an-der-lendenwirbelsaeule-lws\\\/\"]}]},{\"@type\":\"BreadcrumbList\",\"@id\":\"https:\\\/\\\/atos-mvz.de\\\/stuttgart\\\/bandscheibenvorfall-an-der-lendenwirbelsaeule-lws\\\/#breadcrumb\",\"itemListElement\":[{\"@type\":\"ListItem\",\"position\":1,\"name\":\"Startseite\",\"item\":\"https:\\\/\\\/atos-mvz.de\\\/stuttgart\\\/startseite\\\/\"},{\"@type\":\"ListItem\",\"position\":2,\"name\":\"Bandscheibenvorfall an der Lendenwirbels\u00e4ule (LWS)\"}]},{\"@type\":\"WebSite\",\"@id\":\"https:\\\/\\\/atos-mvz.de\\\/stuttgart\\\/#website\",\"url\":\"https:\\\/\\\/atos-mvz.de\\\/stuttgart\\\/\",\"name\":\"ATOS Facharztzentrum Klinik Stuttgart\",\"description\":\"\",\"potentialAction\":[{\"@type\":\"SearchAction\",\"target\":{\"@type\":\"EntryPoint\",\"urlTemplate\":\"https:\\\/\\\/atos-mvz.de\\\/stuttgart\\\/?s={search_term_string}\"},\"query-input\":{\"@type\":\"PropertyValueSpecification\",\"valueRequired\":true,\"valueName\":\"search_term_string\"}}],\"inLanguage\":\"de\"}]}<\/script>\n<!-- \/ Yoast SEO plugin. -->","yoast_head_json":{"title":"Bandscheibenvorfall an der Lendenwirbels\u00e4ule (LWS) - ATOS Facharztzentrum Klinik Stuttgart","description":"Behandlung Bandscheibenvorfall LWS in Stuttgart: Diagnostik und Therapie bei Beschwerden der Lendenwirbels\u00e4ule. Fach\u00e4rztlich betreut.","robots":{"index":"index","follow":"follow","max-snippet":"max-snippet:-1","max-image-preview":"max-image-preview:large","max-video-preview":"max-video-preview:-1"},"canonical":"https:\/\/atos-mvz.de\/stuttgart\/bandscheibenvorfall-an-der-lendenwirbelsaeule-lws\/","og_locale":"de_DE","og_type":"article","og_title":"Bandscheibenvorfall an der Lendenwirbels\u00e4ule (LWS) - ATOS Facharztzentrum Klinik Stuttgart","og_description":"Behandlung Bandscheibenvorfall LWS in Stuttgart: Diagnostik und Therapie bei Beschwerden der Lendenwirbels\u00e4ule. Fach\u00e4rztlich betreut.","og_url":"https:\/\/atos-mvz.de\/stuttgart\/bandscheibenvorfall-an-der-lendenwirbelsaeule-lws\/","og_site_name":"ATOS Facharztzentrum Klinik Stuttgart","article_modified_time":"2026-01-15T16:01:19+00:00","twitter_card":"summary_large_image","schema":{"@context":"https:\/\/schema.org","@graph":[{"@type":"WebPage","@id":"https:\/\/atos-mvz.de\/stuttgart\/bandscheibenvorfall-an-der-lendenwirbelsaeule-lws\/","url":"https:\/\/atos-mvz.de\/stuttgart\/bandscheibenvorfall-an-der-lendenwirbelsaeule-lws\/","name":"Bandscheibenvorfall an der Lendenwirbels\u00e4ule (LWS) - ATOS Facharztzentrum Klinik Stuttgart","isPartOf":{"@id":"https:\/\/atos-mvz.de\/stuttgart\/#website"},"datePublished":"2024-05-22T13:21:06+00:00","dateModified":"2026-01-15T16:01:19+00:00","description":"Behandlung Bandscheibenvorfall LWS in Stuttgart: Diagnostik und Therapie bei Beschwerden der Lendenwirbels\u00e4ule. Fach\u00e4rztlich betreut.","breadcrumb":{"@id":"https:\/\/atos-mvz.de\/stuttgart\/bandscheibenvorfall-an-der-lendenwirbelsaeule-lws\/#breadcrumb"},"inLanguage":"de","potentialAction":[{"@type":"ReadAction","target":["https:\/\/atos-mvz.de\/stuttgart\/bandscheibenvorfall-an-der-lendenwirbelsaeule-lws\/"]}]},{"@type":"BreadcrumbList","@id":"https:\/\/atos-mvz.de\/stuttgart\/bandscheibenvorfall-an-der-lendenwirbelsaeule-lws\/#breadcrumb","itemListElement":[{"@type":"ListItem","position":1,"name":"Startseite","item":"https:\/\/atos-mvz.de\/stuttgart\/startseite\/"},{"@type":"ListItem","position":2,"name":"Bandscheibenvorfall an der Lendenwirbels\u00e4ule (LWS)"}]},{"@type":"WebSite","@id":"https:\/\/atos-mvz.de\/stuttgart\/#website","url":"https:\/\/atos-mvz.de\/stuttgart\/","name":"ATOS Facharztzentrum Klinik Stuttgart","description":"","potentialAction":[{"@type":"SearchAction","target":{"@type":"EntryPoint","urlTemplate":"https:\/\/atos-mvz.de\/stuttgart\/?s={search_term_string}"},"query-input":{"@type":"PropertyValueSpecification","valueRequired":true,"valueName":"search_term_string"}}],"inLanguage":"de"}]}},"_links":{"self":[{"href":"https:\/\/atos-mvz.de\/stuttgart\/wp-json\/wp\/v2\/pages\/1062","targetHints":{"allow":["GET"]}}],"collection":[{"href":"https:\/\/atos-mvz.de\/stuttgart\/wp-json\/wp\/v2\/pages"}],"about":[{"href":"https:\/\/atos-mvz.de\/stuttgart\/wp-json\/wp\/v2\/types\/page"}],"author":[{"embeddable":true,"href":"https:\/\/atos-mvz.de\/stuttgart\/wp-json\/wp\/v2\/users\/1"}],"replies":[{"embeddable":true,"href":"https:\/\/atos-mvz.de\/stuttgart\/wp-json\/wp\/v2\/comments?post=1062"}],"version-history":[{"count":4,"href":"https:\/\/atos-mvz.de\/stuttgart\/wp-json\/wp\/v2\/pages\/1062\/revisions"}],"predecessor-version":[{"id":1307,"href":"https:\/\/atos-mvz.de\/stuttgart\/wp-json\/wp\/v2\/pages\/1062\/revisions\/1307"}],"wp:attachment":[{"href":"https:\/\/atos-mvz.de\/stuttgart\/wp-json\/wp\/v2\/media?parent=1062"}],"curies":[{"name":"wp","href":"https:\/\/api.w.org\/{rel}","templated":true}]}}