{"id":1057,"date":"2024-05-22T15:15:57","date_gmt":"2024-05-22T13:15:57","guid":{"rendered":"https:\/\/atos-mvz.de\/stuttgart\/?page_id=1057"},"modified":"2026-01-15T17:00:24","modified_gmt":"2026-01-15T16:00:24","slug":"bandscheibenvorfall-in-der-brustwirbelsaeule-bws","status":"publish","type":"page","link":"https:\/\/atos-mvz.de\/stuttgart\/bandscheibenvorfall-in-der-brustwirbelsaeule-bws\/","title":{"rendered":"Bandscheibenvorfall in der Brustwirbels\u00e4ule (BWS)"},"content":{"rendered":"\n<style type=\"text\/css\" data-created_by=\"avia_inline_auto\" id=\"style-css-av-lwhuhkio-dfaa5c7d20ddc50bfae269f25504b924\">\n.avia-section.av-lwhuhkio-dfaa5c7d20ddc50bfae269f25504b924{\nbackground-repeat:no-repeat;\nbackground-image:url(https:\/\/atos-mvz.de\/stuttgart\/wp-content\/uploads\/sites\/7\/2024\/05\/mvz-stg-10.jpg);\nbackground-position:50% 50%;\nbackground-attachment:scroll;\n}\n.avia-section.av-lwhuhkio-dfaa5c7d20ddc50bfae269f25504b924 .av-extra-border-element .av-extra-border-inner{\nbackground-color:#ffffff;\n}\n<\/style>\n<div id='header-img'  class='avia-section av-lwhuhkio-dfaa5c7d20ddc50bfae269f25504b924 main_color avia-section-default avia-no-border-styling  avia-builder-el-0  el_before_av_section  avia-builder-el-first  largeimg avia-full-stretch avia-bg-style-scroll av-minimum-height av-minimum-height-custom av-height-custom  container_wrap fullsize'  data-section-bg-repeat='stretch' data-av_minimum_height_px='200'><div class='container av-section-cont-open' style='height:200px'><main  role=\"main\" itemprop=\"mainContentOfPage\"  class='template-page content  av-content-full alpha units'><div class='post-entry post-entry-type-page post-entry-1057'><div class='entry-content-wrapper clearfix'>\n<\/div><\/div><\/main><!-- close content main element --><\/div><div class='av-extra-border-element border-extra-diagonal border-extra-diagonal-inverse '><div class='av-extra-border-outer'><div class='av-extra-border-inner'><\/div><\/div><\/div><\/div><div id='av_section_2'  class='avia-section av-k3nrgx-fbeed4b05f15de3f9e90084820d61a32 main_color avia-section-large avia-no-border-styling  avia-builder-el-1  el_after_av_section  el_before_av_section  avia-bg-style-scroll container_wrap fullsize'  ><div class='container av-section-cont-open' ><div class='template-page content  av-content-full alpha units'><div class='post-entry post-entry-type-page post-entry-1057'><div class='entry-content-wrapper clearfix'>\n<div  class='flex_column av-1u8a5d-e61530194d24cf5daaca3cee44bf7a72 av_one_full  avia-builder-el-2  avia-builder-el-no-sibling  first av-break-at-tablet flex_column_div  '     ><section  class='av_textblock_section av-lwhuhq3b-10e89906bcaddbdcd582f3955feb0663 '   itemscope=\"itemscope\" itemtype=\"https:\/\/schema.org\/CreativeWork\" ><div class='avia_textblock'  itemprop=\"text\" ><h1><strong>Bandscheibenvorfall in der Brustwirbels\u00e4ule<\/strong><\/h1>\n<p>Die Funktion der Bandscheiben im menschlichen Skelett ist von gro\u00dfer Bedeutung. Sie dienen als Puffer zwischen den Wirbelk\u00f6rpern und nehmen Sto\u00df- und Druckbelastungen auf. Die Bandscheibe besteht aus einem elastischen Gallertkern, der von einem faserigen Ring umgeben ist. Mit zunehmendem Alter kann es zu einer Verschlechterung der Gewebequalit\u00e4t kommen, was zu Rissen im Faserring und einem Verlust der Elastizit\u00e4t des Gallertkerns f\u00fchren kann. Ein Bandscheibenvorfall tritt auf, wenn der Gallertkern aufgrund \u00fcberm\u00e4\u00dfiger Belastung den Faserring teilweise oder vollst\u00e4ndig durchbricht.<\/p>\n<\/div><\/section><br \/>\n\n<style type=\"text\/css\" data-created_by=\"avia_inline_auto\" id=\"style-css-av-lwhukhyv-4f44824af7b35d0dcd88fe48e8e96a3c\">\n#top .togglecontainer.av-lwhukhyv-4f44824af7b35d0dcd88fe48e8e96a3c p.toggler{\nbackground-color:#ffffff;\n}\n#top .togglecontainer.av-lwhukhyv-4f44824af7b35d0dcd88fe48e8e96a3c p.toggler.activeTitle{\nbackground-color:#ffffff;\n}\n#top .togglecontainer.av-lwhukhyv-4f44824af7b35d0dcd88fe48e8e96a3c .toggle_wrap .toggle_content{\nbackground-color:#ffffff;\n}\n<\/style>\n<div  class='togglecontainer av-lwhukhyv-4f44824af7b35d0dcd88fe48e8e96a3c av-minimal-toggle  avia-builder-el-4  el_after_av_textblock  avia-builder-el-last  toggle_close_all' >\n<section class='av_toggle_section av-lwhuirdx-cd227ee9184b9a6e03548374d32b8874'  itemscope=\"itemscope\" itemtype=\"https:\/\/schema.org\/CreativeWork\" ><div role=\"tablist\" class=\"single_toggle\" data-tags=\"{Alle} \"  ><p id='toggle-toggle-id-1' data-fake-id='#toggle-id-1' class='toggler  activeTitle av-title-above '  itemprop=\"headline\"  role='tab' tabindex='0' aria-controls='toggle-id-1' data-slide-speed=\"200\" data-title=\"Brustwirbels\u00e4ule (BWS)\" data-title-open=\"\" data-aria_collapsed=\"Click to expand: Brustwirbels\u00e4ule (BWS)\" data-aria_expanded=\"Click to collapse: Brustwirbels\u00e4ule (BWS)\">Brustwirbels\u00e4ule (BWS)<span class=\"toggle_icon\"><span class=\"vert_icon\"><\/span><span class=\"hor_icon\"><\/span><\/span><\/p><div id='toggle-id-1' aria-labelledby='toggle-toggle-id-1' role='region' class='toggle_wrap  active_tc av-title-above' style='display:block;' ><div class='toggle_content invers-color '  itemprop=\"text\" ><p>Die Brustwirbels\u00e4ule (BWS) besteht aus einer Reihe von 12 Wirbeln, die sich zwischen der Hals- und Lendenwirbels\u00e4ule befinden. Schmerzen im Bereich der BWS k\u00f6nnen verschiedene Ursachen haben und es ist immer ratsam, einen Arzt zu konsultieren. Wenn Erkrankungen der inneren Organe ausgeschlossen werden k\u00f6nnen, sind oft Unregelm\u00e4\u00dfigkeiten im Skelett f\u00fcr die Beschwerden verantwortlich. Obwohl Bandscheibenvorf\u00e4lle in der Brustwirbels\u00e4ule selten vorkommen, k\u00f6nnen sie einen ernsthaften Verlauf nehmen. In schweren F\u00e4llen kann es zu einer Querschnittssymptomatik kommen, die L\u00e4hmungen und den Verlust der Kontrolle \u00fcber die Blasen- und Darmentleerung mit sich bringt. Neben allgemeinen Abnutzungserscheinungen kann ein Bandscheibenvorfall zu Nervenreizungen aufgrund von Frakturen, Blockaden der Wirbelgelenke oder entz\u00fcndlichen Ver\u00e4nderungen f\u00fchren.<\/p>\n<\/div><\/div><\/div><\/section>\n<section class='av_toggle_section av-lwhuj3vv-c678316970a6ce480ce760c9aae75a36'  itemscope=\"itemscope\" itemtype=\"https:\/\/schema.org\/CreativeWork\" ><div role=\"tablist\" class=\"single_toggle\" data-tags=\"{Alle} \"  ><p id='toggle-toggle-id-2' data-fake-id='#toggle-id-2' class='toggler  av-title-above '  itemprop=\"headline\"  role='tab' tabindex='0' aria-controls='toggle-id-2' data-slide-speed=\"200\" data-title=\"Welche Symptome treten bei einem Bandscheibenvorfall in der Brustwirbels\u00e4ule auf?\" data-title-open=\"\" data-aria_collapsed=\"Click to expand: Welche Symptome treten bei einem Bandscheibenvorfall in der Brustwirbels\u00e4ule auf?\" data-aria_expanded=\"Click to collapse: Welche Symptome treten bei einem Bandscheibenvorfall in der Brustwirbels\u00e4ule auf?\">Welche Symptome treten bei einem Bandscheibenvorfall in der Brustwirbels\u00e4ule auf?<span class=\"toggle_icon\"><span class=\"vert_icon\"><\/span><span class=\"hor_icon\"><\/span><\/span><\/p><div id='toggle-id-2' aria-labelledby='toggle-toggle-id-2' role='region' class='toggle_wrap  av-title-above'  ><div class='toggle_content invers-color '  itemprop=\"text\" ><p>Ein Bandscheibenvorfall in der Brustwirbels\u00e4ule kann verschiedene Symptome verursachen, die oft schmerzhaft und uncharakteristisch sind. In der Regel handelt es sich um dumpfe Schmerzen, die zwischen den Schulterbl\u00e4ttern lokalisiert sind. Manchmal breitet sich der Schmerz g\u00fcrtelf\u00f6rmig \u00fcber den Brustkorb aus. Der betroffene Bereich des Bandscheibenvorfalls ist in der Regel druckempfindlich. Gef\u00fchlsst\u00f6rungen im Rumpf oder in den Beinen sowie Probleme beim Gehen k\u00f6nnen ebenfalls Hinweise auf einen Bandscheibenvorfall in der Brustwirbels\u00e4ule sein.<\/p>\n<\/div><\/div><\/div><\/section>\n<section class='av_toggle_section av-lwhujjxk-efbdf857575770a954cf871701be941d'  itemscope=\"itemscope\" itemtype=\"https:\/\/schema.org\/CreativeWork\" ><div role=\"tablist\" class=\"single_toggle\" data-tags=\"{Alle} \"  ><p id='toggle-toggle-id-3' data-fake-id='#toggle-id-3' class='toggler  av-title-above '  itemprop=\"headline\"  role='tab' tabindex='0' aria-controls='toggle-id-3' data-slide-speed=\"200\" data-title=\"Wie wird ein Bandscheibenvorfall der Brustwirbels\u00e4ule diagnostiziert?\" data-title-open=\"\" data-aria_collapsed=\"Click to expand: Wie wird ein Bandscheibenvorfall der Brustwirbels\u00e4ule diagnostiziert?\" data-aria_expanded=\"Click to collapse: Wie wird ein Bandscheibenvorfall der Brustwirbels\u00e4ule diagnostiziert?\">Wie wird ein Bandscheibenvorfall der Brustwirbels\u00e4ule diagnostiziert?<span class=\"toggle_icon\"><span class=\"vert_icon\"><\/span><span class=\"hor_icon\"><\/span><\/span><\/p><div id='toggle-id-3' aria-labelledby='toggle-toggle-id-3' role='region' class='toggle_wrap  av-title-above'  ><div class='toggle_content invers-color '  itemprop=\"text\" ><p>Eine erfahrene medizinische Fachkraft kann Fehlhaltungen bereits bei einer klinischen Untersuchung feststellen. Um die genauen Ursachen der Fehlhaltung und Schmerzen zu ermitteln, ist eine bildgebende Diagnostik erforderlich. Durch eine Magnetresonanztomografie (MRT) kann ein Bandscheibenvorfall in der Brustwirbels\u00e4ule eindeutig identifiziert werden. Dar\u00fcber hinaus erm\u00f6glicht die MRT eine klare Abgrenzung des Bandscheibenvorfalls von anderen Erkrankungen, wie zum Beispiel Blockaden der Zwischen- oder Rippenwirbelgelenke oder Wirbelbr\u00fcchen. Bei Patienten mit Osteoporose wird der typische Schmerz in der Brustwirbels\u00e4ule versp\u00fcrt, wenn die stark geschw\u00e4chte Knochenstabilit\u00e4t zu Wirbelk\u00f6rperbr\u00fcchen f\u00fchrt, die auch ohne relevantes Trauma auftreten k\u00f6nnen.<\/p>\n<\/div><\/div><\/div><\/section>\n<section class='av_toggle_section av-lwhuju1e-15bf4c78a4f1c83e1f2f0a6d86e84e4c'  itemscope=\"itemscope\" itemtype=\"https:\/\/schema.org\/CreativeWork\" ><div role=\"tablist\" class=\"single_toggle\" data-tags=\"{Alle} \"  ><p id='toggle-toggle-id-4' data-fake-id='#toggle-id-4' class='toggler  av-title-above '  itemprop=\"headline\"  role='tab' tabindex='0' aria-controls='toggle-id-4' data-slide-speed=\"200\" data-title=\"Wie wird ein Bandscheibenvorfall in der Brustwirbels\u00e4ule konservativ behandelt?\" data-title-open=\"\" data-aria_collapsed=\"Click to expand: Wie wird ein Bandscheibenvorfall in der Brustwirbels\u00e4ule konservativ behandelt?\" data-aria_expanded=\"Click to collapse: Wie wird ein Bandscheibenvorfall in der Brustwirbels\u00e4ule konservativ behandelt?\">Wie wird ein Bandscheibenvorfall in der Brustwirbels\u00e4ule konservativ behandelt?<span class=\"toggle_icon\"><span class=\"vert_icon\"><\/span><span class=\"hor_icon\"><\/span><\/span><\/p><div id='toggle-id-4' aria-labelledby='toggle-toggle-id-4' role='region' class='toggle_wrap  av-title-above'  ><div class='toggle_content invers-color '  itemprop=\"text\" ><p>In den meisten F\u00e4llen wird ein Bandscheibenvorfall in der Brustwirbels\u00e4ule zun\u00e4chst konservativ behandelt. Dies beinhaltet die Anwendung von Schmerzmitteln, die in der Regel in Kombination mit Muskelrelaxantien oder entz\u00fcndungshemmenden Medikamenten verabreicht werden. Physiotherapie ist auch eine effektive Ma\u00dfnahme zur Verbesserung der Beschwerden. Durch gezielten Muskelaufbau k\u00f6nnen Haltungsfehler korrigiert werden.<\/p>\n<\/div><\/div><\/div><\/section>\n<section class='av_toggle_section av-lwhuk3n0-e6cbfee4f5c3ab0624a7cc5370f910d8'  itemscope=\"itemscope\" itemtype=\"https:\/\/schema.org\/CreativeWork\" ><div role=\"tablist\" class=\"single_toggle\" data-tags=\"{Alle} \"  ><p id='toggle-toggle-id-5' data-fake-id='#toggle-id-5' class='toggler  av-title-above '  itemprop=\"headline\"  role='tab' tabindex='0' aria-controls='toggle-id-5' data-slide-speed=\"200\" data-title=\"Wie wird ein Bandscheibenvorfall in der Brustwirbels\u00e4ule operativ behandelt?\" data-title-open=\"\" data-aria_collapsed=\"Click to expand: Wie wird ein Bandscheibenvorfall in der Brustwirbels\u00e4ule operativ behandelt?\" data-aria_expanded=\"Click to collapse: Wie wird ein Bandscheibenvorfall in der Brustwirbels\u00e4ule operativ behandelt?\">Wie wird ein Bandscheibenvorfall in der Brustwirbels\u00e4ule operativ behandelt?<span class=\"toggle_icon\"><span class=\"vert_icon\"><\/span><span class=\"hor_icon\"><\/span><\/span><\/p><div id='toggle-id-5' aria-labelledby='toggle-toggle-id-5' role='region' class='toggle_wrap  av-title-above'  ><div class='toggle_content invers-color '  itemprop=\"text\" ><p>Eine operative Behandlung zur Behandlung eines Bandscheibenvorfalls in der Brustwirbels\u00e4ule ist selten erforderlich und kommt nur dann zum Einsatz, wenn Nerven oder das R\u00fcckenmark durch den Vorfall komprimiert werden und ein Risiko f\u00fcr Querschnittsl\u00e4hmung besteht. Bandscheibenvorf\u00e4lle in der Brustwirbels\u00e4ule werden minimal-invasiv operiert, indem der Zugang zum Operationsfeld endoskopisch-assistiert durch den Brustkorb erfolgt. Der Eingriff umfasst die Entfernung der gesch\u00e4digten Bandscheibe, um die Kompression des R\u00fcckenmarkkanals zu beseitigen, sowie das Einsetzen eines mit Knochen gef\u00fcllten Titan-Cages als Platzhalter zwischen den entsprechenden Wirbelk\u00f6rpern. Anschlie\u00dfend wird das Bewegungssegment durch eine minimal-invasive Schrauben-Stab-Kombination stabilisiert, die \u00fcber kleine Schnitte am R\u00fccken eingebracht wird.<\/p>\n<\/div><\/div><\/div><\/section>\n<section class='av_toggle_section av-lwhukfza-ce568e2017b98d06f96bb6a6ed25964f'  itemscope=\"itemscope\" itemtype=\"https:\/\/schema.org\/CreativeWork\" ><div role=\"tablist\" class=\"single_toggle\" data-tags=\"{Alle} \"  ><p id='toggle-toggle-id-6' data-fake-id='#toggle-id-6' class='toggler  av-title-above '  itemprop=\"headline\"  role='tab' tabindex='0' aria-controls='toggle-id-6' data-slide-speed=\"200\" data-title=\"Wie lange dauert die Rehabilitation nach einem Bandscheibenvorfall in der Brustwirbels\u00e4ule?\" data-title-open=\"\" data-aria_collapsed=\"Click to expand: Wie lange dauert die Rehabilitation nach einem Bandscheibenvorfall in der Brustwirbels\u00e4ule?\" data-aria_expanded=\"Click to collapse: Wie lange dauert die Rehabilitation nach einem Bandscheibenvorfall in der Brustwirbels\u00e4ule?\">Wie lange dauert die Rehabilitation nach einem Bandscheibenvorfall in der Brustwirbels\u00e4ule?<span class=\"toggle_icon\"><span class=\"vert_icon\"><\/span><span class=\"hor_icon\"><\/span><\/span><\/p><div id='toggle-id-6' aria-labelledby='toggle-toggle-id-6' role='region' class='toggle_wrap  av-title-above'  ><div class='toggle_content invers-color '  itemprop=\"text\" ><p>In den meisten F\u00e4llen k\u00f6nnen Schmerzen und neurologische Beschwerden nach einem Bandscheibenvorfall erfolgreich mit konservativen Ma\u00dfnahmen behandelt werden. Die Rehabilitation erfolgt entweder station\u00e4r oder ambulant, abh\u00e4ngig von der Schwere der Erkrankung. Es werden verschiedene Ma\u00dfnahmen einzeln oder in Kombination angewendet, wie Bewegungstherapie (Kraft, Dehnung, Ausdauer) einschlie\u00dflich R\u00fcckenschule, manuelle Medizin, medikament\u00f6se Schmerztherapie und Injektionen, psychologische Schmerztherapie zur Entkopplung von Aktivit\u00e4t und Schmerz, apparative Therapien (W\u00e4rme-, K\u00e4lte-, Elektro-, Ultraschallanwendungen), Entspannungstherapien, Ergotherapie (falls erforderlich) und Ern\u00e4hrungsberatung zur Gewichtsreduktion. Bei einem normalen Verlauf tritt innerhalb von 3-4 Wochen eine sp\u00fcrbare Verbesserung ein. In F\u00e4llen, in denen trotz intensiver konservativer Therapie nach 6-8 Wochen weiterhin starke Schmerzen und Funktionsst\u00f6rungen auftreten, kann eine operative Behandlung in Betracht gezogen werden. Nach der Entlassung aus dem Krankenhaus sollte der Patient sich erfahrungsgem\u00e4\u00df 4-6 Wochen schonen und die Wirbels\u00e4ule weitgehend entlasten. Sobald die Wirbelk\u00f6rper stabil versteift sind, kann ein Rehabilitationsprogramm unter Anleitung eines Spezialisten begonnen werden.<\/p>\n<\/div><\/div><\/div><\/section>\n<\/div><\/p><\/div><\/div><\/div><\/div><!-- close content main div --><\/div><\/div>\n<style type=\"text\/css\" data-created_by=\"avia_inline_auto\" id=\"style-css-av-1rwwlt-4ef2639aed8e783f26bc4e9dad513020\">\n.avia-section.av-1rwwlt-4ef2639aed8e783f26bc4e9dad513020{\nbackground-repeat:no-repeat;\nbackground-image:url(https:\/\/atos-mvz.de\/stuttgart\/wp-content\/uploads\/sites\/7\/2021\/07\/Therapien-Titel-1500x700-1.jpg);\nbackground-position:50% 50%;\nbackground-attachment:scroll;\n}\n.avia-section.av-1rwwlt-4ef2639aed8e783f26bc4e9dad513020 .av-section-color-overlay{\nopacity:0.9;\nbackground-color:#482683;\n}\n<\/style>\n<div id='cta'  class='avia-section av-1rwwlt-4ef2639aed8e783f26bc4e9dad513020 main_color avia-section-large avia-no-border-styling  avia-builder-el-5  el_after_av_section  avia-builder-el-last  avia-full-stretch avia-bg-style-scroll av-section-color-overlay-active container_wrap fullsize'  data-section-bg-repeat='stretch'><div class=\"av-section-color-overlay-wrap\"><div class=\"av-section-color-overlay\"><\/div><div class='container av-section-cont-open' ><div class='template-page content  av-content-full alpha units'><div class='post-entry post-entry-type-page post-entry-1057'><div class='entry-content-wrapper clearfix'>\n<div  class='flex_column av-fyr92p-88148ce60407c1a42e2e8065e75f99a4 av_two_third  avia-builder-el-6  avia-builder-el-no-sibling  first av-break-at-tablet flex_column_div  '     ><style type=\"text\/css\" data-created_by=\"avia_inline_auto\" id=\"style-css-av-lwhuhxhv-58347bbc5daaaeb48db4acf92ea3b9ca\">\n#top .av_textblock_section.av-lwhuhxhv-58347bbc5daaaeb48db4acf92ea3b9ca .avia_textblock{\ncolor:#ffffff;\n}\n<\/style>\n<section  class='av_textblock_section av-lwhuhxhv-58347bbc5daaaeb48db4acf92ea3b9ca '   itemscope=\"itemscope\" itemtype=\"https:\/\/schema.org\/CreativeWork\" ><div class='avia_textblock av_inherit_color'  itemprop=\"text\" ><h2><strong>Termin vereinbaren<\/strong> oder Frage stellen<\/h2>\n<p>Sollten auch Sie unter akuten oder chronischen Gelenkschmerzen leiden, k\u00f6nnen Sie unsere Praxis in Stuttgart Mitte unter der folgenden Telefonnummer erreichen:<\/p>\n<\/div><\/section><br \/>\n<div  class='avia-button-wrap av-em8f9t-d3c495b4088403eb1b16c0698ed63ce0-wrap avia-button-left  avia-builder-el-8  el_after_av_textblock  avia-builder-el-last '><a href='tel:+497116662930'  class='avia-button av-em8f9t-d3c495b4088403eb1b16c0698ed63ce0 av-link-btn avia-icon_select-yes-right-icon avia-size-small avia-position-left avia-color-theme-color-highlight'   aria-label=\"0711 66629-30\"><span class='avia_iconbox_title' >0711 66629-30<\/span><span class='avia_button_icon avia_button_icon_right avia-iconfont avia-font-fontello' data-av_icon='\ue802' data-av_iconfont='fontello' ><\/span><\/a><\/div><\/p><\/div>\n<\/p>\n","protected":false},"excerpt":{"rendered":"","protected":false},"author":1,"featured_media":0,"parent":0,"menu_order":0,"comment_status":"closed","ping_status":"closed","template":"","meta":{"footnotes":""},"class_list":["post-1057","page","type-page","status-publish","hentry"],"yoast_head":"<!-- This site is optimized with the Yoast SEO plugin v27.3 - https:\/\/yoast.com\/product\/yoast-seo-wordpress\/ -->\n<title>Bandscheibenvorfall in der Brustwirbels\u00e4ule (BWS) - ATOS Facharztzentrum Klinik Stuttgart<\/title>\n<meta name=\"description\" content=\"Behandlung Bandscheibenvorfall BWS in Stuttgart: konservative und operative Therapien zur Linderung von Schmerzen im Brustbereich.\" \/>\n<meta name=\"robots\" content=\"index, follow, max-snippet:-1, max-image-preview:large, max-video-preview:-1\" \/>\n<link rel=\"canonical\" href=\"https:\/\/atos-mvz.de\/stuttgart\/bandscheibenvorfall-in-der-brustwirbelsaeule-bws\/\" \/>\n<meta property=\"og:locale\" content=\"de_DE\" \/>\n<meta property=\"og:type\" content=\"article\" \/>\n<meta property=\"og:title\" content=\"Bandscheibenvorfall in der Brustwirbels\u00e4ule (BWS) - ATOS Facharztzentrum Klinik Stuttgart\" \/>\n<meta property=\"og:description\" content=\"Behandlung Bandscheibenvorfall BWS in Stuttgart: konservative und operative Therapien zur Linderung von Schmerzen im Brustbereich.\" \/>\n<meta property=\"og:url\" content=\"https:\/\/atos-mvz.de\/stuttgart\/bandscheibenvorfall-in-der-brustwirbelsaeule-bws\/\" \/>\n<meta property=\"og:site_name\" content=\"ATOS Facharztzentrum Klinik Stuttgart\" \/>\n<meta property=\"article:modified_time\" content=\"2026-01-15T16:00:24+00:00\" \/>\n<meta name=\"twitter:card\" content=\"summary_large_image\" \/>\n<script type=\"application\/ld+json\" class=\"yoast-schema-graph\">{\"@context\":\"https:\\\/\\\/schema.org\",\"@graph\":[{\"@type\":\"WebPage\",\"@id\":\"https:\\\/\\\/atos-mvz.de\\\/stuttgart\\\/bandscheibenvorfall-in-der-brustwirbelsaeule-bws\\\/\",\"url\":\"https:\\\/\\\/atos-mvz.de\\\/stuttgart\\\/bandscheibenvorfall-in-der-brustwirbelsaeule-bws\\\/\",\"name\":\"Bandscheibenvorfall in der Brustwirbels\u00e4ule (BWS) - ATOS Facharztzentrum Klinik Stuttgart\",\"isPartOf\":{\"@id\":\"https:\\\/\\\/atos-mvz.de\\\/stuttgart\\\/#website\"},\"datePublished\":\"2024-05-22T13:15:57+00:00\",\"dateModified\":\"2026-01-15T16:00:24+00:00\",\"description\":\"Behandlung Bandscheibenvorfall BWS in Stuttgart: konservative und operative Therapien zur Linderung von Schmerzen im Brustbereich.\",\"breadcrumb\":{\"@id\":\"https:\\\/\\\/atos-mvz.de\\\/stuttgart\\\/bandscheibenvorfall-in-der-brustwirbelsaeule-bws\\\/#breadcrumb\"},\"inLanguage\":\"de\",\"potentialAction\":[{\"@type\":\"ReadAction\",\"target\":[\"https:\\\/\\\/atos-mvz.de\\\/stuttgart\\\/bandscheibenvorfall-in-der-brustwirbelsaeule-bws\\\/\"]}]},{\"@type\":\"BreadcrumbList\",\"@id\":\"https:\\\/\\\/atos-mvz.de\\\/stuttgart\\\/bandscheibenvorfall-in-der-brustwirbelsaeule-bws\\\/#breadcrumb\",\"itemListElement\":[{\"@type\":\"ListItem\",\"position\":1,\"name\":\"Startseite\",\"item\":\"https:\\\/\\\/atos-mvz.de\\\/stuttgart\\\/startseite\\\/\"},{\"@type\":\"ListItem\",\"position\":2,\"name\":\"Bandscheibenvorfall in der Brustwirbels\u00e4ule (BWS)\"}]},{\"@type\":\"WebSite\",\"@id\":\"https:\\\/\\\/atos-mvz.de\\\/stuttgart\\\/#website\",\"url\":\"https:\\\/\\\/atos-mvz.de\\\/stuttgart\\\/\",\"name\":\"ATOS Facharztzentrum Klinik Stuttgart\",\"description\":\"\",\"potentialAction\":[{\"@type\":\"SearchAction\",\"target\":{\"@type\":\"EntryPoint\",\"urlTemplate\":\"https:\\\/\\\/atos-mvz.de\\\/stuttgart\\\/?s={search_term_string}\"},\"query-input\":{\"@type\":\"PropertyValueSpecification\",\"valueRequired\":true,\"valueName\":\"search_term_string\"}}],\"inLanguage\":\"de\"}]}<\/script>\n<!-- \/ Yoast SEO plugin. -->","yoast_head_json":{"title":"Bandscheibenvorfall in der Brustwirbels\u00e4ule (BWS) - ATOS Facharztzentrum Klinik Stuttgart","description":"Behandlung Bandscheibenvorfall BWS in Stuttgart: konservative und operative Therapien zur Linderung von Schmerzen im Brustbereich.","robots":{"index":"index","follow":"follow","max-snippet":"max-snippet:-1","max-image-preview":"max-image-preview:large","max-video-preview":"max-video-preview:-1"},"canonical":"https:\/\/atos-mvz.de\/stuttgart\/bandscheibenvorfall-in-der-brustwirbelsaeule-bws\/","og_locale":"de_DE","og_type":"article","og_title":"Bandscheibenvorfall in der Brustwirbels\u00e4ule (BWS) - ATOS Facharztzentrum Klinik Stuttgart","og_description":"Behandlung Bandscheibenvorfall BWS in Stuttgart: konservative und operative Therapien zur Linderung von Schmerzen im Brustbereich.","og_url":"https:\/\/atos-mvz.de\/stuttgart\/bandscheibenvorfall-in-der-brustwirbelsaeule-bws\/","og_site_name":"ATOS Facharztzentrum Klinik Stuttgart","article_modified_time":"2026-01-15T16:00:24+00:00","twitter_card":"summary_large_image","schema":{"@context":"https:\/\/schema.org","@graph":[{"@type":"WebPage","@id":"https:\/\/atos-mvz.de\/stuttgart\/bandscheibenvorfall-in-der-brustwirbelsaeule-bws\/","url":"https:\/\/atos-mvz.de\/stuttgart\/bandscheibenvorfall-in-der-brustwirbelsaeule-bws\/","name":"Bandscheibenvorfall in der Brustwirbels\u00e4ule (BWS) - ATOS Facharztzentrum Klinik Stuttgart","isPartOf":{"@id":"https:\/\/atos-mvz.de\/stuttgart\/#website"},"datePublished":"2024-05-22T13:15:57+00:00","dateModified":"2026-01-15T16:00:24+00:00","description":"Behandlung Bandscheibenvorfall BWS in Stuttgart: konservative und operative Therapien zur Linderung von Schmerzen im Brustbereich.","breadcrumb":{"@id":"https:\/\/atos-mvz.de\/stuttgart\/bandscheibenvorfall-in-der-brustwirbelsaeule-bws\/#breadcrumb"},"inLanguage":"de","potentialAction":[{"@type":"ReadAction","target":["https:\/\/atos-mvz.de\/stuttgart\/bandscheibenvorfall-in-der-brustwirbelsaeule-bws\/"]}]},{"@type":"BreadcrumbList","@id":"https:\/\/atos-mvz.de\/stuttgart\/bandscheibenvorfall-in-der-brustwirbelsaeule-bws\/#breadcrumb","itemListElement":[{"@type":"ListItem","position":1,"name":"Startseite","item":"https:\/\/atos-mvz.de\/stuttgart\/startseite\/"},{"@type":"ListItem","position":2,"name":"Bandscheibenvorfall in der Brustwirbels\u00e4ule (BWS)"}]},{"@type":"WebSite","@id":"https:\/\/atos-mvz.de\/stuttgart\/#website","url":"https:\/\/atos-mvz.de\/stuttgart\/","name":"ATOS Facharztzentrum Klinik Stuttgart","description":"","potentialAction":[{"@type":"SearchAction","target":{"@type":"EntryPoint","urlTemplate":"https:\/\/atos-mvz.de\/stuttgart\/?s={search_term_string}"},"query-input":{"@type":"PropertyValueSpecification","valueRequired":true,"valueName":"search_term_string"}}],"inLanguage":"de"}]}},"_links":{"self":[{"href":"https:\/\/atos-mvz.de\/stuttgart\/wp-json\/wp\/v2\/pages\/1057","targetHints":{"allow":["GET"]}}],"collection":[{"href":"https:\/\/atos-mvz.de\/stuttgart\/wp-json\/wp\/v2\/pages"}],"about":[{"href":"https:\/\/atos-mvz.de\/stuttgart\/wp-json\/wp\/v2\/types\/page"}],"author":[{"embeddable":true,"href":"https:\/\/atos-mvz.de\/stuttgart\/wp-json\/wp\/v2\/users\/1"}],"replies":[{"embeddable":true,"href":"https:\/\/atos-mvz.de\/stuttgart\/wp-json\/wp\/v2\/comments?post=1057"}],"version-history":[{"count":5,"href":"https:\/\/atos-mvz.de\/stuttgart\/wp-json\/wp\/v2\/pages\/1057\/revisions"}],"predecessor-version":[{"id":1306,"href":"https:\/\/atos-mvz.de\/stuttgart\/wp-json\/wp\/v2\/pages\/1057\/revisions\/1306"}],"wp:attachment":[{"href":"https:\/\/atos-mvz.de\/stuttgart\/wp-json\/wp\/v2\/media?parent=1057"}],"curies":[{"name":"wp","href":"https:\/\/api.w.org\/{rel}","templated":true}]}}