{"id":1053,"date":"2024-05-22T12:53:20","date_gmt":"2024-05-22T10:53:20","guid":{"rendered":"https:\/\/atos-mvz.de\/stuttgart\/?page_id=1053"},"modified":"2026-01-15T16:49:03","modified_gmt":"2026-01-15T15:49:03","slug":"wirbelsaeule","status":"publish","type":"page","link":"https:\/\/atos-mvz.de\/stuttgart\/wirbelsaeule\/","title":{"rendered":"Wirbels\u00e4ule"},"content":{"rendered":"\n<style type=\"text\/css\" data-created_by=\"avia_inline_auto\" id=\"style-css-av-b8wa6l-5c18519106eb56c97641ae3cfdda6d54\">\n.avia-section.av-b8wa6l-5c18519106eb56c97641ae3cfdda6d54{\nbackground-repeat:no-repeat;\nbackground-image:url(https:\/\/atos-mvz.de\/stuttgart\/wp-content\/uploads\/sites\/7\/2024\/05\/mvz-stg-9.jpg);\nbackground-position:50% 50%;\nbackground-attachment:scroll;\n}\n.avia-section.av-b8wa6l-5c18519106eb56c97641ae3cfdda6d54 .av-extra-border-element .av-extra-border-inner{\nbackground-color:#ffffff;\n}\n<\/style>\n<div id='header-img'  class='avia-section av-b8wa6l-5c18519106eb56c97641ae3cfdda6d54 main_color avia-section-default avia-no-border-styling  avia-builder-el-0  el_before_av_section  avia-builder-el-first  largeimg avia-full-stretch avia-bg-style-scroll av-minimum-height av-minimum-height-custom av-height-custom  container_wrap fullsize'  data-section-bg-repeat='stretch' data-av_minimum_height_px='200'><div class='container av-section-cont-open' style='height:200px'><main  role=\"main\" itemprop=\"mainContentOfPage\"  class='template-page content  av-content-full alpha units'><div class='post-entry post-entry-type-page post-entry-1053'><div class='entry-content-wrapper clearfix'>\n<\/div><\/div><\/main><!-- close content main element --><\/div><div class='av-extra-border-element border-extra-diagonal border-extra-diagonal-inverse '><div class='av-extra-border-outer'><div class='av-extra-border-inner'><\/div><\/div><\/div><\/div><div id='av_section_2'  class='avia-section av-8gwykd-8549f1a3db037c8f655506ec5e5297a1 main_color avia-section-large avia-no-border-styling  avia-builder-el-1  el_after_av_section  el_before_av_section  avia-bg-style-scroll container_wrap fullsize'  ><div class='container av-section-cont-open' ><div class='template-page content  av-content-full alpha units'><div class='post-entry post-entry-type-page post-entry-1053'><div class='entry-content-wrapper clearfix'>\n<div  class='flex_column av-7a3gql-850d959692b5ec29fde5422b6f4a9b48 av_one_full  avia-builder-el-2  avia-builder-el-no-sibling  first av-break-at-tablet flex_column_div  '     ><section  class='av_textblock_section av-lwhpgf23-ab3bf667c7de7d6dfc0375790141793e '   itemscope=\"itemscope\" itemtype=\"https:\/\/schema.org\/CreativeWork\" ><div class='avia_textblock'  itemprop=\"text\" ><h1><strong>Wirbels\u00e4ule<\/strong><\/h1>\n<p>Unsere oberste Priorit\u00e4t liegt auf einer umfassenden Diagnose Ihrer Beschwerden mithilfe modernster Untersuchungsmethoden. Nur so k\u00f6nnen wir die relevanten Schmerzausl\u00f6ser sicher identifizieren. In vielen F\u00e4llen k\u00f6nnen R\u00fcckenprobleme erfolgreich mit konservativen Ma\u00dfnahmen behandelt werden, ohne einen operativen Eingriff. Falls jedoch schwerwiegende Ver\u00e4nderungen vorliegen oder die Schmerzen nicht ausreichend durch physiotherapeutische, manuelle oder medikament\u00f6se Therapien kontrolliert werden k\u00f6nnen, stehen fortschrittliche operative M\u00f6glichkeiten zur Verf\u00fcgung, um die Beschwerden effektiv zu lindern. Bei uns erhalten Sie eine umfassende Beratung und eine individuelle Therapieplanung, da R\u00fcckenprobleme bei jedem Menschen unterschiedliche Auswirkungen haben k\u00f6nnen. Unsere Behandlungskonzepte basieren auf langj\u00e4hriger Expertise in der Wirbels\u00e4ulenchirurgie und sind wissenschaftlich fundiert.<\/p>\n<p>Ein besonderer Schwerpunkt unserer Arbeit liegt auf minimal-invasiven Verfahren, die neben der konsequenten Anwendung konservativer Therapien eingesetzt werden. Wir verwenden endoskopisch unterst\u00fctzte oder mikroskopisch assistierte Techniken in allen Bereichen der Wirbels\u00e4ule, wo dies die Operationsziele sicher erreichen kann. Dadurch wird eine schnellere Wundheilung, weniger Narbenbildung und eine schnellere R\u00fcckkehr in den Alltag erm\u00f6glicht.<\/p>\n<p>Dr. Hassan Allouch hat umfassende Kompetenz in der Behandlung von Wirbels\u00e4ulenerkrankungen und -verletzungen von Kopf bis Becken. Im Falle einer Operation bieten wir eine individuell angepasste Nachbehandlung, die Ihren spezifischen Bed\u00fcrfnissen entspricht. Bewegungsverbote sind in der Regel nicht erforderlich. Unser Ziel ist es, eine schnelle R\u00fcckkehr zu einem normalen Alltag, Beruf und Sport zu erm\u00f6glichen.<\/p>\n<\/div><\/section><\/div>\n\n<\/div><\/div><\/div><!-- close content main div --><\/div><\/div>\n<style type=\"text\/css\" data-created_by=\"avia_inline_auto\" id=\"style-css-av-6kg3zx-05ab68a71e84075d1fc204488ae55d91\">\n.avia-section.av-6kg3zx-05ab68a71e84075d1fc204488ae55d91{\nbackground-repeat:no-repeat;\nbackground-image:url(https:\/\/atos-mvz.de\/stuttgart\/wp-content\/uploads\/sites\/7\/2021\/07\/Therapien-Titel-1500x700-1.jpg);\nbackground-position:50% 50%;\nbackground-attachment:scroll;\n}\n.avia-section.av-6kg3zx-05ab68a71e84075d1fc204488ae55d91 .av-section-color-overlay{\nopacity:0.9;\nbackground-color:#482683;\n}\n<\/style>\n<div id='cta'  class='avia-section av-6kg3zx-05ab68a71e84075d1fc204488ae55d91 main_color avia-section-large avia-no-border-styling  avia-builder-el-4  el_after_av_section  avia-builder-el-last  avia-full-stretch avia-bg-style-scroll av-section-color-overlay-active container_wrap fullsize'  data-section-bg-repeat='stretch'><div class=\"av-section-color-overlay-wrap\"><div class=\"av-section-color-overlay\"><\/div><div class='container av-section-cont-open' ><div class='template-page content  av-content-full alpha units'><div class='post-entry post-entry-type-page post-entry-1053'><div class='entry-content-wrapper clearfix'>\n<div  class='flex_column av-4whby5-0c54f1bb4ccff38865f1280b8a0cdfb2 av_two_third  avia-builder-el-5  avia-builder-el-no-sibling  first av-break-at-tablet flex_column_div  '     ><style type=\"text\/css\" data-created_by=\"avia_inline_auto\" id=\"style-css-av-lwhpgr9s-85afc8fbaa90fc40a5713221d4a8b4af\">\n#top .av_textblock_section.av-lwhpgr9s-85afc8fbaa90fc40a5713221d4a8b4af .avia_textblock{\ncolor:#ffffff;\n}\n<\/style>\n<section  class='av_textblock_section av-lwhpgr9s-85afc8fbaa90fc40a5713221d4a8b4af '   itemscope=\"itemscope\" itemtype=\"https:\/\/schema.org\/CreativeWork\" ><div class='avia_textblock av_inherit_color'  itemprop=\"text\" ><h2><strong>Termin vereinbaren<\/strong> oder Frage stellen<\/h2>\n<p>Sollten auch Sie unter akuten oder chronischen Gelenkschmerzen leiden, k\u00f6nnen Sie unsere Praxis in Stuttgart Mitte unter der folgenden Telefonnummer erreichen:<\/p>\n<\/div><\/section><br \/>\n<div  class='avia-button-wrap av-2wzlml-041a6b10699ea1abedbe4c5d5fdb2733-wrap avia-button-left  avia-builder-el-7  el_after_av_textblock  avia-builder-el-last '><a href='tel:+497116662930'  class='avia-button av-2wzlml-041a6b10699ea1abedbe4c5d5fdb2733 av-link-btn avia-icon_select-yes-right-icon avia-size-small avia-position-left avia-color-theme-color-highlight'   aria-label=\"0711 66629-30\"><span class='avia_iconbox_title' >0711 66629-30<\/span><span class='avia_button_icon avia_button_icon_right avia-iconfont avia-font-fontello' data-av_icon='\ue802' data-av_iconfont='fontello' ><\/span><\/a><\/div><\/p><\/div>\n\n","protected":false},"excerpt":{"rendered":"","protected":false},"author":1,"featured_media":0,"parent":0,"menu_order":0,"comment_status":"closed","ping_status":"closed","template":"","meta":{"footnotes":""},"class_list":["post-1053","page","type-page","status-publish","hentry"],"yoast_head":"<!-- This site is optimized with the Yoast SEO plugin v27.3 - https:\/\/yoast.com\/product\/yoast-seo-wordpress\/ -->\n<title>Wirbels\u00e4ule allgemein Stuttgart | ATOS Orthop\u00e4die<\/title>\n<meta name=\"description\" content=\"Wirbels\u00e4ulen-Behandlungen in Stuttgart: Diagnose und Orthop\u00e4die bei R\u00fcckenschmerzen und funktionellen Beschwerden f\u00fcr mehr Mobilit\u00e4t\" \/>\n<meta name=\"robots\" content=\"index, follow, max-snippet:-1, max-image-preview:large, max-video-preview:-1\" \/>\n<link rel=\"canonical\" href=\"https:\/\/atos-mvz.de\/stuttgart\/wirbelsaeule\/\" \/>\n<meta property=\"og:locale\" content=\"de_DE\" \/>\n<meta property=\"og:type\" content=\"article\" \/>\n<meta property=\"og:title\" content=\"Wirbels\u00e4ule allgemein Stuttgart | ATOS Orthop\u00e4die\" \/>\n<meta property=\"og:description\" content=\"Wirbels\u00e4ulen-Behandlungen in Stuttgart: Diagnose und Orthop\u00e4die bei R\u00fcckenschmerzen und funktionellen Beschwerden f\u00fcr mehr Mobilit\u00e4t\" \/>\n<meta property=\"og:url\" content=\"https:\/\/atos-mvz.de\/stuttgart\/wirbelsaeule\/\" \/>\n<meta property=\"og:site_name\" content=\"ATOS Facharztzentrum Klinik Stuttgart\" \/>\n<meta property=\"article:modified_time\" content=\"2026-01-15T15:49:03+00:00\" \/>\n<meta name=\"twitter:card\" content=\"summary_large_image\" \/>\n<script type=\"application\/ld+json\" class=\"yoast-schema-graph\">{\"@context\":\"https:\\\/\\\/schema.org\",\"@graph\":[{\"@type\":\"WebPage\",\"@id\":\"https:\\\/\\\/atos-mvz.de\\\/stuttgart\\\/wirbelsaeule\\\/\",\"url\":\"https:\\\/\\\/atos-mvz.de\\\/stuttgart\\\/wirbelsaeule\\\/\",\"name\":\"Wirbels\u00e4ule allgemein Stuttgart | ATOS Orthop\u00e4die\",\"isPartOf\":{\"@id\":\"https:\\\/\\\/atos-mvz.de\\\/stuttgart\\\/#website\"},\"datePublished\":\"2024-05-22T10:53:20+00:00\",\"dateModified\":\"2026-01-15T15:49:03+00:00\",\"description\":\"Wirbels\u00e4ulen-Behandlungen in Stuttgart: Diagnose und Orthop\u00e4die bei R\u00fcckenschmerzen und funktionellen Beschwerden f\u00fcr mehr Mobilit\u00e4t\",\"breadcrumb\":{\"@id\":\"https:\\\/\\\/atos-mvz.de\\\/stuttgart\\\/wirbelsaeule\\\/#breadcrumb\"},\"inLanguage\":\"de\",\"potentialAction\":[{\"@type\":\"ReadAction\",\"target\":[\"https:\\\/\\\/atos-mvz.de\\\/stuttgart\\\/wirbelsaeule\\\/\"]}]},{\"@type\":\"BreadcrumbList\",\"@id\":\"https:\\\/\\\/atos-mvz.de\\\/stuttgart\\\/wirbelsaeule\\\/#breadcrumb\",\"itemListElement\":[{\"@type\":\"ListItem\",\"position\":1,\"name\":\"Startseite\",\"item\":\"https:\\\/\\\/atos-mvz.de\\\/stuttgart\\\/startseite\\\/\"},{\"@type\":\"ListItem\",\"position\":2,\"name\":\"Wirbels\u00e4ule\"}]},{\"@type\":\"WebSite\",\"@id\":\"https:\\\/\\\/atos-mvz.de\\\/stuttgart\\\/#website\",\"url\":\"https:\\\/\\\/atos-mvz.de\\\/stuttgart\\\/\",\"name\":\"ATOS Facharztzentrum Klinik Stuttgart\",\"description\":\"\",\"potentialAction\":[{\"@type\":\"SearchAction\",\"target\":{\"@type\":\"EntryPoint\",\"urlTemplate\":\"https:\\\/\\\/atos-mvz.de\\\/stuttgart\\\/?s={search_term_string}\"},\"query-input\":{\"@type\":\"PropertyValueSpecification\",\"valueRequired\":true,\"valueName\":\"search_term_string\"}}],\"inLanguage\":\"de\"}]}<\/script>\n<!-- \/ Yoast SEO plugin. -->","yoast_head_json":{"title":"Wirbels\u00e4ule allgemein Stuttgart | ATOS Orthop\u00e4die","description":"Wirbels\u00e4ulen-Behandlungen in Stuttgart: Diagnose und Orthop\u00e4die bei R\u00fcckenschmerzen und funktionellen Beschwerden f\u00fcr mehr Mobilit\u00e4t","robots":{"index":"index","follow":"follow","max-snippet":"max-snippet:-1","max-image-preview":"max-image-preview:large","max-video-preview":"max-video-preview:-1"},"canonical":"https:\/\/atos-mvz.de\/stuttgart\/wirbelsaeule\/","og_locale":"de_DE","og_type":"article","og_title":"Wirbels\u00e4ule allgemein Stuttgart | ATOS Orthop\u00e4die","og_description":"Wirbels\u00e4ulen-Behandlungen in Stuttgart: Diagnose und Orthop\u00e4die bei R\u00fcckenschmerzen und funktionellen Beschwerden f\u00fcr mehr Mobilit\u00e4t","og_url":"https:\/\/atos-mvz.de\/stuttgart\/wirbelsaeule\/","og_site_name":"ATOS Facharztzentrum Klinik Stuttgart","article_modified_time":"2026-01-15T15:49:03+00:00","twitter_card":"summary_large_image","schema":{"@context":"https:\/\/schema.org","@graph":[{"@type":"WebPage","@id":"https:\/\/atos-mvz.de\/stuttgart\/wirbelsaeule\/","url":"https:\/\/atos-mvz.de\/stuttgart\/wirbelsaeule\/","name":"Wirbels\u00e4ule allgemein Stuttgart | ATOS Orthop\u00e4die","isPartOf":{"@id":"https:\/\/atos-mvz.de\/stuttgart\/#website"},"datePublished":"2024-05-22T10:53:20+00:00","dateModified":"2026-01-15T15:49:03+00:00","description":"Wirbels\u00e4ulen-Behandlungen in Stuttgart: Diagnose und Orthop\u00e4die bei R\u00fcckenschmerzen und funktionellen Beschwerden f\u00fcr mehr Mobilit\u00e4t","breadcrumb":{"@id":"https:\/\/atos-mvz.de\/stuttgart\/wirbelsaeule\/#breadcrumb"},"inLanguage":"de","potentialAction":[{"@type":"ReadAction","target":["https:\/\/atos-mvz.de\/stuttgart\/wirbelsaeule\/"]}]},{"@type":"BreadcrumbList","@id":"https:\/\/atos-mvz.de\/stuttgart\/wirbelsaeule\/#breadcrumb","itemListElement":[{"@type":"ListItem","position":1,"name":"Startseite","item":"https:\/\/atos-mvz.de\/stuttgart\/startseite\/"},{"@type":"ListItem","position":2,"name":"Wirbels\u00e4ule"}]},{"@type":"WebSite","@id":"https:\/\/atos-mvz.de\/stuttgart\/#website","url":"https:\/\/atos-mvz.de\/stuttgart\/","name":"ATOS Facharztzentrum Klinik Stuttgart","description":"","potentialAction":[{"@type":"SearchAction","target":{"@type":"EntryPoint","urlTemplate":"https:\/\/atos-mvz.de\/stuttgart\/?s={search_term_string}"},"query-input":{"@type":"PropertyValueSpecification","valueRequired":true,"valueName":"search_term_string"}}],"inLanguage":"de"}]}},"_links":{"self":[{"href":"https:\/\/atos-mvz.de\/stuttgart\/wp-json\/wp\/v2\/pages\/1053","targetHints":{"allow":["GET"]}}],"collection":[{"href":"https:\/\/atos-mvz.de\/stuttgart\/wp-json\/wp\/v2\/pages"}],"about":[{"href":"https:\/\/atos-mvz.de\/stuttgart\/wp-json\/wp\/v2\/types\/page"}],"author":[{"embeddable":true,"href":"https:\/\/atos-mvz.de\/stuttgart\/wp-json\/wp\/v2\/users\/1"}],"replies":[{"embeddable":true,"href":"https:\/\/atos-mvz.de\/stuttgart\/wp-json\/wp\/v2\/comments?post=1053"}],"version-history":[{"count":4,"href":"https:\/\/atos-mvz.de\/stuttgart\/wp-json\/wp\/v2\/pages\/1053\/revisions"}],"predecessor-version":[{"id":1305,"href":"https:\/\/atos-mvz.de\/stuttgart\/wp-json\/wp\/v2\/pages\/1053\/revisions\/1305"}],"wp:attachment":[{"href":"https:\/\/atos-mvz.de\/stuttgart\/wp-json\/wp\/v2\/media?parent=1053"}],"curies":[{"name":"wp","href":"https:\/\/api.w.org\/{rel}","templated":true}]}}