{"id":1043,"date":"2024-05-22T12:48:00","date_gmt":"2024-05-22T10:48:00","guid":{"rendered":"https:\/\/atos-mvz.de\/stuttgart\/?page_id=1043"},"modified":"2026-01-15T16:46:03","modified_gmt":"2026-01-15T15:46:03","slug":"kniegelenk-prothese","status":"publish","type":"page","link":"https:\/\/atos-mvz.de\/stuttgart\/kniegelenk-prothese\/","title":{"rendered":"Kniegelenk-Prothese"},"content":{"rendered":"\n<style type=\"text\/css\" data-created_by=\"avia_inline_auto\" id=\"style-css-av-mavp7n-80e9c8c44111cf7badd083edbad161ab\">\n.avia-section.av-mavp7n-80e9c8c44111cf7badd083edbad161ab{\nbackground-repeat:no-repeat;\nbackground-image:url(https:\/\/atos-mvz.de\/stuttgart\/wp-content\/uploads\/sites\/7\/2024\/05\/mvz-stg-16.jpg);\nbackground-position:50% 50%;\nbackground-attachment:scroll;\n}\n.avia-section.av-mavp7n-80e9c8c44111cf7badd083edbad161ab .av-extra-border-element .av-extra-border-inner{\nbackground-color:#ffffff;\n}\n<\/style>\n<div id='header-img'  class='avia-section av-mavp7n-80e9c8c44111cf7badd083edbad161ab main_color avia-section-default avia-no-border-styling  avia-builder-el-0  el_before_av_section  avia-builder-el-first  largeimg avia-full-stretch avia-bg-style-scroll av-minimum-height av-minimum-height-custom av-height-custom  container_wrap fullsize'  data-section-bg-repeat='stretch' data-av_minimum_height_px='200'><div class='container av-section-cont-open' style='height:200px'><main  role=\"main\" itemprop=\"mainContentOfPage\"  class='template-page content  av-content-full alpha units'><div class='post-entry post-entry-type-page post-entry-1043'><div class='entry-content-wrapper clearfix'>\n<\/div><\/div><\/main><!-- close content main element --><\/div><div class='av-extra-border-element border-extra-diagonal border-extra-diagonal-inverse '><div class='av-extra-border-outer'><div class='av-extra-border-inner'><\/div><\/div><\/div><\/div><div id='av_section_2'  class='avia-section av-l9dltf-cccd1cdd9391230abba3aa5a16e40bd1 main_color avia-section-large avia-no-border-styling  avia-builder-el-1  el_after_av_section  el_before_av_section  avia-bg-style-scroll container_wrap fullsize'  ><div class='container av-section-cont-open' ><div class='template-page content  av-content-full alpha units'><div class='post-entry post-entry-type-page post-entry-1043'><div class='entry-content-wrapper clearfix'>\n<section  class='av_textblock_section av-lwhp6yu5-4c23d56df8b055a821d65a7c66e2d0e8 '   itemscope=\"itemscope\" itemtype=\"https:\/\/schema.org\/CreativeWork\" ><div class='avia_textblock'  itemprop=\"text\" ><h1><strong>Kniegelenk-Prothese<\/strong><\/h1>\n<\/div><\/section>\n\n<style type=\"text\/css\" data-created_by=\"avia_inline_auto\" id=\"style-css-av-lwhp74gd-bf93f4f866213dfff20081594a4aff63\">\n#top .flex_column.av-lwhp74gd-bf93f4f866213dfff20081594a4aff63{\nmargin-top:0px;\nmargin-bottom:0px;\n}\n.responsive #top #wrap_all .flex_column.av-lwhp74gd-bf93f4f866213dfff20081594a4aff63{\nmargin-top:0px;\nmargin-bottom:0px;\n}\n<\/style>\n<div  class='flex_column av-lwhp74gd-bf93f4f866213dfff20081594a4aff63 av_three_fifth  avia-builder-el-3  el_after_av_textblock  el_before_av_two_fifth  first av-break-at-tablet flex_column_div  column-top-margin'     ><section  class='av_textblock_section av-lwhp77ud-cddfa669b2a5f73cee0b475ea09b0edb '   itemscope=\"itemscope\" itemtype=\"https:\/\/schema.org\/CreativeWork\" ><div class='avia_textblock'  itemprop=\"text\" ><h3>Entdecken Sie neue Lebensqualit\u00e4t mit einem <strong>k\u00fcnstlichen Kniegelenk<\/strong><\/h3>\n<p>Durch Erkrankungen beziehungsweise Abnutzungserscheinungen k\u00f6nnen starke Sch\u00e4den mit Schmerzen im Knie auftreten. Zu den urs\u00e4chlichen Krankheiten geh\u00f6ren unter anderem <strong>Arthrose<\/strong>, <strong>Gelenkrheuma<\/strong> sowie <strong>Entz\u00fcndungen anderer Ursache<\/strong>. Ebenso k\u00f6nnen Verletzungen am Gelenk oder Knochenbr\u00fcche in Knien\u00e4he die Verursacher sein. Die Folgen sind immer gleich: starke Schmerzen.<\/p>\n<p>Ein <strong>k\u00fcnstliches Kniegelenk<\/strong> muss meistens dann eingesetzt werden, wenn es bei Abnutzungserscheinungen zu starken Sch\u00e4den im Knie gekommen ist. Es handelt sich um eine <strong>Operation<\/strong>, in der die Prothese als Ersatz des nat\u00fcrlichen Kniegelenks eingepflanzt wird. Daf\u00fcr gibt es Knieprothesen in mehreren Formen. Am h\u00e4ufigsten werden Oberfl\u00e4chenersatzprothesen (Vollersatz) oder Schlittenprothesen (Teilersatz) verwendet.<\/p>\n<\/div><\/section><\/div>\n<style type=\"text\/css\" data-created_by=\"avia_inline_auto\" id=\"style-css-av-j4t9f7-cfabba564cd65b4866fbc0a508b5e57f\">\n#top .flex_column.av-j4t9f7-cfabba564cd65b4866fbc0a508b5e57f{\nmargin-top:0px;\nmargin-bottom:0px;\n}\n.responsive #top #wrap_all .flex_column.av-j4t9f7-cfabba564cd65b4866fbc0a508b5e57f{\nmargin-top:0px;\nmargin-bottom:0px;\n}\n<\/style>\n<div  class='flex_column av-j4t9f7-cfabba564cd65b4866fbc0a508b5e57f av_two_fifth  avia-builder-el-5  el_after_av_three_fifth  avia-builder-el-last  av-break-at-tablet flex_column_div  column-top-margin'     ><style type=\"text\/css\" data-created_by=\"avia_inline_auto\" id=\"style-css-av-lwhp7s2o-6f41b8604a3bc57b17fcaa08d9b682a6\">\n.avia-image-container.av-lwhp7s2o-6f41b8604a3bc57b17fcaa08d9b682a6 img.avia_image{\nbox-shadow:none;\n}\n.avia-image-container.av-lwhp7s2o-6f41b8604a3bc57b17fcaa08d9b682a6 .av-image-caption-overlay-center{\ncolor:#ffffff;\n}\n<\/style>\n<div  class='avia-image-container av-lwhp7s2o-6f41b8604a3bc57b17fcaa08d9b682a6 av-styling-no-styling avia-align-  avia-builder-el-6  avia-builder-el-no-sibling '   itemprop=\"image\" itemscope=\"itemscope\" itemtype=\"https:\/\/schema.org\/ImageObject\" ><div class=\"avia-image-container-inner\"><div class=\"avia-image-overlay-wrap\"><img decoding=\"async\" fetchpriority=\"high\" class='wp-image-1044 avia-img-lazy-loading-not-1044 avia_image ' src=\"https:\/\/atos-mvz.de\/stuttgart\/wp-content\/uploads\/sites\/7\/2024\/05\/kniegelenk-prothese.jpg\" alt='' title=''  height=\"334\" width=\"500\"  itemprop=\"thumbnailUrl\" srcset=\"https:\/\/atos-mvz.de\/stuttgart\/wp-content\/uploads\/sites\/7\/2024\/05\/kniegelenk-prothese.jpg 500w, https:\/\/atos-mvz.de\/stuttgart\/wp-content\/uploads\/sites\/7\/2024\/05\/kniegelenk-prothese-300x200.jpg 300w\" sizes=\"(max-width: 500px) 100vw, 500px\" \/><\/div><\/div><\/div><\/div>\n\n<\/div><\/div><\/div><!-- close content main div --><\/div><\/div><div id='av_section_3'  class='avia-section av-1rfz0z-c59030e432a288e5c3bf3487e28e1c66 alternate_color avia-section-large avia-no-border-styling  avia-builder-el-7  el_after_av_section  el_before_av_section  avia-bg-style-scroll container_wrap fullsize'  ><div class='container av-section-cont-open' ><div class='template-page content  av-content-full alpha units'><div class='post-entry post-entry-type-page post-entry-1043'><div class='entry-content-wrapper clearfix'>\n<div  class='flex_column av-fhlr4j-31eab6630e90fdff62f07b9f1bacd00b av_one_third  avia-builder-el-8  el_before_av_two_third  avia-builder-el-first  first av-break-at-tablet flex_column_div  '     ><section  class='av_textblock_section av-lwhp819v-296574394ed3e8ea5b7494fe62907967 '   itemscope=\"itemscope\" itemtype=\"https:\/\/schema.org\/CreativeWork\" ><div class='avia_textblock'  itemprop=\"text\" ><h2>Eine <strong>umfassende Beratung und Diagnostik<\/strong> sind Voraussetzungen f\u00fcr Vertrauen und Zuversicht<\/h2>\n<\/div><\/section><\/div><div  class='flex_column av-e00qoj-d0e04fa37586ec493a8c60756395614b av_two_third  avia-builder-el-10  el_after_av_one_third  avia-builder-el-last  av-break-at-tablet flex_column_div  '     ><p><section  class='av_textblock_section av-lwhp86y7-c80bb16088b1b6c88c809ae6820a8110 '   itemscope=\"itemscope\" itemtype=\"https:\/\/schema.org\/CreativeWork\" ><div class='avia_textblock'  itemprop=\"text\" ><p>Bei uns stehen eine eingehende\u00a0<strong>Aufkl\u00e4rung<\/strong>\u00a0und eine\u00a0<strong>bestm\u00f6gliche Diagnostik<\/strong>\u00a0an erster Stelle. Eine Zusammenschau der Beschwerden und Befunde bildet die Grundlage f\u00fcr eine umfassende\u00a0<strong>Beratung<\/strong>\u00a0und Therapieempfehlung. Je nach Beschwerdebild und Anspruch an die eigene Lebensf\u00fchrung, k\u00f6nnen\u00a0<strong>nichtoperative und operative<\/strong>\u00a0M\u00f6glichkeiten erwogen werden.<\/p>\n<\/div><\/section><br \/>\n<section  class='av_textblock_section av-lwhp8hm6-41899a119869fec344a7a6ef1297b492 '   itemscope=\"itemscope\" itemtype=\"https:\/\/schema.org\/CreativeWork\" ><div class='avia_textblock'  itemprop=\"text\" ><p><strong>Nichtoperative M\u00f6glichkeiten:<\/strong><\/p>\n<\/div><\/section><br \/>\n\n<style type=\"text\/css\" data-created_by=\"avia_inline_auto\" id=\"style-css-av-lwhp9ag6-f5d12d335ebe6902c4aa975a90cf9828\">\n#top .avia-icon-list-container.av-lwhp9ag6-f5d12d335ebe6902c4aa975a90cf9828 .iconlist_icon{\ncolor:#482683;\nbackground-color:#cdff00;\n}\n#top .avia-icon-list-container.av-lwhp9ag6-f5d12d335ebe6902c4aa975a90cf9828 .iconlist_icon svg:first-child{\nstroke:#482683;\nfill:#482683;\n}\n<\/style>\n<div  class='avia-icon-list-container av-lwhp9ag6-f5d12d335ebe6902c4aa975a90cf9828  avia-builder-el-13  el_after_av_textblock  avia-builder-el-last  check'><ul class='avia-icon-list avia_animate_when_almost_visible avia-icon-list-left av-iconlist-small av-lwhp9ag6-f5d12d335ebe6902c4aa975a90cf9828 avia-iconlist-animate'>\n<li><div class='iconlist_icon av-lwhp8p3w-6ff6f3bce4681f674d0a078d9d93a1cb avia-font-fontello avia-iconfont avia-font-fontello'><span class='av-icon-char' data-av_icon='\ue805' data-av_iconfont='fontello' aria-hidden=\"true\"><\/span><\/div><article class=\"article-icon-entry av-iconlist-empty\"  itemscope=\"itemscope\" itemtype=\"https:\/\/schema.org\/CreativeWork\" ><div class=\"iconlist_content_wrap\"><header class=\"entry-content-header\" aria-label=\"Icon: Physiotherapie\"><div class='av_iconlist_title iconlist_title_small  '  itemprop=\"headline\" >Physiotherapie<\/div><\/header><div class='iconlist_content '  itemprop=\"text\" ><\/div><\/div><footer class=\"entry-footer\"><\/footer><\/article><div class=\"iconlist-timeline\"><\/div><\/li>\n<li><div class='iconlist_icon av-lwhp8t0w-50d7b91e9ab2de1ecd451d0bd5b8076e avia-font-fontello avia-iconfont avia-font-fontello'><span class='av-icon-char' data-av_icon='\ue805' data-av_iconfont='fontello' aria-hidden=\"true\"><\/span><\/div><article class=\"article-icon-entry av-iconlist-empty\"  itemscope=\"itemscope\" itemtype=\"https:\/\/schema.org\/CreativeWork\" ><div class=\"iconlist_content_wrap\"><header class=\"entry-content-header\" aria-label=\"Icon: Sto\u00dfwellentherapie\"><div class='av_iconlist_title iconlist_title_small  '  itemprop=\"headline\" >Sto\u00dfwellentherapie<\/div><\/header><div class='iconlist_content '  itemprop=\"text\" ><\/div><\/div><footer class=\"entry-footer\"><\/footer><\/article><div class=\"iconlist-timeline\"><\/div><\/li>\n<li><div class='iconlist_icon av-lwhp8xh2-180d4e796ed7f33e9136dcfa2c88736b avia-font-fontello avia-iconfont avia-font-fontello'><span class='av-icon-char' data-av_icon='\ue805' data-av_iconfont='fontello' aria-hidden=\"true\"><\/span><\/div><article class=\"article-icon-entry av-iconlist-empty\"  itemscope=\"itemscope\" itemtype=\"https:\/\/schema.org\/CreativeWork\" ><div class=\"iconlist_content_wrap\"><header class=\"entry-content-header\" aria-label=\"Icon: Eigenblutbehandlung\"><div class='av_iconlist_title iconlist_title_small  '  itemprop=\"headline\" >Eigenblutbehandlung<\/div><\/header><div class='iconlist_content '  itemprop=\"text\" ><\/div><\/div><footer class=\"entry-footer\"><\/footer><\/article><div class=\"iconlist-timeline\"><\/div><\/li>\n<li><div class='iconlist_icon av-lwhp91op-002a8004ef69f9ec76bb047d5341f9dc avia-font-fontello avia-iconfont avia-font-fontello'><span class='av-icon-char' data-av_icon='\ue805' data-av_iconfont='fontello' aria-hidden=\"true\"><\/span><\/div><article class=\"article-icon-entry av-iconlist-empty\"  itemscope=\"itemscope\" itemtype=\"https:\/\/schema.org\/CreativeWork\" ><div class=\"iconlist_content_wrap\"><header class=\"entry-content-header\" aria-label=\"Icon: Tape-Techniken\"><div class='av_iconlist_title iconlist_title_small  '  itemprop=\"headline\" >Tape-Techniken<\/div><\/header><div class='iconlist_content '  itemprop=\"text\" ><\/div><\/div><footer class=\"entry-footer\"><\/footer><\/article><div class=\"iconlist-timeline\"><\/div><\/li>\n<li><div class='iconlist_icon av-lwhp95us-f8f437cdf9b4f40052fff028e38dcaa0 avia-font-fontello avia-iconfont avia-font-fontello'><span class='av-icon-char' data-av_icon='\ue805' data-av_iconfont='fontello' aria-hidden=\"true\"><\/span><\/div><article class=\"article-icon-entry av-iconlist-empty\"  itemscope=\"itemscope\" itemtype=\"https:\/\/schema.org\/CreativeWork\" ><div class=\"iconlist_content_wrap\"><header class=\"entry-content-header\" aria-label=\"Icon: Medikament\u00f6se Therapie\"><div class='av_iconlist_title iconlist_title_small  '  itemprop=\"headline\" >Medikament\u00f6se Therapie<\/div><\/header><div class='iconlist_content '  itemprop=\"text\" ><\/div><\/div><footer class=\"entry-footer\"><\/footer><\/article><div class=\"iconlist-timeline\"><\/div><\/li>\n<li><div class='iconlist_icon av-lwhp95us-14-d991c087221b5198e3f6e089f19520d3 avia-font-fontello avia-iconfont avia-font-fontello'><span class='av-icon-char' data-av_icon='\ue805' data-av_iconfont='fontello' aria-hidden=\"true\"><\/span><\/div><article class=\"article-icon-entry av-iconlist-empty\"  itemscope=\"itemscope\" itemtype=\"https:\/\/schema.org\/CreativeWork\" ><div class=\"iconlist_content_wrap\"><header class=\"entry-content-header\" aria-label=\"Icon: Gezielte Injektionsbehandlungen\"><div class='av_iconlist_title iconlist_title_small  '  itemprop=\"headline\" >Gezielte Injektionsbehandlungen<\/div><\/header><div class='iconlist_content '  itemprop=\"text\" ><\/div><\/div><footer class=\"entry-footer\"><\/footer><\/article><div class=\"iconlist-timeline\"><\/div><\/li>\n<\/ul><\/div><\/p><\/div>\n\n<\/div><\/div><\/div><!-- close content main div --><\/div><\/div>\n<style type=\"text\/css\" data-created_by=\"avia_inline_auto\" id=\"style-css-av-17yvtv-3a1c50e810f0843d438b3db1f4ee4b94\">\n.avia-section.av-17yvtv-3a1c50e810f0843d438b3db1f4ee4b94{\nbackground-repeat:no-repeat;\nbackground-image:url(https:\/\/atos-mvz.de\/stuttgart\/wp-content\/uploads\/sites\/7\/2021\/07\/Therapien-Titel-1500x700-1.jpg);\nbackground-position:50% 50%;\nbackground-attachment:scroll;\n}\n.avia-section.av-17yvtv-3a1c50e810f0843d438b3db1f4ee4b94 .av-section-color-overlay{\nopacity:0.9;\nbackground-color:#482683;\n}\n<\/style>\n<div id='cta'  class='avia-section av-17yvtv-3a1c50e810f0843d438b3db1f4ee4b94 main_color avia-section-large avia-no-border-styling  avia-builder-el-14  el_after_av_section  el_before_av_section  avia-full-stretch avia-bg-style-scroll av-section-color-overlay-active container_wrap fullsize'  data-section-bg-repeat='stretch'><div class=\"av-section-color-overlay-wrap\"><div class=\"av-section-color-overlay\"><\/div><div class='container av-section-cont-open' ><div class='template-page content  av-content-full alpha units'><div class='post-entry post-entry-type-page post-entry-1043'><div class='entry-content-wrapper clearfix'>\n<div  class='flex_column av-ap1wkz-3620819024e9a9b66a424cb009a1dd80 av_two_third  avia-builder-el-15  avia-builder-el-no-sibling  first av-break-at-tablet flex_column_div  '     ><style type=\"text\/css\" data-created_by=\"avia_inline_auto\" id=\"style-css-av-lwhp9hjh-93c14d4860752a854a8e135994a4fb40\">\n#top .av_textblock_section.av-lwhp9hjh-93c14d4860752a854a8e135994a4fb40 .avia_textblock{\ncolor:#ffffff;\n}\n<\/style>\n<section  class='av_textblock_section av-lwhp9hjh-93c14d4860752a854a8e135994a4fb40 '   itemscope=\"itemscope\" itemtype=\"https:\/\/schema.org\/CreativeWork\" ><div class='avia_textblock av_inherit_color'  itemprop=\"text\" ><h2><strong>Termin vereinbaren<\/strong> oder Frage stellen<\/h2>\n<p>Sollten auch Sie unter akuten oder chronischen Gelenkschmerzen leiden, k\u00f6nnen Sie unsere Praxis in Stuttgart Mitte unter der folgenden Telefonnummer erreichen:<\/p>\n<\/div><\/section><br \/>\n<div  class='avia-button-wrap av-wqncz-316516c3018972a286f8aaa6cb82f62d-wrap avia-button-left  avia-builder-el-17  el_after_av_textblock  avia-builder-el-last '><a href='tel:+497116662930'  class='avia-button av-wqncz-316516c3018972a286f8aaa6cb82f62d av-link-btn avia-icon_select-yes-right-icon avia-size-small avia-position-left avia-color-theme-color-highlight'   aria-label=\"0711 66629-30\"><span class='avia_iconbox_title' >0711 66629-30<\/span><span class='avia_button_icon avia_button_icon_right avia-iconfont avia-font-fontello' data-av_icon='\ue802' data-av_iconfont='fontello' ><\/span><\/a><\/div><\/p><\/div>\n\n<\/div><\/div><\/div><!-- close content main div --><\/div><\/div><\/div><div id='av_section_5'  class='avia-section av-7kt1wj-c6e6019b81099d660546abc91dadf627 main_color avia-section-large avia-no-border-styling  avia-builder-el-18  el_after_av_section  avia-builder-el-last  avia-bg-style-scroll container_wrap fullsize'  ><div class='container av-section-cont-open' ><div class='template-page content  av-content-full alpha units'><div class='post-entry post-entry-type-page post-entry-1043'><div class='entry-content-wrapper clearfix'>\n\n<style type=\"text\/css\" data-created_by=\"avia_inline_auto\" id=\"style-css-av-69v0ur-29600b10db8f9dd98bda6a54ec6e541e\">\n#top .hr.hr-invisible.av-69v0ur-29600b10db8f9dd98bda6a54ec6e541e{\nmargin-top:0px;\nheight:1px;\n}\n<\/style>\n<div  class='hr av-69v0ur-29600b10db8f9dd98bda6a54ec6e541e hr-invisible  avia-builder-el-19  el_before_av_one_third  avia-builder-el-first '><span class='hr-inner '><span class=\"hr-inner-style\"><\/span><\/span><\/div>\n\n<style type=\"text\/css\" data-created_by=\"avia_inline_auto\" id=\"style-css-av-4pqpdf-0d47afda1edcdeb9b7b6eb996a41ea9a\">\n\n@media only screen and (min-width: 990px){ \n.flex_column.av-4pqpdf-0d47afda1edcdeb9b7b6eb996a41ea9a{\npadding:15px 0 0 0;\n}\n}\n<\/style>\n<div  class='flex_column av-4pqpdf-0d47afda1edcdeb9b7b6eb996a41ea9a av_one_third  avia-builder-el-20  el_after_av_hr  el_before_av_two_third  first av-break-at-tablet flex_column_div  '     ><section  class='av_textblock_section av-lwhp9p5z-862c9b31eff6e6bac3ba86735008cdfc '   itemscope=\"itemscope\" itemtype=\"https:\/\/schema.org\/CreativeWork\" ><div class='avia_textblock'  itemprop=\"text\" ><h2>Der Erfolg einer <strong>prothetischen Gelenkversorgung<\/strong> h\u00e4ngt stark ab vom Operateur, von der angewendeten Operationstechnik und der Rehabilitation<\/h2>\n<\/div><\/section><\/div><div  class='flex_column av-289gv7-4f363f7d56117f2f4c69d544aaba1e49 av_two_third  avia-builder-el-22  el_after_av_one_third  avia-builder-el-last  av-break-at-tablet flex_column_div  '     ><section  class='av_textblock_section av-lwhpa8gw-02a63a8e564b2a779badf599fb633bcb '   itemscope=\"itemscope\" itemtype=\"https:\/\/schema.org\/CreativeWork\" ><div class='avia_textblock'  itemprop=\"text\" ><p>In der Kniegelenkschirurgie verwendet das Facharztzentrum in der ATOS Klinik einen <strong>minimalinvasiven Zugang<\/strong>, welcher meist mit geringeren postoperativen Schmerzen und einer\u00a0<strong>schnelleren Rehabilitation<\/strong>\u00a0einhergeht. Es besteht eine enge Zusammenarbeit mit der An\u00e4sthesie. \u00dcber Katheter im Operationsbereich k\u00f6nnen Schmerzmittel gegeben werden, was eine schmerzarme bis schmerzfreie postoperative Mobilisation erlaubt. Die Gehhilfen werden meist drei bis vier Wochen zur Unterst\u00fctzung der Gangsicherheit au\u00dfer Haus ben\u00f6tigt.<\/p>\n<p>Wir nutzen modernste Operationstechniken und Implantate, um f\u00fcr Sie das optimale Ergebnis zu erzielen. Eine besondere Expertise von uns ist die Verwendung individueller Schnittbl\u00f6cke, was eine dem Patienten angepasste Operationstechnik erlaubt. Vorteile sind optimale S\u00e4geschnitte, Schonung von Knochen, gerade Beinachsen, k\u00fcrzere Operationszeit, vermindertes Infektrisiko und eine bessere Genesung.<\/p>\n<p>Ihr kompetenter Orthop\u00e4de in Stuttgart erwartet Sie gerne!<\/p>\n<\/div><\/section><\/div>\n","protected":false},"excerpt":{"rendered":"","protected":false},"author":1,"featured_media":0,"parent":0,"menu_order":0,"comment_status":"closed","ping_status":"closed","template":"","meta":{"footnotes":""},"class_list":["post-1043","page","type-page","status-publish","hentry"],"yoast_head":"<!-- This site is optimized with the Yoast SEO plugin v27.3 - https:\/\/yoast.com\/product\/yoast-seo-wordpress\/ -->\n<title>Kniegelenk-Prothese - ATOS Facharztzentrum Klinik Stuttgart<\/title>\n<meta name=\"description\" content=\"Kniegelenk-Prothese Stuttgart: Entscheidungshilfe, Implantation und Rehabilitation. F\u00fcr Beweglichkeit und Lebensqualit\u00e4t bei Kniesch\u00e4den.\" \/>\n<meta name=\"robots\" content=\"index, follow, max-snippet:-1, max-image-preview:large, max-video-preview:-1\" \/>\n<link rel=\"canonical\" href=\"https:\/\/atos-mvz.de\/stuttgart\/kniegelenk-prothese\/\" \/>\n<meta property=\"og:locale\" content=\"de_DE\" \/>\n<meta property=\"og:type\" content=\"article\" \/>\n<meta property=\"og:title\" content=\"Kniegelenk-Prothese - ATOS Facharztzentrum Klinik Stuttgart\" \/>\n<meta property=\"og:description\" content=\"Kniegelenk-Prothese Stuttgart: Entscheidungshilfe, Implantation und Rehabilitation. F\u00fcr Beweglichkeit und Lebensqualit\u00e4t bei Kniesch\u00e4den.\" \/>\n<meta property=\"og:url\" content=\"https:\/\/atos-mvz.de\/stuttgart\/kniegelenk-prothese\/\" \/>\n<meta property=\"og:site_name\" content=\"ATOS Facharztzentrum Klinik Stuttgart\" \/>\n<meta property=\"article:modified_time\" content=\"2026-01-15T15:46:03+00:00\" \/>\n<meta name=\"twitter:card\" content=\"summary_large_image\" \/>\n<script type=\"application\/ld+json\" class=\"yoast-schema-graph\">{\"@context\":\"https:\\\/\\\/schema.org\",\"@graph\":[{\"@type\":\"WebPage\",\"@id\":\"https:\\\/\\\/atos-mvz.de\\\/stuttgart\\\/kniegelenk-prothese\\\/\",\"url\":\"https:\\\/\\\/atos-mvz.de\\\/stuttgart\\\/kniegelenk-prothese\\\/\",\"name\":\"Kniegelenk-Prothese - ATOS Facharztzentrum Klinik Stuttgart\",\"isPartOf\":{\"@id\":\"https:\\\/\\\/atos-mvz.de\\\/stuttgart\\\/#website\"},\"datePublished\":\"2024-05-22T10:48:00+00:00\",\"dateModified\":\"2026-01-15T15:46:03+00:00\",\"description\":\"Kniegelenk-Prothese Stuttgart: Entscheidungshilfe, Implantation und Rehabilitation. F\u00fcr Beweglichkeit und Lebensqualit\u00e4t bei Kniesch\u00e4den.\",\"breadcrumb\":{\"@id\":\"https:\\\/\\\/atos-mvz.de\\\/stuttgart\\\/kniegelenk-prothese\\\/#breadcrumb\"},\"inLanguage\":\"de\",\"potentialAction\":[{\"@type\":\"ReadAction\",\"target\":[\"https:\\\/\\\/atos-mvz.de\\\/stuttgart\\\/kniegelenk-prothese\\\/\"]}]},{\"@type\":\"BreadcrumbList\",\"@id\":\"https:\\\/\\\/atos-mvz.de\\\/stuttgart\\\/kniegelenk-prothese\\\/#breadcrumb\",\"itemListElement\":[{\"@type\":\"ListItem\",\"position\":1,\"name\":\"Startseite\",\"item\":\"https:\\\/\\\/atos-mvz.de\\\/stuttgart\\\/startseite\\\/\"},{\"@type\":\"ListItem\",\"position\":2,\"name\":\"Kniegelenk-Prothese\"}]},{\"@type\":\"WebSite\",\"@id\":\"https:\\\/\\\/atos-mvz.de\\\/stuttgart\\\/#website\",\"url\":\"https:\\\/\\\/atos-mvz.de\\\/stuttgart\\\/\",\"name\":\"ATOS Facharztzentrum Klinik Stuttgart\",\"description\":\"\",\"potentialAction\":[{\"@type\":\"SearchAction\",\"target\":{\"@type\":\"EntryPoint\",\"urlTemplate\":\"https:\\\/\\\/atos-mvz.de\\\/stuttgart\\\/?s={search_term_string}\"},\"query-input\":{\"@type\":\"PropertyValueSpecification\",\"valueRequired\":true,\"valueName\":\"search_term_string\"}}],\"inLanguage\":\"de\"}]}<\/script>\n<!-- \/ Yoast SEO plugin. -->","yoast_head_json":{"title":"Kniegelenk-Prothese - ATOS Facharztzentrum Klinik Stuttgart","description":"Kniegelenk-Prothese Stuttgart: Entscheidungshilfe, Implantation und Rehabilitation. F\u00fcr Beweglichkeit und Lebensqualit\u00e4t bei Kniesch\u00e4den.","robots":{"index":"index","follow":"follow","max-snippet":"max-snippet:-1","max-image-preview":"max-image-preview:large","max-video-preview":"max-video-preview:-1"},"canonical":"https:\/\/atos-mvz.de\/stuttgart\/kniegelenk-prothese\/","og_locale":"de_DE","og_type":"article","og_title":"Kniegelenk-Prothese - ATOS Facharztzentrum Klinik Stuttgart","og_description":"Kniegelenk-Prothese Stuttgart: Entscheidungshilfe, Implantation und Rehabilitation. F\u00fcr Beweglichkeit und Lebensqualit\u00e4t bei Kniesch\u00e4den.","og_url":"https:\/\/atos-mvz.de\/stuttgart\/kniegelenk-prothese\/","og_site_name":"ATOS Facharztzentrum Klinik Stuttgart","article_modified_time":"2026-01-15T15:46:03+00:00","twitter_card":"summary_large_image","schema":{"@context":"https:\/\/schema.org","@graph":[{"@type":"WebPage","@id":"https:\/\/atos-mvz.de\/stuttgart\/kniegelenk-prothese\/","url":"https:\/\/atos-mvz.de\/stuttgart\/kniegelenk-prothese\/","name":"Kniegelenk-Prothese - ATOS Facharztzentrum Klinik Stuttgart","isPartOf":{"@id":"https:\/\/atos-mvz.de\/stuttgart\/#website"},"datePublished":"2024-05-22T10:48:00+00:00","dateModified":"2026-01-15T15:46:03+00:00","description":"Kniegelenk-Prothese Stuttgart: Entscheidungshilfe, Implantation und Rehabilitation. F\u00fcr Beweglichkeit und Lebensqualit\u00e4t bei Kniesch\u00e4den.","breadcrumb":{"@id":"https:\/\/atos-mvz.de\/stuttgart\/kniegelenk-prothese\/#breadcrumb"},"inLanguage":"de","potentialAction":[{"@type":"ReadAction","target":["https:\/\/atos-mvz.de\/stuttgart\/kniegelenk-prothese\/"]}]},{"@type":"BreadcrumbList","@id":"https:\/\/atos-mvz.de\/stuttgart\/kniegelenk-prothese\/#breadcrumb","itemListElement":[{"@type":"ListItem","position":1,"name":"Startseite","item":"https:\/\/atos-mvz.de\/stuttgart\/startseite\/"},{"@type":"ListItem","position":2,"name":"Kniegelenk-Prothese"}]},{"@type":"WebSite","@id":"https:\/\/atos-mvz.de\/stuttgart\/#website","url":"https:\/\/atos-mvz.de\/stuttgart\/","name":"ATOS Facharztzentrum Klinik Stuttgart","description":"","potentialAction":[{"@type":"SearchAction","target":{"@type":"EntryPoint","urlTemplate":"https:\/\/atos-mvz.de\/stuttgart\/?s={search_term_string}"},"query-input":{"@type":"PropertyValueSpecification","valueRequired":true,"valueName":"search_term_string"}}],"inLanguage":"de"}]}},"_links":{"self":[{"href":"https:\/\/atos-mvz.de\/stuttgart\/wp-json\/wp\/v2\/pages\/1043","targetHints":{"allow":["GET"]}}],"collection":[{"href":"https:\/\/atos-mvz.de\/stuttgart\/wp-json\/wp\/v2\/pages"}],"about":[{"href":"https:\/\/atos-mvz.de\/stuttgart\/wp-json\/wp\/v2\/types\/page"}],"author":[{"embeddable":true,"href":"https:\/\/atos-mvz.de\/stuttgart\/wp-json\/wp\/v2\/users\/1"}],"replies":[{"embeddable":true,"href":"https:\/\/atos-mvz.de\/stuttgart\/wp-json\/wp\/v2\/comments?post=1043"}],"version-history":[{"count":5,"href":"https:\/\/atos-mvz.de\/stuttgart\/wp-json\/wp\/v2\/pages\/1043\/revisions"}],"predecessor-version":[{"id":1303,"href":"https:\/\/atos-mvz.de\/stuttgart\/wp-json\/wp\/v2\/pages\/1043\/revisions\/1303"}],"wp:attachment":[{"href":"https:\/\/atos-mvz.de\/stuttgart\/wp-json\/wp\/v2\/media?parent=1043"}],"curies":[{"name":"wp","href":"https:\/\/api.w.org\/{rel}","templated":true}]}}