{"id":934,"date":"2024-03-21T15:50:34","date_gmt":"2024-03-21T14:50:34","guid":{"rendered":"https:\/\/atos-mvz.de\/koeln-junkersdorf\/?page_id=934"},"modified":"2024-05-25T16:24:14","modified_gmt":"2024-05-25T14:24:14","slug":"stosswellentherapie","status":"publish","type":"page","link":"https:\/\/atos-mvz.de\/koeln-junkersdorf\/stosswellentherapie\/","title":{"rendered":"Sto\u00dfwellentherapie"},"content":{"rendered":"\n<style type=\"text\/css\" data-created_by=\"avia_inline_auto\" id=\"style-css-av-ltk1i-386ddfe163f1ed7ac1caa8b1703e87b7\">\n.avia-section.av-ltk1i-386ddfe163f1ed7ac1caa8b1703e87b7{\nbackground-repeat:no-repeat;\nbackground-image:url(https:\/\/atos-mvz.de\/koeln-junkersdorf\/wp-content\/uploads\/sites\/31\/2024\/03\/koeln-junkerdorf.jpg);\nbackground-position:50% 50%;\nbackground-attachment:scroll;\n}\n.avia-section.av-ltk1i-386ddfe163f1ed7ac1caa8b1703e87b7 .av-extra-border-element .av-extra-border-inner{\nbackground-color:#ffffff;\n}\n<\/style>\n<div id='header-img'  class='avia-section av-ltk1i-386ddfe163f1ed7ac1caa8b1703e87b7 main_color avia-section-huge avia-no-border-styling  avia-builder-el-0  el_before_av_section  avia-builder-el-first  largeimg avia-full-stretch avia-bg-style-scroll container_wrap fullsize'  data-section-bg-repeat='stretch'><div class='container av-section-cont-open' ><main  role=\"main\" itemprop=\"mainContentOfPage\"  class='template-page content  av-content-full alpha units'><div class='post-entry post-entry-type-page post-entry-934'><div class='entry-content-wrapper clearfix'>\n<\/div><\/div><\/main><!-- close content main element --><\/div><div class='av-extra-border-element border-extra-diagonal border-extra-diagonal-inverse '><div class='av-extra-border-outer'><div class='av-extra-border-inner'><\/div><\/div><\/div><\/div>\n<style type=\"text\/css\" data-created_by=\"avia_inline_auto\" id=\"style-css-av-gdwty-c72d908b3b37a3085bc494614a77ee35\">\n.avia-section.av-gdwty-c72d908b3b37a3085bc494614a77ee35 .av-extra-border-element .av-extra-border-inner{\nbackground-color:#f1f0f5;\n}\n<\/style>\n<div id='av_section_2'  class='avia-section av-gdwty-c72d908b3b37a3085bc494614a77ee35 main_color avia-section-large avia-no-border-styling  avia-builder-el-1  el_after_av_section  avia-builder-el-last  avia-bg-style-scroll container_wrap fullsize'  ><div class='container av-section-cont-open' ><div class='template-page content  av-content-full alpha units'><div class='post-entry post-entry-type-page post-entry-934'><div class='entry-content-wrapper clearfix'>\n<div  class='flex_column av-9n43a-38e9acd44e93a86c6c85862b6cf08231 av_four_fifth  avia-builder-el-2  avia-builder-el-no-sibling  first flex_column_div  '     ><section  class='av_textblock_section av-lu1cl2kr-5906b5ea4a1b8724dc42553f4e9c57ed '   itemscope=\"itemscope\" itemtype=\"https:\/\/schema.org\/CreativeWork\" ><div class='avia_textblock'  itemprop=\"text\" ><h1><strong>Sto\u00dfwellentherapie<\/strong><\/h1>\n<p><strong>Nutzen Sie die Sto\u00dfwellentherapie in unserer orthop\u00e4dischen Praxis!<\/strong><\/p>\n<\/div><\/section><br \/>\n\n<style type=\"text\/css\" data-created_by=\"avia_inline_auto\" id=\"style-css-av-lu1cl7ku-d67940022aca591366fb38642185fa9e\">\n#top .av-special-heading.av-lu1cl7ku-d67940022aca591366fb38642185fa9e{\npadding-bottom:10px;\n}\nbody .av-special-heading.av-lu1cl7ku-d67940022aca591366fb38642185fa9e .av-special-heading-tag .heading-char{\nfont-size:25px;\n}\n.av-special-heading.av-lu1cl7ku-d67940022aca591366fb38642185fa9e .av-subheading{\nfont-size:15px;\n}\n<\/style>\n<div  class='av-special-heading av-lu1cl7ku-d67940022aca591366fb38642185fa9e av-special-heading-h2 blockquote modern-quote  avia-builder-el-4  el_after_av_textblock  el_before_av_textblock '><h2 class='av-special-heading-tag '  itemprop=\"headline\"  >Funktionsweise der Sto\u00dfwellentherapie<\/h2><div class=\"special-heading-border\"><div class=\"special-heading-inner-border\"><\/div><\/div><\/div><br \/>\n<section  class='av_textblock_section av-lu1clc6r-01ede47ebf5c42b9a4d630577d442ff7 '   itemscope=\"itemscope\" itemtype=\"https:\/\/schema.org\/CreativeWork\" ><div class='avia_textblock'  itemprop=\"text\" ><p>Die Sto\u00dfwellentherapie nutzt hochenergetische Wellen, die die nat\u00fcrlichen Heilungsprozesse des K\u00f6rpers aktivieren, die Durchblutung steigern und den Stoffwechsel anregen. Diese Therapieform hilft, Schmerzen zu reduzieren und beschleunigt die Heilung bei einer Vielzahl von Beschwerden.<\/p>\n<\/div><\/section><br \/>\n\n<style type=\"text\/css\" data-created_by=\"avia_inline_auto\" id=\"style-css-av-lu1clhjz-cce1506c06b4c0a516fd8a3bcfbd7fe3\">\n#top .av-special-heading.av-lu1clhjz-cce1506c06b4c0a516fd8a3bcfbd7fe3{\npadding-bottom:10px;\n}\nbody .av-special-heading.av-lu1clhjz-cce1506c06b4c0a516fd8a3bcfbd7fe3 .av-special-heading-tag .heading-char{\nfont-size:25px;\n}\n.av-special-heading.av-lu1clhjz-cce1506c06b4c0a516fd8a3bcfbd7fe3 .av-subheading{\nfont-size:15px;\n}\n<\/style>\n<div  class='av-special-heading av-lu1clhjz-cce1506c06b4c0a516fd8a3bcfbd7fe3 av-special-heading-h2 blockquote modern-quote  avia-builder-el-6  el_after_av_textblock  el_before_av_textblock '><h2 class='av-special-heading-tag '  itemprop=\"headline\"  >Einsatzbereiche der Sto\u00dfwellentherapie<\/h2><div class=\"special-heading-border\"><div class=\"special-heading-inner-border\"><\/div><\/div><\/div><br \/>\n<section  class='av_textblock_section av-lu1clnh9-5870858f2e4f818851e2374cd5e55dec '   itemscope=\"itemscope\" itemtype=\"https:\/\/schema.org\/CreativeWork\" ><div class='avia_textblock'  itemprop=\"text\" ><p>Eingesetzt wird die Sto\u00dfwellentherapie vor allem bei chronischen Erkrankungen wie Arthrose, Problemen der Wirbels\u00e4ule, Osteoarthritis, Ischiasbeschwerden und weiteren Gelenkerkrankungen.<\/p>\n<\/div><\/section><br \/>\n\n<style type=\"text\/css\" data-created_by=\"avia_inline_auto\" id=\"style-css-av-lu1clt0t-28ef6fe7488fd50c79df29fb8e2bf243\">\n#top .av-special-heading.av-lu1clt0t-28ef6fe7488fd50c79df29fb8e2bf243{\npadding-bottom:10px;\n}\nbody .av-special-heading.av-lu1clt0t-28ef6fe7488fd50c79df29fb8e2bf243 .av-special-heading-tag .heading-char{\nfont-size:25px;\n}\n.av-special-heading.av-lu1clt0t-28ef6fe7488fd50c79df29fb8e2bf243 .av-subheading{\nfont-size:15px;\n}\n<\/style>\n<div  class='av-special-heading av-lu1clt0t-28ef6fe7488fd50c79df29fb8e2bf243 av-special-heading-h2 blockquote modern-quote  avia-builder-el-8  el_after_av_textblock  el_before_av_textblock '><h2 class='av-special-heading-tag '  itemprop=\"headline\"  >Vorteile dieser Behandlungsmethode<\/h2><div class=\"special-heading-border\"><div class=\"special-heading-inner-border\"><\/div><\/div><\/div><br \/>\n<section  class='av_textblock_section av-lu1clypq-effcd4689431550af573fe2a85e0ff8c '   itemscope=\"itemscope\" itemtype=\"https:\/\/schema.org\/CreativeWork\" ><div class='avia_textblock'  itemprop=\"text\" ><p>Die Sto\u00dfwellentherapie stellt eine sanfte Alternative zu chirurgischen Eingriffen dar und bietet sich als medikamentenfreie Option an, um k\u00f6rpereigene Regenerationsprozesse zu unterst\u00fctzen und Risiken von Operationen zu vermeiden.<\/p>\n<\/div><\/section><br \/>\n\n<style type=\"text\/css\" data-created_by=\"avia_inline_auto\" id=\"style-css-av-oay6-9f3ffd6f58caa6e2dcaec7d79761b2ab\">\n#top .av-special-heading.av-oay6-9f3ffd6f58caa6e2dcaec7d79761b2ab{\npadding-bottom:10px;\n}\nbody .av-special-heading.av-oay6-9f3ffd6f58caa6e2dcaec7d79761b2ab .av-special-heading-tag .heading-char{\nfont-size:25px;\n}\n.av-special-heading.av-oay6-9f3ffd6f58caa6e2dcaec7d79761b2ab .av-subheading{\nfont-size:15px;\n}\n<\/style>\n<div  class='av-special-heading av-oay6-9f3ffd6f58caa6e2dcaec7d79761b2ab av-special-heading-h2 blockquote modern-quote  avia-builder-el-10  el_after_av_textblock  el_before_av_textblock '><h2 class='av-special-heading-tag '  itemprop=\"headline\"  >Kontraindikationen f\u00fcr Sto\u00dfwellentherapie<\/h2><div class=\"special-heading-border\"><div class=\"special-heading-inner-border\"><\/div><\/div><\/div><br \/>\n<section  class='av_textblock_section av-lu1cmcdk-c986c944d2f36be0a2a5264f4fd20d3b '   itemscope=\"itemscope\" itemtype=\"https:\/\/schema.org\/CreativeWork\" ><div class='avia_textblock'  itemprop=\"text\" ><p>Die Therapie sollte nicht angewendet werden bei Personen mit Gerinnungsproblemen, aktiven Entz\u00fcndungen, Krebserkrankungen, in der Schwangerschaft und bei weiteren spezifischen Gesundheitszust\u00e4nden.<\/p>\n<\/div><\/section><br \/>\n\n<style type=\"text\/css\" data-created_by=\"avia_inline_auto\" id=\"style-css-av-lu1cm7qe-671ef84f1090e031d9c07e5280be503a\">\n#top .av-special-heading.av-lu1cm7qe-671ef84f1090e031d9c07e5280be503a{\npadding-bottom:10px;\n}\nbody .av-special-heading.av-lu1cm7qe-671ef84f1090e031d9c07e5280be503a .av-special-heading-tag .heading-char{\nfont-size:25px;\n}\n.av-special-heading.av-lu1cm7qe-671ef84f1090e031d9c07e5280be503a .av-subheading{\nfont-size:15px;\n}\n<\/style>\n<div  class='av-special-heading av-lu1cm7qe-671ef84f1090e031d9c07e5280be503a av-special-heading-h2 blockquote modern-quote  avia-builder-el-12  el_after_av_textblock  el_before_av_textblock '><h2 class='av-special-heading-tag '  itemprop=\"headline\"  >Einsatzgebiete in der Sportmedizin<\/h2><div class=\"special-heading-border\"><div class=\"special-heading-inner-border\"><\/div><\/div><\/div><br \/>\n<section  class='av_textblock_section av-lu1cmrgp-a99ef10c2f72ac6d1c3c88854b8cfdfd '   itemscope=\"itemscope\" itemtype=\"https:\/\/schema.org\/CreativeWork\" ><div class='avia_textblock'  itemprop=\"text\" ><p>In der Behandlung von Sportverletzungen wie Verstauchungen, Zerrungen, Prellungen und Muskelsch\u00e4den hat sich die Sto\u00dfwellentherapie bew\u00e4hrt. Moderne Sto\u00dfwellenger\u00e4te sind auch \u00fcber Leasingoptionen f\u00fcr Fachkr\u00e4fte in Sportmedizin, Orthop\u00e4die und Physiotherapie erh\u00e4ltlich.<\/p>\n<\/div><\/section><br \/>\n\n<style type=\"text\/css\" data-created_by=\"avia_inline_auto\" id=\"style-css-av-lu1cmzzw-1ead3955c33236a0b79aa20743fa22b1\">\n#top .av-special-heading.av-lu1cmzzw-1ead3955c33236a0b79aa20743fa22b1{\npadding-bottom:10px;\n}\nbody .av-special-heading.av-lu1cmzzw-1ead3955c33236a0b79aa20743fa22b1 .av-special-heading-tag .heading-char{\nfont-size:25px;\n}\n.av-special-heading.av-lu1cmzzw-1ead3955c33236a0b79aa20743fa22b1 .av-subheading{\nfont-size:15px;\n}\n<\/style>\n<div  class='av-special-heading av-lu1cmzzw-1ead3955c33236a0b79aa20743fa22b1 av-special-heading-h2 blockquote modern-quote  avia-builder-el-14  el_after_av_textblock  el_before_av_textblock '><h2 class='av-special-heading-tag '  itemprop=\"headline\"  >Orthop\u00e4dische Anwendungen<\/h2><div class=\"special-heading-border\"><div class=\"special-heading-inner-border\"><\/div><\/div><\/div><br \/>\n<section  class='av_textblock_section av-lu1cnfsx-e12569ccbe05f83306ca9cca846b1840 '   itemscope=\"itemscope\" itemtype=\"https:\/\/schema.org\/CreativeWork\" ><div class='avia_textblock'  itemprop=\"text\" ><p>Die Therapie wird bei einer Vielzahl orthop\u00e4discher Beschwerden angewandt, darunter Epikondylitis, Probleme im Kniebereich, Erkrankungen der Kn\u00f6chel und Fersensporn sowie bei Schulterbeschwerden wie Impingementsyndrom und Kalkschulter, wobeindie symptomatische Schmerzlinderung durch gezielte Sto\u00dfwellen erreicht wird.<\/p>\n<\/div><\/section><\/p><\/div>\n","protected":false},"excerpt":{"rendered":"","protected":false},"author":1,"featured_media":0,"parent":0,"menu_order":0,"comment_status":"closed","ping_status":"closed","template":"","meta":{"footnotes":""},"class_list":["post-934","page","type-page","status-publish","hentry"],"yoast_head":"<!-- This site is optimized with the Yoast SEO plugin v27.3 - https:\/\/yoast.com\/product\/yoast-seo-wordpress\/ -->\n<title>Sto\u00dfwellentherapie - ATOS Praxis K\u00f6ln Junkersdorf<\/title>\n<meta name=\"description\" content=\"Die Sto\u00dfwellentherapie nutzt hochenergetische Wellen, die die nat\u00fcrlichen Heilungsprozesse des K\u00f6rpers aktivieren.\" \/>\n<meta name=\"robots\" content=\"index, follow, max-snippet:-1, max-image-preview:large, max-video-preview:-1\" \/>\n<link rel=\"canonical\" href=\"https:\/\/atos-mvz.de\/koeln-junkersdorf\/stosswellentherapie\/\" \/>\n<meta property=\"og:locale\" content=\"de_DE\" \/>\n<meta property=\"og:type\" content=\"article\" \/>\n<meta property=\"og:title\" content=\"Sto\u00dfwellentherapie - ATOS Praxis K\u00f6ln Junkersdorf\" \/>\n<meta property=\"og:description\" content=\"Die Sto\u00dfwellentherapie nutzt hochenergetische Wellen, die die nat\u00fcrlichen Heilungsprozesse des K\u00f6rpers aktivieren.\" \/>\n<meta property=\"og:url\" content=\"https:\/\/atos-mvz.de\/koeln-junkersdorf\/stosswellentherapie\/\" \/>\n<meta property=\"og:site_name\" content=\"ATOS Praxis K\u00f6ln Junkersdorf\" \/>\n<meta property=\"article:modified_time\" content=\"2024-05-25T14:24:14+00:00\" \/>\n<meta name=\"twitter:card\" content=\"summary_large_image\" \/>\n<script type=\"application\/ld+json\" class=\"yoast-schema-graph\">{\"@context\":\"https:\\\/\\\/schema.org\",\"@graph\":[{\"@type\":\"WebPage\",\"@id\":\"https:\\\/\\\/atos-mvz.de\\\/koeln-junkersdorf\\\/stosswellentherapie\\\/\",\"url\":\"https:\\\/\\\/atos-mvz.de\\\/koeln-junkersdorf\\\/stosswellentherapie\\\/\",\"name\":\"Sto\u00dfwellentherapie - ATOS Praxis K\u00f6ln Junkersdorf\",\"isPartOf\":{\"@id\":\"https:\\\/\\\/atos-mvz.de\\\/koeln-junkersdorf\\\/#website\"},\"datePublished\":\"2024-03-21T14:50:34+00:00\",\"dateModified\":\"2024-05-25T14:24:14+00:00\",\"description\":\"Die Sto\u00dfwellentherapie nutzt hochenergetische Wellen, die die nat\u00fcrlichen Heilungsprozesse des K\u00f6rpers aktivieren.\",\"breadcrumb\":{\"@id\":\"https:\\\/\\\/atos-mvz.de\\\/koeln-junkersdorf\\\/stosswellentherapie\\\/#breadcrumb\"},\"inLanguage\":\"de\",\"potentialAction\":[{\"@type\":\"ReadAction\",\"target\":[\"https:\\\/\\\/atos-mvz.de\\\/koeln-junkersdorf\\\/stosswellentherapie\\\/\"]}]},{\"@type\":\"BreadcrumbList\",\"@id\":\"https:\\\/\\\/atos-mvz.de\\\/koeln-junkersdorf\\\/stosswellentherapie\\\/#breadcrumb\",\"itemListElement\":[{\"@type\":\"ListItem\",\"position\":1,\"name\":\"Startseite\",\"item\":\"https:\\\/\\\/atos-mvz.de\\\/koeln-junkersdorf\\\/startseite\\\/\"},{\"@type\":\"ListItem\",\"position\":2,\"name\":\"Sto\u00dfwellentherapie\"}]},{\"@type\":\"WebSite\",\"@id\":\"https:\\\/\\\/atos-mvz.de\\\/koeln-junkersdorf\\\/#website\",\"url\":\"https:\\\/\\\/atos-mvz.de\\\/koeln-junkersdorf\\\/\",\"name\":\"ATOS Praxis K\u00f6ln Junkersdorf\",\"description\":\"\",\"potentialAction\":[{\"@type\":\"SearchAction\",\"target\":{\"@type\":\"EntryPoint\",\"urlTemplate\":\"https:\\\/\\\/atos-mvz.de\\\/koeln-junkersdorf\\\/?s={search_term_string}\"},\"query-input\":{\"@type\":\"PropertyValueSpecification\",\"valueRequired\":true,\"valueName\":\"search_term_string\"}}],\"inLanguage\":\"de\"}]}<\/script>\n<!-- \/ Yoast SEO plugin. -->","yoast_head_json":{"title":"Sto\u00dfwellentherapie - ATOS Praxis K\u00f6ln Junkersdorf","description":"Die Sto\u00dfwellentherapie nutzt hochenergetische Wellen, die die nat\u00fcrlichen Heilungsprozesse des K\u00f6rpers aktivieren.","robots":{"index":"index","follow":"follow","max-snippet":"max-snippet:-1","max-image-preview":"max-image-preview:large","max-video-preview":"max-video-preview:-1"},"canonical":"https:\/\/atos-mvz.de\/koeln-junkersdorf\/stosswellentherapie\/","og_locale":"de_DE","og_type":"article","og_title":"Sto\u00dfwellentherapie - ATOS Praxis K\u00f6ln Junkersdorf","og_description":"Die Sto\u00dfwellentherapie nutzt hochenergetische Wellen, die die nat\u00fcrlichen Heilungsprozesse des K\u00f6rpers aktivieren.","og_url":"https:\/\/atos-mvz.de\/koeln-junkersdorf\/stosswellentherapie\/","og_site_name":"ATOS Praxis K\u00f6ln Junkersdorf","article_modified_time":"2024-05-25T14:24:14+00:00","twitter_card":"summary_large_image","schema":{"@context":"https:\/\/schema.org","@graph":[{"@type":"WebPage","@id":"https:\/\/atos-mvz.de\/koeln-junkersdorf\/stosswellentherapie\/","url":"https:\/\/atos-mvz.de\/koeln-junkersdorf\/stosswellentherapie\/","name":"Sto\u00dfwellentherapie - ATOS Praxis K\u00f6ln Junkersdorf","isPartOf":{"@id":"https:\/\/atos-mvz.de\/koeln-junkersdorf\/#website"},"datePublished":"2024-03-21T14:50:34+00:00","dateModified":"2024-05-25T14:24:14+00:00","description":"Die Sto\u00dfwellentherapie nutzt hochenergetische Wellen, die die nat\u00fcrlichen Heilungsprozesse des K\u00f6rpers aktivieren.","breadcrumb":{"@id":"https:\/\/atos-mvz.de\/koeln-junkersdorf\/stosswellentherapie\/#breadcrumb"},"inLanguage":"de","potentialAction":[{"@type":"ReadAction","target":["https:\/\/atos-mvz.de\/koeln-junkersdorf\/stosswellentherapie\/"]}]},{"@type":"BreadcrumbList","@id":"https:\/\/atos-mvz.de\/koeln-junkersdorf\/stosswellentherapie\/#breadcrumb","itemListElement":[{"@type":"ListItem","position":1,"name":"Startseite","item":"https:\/\/atos-mvz.de\/koeln-junkersdorf\/startseite\/"},{"@type":"ListItem","position":2,"name":"Sto\u00dfwellentherapie"}]},{"@type":"WebSite","@id":"https:\/\/atos-mvz.de\/koeln-junkersdorf\/#website","url":"https:\/\/atos-mvz.de\/koeln-junkersdorf\/","name":"ATOS Praxis K\u00f6ln Junkersdorf","description":"","potentialAction":[{"@type":"SearchAction","target":{"@type":"EntryPoint","urlTemplate":"https:\/\/atos-mvz.de\/koeln-junkersdorf\/?s={search_term_string}"},"query-input":{"@type":"PropertyValueSpecification","valueRequired":true,"valueName":"search_term_string"}}],"inLanguage":"de"}]}},"_links":{"self":[{"href":"https:\/\/atos-mvz.de\/koeln-junkersdorf\/wp-json\/wp\/v2\/pages\/934","targetHints":{"allow":["GET"]}}],"collection":[{"href":"https:\/\/atos-mvz.de\/koeln-junkersdorf\/wp-json\/wp\/v2\/pages"}],"about":[{"href":"https:\/\/atos-mvz.de\/koeln-junkersdorf\/wp-json\/wp\/v2\/types\/page"}],"author":[{"embeddable":true,"href":"https:\/\/atos-mvz.de\/koeln-junkersdorf\/wp-json\/wp\/v2\/users\/1"}],"replies":[{"embeddable":true,"href":"https:\/\/atos-mvz.de\/koeln-junkersdorf\/wp-json\/wp\/v2\/comments?post=934"}],"version-history":[{"count":9,"href":"https:\/\/atos-mvz.de\/koeln-junkersdorf\/wp-json\/wp\/v2\/pages\/934\/revisions"}],"predecessor-version":[{"id":1347,"href":"https:\/\/atos-mvz.de\/koeln-junkersdorf\/wp-json\/wp\/v2\/pages\/934\/revisions\/1347"}],"wp:attachment":[{"href":"https:\/\/atos-mvz.de\/koeln-junkersdorf\/wp-json\/wp\/v2\/media?parent=934"}],"curies":[{"name":"wp","href":"https:\/\/api.w.org\/{rel}","templated":true}]}}