{"id":928,"date":"2024-03-21T15:46:24","date_gmt":"2024-03-21T14:46:24","guid":{"rendered":"https:\/\/atos-mvz.de\/koeln-junkersdorf\/?page_id=928"},"modified":"2024-05-25T15:56:14","modified_gmt":"2024-05-25T13:56:14","slug":"pascorbin","status":"publish","type":"page","link":"https:\/\/atos-mvz.de\/koeln-junkersdorf\/pascorbin\/","title":{"rendered":"Pascorbin"},"content":{"rendered":"\n<style type=\"text\/css\" data-created_by=\"avia_inline_auto\" id=\"style-css-av-gxz1s-2d1331b3e7547524e908f14222518baa\">\n.avia-section.av-gxz1s-2d1331b3e7547524e908f14222518baa{\nbackground-repeat:no-repeat;\nbackground-image:url(https:\/\/atos-mvz.de\/koeln-junkersdorf\/wp-content\/uploads\/sites\/31\/2024\/03\/koeln-junkerdorf.jpg);\nbackground-position:50% 50%;\nbackground-attachment:scroll;\n}\n.avia-section.av-gxz1s-2d1331b3e7547524e908f14222518baa .av-extra-border-element .av-extra-border-inner{\nbackground-color:#ffffff;\n}\n<\/style>\n<div id='header-img'  class='avia-section av-gxz1s-2d1331b3e7547524e908f14222518baa main_color avia-section-huge avia-no-border-styling  avia-builder-el-0  el_before_av_section  avia-builder-el-first  largeimg avia-full-stretch avia-bg-style-scroll container_wrap fullsize'  data-section-bg-repeat='stretch'><div class='container av-section-cont-open' ><main  role=\"main\" itemprop=\"mainContentOfPage\"  class='template-page content  av-content-full alpha units'><div class='post-entry post-entry-type-page post-entry-928'><div class='entry-content-wrapper clearfix'>\n<\/div><\/div><\/main><!-- close content main element --><\/div><div class='av-extra-border-element border-extra-diagonal border-extra-diagonal-inverse '><div class='av-extra-border-outer'><div class='av-extra-border-inner'><\/div><\/div><\/div><\/div>\n<style type=\"text\/css\" data-created_by=\"avia_inline_auto\" id=\"style-css-av-bwk6o-96e152dc7170866333ad1031f3995444\">\n.avia-section.av-bwk6o-96e152dc7170866333ad1031f3995444 .av-extra-border-element .av-extra-border-inner{\nbackground-color:#f1f0f5;\n}\n<\/style>\n<div id='av_section_2'  class='avia-section av-bwk6o-96e152dc7170866333ad1031f3995444 main_color avia-section-large avia-no-border-styling  avia-builder-el-1  el_after_av_section  avia-builder-el-last  avia-bg-style-scroll container_wrap fullsize'  ><div class='container av-section-cont-open' ><div class='template-page content  av-content-full alpha units'><div class='post-entry post-entry-type-page post-entry-928'><div class='entry-content-wrapper clearfix'>\n<div  class='flex_column av-lu9qhldp-2039a4e19ad996542bceedcca14dd88b av_four_fifth  avia-builder-el-2  avia-builder-el-no-sibling  first flex_column_div  '     ><section  class='av_textblock_section av-lu1cgfef-c80cc5eeef86efe3063d355bf01485b0 '   itemscope=\"itemscope\" itemtype=\"https:\/\/schema.org\/CreativeWork\" ><div class='avia_textblock'  itemprop=\"text\" ><h1><strong>Pascorbin<sup>\u00ae<\/sup><\/strong><\/h1>\n<\/div><\/section><br \/>\n\n<style type=\"text\/css\" data-created_by=\"avia_inline_auto\" id=\"style-css-av-lu1cgkji-bd7613b4d17300f828de137cf393ecf5\">\n#top .av-special-heading.av-lu1cgkji-bd7613b4d17300f828de137cf393ecf5{\npadding-bottom:10px;\n}\nbody .av-special-heading.av-lu1cgkji-bd7613b4d17300f828de137cf393ecf5 .av-special-heading-tag .heading-char{\nfont-size:25px;\n}\n.av-special-heading.av-lu1cgkji-bd7613b4d17300f828de137cf393ecf5 .av-subheading{\nfont-size:15px;\n}\n<\/style>\n<div  class='av-special-heading av-lu1cgkji-bd7613b4d17300f828de137cf393ecf5 av-special-heading-h2 blockquote modern-quote  avia-builder-el-4  el_after_av_textblock  el_before_av_textblock '><h2 class='av-special-heading-tag '  itemprop=\"headline\"  >Die Vorteile von Pascorbin\u00ae im \u00dcberblick<\/h2><div class=\"special-heading-border\"><div class=\"special-heading-inner-border\"><\/div><\/div><\/div><br \/>\n<section  class='av_textblock_section av-lu1ch1e3-8b9f2a558f8991b5a673513ee109f961 '   itemscope=\"itemscope\" itemtype=\"https:\/\/schema.org\/CreativeWork\" ><div class='avia_textblock'  itemprop=\"text\" ><ul>\n<li>Vitamin-C-Infusion in hoher Dosierung<\/li>\n<li>Pascorbin\u00ae wird direkt in den Blutkreislauf injiziert und sorgt f\u00fcr eine umgehende Versorgung mit hochdosiertem Vitamin C, schneller als dies durch Tabletten m\u00f6glich ist.<\/li>\n<li>Die Infusion ist f\u00fcr Personen ab 12 Jahren geeignet.<\/li>\n<\/ul>\n<\/div><\/section><br \/>\n\n<style type=\"text\/css\" data-created_by=\"avia_inline_auto\" id=\"style-css-av-lu1cha9a-25944c600d8c54f14295397bc13ee1f1\">\n#top .av-special-heading.av-lu1cha9a-25944c600d8c54f14295397bc13ee1f1{\npadding-bottom:10px;\n}\nbody .av-special-heading.av-lu1cha9a-25944c600d8c54f14295397bc13ee1f1 .av-special-heading-tag .heading-char{\nfont-size:25px;\n}\n.av-special-heading.av-lu1cha9a-25944c600d8c54f14295397bc13ee1f1 .av-subheading{\nfont-size:15px;\n}\n<\/style>\n<div  class='av-special-heading av-lu1cha9a-25944c600d8c54f14295397bc13ee1f1 av-special-heading-h2 blockquote modern-quote  avia-builder-el-6  el_after_av_textblock  el_before_av_textblock '><h2 class='av-special-heading-tag '  itemprop=\"headline\"  >Situationen, die einen erh\u00f6hten Vitamin-C-Bedarf anzeigen k\u00f6nnen:<\/h2><div class=\"special-heading-border\"><div class=\"special-heading-inner-border\"><\/div><\/div><\/div><br \/>\n<section  class='av_textblock_section av-lu1chkt2-252e75d3b975d1c29a3666fdec5c7b68 '   itemscope=\"itemscope\" itemtype=\"https:\/\/schema.org\/CreativeWork\" ><div class='avia_textblock'  itemprop=\"text\" ><ul>\n<li>Anhaltende oder wiederkehrende Infektionskrankheiten<\/li>\n<li>Chronische Entz\u00fcndungskrankheiten, beispielsweise Arthritis<\/li>\n<li>Malabsorptionssyndrome im Darm<\/li>\n<li>Postoperative Phasen<\/li>\n<\/ul>\n<\/div><\/section><br \/>\n\n<style type=\"text\/css\" data-created_by=\"avia_inline_auto\" id=\"style-css-av-lu1chqma-ed997b97deaf147f9890ca80a4017639\">\n#top .av-special-heading.av-lu1chqma-ed997b97deaf147f9890ca80a4017639{\npadding-bottom:10px;\n}\nbody .av-special-heading.av-lu1chqma-ed997b97deaf147f9890ca80a4017639 .av-special-heading-tag .heading-char{\nfont-size:25px;\n}\n.av-special-heading.av-lu1chqma-ed997b97deaf147f9890ca80a4017639 .av-subheading{\nfont-size:15px;\n}\n<\/style>\n<div  class='av-special-heading av-lu1chqma-ed997b97deaf147f9890ca80a4017639 av-special-heading-h2 blockquote modern-quote  avia-builder-el-8  el_after_av_textblock  el_before_av_textblock '><h2 class='av-special-heading-tag '  itemprop=\"headline\"  >Wirkmechanismus des aktiven Inhaltsstoffes:<\/h2><div class=\"special-heading-border\"><div class=\"special-heading-inner-border\"><\/div><\/div><\/div><br \/>\n<section  class='av_textblock_section av-lu1ci3og-ad794f6cbb9f91c9921ad3604d817677 '   itemscope=\"itemscope\" itemtype=\"https:\/\/schema.org\/CreativeWork\" ><div class='avia_textblock'  itemprop=\"text\" ><p>Das wasserl\u00f6sliche Vitamin C in Pascorbin\u00ae f\u00f6rdert die Immunabwehr durch Bek\u00e4mpfung von Krankheitserregern und eliminiert aggressive Oxidationsprodukte wie freie Radikale, was den Verlauf von leichteren Atemwegserkrankungen mildern kann. Es f\u00f6rdert die Blutgerinnung, kontrolliert die Toxizit\u00e4t von Schwermetallen und verbessert die Eisenabsorption aus dem Darm. Dar\u00fcber hinaus wirkt Vitamin C als S\u00e4urepuffer und erh\u00f6ht die Magenvertr\u00e4glichkeit von Arzneimitteln.<\/p>\n<\/div><\/section><\/p><\/div>\n","protected":false},"excerpt":{"rendered":"","protected":false},"author":1,"featured_media":0,"parent":0,"menu_order":0,"comment_status":"closed","ping_status":"closed","template":"","meta":{"footnotes":""},"class_list":["post-928","page","type-page","status-publish","hentry"],"yoast_head":"<!-- This site is optimized with the Yoast SEO plugin v27.3 - https:\/\/yoast.com\/product\/yoast-seo-wordpress\/ -->\n<title>Pascorbin - ATOS Praxis K\u00f6ln Junkersdorf<\/title>\n<meta name=\"description\" content=\"Das wasserl\u00f6sliche Vitamin C in Pascorbin\u00ae f\u00f6rdert die Immunabwehr bei der Bek\u00e4mpfung von Krankheitserregern und eliminiert freie Radikale\" \/>\n<meta name=\"robots\" content=\"index, follow, max-snippet:-1, max-image-preview:large, max-video-preview:-1\" \/>\n<link rel=\"canonical\" href=\"https:\/\/atos-mvz.de\/koeln-junkersdorf\/pascorbin\/\" \/>\n<meta property=\"og:locale\" content=\"de_DE\" \/>\n<meta property=\"og:type\" content=\"article\" \/>\n<meta property=\"og:title\" content=\"Pascorbin - ATOS Praxis K\u00f6ln Junkersdorf\" \/>\n<meta property=\"og:description\" content=\"Das wasserl\u00f6sliche Vitamin C in Pascorbin\u00ae f\u00f6rdert die Immunabwehr bei der Bek\u00e4mpfung von Krankheitserregern und eliminiert freie Radikale\" \/>\n<meta property=\"og:url\" content=\"https:\/\/atos-mvz.de\/koeln-junkersdorf\/pascorbin\/\" \/>\n<meta property=\"og:site_name\" content=\"ATOS Praxis K\u00f6ln Junkersdorf\" \/>\n<meta property=\"article:modified_time\" content=\"2024-05-25T13:56:14+00:00\" \/>\n<meta name=\"twitter:card\" content=\"summary_large_image\" \/>\n<script type=\"application\/ld+json\" class=\"yoast-schema-graph\">{\"@context\":\"https:\\\/\\\/schema.org\",\"@graph\":[{\"@type\":\"WebPage\",\"@id\":\"https:\\\/\\\/atos-mvz.de\\\/koeln-junkersdorf\\\/pascorbin\\\/\",\"url\":\"https:\\\/\\\/atos-mvz.de\\\/koeln-junkersdorf\\\/pascorbin\\\/\",\"name\":\"Pascorbin - ATOS Praxis K\u00f6ln Junkersdorf\",\"isPartOf\":{\"@id\":\"https:\\\/\\\/atos-mvz.de\\\/koeln-junkersdorf\\\/#website\"},\"datePublished\":\"2024-03-21T14:46:24+00:00\",\"dateModified\":\"2024-05-25T13:56:14+00:00\",\"description\":\"Das wasserl\u00f6sliche Vitamin C in Pascorbin\u00ae f\u00f6rdert die Immunabwehr bei der Bek\u00e4mpfung von Krankheitserregern und eliminiert freie Radikale\",\"breadcrumb\":{\"@id\":\"https:\\\/\\\/atos-mvz.de\\\/koeln-junkersdorf\\\/pascorbin\\\/#breadcrumb\"},\"inLanguage\":\"de\",\"potentialAction\":[{\"@type\":\"ReadAction\",\"target\":[\"https:\\\/\\\/atos-mvz.de\\\/koeln-junkersdorf\\\/pascorbin\\\/\"]}]},{\"@type\":\"BreadcrumbList\",\"@id\":\"https:\\\/\\\/atos-mvz.de\\\/koeln-junkersdorf\\\/pascorbin\\\/#breadcrumb\",\"itemListElement\":[{\"@type\":\"ListItem\",\"position\":1,\"name\":\"Startseite\",\"item\":\"https:\\\/\\\/atos-mvz.de\\\/koeln-junkersdorf\\\/startseite\\\/\"},{\"@type\":\"ListItem\",\"position\":2,\"name\":\"Pascorbin\"}]},{\"@type\":\"WebSite\",\"@id\":\"https:\\\/\\\/atos-mvz.de\\\/koeln-junkersdorf\\\/#website\",\"url\":\"https:\\\/\\\/atos-mvz.de\\\/koeln-junkersdorf\\\/\",\"name\":\"ATOS Praxis K\u00f6ln Junkersdorf\",\"description\":\"\",\"potentialAction\":[{\"@type\":\"SearchAction\",\"target\":{\"@type\":\"EntryPoint\",\"urlTemplate\":\"https:\\\/\\\/atos-mvz.de\\\/koeln-junkersdorf\\\/?s={search_term_string}\"},\"query-input\":{\"@type\":\"PropertyValueSpecification\",\"valueRequired\":true,\"valueName\":\"search_term_string\"}}],\"inLanguage\":\"de\"}]}<\/script>\n<!-- \/ Yoast SEO plugin. -->","yoast_head_json":{"title":"Pascorbin - ATOS Praxis K\u00f6ln Junkersdorf","description":"Das wasserl\u00f6sliche Vitamin C in Pascorbin\u00ae f\u00f6rdert die Immunabwehr bei der Bek\u00e4mpfung von Krankheitserregern und eliminiert freie Radikale","robots":{"index":"index","follow":"follow","max-snippet":"max-snippet:-1","max-image-preview":"max-image-preview:large","max-video-preview":"max-video-preview:-1"},"canonical":"https:\/\/atos-mvz.de\/koeln-junkersdorf\/pascorbin\/","og_locale":"de_DE","og_type":"article","og_title":"Pascorbin - ATOS Praxis K\u00f6ln Junkersdorf","og_description":"Das wasserl\u00f6sliche Vitamin C in Pascorbin\u00ae f\u00f6rdert die Immunabwehr bei der Bek\u00e4mpfung von Krankheitserregern und eliminiert freie Radikale","og_url":"https:\/\/atos-mvz.de\/koeln-junkersdorf\/pascorbin\/","og_site_name":"ATOS Praxis K\u00f6ln Junkersdorf","article_modified_time":"2024-05-25T13:56:14+00:00","twitter_card":"summary_large_image","schema":{"@context":"https:\/\/schema.org","@graph":[{"@type":"WebPage","@id":"https:\/\/atos-mvz.de\/koeln-junkersdorf\/pascorbin\/","url":"https:\/\/atos-mvz.de\/koeln-junkersdorf\/pascorbin\/","name":"Pascorbin - ATOS Praxis K\u00f6ln Junkersdorf","isPartOf":{"@id":"https:\/\/atos-mvz.de\/koeln-junkersdorf\/#website"},"datePublished":"2024-03-21T14:46:24+00:00","dateModified":"2024-05-25T13:56:14+00:00","description":"Das wasserl\u00f6sliche Vitamin C in Pascorbin\u00ae f\u00f6rdert die Immunabwehr bei der Bek\u00e4mpfung von Krankheitserregern und eliminiert freie Radikale","breadcrumb":{"@id":"https:\/\/atos-mvz.de\/koeln-junkersdorf\/pascorbin\/#breadcrumb"},"inLanguage":"de","potentialAction":[{"@type":"ReadAction","target":["https:\/\/atos-mvz.de\/koeln-junkersdorf\/pascorbin\/"]}]},{"@type":"BreadcrumbList","@id":"https:\/\/atos-mvz.de\/koeln-junkersdorf\/pascorbin\/#breadcrumb","itemListElement":[{"@type":"ListItem","position":1,"name":"Startseite","item":"https:\/\/atos-mvz.de\/koeln-junkersdorf\/startseite\/"},{"@type":"ListItem","position":2,"name":"Pascorbin"}]},{"@type":"WebSite","@id":"https:\/\/atos-mvz.de\/koeln-junkersdorf\/#website","url":"https:\/\/atos-mvz.de\/koeln-junkersdorf\/","name":"ATOS Praxis K\u00f6ln Junkersdorf","description":"","potentialAction":[{"@type":"SearchAction","target":{"@type":"EntryPoint","urlTemplate":"https:\/\/atos-mvz.de\/koeln-junkersdorf\/?s={search_term_string}"},"query-input":{"@type":"PropertyValueSpecification","valueRequired":true,"valueName":"search_term_string"}}],"inLanguage":"de"}]}},"_links":{"self":[{"href":"https:\/\/atos-mvz.de\/koeln-junkersdorf\/wp-json\/wp\/v2\/pages\/928","targetHints":{"allow":["GET"]}}],"collection":[{"href":"https:\/\/atos-mvz.de\/koeln-junkersdorf\/wp-json\/wp\/v2\/pages"}],"about":[{"href":"https:\/\/atos-mvz.de\/koeln-junkersdorf\/wp-json\/wp\/v2\/types\/page"}],"author":[{"embeddable":true,"href":"https:\/\/atos-mvz.de\/koeln-junkersdorf\/wp-json\/wp\/v2\/users\/1"}],"replies":[{"embeddable":true,"href":"https:\/\/atos-mvz.de\/koeln-junkersdorf\/wp-json\/wp\/v2\/comments?post=928"}],"version-history":[{"count":11,"href":"https:\/\/atos-mvz.de\/koeln-junkersdorf\/wp-json\/wp\/v2\/pages\/928\/revisions"}],"predecessor-version":[{"id":1343,"href":"https:\/\/atos-mvz.de\/koeln-junkersdorf\/wp-json\/wp\/v2\/pages\/928\/revisions\/1343"}],"wp:attachment":[{"href":"https:\/\/atos-mvz.de\/koeln-junkersdorf\/wp-json\/wp\/v2\/media?parent=928"}],"curies":[{"name":"wp","href":"https:\/\/api.w.org\/{rel}","templated":true}]}}