{"id":925,"date":"2024-03-21T15:43:38","date_gmt":"2024-03-21T14:43:38","guid":{"rendered":"https:\/\/atos-mvz.de\/koeln-junkersdorf\/?page_id=925"},"modified":"2024-05-25T15:09:33","modified_gmt":"2024-05-25T13:09:33","slug":"kortison-spritze","status":"publish","type":"page","link":"https:\/\/atos-mvz.de\/koeln-junkersdorf\/kortison-spritze\/","title":{"rendered":"Kortison-Spritze"},"content":{"rendered":"\n<style type=\"text\/css\" data-created_by=\"avia_inline_auto\" id=\"style-css-av-fdrwd-f9c06ed144811eb46d49e76532077cd7\">\n.avia-section.av-fdrwd-f9c06ed144811eb46d49e76532077cd7{\nbackground-repeat:no-repeat;\nbackground-image:url(https:\/\/atos-mvz.de\/koeln-junkersdorf\/wp-content\/uploads\/sites\/31\/2024\/03\/koeln-junkerdorf.jpg);\nbackground-position:50% 50%;\nbackground-attachment:scroll;\n}\n.avia-section.av-fdrwd-f9c06ed144811eb46d49e76532077cd7 .av-extra-border-element .av-extra-border-inner{\nbackground-color:#ffffff;\n}\n<\/style>\n<div id='header-img'  class='avia-section av-fdrwd-f9c06ed144811eb46d49e76532077cd7 main_color avia-section-huge avia-no-border-styling  avia-builder-el-0  el_before_av_section  avia-builder-el-first  largeimg avia-full-stretch avia-bg-style-scroll container_wrap fullsize'  data-section-bg-repeat='stretch'><div class='container av-section-cont-open' ><main  role=\"main\" itemprop=\"mainContentOfPage\"  class='template-page content  av-content-full alpha units'><div class='post-entry post-entry-type-page post-entry-925'><div class='entry-content-wrapper clearfix'>\n<\/div><\/div><\/main><!-- close content main element --><\/div><div class='av-extra-border-element border-extra-diagonal border-extra-diagonal-inverse '><div class='av-extra-border-outer'><div class='av-extra-border-inner'><\/div><\/div><\/div><\/div>\n<style type=\"text\/css\" data-created_by=\"avia_inline_auto\" id=\"style-css-av-936hp-104a48811d95016d8e640b49c4d9e172\">\n.avia-section.av-936hp-104a48811d95016d8e640b49c4d9e172 .av-extra-border-element .av-extra-border-inner{\nbackground-color:#f1f0f5;\n}\n<\/style>\n<div id='av_section_2'  class='avia-section av-936hp-104a48811d95016d8e640b49c4d9e172 main_color avia-section-large avia-no-border-styling  avia-builder-el-1  el_after_av_section  avia-builder-el-last  avia-bg-style-scroll container_wrap fullsize'  ><div class='container av-section-cont-open' ><div class='template-page content  av-content-full alpha units'><div class='post-entry post-entry-type-page post-entry-925'><div class='entry-content-wrapper clearfix'>\n<div  class='flex_column av-82bbx-73f25124798d880ca644fadf20548ef8 av_four_fifth  avia-builder-el-2  avia-builder-el-no-sibling  first flex_column_div  '     ><section  class='av_textblock_section av-lu1ccec3-a767c28ead1bcc1c47f2ab2cc700f390 '   itemscope=\"itemscope\" itemtype=\"https:\/\/schema.org\/CreativeWork\" ><div class='avia_textblock'  itemprop=\"text\" ><h1><strong>Kortison-Spritze<\/strong><\/h1>\n<\/div><\/section><br \/>\n\n<style type=\"text\/css\" data-created_by=\"avia_inline_auto\" id=\"style-css-av-lu1cculz-8442cf3e825c35d92026dbc571740371\">\n#top .av-special-heading.av-lu1cculz-8442cf3e825c35d92026dbc571740371{\npadding-bottom:10px;\n}\nbody .av-special-heading.av-lu1cculz-8442cf3e825c35d92026dbc571740371 .av-special-heading-tag .heading-char{\nfont-size:25px;\n}\n.av-special-heading.av-lu1cculz-8442cf3e825c35d92026dbc571740371 .av-subheading{\nfont-size:15px;\n}\n<\/style>\n<div  class='av-special-heading av-lu1cculz-8442cf3e825c35d92026dbc571740371 av-special-heading-h2 blockquote modern-quote  avia-builder-el-4  el_after_av_textblock  el_before_av_textblock '><h2 class='av-special-heading-tag '  itemprop=\"headline\"  >Behandlung mit Kortison bei Gelenkentz\u00fcndungen<\/h2><div class=\"special-heading-border\"><div class=\"special-heading-inner-border\"><\/div><\/div><\/div><br \/>\n<section  class='av_textblock_section av-lu1cd0no-c1fe5a19c1d40e4edf4023b5df431e5f '   itemscope=\"itemscope\" itemtype=\"https:\/\/schema.org\/CreativeWork\" ><div class='avia_textblock'  itemprop=\"text\" ><p>Kortisoninjektionen werden zur Linderung von Entz\u00fcndungen und Schmerzen in betroffenen Gelenken wie den Knien oder der Schulter angewendet. Diese Injektionen zielen darauf ab, die Entz\u00fcndungsprozesse zu minimieren, was indirekt zur Schmerzreduktion beitr\u00e4gt.<\/p>\n<\/div><\/section><br \/>\n\n<style type=\"text\/css\" data-created_by=\"avia_inline_auto\" id=\"style-css-av-lu1cd76y-26cb9857bb12c26cd6ce3d74f1fe8ecf\">\n#top .av-special-heading.av-lu1cd76y-26cb9857bb12c26cd6ce3d74f1fe8ecf{\npadding-bottom:10px;\n}\nbody .av-special-heading.av-lu1cd76y-26cb9857bb12c26cd6ce3d74f1fe8ecf .av-special-heading-tag .heading-char{\nfont-size:25px;\n}\n.av-special-heading.av-lu1cd76y-26cb9857bb12c26cd6ce3d74f1fe8ecf .av-subheading{\nfont-size:15px;\n}\n<\/style>\n<div  class='av-special-heading av-lu1cd76y-26cb9857bb12c26cd6ce3d74f1fe8ecf av-special-heading-h2 blockquote modern-quote  avia-builder-el-6  el_after_av_textblock  el_before_av_textblock '><h2 class='av-special-heading-tag '  itemprop=\"headline\"  >Potenzielle Risiken und Nebenwirkungen<\/h2><div class=\"special-heading-border\"><div class=\"special-heading-inner-border\"><\/div><\/div><\/div><br \/>\n<section  class='av_textblock_section av-lu1cdltn-e11c1d2b56a0492db71f1239d6765267 '   itemscope=\"itemscope\" itemtype=\"https:\/\/schema.org\/CreativeWork\" ><div class='avia_textblock'  itemprop=\"text\" ><p>Die Einhaltung strenger Hygienema\u00dfnahmen ist kritisch, um Infektionsrisiken zu vermeiden. M\u00f6gliche Komplikationen umfassen Sch\u00e4digungen von Nerven, R\u00fcckbildung von Gewebe, Hautverf\u00e4rbungen und Reaktionen im Gelenkbereich. Flush, vor\u00fcbergehender Anstieg des Blutdrucks und bei Diabetikern ein zeitweiliger Anstieg des Blutzuckerspiegels geh\u00f6ren zu den m\u00f6glichen Nebenwirkungen. Es besteht auch ein geringes Risiko f\u00fcr allergische Reaktionen.<\/p>\n<\/div><\/section><br \/>\n\n<style type=\"text\/css\" data-created_by=\"avia_inline_auto\" id=\"style-css-av-lu1cdtah-5ef03d26fe3a55c4f4c07870693c879b\">\n#top .av-special-heading.av-lu1cdtah-5ef03d26fe3a55c4f4c07870693c879b{\npadding-bottom:10px;\n}\nbody .av-special-heading.av-lu1cdtah-5ef03d26fe3a55c4f4c07870693c879b .av-special-heading-tag .heading-char{\nfont-size:25px;\n}\n.av-special-heading.av-lu1cdtah-5ef03d26fe3a55c4f4c07870693c879b .av-subheading{\nfont-size:15px;\n}\n<\/style>\n<div  class='av-special-heading av-lu1cdtah-5ef03d26fe3a55c4f4c07870693c879b av-special-heading-h2 blockquote modern-quote  avia-builder-el-8  el_after_av_textblock  el_before_av_textblock '><h2 class='av-special-heading-tag '  itemprop=\"headline\"  >Schlussfolgerung<\/h2><div class=\"special-heading-border\"><div class=\"special-heading-inner-border\"><\/div><\/div><\/div><br \/>\n<section  class='av_textblock_section av-lu1ce0bs-87cb251a38fcb06a43e43b2a691a88c6 '   itemscope=\"itemscope\" itemtype=\"https:\/\/schema.org\/CreativeWork\" ><div class='avia_textblock'  itemprop=\"text\" ><p>Obwohl Kortisonspritzen bei der Behandlung von Gelenkproblemen wirkungsvoll sein k\u00f6nnen, ist eine gr\u00fcndliche Bewertung der Vor- und Nachteile notwendig.<\/p>\n<\/div><\/section><br \/>\n\n<style type=\"text\/css\" data-created_by=\"avia_inline_auto\" id=\"style-css-av-lu1cebsm-f1cbe3fa0009f439c23dd319aaf70d91\">\n#top .av-special-heading.av-lu1cebsm-f1cbe3fa0009f439c23dd319aaf70d91{\npadding-bottom:10px;\n}\nbody .av-special-heading.av-lu1cebsm-f1cbe3fa0009f439c23dd319aaf70d91 .av-special-heading-tag .heading-char{\nfont-size:25px;\n}\n.av-special-heading.av-lu1cebsm-f1cbe3fa0009f439c23dd319aaf70d91 .av-subheading{\nfont-size:15px;\n}\n<\/style>\n<div  class='av-special-heading av-lu1cebsm-f1cbe3fa0009f439c23dd319aaf70d91 av-special-heading-h2 blockquote modern-quote  avia-builder-el-10  el_after_av_textblock  el_before_av_textblock '><h2 class='av-special-heading-tag '  itemprop=\"headline\"  >Weitere Informationen<\/h2><div class=\"special-heading-border\"><div class=\"special-heading-inner-border\"><\/div><\/div><\/div><br \/>\n<section  class='av_textblock_section av-lu1cejgp-aca81953ba5ee7b34d0e8043725fb047 '   itemscope=\"itemscope\" itemtype=\"https:\/\/schema.org\/CreativeWork\" ><div class='avia_textblock'  itemprop=\"text\" ><p>Diese Therapie wird f\u00fcr schnelle Schmerzerleichterung eingesetzt und kann bei verschiedenen Gelenkbeschwerden hilfreich sein. Nach der Behandlung ist es m\u00f6glich, dass Patienten vor\u00fcbergehende Taubheitsgef\u00fchle erleben. In den darauf folgenden Tagen sollte das behandelte Gelenk geschont werden. Wiederholte Injektionen sollten vermieden werden, wenn keine deutliche Verbesserung durch die ersten Anwendungen erkennbar ist.<\/p>\n<\/div><\/section><\/p><\/div>\n","protected":false},"excerpt":{"rendered":"","protected":false},"author":1,"featured_media":0,"parent":0,"menu_order":0,"comment_status":"closed","ping_status":"closed","template":"","meta":{"footnotes":""},"class_list":["post-925","page","type-page","status-publish","hentry"],"yoast_head":"<!-- This site is optimized with the Yoast SEO plugin v27.2 - https:\/\/yoast.com\/product\/yoast-seo-wordpress\/ -->\n<title>Kortison-Spritze - ATOS Praxis K\u00f6ln Junkersdorf<\/title>\n<meta name=\"description\" content=\"Kortisoninjektionen werden zur Linderung von Entz\u00fcndungen und Schmerzen in betroffenen Gelenken wie den Knien oder der Schulter angewendet.\" \/>\n<meta name=\"robots\" content=\"index, follow, max-snippet:-1, max-image-preview:large, max-video-preview:-1\" \/>\n<link rel=\"canonical\" href=\"https:\/\/atos-mvz.de\/koeln-junkersdorf\/kortison-spritze\/\" \/>\n<meta property=\"og:locale\" content=\"de_DE\" \/>\n<meta property=\"og:type\" content=\"article\" \/>\n<meta property=\"og:title\" content=\"Kortison-Spritze - ATOS Praxis K\u00f6ln Junkersdorf\" \/>\n<meta property=\"og:description\" content=\"Kortisoninjektionen werden zur Linderung von Entz\u00fcndungen und Schmerzen in betroffenen Gelenken wie den Knien oder der Schulter angewendet.\" \/>\n<meta property=\"og:url\" content=\"https:\/\/atos-mvz.de\/koeln-junkersdorf\/kortison-spritze\/\" \/>\n<meta property=\"og:site_name\" content=\"ATOS Praxis K\u00f6ln Junkersdorf\" \/>\n<meta property=\"article:modified_time\" content=\"2024-05-25T13:09:33+00:00\" \/>\n<meta name=\"twitter:card\" content=\"summary_large_image\" \/>\n<script type=\"application\/ld+json\" class=\"yoast-schema-graph\">{\"@context\":\"https:\/\/schema.org\",\"@graph\":[{\"@type\":\"WebPage\",\"@id\":\"https:\/\/atos-mvz.de\/koeln-junkersdorf\/kortison-spritze\/\",\"url\":\"https:\/\/atos-mvz.de\/koeln-junkersdorf\/kortison-spritze\/\",\"name\":\"Kortison-Spritze - ATOS Praxis K\u00f6ln Junkersdorf\",\"isPartOf\":{\"@id\":\"https:\/\/atos-mvz.de\/koeln-junkersdorf\/#website\"},\"datePublished\":\"2024-03-21T14:43:38+00:00\",\"dateModified\":\"2024-05-25T13:09:33+00:00\",\"description\":\"Kortisoninjektionen werden zur Linderung von Entz\u00fcndungen und Schmerzen in betroffenen Gelenken wie den Knien oder der Schulter angewendet.\",\"breadcrumb\":{\"@id\":\"https:\/\/atos-mvz.de\/koeln-junkersdorf\/kortison-spritze\/#breadcrumb\"},\"inLanguage\":\"de\",\"potentialAction\":[{\"@type\":\"ReadAction\",\"target\":[\"https:\/\/atos-mvz.de\/koeln-junkersdorf\/kortison-spritze\/\"]}]},{\"@type\":\"BreadcrumbList\",\"@id\":\"https:\/\/atos-mvz.de\/koeln-junkersdorf\/kortison-spritze\/#breadcrumb\",\"itemListElement\":[{\"@type\":\"ListItem\",\"position\":1,\"name\":\"Startseite\",\"item\":\"https:\/\/atos-mvz.de\/koeln-junkersdorf\/startseite\/\"},{\"@type\":\"ListItem\",\"position\":2,\"name\":\"Kortison-Spritze\"}]},{\"@type\":\"WebSite\",\"@id\":\"https:\/\/atos-mvz.de\/koeln-junkersdorf\/#website\",\"url\":\"https:\/\/atos-mvz.de\/koeln-junkersdorf\/\",\"name\":\"ATOS Praxis K\u00f6ln Junkersdorf\",\"description\":\"\",\"potentialAction\":[{\"@type\":\"SearchAction\",\"target\":{\"@type\":\"EntryPoint\",\"urlTemplate\":\"https:\/\/atos-mvz.de\/koeln-junkersdorf\/?s={search_term_string}\"},\"query-input\":{\"@type\":\"PropertyValueSpecification\",\"valueRequired\":true,\"valueName\":\"search_term_string\"}}],\"inLanguage\":\"de\"}]}<\/script>\n<!-- \/ Yoast SEO plugin. -->","yoast_head_json":{"title":"Kortison-Spritze - ATOS Praxis K\u00f6ln Junkersdorf","description":"Kortisoninjektionen werden zur Linderung von Entz\u00fcndungen und Schmerzen in betroffenen Gelenken wie den Knien oder der Schulter angewendet.","robots":{"index":"index","follow":"follow","max-snippet":"max-snippet:-1","max-image-preview":"max-image-preview:large","max-video-preview":"max-video-preview:-1"},"canonical":"https:\/\/atos-mvz.de\/koeln-junkersdorf\/kortison-spritze\/","og_locale":"de_DE","og_type":"article","og_title":"Kortison-Spritze - ATOS Praxis K\u00f6ln Junkersdorf","og_description":"Kortisoninjektionen werden zur Linderung von Entz\u00fcndungen und Schmerzen in betroffenen Gelenken wie den Knien oder der Schulter angewendet.","og_url":"https:\/\/atos-mvz.de\/koeln-junkersdorf\/kortison-spritze\/","og_site_name":"ATOS Praxis K\u00f6ln Junkersdorf","article_modified_time":"2024-05-25T13:09:33+00:00","twitter_card":"summary_large_image","schema":{"@context":"https:\/\/schema.org","@graph":[{"@type":"WebPage","@id":"https:\/\/atos-mvz.de\/koeln-junkersdorf\/kortison-spritze\/","url":"https:\/\/atos-mvz.de\/koeln-junkersdorf\/kortison-spritze\/","name":"Kortison-Spritze - ATOS Praxis K\u00f6ln Junkersdorf","isPartOf":{"@id":"https:\/\/atos-mvz.de\/koeln-junkersdorf\/#website"},"datePublished":"2024-03-21T14:43:38+00:00","dateModified":"2024-05-25T13:09:33+00:00","description":"Kortisoninjektionen werden zur Linderung von Entz\u00fcndungen und Schmerzen in betroffenen Gelenken wie den Knien oder der Schulter angewendet.","breadcrumb":{"@id":"https:\/\/atos-mvz.de\/koeln-junkersdorf\/kortison-spritze\/#breadcrumb"},"inLanguage":"de","potentialAction":[{"@type":"ReadAction","target":["https:\/\/atos-mvz.de\/koeln-junkersdorf\/kortison-spritze\/"]}]},{"@type":"BreadcrumbList","@id":"https:\/\/atos-mvz.de\/koeln-junkersdorf\/kortison-spritze\/#breadcrumb","itemListElement":[{"@type":"ListItem","position":1,"name":"Startseite","item":"https:\/\/atos-mvz.de\/koeln-junkersdorf\/startseite\/"},{"@type":"ListItem","position":2,"name":"Kortison-Spritze"}]},{"@type":"WebSite","@id":"https:\/\/atos-mvz.de\/koeln-junkersdorf\/#website","url":"https:\/\/atos-mvz.de\/koeln-junkersdorf\/","name":"ATOS Praxis K\u00f6ln Junkersdorf","description":"","potentialAction":[{"@type":"SearchAction","target":{"@type":"EntryPoint","urlTemplate":"https:\/\/atos-mvz.de\/koeln-junkersdorf\/?s={search_term_string}"},"query-input":{"@type":"PropertyValueSpecification","valueRequired":true,"valueName":"search_term_string"}}],"inLanguage":"de"}]}},"_links":{"self":[{"href":"https:\/\/atos-mvz.de\/koeln-junkersdorf\/wp-json\/wp\/v2\/pages\/925","targetHints":{"allow":["GET"]}}],"collection":[{"href":"https:\/\/atos-mvz.de\/koeln-junkersdorf\/wp-json\/wp\/v2\/pages"}],"about":[{"href":"https:\/\/atos-mvz.de\/koeln-junkersdorf\/wp-json\/wp\/v2\/types\/page"}],"author":[{"embeddable":true,"href":"https:\/\/atos-mvz.de\/koeln-junkersdorf\/wp-json\/wp\/v2\/users\/1"}],"replies":[{"embeddable":true,"href":"https:\/\/atos-mvz.de\/koeln-junkersdorf\/wp-json\/wp\/v2\/comments?post=925"}],"version-history":[{"count":9,"href":"https:\/\/atos-mvz.de\/koeln-junkersdorf\/wp-json\/wp\/v2\/pages\/925\/revisions"}],"predecessor-version":[{"id":1339,"href":"https:\/\/atos-mvz.de\/koeln-junkersdorf\/wp-json\/wp\/v2\/pages\/925\/revisions\/1339"}],"wp:attachment":[{"href":"https:\/\/atos-mvz.de\/koeln-junkersdorf\/wp-json\/wp\/v2\/media?parent=925"}],"curies":[{"name":"wp","href":"https:\/\/api.w.org\/{rel}","templated":true}]}}