{"id":317,"date":"2021-01-29T14:12:29","date_gmt":"2021-01-29T13:12:29","guid":{"rendered":"https:\/\/atos-mvz.de\/koeln-junkersdorf\/?page_id=317"},"modified":"2024-05-25T14:36:51","modified_gmt":"2024-05-25T12:36:51","slug":"acp-therapie","status":"publish","type":"page","link":"https:\/\/atos-mvz.de\/koeln-junkersdorf\/acp-therapie\/","title":{"rendered":"ACP-Therapie"},"content":{"rendered":"\n<style type=\"text\/css\" data-created_by=\"avia_inline_auto\" id=\"style-css-av-kkfaterk-915c885cfcf9d21ae1a2b41c4fbee305\">\n.avia-section.av-kkfaterk-915c885cfcf9d21ae1a2b41c4fbee305{\nbackground-repeat:no-repeat;\nbackground-image:url(https:\/\/atos-mvz.de\/koeln-junkersdorf\/wp-content\/uploads\/sites\/31\/2024\/03\/koeln-junkerdorf.jpg);\nbackground-position:50% 50%;\nbackground-attachment:scroll;\n}\n.avia-section.av-kkfaterk-915c885cfcf9d21ae1a2b41c4fbee305 .av-extra-border-element .av-extra-border-inner{\nbackground-color:#ffffff;\n}\n<\/style>\n<div id='header-img'  class='avia-section av-kkfaterk-915c885cfcf9d21ae1a2b41c4fbee305 main_color avia-section-huge avia-no-border-styling  avia-builder-el-0  el_before_av_section  avia-builder-el-first  largeimg avia-full-stretch avia-bg-style-scroll container_wrap fullsize'  data-section-bg-repeat='stretch'><div class='container av-section-cont-open' ><main  role=\"main\" itemprop=\"mainContentOfPage\"  class='template-page content  av-content-full alpha units'><div class='post-entry post-entry-type-page post-entry-317'><div class='entry-content-wrapper clearfix'>\n<\/div><\/div><\/main><!-- close content main element --><\/div><div class='av-extra-border-element border-extra-diagonal border-extra-diagonal-inverse '><div class='av-extra-border-outer'><div class='av-extra-border-inner'><\/div><\/div><\/div><\/div>\n<style type=\"text\/css\" data-created_by=\"avia_inline_auto\" id=\"style-css-av-16773-4202c268c0423d7c3b780fa3935de1b2\">\n.avia-section.av-16773-4202c268c0423d7c3b780fa3935de1b2 .av-extra-border-element .av-extra-border-inner{\nbackground-color:#f1f0f5;\n}\n<\/style>\n<div id='av_section_2'  class='avia-section av-16773-4202c268c0423d7c3b780fa3935de1b2 main_color avia-section-large avia-no-border-styling  avia-builder-el-1  el_after_av_section  avia-builder-el-last  avia-bg-style-scroll container_wrap fullsize'  ><div class='container av-section-cont-open' ><div class='template-page content  av-content-full alpha units'><div class='post-entry post-entry-type-page post-entry-317'><div class='entry-content-wrapper clearfix'>\n<div  class='flex_column av-lu9q74ni-ac1c1d3660d372ac02fc09b76b39a0fc av_four_fifth  avia-builder-el-2  avia-builder-el-no-sibling  first flex_column_div  '     ><section  class='av_textblock_section av-kkfavlr5-b9e1d62097ba07f406d76d24a226c675 '   itemscope=\"itemscope\" itemtype=\"https:\/\/schema.org\/CreativeWork\" ><div class='avia_textblock'  itemprop=\"text\" ><h1>ACP-Therapie<\/h1>\n<\/div><\/section><br \/>\n\n<style type=\"text\/css\" data-created_by=\"avia_inline_auto\" id=\"style-css-av-lu1c19gf-77a447bf79a2b2bf69b71942eea404d8\">\n#top .av-special-heading.av-lu1c19gf-77a447bf79a2b2bf69b71942eea404d8{\npadding-bottom:10px;\n}\nbody .av-special-heading.av-lu1c19gf-77a447bf79a2b2bf69b71942eea404d8 .av-special-heading-tag .heading-char{\nfont-size:25px;\n}\n.av-special-heading.av-lu1c19gf-77a447bf79a2b2bf69b71942eea404d8 .av-subheading{\nfont-size:15px;\n}\n<\/style>\n<div  class='av-special-heading av-lu1c19gf-77a447bf79a2b2bf69b71942eea404d8 av-special-heading-h2 blockquote modern-quote  avia-builder-el-4  el_after_av_textblock  el_before_av_textblock '><h2 class='av-special-heading-tag '  itemprop=\"headline\"  >Grundlagen der ACP-Behandlung<\/h2><div class=\"special-heading-border\"><div class=\"special-heading-inner-border\"><\/div><\/div><\/div><br \/>\n<section  class='av_textblock_section av-go9t9-9d7c3890de19f87f5589da77e2765e5e '   itemscope=\"itemscope\" itemtype=\"https:\/\/schema.org\/CreativeWork\" ><div class='avia_textblock'  itemprop=\"text\" ><p>Autologes konditioniertes Plasma, kurz ACP, bezeichnet eine fortschrittliche Behandlungsmethode in der regenerativen Medizin, die patienteneigenes Blutplasma nutzt, um Heilungsprozesse im K\u00f6rper auf nat\u00fcrliche Weise zu verst\u00e4rken.<\/p>\n<\/div><\/section><br \/>\n\n<style type=\"text\/css\" data-created_by=\"avia_inline_auto\" id=\"style-css-av-lu1c1ko1-79d7645631bd77c2fed0b0f3e6cfcab7\">\n#top .av-special-heading.av-lu1c1ko1-79d7645631bd77c2fed0b0f3e6cfcab7{\npadding-bottom:10px;\n}\nbody .av-special-heading.av-lu1c1ko1-79d7645631bd77c2fed0b0f3e6cfcab7 .av-special-heading-tag .heading-char{\nfont-size:25px;\n}\n.av-special-heading.av-lu1c1ko1-79d7645631bd77c2fed0b0f3e6cfcab7 .av-subheading{\nfont-size:15px;\n}\n<\/style>\n<div  class='av-special-heading av-lu1c1ko1-79d7645631bd77c2fed0b0f3e6cfcab7 av-special-heading-h2 blockquote modern-quote  avia-builder-el-6  el_after_av_textblock  el_before_av_textblock '><h2 class='av-special-heading-tag '  itemprop=\"headline\"  >Einsatzgebiete<\/h2><div class=\"special-heading-border\"><div class=\"special-heading-inner-border\"><\/div><\/div><\/div><br \/>\n<section  class='av_textblock_section av-34wd-53bd6ab418a0974580427e5ca1ded541 '   itemscope=\"itemscope\" itemtype=\"https:\/\/schema.org\/CreativeWork\" ><div class='avia_textblock'  itemprop=\"text\" ><p>Diese Therapieform wird vor allem in der Orthop\u00e4die bei Zust\u00e4nden wie Arthrose, Tendinitis und Muskelverletzungen eingesetzt. Die Gewinnung von ACP erfolgt durch eine Blutabnahme, wonach das Plasma direkt in die verletzte Region injiziert wird.<\/p>\n<\/div><\/section><br \/>\n\n<style type=\"text\/css\" data-created_by=\"avia_inline_auto\" id=\"style-css-av-lu1c1q2o-d1349dd75425a11253465d5c9dfdb695\">\n#top .av-special-heading.av-lu1c1q2o-d1349dd75425a11253465d5c9dfdb695{\npadding-bottom:10px;\n}\nbody .av-special-heading.av-lu1c1q2o-d1349dd75425a11253465d5c9dfdb695 .av-special-heading-tag .heading-char{\nfont-size:25px;\n}\n.av-special-heading.av-lu1c1q2o-d1349dd75425a11253465d5c9dfdb695 .av-subheading{\nfont-size:15px;\n}\n<\/style>\n<div  class='av-special-heading av-lu1c1q2o-d1349dd75425a11253465d5c9dfdb695 av-special-heading-h2 blockquote modern-quote  avia-builder-el-8  el_after_av_textblock  el_before_av_textblock '><h2 class='av-special-heading-tag '  itemprop=\"headline\"  >Vorz\u00fcge der ACP-Methode<\/h2><div class=\"special-heading-border\"><div class=\"special-heading-inner-border\"><\/div><\/div><\/div><br \/>\n<section  class='av_textblock_section av-lu1c23a1-2372efec21f561b4bb3552492c28be1e '   itemscope=\"itemscope\" itemtype=\"https:\/\/schema.org\/CreativeWork\" ><div class='avia_textblock'  itemprop=\"text\" ><p>Die Verwendung von eigenem K\u00f6rpermaterial reduziert das Risiko von Nebenwirkungen erheblich. Die enthaltenen Wachstumsfaktoren beschleunigen die Heilungsprozesse, und die Methode ist deutlich weniger invasiv als chirurgische Eingriffe. Sie l\u00e4sst sich zudem f\u00fcr eine Vielzahl orthop\u00e4discher Probleme anwenden.<\/p>\n<\/div><\/section><br \/>\n\n<style type=\"text\/css\" data-created_by=\"avia_inline_auto\" id=\"style-css-av-lu1c1wet-db7ae7db397025d19540b6d6d3dc3a89\">\n#top .av-special-heading.av-lu1c1wet-db7ae7db397025d19540b6d6d3dc3a89{\npadding-bottom:10px;\n}\nbody .av-special-heading.av-lu1c1wet-db7ae7db397025d19540b6d6d3dc3a89 .av-special-heading-tag .heading-char{\nfont-size:25px;\n}\n.av-special-heading.av-lu1c1wet-db7ae7db397025d19540b6d6d3dc3a89 .av-subheading{\nfont-size:15px;\n}\n<\/style>\n<div  class='av-special-heading av-lu1c1wet-db7ae7db397025d19540b6d6d3dc3a89 av-special-heading-h2 blockquote modern-quote  avia-builder-el-10  el_after_av_textblock  el_before_av_textblock '><h2 class='av-special-heading-tag '  itemprop=\"headline\"  >Funktionsweise der ACP-Behandlung<\/h2><div class=\"special-heading-border\"><div class=\"special-heading-inner-border\"><\/div><\/div><\/div><br \/>\n<section  class='av_textblock_section av-kkfaxdi8-4f7cebac632018dd05614cfae2125a3e '   itemscope=\"itemscope\" itemtype=\"https:\/\/schema.org\/CreativeWork\" ><div class='avia_textblock'  itemprop=\"text\" ><p>Durch die Injektion des pl\u00e4ttchenreichen Plasmas werden die nat\u00fcrlichen Regenerationskr\u00e4fte des K\u00f6rpers aktiviert. Die darin enthaltenen Wachstumsfaktoren f\u00f6rdern die Reparatur und Regulierung besch\u00e4digter Gewebe.<\/p>\n<\/div><\/section><\/p><\/div>\n","protected":false},"excerpt":{"rendered":"","protected":false},"author":1,"featured_media":0,"parent":0,"menu_order":0,"comment_status":"closed","ping_status":"closed","template":"","meta":{"footnotes":""},"class_list":["post-317","page","type-page","status-publish","hentry"],"yoast_head":"<!-- This site is optimized with the Yoast SEO plugin v27.3 - https:\/\/yoast.com\/product\/yoast-seo-wordpress\/ -->\n<title>ACP-Therapie - ATOS Praxis K\u00f6ln Junkersdorf<\/title>\n<meta name=\"description\" content=\"Autologes konditioniertes Plasma, kurz ACP, bezeichnet eine fortschrittliche Behandlungsmethode in der regenerativen Medizin.\" \/>\n<meta name=\"robots\" content=\"index, follow, max-snippet:-1, max-image-preview:large, max-video-preview:-1\" \/>\n<link rel=\"canonical\" href=\"https:\/\/atos-mvz.de\/schulterschmerzen\/\" \/>\n<meta property=\"og:locale\" content=\"de_DE\" \/>\n<meta property=\"og:type\" content=\"article\" \/>\n<meta property=\"og:title\" content=\"ACP-Therapie - ATOS Praxis K\u00f6ln Junkersdorf\" \/>\n<meta property=\"og:description\" content=\"Autologes konditioniertes Plasma, kurz ACP, bezeichnet eine fortschrittliche Behandlungsmethode in der regenerativen Medizin.\" \/>\n<meta property=\"og:url\" content=\"https:\/\/atos-mvz.de\/schulterschmerzen\/\" \/>\n<meta property=\"og:site_name\" content=\"ATOS Praxis K\u00f6ln Junkersdorf\" \/>\n<meta property=\"article:modified_time\" content=\"2024-05-25T12:36:51+00:00\" \/>\n<meta name=\"twitter:card\" content=\"summary_large_image\" \/>\n<script type=\"application\/ld+json\" class=\"yoast-schema-graph\">{\"@context\":\"https:\\\/\\\/schema.org\",\"@graph\":[{\"@type\":\"WebPage\",\"@id\":\"https:\\\/\\\/atos-mvz.de\\\/koeln-junkersdorf\\\/acp-therapie\\\/\",\"url\":\"https:\\\/\\\/atos-mvz.de\\\/schulterschmerzen\\\/\",\"name\":\"ACP-Therapie - ATOS Praxis K\u00f6ln Junkersdorf\",\"isPartOf\":{\"@id\":\"https:\\\/\\\/atos-mvz.de\\\/koeln-junkersdorf\\\/#website\"},\"datePublished\":\"2021-01-29T13:12:29+00:00\",\"dateModified\":\"2024-05-25T12:36:51+00:00\",\"description\":\"Autologes konditioniertes Plasma, kurz ACP, bezeichnet eine fortschrittliche Behandlungsmethode in der regenerativen Medizin.\",\"breadcrumb\":{\"@id\":\"https:\\\/\\\/atos-mvz.de\\\/schulterschmerzen\\\/#breadcrumb\"},\"inLanguage\":\"de\",\"potentialAction\":[{\"@type\":\"ReadAction\",\"target\":[\"https:\\\/\\\/atos-mvz.de\\\/schulterschmerzen\\\/\"]}]},{\"@type\":\"BreadcrumbList\",\"@id\":\"https:\\\/\\\/atos-mvz.de\\\/schulterschmerzen\\\/#breadcrumb\",\"itemListElement\":[{\"@type\":\"ListItem\",\"position\":1,\"name\":\"Startseite\",\"item\":\"https:\\\/\\\/atos-mvz.de\\\/koeln-junkersdorf\\\/startseite\\\/\"},{\"@type\":\"ListItem\",\"position\":2,\"name\":\"ACP-Therapie\"}]},{\"@type\":\"WebSite\",\"@id\":\"https:\\\/\\\/atos-mvz.de\\\/koeln-junkersdorf\\\/#website\",\"url\":\"https:\\\/\\\/atos-mvz.de\\\/koeln-junkersdorf\\\/\",\"name\":\"ATOS Praxis K\u00f6ln Junkersdorf\",\"description\":\"\",\"potentialAction\":[{\"@type\":\"SearchAction\",\"target\":{\"@type\":\"EntryPoint\",\"urlTemplate\":\"https:\\\/\\\/atos-mvz.de\\\/koeln-junkersdorf\\\/?s={search_term_string}\"},\"query-input\":{\"@type\":\"PropertyValueSpecification\",\"valueRequired\":true,\"valueName\":\"search_term_string\"}}],\"inLanguage\":\"de\"}]}<\/script>\n<!-- \/ Yoast SEO plugin. -->","yoast_head_json":{"title":"ACP-Therapie - ATOS Praxis K\u00f6ln Junkersdorf","description":"Autologes konditioniertes Plasma, kurz ACP, bezeichnet eine fortschrittliche Behandlungsmethode in der regenerativen Medizin.","robots":{"index":"index","follow":"follow","max-snippet":"max-snippet:-1","max-image-preview":"max-image-preview:large","max-video-preview":"max-video-preview:-1"},"canonical":"https:\/\/atos-mvz.de\/schulterschmerzen\/","og_locale":"de_DE","og_type":"article","og_title":"ACP-Therapie - ATOS Praxis K\u00f6ln Junkersdorf","og_description":"Autologes konditioniertes Plasma, kurz ACP, bezeichnet eine fortschrittliche Behandlungsmethode in der regenerativen Medizin.","og_url":"https:\/\/atos-mvz.de\/schulterschmerzen\/","og_site_name":"ATOS Praxis K\u00f6ln Junkersdorf","article_modified_time":"2024-05-25T12:36:51+00:00","twitter_card":"summary_large_image","schema":{"@context":"https:\/\/schema.org","@graph":[{"@type":"WebPage","@id":"https:\/\/atos-mvz.de\/koeln-junkersdorf\/acp-therapie\/","url":"https:\/\/atos-mvz.de\/schulterschmerzen\/","name":"ACP-Therapie - ATOS Praxis K\u00f6ln Junkersdorf","isPartOf":{"@id":"https:\/\/atos-mvz.de\/koeln-junkersdorf\/#website"},"datePublished":"2021-01-29T13:12:29+00:00","dateModified":"2024-05-25T12:36:51+00:00","description":"Autologes konditioniertes Plasma, kurz ACP, bezeichnet eine fortschrittliche Behandlungsmethode in der regenerativen Medizin.","breadcrumb":{"@id":"https:\/\/atos-mvz.de\/schulterschmerzen\/#breadcrumb"},"inLanguage":"de","potentialAction":[{"@type":"ReadAction","target":["https:\/\/atos-mvz.de\/schulterschmerzen\/"]}]},{"@type":"BreadcrumbList","@id":"https:\/\/atos-mvz.de\/schulterschmerzen\/#breadcrumb","itemListElement":[{"@type":"ListItem","position":1,"name":"Startseite","item":"https:\/\/atos-mvz.de\/koeln-junkersdorf\/startseite\/"},{"@type":"ListItem","position":2,"name":"ACP-Therapie"}]},{"@type":"WebSite","@id":"https:\/\/atos-mvz.de\/koeln-junkersdorf\/#website","url":"https:\/\/atos-mvz.de\/koeln-junkersdorf\/","name":"ATOS Praxis K\u00f6ln Junkersdorf","description":"","potentialAction":[{"@type":"SearchAction","target":{"@type":"EntryPoint","urlTemplate":"https:\/\/atos-mvz.de\/koeln-junkersdorf\/?s={search_term_string}"},"query-input":{"@type":"PropertyValueSpecification","valueRequired":true,"valueName":"search_term_string"}}],"inLanguage":"de"}]}},"_links":{"self":[{"href":"https:\/\/atos-mvz.de\/koeln-junkersdorf\/wp-json\/wp\/v2\/pages\/317","targetHints":{"allow":["GET"]}}],"collection":[{"href":"https:\/\/atos-mvz.de\/koeln-junkersdorf\/wp-json\/wp\/v2\/pages"}],"about":[{"href":"https:\/\/atos-mvz.de\/koeln-junkersdorf\/wp-json\/wp\/v2\/types\/page"}],"author":[{"embeddable":true,"href":"https:\/\/atos-mvz.de\/koeln-junkersdorf\/wp-json\/wp\/v2\/users\/1"}],"replies":[{"embeddable":true,"href":"https:\/\/atos-mvz.de\/koeln-junkersdorf\/wp-json\/wp\/v2\/comments?post=317"}],"version-history":[{"count":27,"href":"https:\/\/atos-mvz.de\/koeln-junkersdorf\/wp-json\/wp\/v2\/pages\/317\/revisions"}],"predecessor-version":[{"id":1333,"href":"https:\/\/atos-mvz.de\/koeln-junkersdorf\/wp-json\/wp\/v2\/pages\/317\/revisions\/1333"}],"wp:attachment":[{"href":"https:\/\/atos-mvz.de\/koeln-junkersdorf\/wp-json\/wp\/v2\/media?parent=317"}],"curies":[{"name":"wp","href":"https:\/\/api.w.org\/{rel}","templated":true}]}}