{"id":1180,"date":"2024-03-27T08:58:07","date_gmt":"2024-03-27T07:58:07","guid":{"rendered":"https:\/\/atos-mvz.de\/koeln-junkersdorf\/?page_id=1180"},"modified":"2024-05-25T15:11:51","modified_gmt":"2024-05-25T13:11:51","slug":"mrt","status":"publish","type":"page","link":"https:\/\/atos-mvz.de\/koeln-junkersdorf\/mrt\/","title":{"rendered":"MRT"},"content":{"rendered":"\n<style type=\"text\/css\" data-created_by=\"avia_inline_auto\" id=\"style-css-av-3sc2q4-d0a89cd6000ca308749fbe6d877e0c9e\">\n.avia-section.av-3sc2q4-d0a89cd6000ca308749fbe6d877e0c9e{\nbackground-repeat:no-repeat;\nbackground-image:url(https:\/\/atos-mvz.de\/koeln-junkersdorf\/wp-content\/uploads\/sites\/31\/2024\/03\/mrt.jpg);\nbackground-position:50% 50%;\nbackground-attachment:scroll;\n}\n.avia-section.av-3sc2q4-d0a89cd6000ca308749fbe6d877e0c9e .av-extra-border-element .av-extra-border-inner{\nbackground-color:#ffffff;\n}\n<\/style>\n<div id='header-img'  class='avia-section av-3sc2q4-d0a89cd6000ca308749fbe6d877e0c9e main_color avia-section-huge avia-no-border-styling  avia-builder-el-0  el_before_av_section  avia-builder-el-first  largeimg avia-full-stretch avia-bg-style-scroll container_wrap fullsize'  data-section-bg-repeat='stretch'><div class='container av-section-cont-open' ><main  role=\"main\" itemprop=\"mainContentOfPage\"  class='template-page content  av-content-full alpha units'><div class='post-entry post-entry-type-page post-entry-1180'><div class='entry-content-wrapper clearfix'>\n<\/div><\/div><\/main><!-- close content main element --><\/div><div class='av-extra-border-element border-extra-diagonal border-extra-diagonal-inverse '><div class='av-extra-border-outer'><div class='av-extra-border-inner'><\/div><\/div><\/div><\/div>\n<style type=\"text\/css\" data-created_by=\"avia_inline_auto\" id=\"style-css-av-21ype4-d329a478fc1165a28c3b7b55bb1b5e87\">\n.avia-section.av-21ype4-d329a478fc1165a28c3b7b55bb1b5e87 .av-extra-border-element .av-extra-border-inner{\nbackground-color:#f1f0f5;\n}\n<\/style>\n<div id='av_section_2'  class='avia-section av-21ype4-d329a478fc1165a28c3b7b55bb1b5e87 main_color avia-section-large avia-no-border-styling  avia-builder-el-1  el_after_av_section  avia-builder-el-last  avia-bg-style-scroll container_wrap fullsize'  ><div class='container av-section-cont-open' ><div class='template-page content  av-content-full alpha units'><div class='post-entry post-entry-type-page post-entry-1180'><div class='entry-content-wrapper clearfix'>\n<div  class='flex_column av-2u2sks-ff7aa1746e1aa56c840cfd5275a28f9e av_four_fifth  avia-builder-el-2  avia-builder-el-no-sibling  first flex_column_div  '     ><section  class='av_textblock_section av-lu9iiudx-4962ba98787df2c779d7889cf4c48a49 '   itemscope=\"itemscope\" itemtype=\"https:\/\/schema.org\/CreativeWork\" ><div class='avia_textblock'  itemprop=\"text\" ><h1><strong>MRT &#8211; Diagnostik<\/strong><\/h1>\n<\/div><\/section><br \/>\n<section  class='av_textblock_section av-lu9ik050-27f2fd51f7aa3c06dc0a1bb05805890d '   itemscope=\"itemscope\" itemtype=\"https:\/\/schema.org\/CreativeWork\" ><div class='avia_textblock'  itemprop=\"text\" ><p>Erfahren Sie mehr \u00fcber die fortschrittlichen diagnostischen Verfahren f\u00fcr orthop\u00e4dische Erkrankungen in unserem orthop\u00e4dischen Medizinischen Versorgungszentrum. Wir sind ausgestattet mit einem hochmodernen, offenen MRT, erg\u00e4nzt durch traditionelle R\u00f6ntgenuntersuchungen und Ultraschalldiagnostik, und f\u00fchren umfassende Untersuchungen der Wirbels\u00e4ule sowie der Extremit\u00e4ten durch, um pr\u00e4zise Diagnosen zu stellen. Wir legen gro\u00dfen Wert auf Ihre Gesundheit und bieten daher zeitnahe Termine, um eine optimale medizinische Versorgung sicherzustellen.<\/p>\n<p>Trotz der Klassifizierung der MRT-Untersuchung als individuelle Gesundheitsleistung (IGeL) bietet sie ma\u00dfgeschneiderte Einblicke in Ihre spezifischen gesundheitlichen Bed\u00fcrfnisse, was eine personalisierte Diagnose und Behandlung erm\u00f6glicht.<\/p>\n<\/div><\/section><\/p><\/div>\n","protected":false},"excerpt":{"rendered":"","protected":false},"author":1,"featured_media":0,"parent":0,"menu_order":0,"comment_status":"closed","ping_status":"closed","template":"","meta":{"footnotes":""},"class_list":["post-1180","page","type-page","status-publish","hentry"],"yoast_head":"<!-- This site is optimized with the Yoast SEO plugin v27.2 - https:\/\/yoast.com\/product\/yoast-seo-wordpress\/ -->\n<title>MRT - ATOS Praxis K\u00f6ln Junkersdorf<\/title>\n<meta name=\"description\" content=\"Erfahren Sie mehr \u00fcber die fortschrittlichen diagnostischen Verfahren f\u00fcr orthop\u00e4dische Erkrankungen in unserer Praxis (offens MRT) in K\u00f6ln\" \/>\n<meta name=\"robots\" content=\"index, follow, max-snippet:-1, max-image-preview:large, max-video-preview:-1\" \/>\n<link rel=\"canonical\" href=\"https:\/\/atos-mvz.de\/koeln-junkersdorf\/mrt\/\" \/>\n<meta property=\"og:locale\" content=\"de_DE\" \/>\n<meta property=\"og:type\" content=\"article\" \/>\n<meta property=\"og:title\" content=\"MRT - ATOS Praxis K\u00f6ln Junkersdorf\" \/>\n<meta property=\"og:description\" content=\"Erfahren Sie mehr \u00fcber die fortschrittlichen diagnostischen Verfahren f\u00fcr orthop\u00e4dische Erkrankungen in unserer Praxis (offens MRT) in K\u00f6ln\" \/>\n<meta property=\"og:url\" content=\"https:\/\/atos-mvz.de\/koeln-junkersdorf\/mrt\/\" \/>\n<meta property=\"og:site_name\" content=\"ATOS Praxis K\u00f6ln Junkersdorf\" \/>\n<meta property=\"article:modified_time\" content=\"2024-05-25T13:11:51+00:00\" \/>\n<meta name=\"twitter:card\" content=\"summary_large_image\" \/>\n<script type=\"application\/ld+json\" class=\"yoast-schema-graph\">{\"@context\":\"https:\/\/schema.org\",\"@graph\":[{\"@type\":\"WebPage\",\"@id\":\"https:\/\/atos-mvz.de\/koeln-junkersdorf\/mrt\/\",\"url\":\"https:\/\/atos-mvz.de\/koeln-junkersdorf\/mrt\/\",\"name\":\"MRT - ATOS Praxis K\u00f6ln Junkersdorf\",\"isPartOf\":{\"@id\":\"https:\/\/atos-mvz.de\/koeln-junkersdorf\/#website\"},\"datePublished\":\"2024-03-27T07:58:07+00:00\",\"dateModified\":\"2024-05-25T13:11:51+00:00\",\"description\":\"Erfahren Sie mehr \u00fcber die fortschrittlichen diagnostischen Verfahren f\u00fcr orthop\u00e4dische Erkrankungen in unserer Praxis (offens MRT) in K\u00f6ln\",\"breadcrumb\":{\"@id\":\"https:\/\/atos-mvz.de\/koeln-junkersdorf\/mrt\/#breadcrumb\"},\"inLanguage\":\"de\",\"potentialAction\":[{\"@type\":\"ReadAction\",\"target\":[\"https:\/\/atos-mvz.de\/koeln-junkersdorf\/mrt\/\"]}]},{\"@type\":\"BreadcrumbList\",\"@id\":\"https:\/\/atos-mvz.de\/koeln-junkersdorf\/mrt\/#breadcrumb\",\"itemListElement\":[{\"@type\":\"ListItem\",\"position\":1,\"name\":\"Startseite\",\"item\":\"https:\/\/atos-mvz.de\/koeln-junkersdorf\/startseite\/\"},{\"@type\":\"ListItem\",\"position\":2,\"name\":\"MRT\"}]},{\"@type\":\"WebSite\",\"@id\":\"https:\/\/atos-mvz.de\/koeln-junkersdorf\/#website\",\"url\":\"https:\/\/atos-mvz.de\/koeln-junkersdorf\/\",\"name\":\"ATOS Praxis K\u00f6ln Junkersdorf\",\"description\":\"\",\"potentialAction\":[{\"@type\":\"SearchAction\",\"target\":{\"@type\":\"EntryPoint\",\"urlTemplate\":\"https:\/\/atos-mvz.de\/koeln-junkersdorf\/?s={search_term_string}\"},\"query-input\":{\"@type\":\"PropertyValueSpecification\",\"valueRequired\":true,\"valueName\":\"search_term_string\"}}],\"inLanguage\":\"de\"}]}<\/script>\n<!-- \/ Yoast SEO plugin. -->","yoast_head_json":{"title":"MRT - ATOS Praxis K\u00f6ln Junkersdorf","description":"Erfahren Sie mehr \u00fcber die fortschrittlichen diagnostischen Verfahren f\u00fcr orthop\u00e4dische Erkrankungen in unserer Praxis (offens MRT) in K\u00f6ln","robots":{"index":"index","follow":"follow","max-snippet":"max-snippet:-1","max-image-preview":"max-image-preview:large","max-video-preview":"max-video-preview:-1"},"canonical":"https:\/\/atos-mvz.de\/koeln-junkersdorf\/mrt\/","og_locale":"de_DE","og_type":"article","og_title":"MRT - ATOS Praxis K\u00f6ln Junkersdorf","og_description":"Erfahren Sie mehr \u00fcber die fortschrittlichen diagnostischen Verfahren f\u00fcr orthop\u00e4dische Erkrankungen in unserer Praxis (offens MRT) in K\u00f6ln","og_url":"https:\/\/atos-mvz.de\/koeln-junkersdorf\/mrt\/","og_site_name":"ATOS Praxis K\u00f6ln Junkersdorf","article_modified_time":"2024-05-25T13:11:51+00:00","twitter_card":"summary_large_image","schema":{"@context":"https:\/\/schema.org","@graph":[{"@type":"WebPage","@id":"https:\/\/atos-mvz.de\/koeln-junkersdorf\/mrt\/","url":"https:\/\/atos-mvz.de\/koeln-junkersdorf\/mrt\/","name":"MRT - ATOS Praxis K\u00f6ln Junkersdorf","isPartOf":{"@id":"https:\/\/atos-mvz.de\/koeln-junkersdorf\/#website"},"datePublished":"2024-03-27T07:58:07+00:00","dateModified":"2024-05-25T13:11:51+00:00","description":"Erfahren Sie mehr \u00fcber die fortschrittlichen diagnostischen Verfahren f\u00fcr orthop\u00e4dische Erkrankungen in unserer Praxis (offens MRT) in K\u00f6ln","breadcrumb":{"@id":"https:\/\/atos-mvz.de\/koeln-junkersdorf\/mrt\/#breadcrumb"},"inLanguage":"de","potentialAction":[{"@type":"ReadAction","target":["https:\/\/atos-mvz.de\/koeln-junkersdorf\/mrt\/"]}]},{"@type":"BreadcrumbList","@id":"https:\/\/atos-mvz.de\/koeln-junkersdorf\/mrt\/#breadcrumb","itemListElement":[{"@type":"ListItem","position":1,"name":"Startseite","item":"https:\/\/atos-mvz.de\/koeln-junkersdorf\/startseite\/"},{"@type":"ListItem","position":2,"name":"MRT"}]},{"@type":"WebSite","@id":"https:\/\/atos-mvz.de\/koeln-junkersdorf\/#website","url":"https:\/\/atos-mvz.de\/koeln-junkersdorf\/","name":"ATOS Praxis K\u00f6ln Junkersdorf","description":"","potentialAction":[{"@type":"SearchAction","target":{"@type":"EntryPoint","urlTemplate":"https:\/\/atos-mvz.de\/koeln-junkersdorf\/?s={search_term_string}"},"query-input":{"@type":"PropertyValueSpecification","valueRequired":true,"valueName":"search_term_string"}}],"inLanguage":"de"}]}},"_links":{"self":[{"href":"https:\/\/atos-mvz.de\/koeln-junkersdorf\/wp-json\/wp\/v2\/pages\/1180","targetHints":{"allow":["GET"]}}],"collection":[{"href":"https:\/\/atos-mvz.de\/koeln-junkersdorf\/wp-json\/wp\/v2\/pages"}],"about":[{"href":"https:\/\/atos-mvz.de\/koeln-junkersdorf\/wp-json\/wp\/v2\/types\/page"}],"author":[{"embeddable":true,"href":"https:\/\/atos-mvz.de\/koeln-junkersdorf\/wp-json\/wp\/v2\/users\/1"}],"replies":[{"embeddable":true,"href":"https:\/\/atos-mvz.de\/koeln-junkersdorf\/wp-json\/wp\/v2\/comments?post=1180"}],"version-history":[{"count":6,"href":"https:\/\/atos-mvz.de\/koeln-junkersdorf\/wp-json\/wp\/v2\/pages\/1180\/revisions"}],"predecessor-version":[{"id":1341,"href":"https:\/\/atos-mvz.de\/koeln-junkersdorf\/wp-json\/wp\/v2\/pages\/1180\/revisions\/1341"}],"wp:attachment":[{"href":"https:\/\/atos-mvz.de\/koeln-junkersdorf\/wp-json\/wp\/v2\/media?parent=1180"}],"curies":[{"name":"wp","href":"https:\/\/api.w.org\/{rel}","templated":true}]}}