{"id":928,"date":"2024-03-21T15:46:24","date_gmt":"2024-03-21T14:46:24","guid":{"rendered":"https:\/\/atos-mvz.de\/huerth\/?page_id=928"},"modified":"2024-05-25T15:16:15","modified_gmt":"2024-05-25T13:16:15","slug":"pascorbin","status":"publish","type":"page","link":"https:\/\/atos-mvz.de\/huerth\/pascorbin\/","title":{"rendered":"Pascorbin"},"content":{"rendered":"\n<style type=\"text\/css\" data-created_by=\"avia_inline_auto\" id=\"style-css-av-gxz1s-cc2a33668d6fa4608c6b71ca6d94232b\">\n.avia-section.av-gxz1s-cc2a33668d6fa4608c6b71ca6d94232b{\nbackground-repeat:no-repeat;\nbackground-image:url(https:\/\/atos-mvz.de\/huerth\/wp-content\/uploads\/sites\/32\/2024\/03\/mvz-huerth-slider-zentrum-empfang.jpg);\nbackground-position:50% 50%;\nbackground-attachment:scroll;\n}\n.avia-section.av-gxz1s-cc2a33668d6fa4608c6b71ca6d94232b .av-extra-border-element .av-extra-border-inner{\nbackground-color:#ffffff;\n}\n<\/style>\n<div id='header-img'  class='avia-section av-gxz1s-cc2a33668d6fa4608c6b71ca6d94232b main_color avia-section-huge avia-no-border-styling  avia-builder-el-0  el_before_av_section  avia-builder-el-first  largeimg avia-full-stretch avia-bg-style-scroll container_wrap fullsize'  data-section-bg-repeat='stretch'><div class='container av-section-cont-open' ><main  role=\"main\" itemprop=\"mainContentOfPage\"  class='template-page content  av-content-full alpha units'><div class='post-entry post-entry-type-page post-entry-928'><div class='entry-content-wrapper clearfix'>\n<\/div><\/div><\/main><!-- close content main element --><\/div><div class='av-extra-border-element border-extra-diagonal border-extra-diagonal-inverse '><div class='av-extra-border-outer'><div class='av-extra-border-inner'><\/div><\/div><\/div><\/div>\n<style type=\"text\/css\" data-created_by=\"avia_inline_auto\" id=\"style-css-av-bwk6o-96e152dc7170866333ad1031f3995444\">\n.avia-section.av-bwk6o-96e152dc7170866333ad1031f3995444 .av-extra-border-element .av-extra-border-inner{\nbackground-color:#f1f0f5;\n}\n<\/style>\n<div id='av_section_2'  class='avia-section av-bwk6o-96e152dc7170866333ad1031f3995444 main_color avia-section-large avia-no-border-styling  avia-builder-el-1  el_after_av_section  avia-builder-el-last  avia-bg-style-scroll container_wrap fullsize'  ><div class='container av-section-cont-open' ><div class='template-page content  av-content-full alpha units'><div class='post-entry post-entry-type-page post-entry-928'><div class='entry-content-wrapper clearfix'>\n<div  class='flex_column av-8l0y0-55a05ca3930f8ceaf334b3a903dd40c7 av_four_fifth  avia-builder-el-2  avia-builder-el-no-sibling  first flex_column_div  '     ><section  class='av_textblock_section av-lu1cgfef-c80cc5eeef86efe3063d355bf01485b0 '   itemscope=\"itemscope\" itemtype=\"https:\/\/schema.org\/CreativeWork\" ><div class='avia_textblock'  itemprop=\"text\" ><h1><strong>Pascorbin<sup>\u00ae<\/sup><\/strong><\/h1>\n<\/div><\/section><br \/>\n\n<style type=\"text\/css\" data-created_by=\"avia_inline_auto\" id=\"style-css-av-lu1cgkji-196ef74336526762dadcabb3af606082\">\n#top .av-special-heading.av-lu1cgkji-196ef74336526762dadcabb3af606082{\npadding-bottom:10px;\n}\nbody .av-special-heading.av-lu1cgkji-196ef74336526762dadcabb3af606082 .av-special-heading-tag .heading-char{\nfont-size:25px;\n}\n.av-special-heading.av-lu1cgkji-196ef74336526762dadcabb3af606082 .av-subheading{\nfont-size:15px;\n}\n<\/style>\n<div  class='av-special-heading av-lu1cgkji-196ef74336526762dadcabb3af606082 av-special-heading-h2 blockquote modern-quote  avia-builder-el-4  el_after_av_textblock  el_before_av_textblock '><h2 class='av-special-heading-tag '  itemprop=\"headline\"  >\u00dcberblick \u00fcber die Vorz\u00fcge von Pascorbin\u00ae<\/h2><div class=\"special-heading-border\"><div class=\"special-heading-inner-border\"><\/div><\/div><\/div><br \/>\n<section  class='av_textblock_section av-lu1ch1e3-8b9f2a558f8991b5a673513ee109f961 '   itemscope=\"itemscope\" itemtype=\"https:\/\/schema.org\/CreativeWork\" ><div class='avia_textblock'  itemprop=\"text\" ><ul>\n<li>Hochdosis Vitamin-C-Infusion<\/li>\n<li>Durch die direkte Infusion von Pascorbin\u00ae in die Blutbahn wird Ihr K\u00f6rper schnell und effizient mit Vitamin C versorgt.<\/li>\n<li>Diese Methode bietet eine wesentlich schnellere Verf\u00fcgbarkeit des Vitamins im Vergleich zur oralen Aufnahme in Tablettenform.<\/li>\n<li>Empfohlen ab einem Alter von 12 Jahren.<\/li>\n<\/ul>\n<\/div><\/section><br \/>\n\n<style type=\"text\/css\" data-created_by=\"avia_inline_auto\" id=\"style-css-av-lu1cha9a-67601045c7896708fcaa8d65824f8a55\">\n#top .av-special-heading.av-lu1cha9a-67601045c7896708fcaa8d65824f8a55{\npadding-bottom:10px;\n}\nbody .av-special-heading.av-lu1cha9a-67601045c7896708fcaa8d65824f8a55 .av-special-heading-tag .heading-char{\nfont-size:25px;\n}\n.av-special-heading.av-lu1cha9a-67601045c7896708fcaa8d65824f8a55 .av-subheading{\nfont-size:15px;\n}\n<\/style>\n<div  class='av-special-heading av-lu1cha9a-67601045c7896708fcaa8d65824f8a55 av-special-heading-h2 blockquote modern-quote  avia-builder-el-6  el_after_av_textblock  el_before_av_textblock '><h2 class='av-special-heading-tag '  itemprop=\"headline\"  >Potenzielle Indikationen f\u00fcr einen erh\u00f6hten Vitamin-C-Bedarf:<\/h2><div class=\"special-heading-border\"><div class=\"special-heading-inner-border\"><\/div><\/div><\/div><br \/>\n<section  class='av_textblock_section av-lu1chkt2-252e75d3b975d1c29a3666fdec5c7b68 '   itemscope=\"itemscope\" itemtype=\"https:\/\/schema.org\/CreativeWork\" ><div class='avia_textblock'  itemprop=\"text\" ><ul>\n<li>Akute und langanhaltende Infektionen<\/li>\n<li>Chronische Entz\u00fcndungsleiden wie Arthritis<\/li>\n<li>Darmbedingte Resorptionsst\u00f6rungen<\/li>\n<li>Nach chirurgischen Eingriffen<\/li>\n<\/ul>\n<\/div><\/section><br \/>\n\n<style type=\"text\/css\" data-created_by=\"avia_inline_auto\" id=\"style-css-av-lu1chqma-d5f4520f6feffaa2ae77933a40c4da30\">\n#top .av-special-heading.av-lu1chqma-d5f4520f6feffaa2ae77933a40c4da30{\npadding-bottom:10px;\n}\nbody .av-special-heading.av-lu1chqma-d5f4520f6feffaa2ae77933a40c4da30 .av-special-heading-tag .heading-char{\nfont-size:25px;\n}\n.av-special-heading.av-lu1chqma-d5f4520f6feffaa2ae77933a40c4da30 .av-subheading{\nfont-size:15px;\n}\n<\/style>\n<div  class='av-special-heading av-lu1chqma-d5f4520f6feffaa2ae77933a40c4da30 av-special-heading-h2 blockquote modern-quote  avia-builder-el-8  el_after_av_textblock  el_before_av_textblock '><h2 class='av-special-heading-tag '  itemprop=\"headline\"  >Funktionsweise der Arznei<\/h2><div class=\"special-heading-border\"><div class=\"special-heading-inner-border\"><\/div><\/div><\/div><br \/>\n<section  class='av_textblock_section av-lu1ci3og-ad794f6cbb9f91c9921ad3604d817677 '   itemscope=\"itemscope\" itemtype=\"https:\/\/schema.org\/CreativeWork\" ><div class='avia_textblock'  itemprop=\"text\" ><p>Das in Pascorbin\u00ae enthaltene, wasserl\u00f6sliche Vitamin C st\u00e4rkt das Immunsystem durch den Kampf gegen pathogene Erreger und neutralisiert sch\u00e4dliche Sauerstoffmolek\u00fcle sowie freie Radikale. Dies kann den Krankheitsverlauf von leichten Infektionen wie Erk\u00e4ltungen oder Grippe positiv beeinflussen. Es beschleunigt zudem die Blutgerinnung, blockiert gewisse giftige Schwermetalle und erh\u00f6ht die Eisenresorption aus dem Darm. Zus\u00e4tzlich wirkt es als s\u00e4urepufferndes Mittel und verbessert die Magenvertr\u00e4glichkeit anderer Medikamente.<\/p>\n<\/div><\/section><\/p><\/div>\n","protected":false},"excerpt":{"rendered":"","protected":false},"author":1,"featured_media":0,"parent":0,"menu_order":0,"comment_status":"closed","ping_status":"closed","template":"","meta":{"footnotes":""},"class_list":["post-928","page","type-page","status-publish","hentry"],"yoast_head":"<!-- This site is optimized with the Yoast SEO plugin v27.3 - https:\/\/yoast.com\/product\/yoast-seo-wordpress\/ -->\n<title>Pascorbin - MVZ H\u00fcrth<\/title>\n<meta name=\"description\" content=\"Das in Pascorbin\u00ae enthaltene, wasserl\u00f6sliche Vitamin C st\u00e4rkt das Immunsystem durch den Kampf gegen pathogene Erreger und freie Radikale.\" \/>\n<meta name=\"robots\" content=\"index, follow, max-snippet:-1, max-image-preview:large, max-video-preview:-1\" \/>\n<link rel=\"canonical\" href=\"https:\/\/atos-mvz.de\/huerth\/pascorbin\/\" \/>\n<meta property=\"og:locale\" content=\"de_DE\" \/>\n<meta property=\"og:type\" content=\"article\" \/>\n<meta property=\"og:title\" content=\"Pascorbin - MVZ H\u00fcrth\" \/>\n<meta property=\"og:description\" content=\"Das in Pascorbin\u00ae enthaltene, wasserl\u00f6sliche Vitamin C st\u00e4rkt das Immunsystem durch den Kampf gegen pathogene Erreger und freie Radikale.\" \/>\n<meta property=\"og:url\" content=\"https:\/\/atos-mvz.de\/huerth\/pascorbin\/\" \/>\n<meta property=\"og:site_name\" content=\"MVZ H\u00fcrth\" \/>\n<meta property=\"article:modified_time\" content=\"2024-05-25T13:16:15+00:00\" \/>\n<meta name=\"twitter:card\" content=\"summary_large_image\" \/>\n<script type=\"application\/ld+json\" class=\"yoast-schema-graph\">{\"@context\":\"https:\\\/\\\/schema.org\",\"@graph\":[{\"@type\":\"WebPage\",\"@id\":\"https:\\\/\\\/atos-mvz.de\\\/huerth\\\/pascorbin\\\/\",\"url\":\"https:\\\/\\\/atos-mvz.de\\\/huerth\\\/pascorbin\\\/\",\"name\":\"Pascorbin - MVZ H\u00fcrth\",\"isPartOf\":{\"@id\":\"https:\\\/\\\/atos-mvz.de\\\/huerth\\\/#website\"},\"datePublished\":\"2024-03-21T14:46:24+00:00\",\"dateModified\":\"2024-05-25T13:16:15+00:00\",\"description\":\"Das in Pascorbin\u00ae enthaltene, wasserl\u00f6sliche Vitamin C st\u00e4rkt das Immunsystem durch den Kampf gegen pathogene Erreger und freie Radikale.\",\"breadcrumb\":{\"@id\":\"https:\\\/\\\/atos-mvz.de\\\/huerth\\\/pascorbin\\\/#breadcrumb\"},\"inLanguage\":\"de\",\"potentialAction\":[{\"@type\":\"ReadAction\",\"target\":[\"https:\\\/\\\/atos-mvz.de\\\/huerth\\\/pascorbin\\\/\"]}]},{\"@type\":\"BreadcrumbList\",\"@id\":\"https:\\\/\\\/atos-mvz.de\\\/huerth\\\/pascorbin\\\/#breadcrumb\",\"itemListElement\":[{\"@type\":\"ListItem\",\"position\":1,\"name\":\"Startseite\",\"item\":\"https:\\\/\\\/atos-mvz.de\\\/huerth\\\/startseite\\\/\"},{\"@type\":\"ListItem\",\"position\":2,\"name\":\"Pascorbin\"}]},{\"@type\":\"WebSite\",\"@id\":\"https:\\\/\\\/atos-mvz.de\\\/huerth\\\/#website\",\"url\":\"https:\\\/\\\/atos-mvz.de\\\/huerth\\\/\",\"name\":\"MVZ H\u00fcrth\",\"description\":\"\",\"potentialAction\":[{\"@type\":\"SearchAction\",\"target\":{\"@type\":\"EntryPoint\",\"urlTemplate\":\"https:\\\/\\\/atos-mvz.de\\\/huerth\\\/?s={search_term_string}\"},\"query-input\":{\"@type\":\"PropertyValueSpecification\",\"valueRequired\":true,\"valueName\":\"search_term_string\"}}],\"inLanguage\":\"de\"}]}<\/script>\n<!-- \/ Yoast SEO plugin. -->","yoast_head_json":{"title":"Pascorbin - MVZ H\u00fcrth","description":"Das in Pascorbin\u00ae enthaltene, wasserl\u00f6sliche Vitamin C st\u00e4rkt das Immunsystem durch den Kampf gegen pathogene Erreger und freie Radikale.","robots":{"index":"index","follow":"follow","max-snippet":"max-snippet:-1","max-image-preview":"max-image-preview:large","max-video-preview":"max-video-preview:-1"},"canonical":"https:\/\/atos-mvz.de\/huerth\/pascorbin\/","og_locale":"de_DE","og_type":"article","og_title":"Pascorbin - MVZ H\u00fcrth","og_description":"Das in Pascorbin\u00ae enthaltene, wasserl\u00f6sliche Vitamin C st\u00e4rkt das Immunsystem durch den Kampf gegen pathogene Erreger und freie Radikale.","og_url":"https:\/\/atos-mvz.de\/huerth\/pascorbin\/","og_site_name":"MVZ H\u00fcrth","article_modified_time":"2024-05-25T13:16:15+00:00","twitter_card":"summary_large_image","schema":{"@context":"https:\/\/schema.org","@graph":[{"@type":"WebPage","@id":"https:\/\/atos-mvz.de\/huerth\/pascorbin\/","url":"https:\/\/atos-mvz.de\/huerth\/pascorbin\/","name":"Pascorbin - MVZ H\u00fcrth","isPartOf":{"@id":"https:\/\/atos-mvz.de\/huerth\/#website"},"datePublished":"2024-03-21T14:46:24+00:00","dateModified":"2024-05-25T13:16:15+00:00","description":"Das in Pascorbin\u00ae enthaltene, wasserl\u00f6sliche Vitamin C st\u00e4rkt das Immunsystem durch den Kampf gegen pathogene Erreger und freie Radikale.","breadcrumb":{"@id":"https:\/\/atos-mvz.de\/huerth\/pascorbin\/#breadcrumb"},"inLanguage":"de","potentialAction":[{"@type":"ReadAction","target":["https:\/\/atos-mvz.de\/huerth\/pascorbin\/"]}]},{"@type":"BreadcrumbList","@id":"https:\/\/atos-mvz.de\/huerth\/pascorbin\/#breadcrumb","itemListElement":[{"@type":"ListItem","position":1,"name":"Startseite","item":"https:\/\/atos-mvz.de\/huerth\/startseite\/"},{"@type":"ListItem","position":2,"name":"Pascorbin"}]},{"@type":"WebSite","@id":"https:\/\/atos-mvz.de\/huerth\/#website","url":"https:\/\/atos-mvz.de\/huerth\/","name":"MVZ H\u00fcrth","description":"","potentialAction":[{"@type":"SearchAction","target":{"@type":"EntryPoint","urlTemplate":"https:\/\/atos-mvz.de\/huerth\/?s={search_term_string}"},"query-input":{"@type":"PropertyValueSpecification","valueRequired":true,"valueName":"search_term_string"}}],"inLanguage":"de"}]}},"_links":{"self":[{"href":"https:\/\/atos-mvz.de\/huerth\/wp-json\/wp\/v2\/pages\/928","targetHints":{"allow":["GET"]}}],"collection":[{"href":"https:\/\/atos-mvz.de\/huerth\/wp-json\/wp\/v2\/pages"}],"about":[{"href":"https:\/\/atos-mvz.de\/huerth\/wp-json\/wp\/v2\/types\/page"}],"author":[{"embeddable":true,"href":"https:\/\/atos-mvz.de\/huerth\/wp-json\/wp\/v2\/users\/1"}],"replies":[{"embeddable":true,"href":"https:\/\/atos-mvz.de\/huerth\/wp-json\/wp\/v2\/comments?post=928"}],"version-history":[{"count":9,"href":"https:\/\/atos-mvz.de\/huerth\/wp-json\/wp\/v2\/pages\/928\/revisions"}],"predecessor-version":[{"id":1337,"href":"https:\/\/atos-mvz.de\/huerth\/wp-json\/wp\/v2\/pages\/928\/revisions\/1337"}],"wp:attachment":[{"href":"https:\/\/atos-mvz.de\/huerth\/wp-json\/wp\/v2\/media?parent=928"}],"curies":[{"name":"wp","href":"https:\/\/api.w.org\/{rel}","templated":true}]}}