{"id":925,"date":"2024-03-21T15:43:38","date_gmt":"2024-03-21T14:43:38","guid":{"rendered":"https:\/\/atos-mvz.de\/huerth\/?page_id=925"},"modified":"2024-05-25T15:07:36","modified_gmt":"2024-05-25T13:07:36","slug":"kortison-spritze","status":"publish","type":"page","link":"https:\/\/atos-mvz.de\/huerth\/kortison-spritze\/","title":{"rendered":"Kortison-Spritze"},"content":{"rendered":"\n<style type=\"text\/css\" data-created_by=\"avia_inline_auto\" id=\"style-css-av-fdrwd-7c3bf59e8843da369fff11b5ab632fd4\">\n.avia-section.av-fdrwd-7c3bf59e8843da369fff11b5ab632fd4{\nbackground-repeat:no-repeat;\nbackground-image:url(https:\/\/atos-mvz.de\/huerth\/wp-content\/uploads\/sites\/32\/2024\/03\/mvz-huerth-slider-zentrum-empfang.jpg);\nbackground-position:50% 50%;\nbackground-attachment:scroll;\n}\n.avia-section.av-fdrwd-7c3bf59e8843da369fff11b5ab632fd4 .av-extra-border-element .av-extra-border-inner{\nbackground-color:#ffffff;\n}\n<\/style>\n<div id='header-img'  class='avia-section av-fdrwd-7c3bf59e8843da369fff11b5ab632fd4 main_color avia-section-huge avia-no-border-styling  avia-builder-el-0  el_before_av_section  avia-builder-el-first  largeimg avia-full-stretch avia-bg-style-scroll container_wrap fullsize'  data-section-bg-repeat='stretch'><div class='container av-section-cont-open' ><main  role=\"main\" itemprop=\"mainContentOfPage\"  class='template-page content  av-content-full alpha units'><div class='post-entry post-entry-type-page post-entry-925'><div class='entry-content-wrapper clearfix'>\n<\/div><\/div><\/main><!-- close content main element --><\/div><div class='av-extra-border-element border-extra-diagonal border-extra-diagonal-inverse '><div class='av-extra-border-outer'><div class='av-extra-border-inner'><\/div><\/div><\/div><\/div>\n<style type=\"text\/css\" data-created_by=\"avia_inline_auto\" id=\"style-css-av-936hp-104a48811d95016d8e640b49c4d9e172\">\n.avia-section.av-936hp-104a48811d95016d8e640b49c4d9e172 .av-extra-border-element .av-extra-border-inner{\nbackground-color:#f1f0f5;\n}\n<\/style>\n<div id='av_section_2'  class='avia-section av-936hp-104a48811d95016d8e640b49c4d9e172 main_color avia-section-large avia-no-border-styling  avia-builder-el-1  el_after_av_section  avia-builder-el-last  avia-bg-style-scroll container_wrap fullsize'  ><div class='container av-section-cont-open' ><div class='template-page content  av-content-full alpha units'><div class='post-entry post-entry-type-page post-entry-925'><div class='entry-content-wrapper clearfix'>\n<div  class='flex_column av-9rbbh-af957929cfd269ae535ddf8c2feff26d av_four_fifth  avia-builder-el-2  avia-builder-el-no-sibling  first flex_column_div  '     ><section  class='av_textblock_section av-lu1ccec3-a767c28ead1bcc1c47f2ab2cc700f390 '   itemscope=\"itemscope\" itemtype=\"https:\/\/schema.org\/CreativeWork\" ><div class='avia_textblock'  itemprop=\"text\" ><h1><strong>Kortison-Spritze<\/strong><\/h1>\n<\/div><\/section><br \/>\n\n<style type=\"text\/css\" data-created_by=\"avia_inline_auto\" id=\"style-css-av-lu1cculz-49a0d603887f90e478975e00d5db8894\">\n#top .av-special-heading.av-lu1cculz-49a0d603887f90e478975e00d5db8894{\npadding-bottom:10px;\n}\nbody .av-special-heading.av-lu1cculz-49a0d603887f90e478975e00d5db8894 .av-special-heading-tag .heading-char{\nfont-size:25px;\n}\n.av-special-heading.av-lu1cculz-49a0d603887f90e478975e00d5db8894 .av-subheading{\nfont-size:15px;\n}\n<\/style>\n<div  class='av-special-heading av-lu1cculz-49a0d603887f90e478975e00d5db8894 av-special-heading-h2 blockquote modern-quote  avia-builder-el-4  el_after_av_textblock  el_before_av_textblock '><h2 class='av-special-heading-tag '  itemprop=\"headline\"  >Einsatz von Kortison bei Gelenkschmerzen<\/h2><div class=\"special-heading-border\"><div class=\"special-heading-inner-border\"><\/div><\/div><\/div><br \/>\n<section  class='av_textblock_section av-lu1cd0no-c1fe5a19c1d40e4edf4023b5df431e5f '   itemscope=\"itemscope\" itemtype=\"https:\/\/schema.org\/CreativeWork\" ><div class='avia_textblock'  itemprop=\"text\" ><p>Kortison wird zur Behandlung entz\u00fcndeter und schmerzhafter Gelenke verwendet, indem es direkt in die betroffenen Bereiche injiziert wird. Die Hauptfunktion dieser Behandlung ist die Verringerung von Entz\u00fcndungen, was indirekt zu einer Schmerzlinderung f\u00fchrt, speziell in Gelenken wie dem Knie und der Schulter.<\/p>\n<\/div><\/section><br \/>\n\n<style type=\"text\/css\" data-created_by=\"avia_inline_auto\" id=\"style-css-av-lu1cd76y-5dc5bb447d5d0bb00fc78762eda6b293\">\n#top .av-special-heading.av-lu1cd76y-5dc5bb447d5d0bb00fc78762eda6b293{\npadding-bottom:10px;\n}\nbody .av-special-heading.av-lu1cd76y-5dc5bb447d5d0bb00fc78762eda6b293 .av-special-heading-tag .heading-char{\nfont-size:25px;\n}\n.av-special-heading.av-lu1cd76y-5dc5bb447d5d0bb00fc78762eda6b293 .av-subheading{\nfont-size:15px;\n}\n<\/style>\n<div  class='av-special-heading av-lu1cd76y-5dc5bb447d5d0bb00fc78762eda6b293 av-special-heading-h2 blockquote modern-quote  avia-builder-el-6  el_after_av_textblock  el_before_av_textblock '><h2 class='av-special-heading-tag '  itemprop=\"headline\"  >Risiken und Nebenwirkungen der Behandlung<\/h2><div class=\"special-heading-border\"><div class=\"special-heading-inner-border\"><\/div><\/div><\/div><br \/>\n<section  class='av_textblock_section av-lu1cdltn-e11c1d2b56a0492db71f1239d6765267 '   itemscope=\"itemscope\" itemtype=\"https:\/\/schema.org\/CreativeWork\" ><div class='avia_textblock'  itemprop=\"text\" ><p>Es ist essenziell, hohe Hygienestandards einzuhalten, um Infektionen zu verhindern. Zu den potenziellen Risiken geh\u00f6ren Nervensch\u00e4digungen, Gewebsatrophie, Hautver\u00e4nderungen und unerw\u00fcnschte Gelenkreaktionen. Nebenwirkungen wie Gesichtsr\u00f6tung, kurzfristige Blutdrucksteigerungen und bei Diabetikern tempor\u00e4re Blutzuckeranstiege k\u00f6nnen auftreten. Allergische Reaktionen sind selten, aber m\u00f6glich.<\/p>\n<\/div><\/section><br \/>\n\n<style type=\"text\/css\" data-created_by=\"avia_inline_auto\" id=\"style-css-av-lu1cdtah-44f6e75f7cf19fa789a539791d151f65\">\n#top .av-special-heading.av-lu1cdtah-44f6e75f7cf19fa789a539791d151f65{\npadding-bottom:10px;\n}\nbody .av-special-heading.av-lu1cdtah-44f6e75f7cf19fa789a539791d151f65 .av-special-heading-tag .heading-char{\nfont-size:25px;\n}\n.av-special-heading.av-lu1cdtah-44f6e75f7cf19fa789a539791d151f65 .av-subheading{\nfont-size:15px;\n}\n<\/style>\n<div  class='av-special-heading av-lu1cdtah-44f6e75f7cf19fa789a539791d151f65 av-special-heading-h2 blockquote modern-quote  avia-builder-el-8  el_after_av_textblock  el_before_av_textblock '><h2 class='av-special-heading-tag '  itemprop=\"headline\"  >Abschlussbewertung<\/h2><div class=\"special-heading-border\"><div class=\"special-heading-inner-border\"><\/div><\/div><\/div><br \/>\n<section  class='av_textblock_section av-lu1ce0bs-87cb251a38fcb06a43e43b2a691a88c6 '   itemscope=\"itemscope\" itemtype=\"https:\/\/schema.org\/CreativeWork\" ><div class='avia_textblock'  itemprop=\"text\" ><p>Injektionen mit Kortison k\u00f6nnen effektiv bei der Behandlung von Gelenkbeschwerden sein, erfordern jedoch eine genaue Abw\u00e4gung zwischen Nutzen und m\u00f6glichen Risiken.<\/p>\n<\/div><\/section><br \/>\n\n<style type=\"text\/css\" data-created_by=\"avia_inline_auto\" id=\"style-css-av-lu1cebsm-7377345bb880785f0121f721d8b85666\">\n#top .av-special-heading.av-lu1cebsm-7377345bb880785f0121f721d8b85666{\npadding-bottom:10px;\n}\nbody .av-special-heading.av-lu1cebsm-7377345bb880785f0121f721d8b85666 .av-special-heading-tag .heading-char{\nfont-size:25px;\n}\n.av-special-heading.av-lu1cebsm-7377345bb880785f0121f721d8b85666 .av-subheading{\nfont-size:15px;\n}\n<\/style>\n<div  class='av-special-heading av-lu1cebsm-7377345bb880785f0121f721d8b85666 av-special-heading-h2 blockquote modern-quote  avia-builder-el-10  el_after_av_textblock  el_before_av_textblock '><h2 class='av-special-heading-tag '  itemprop=\"headline\"  >Zus\u00e4tzliche Hinweise<\/h2><div class=\"special-heading-border\"><div class=\"special-heading-inner-border\"><\/div><\/div><\/div><br \/>\n<section  class='av_textblock_section av-lu1cejgp-aca81953ba5ee7b34d0e8043725fb047 '   itemscope=\"itemscope\" itemtype=\"https:\/\/schema.org\/CreativeWork\" ><div class='avia_textblock'  itemprop=\"text\" ><p>Die Behandlung ist darauf ausgelegt, schnell Schmerzen zu lindern und findet Anwendung bei diversen Gelenkerkrankungen. Nach der Injektion kann es kurzzeitig zu Taubheit kommen. Eine Schonung der behandelten Region in den folgenden Tagen ist ratsam. Mehrfachinjektionen an der gleichen Stelle k\u00f6nnen das Gewebe schw\u00e4chen und sollten nur fortgef\u00fchrt werden, wenn eine deutliche Besserung nach den ersten Behandlungen feststellbar ist.<\/p>\n<\/div><\/section><\/p><\/div>\n","protected":false},"excerpt":{"rendered":"","protected":false},"author":1,"featured_media":0,"parent":0,"menu_order":0,"comment_status":"closed","ping_status":"closed","template":"","meta":{"footnotes":""},"class_list":["post-925","page","type-page","status-publish","hentry"],"yoast_head":"<!-- This site is optimized with the Yoast SEO plugin v27.3 - https:\/\/yoast.com\/product\/yoast-seo-wordpress\/ -->\n<title>Kortison-Spritze - MVZ H\u00fcrth<\/title>\n<meta name=\"description\" content=\"Kortison wird zur Behandlung entz\u00fcndeter und schmerzhafter Gelenke verwendet, indem es direkt in die betroffenen Bereiche injiziert wird.\" \/>\n<meta name=\"robots\" content=\"index, follow, max-snippet:-1, max-image-preview:large, max-video-preview:-1\" \/>\n<link rel=\"canonical\" href=\"https:\/\/atos-mvz.de\/huerth\/kortison-spritze\/\" \/>\n<meta property=\"og:locale\" content=\"de_DE\" \/>\n<meta property=\"og:type\" content=\"article\" \/>\n<meta property=\"og:title\" content=\"Kortison-Spritze - MVZ H\u00fcrth\" \/>\n<meta property=\"og:description\" content=\"Kortison wird zur Behandlung entz\u00fcndeter und schmerzhafter Gelenke verwendet, indem es direkt in die betroffenen Bereiche injiziert wird.\" \/>\n<meta property=\"og:url\" content=\"https:\/\/atos-mvz.de\/huerth\/kortison-spritze\/\" \/>\n<meta property=\"og:site_name\" content=\"MVZ H\u00fcrth\" \/>\n<meta property=\"article:modified_time\" content=\"2024-05-25T13:07:36+00:00\" \/>\n<meta name=\"twitter:card\" content=\"summary_large_image\" \/>\n<script type=\"application\/ld+json\" class=\"yoast-schema-graph\">{\"@context\":\"https:\\\/\\\/schema.org\",\"@graph\":[{\"@type\":\"WebPage\",\"@id\":\"https:\\\/\\\/atos-mvz.de\\\/huerth\\\/kortison-spritze\\\/\",\"url\":\"https:\\\/\\\/atos-mvz.de\\\/huerth\\\/kortison-spritze\\\/\",\"name\":\"Kortison-Spritze - MVZ H\u00fcrth\",\"isPartOf\":{\"@id\":\"https:\\\/\\\/atos-mvz.de\\\/huerth\\\/#website\"},\"datePublished\":\"2024-03-21T14:43:38+00:00\",\"dateModified\":\"2024-05-25T13:07:36+00:00\",\"description\":\"Kortison wird zur Behandlung entz\u00fcndeter und schmerzhafter Gelenke verwendet, indem es direkt in die betroffenen Bereiche injiziert wird.\",\"breadcrumb\":{\"@id\":\"https:\\\/\\\/atos-mvz.de\\\/huerth\\\/kortison-spritze\\\/#breadcrumb\"},\"inLanguage\":\"de\",\"potentialAction\":[{\"@type\":\"ReadAction\",\"target\":[\"https:\\\/\\\/atos-mvz.de\\\/huerth\\\/kortison-spritze\\\/\"]}]},{\"@type\":\"BreadcrumbList\",\"@id\":\"https:\\\/\\\/atos-mvz.de\\\/huerth\\\/kortison-spritze\\\/#breadcrumb\",\"itemListElement\":[{\"@type\":\"ListItem\",\"position\":1,\"name\":\"Startseite\",\"item\":\"https:\\\/\\\/atos-mvz.de\\\/huerth\\\/startseite\\\/\"},{\"@type\":\"ListItem\",\"position\":2,\"name\":\"Kortison-Spritze\"}]},{\"@type\":\"WebSite\",\"@id\":\"https:\\\/\\\/atos-mvz.de\\\/huerth\\\/#website\",\"url\":\"https:\\\/\\\/atos-mvz.de\\\/huerth\\\/\",\"name\":\"MVZ H\u00fcrth\",\"description\":\"\",\"potentialAction\":[{\"@type\":\"SearchAction\",\"target\":{\"@type\":\"EntryPoint\",\"urlTemplate\":\"https:\\\/\\\/atos-mvz.de\\\/huerth\\\/?s={search_term_string}\"},\"query-input\":{\"@type\":\"PropertyValueSpecification\",\"valueRequired\":true,\"valueName\":\"search_term_string\"}}],\"inLanguage\":\"de\"}]}<\/script>\n<!-- \/ Yoast SEO plugin. -->","yoast_head_json":{"title":"Kortison-Spritze - MVZ H\u00fcrth","description":"Kortison wird zur Behandlung entz\u00fcndeter und schmerzhafter Gelenke verwendet, indem es direkt in die betroffenen Bereiche injiziert wird.","robots":{"index":"index","follow":"follow","max-snippet":"max-snippet:-1","max-image-preview":"max-image-preview:large","max-video-preview":"max-video-preview:-1"},"canonical":"https:\/\/atos-mvz.de\/huerth\/kortison-spritze\/","og_locale":"de_DE","og_type":"article","og_title":"Kortison-Spritze - MVZ H\u00fcrth","og_description":"Kortison wird zur Behandlung entz\u00fcndeter und schmerzhafter Gelenke verwendet, indem es direkt in die betroffenen Bereiche injiziert wird.","og_url":"https:\/\/atos-mvz.de\/huerth\/kortison-spritze\/","og_site_name":"MVZ H\u00fcrth","article_modified_time":"2024-05-25T13:07:36+00:00","twitter_card":"summary_large_image","schema":{"@context":"https:\/\/schema.org","@graph":[{"@type":"WebPage","@id":"https:\/\/atos-mvz.de\/huerth\/kortison-spritze\/","url":"https:\/\/atos-mvz.de\/huerth\/kortison-spritze\/","name":"Kortison-Spritze - MVZ H\u00fcrth","isPartOf":{"@id":"https:\/\/atos-mvz.de\/huerth\/#website"},"datePublished":"2024-03-21T14:43:38+00:00","dateModified":"2024-05-25T13:07:36+00:00","description":"Kortison wird zur Behandlung entz\u00fcndeter und schmerzhafter Gelenke verwendet, indem es direkt in die betroffenen Bereiche injiziert wird.","breadcrumb":{"@id":"https:\/\/atos-mvz.de\/huerth\/kortison-spritze\/#breadcrumb"},"inLanguage":"de","potentialAction":[{"@type":"ReadAction","target":["https:\/\/atos-mvz.de\/huerth\/kortison-spritze\/"]}]},{"@type":"BreadcrumbList","@id":"https:\/\/atos-mvz.de\/huerth\/kortison-spritze\/#breadcrumb","itemListElement":[{"@type":"ListItem","position":1,"name":"Startseite","item":"https:\/\/atos-mvz.de\/huerth\/startseite\/"},{"@type":"ListItem","position":2,"name":"Kortison-Spritze"}]},{"@type":"WebSite","@id":"https:\/\/atos-mvz.de\/huerth\/#website","url":"https:\/\/atos-mvz.de\/huerth\/","name":"MVZ H\u00fcrth","description":"","potentialAction":[{"@type":"SearchAction","target":{"@type":"EntryPoint","urlTemplate":"https:\/\/atos-mvz.de\/huerth\/?s={search_term_string}"},"query-input":{"@type":"PropertyValueSpecification","valueRequired":true,"valueName":"search_term_string"}}],"inLanguage":"de"}]}},"_links":{"self":[{"href":"https:\/\/atos-mvz.de\/huerth\/wp-json\/wp\/v2\/pages\/925","targetHints":{"allow":["GET"]}}],"collection":[{"href":"https:\/\/atos-mvz.de\/huerth\/wp-json\/wp\/v2\/pages"}],"about":[{"href":"https:\/\/atos-mvz.de\/huerth\/wp-json\/wp\/v2\/types\/page"}],"author":[{"embeddable":true,"href":"https:\/\/atos-mvz.de\/huerth\/wp-json\/wp\/v2\/users\/1"}],"replies":[{"embeddable":true,"href":"https:\/\/atos-mvz.de\/huerth\/wp-json\/wp\/v2\/comments?post=925"}],"version-history":[{"count":8,"href":"https:\/\/atos-mvz.de\/huerth\/wp-json\/wp\/v2\/pages\/925\/revisions"}],"predecessor-version":[{"id":1335,"href":"https:\/\/atos-mvz.de\/huerth\/wp-json\/wp\/v2\/pages\/925\/revisions\/1335"}],"wp:attachment":[{"href":"https:\/\/atos-mvz.de\/huerth\/wp-json\/wp\/v2\/media?parent=925"}],"curies":[{"name":"wp","href":"https:\/\/api.w.org\/{rel}","templated":true}]}}