{"id":919,"date":"2024-03-21T15:39:52","date_gmt":"2024-03-21T14:39:52","guid":{"rendered":"https:\/\/atos-mvz.de\/huerth\/?page_id=919"},"modified":"2024-05-25T14:58:57","modified_gmt":"2024-05-25T12:58:57","slug":"hyaluronsaeure","status":"publish","type":"page","link":"https:\/\/atos-mvz.de\/huerth\/hyaluronsaeure\/","title":{"rendered":"Hyalurons\u00e4ure"},"content":{"rendered":"\n<style type=\"text\/css\" data-created_by=\"avia_inline_auto\" id=\"style-css-av-gd2q7-59762214714c8600c600b45c20182cc5\">\n.avia-section.av-gd2q7-59762214714c8600c600b45c20182cc5{\nbackground-repeat:no-repeat;\nbackground-image:url(https:\/\/atos-mvz.de\/huerth\/wp-content\/uploads\/sites\/32\/2024\/03\/mvz-huerth-slider-zentrum-empfang.jpg);\nbackground-position:50% 50%;\nbackground-attachment:scroll;\n}\n.avia-section.av-gd2q7-59762214714c8600c600b45c20182cc5 .av-extra-border-element .av-extra-border-inner{\nbackground-color:#ffffff;\n}\n<\/style>\n<div id='header-img'  class='avia-section av-gd2q7-59762214714c8600c600b45c20182cc5 main_color avia-section-huge avia-no-border-styling  avia-builder-el-0  el_before_av_section  avia-builder-el-first  largeimg avia-full-stretch avia-bg-style-scroll container_wrap fullsize'  data-section-bg-repeat='stretch'><div class='container av-section-cont-open' ><main  role=\"main\" itemprop=\"mainContentOfPage\"  class='template-page content  av-content-full alpha units'><div class='post-entry post-entry-type-page post-entry-919'><div class='entry-content-wrapper clearfix'>\n<\/div><\/div><\/main><!-- close content main element --><\/div><div class='av-extra-border-element border-extra-diagonal border-extra-diagonal-inverse '><div class='av-extra-border-outer'><div class='av-extra-border-inner'><\/div><\/div><\/div><\/div>\n<style type=\"text\/css\" data-created_by=\"avia_inline_auto\" id=\"style-css-av-a3gtb-f2e8a3d40339ddc31c6b6a56dbf33340\">\n.avia-section.av-a3gtb-f2e8a3d40339ddc31c6b6a56dbf33340 .av-extra-border-element .av-extra-border-inner{\nbackground-color:#f1f0f5;\n}\n<\/style>\n<div id='av_section_2'  class='avia-section av-a3gtb-f2e8a3d40339ddc31c6b6a56dbf33340 main_color avia-section-large avia-no-border-styling  avia-builder-el-1  el_after_av_section  avia-builder-el-last  avia-bg-style-scroll container_wrap fullsize'  ><div class='container av-section-cont-open' ><div class='template-page content  av-content-full alpha units'><div class='post-entry post-entry-type-page post-entry-919'><div class='entry-content-wrapper clearfix'>\n<div  class='flex_column av-9hdaf-52d4f9a5a5cdf132dd19eb7153eb7ce7 av_four_fifth  avia-builder-el-2  avia-builder-el-no-sibling  first flex_column_div  '     ><section  class='av_textblock_section av-lu1c90nw-eec1e2a121c6278d0513307c4b5f1075 '   itemscope=\"itemscope\" itemtype=\"https:\/\/schema.org\/CreativeWork\" ><div class='avia_textblock'  itemprop=\"text\" ><h1><strong>Hyalurons\u00e4ure<\/strong><\/h1>\n<\/div><\/section><br \/>\n\n<style type=\"text\/css\" data-created_by=\"avia_inline_auto\" id=\"style-css-av-lu1c95ab-ba8e825034c79a54b49988908ded5810\">\n#top .av-special-heading.av-lu1c95ab-ba8e825034c79a54b49988908ded5810{\npadding-bottom:10px;\n}\nbody .av-special-heading.av-lu1c95ab-ba8e825034c79a54b49988908ded5810 .av-special-heading-tag .heading-char{\nfont-size:25px;\n}\n.av-special-heading.av-lu1c95ab-ba8e825034c79a54b49988908ded5810 .av-subheading{\nfont-size:15px;\n}\n<\/style>\n<div  class='av-special-heading av-lu1c95ab-ba8e825034c79a54b49988908ded5810 av-special-heading-h2 blockquote modern-quote  avia-builder-el-4  el_after_av_textblock  el_before_av_textblock '><h2 class='av-special-heading-tag '  itemprop=\"headline\"  >Einsatz von Hyalurons\u00e4ure zur Gelenkbehandlung<\/h2><div class=\"special-heading-border\"><div class=\"special-heading-inner-border\"><\/div><\/div><\/div><br \/>\n<section  class='av_textblock_section av-lu1c9lu8-47bf5a8c05b7142b15dd24ae22cd87c7 '   itemscope=\"itemscope\" itemtype=\"https:\/\/schema.org\/CreativeWork\" ><div class='avia_textblock'  itemprop=\"text\" ><p>Injektionen mit Hyalurons\u00e4ure sind effektiv in der Linderung von Gelenkschmerzen bei leichter Arthrose. Diese Therapie erh\u00f6ht die Mobilit\u00e4t und verbessert die Gehf\u00e4higkeit, besonders bei Arthrose in H\u00fcfte, Knie oder Sprunggelenken. Hyalurons\u00e4ure fungiert im Gelenk als Schmierstoff, optimiert die Beweglichkeit und unterst\u00fctzt die Nahrungszufuhr f\u00fcr den Knorpel. Ein Mangel an Hyalurons\u00e4ure, oft durch Entz\u00fcndungen oder Gelenksch\u00e4den verursacht, kann durch solche Injektionen behoben werden, was den Verschlei\u00df verlangsamt. Verschiedene Typen von Hyalurons\u00e4ure bieten spezifische therapeutische Effekte, die wesentlich zur Schmerzreduktion und Verbesserung der Lebensqualit\u00e4t beitragen k\u00f6nnen. Nebenwirkungen sind selten, k\u00f6nnen jedoch tempor\u00e4re Schmerzen oder Infektionen umfassen. Eine erg\u00e4nzende Behandlung, die sich direkt an den Ursachen der Arthrose orientiert, wird oft zus\u00e4tzlich empfohlen.<\/p>\n<\/div><\/section><\/p><\/div>\n","protected":false},"excerpt":{"rendered":"","protected":false},"author":1,"featured_media":0,"parent":0,"menu_order":0,"comment_status":"closed","ping_status":"closed","template":"","meta":{"footnotes":""},"class_list":["post-919","page","type-page","status-publish","hentry"],"yoast_head":"<!-- This site is optimized with the Yoast SEO plugin v27.2 - https:\/\/yoast.com\/product\/yoast-seo-wordpress\/ -->\n<title>Hyalurons\u00e4ure - MVZ H\u00fcrth<\/title>\n<meta name=\"description\" content=\"Injektionen mit Hyalurons\u00e4ure sind effektiv und einfach in der Linderung von Gelenkschmerzen bei leichter Arthrose.\" \/>\n<meta name=\"robots\" content=\"index, follow, max-snippet:-1, max-image-preview:large, max-video-preview:-1\" \/>\n<link rel=\"canonical\" href=\"https:\/\/atos-mvz.de\/huerth\/hyaluronsaeure\/\" \/>\n<meta property=\"og:locale\" content=\"de_DE\" \/>\n<meta property=\"og:type\" content=\"article\" \/>\n<meta property=\"og:title\" content=\"Hyalurons\u00e4ure - MVZ H\u00fcrth\" \/>\n<meta property=\"og:description\" content=\"Injektionen mit Hyalurons\u00e4ure sind effektiv und einfach in der Linderung von Gelenkschmerzen bei leichter Arthrose.\" \/>\n<meta property=\"og:url\" content=\"https:\/\/atos-mvz.de\/huerth\/hyaluronsaeure\/\" \/>\n<meta property=\"og:site_name\" content=\"MVZ H\u00fcrth\" \/>\n<meta property=\"article:modified_time\" content=\"2024-05-25T12:58:57+00:00\" \/>\n<meta name=\"twitter:card\" content=\"summary_large_image\" \/>\n<script type=\"application\/ld+json\" class=\"yoast-schema-graph\">{\"@context\":\"https:\/\/schema.org\",\"@graph\":[{\"@type\":\"WebPage\",\"@id\":\"https:\/\/atos-mvz.de\/huerth\/hyaluronsaeure\/\",\"url\":\"https:\/\/atos-mvz.de\/huerth\/hyaluronsaeure\/\",\"name\":\"Hyalurons\u00e4ure - MVZ H\u00fcrth\",\"isPartOf\":{\"@id\":\"https:\/\/atos-mvz.de\/huerth\/#website\"},\"datePublished\":\"2024-03-21T14:39:52+00:00\",\"dateModified\":\"2024-05-25T12:58:57+00:00\",\"description\":\"Injektionen mit Hyalurons\u00e4ure sind effektiv und einfach in der Linderung von Gelenkschmerzen bei leichter Arthrose.\",\"breadcrumb\":{\"@id\":\"https:\/\/atos-mvz.de\/huerth\/hyaluronsaeure\/#breadcrumb\"},\"inLanguage\":\"de\",\"potentialAction\":[{\"@type\":\"ReadAction\",\"target\":[\"https:\/\/atos-mvz.de\/huerth\/hyaluronsaeure\/\"]}]},{\"@type\":\"BreadcrumbList\",\"@id\":\"https:\/\/atos-mvz.de\/huerth\/hyaluronsaeure\/#breadcrumb\",\"itemListElement\":[{\"@type\":\"ListItem\",\"position\":1,\"name\":\"Startseite\",\"item\":\"https:\/\/atos-mvz.de\/huerth\/startseite\/\"},{\"@type\":\"ListItem\",\"position\":2,\"name\":\"Hyalurons\u00e4ure\"}]},{\"@type\":\"WebSite\",\"@id\":\"https:\/\/atos-mvz.de\/huerth\/#website\",\"url\":\"https:\/\/atos-mvz.de\/huerth\/\",\"name\":\"MVZ H\u00fcrth\",\"description\":\"\",\"potentialAction\":[{\"@type\":\"SearchAction\",\"target\":{\"@type\":\"EntryPoint\",\"urlTemplate\":\"https:\/\/atos-mvz.de\/huerth\/?s={search_term_string}\"},\"query-input\":{\"@type\":\"PropertyValueSpecification\",\"valueRequired\":true,\"valueName\":\"search_term_string\"}}],\"inLanguage\":\"de\"}]}<\/script>\n<!-- \/ Yoast SEO plugin. -->","yoast_head_json":{"title":"Hyalurons\u00e4ure - MVZ H\u00fcrth","description":"Injektionen mit Hyalurons\u00e4ure sind effektiv und einfach in der Linderung von Gelenkschmerzen bei leichter Arthrose.","robots":{"index":"index","follow":"follow","max-snippet":"max-snippet:-1","max-image-preview":"max-image-preview:large","max-video-preview":"max-video-preview:-1"},"canonical":"https:\/\/atos-mvz.de\/huerth\/hyaluronsaeure\/","og_locale":"de_DE","og_type":"article","og_title":"Hyalurons\u00e4ure - MVZ H\u00fcrth","og_description":"Injektionen mit Hyalurons\u00e4ure sind effektiv und einfach in der Linderung von Gelenkschmerzen bei leichter Arthrose.","og_url":"https:\/\/atos-mvz.de\/huerth\/hyaluronsaeure\/","og_site_name":"MVZ H\u00fcrth","article_modified_time":"2024-05-25T12:58:57+00:00","twitter_card":"summary_large_image","schema":{"@context":"https:\/\/schema.org","@graph":[{"@type":"WebPage","@id":"https:\/\/atos-mvz.de\/huerth\/hyaluronsaeure\/","url":"https:\/\/atos-mvz.de\/huerth\/hyaluronsaeure\/","name":"Hyalurons\u00e4ure - MVZ H\u00fcrth","isPartOf":{"@id":"https:\/\/atos-mvz.de\/huerth\/#website"},"datePublished":"2024-03-21T14:39:52+00:00","dateModified":"2024-05-25T12:58:57+00:00","description":"Injektionen mit Hyalurons\u00e4ure sind effektiv und einfach in der Linderung von Gelenkschmerzen bei leichter Arthrose.","breadcrumb":{"@id":"https:\/\/atos-mvz.de\/huerth\/hyaluronsaeure\/#breadcrumb"},"inLanguage":"de","potentialAction":[{"@type":"ReadAction","target":["https:\/\/atos-mvz.de\/huerth\/hyaluronsaeure\/"]}]},{"@type":"BreadcrumbList","@id":"https:\/\/atos-mvz.de\/huerth\/hyaluronsaeure\/#breadcrumb","itemListElement":[{"@type":"ListItem","position":1,"name":"Startseite","item":"https:\/\/atos-mvz.de\/huerth\/startseite\/"},{"@type":"ListItem","position":2,"name":"Hyalurons\u00e4ure"}]},{"@type":"WebSite","@id":"https:\/\/atos-mvz.de\/huerth\/#website","url":"https:\/\/atos-mvz.de\/huerth\/","name":"MVZ H\u00fcrth","description":"","potentialAction":[{"@type":"SearchAction","target":{"@type":"EntryPoint","urlTemplate":"https:\/\/atos-mvz.de\/huerth\/?s={search_term_string}"},"query-input":{"@type":"PropertyValueSpecification","valueRequired":true,"valueName":"search_term_string"}}],"inLanguage":"de"}]}},"_links":{"self":[{"href":"https:\/\/atos-mvz.de\/huerth\/wp-json\/wp\/v2\/pages\/919","targetHints":{"allow":["GET"]}}],"collection":[{"href":"https:\/\/atos-mvz.de\/huerth\/wp-json\/wp\/v2\/pages"}],"about":[{"href":"https:\/\/atos-mvz.de\/huerth\/wp-json\/wp\/v2\/types\/page"}],"author":[{"embeddable":true,"href":"https:\/\/atos-mvz.de\/huerth\/wp-json\/wp\/v2\/users\/1"}],"replies":[{"embeddable":true,"href":"https:\/\/atos-mvz.de\/huerth\/wp-json\/wp\/v2\/comments?post=919"}],"version-history":[{"count":8,"href":"https:\/\/atos-mvz.de\/huerth\/wp-json\/wp\/v2\/pages\/919\/revisions"}],"predecessor-version":[{"id":1454,"href":"https:\/\/atos-mvz.de\/huerth\/wp-json\/wp\/v2\/pages\/919\/revisions\/1454"}],"wp:attachment":[{"href":"https:\/\/atos-mvz.de\/huerth\/wp-json\/wp\/v2\/media?parent=919"}],"curies":[{"name":"wp","href":"https:\/\/api.w.org\/{rel}","templated":true}]}}