{"id":37,"date":"2021-01-27T11:09:58","date_gmt":"2021-01-27T10:09:58","guid":{"rendered":"https:\/\/atos-mvz.de\/huerth\/?page_id=37"},"modified":"2026-01-14T12:23:04","modified_gmt":"2026-01-14T11:23:04","slug":"kontakt","status":"publish","type":"page","link":"https:\/\/atos-mvz.de\/huerth\/kontakt\/","title":{"rendered":"Kontakt"},"content":{"rendered":"\n<style type=\"text\/css\" data-created_by=\"avia_inline_auto\" id=\"style-css-av-kkf8p3ck-1770977384ef10a250738beccc69cd16\">\n.avia-section.av-kkf8p3ck-1770977384ef10a250738beccc69cd16{\nbackground-repeat:no-repeat;\nbackground-image:url(https:\/\/atos-mvz.de\/huerth\/wp-content\/uploads\/sites\/32\/2024\/03\/mvz-huerth-slider-zentrum-empfang.jpg);\nbackground-position:0% 50%;\nbackground-attachment:scroll;\n}\n.avia-section.av-kkf8p3ck-1770977384ef10a250738beccc69cd16 .av-extra-border-element .av-extra-border-inner{\nbackground-color:#ffffff;\n}\n<\/style>\n<div id='header-img'  class='avia-section av-kkf8p3ck-1770977384ef10a250738beccc69cd16 main_color avia-section-huge avia-no-border-styling  avia-builder-el-0  el_before_av_section  avia-builder-el-first  largeimg avia-full-stretch avia-bg-style-scroll container_wrap fullsize'  data-section-bg-repeat='stretch'><div class='container av-section-cont-open' ><main  role=\"main\" itemprop=\"mainContentOfPage\"  class='template-page content  av-content-full alpha units'><div class='post-entry post-entry-type-page post-entry-37'><div class='entry-content-wrapper clearfix'>\n<\/div><\/div><\/main><!-- close content main element --><\/div><div class='av-extra-border-element border-extra-diagonal border-extra-diagonal-inverse '><div class='av-extra-border-outer'><div class='av-extra-border-inner'><\/div><\/div><\/div><\/div><div id='av_section_2'  class='avia-section av-kkf9umjd-6b2b6bf0954667ed1268d6be05c70b36 main_color avia-section-large avia-no-border-styling  avia-builder-el-1  el_after_av_section  el_before_av_section  standort avia-bg-style-scroll container_wrap fullsize'  ><div class='container av-section-cont-open' ><div class='template-page content  av-content-full alpha units'><div class='post-entry post-entry-type-page post-entry-37'><div class='entry-content-wrapper clearfix'>\n<div  class='flex_column av-28tfx-6d2f110ae0b5b1b4b3bc480a1029a7ec av_one_half  avia-builder-el-2  el_before_av_one_half  avia-builder-el-first  first flex_column_div  '     ><section  class='av_textblock_section av-kx8rq04o-b23bd82bf07d6c419fd771332c409e54 '   itemscope=\"itemscope\" itemtype=\"https:\/\/schema.org\/CreativeWork\" ><div class='avia_textblock'  itemprop=\"text\" ><h2>ATOS MVZ <strong>H\u00fcrth<\/strong><\/h2>\n<\/div><\/section><br \/>\n<div  class='avia-icon-list-container av-ls1k27ue-f9ae3ce073775d8295ac7c178a0721e3  avia-builder-el-4  el_after_av_textblock  el_before_av_button '><ul class='avia-icon-list avia_animate_when_almost_visible avia-icon-list-left av-iconlist-small av-ls1k27ue-f9ae3ce073775d8295ac7c178a0721e3 avia-iconlist-animate'>\n<li><div class='iconlist_icon av-ls1k1s1e-e9f135f4ec4d418090aa673f9039654b avia-font-fontello avia-iconfont avia-font-fontello'><span class='av-icon-char' data-av_icon='\ue800' data-av_iconfont='fontello' aria-hidden=\"true\"><\/span><\/div><article class=\"article-icon-entry av-iconlist-empty\"  itemscope=\"itemscope\" itemtype=\"https:\/\/schema.org\/CreativeWork\" ><div class=\"iconlist_content_wrap\"><header class=\"entry-content-header\" aria-label=\"Icon: Theresienh\u00f6he 1<br> 50354 H\u00fcrth\"><div class='av_iconlist_title iconlist_title_small  '  itemprop=\"headline\" >Theresienh\u00f6he 1<br> 50354 H\u00fcrth<\/div><\/header><div class='iconlist_content '  itemprop=\"text\" ><\/div><\/div><footer class=\"entry-footer\"><\/footer><\/article><div class=\"iconlist-timeline\"><\/div><\/li>\n<li><div class='iconlist_icon av-ls1k248r-1-310c821c4a7d210e1069fa7e4cfb24f2 avia-font-fontello avia-iconfont avia-font-fontello'><span class='av-icon-char' data-av_icon='\ue802' data-av_iconfont='fontello' aria-hidden=\"true\"><\/span><\/div><article class=\"article-icon-entry av-iconlist-empty\"  itemscope=\"itemscope\" itemtype=\"https:\/\/schema.org\/CreativeWork\" ><div class=\"iconlist_content_wrap\"><header class=\"entry-content-header\" aria-label=\"Icon: &lt;a href=&#039;tel:+4922339396410&#039; title=&#039;02233 9396410&#039;&gt;02233 9396410&lt;\/a&gt;\"><div class='av_iconlist_title iconlist_title_small  '  itemprop=\"headline\" ><a href='tel:+4922339396410' title='02233 9396410'>02233 9396410<\/a><\/div><\/header><div class='iconlist_content '  itemprop=\"text\" ><\/div><\/div><footer class=\"entry-footer\"><\/footer><\/article><div class=\"iconlist-timeline\"><\/div><\/li>\n<li><div class='iconlist_icon av-ls1k248r-6321c1b59926353cf00e6d329418e8a9 avia-font-fontello avia-iconfont avia-font-fontello'><span class='av-icon-char' data-av_icon='\uf0e0' data-av_iconfont='fontello' aria-hidden=\"true\"><\/span><\/div><article class=\"article-icon-entry av-iconlist-empty\"  itemscope=\"itemscope\" itemtype=\"https:\/\/schema.org\/CreativeWork\" ><div class=\"iconlist_content_wrap\"><header class=\"entry-content-header\" aria-label=\"Icon: &lt;a href=&#039;mailto:huerth-mvz.rheinland@atos.de&#039; title=&#039;huerth-mvz.rheinland@atos.de&#039;&gt;huerth-mvz.rheinland@atos.de&lt;\/a&gt;\"><div class='av_iconlist_title iconlist_title_small  '  itemprop=\"headline\" ><a href='mailto:huerth-mvz.rheinland@atos.de' title='huerth-mvz.rheinland@atos.de'>huerth-mvz.rheinland@atos.de<\/a><\/div><\/header><div class='iconlist_content '  itemprop=\"text\" ><\/div><\/div><footer class=\"entry-footer\"><\/footer><\/article><div class=\"iconlist-timeline\"><\/div><\/li>\n<\/ul><\/div><br \/>\n<div  class='avia-button-wrap av-lu2r3dyj-42c9f4db46aa0ad0d8adcccef472c892-wrap avia-button-left  avia-builder-el-5  el_after_av_iconlist  avia-builder-el-last '><a href='https:\/\/www.doctolib.de\/praxis\/koeln-bruehl-huerth\/praxis-zentrum-klinik-dr-merkle-kollegen?pid=practice-23677'  class='avia-button av-lu2r3dyj-42c9f4db46aa0ad0d8adcccef472c892 av-link-btn avia-icon_select-yes-right-icon avia-size-small avia-position-left avia-color-theme-color'  target=\"_blank\"  rel=\"noopener noreferrer\"  aria-label=\"Termin vereinbaren\"><span class='avia_iconbox_title' >Termin vereinbaren<\/span><span class='avia_button_icon avia_button_icon_right avia-iconfont avia-font-entypo-fontello' data-av_icon='\ue85b' data-av_iconfont='entypo-fontello' ><\/span><\/a><\/div><\/p><\/div><div  class='flex_column av-6a6p-2cef3d79592ad9a572a16583d4a3546a av_one_half  avia-builder-el-6  el_after_av_one_half  avia-builder-el-last  flex_column_div  '     ><section  class='av_textblock_section av-sbpd-222fac066e7c0a2a86cecbda6ea83a46 '   itemscope=\"itemscope\" itemtype=\"https:\/\/schema.org\/CreativeWork\" ><div class='avia_textblock'  itemprop=\"text\" ><h3>Aktuelle <strong>Sprechstundenzeiten<\/strong><\/h3>\n<\/div><\/section><br \/>\n<div class='avia-data-table-wrap av-lb8c-955324aac03b7b2ec12c54881e8304f1 avia_scrollable_table avia-table-1'><table  class='avia-table avia-data-table avia_pricing_default  avia-builder-el-8  el_after_av_textblock  el_before_av_textblock  spalten3'  itemscope=\"itemscope\" itemtype=\"https:\/\/schema.org\/Table\" ><tbody><tr class=''><td class=''>Montag<\/td><td class=''>8:00 &#8211; 13:00 Uhr<\/td><td class=''>14:00 &#8211; 18:00 Uhr<\/td><\/tr><tr class=''><td class=''>Dienstag<\/td><td class=''>8:00 &#8211; 13:00 Uhr<\/td><td class=''>14:00 &#8211; 18:00 Uhr<\/td><\/tr><tr class=''><td class=''>Mittwoch<\/td><td class=''>8:00 &#8211; 13:00 Uhr<\/td><td class=''>14:00 &#8211; 18:00 Uhr<\/td><\/tr><tr class=''><td class=''>Donnerstag<\/td><td class=''>8:00 &#8211; 13:00 Uhr<\/td><td class=''>14:00 &#8211; 18:00 Uhr<\/td><\/tr><tr class=''><td class=''>Freitag<\/td><td class=''>8:00 &#8211; 13:00 Uhr<\/td><td class=''><\/td><\/tr><\/tbody><\/table><\/div><br \/>\n\n<style type=\"text\/css\" data-created_by=\"avia_inline_auto\" id=\"style-css-av-48vt-f3574e64be076c2f524089fe43326601\">\n#top .av_textblock_section.av-48vt-f3574e64be076c2f524089fe43326601 .avia_textblock{\nfont-size:15px;\n}\n<\/style>\n<section  class='av_textblock_section av-48vt-f3574e64be076c2f524089fe43326601 '   itemscope=\"itemscope\" itemtype=\"https:\/\/schema.org\/CreativeWork\" ><div class='avia_textblock'  itemprop=\"text\" ><p><strong>Notfallsprechstunde<\/strong><\/p>\n<p>Montag, Mittwoch, Donnerstag und Freitag<br \/>\nTermine buchbar \u00fcber den Doctolib-Kalender von Herrn Pohlmann (Kategorie Akut)<\/p>\n<p>Dienstag<br \/>\nin der Regel bei Herrn Tenner,<br \/>\nbuchbar \u00fcber den Doctolib-Kalender von Herrn Tenner (Kategorie Akut)<\/p>\n<p>Termine buchbar am selben Tag ab 06:00 Uhr<\/p>\n<\/div><\/section><\/p><\/div><\/div><\/div><\/div><!-- close content main div --><\/div><\/div><div id='av_section_3'  class='avia-section av-2wkj9-58b659298b31ab570238639503e6758c main_color avia-section-large avia-no-border-styling  avia-builder-el-10  el_after_av_section  avia-builder-el-last  avia-bg-style-scroll container_wrap fullsize'  ><div class='container av-section-cont-open' ><div class='template-page content  av-content-full alpha units'><div class='post-entry post-entry-type-page post-entry-37'><div class='entry-content-wrapper clearfix'>\n<div  class='flex_column av-lu70aoff-6f259353510a1c7f11dd602a0d55bc20 av_one_half  avia-builder-el-11  el_before_av_one_half  avia-builder-el-first  first av-break-at-tablet flex_column_div  '     ><section  class='av_textblock_section av-1vjfl-1a0363fc97ab9833615535605607b60b '   itemscope=\"itemscope\" itemtype=\"https:\/\/schema.org\/CreativeWork\" ><div class='avia_textblock'  itemprop=\"text\" ><h2><strong>Praxiswegweiser<\/strong><\/h2>\n<p>Die orthop\u00e4dische Praxis und das ambulante OP-Zentrum befinden sich direkt gegen\u00fcber des H\u00fcrth Park Einkaufszentrums. Kostenlose Parkpl\u00e4tzte stehen im Einkaufzentrum bereit.<\/p>\n<\/div><\/section><\/div><div  class='flex_column av-1l44h-4036a8ef6ef7dc5cbe8bd619fdcb6516 av_one_half  avia-builder-el-13  el_after_av_one_half  avia-builder-el-last  av-break-at-tablet flex_column_div  '     ><section  class='av_textblock_section av-10za1-ea98279d391c93665f6ddb35a98b8441 '   itemscope=\"itemscope\" itemtype=\"https:\/\/schema.org\/CreativeWork\" ><div class='avia_textblock'  itemprop=\"text\" ><p><strong>Mit dem PKW<\/strong><\/p>\n<p>Sie erreichen uns mit dem Auto \u00fcber die A4 (Aachen) oder A1 (DO) \u00fcber B265, Richtung \u201eH\u00fcrth Park (EKZ)\u201c.<\/p>\n<p><strong>Mit \u00f6ffentlichen Verkehrsmitteln<\/strong><\/p>\n<p>Haltestelle H\u00fcrth Park: Sie erreichen uns mit den Bus-Linien 711,712, 713,714, 960,980 und KVB-Linie 18 aus K\u00f6ln.<\/p>\n<\/div><\/section><\/div>\n<\/p>\n","protected":false},"excerpt":{"rendered":"","protected":false},"author":2,"featured_media":0,"parent":0,"menu_order":0,"comment_status":"closed","ping_status":"closed","template":"","meta":{"footnotes":""},"class_list":["post-37","page","type-page","status-publish","hentry"],"yoast_head":"<!-- This site is optimized with the Yoast SEO plugin v27.2 - https:\/\/yoast.com\/product\/yoast-seo-wordpress\/ -->\n<title>Kontakt - MVZ H\u00fcrth<\/title>\n<meta name=\"description\" content=\"Besuchen Sie das ATOS MVZ H\u00fcrth an der Theresienh\u00f6he 1. Wir bieten moderne Orthop\u00e4die &amp; ein ambulantes OP-Zentrum. Alle Infos zu Kontakt &amp; Anfahrt hier.\" \/>\n<meta name=\"robots\" content=\"index, follow, max-snippet:-1, max-image-preview:large, max-video-preview:-1\" \/>\n<link rel=\"canonical\" href=\"https:\/\/atos-mvz.de\/huerth\/kontakt\/\" \/>\n<meta property=\"og:locale\" content=\"de_DE\" \/>\n<meta property=\"og:type\" content=\"article\" \/>\n<meta property=\"og:title\" content=\"Kontakt - MVZ H\u00fcrth\" \/>\n<meta property=\"og:description\" content=\"Besuchen Sie das ATOS MVZ H\u00fcrth an der Theresienh\u00f6he 1. Wir bieten moderne Orthop\u00e4die &amp; ein ambulantes OP-Zentrum. Alle Infos zu Kontakt &amp; Anfahrt hier.\" \/>\n<meta property=\"og:url\" content=\"https:\/\/atos-mvz.de\/huerth\/kontakt\/\" \/>\n<meta property=\"og:site_name\" content=\"MVZ H\u00fcrth\" \/>\n<meta property=\"article:modified_time\" content=\"2026-01-14T11:23:04+00:00\" \/>\n<meta name=\"twitter:card\" content=\"summary_large_image\" \/>\n<script type=\"application\/ld+json\" class=\"yoast-schema-graph\">{\"@context\":\"https:\/\/schema.org\",\"@graph\":[{\"@type\":\"WebPage\",\"@id\":\"https:\/\/atos-mvz.de\/huerth\/kontakt\/\",\"url\":\"https:\/\/atos-mvz.de\/huerth\/kontakt\/\",\"name\":\"Kontakt - MVZ H\u00fcrth\",\"isPartOf\":{\"@id\":\"https:\/\/atos-mvz.de\/huerth\/#website\"},\"datePublished\":\"2021-01-27T10:09:58+00:00\",\"dateModified\":\"2026-01-14T11:23:04+00:00\",\"description\":\"Besuchen Sie das ATOS MVZ H\u00fcrth an der Theresienh\u00f6he 1. Wir bieten moderne Orthop\u00e4die & ein ambulantes OP-Zentrum. Alle Infos zu Kontakt & Anfahrt hier.\",\"breadcrumb\":{\"@id\":\"https:\/\/atos-mvz.de\/huerth\/kontakt\/#breadcrumb\"},\"inLanguage\":\"de\",\"potentialAction\":[{\"@type\":\"ReadAction\",\"target\":[\"https:\/\/atos-mvz.de\/huerth\/kontakt\/\"]}]},{\"@type\":\"BreadcrumbList\",\"@id\":\"https:\/\/atos-mvz.de\/huerth\/kontakt\/#breadcrumb\",\"itemListElement\":[{\"@type\":\"ListItem\",\"position\":1,\"name\":\"Startseite\",\"item\":\"https:\/\/atos-mvz.de\/huerth\/startseite\/\"},{\"@type\":\"ListItem\",\"position\":2,\"name\":\"Kontakt\"}]},{\"@type\":\"WebSite\",\"@id\":\"https:\/\/atos-mvz.de\/huerth\/#website\",\"url\":\"https:\/\/atos-mvz.de\/huerth\/\",\"name\":\"MVZ H\u00fcrth\",\"description\":\"\",\"potentialAction\":[{\"@type\":\"SearchAction\",\"target\":{\"@type\":\"EntryPoint\",\"urlTemplate\":\"https:\/\/atos-mvz.de\/huerth\/?s={search_term_string}\"},\"query-input\":{\"@type\":\"PropertyValueSpecification\",\"valueRequired\":true,\"valueName\":\"search_term_string\"}}],\"inLanguage\":\"de\"}]}<\/script>\n<!-- \/ Yoast SEO plugin. -->","yoast_head_json":{"title":"Kontakt - MVZ H\u00fcrth","description":"Besuchen Sie das ATOS MVZ H\u00fcrth an der Theresienh\u00f6he 1. Wir bieten moderne Orthop\u00e4die & ein ambulantes OP-Zentrum. Alle Infos zu Kontakt & Anfahrt hier.","robots":{"index":"index","follow":"follow","max-snippet":"max-snippet:-1","max-image-preview":"max-image-preview:large","max-video-preview":"max-video-preview:-1"},"canonical":"https:\/\/atos-mvz.de\/huerth\/kontakt\/","og_locale":"de_DE","og_type":"article","og_title":"Kontakt - MVZ H\u00fcrth","og_description":"Besuchen Sie das ATOS MVZ H\u00fcrth an der Theresienh\u00f6he 1. Wir bieten moderne Orthop\u00e4die & ein ambulantes OP-Zentrum. Alle Infos zu Kontakt & Anfahrt hier.","og_url":"https:\/\/atos-mvz.de\/huerth\/kontakt\/","og_site_name":"MVZ H\u00fcrth","article_modified_time":"2026-01-14T11:23:04+00:00","twitter_card":"summary_large_image","schema":{"@context":"https:\/\/schema.org","@graph":[{"@type":"WebPage","@id":"https:\/\/atos-mvz.de\/huerth\/kontakt\/","url":"https:\/\/atos-mvz.de\/huerth\/kontakt\/","name":"Kontakt - MVZ H\u00fcrth","isPartOf":{"@id":"https:\/\/atos-mvz.de\/huerth\/#website"},"datePublished":"2021-01-27T10:09:58+00:00","dateModified":"2026-01-14T11:23:04+00:00","description":"Besuchen Sie das ATOS MVZ H\u00fcrth an der Theresienh\u00f6he 1. Wir bieten moderne Orthop\u00e4die & ein ambulantes OP-Zentrum. Alle Infos zu Kontakt & Anfahrt hier.","breadcrumb":{"@id":"https:\/\/atos-mvz.de\/huerth\/kontakt\/#breadcrumb"},"inLanguage":"de","potentialAction":[{"@type":"ReadAction","target":["https:\/\/atos-mvz.de\/huerth\/kontakt\/"]}]},{"@type":"BreadcrumbList","@id":"https:\/\/atos-mvz.de\/huerth\/kontakt\/#breadcrumb","itemListElement":[{"@type":"ListItem","position":1,"name":"Startseite","item":"https:\/\/atos-mvz.de\/huerth\/startseite\/"},{"@type":"ListItem","position":2,"name":"Kontakt"}]},{"@type":"WebSite","@id":"https:\/\/atos-mvz.de\/huerth\/#website","url":"https:\/\/atos-mvz.de\/huerth\/","name":"MVZ H\u00fcrth","description":"","potentialAction":[{"@type":"SearchAction","target":{"@type":"EntryPoint","urlTemplate":"https:\/\/atos-mvz.de\/huerth\/?s={search_term_string}"},"query-input":{"@type":"PropertyValueSpecification","valueRequired":true,"valueName":"search_term_string"}}],"inLanguage":"de"}]}},"_links":{"self":[{"href":"https:\/\/atos-mvz.de\/huerth\/wp-json\/wp\/v2\/pages\/37","targetHints":{"allow":["GET"]}}],"collection":[{"href":"https:\/\/atos-mvz.de\/huerth\/wp-json\/wp\/v2\/pages"}],"about":[{"href":"https:\/\/atos-mvz.de\/huerth\/wp-json\/wp\/v2\/types\/page"}],"author":[{"embeddable":true,"href":"https:\/\/atos-mvz.de\/huerth\/wp-json\/wp\/v2\/users\/2"}],"replies":[{"embeddable":true,"href":"https:\/\/atos-mvz.de\/huerth\/wp-json\/wp\/v2\/comments?post=37"}],"version-history":[{"count":44,"href":"https:\/\/atos-mvz.de\/huerth\/wp-json\/wp\/v2\/pages\/37\/revisions"}],"predecessor-version":[{"id":1488,"href":"https:\/\/atos-mvz.de\/huerth\/wp-json\/wp\/v2\/pages\/37\/revisions\/1488"}],"wp:attachment":[{"href":"https:\/\/atos-mvz.de\/huerth\/wp-json\/wp\/v2\/media?parent=37"}],"curies":[{"name":"wp","href":"https:\/\/api.w.org\/{rel}","templated":true}]}}