{"id":317,"date":"2021-01-29T14:12:29","date_gmt":"2021-01-29T13:12:29","guid":{"rendered":"https:\/\/atos-mvz.de\/huerth\/?page_id=317"},"modified":"2024-05-25T14:44:14","modified_gmt":"2024-05-25T12:44:14","slug":"acp-therapie","status":"publish","type":"page","link":"https:\/\/atos-mvz.de\/huerth\/acp-therapie\/","title":{"rendered":"ACP-Therapie"},"content":{"rendered":"\n<style type=\"text\/css\" data-created_by=\"avia_inline_auto\" id=\"style-css-av-kkfaterk-ed5b098daa0b38f0bbf22b4fdb99b692\">\n.avia-section.av-kkfaterk-ed5b098daa0b38f0bbf22b4fdb99b692{\nbackground-repeat:no-repeat;\nbackground-image:url(https:\/\/atos-mvz.de\/huerth\/wp-content\/uploads\/sites\/32\/2024\/03\/mvz-huerth-slider-zentrum-empfang.jpg);\nbackground-position:0% 50%;\nbackground-attachment:scroll;\n}\n.avia-section.av-kkfaterk-ed5b098daa0b38f0bbf22b4fdb99b692 .av-extra-border-element .av-extra-border-inner{\nbackground-color:#ffffff;\n}\n<\/style>\n<div id='header-img'  class='avia-section av-kkfaterk-ed5b098daa0b38f0bbf22b4fdb99b692 main_color avia-section-huge avia-no-border-styling  avia-builder-el-0  el_before_av_section  avia-builder-el-first  largeimg avia-full-stretch avia-bg-style-scroll container_wrap fullsize'  data-section-bg-repeat='stretch'><div class='container av-section-cont-open' ><main  role=\"main\" itemprop=\"mainContentOfPage\"  class='template-page content  av-content-full alpha units'><div class='post-entry post-entry-type-page post-entry-317'><div class='entry-content-wrapper clearfix'>\n<\/div><\/div><\/main><!-- close content main element --><\/div><div class='av-extra-border-element border-extra-diagonal border-extra-diagonal-inverse '><div class='av-extra-border-outer'><div class='av-extra-border-inner'><\/div><\/div><\/div><\/div>\n<style type=\"text\/css\" data-created_by=\"avia_inline_auto\" id=\"style-css-av-16773-4202c268c0423d7c3b780fa3935de1b2\">\n.avia-section.av-16773-4202c268c0423d7c3b780fa3935de1b2 .av-extra-border-element .av-extra-border-inner{\nbackground-color:#f1f0f5;\n}\n<\/style>\n<div id='av_section_2'  class='avia-section av-16773-4202c268c0423d7c3b780fa3935de1b2 main_color avia-section-large avia-no-border-styling  avia-builder-el-1  el_after_av_section  avia-builder-el-last  avia-bg-style-scroll container_wrap fullsize'  ><div class='container av-section-cont-open' ><div class='template-page content  av-content-full alpha units'><div class='post-entry post-entry-type-page post-entry-317'><div class='entry-content-wrapper clearfix'>\n<div  class='flex_column av-8wv65-9d62d3a967bb8327a4920a7421f293de av_four_fifth  avia-builder-el-2  avia-builder-el-no-sibling  first flex_column_div  '     ><section  class='av_textblock_section av-kkfavlr5-b9e1d62097ba07f406d76d24a226c675 '   itemscope=\"itemscope\" itemtype=\"https:\/\/schema.org\/CreativeWork\" ><div class='avia_textblock'  itemprop=\"text\" ><h1><strong>ACP-Therapie<\/strong><\/h1>\n<\/div><\/section><br \/>\n\n<style type=\"text\/css\" data-created_by=\"avia_inline_auto\" id=\"style-css-av-lu1c19gf-120e609ae0a72bc5d1df8aed72cad5c0\">\n#top .av-special-heading.av-lu1c19gf-120e609ae0a72bc5d1df8aed72cad5c0{\npadding-bottom:10px;\n}\nbody .av-special-heading.av-lu1c19gf-120e609ae0a72bc5d1df8aed72cad5c0 .av-special-heading-tag .heading-char{\nfont-size:25px;\n}\n.av-special-heading.av-lu1c19gf-120e609ae0a72bc5d1df8aed72cad5c0 .av-subheading{\nfont-size:15px;\n}\n<\/style>\n<div  class='av-special-heading av-lu1c19gf-120e609ae0a72bc5d1df8aed72cad5c0 av-special-heading-h2 blockquote modern-quote  avia-builder-el-4  el_after_av_textblock  el_before_av_textblock '><h2 class='av-special-heading-tag '  itemprop=\"headline\"  >Einf\u00fchrung in ACP<\/h2><div class=\"special-heading-border\"><div class=\"special-heading-inner-border\"><\/div><\/div><\/div><br \/>\n<section  class='av_textblock_section av-go9t9-9d7c3890de19f87f5589da77e2765e5e '   itemscope=\"itemscope\" itemtype=\"https:\/\/schema.org\/CreativeWork\" ><div class='avia_textblock'  itemprop=\"text\" ><p>Das Verfahren, bekannt als ACP oder Autologes Konditioniertes Plasma, nutzt patienteneigenes Blutplasma zur Unterst\u00fctzung der k\u00f6rpereigenen Regenerationsf\u00e4higkeit und geh\u00f6rt zum Bereich der regenerativen Medizin.<\/p>\n<\/div><\/section><br \/>\n\n<style type=\"text\/css\" data-created_by=\"avia_inline_auto\" id=\"style-css-av-lu1c1ko1-982d5c113482bc6c52216f6d8f07dced\">\n#top .av-special-heading.av-lu1c1ko1-982d5c113482bc6c52216f6d8f07dced{\npadding-bottom:10px;\n}\nbody .av-special-heading.av-lu1c1ko1-982d5c113482bc6c52216f6d8f07dced .av-special-heading-tag .heading-char{\nfont-size:25px;\n}\n.av-special-heading.av-lu1c1ko1-982d5c113482bc6c52216f6d8f07dced .av-subheading{\nfont-size:15px;\n}\n<\/style>\n<div  class='av-special-heading av-lu1c1ko1-982d5c113482bc6c52216f6d8f07dced av-special-heading-h2 blockquote modern-quote  avia-builder-el-6  el_after_av_textblock  el_before_av_textblock '><h2 class='av-special-heading-tag '  itemprop=\"headline\"  >Anwendungsgebiete<\/h2><div class=\"special-heading-border\"><div class=\"special-heading-inner-border\"><\/div><\/div><\/div><br \/>\n<section  class='av_textblock_section av-34wd-53bd6ab418a0974580427e5ca1ded541 '   itemscope=\"itemscope\" itemtype=\"https:\/\/schema.org\/CreativeWork\" ><div class='avia_textblock'  itemprop=\"text\" ><p>Besonders bew\u00e4hrt hat sich diese Technik bei orthop\u00e4dischen Erkrankungen wie Arthrose, Entz\u00fcndungen der Sehnen oder Verletzungen der Muskeln. Zur Behandlung wird Blut entnommen und das daraus aufbereitete Plasma in das gesch\u00e4digte Gewebe gespritzt.<\/p>\n<\/div><\/section><br \/>\n\n<style type=\"text\/css\" data-created_by=\"avia_inline_auto\" id=\"style-css-av-lu1c1q2o-42f51446b050f77f2737f7df392c7457\">\n#top .av-special-heading.av-lu1c1q2o-42f51446b050f77f2737f7df392c7457{\npadding-bottom:10px;\n}\nbody .av-special-heading.av-lu1c1q2o-42f51446b050f77f2737f7df392c7457 .av-special-heading-tag .heading-char{\nfont-size:25px;\n}\n.av-special-heading.av-lu1c1q2o-42f51446b050f77f2737f7df392c7457 .av-subheading{\nfont-size:15px;\n}\n<\/style>\n<div  class='av-special-heading av-lu1c1q2o-42f51446b050f77f2737f7df392c7457 av-special-heading-h2 blockquote modern-quote  avia-builder-el-8  el_after_av_textblock  el_before_av_textblock '><h2 class='av-special-heading-tag '  itemprop=\"headline\"  >Nutzen der ACP-Therapie<\/h2><div class=\"special-heading-border\"><div class=\"special-heading-inner-border\"><\/div><\/div><\/div><br \/>\n<section  class='av_textblock_section av-lu1c23a1-2372efec21f561b4bb3552492c28be1e '   itemscope=\"itemscope\" itemtype=\"https:\/\/schema.org\/CreativeWork\" ><div class='avia_textblock'  itemprop=\"text\" ><p>Die Verwendung von Autologem Plasma birgt kaum Risiken von Nebenwirkungen und f\u00f6rdert durch die Wachstumsfaktoren eine schnelle Genesung. Die Behandlung ist wenig invasiv im Vergleich zu Operationen und bietet breite Einsatzm\u00f6glichkeiten bei diversen orthop\u00e4dischen Beschwerden.<\/p>\n<\/div><\/section><br \/>\n\n<style type=\"text\/css\" data-created_by=\"avia_inline_auto\" id=\"style-css-av-lu1c1wet-fbd90bd0172964b8c8c00362bd9988a2\">\n#top .av-special-heading.av-lu1c1wet-fbd90bd0172964b8c8c00362bd9988a2{\npadding-bottom:10px;\n}\nbody .av-special-heading.av-lu1c1wet-fbd90bd0172964b8c8c00362bd9988a2 .av-special-heading-tag .heading-char{\nfont-size:25px;\n}\n.av-special-heading.av-lu1c1wet-fbd90bd0172964b8c8c00362bd9988a2 .av-subheading{\nfont-size:15px;\n}\n<\/style>\n<div  class='av-special-heading av-lu1c1wet-fbd90bd0172964b8c8c00362bd9988a2 av-special-heading-h2 blockquote modern-quote  avia-builder-el-10  el_after_av_textblock  el_before_av_textblock '><h2 class='av-special-heading-tag '  itemprop=\"headline\"  >Mechanismus der ACP-Therapie<\/h2><div class=\"special-heading-border\"><div class=\"special-heading-inner-border\"><\/div><\/div><\/div><br \/>\n<section  class='av_textblock_section av-kkfaxdi8-4f7cebac632018dd05614cfae2125a3e '   itemscope=\"itemscope\" itemtype=\"https:\/\/schema.org\/CreativeWork\" ><div class='avia_textblock'  itemprop=\"text\" ><p>ACP f\u00f6rdert die Heilung, indem es die k\u00f6rpereigenen Reparaturmechanismen durch die Einspritzung von thrombozytenreichem Plasma stimuliert, was den Heilungsprozess im verletzten Bereich beschleunigt und steuert.<\/p>\n<\/div><\/section><\/p><\/div>\n","protected":false},"excerpt":{"rendered":"","protected":false},"author":1,"featured_media":0,"parent":0,"menu_order":0,"comment_status":"closed","ping_status":"closed","template":"","meta":{"footnotes":""},"class_list":["post-317","page","type-page","status-publish","hentry"],"yoast_head":"<!-- This site is optimized with the Yoast SEO plugin v27.2 - https:\/\/yoast.com\/product\/yoast-seo-wordpress\/ -->\n<title>ACP-Therapie - MVZ H\u00fcrth<\/title>\n<meta name=\"description\" content=\"Das Verfahren, bekannt als ACP oder Autologes Konditioniertes Plasma, nutzt patienteneigenes Blutplasma zur Unterst\u00fctzung der k\u00f6rpereigenen Regenerationsf\u00e4higkeit.\" \/>\n<meta name=\"robots\" content=\"index, follow, max-snippet:-1, max-image-preview:large, max-video-preview:-1\" \/>\n<link rel=\"canonical\" href=\"https:\/\/atos-mvz.de\/schulterschmerzen\/\" \/>\n<meta property=\"og:locale\" content=\"de_DE\" \/>\n<meta property=\"og:type\" content=\"article\" \/>\n<meta property=\"og:title\" content=\"ACP-Therapie - MVZ H\u00fcrth\" \/>\n<meta property=\"og:description\" content=\"Das Verfahren, bekannt als ACP oder Autologes Konditioniertes Plasma, nutzt patienteneigenes Blutplasma zur Unterst\u00fctzung der k\u00f6rpereigenen Regenerationsf\u00e4higkeit.\" \/>\n<meta property=\"og:url\" content=\"https:\/\/atos-mvz.de\/schulterschmerzen\/\" \/>\n<meta property=\"og:site_name\" content=\"MVZ H\u00fcrth\" \/>\n<meta property=\"article:modified_time\" content=\"2024-05-25T12:44:14+00:00\" \/>\n<meta name=\"twitter:card\" content=\"summary_large_image\" \/>\n<script type=\"application\/ld+json\" class=\"yoast-schema-graph\">{\"@context\":\"https:\/\/schema.org\",\"@graph\":[{\"@type\":\"WebPage\",\"@id\":\"https:\/\/atos-mvz.de\/huerth\/acp-therapie\/\",\"url\":\"https:\/\/atos-mvz.de\/schulterschmerzen\/\",\"name\":\"ACP-Therapie - MVZ H\u00fcrth\",\"isPartOf\":{\"@id\":\"https:\/\/atos-mvz.de\/huerth\/#website\"},\"datePublished\":\"2021-01-29T13:12:29+00:00\",\"dateModified\":\"2024-05-25T12:44:14+00:00\",\"description\":\"Das Verfahren, bekannt als ACP oder Autologes Konditioniertes Plasma, nutzt patienteneigenes Blutplasma zur Unterst\u00fctzung der k\u00f6rpereigenen Regenerationsf\u00e4higkeit.\",\"breadcrumb\":{\"@id\":\"https:\/\/atos-mvz.de\/schulterschmerzen\/#breadcrumb\"},\"inLanguage\":\"de\",\"potentialAction\":[{\"@type\":\"ReadAction\",\"target\":[\"https:\/\/atos-mvz.de\/schulterschmerzen\/\"]}]},{\"@type\":\"BreadcrumbList\",\"@id\":\"https:\/\/atos-mvz.de\/schulterschmerzen\/#breadcrumb\",\"itemListElement\":[{\"@type\":\"ListItem\",\"position\":1,\"name\":\"Startseite\",\"item\":\"https:\/\/atos-mvz.de\/huerth\/startseite\/\"},{\"@type\":\"ListItem\",\"position\":2,\"name\":\"ACP-Therapie\"}]},{\"@type\":\"WebSite\",\"@id\":\"https:\/\/atos-mvz.de\/huerth\/#website\",\"url\":\"https:\/\/atos-mvz.de\/huerth\/\",\"name\":\"MVZ H\u00fcrth\",\"description\":\"\",\"potentialAction\":[{\"@type\":\"SearchAction\",\"target\":{\"@type\":\"EntryPoint\",\"urlTemplate\":\"https:\/\/atos-mvz.de\/huerth\/?s={search_term_string}\"},\"query-input\":{\"@type\":\"PropertyValueSpecification\",\"valueRequired\":true,\"valueName\":\"search_term_string\"}}],\"inLanguage\":\"de\"}]}<\/script>\n<!-- \/ Yoast SEO plugin. -->","yoast_head_json":{"title":"ACP-Therapie - MVZ H\u00fcrth","description":"Das Verfahren, bekannt als ACP oder Autologes Konditioniertes Plasma, nutzt patienteneigenes Blutplasma zur Unterst\u00fctzung der k\u00f6rpereigenen Regenerationsf\u00e4higkeit.","robots":{"index":"index","follow":"follow","max-snippet":"max-snippet:-1","max-image-preview":"max-image-preview:large","max-video-preview":"max-video-preview:-1"},"canonical":"https:\/\/atos-mvz.de\/schulterschmerzen\/","og_locale":"de_DE","og_type":"article","og_title":"ACP-Therapie - MVZ H\u00fcrth","og_description":"Das Verfahren, bekannt als ACP oder Autologes Konditioniertes Plasma, nutzt patienteneigenes Blutplasma zur Unterst\u00fctzung der k\u00f6rpereigenen Regenerationsf\u00e4higkeit.","og_url":"https:\/\/atos-mvz.de\/schulterschmerzen\/","og_site_name":"MVZ H\u00fcrth","article_modified_time":"2024-05-25T12:44:14+00:00","twitter_card":"summary_large_image","schema":{"@context":"https:\/\/schema.org","@graph":[{"@type":"WebPage","@id":"https:\/\/atos-mvz.de\/huerth\/acp-therapie\/","url":"https:\/\/atos-mvz.de\/schulterschmerzen\/","name":"ACP-Therapie - MVZ H\u00fcrth","isPartOf":{"@id":"https:\/\/atos-mvz.de\/huerth\/#website"},"datePublished":"2021-01-29T13:12:29+00:00","dateModified":"2024-05-25T12:44:14+00:00","description":"Das Verfahren, bekannt als ACP oder Autologes Konditioniertes Plasma, nutzt patienteneigenes Blutplasma zur Unterst\u00fctzung der k\u00f6rpereigenen Regenerationsf\u00e4higkeit.","breadcrumb":{"@id":"https:\/\/atos-mvz.de\/schulterschmerzen\/#breadcrumb"},"inLanguage":"de","potentialAction":[{"@type":"ReadAction","target":["https:\/\/atos-mvz.de\/schulterschmerzen\/"]}]},{"@type":"BreadcrumbList","@id":"https:\/\/atos-mvz.de\/schulterschmerzen\/#breadcrumb","itemListElement":[{"@type":"ListItem","position":1,"name":"Startseite","item":"https:\/\/atos-mvz.de\/huerth\/startseite\/"},{"@type":"ListItem","position":2,"name":"ACP-Therapie"}]},{"@type":"WebSite","@id":"https:\/\/atos-mvz.de\/huerth\/#website","url":"https:\/\/atos-mvz.de\/huerth\/","name":"MVZ H\u00fcrth","description":"","potentialAction":[{"@type":"SearchAction","target":{"@type":"EntryPoint","urlTemplate":"https:\/\/atos-mvz.de\/huerth\/?s={search_term_string}"},"query-input":{"@type":"PropertyValueSpecification","valueRequired":true,"valueName":"search_term_string"}}],"inLanguage":"de"}]}},"_links":{"self":[{"href":"https:\/\/atos-mvz.de\/huerth\/wp-json\/wp\/v2\/pages\/317","targetHints":{"allow":["GET"]}}],"collection":[{"href":"https:\/\/atos-mvz.de\/huerth\/wp-json\/wp\/v2\/pages"}],"about":[{"href":"https:\/\/atos-mvz.de\/huerth\/wp-json\/wp\/v2\/types\/page"}],"author":[{"embeddable":true,"href":"https:\/\/atos-mvz.de\/huerth\/wp-json\/wp\/v2\/users\/1"}],"replies":[{"embeddable":true,"href":"https:\/\/atos-mvz.de\/huerth\/wp-json\/wp\/v2\/comments?post=317"}],"version-history":[{"count":20,"href":"https:\/\/atos-mvz.de\/huerth\/wp-json\/wp\/v2\/pages\/317\/revisions"}],"predecessor-version":[{"id":1451,"href":"https:\/\/atos-mvz.de\/huerth\/wp-json\/wp\/v2\/pages\/317\/revisions\/1451"}],"wp:attachment":[{"href":"https:\/\/atos-mvz.de\/huerth\/wp-json\/wp\/v2\/media?parent=317"}],"curies":[{"name":"wp","href":"https:\/\/api.w.org\/{rel}","templated":true}]}}