{"id":1448,"date":"2026-01-07T18:44:10","date_gmt":"2026-01-07T17:44:10","guid":{"rendered":"https:\/\/atos-mvz.de\/huerth\/?page_id=1448"},"modified":"2026-01-14T09:28:06","modified_gmt":"2026-01-14T08:28:06","slug":"knochendichtemessung","status":"publish","type":"page","link":"https:\/\/atos-mvz.de\/huerth\/knochendichtemessung\/","title":{"rendered":"Knochendichtemessung"},"content":{"rendered":"\n<style type=\"text\/css\" data-created_by=\"avia_inline_auto\" id=\"style-css-av-av_section-2ce55d1697832f077e5b55417c526466\">\n.avia-section.av-av_section-2ce55d1697832f077e5b55417c526466{\nbackground-repeat:no-repeat;\nbackground-image:url(https:\/\/atos-mvz.de\/huerth\/wp-content\/uploads\/sites\/32\/2024\/03\/mvz-huerth-slider-zentrum-empfang.jpg);\nbackground-position:50% 50%;\nbackground-attachment:scroll;\n}\n.avia-section.av-av_section-2ce55d1697832f077e5b55417c526466 .av-extra-border-element .av-extra-border-inner{\nbackground-color:#ffffff;\n}\n<\/style>\n<div id='header-img'  class='avia-section av-av_section-2ce55d1697832f077e5b55417c526466 main_color avia-section-huge avia-no-border-styling  avia-builder-el-0  el_before_av_section  avia-builder-el-first  largeimg avia-full-stretch avia-bg-style-scroll container_wrap fullsize'  data-section-bg-repeat='stretch'><div class='container av-section-cont-open' ><main  role=\"main\" itemprop=\"mainContentOfPage\"  class='template-page content  av-content-full alpha units'><div class='post-entry post-entry-type-page post-entry-1448'><div class='entry-content-wrapper clearfix'>\n<\/div><\/div><\/main><!-- close content main element --><\/div><div class='av-extra-border-element border-extra-diagonal border-extra-diagonal-inverse '><div class='av-extra-border-outer'><div class='av-extra-border-inner'><\/div><\/div><\/div><\/div>\n<style type=\"text\/css\" data-created_by=\"avia_inline_auto\" id=\"style-css-av-av_section-8b410e63537c871d90ff0660f5de999c\">\n.avia-section.av-av_section-8b410e63537c871d90ff0660f5de999c .av-extra-border-element .av-extra-border-inner{\nbackground-color:#f1f0f5;\n}\n<\/style>\n<div id='av_section_2'  class='avia-section av-av_section-8b410e63537c871d90ff0660f5de999c main_color avia-section-large avia-no-border-styling  avia-builder-el-1  el_after_av_section  avia-builder-el-last  avia-bg-style-scroll container_wrap fullsize'  ><div class='container av-section-cont-open' ><div class='template-page content  av-content-full alpha units'><div class='post-entry post-entry-type-page post-entry-1448'><div class='entry-content-wrapper clearfix'>\n<div  class='flex_column av-av_four_fifth-41ee899840124b6993b57a87f996c353 av_four_fifth  avia-builder-el-2  avia-builder-el-no-sibling  first flex_column_div  '     ><section  class='av_textblock_section av-kkfaxdi8-890a50ceedb78e8f64f80d834bb2397c '   itemscope=\"itemscope\" itemtype=\"https:\/\/schema.org\/CreativeWork\" ><div class='avia_textblock'  itemprop=\"text\" ><h1>Messung der Knochendichte<\/h1>\n<p>Die Messung der Knochendichte, auch Osteodensitometrie genannt, ist ein wichtiger diagnostischer Test zur Bewertung der Knochenst\u00e4rke. Er wird h\u00e4ufig eingesetzt, um eine m\u00f6gliche Osteoporose zu identifizieren, besonders nach unerkl\u00e4rlichen Knochenbr\u00fcchen oder bei Personen mit einem erh\u00f6hten Risiko f\u00fcr diese Knochenerkrankung.<\/p>\n<h2>Zweck der Messung<\/h2>\n<p>Diese Analyse ist entscheidend f\u00fcr die fr\u00fchzeitige Erkennung von Knochenverlust und wird ebenso zur \u00dcberwachung der Behandlung von Osteoporose verwendet. Sie ist auch bei der Diagnose von Osteomalazie von Bedeutung, einer Erkrankung, die durch einen Mangel an Mineralien im Knochen gekennzeichnet ist.<\/p>\n<\/div><\/section><\/div>\n","protected":false},"excerpt":{"rendered":"","protected":false},"author":2,"featured_media":0,"parent":0,"menu_order":0,"comment_status":"closed","ping_status":"closed","template":"","meta":{"footnotes":""},"class_list":["post-1448","page","type-page","status-publish","hentry"],"yoast_head":"<!-- This site is optimized with the Yoast SEO plugin v27.2 - https:\/\/yoast.com\/product\/yoast-seo-wordpress\/ -->\n<title>Knochendichtemessung - MVZ H\u00fcrth<\/title>\n<meta name=\"description\" content=\"Knochendichtemessung in H\u00fcrth: Fr\u00fcherkennung von Osteoporose &amp; Osteomalazie. Sch\u00fctzen Sie Ihre Knochenst\u00e4rke durch pr\u00e4zise Diagnostik im ATOS MVZ. Mehr erfahren.\" \/>\n<meta name=\"robots\" content=\"index, follow, max-snippet:-1, max-image-preview:large, max-video-preview:-1\" \/>\n<link rel=\"canonical\" href=\"https:\/\/atos-mvz.de\/huerth\/knochendichtemessung\/\" \/>\n<meta property=\"og:locale\" content=\"de_DE\" \/>\n<meta property=\"og:type\" content=\"article\" \/>\n<meta property=\"og:title\" content=\"Knochendichtemessung - MVZ H\u00fcrth\" \/>\n<meta property=\"og:description\" content=\"Knochendichtemessung in H\u00fcrth: Fr\u00fcherkennung von Osteoporose &amp; Osteomalazie. Sch\u00fctzen Sie Ihre Knochenst\u00e4rke durch pr\u00e4zise Diagnostik im ATOS MVZ. Mehr erfahren.\" \/>\n<meta property=\"og:url\" content=\"https:\/\/atos-mvz.de\/huerth\/knochendichtemessung\/\" \/>\n<meta property=\"og:site_name\" content=\"MVZ H\u00fcrth\" \/>\n<meta property=\"article:modified_time\" content=\"2026-01-14T08:28:06+00:00\" \/>\n<meta name=\"twitter:card\" content=\"summary_large_image\" \/>\n<script type=\"application\/ld+json\" class=\"yoast-schema-graph\">{\"@context\":\"https:\/\/schema.org\",\"@graph\":[{\"@type\":\"WebPage\",\"@id\":\"https:\/\/atos-mvz.de\/huerth\/knochendichtemessung\/\",\"url\":\"https:\/\/atos-mvz.de\/huerth\/knochendichtemessung\/\",\"name\":\"Knochendichtemessung - MVZ H\u00fcrth\",\"isPartOf\":{\"@id\":\"https:\/\/atos-mvz.de\/huerth\/#website\"},\"datePublished\":\"2026-01-07T17:44:10+00:00\",\"dateModified\":\"2026-01-14T08:28:06+00:00\",\"description\":\"Knochendichtemessung in H\u00fcrth: Fr\u00fcherkennung von Osteoporose & Osteomalazie. Sch\u00fctzen Sie Ihre Knochenst\u00e4rke durch pr\u00e4zise Diagnostik im ATOS MVZ. Mehr erfahren.\",\"breadcrumb\":{\"@id\":\"https:\/\/atos-mvz.de\/huerth\/knochendichtemessung\/#breadcrumb\"},\"inLanguage\":\"de\",\"potentialAction\":[{\"@type\":\"ReadAction\",\"target\":[\"https:\/\/atos-mvz.de\/huerth\/knochendichtemessung\/\"]}]},{\"@type\":\"BreadcrumbList\",\"@id\":\"https:\/\/atos-mvz.de\/huerth\/knochendichtemessung\/#breadcrumb\",\"itemListElement\":[{\"@type\":\"ListItem\",\"position\":1,\"name\":\"Startseite\",\"item\":\"https:\/\/atos-mvz.de\/huerth\/startseite\/\"},{\"@type\":\"ListItem\",\"position\":2,\"name\":\"Knochendichtemessung\"}]},{\"@type\":\"WebSite\",\"@id\":\"https:\/\/atos-mvz.de\/huerth\/#website\",\"url\":\"https:\/\/atos-mvz.de\/huerth\/\",\"name\":\"MVZ H\u00fcrth\",\"description\":\"\",\"potentialAction\":[{\"@type\":\"SearchAction\",\"target\":{\"@type\":\"EntryPoint\",\"urlTemplate\":\"https:\/\/atos-mvz.de\/huerth\/?s={search_term_string}\"},\"query-input\":{\"@type\":\"PropertyValueSpecification\",\"valueRequired\":true,\"valueName\":\"search_term_string\"}}],\"inLanguage\":\"de\"}]}<\/script>\n<!-- \/ Yoast SEO plugin. -->","yoast_head_json":{"title":"Knochendichtemessung - MVZ H\u00fcrth","description":"Knochendichtemessung in H\u00fcrth: Fr\u00fcherkennung von Osteoporose & Osteomalazie. Sch\u00fctzen Sie Ihre Knochenst\u00e4rke durch pr\u00e4zise Diagnostik im ATOS MVZ. Mehr erfahren.","robots":{"index":"index","follow":"follow","max-snippet":"max-snippet:-1","max-image-preview":"max-image-preview:large","max-video-preview":"max-video-preview:-1"},"canonical":"https:\/\/atos-mvz.de\/huerth\/knochendichtemessung\/","og_locale":"de_DE","og_type":"article","og_title":"Knochendichtemessung - MVZ H\u00fcrth","og_description":"Knochendichtemessung in H\u00fcrth: Fr\u00fcherkennung von Osteoporose & Osteomalazie. Sch\u00fctzen Sie Ihre Knochenst\u00e4rke durch pr\u00e4zise Diagnostik im ATOS MVZ. Mehr erfahren.","og_url":"https:\/\/atos-mvz.de\/huerth\/knochendichtemessung\/","og_site_name":"MVZ H\u00fcrth","article_modified_time":"2026-01-14T08:28:06+00:00","twitter_card":"summary_large_image","schema":{"@context":"https:\/\/schema.org","@graph":[{"@type":"WebPage","@id":"https:\/\/atos-mvz.de\/huerth\/knochendichtemessung\/","url":"https:\/\/atos-mvz.de\/huerth\/knochendichtemessung\/","name":"Knochendichtemessung - MVZ H\u00fcrth","isPartOf":{"@id":"https:\/\/atos-mvz.de\/huerth\/#website"},"datePublished":"2026-01-07T17:44:10+00:00","dateModified":"2026-01-14T08:28:06+00:00","description":"Knochendichtemessung in H\u00fcrth: Fr\u00fcherkennung von Osteoporose & Osteomalazie. Sch\u00fctzen Sie Ihre Knochenst\u00e4rke durch pr\u00e4zise Diagnostik im ATOS MVZ. Mehr erfahren.","breadcrumb":{"@id":"https:\/\/atos-mvz.de\/huerth\/knochendichtemessung\/#breadcrumb"},"inLanguage":"de","potentialAction":[{"@type":"ReadAction","target":["https:\/\/atos-mvz.de\/huerth\/knochendichtemessung\/"]}]},{"@type":"BreadcrumbList","@id":"https:\/\/atos-mvz.de\/huerth\/knochendichtemessung\/#breadcrumb","itemListElement":[{"@type":"ListItem","position":1,"name":"Startseite","item":"https:\/\/atos-mvz.de\/huerth\/startseite\/"},{"@type":"ListItem","position":2,"name":"Knochendichtemessung"}]},{"@type":"WebSite","@id":"https:\/\/atos-mvz.de\/huerth\/#website","url":"https:\/\/atos-mvz.de\/huerth\/","name":"MVZ H\u00fcrth","description":"","potentialAction":[{"@type":"SearchAction","target":{"@type":"EntryPoint","urlTemplate":"https:\/\/atos-mvz.de\/huerth\/?s={search_term_string}"},"query-input":{"@type":"PropertyValueSpecification","valueRequired":true,"valueName":"search_term_string"}}],"inLanguage":"de"}]}},"_links":{"self":[{"href":"https:\/\/atos-mvz.de\/huerth\/wp-json\/wp\/v2\/pages\/1448","targetHints":{"allow":["GET"]}}],"collection":[{"href":"https:\/\/atos-mvz.de\/huerth\/wp-json\/wp\/v2\/pages"}],"about":[{"href":"https:\/\/atos-mvz.de\/huerth\/wp-json\/wp\/v2\/types\/page"}],"author":[{"embeddable":true,"href":"https:\/\/atos-mvz.de\/huerth\/wp-json\/wp\/v2\/users\/2"}],"replies":[{"embeddable":true,"href":"https:\/\/atos-mvz.de\/huerth\/wp-json\/wp\/v2\/comments?post=1448"}],"version-history":[{"count":4,"href":"https:\/\/atos-mvz.de\/huerth\/wp-json\/wp\/v2\/pages\/1448\/revisions"}],"predecessor-version":[{"id":1485,"href":"https:\/\/atos-mvz.de\/huerth\/wp-json\/wp\/v2\/pages\/1448\/revisions\/1485"}],"wp:attachment":[{"href":"https:\/\/atos-mvz.de\/huerth\/wp-json\/wp\/v2\/media?parent=1448"}],"curies":[{"name":"wp","href":"https:\/\/api.w.org\/{rel}","templated":true}]}}