{"id":1382,"date":"2024-08-21T12:27:13","date_gmt":"2024-08-21T10:27:13","guid":{"rendered":"https:\/\/atos-mvz.de\/huerth\/?page_id=1382"},"modified":"2026-01-14T12:16:49","modified_gmt":"2026-01-14T11:16:49","slug":"schambeinentzuendung","status":"publish","type":"page","link":"https:\/\/atos-mvz.de\/huerth\/schambeinentzuendung\/","title":{"rendered":"Schambeinentz\u00fcndung"},"content":{"rendered":"\n<style type=\"text\/css\" data-created_by=\"avia_inline_auto\" id=\"style-css-av-m03pj57r-0dcb4d5605f0876e35391790f9ce2480\">\n.avia-section.av-m03pj57r-0dcb4d5605f0876e35391790f9ce2480{\nbackground-repeat:no-repeat;\nbackground-image:url(https:\/\/atos-mvz.de\/huerth\/wp-content\/uploads\/sites\/32\/2024\/03\/mvz-huerth-slider-zentrum-empfang.jpg);\nbackground-position:50% 50%;\nbackground-attachment:scroll;\n}\n.avia-section.av-m03pj57r-0dcb4d5605f0876e35391790f9ce2480 .av-extra-border-element .av-extra-border-inner{\nbackground-color:#ffffff;\n}\n<\/style>\n<div id='header-img'  class='avia-section av-m03pj57r-0dcb4d5605f0876e35391790f9ce2480 main_color avia-section-huge avia-no-border-styling  avia-builder-el-0  el_before_av_section  avia-builder-el-first  largeimg avia-full-stretch avia-bg-style-scroll container_wrap fullsize'  data-section-bg-repeat='stretch'><div class='container av-section-cont-open' ><main  role=\"main\" itemprop=\"mainContentOfPage\"  class='template-page content  av-content-full alpha units'><div class='post-entry post-entry-type-page post-entry-1382'><div class='entry-content-wrapper clearfix'>\n<\/div><\/div><\/main><!-- close content main element --><\/div><div class='av-extra-border-element border-extra-diagonal border-extra-diagonal-inverse '><div class='av-extra-border-outer'><div class='av-extra-border-inner'><\/div><\/div><\/div><\/div><div id='av_section_2'  class='avia-section av-m03pjc2d-ac72b29d37dae79d84d3cb546ca8e4fb main_color avia-section-large avia-no-border-styling  avia-builder-el-1  el_after_av_section  el_before_av_section  avia-bg-style-scroll container_wrap fullsize'  ><div class='container av-section-cont-open' ><div class='template-page content  av-content-full alpha units'><div class='post-entry post-entry-type-page post-entry-1382'><div class='entry-content-wrapper clearfix'>\n<div  class='flex_column av-m03pjv3a-a39856aea00056eb241ccaec2f9b615f av_four_fifth  avia-builder-el-2  avia-builder-el-no-sibling  first av-break-at-tablet flex_column_div  '     ><section  class='av_textblock_section av-m03plzxx-60aa2ec1e93ef72d4b85cbe57f0f7514 '   itemscope=\"itemscope\" itemtype=\"https:\/\/schema.org\/CreativeWork\" ><div class='avia_textblock'  itemprop=\"text\" ><h1><strong>Die Schambeinentz\u00fcndung (Ostitis pubis)\u2026<\/strong><\/h1>\n<\/div><\/section><br \/>\n<section  class='av_textblock_section av-m03pm503-643e4deb49080bed759f38d46dbe8f54 '   itemscope=\"itemscope\" itemtype=\"https:\/\/schema.org\/CreativeWork\" ><div class='avia_textblock'  itemprop=\"text\" ><p>\u2026 ist sehr h\u00e4ufig mit einem umschriebenen Knochenmarks\u00f6dem in den angrenzenden Schambein\u00e4sten (Synostosis ischiopubica) vergesellschaftet. Beim Leistungssportler, vor allem bei Profi-Fu\u00dfballern, ist sie am ehesten mikrotraumatisch ausgel\u00f6st \u2013 durch besondere dynamische Zug- und Scherkr\u00e4fte bei starker Beugung in der H\u00fcfte und intensive Streckung in den Knien.<\/p>\n<p>Die auff\u00e4llige Ver\u00e4nderung am Knochen\u00a0darf aus radiologischer und orthop\u00e4discher Sicht nicht ausschlie\u00dflich als Entz\u00fcndung, Reiz\u00f6dem, Stress\u00f6dem oder Bone bruise angesehen werden, sondern sollte als schleichender und okkulter Prozess eines Erm\u00fcdungsbruchs (okkulte Fraktur) in dem betroffenen Schambeinast bezeichnet und als solcher behandelt werden.<\/p>\n<p><em><br \/>\nZur Beurteilung des Befundes sind regelm\u00e4\u00dfige MRT-Verlaufskontrollen mit Kontrastmittel und gegebenenfalls die Knochenszintigraphie erforderlich.<\/em><\/p>\n<p>Bei schwerwiegenden F\u00e4llen mit unbestimmter Heilungsdauer sollte im Zweifel zus\u00e4tzlich eine D\u00fcnnschichtcomputertomographie (Knochenfenster) zum Nachweis der existierenden kortiko-spongi\u00f6sen Frakturlinien,Umbauzonen und Callusbildungen durchgef\u00fchrt werden.<\/p>\n<p>Bei jungen Sportlern sind in der Regel diese prim\u00e4r nicht auf den nativen R\u00f6ntgenbildern zu erkennen, erst sp\u00e4ter kommen nativ radiologische Zeichen, wie wabige Auflockerung, Kalkschatten und Callusbildung zum Vorschein.<\/p>\n<p>Bei einer fr\u00fchen Erkennung des Knochenbefundes durch MRT-Untersuchungen mit Kontrastmittel des Beckens ist eine sofortige und mindestens 6-w\u00f6chige Zwangspause n\u00f6tig. Auch eine Bettruhe von 2 \u2013 3 Wochen bei beidseitigem Befund ist zu erw\u00e4gen.<\/p>\n<p>W\u00e4hrend dieser Zeit darf wegen der Gefahr der zu fr\u00fchen Belastung und Fehleinsch\u00e4tzung des Betroffenen weder reduzierte Belastung noch begleitende physikalische, krankengymnastische oder medikament\u00f6se Therapie erfolgen. Die Ausnahme ist Vitamin D3-Gabe bei nachgewiesenem Mangel.<\/p>\n<p>Anderweitige Behandlungen dieses Krankheitsbildese resultieren h\u00e4ufig in\u00a0auff\u00e4llig langen Ausfallzeiten\u00a0der Sportler und f\u00fchren zu guter Letzt zu\u00a0frustanen Verl\u00e4ufen,\u00a0unn\u00f6tigen OP-Indikationen\u00a0im Bereich der Leistenregionen, bis hin zum\u00a0vorzeitigen Karriereende\u00a0im Leistungssport.<\/p>\n<p>Bei sp\u00e4ter Erkennung des Krankheitsbildes ist die Heilungsdauer unbestimmt. Sie nimmt h\u00e4ufig mehrere Monate bis Jahre in Anspruch. Der Behandlungsansatz mit Bisphosphonaten, Kalzium und Vitamin D ist aus empirischer Erfahrung zum Teil gerechtfertigt. Operationen sind in der Regel nicht notwendig und eher zu vermeiden.<\/p>\n<p>Die Muskulus gracilis \u2013 und Musculus adduktor longus Tenotomie\u00a0in Verbindung mit Anbohren des Osteo\u00f6dem kann den Heilungsprozess beschleunigen. Die chirurgische Verplattung beider Schambein\u00e4ste ist ein Risiko f\u00fcr die im Anschluss erhoffte uneingeschr\u00e4nkte Belastbarkeit im Sport.<\/p>\n<\/div><\/section><\/p><\/div><\/div><\/div><\/div><!-- close content main div --><\/div><\/div><div id='av_section_3'  class='avia-section av-m03pk4my-7e987b37b339fcea8171b4e03d57ad00 alternate_color avia-section-large avia-no-border-styling  avia-builder-el-5  el_after_av_section  avia-builder-el-last  avia-bg-style-scroll container_wrap fullsize'  ><div class='container av-section-cont-open' ><div class='template-page content  av-content-full alpha units'><div class='post-entry post-entry-type-page post-entry-1382'><div class='entry-content-wrapper clearfix'>\n<div  class='togglecontainer av-m03plswe-06deb52b90f604721fcae7108989274c av-minimal-toggle  avia-builder-el-6  avia-builder-el-no-sibling  toggle_close_all' >\n<section class='av_toggle_section av-m03pkkqi-d045319d07e238a7426df32a6a1f3398'  itemscope=\"itemscope\" itemtype=\"https:\/\/schema.org\/CreativeWork\" ><div role=\"tablist\" class=\"single_toggle\" data-tags=\"{Alle} \"  ><p id='toggle-toggle-id-1' data-fake-id='#toggle-id-1' class='toggler  av-title-above '  itemprop=\"headline\"  role='tab' tabindex='0' aria-controls='toggle-id-1' data-slide-speed=\"200\" data-title=\"Betroffene Fu\u00dfballspieler (am Beispiel Mario G\u00f6tze, Karim Bellarabi)\" data-title-open=\"\" data-aria_collapsed=\"Click to expand: Betroffene Fu\u00dfballspieler (am Beispiel Mario G\u00f6tze, Karim Bellarabi)\" data-aria_expanded=\"Click to collapse: Betroffene Fu\u00dfballspieler (am Beispiel Mario G\u00f6tze, Karim Bellarabi)\">Betroffene Fu\u00dfballspieler (am Beispiel Mario G\u00f6tze, Karim Bellarabi)<span class=\"toggle_icon\"><span class=\"vert_icon\"><\/span><span class=\"hor_icon\"><\/span><\/span><\/p><div id='toggle-id-1' aria-labelledby='toggle-toggle-id-1' role='region' class='toggle_wrap  av-title-above'  ><div class='toggle_content invers-color '  itemprop=\"text\" ><p>Viele Bundesligaspieler und Amateurfu\u00dfballer wie z.B. Borussia Dortmunds Mario G\u00f6tze, Christian Clemens von Schalke 04, Timo Gebhart von 1.FC N\u00fcrnberg oder Karim Bellarabi von Bayer Leverkusen leiden oder litten unter unverst\u00e4ndlich langen Ausfallzeiten dieses Krankheitsbildes.<\/p>\n<p>Mario G\u00f6tze hat bei der Europameisterschaft im Juni 2012 nur ein paar Minuten auf dem Spielfeld verbracht. Das ist bemerkenswert, schlie\u00dflich gilt der Mittelfeldspieler doch als Deutschlands Supertalent. Trotzdem sa\u00df er nur auf der Ersatzbank. Der Grund daf\u00fcr ist seineVerletzung am Schambein, die er sich im Winter 2012 zugezogen hatte und aufgrund dessen er fast die gesamte R\u00fcckrunde bei Borussia Dortmund verpasst hat.<\/p>\n<p>Karim Bellarabi (Bayer Leverkusen) wurde im Dezember 2012 an der Leiste operiert und muss f\u00fcnf Monate sp\u00e4ter wegen seiner Schambeinverletzung noch weiter pausieren. Ich sage bewusst Verletzung, Schambeinentz\u00fcndung nennen es die meisten Spieler und auch Mediziner. Eine Entz\u00fcndung ist es aus meiner Sicht bei oft spontanem Auftreten bei Leistungssportlern mit hoher Trainingsintensit\u00e4t nicht.<\/p>\n<\/div><\/div><\/div><\/section>\n<section class='av_toggle_section av-m03pktz1-7613d7f4af732959d1b13e7ecda4f733'  itemscope=\"itemscope\" itemtype=\"https:\/\/schema.org\/CreativeWork\" ><div role=\"tablist\" class=\"single_toggle\" data-tags=\"{Alle} \"  ><p id='toggle-toggle-id-2' data-fake-id='#toggle-id-2' class='toggler  av-title-above '  itemprop=\"headline\"  role='tab' tabindex='0' aria-controls='toggle-id-2' data-slide-speed=\"200\" data-title=\"Problemstellung\" data-title-open=\"\" data-aria_collapsed=\"Click to expand: Problemstellung\" data-aria_expanded=\"Click to collapse: Problemstellung\">Problemstellung<span class=\"toggle_icon\"><span class=\"vert_icon\"><\/span><span class=\"hor_icon\"><\/span><\/span><\/p><div id='toggle-id-2' aria-labelledby='toggle-toggle-id-2' role='region' class='toggle_wrap  av-title-above'  ><div class='toggle_content invers-color '  itemprop=\"text\" ><p>Es handelt sich nach meiner \u00dcberzeugung in vielen F\u00e4llen um einen\u00a0Erm\u00fcdungsbruch\u00a0in dem oft nur einseitig betroffenen vorderen Schambeinast. Diese Diagnose kann durch w\u00f6chentliche Verlaufsaufnahmen im\u00a0MRT\u00a0gestellt werden. In den ersten Befund-Berichten der meisten Radiologen hei\u00dft es \u201eReizung am Sehnenansatz, stressbedingtes Knochenmark\u00f6dem, periarticul\u00e4res subchondrales Knochenmark\u00f6dem in den T2 gewichteten und fettsupprimierten Sequenzen, manchmal mit Fl\u00fcssigkeitsansammlung im Symphysenspalt und erfreulicherweise auch Bone bruise im Schambeinast.<\/p>\n<p>Bone bruise, das muss dann aber auch richtig \u00fcbersetzt und gedeutet werden: Es ist sehr h\u00e4ufig eine mikrotrabekul\u00e4re Fraktur im Inneren des Knochens. Diese ist im normalen R\u00f6ntgenbild nicht durch einen Riss oder eine Verschiebung zu sehen.\u00a0Aber: It is broken! Und diese Verletzung muss dann auch als Bruch behandelt werden.<\/p>\n<\/div><\/div><\/div><\/section>\n<section class='av_toggle_section av-m03pktz1-b8596ef1663dad47b03dc8b66b17f21f'  itemscope=\"itemscope\" itemtype=\"https:\/\/schema.org\/CreativeWork\" ><div role=\"tablist\" class=\"single_toggle\" data-tags=\"{Alle} \"  ><p id='toggle-toggle-id-3' data-fake-id='#toggle-id-3' class='toggler  av-title-above '  itemprop=\"headline\"  role='tab' tabindex='0' aria-controls='toggle-id-3' data-slide-speed=\"200\" data-title=\" Diagnosestellung und Therapie\" data-title-open=\"\" data-aria_collapsed=\"Click to expand:  Diagnosestellung und Therapie\" data-aria_expanded=\"Click to collapse:  Diagnosestellung und Therapie\"> Diagnosestellung und Therapie<span class=\"toggle_icon\"><span class=\"vert_icon\"><\/span><span class=\"hor_icon\"><\/span><\/span><\/p><div id='toggle-id-3' aria-labelledby='toggle-toggle-id-3' role='region' class='toggle_wrap  av-title-above'  ><div class='toggle_content invers-color '  itemprop=\"text\" ><p><strong>MRT<\/strong><\/p>\n<p>Wir kontrollieren den Verlauf des umschriebenen Knochenmark\u00f6dems w\u00f6chentlich\u00a0im eigenen MRT\u00a0und erkennen trotz Belastungspausen zun\u00e4chst eine Verschlimmerung des Befundes. Erst nach 4-6 Wochen ist eine langsame R\u00fcckbildung zu erkennen. Bei der Wiederaufnahme der Belastung kommt es jedoch wieder zu einer sofortigen Zunahme des \u00d6dems. Knochenmark\u00f6deme sind hinsichtlich ihres Krankheitswertes leider oft umstritten, wie zum Beispiel bereits berichtet in Studien von einer australischen Arbeitsgruppe \u00fcber\u00a0Knochmark\u00f6dembildung bei Jugendleistungsfu\u00dfballer. Radiologen sprechen sehr h\u00e4ufig von Bone bruise, wenn sie im MRT das Knochenmark\u00f6dem ohne begleitende Frakturlinie sehen. Doch durch von uns im frustranen Verlauf zus\u00e4tzlich aber wegen der hohen Strahlenbelastung sehr selten eingesetzte D\u00fcnnschichtcomputertomographie-Aufnahmen (Knochenfenster) sehen wir inzwischen vermehrt aufgelockerte trabekul\u00e4ren Strukturen mit Kontinuit\u00e4tsunterbrechungen (kortikospongi\u00f6se Linien) und Reparationsvorg\u00e4nge und nicht zu Letzt feine kortikale Einrisse in den betroffenen Schambein\u00e4sten und in den Bereichen der Adduktorensehnenans\u00e4tze. Aufgrund dieser Erfahrungen muss bei fr\u00fchzeitiger Diagnosestellung eine Zwangspause f\u00fcr mindestens sechs Wochen erfolgen, \u00e4hnlich wie bei einer Erm\u00fcdungsfraktur am Fu\u00df. Bei entsprechend sp\u00e4ter erkanntem Lokalbefund kann man von 12 Wochen und mehr Karenzzeit ausgehen. Es sind dabei weitere MRT-Verlaufskontrollen erforderlich.<\/p>\n<p><strong><em><br \/>\n<\/em>Zwangspause<\/strong><\/p>\n<p>W\u00e4hrend dieser Zwangspause darf der betroffene Sportler kein Ausgleichstraining, keine manuelle Therapie, keine Reizstrom- oder Ultraschallbehandlungen, keine Sto\u00dfwellentherapie, keine Kortisoninfiltrationen, keine Dehn\u00fcbungen, keine allgemeine Physiotherapie, kein Fahrradfahren, kein Schwimmen und auch kein Training auf dem Laufband absolvieren. Diese lange Verbotsliste muss strikt eingehalten werden. Auch Tabletten mit viel Kalzium und Vitamin D3 oder andere, die die Heilung beschleunigen sollen \u2013 wir zum Beispiel verabreichen im Einzelfall Bisphosphonate intraven\u00f6s monatlich \u00fcber 3-5 Monate \u2013 sind mehr als umstritten, obwohl manche Endokrinologen und Osteologen uns hierzu ermutigt haben.<\/p>\n<p><strong><em><br \/>\n<\/em>Medikamente<\/strong><\/p>\n<p>Ebenso fragw\u00fcrdig ist der Sinn des Gebrauchs der gro\u00dfen Palette an entz\u00fcndungshemmenden Medikamenten, die so oft zur Fehleinsch\u00e4tzung des Betroffenen selbst f\u00fchrt und ihn durch die Schmerzlinderung viel zu fr\u00fch zum Aufbautraining ermutigt. Immer wieder werden falsche Empfehlungen von allen Seiten gegeben: die intensive Kr\u00e4ftigung der R\u00fcckenmuskulatur, das permanente Dehnen der H\u00fcftadduktoren und der Aufbau der schr\u00e4gen Bauchmuskulatur um Dysbalancen auszugleichen. Diese Therapie-Ans\u00e4tze sind vor der Erkrankung notwendig und sinnvoll \u2013 und nach der sicheren Ausheilung, aber nicht begleitend w\u00e4hrend der Heilungsphase. Die lokale Stressirritation an den Schambein\u00e4sten muss verhindert werden, wenn man wie wir von einer Infraktion ausgeht.<\/p>\n<p><strong><em><br \/>\n<\/em>Unn\u00f6tige Operationen<\/strong><\/p>\n<p>Die langen und unterschiedlichen Ausfallzeiten der Fu\u00dfballer lassen sich zumeist auf falsche Behandlung zur\u00fcckf\u00fchren, au\u00dferdem auf zu sp\u00e4te Erkennung, nicht eingehaltene Zwangspausen und die krampfhaften Versuche, mittels unterschiedlicher Methoden die Ver\u00e4nderung am Knochen zu beeinflussen, auch durch\u00a0unn\u00f6tige Operationen.<\/p>\n<\/div><\/div><\/div><\/section>\n<section class='av_toggle_section av-m03pktz1-56c2f95e07a10722b20c78a0d62c360e'  itemscope=\"itemscope\" itemtype=\"https:\/\/schema.org\/CreativeWork\" ><div role=\"tablist\" class=\"single_toggle\" data-tags=\"{Alle} \"  ><p id='toggle-toggle-id-4' data-fake-id='#toggle-id-4' class='toggler  av-title-above '  itemprop=\"headline\"  role='tab' tabindex='0' aria-controls='toggle-id-4' data-slide-speed=\"200\" data-title=\"Differentialdiagnostik\" data-title-open=\"\" data-aria_collapsed=\"Click to expand: Differentialdiagnostik\" data-aria_expanded=\"Click to collapse: Differentialdiagnostik\">Differentialdiagnostik<span class=\"toggle_icon\"><span class=\"vert_icon\"><\/span><span class=\"hor_icon\"><\/span><\/span><\/p><div id='toggle-id-4' aria-labelledby='toggle-toggle-id-4' role='region' class='toggle_wrap  av-title-above'  ><div class='toggle_content invers-color '  itemprop=\"text\" ><p>Unerl\u00e4sslich ist die Differenzialdiagnostik, das hei\u00dft: \u00dcberpr\u00fcfen des R\u00fcckens, des Beckens, der Beinl\u00e4ngen und der Leisten wegen m\u00f6glicher direkter und indirekter Leistenbr\u00fcche \u2013 besonders bei jugendlichen Leistungsfu\u00dfballer und Fu\u00dfballerinnen, um die Ursachen vom Schambeinproblem abzugrenzen und die entdeckten Knochenmark\u00f6deme im MRT nicht fehleinzusch\u00e4tzen. Selten haben wir dabei auch Nervenengpasssyndrome, urogenitale Ursachen, Osteomyelitis und Knochentumore differentialdiagnostisch beobachtet.<\/p>\n<p>Beim Leistenschmerz und bei unklaren Oberschenkelzerrungen oder verd\u00e4chtigem Faserriss wie bei Mario G\u00f6tze im Dezember 2011, muss bei au\u00dfergew\u00f6hnlicher sportlicher Belastung (61 Saisonspiele bei G\u00f6tze) schon fr\u00fchzeitig an eine Schambeinbeteiligung gedacht werden. Im Januar 2012 wurde bei ihm die Diagnose gestellt. Nach neuneinhalb Wochen nahm G\u00f6tze das Training wieder auf, erst nach 20 Wochen erfolgte der erste Bundesligaeinsatz nach der Verletzung. Eigentlich ist es bei G\u00f6tze noch gut gegangen, die Ausfallzeit liegt im Rahmen. Er war w\u00e4hrend der Fu\u00dfballeuropameisterschaft 2012 jedoch nicht so fit, dass der Bundestrainer ihn von Anfang an aufstellte. Bei dem Spieler Bellarabi hat man sich zur Operation entschlossen, um die Ausfallzeit zu verk\u00fcrzen, was leider nicht eingetreten ist.<\/p>\n<p>Bei sehr vielen anderen Fu\u00dfballern stellt sich der Heilungsverlauf der Schambeinerm\u00fcdungsfraktur als ein sehr langwieriger und frustrierender Prozess dar, mit h\u00e4ufig bis zu anderthalb Jahren Ausfallzeit. Bis zu 7% der Leistungssportler sind davon betroffen, darunter deutlich mehr M\u00e4nner als Frauen. Das Durchschnittsalter der Verletzten liegt bei knapp 30 Jahren (nicht wie bei G\u00f6tze mit 19 Jahren, oder Bellarabi mit 22 Jahren). Fu\u00dfballer sind generell h\u00e4ufiger betroffen als andere Sportler.<\/p>\n<\/div><\/div><\/div><\/section>\n<section class='av_toggle_section av-m03plruu-a2ab5a6290a476c97bf851cb801ac4f8'  itemscope=\"itemscope\" itemtype=\"https:\/\/schema.org\/CreativeWork\" ><div role=\"tablist\" class=\"single_toggle\" data-tags=\"{Alle} \"  ><p id='toggle-toggle-id-5' data-fake-id='#toggle-id-5' class='toggler  av-title-above '  itemprop=\"headline\"  role='tab' tabindex='0' aria-controls='toggle-id-5' data-slide-speed=\"200\" data-title=\"Operative Therapie\" data-title-open=\"\" data-aria_collapsed=\"Click to expand: Operative Therapie\" data-aria_expanded=\"Click to collapse: Operative Therapie\">Operative Therapie<span class=\"toggle_icon\"><span class=\"vert_icon\"><\/span><span class=\"hor_icon\"><\/span><\/span><\/p><div id='toggle-id-5' aria-labelledby='toggle-toggle-id-5' role='region' class='toggle_wrap  av-title-above'  ><div class='toggle_content invers-color '  itemprop=\"text\" ><p>Eine Operation ist meiner Meinung nach nicht unbedingt notwendig.<\/p>\n<p>Besteht jedoch gleichzeitig und nachgewiesen ein direkter Leistenbruch auf der gleichen Seite, kann innerhalb dessen Operation eine Einkerbung der Adduktoren, die am Schambeinast Dauerspannung erzeugen, erfolgen. Es k\u00f6nnen zus\u00e4tzlich die Schambein\u00e4ste k\u00fcrettiert bzw. denerviert werden, wenn der Sportler Dauerschmerzen hat und bereits im Alltag nicht zu Recht kommt. Der Trainingsbeginn darf erst erfolgen, wenn das Knochenmark\u00f6dem fast komplett resorbiert wurde und damit die Stressfraktur konsolidiert ist. In Ausnahmef\u00e4llen ist die die operative Einkerbung des Ansatzes des Muskulus Gracilis und Anteile der Adduktoren am Schambeinast notwendig, um die Dauerspannung zu reduzieren. In Extremf\u00e4llen haben wir auch hartn\u00e4ckige \u00d6deme im Schambeinast erfolgreich angebohrt.<\/p>\n<\/div><\/div><\/div><\/section>\n<\/div>\n<\/p>\n","protected":false},"excerpt":{"rendered":"","protected":false},"author":1,"featured_media":0,"parent":0,"menu_order":0,"comment_status":"closed","ping_status":"closed","template":"","meta":{"footnotes":""},"class_list":["post-1382","page","type-page","status-publish","hentry"],"yoast_head":"<!-- This site is optimized with the Yoast SEO plugin v27.2 - https:\/\/yoast.com\/product\/yoast-seo-wordpress\/ -->\n<title>Schambeinentz\u00fcndung - MVZ H\u00fcrth<\/title>\n<meta name=\"description\" content=\"Lange Ausfallzeiten bei Schambeinentz\u00fcndung vermeiden: Wir bieten pr\u00e4zise MRT-Verlaufskontrollen &amp; individuelle Therapiekonzepte in H\u00fcrth. Jetzt informieren.\" \/>\n<meta name=\"robots\" content=\"index, follow, max-snippet:-1, max-image-preview:large, max-video-preview:-1\" \/>\n<link rel=\"canonical\" href=\"https:\/\/atos-mvz.de\/huerth\/schambeinentzuendung\/\" \/>\n<meta property=\"og:locale\" content=\"de_DE\" \/>\n<meta property=\"og:type\" content=\"article\" \/>\n<meta property=\"og:title\" content=\"Schambeinentz\u00fcndung - MVZ H\u00fcrth\" \/>\n<meta property=\"og:description\" content=\"Lange Ausfallzeiten bei Schambeinentz\u00fcndung vermeiden: Wir bieten pr\u00e4zise MRT-Verlaufskontrollen &amp; individuelle Therapiekonzepte in H\u00fcrth. Jetzt informieren.\" \/>\n<meta property=\"og:url\" content=\"https:\/\/atos-mvz.de\/huerth\/schambeinentzuendung\/\" \/>\n<meta property=\"og:site_name\" content=\"MVZ H\u00fcrth\" \/>\n<meta property=\"article:modified_time\" content=\"2026-01-14T11:16:49+00:00\" \/>\n<meta name=\"twitter:card\" content=\"summary_large_image\" \/>\n<script type=\"application\/ld+json\" class=\"yoast-schema-graph\">{\"@context\":\"https:\/\/schema.org\",\"@graph\":[{\"@type\":\"WebPage\",\"@id\":\"https:\/\/atos-mvz.de\/huerth\/schambeinentzuendung\/\",\"url\":\"https:\/\/atos-mvz.de\/huerth\/schambeinentzuendung\/\",\"name\":\"Schambeinentz\u00fcndung - MVZ H\u00fcrth\",\"isPartOf\":{\"@id\":\"https:\/\/atos-mvz.de\/huerth\/#website\"},\"datePublished\":\"2024-08-21T10:27:13+00:00\",\"dateModified\":\"2026-01-14T11:16:49+00:00\",\"description\":\"Lange Ausfallzeiten bei Schambeinentz\u00fcndung vermeiden: Wir bieten pr\u00e4zise MRT-Verlaufskontrollen & individuelle Therapiekonzepte in H\u00fcrth. Jetzt informieren.\",\"breadcrumb\":{\"@id\":\"https:\/\/atos-mvz.de\/huerth\/schambeinentzuendung\/#breadcrumb\"},\"inLanguage\":\"de\",\"potentialAction\":[{\"@type\":\"ReadAction\",\"target\":[\"https:\/\/atos-mvz.de\/huerth\/schambeinentzuendung\/\"]}]},{\"@type\":\"BreadcrumbList\",\"@id\":\"https:\/\/atos-mvz.de\/huerth\/schambeinentzuendung\/#breadcrumb\",\"itemListElement\":[{\"@type\":\"ListItem\",\"position\":1,\"name\":\"Startseite\",\"item\":\"https:\/\/atos-mvz.de\/huerth\/startseite\/\"},{\"@type\":\"ListItem\",\"position\":2,\"name\":\"Schambeinentz\u00fcndung\"}]},{\"@type\":\"WebSite\",\"@id\":\"https:\/\/atos-mvz.de\/huerth\/#website\",\"url\":\"https:\/\/atos-mvz.de\/huerth\/\",\"name\":\"MVZ H\u00fcrth\",\"description\":\"\",\"potentialAction\":[{\"@type\":\"SearchAction\",\"target\":{\"@type\":\"EntryPoint\",\"urlTemplate\":\"https:\/\/atos-mvz.de\/huerth\/?s={search_term_string}\"},\"query-input\":{\"@type\":\"PropertyValueSpecification\",\"valueRequired\":true,\"valueName\":\"search_term_string\"}}],\"inLanguage\":\"de\"}]}<\/script>\n<!-- \/ Yoast SEO plugin. -->","yoast_head_json":{"title":"Schambeinentz\u00fcndung - MVZ H\u00fcrth","description":"Lange Ausfallzeiten bei Schambeinentz\u00fcndung vermeiden: Wir bieten pr\u00e4zise MRT-Verlaufskontrollen & individuelle Therapiekonzepte in H\u00fcrth. Jetzt informieren.","robots":{"index":"index","follow":"follow","max-snippet":"max-snippet:-1","max-image-preview":"max-image-preview:large","max-video-preview":"max-video-preview:-1"},"canonical":"https:\/\/atos-mvz.de\/huerth\/schambeinentzuendung\/","og_locale":"de_DE","og_type":"article","og_title":"Schambeinentz\u00fcndung - MVZ H\u00fcrth","og_description":"Lange Ausfallzeiten bei Schambeinentz\u00fcndung vermeiden: Wir bieten pr\u00e4zise MRT-Verlaufskontrollen & individuelle Therapiekonzepte in H\u00fcrth. Jetzt informieren.","og_url":"https:\/\/atos-mvz.de\/huerth\/schambeinentzuendung\/","og_site_name":"MVZ H\u00fcrth","article_modified_time":"2026-01-14T11:16:49+00:00","twitter_card":"summary_large_image","schema":{"@context":"https:\/\/schema.org","@graph":[{"@type":"WebPage","@id":"https:\/\/atos-mvz.de\/huerth\/schambeinentzuendung\/","url":"https:\/\/atos-mvz.de\/huerth\/schambeinentzuendung\/","name":"Schambeinentz\u00fcndung - MVZ H\u00fcrth","isPartOf":{"@id":"https:\/\/atos-mvz.de\/huerth\/#website"},"datePublished":"2024-08-21T10:27:13+00:00","dateModified":"2026-01-14T11:16:49+00:00","description":"Lange Ausfallzeiten bei Schambeinentz\u00fcndung vermeiden: Wir bieten pr\u00e4zise MRT-Verlaufskontrollen & individuelle Therapiekonzepte in H\u00fcrth. Jetzt informieren.","breadcrumb":{"@id":"https:\/\/atos-mvz.de\/huerth\/schambeinentzuendung\/#breadcrumb"},"inLanguage":"de","potentialAction":[{"@type":"ReadAction","target":["https:\/\/atos-mvz.de\/huerth\/schambeinentzuendung\/"]}]},{"@type":"BreadcrumbList","@id":"https:\/\/atos-mvz.de\/huerth\/schambeinentzuendung\/#breadcrumb","itemListElement":[{"@type":"ListItem","position":1,"name":"Startseite","item":"https:\/\/atos-mvz.de\/huerth\/startseite\/"},{"@type":"ListItem","position":2,"name":"Schambeinentz\u00fcndung"}]},{"@type":"WebSite","@id":"https:\/\/atos-mvz.de\/huerth\/#website","url":"https:\/\/atos-mvz.de\/huerth\/","name":"MVZ H\u00fcrth","description":"","potentialAction":[{"@type":"SearchAction","target":{"@type":"EntryPoint","urlTemplate":"https:\/\/atos-mvz.de\/huerth\/?s={search_term_string}"},"query-input":{"@type":"PropertyValueSpecification","valueRequired":true,"valueName":"search_term_string"}}],"inLanguage":"de"}]}},"_links":{"self":[{"href":"https:\/\/atos-mvz.de\/huerth\/wp-json\/wp\/v2\/pages\/1382","targetHints":{"allow":["GET"]}}],"collection":[{"href":"https:\/\/atos-mvz.de\/huerth\/wp-json\/wp\/v2\/pages"}],"about":[{"href":"https:\/\/atos-mvz.de\/huerth\/wp-json\/wp\/v2\/types\/page"}],"author":[{"embeddable":true,"href":"https:\/\/atos-mvz.de\/huerth\/wp-json\/wp\/v2\/users\/1"}],"replies":[{"embeddable":true,"href":"https:\/\/atos-mvz.de\/huerth\/wp-json\/wp\/v2\/comments?post=1382"}],"version-history":[{"count":2,"href":"https:\/\/atos-mvz.de\/huerth\/wp-json\/wp\/v2\/pages\/1382\/revisions"}],"predecessor-version":[{"id":1487,"href":"https:\/\/atos-mvz.de\/huerth\/wp-json\/wp\/v2\/pages\/1382\/revisions\/1487"}],"wp:attachment":[{"href":"https:\/\/atos-mvz.de\/huerth\/wp-json\/wp\/v2\/media?parent=1382"}],"curies":[{"name":"wp","href":"https:\/\/api.w.org\/{rel}","templated":true}]}}