{"id":1145,"date":"2024-03-25T13:42:41","date_gmt":"2024-03-25T12:42:41","guid":{"rendered":"https:\/\/atos-mvz.de\/huerth\/?page_id=1145"},"modified":"2024-03-27T12:49:16","modified_gmt":"2024-03-27T11:49:16","slug":"thermokoagulation","status":"publish","type":"page","link":"https:\/\/atos-mvz.de\/huerth\/thermokoagulation\/","title":{"rendered":"Thermokoagulation"},"content":{"rendered":"\n<style type=\"text\/css\" data-created_by=\"avia_inline_auto\" id=\"style-css-av-1fog9-8928d9ba684b19c76f2bab7c7015e2d7\">\n.avia-section.av-1fog9-8928d9ba684b19c76f2bab7c7015e2d7{\nbackground-repeat:no-repeat;\nbackground-image:url(https:\/\/atos-mvz.de\/huerth\/wp-content\/uploads\/sites\/32\/2024\/03\/mvz-huerth-slider-zentrum-empfang.jpg);\nbackground-position:50% 50%;\nbackground-attachment:scroll;\n}\n.avia-section.av-1fog9-8928d9ba684b19c76f2bab7c7015e2d7 .av-extra-border-element .av-extra-border-inner{\nbackground-color:#ffffff;\n}\n<\/style>\n<div id='header-img'  class='avia-section av-1fog9-8928d9ba684b19c76f2bab7c7015e2d7 main_color avia-section-huge avia-no-border-styling  avia-builder-el-0  el_before_av_section  avia-builder-el-first  largeimg avia-full-stretch avia-bg-style-scroll container_wrap fullsize'  data-section-bg-repeat='stretch'><div class='container av-section-cont-open' ><main  role=\"main\" itemprop=\"mainContentOfPage\"  class='template-page content  av-content-full alpha units'><div class='post-entry post-entry-type-page post-entry-1145'><div class='entry-content-wrapper clearfix'>\n<\/div><\/div><\/main><!-- close content main element --><\/div><div class='av-extra-border-element border-extra-diagonal border-extra-diagonal-inverse '><div class='av-extra-border-outer'><div class='av-extra-border-inner'><\/div><\/div><\/div><\/div>\n<style type=\"text\/css\" data-created_by=\"avia_inline_auto\" id=\"style-css-av-22f7i1-6a7351dc73356391bfc2d0d9ce8dd56d\">\n.avia-section.av-22f7i1-6a7351dc73356391bfc2d0d9ce8dd56d .av-extra-border-element .av-extra-border-inner{\nbackground-color:#f1f0f5;\n}\n<\/style>\n<div id='av_section_2'  class='avia-section av-22f7i1-6a7351dc73356391bfc2d0d9ce8dd56d main_color avia-section-large avia-no-border-styling  avia-builder-el-1  el_after_av_section  avia-builder-el-last  avia-bg-style-scroll container_wrap fullsize'  ><div class='container av-section-cont-open' ><div class='template-page content  av-content-full alpha units'><div class='post-entry post-entry-type-page post-entry-1145'><div class='entry-content-wrapper clearfix'>\n<div  class='flex_column av-av_four_fifth-41ee899840124b6993b57a87f996c353 av_four_fifth  avia-builder-el-2  avia-builder-el-no-sibling  first flex_column_div  '     ><section  class='av_textblock_section av-lu6xtkng-fb125507fead6638a0128d0aadaa0778 '   itemscope=\"itemscope\" itemtype=\"https:\/\/schema.org\/CreativeWork\" ><div class='avia_textblock'  itemprop=\"text\" ><h1><strong>Thermokoagulation<\/strong><\/h1>\n<\/div><\/section><br \/>\n<section  class='av_textblock_section av-lu6xubxu-1fd0ddf88a403e0a34700955c0250cab '   itemscope=\"itemscope\" itemtype=\"https:\/\/schema.org\/CreativeWork\" ><div class='avia_textblock'  itemprop=\"text\" ><p>Facettengelenknervenver\u00f6dung und Thermokoagulation sind Synonyme f\u00fcr eine minimalinvasive Methode zur Schmerzlinderung bei Gelenkbeschwerden, insbesondere durch Wirbelgelenksarthrose. Dabei werden schmerz\u00fcbertragende Nervenfasern ver\u00f6det, was zu schneller und langanhaltender Schmerzlinderung f\u00fchrt. Das Verfahren z\u00e4hlt zu den minimalinvasiven Schmerztherapien und bietet Vorteile wie schnelle, langanhaltende Linderung, ambulante Durchf\u00fchrung, pr\u00e4zise Dosierbarkeit und Wiederholbarkeit bei Bedarf.<\/p>\n<p>Anwendungsbereiche umfassen Facettengelenksarthrose, Wirbels\u00e4ulenverformungen, Bandscheibenvorfalle und Instabilit\u00e4ten nach Operationen. Der Ablauf beinhaltet eine kurze Probeinfiltration zur Diagnose und die eigentliche Thermokoagulation im Wachzustand unter lokaler Bet\u00e4ubung, wodurch sofortige Schmerzlinderung m\u00f6glich ist. Risiken sind gering und umfassen m\u00f6gliche Infektionen, allergische Reaktionen sowie selten Nervenverletzungen.<\/p>\n<p>In unserer orthop\u00e4dischen Praxis erfolgt die Thermokoagulation als etwa einst\u00fcndiger, minimalinvasiver Eingriff. Die Platzierung der Hochfrequenzsonde und die Durchf\u00fchrung unter R\u00f6ntgenkontrolle gew\u00e4hrleisten Pr\u00e4zision. Nach erfolgreicher Thermokoagulation erlebt der Patient in der Regel unmittelbar eine Schmerzbefreiung. Sprechen Sie mit Ihrem Arzt \u00fcber diese schonende L\u00f6sung f\u00fcr Gelenkbeschwerden.<\/p>\n<\/div><\/section><\/p><\/div>\n","protected":false},"excerpt":{"rendered":"","protected":false},"author":1,"featured_media":0,"parent":0,"menu_order":0,"comment_status":"closed","ping_status":"closed","template":"","meta":{"footnotes":""},"class_list":["post-1145","page","type-page","status-publish","hentry"],"yoast_head":"<!-- This site is optimized with the Yoast SEO plugin v27.2 - https:\/\/yoast.com\/product\/yoast-seo-wordpress\/ -->\n<title>Thermokoagulation - MVZ H\u00fcrth<\/title>\n<meta name=\"description\" content=\"Facettengelenknervenver\u00f6dung &amp; Thermokoagulation sind Synonyme f\u00fcr eine minimalinvasive Methode zur Schmerzlinderung bei Gelenkbeschwerden, insbesondere durch Wirbelgelenksarthrose.\" \/>\n<meta name=\"robots\" content=\"index, follow, max-snippet:-1, max-image-preview:large, max-video-preview:-1\" \/>\n<link rel=\"canonical\" href=\"https:\/\/atos-mvz.de\/huerth\/thermokoagulation\/\" \/>\n<meta property=\"og:locale\" content=\"de_DE\" \/>\n<meta property=\"og:type\" content=\"article\" \/>\n<meta property=\"og:title\" content=\"Thermokoagulation - MVZ H\u00fcrth\" \/>\n<meta property=\"og:description\" content=\"Facettengelenknervenver\u00f6dung &amp; Thermokoagulation sind Synonyme f\u00fcr eine minimalinvasive Methode zur Schmerzlinderung bei Gelenkbeschwerden, insbesondere durch Wirbelgelenksarthrose.\" \/>\n<meta property=\"og:url\" content=\"https:\/\/atos-mvz.de\/huerth\/thermokoagulation\/\" \/>\n<meta property=\"og:site_name\" content=\"MVZ H\u00fcrth\" \/>\n<meta property=\"article:modified_time\" content=\"2024-03-27T11:49:16+00:00\" \/>\n<meta name=\"twitter:card\" content=\"summary_large_image\" \/>\n<script type=\"application\/ld+json\" class=\"yoast-schema-graph\">{\"@context\":\"https:\/\/schema.org\",\"@graph\":[{\"@type\":\"WebPage\",\"@id\":\"https:\/\/atos-mvz.de\/huerth\/thermokoagulation\/\",\"url\":\"https:\/\/atos-mvz.de\/huerth\/thermokoagulation\/\",\"name\":\"Thermokoagulation - MVZ H\u00fcrth\",\"isPartOf\":{\"@id\":\"https:\/\/atos-mvz.de\/huerth\/#website\"},\"datePublished\":\"2024-03-25T12:42:41+00:00\",\"dateModified\":\"2024-03-27T11:49:16+00:00\",\"description\":\"Facettengelenknervenver\u00f6dung & Thermokoagulation sind Synonyme f\u00fcr eine minimalinvasive Methode zur Schmerzlinderung bei Gelenkbeschwerden, insbesondere durch Wirbelgelenksarthrose.\",\"breadcrumb\":{\"@id\":\"https:\/\/atos-mvz.de\/huerth\/thermokoagulation\/#breadcrumb\"},\"inLanguage\":\"de\",\"potentialAction\":[{\"@type\":\"ReadAction\",\"target\":[\"https:\/\/atos-mvz.de\/huerth\/thermokoagulation\/\"]}]},{\"@type\":\"BreadcrumbList\",\"@id\":\"https:\/\/atos-mvz.de\/huerth\/thermokoagulation\/#breadcrumb\",\"itemListElement\":[{\"@type\":\"ListItem\",\"position\":1,\"name\":\"Startseite\",\"item\":\"https:\/\/atos-mvz.de\/huerth\/startseite\/\"},{\"@type\":\"ListItem\",\"position\":2,\"name\":\"Thermokoagulation\"}]},{\"@type\":\"WebSite\",\"@id\":\"https:\/\/atos-mvz.de\/huerth\/#website\",\"url\":\"https:\/\/atos-mvz.de\/huerth\/\",\"name\":\"MVZ H\u00fcrth\",\"description\":\"\",\"potentialAction\":[{\"@type\":\"SearchAction\",\"target\":{\"@type\":\"EntryPoint\",\"urlTemplate\":\"https:\/\/atos-mvz.de\/huerth\/?s={search_term_string}\"},\"query-input\":{\"@type\":\"PropertyValueSpecification\",\"valueRequired\":true,\"valueName\":\"search_term_string\"}}],\"inLanguage\":\"de\"}]}<\/script>\n<!-- \/ Yoast SEO plugin. -->","yoast_head_json":{"title":"Thermokoagulation - MVZ H\u00fcrth","description":"Facettengelenknervenver\u00f6dung & Thermokoagulation sind Synonyme f\u00fcr eine minimalinvasive Methode zur Schmerzlinderung bei Gelenkbeschwerden, insbesondere durch Wirbelgelenksarthrose.","robots":{"index":"index","follow":"follow","max-snippet":"max-snippet:-1","max-image-preview":"max-image-preview:large","max-video-preview":"max-video-preview:-1"},"canonical":"https:\/\/atos-mvz.de\/huerth\/thermokoagulation\/","og_locale":"de_DE","og_type":"article","og_title":"Thermokoagulation - MVZ H\u00fcrth","og_description":"Facettengelenknervenver\u00f6dung & Thermokoagulation sind Synonyme f\u00fcr eine minimalinvasive Methode zur Schmerzlinderung bei Gelenkbeschwerden, insbesondere durch Wirbelgelenksarthrose.","og_url":"https:\/\/atos-mvz.de\/huerth\/thermokoagulation\/","og_site_name":"MVZ H\u00fcrth","article_modified_time":"2024-03-27T11:49:16+00:00","twitter_card":"summary_large_image","schema":{"@context":"https:\/\/schema.org","@graph":[{"@type":"WebPage","@id":"https:\/\/atos-mvz.de\/huerth\/thermokoagulation\/","url":"https:\/\/atos-mvz.de\/huerth\/thermokoagulation\/","name":"Thermokoagulation - MVZ H\u00fcrth","isPartOf":{"@id":"https:\/\/atos-mvz.de\/huerth\/#website"},"datePublished":"2024-03-25T12:42:41+00:00","dateModified":"2024-03-27T11:49:16+00:00","description":"Facettengelenknervenver\u00f6dung & Thermokoagulation sind Synonyme f\u00fcr eine minimalinvasive Methode zur Schmerzlinderung bei Gelenkbeschwerden, insbesondere durch Wirbelgelenksarthrose.","breadcrumb":{"@id":"https:\/\/atos-mvz.de\/huerth\/thermokoagulation\/#breadcrumb"},"inLanguage":"de","potentialAction":[{"@type":"ReadAction","target":["https:\/\/atos-mvz.de\/huerth\/thermokoagulation\/"]}]},{"@type":"BreadcrumbList","@id":"https:\/\/atos-mvz.de\/huerth\/thermokoagulation\/#breadcrumb","itemListElement":[{"@type":"ListItem","position":1,"name":"Startseite","item":"https:\/\/atos-mvz.de\/huerth\/startseite\/"},{"@type":"ListItem","position":2,"name":"Thermokoagulation"}]},{"@type":"WebSite","@id":"https:\/\/atos-mvz.de\/huerth\/#website","url":"https:\/\/atos-mvz.de\/huerth\/","name":"MVZ H\u00fcrth","description":"","potentialAction":[{"@type":"SearchAction","target":{"@type":"EntryPoint","urlTemplate":"https:\/\/atos-mvz.de\/huerth\/?s={search_term_string}"},"query-input":{"@type":"PropertyValueSpecification","valueRequired":true,"valueName":"search_term_string"}}],"inLanguage":"de"}]}},"_links":{"self":[{"href":"https:\/\/atos-mvz.de\/huerth\/wp-json\/wp\/v2\/pages\/1145","targetHints":{"allow":["GET"]}}],"collection":[{"href":"https:\/\/atos-mvz.de\/huerth\/wp-json\/wp\/v2\/pages"}],"about":[{"href":"https:\/\/atos-mvz.de\/huerth\/wp-json\/wp\/v2\/types\/page"}],"author":[{"embeddable":true,"href":"https:\/\/atos-mvz.de\/huerth\/wp-json\/wp\/v2\/users\/1"}],"replies":[{"embeddable":true,"href":"https:\/\/atos-mvz.de\/huerth\/wp-json\/wp\/v2\/comments?post=1145"}],"version-history":[{"count":4,"href":"https:\/\/atos-mvz.de\/huerth\/wp-json\/wp\/v2\/pages\/1145\/revisions"}],"predecessor-version":[{"id":1305,"href":"https:\/\/atos-mvz.de\/huerth\/wp-json\/wp\/v2\/pages\/1145\/revisions\/1305"}],"wp:attachment":[{"href":"https:\/\/atos-mvz.de\/huerth\/wp-json\/wp\/v2\/media?parent=1145"}],"curies":[{"name":"wp","href":"https:\/\/api.w.org\/{rel}","templated":true}]}}