{"id":16,"date":"2021-02-10T09:15:55","date_gmt":"2021-02-10T08:15:55","guid":{"rendered":"https:\/\/atos-mvz.de\/diez\/?page_id=16"},"modified":"2026-01-14T12:18:05","modified_gmt":"2026-01-14T11:18:05","slug":"kontakt","status":"publish","type":"page","link":"https:\/\/atos-mvz.de\/diez\/kontakt\/","title":{"rendered":"Kontakt"},"content":{"rendered":"\n<style type=\"text\/css\" data-created_by=\"avia_inline_auto\" id=\"style-css-av-kkz62dsq-ca0d8688dee5546752f4974b8b56caad\">\n.avia-section.av-kkz62dsq-ca0d8688dee5546752f4974b8b56caad{\nbackground-repeat:no-repeat;\nbackground-image:url(https:\/\/atos-mvz.de\/diez\/wp-content\/uploads\/sites\/5\/2021\/02\/diez-castle.jpg);\nbackground-position:0% 50%;\nbackground-attachment:scroll;\n}\n.avia-section.av-kkz62dsq-ca0d8688dee5546752f4974b8b56caad .av-extra-border-element .av-extra-border-inner{\nbackground-color:#ffffff;\n}\n<\/style>\n<div id='header-img'  class='avia-section av-kkz62dsq-ca0d8688dee5546752f4974b8b56caad main_color avia-section-large avia-no-border-styling  avia-builder-el-0  el_before_av_section  avia-builder-el-first  largeimg avia-full-stretch avia-bg-style-scroll container_wrap fullsize'  data-section-bg-repeat='stretch'><div class='container av-section-cont-open' ><main  role=\"main\" itemprop=\"mainContentOfPage\"  class='template-page content  av-content-full alpha units'><div class='post-entry post-entry-type-page post-entry-16'><div class='entry-content-wrapper clearfix'>\n<\/div><\/div><\/main><!-- close content main element --><\/div><div class='av-extra-border-element border-extra-diagonal border-extra-diagonal-inverse '><div class='av-extra-border-outer'><div class='av-extra-border-inner'><\/div><\/div><\/div><\/div><div id='av_section_2'  class='avia-section av-lmokp3y3-5da94b434bf28948dad89276aaf90bde main_color avia-section-default avia-no-border-styling  avia-builder-el-1  el_after_av_section  el_before_av_section  standort avia-bg-style-scroll container_wrap fullsize'  ><div class='container av-section-cont-open' ><div class='template-page content  av-content-full alpha units'><div class='post-entry post-entry-type-page post-entry-16'><div class='entry-content-wrapper clearfix'>\n<div  class='flex_column av-19noo-2ba867d36e2831ce3a09d5271971c547 av_one_half  avia-builder-el-2  el_before_av_one_half  avia-builder-el-first  first flex_column_div  '     ><section  class='av_textblock_section av-kkz64qyq-d1c7df876402824cfca16f929d239252 '   itemscope=\"itemscope\" itemtype=\"https:\/\/schema.org\/CreativeWork\" ><div class='avia_textblock'  itemprop=\"text\" ><h2>ATOS MVZ <strong>Braunfels &#8211; Diez<\/strong><\/h2>\n<\/div><\/section><br \/>\n<div  class='avia-icon-list-container av-2caqg-0fd76ee8f135bf0a8681f074b5ac843e  avia-builder-el-4  el_after_av_textblock  avia-builder-el-last '><ul class='avia-icon-list avia_animate_when_almost_visible avia-icon-list-left av-iconlist-small av-2caqg-0fd76ee8f135bf0a8681f074b5ac843e avia-iconlist-animate'>\n<li><div class='iconlist_icon av-12ols-aa88cc898dae31cfd132144db802d1ce avia-font-fontello avia-iconfont avia-font-fontello'><span class='av-icon-char' data-av_icon='\ue800' data-av_iconfont='fontello' aria-hidden=\"true\"><\/span><\/div><article class=\"article-icon-entry av-iconlist-empty\"  itemscope=\"itemscope\" itemtype=\"https:\/\/schema.org\/CreativeWork\" ><div class=\"iconlist_content_wrap\"><header class=\"entry-content-header\" aria-label=\"Icon: Medicum Diez<br> Im Werkes 1<br> 65582 Diez\"><div class='av_iconlist_title iconlist_title_small  '  itemprop=\"headline\" >Medicum Diez<br> Im Werkes 1<br> 65582 Diez<\/div><\/header><div class='iconlist_content '  itemprop=\"text\" ><\/div><\/div><footer class=\"entry-footer\"><\/footer><\/article><div class=\"iconlist-timeline\"><\/div><\/li>\n<li><a href='tel:+4964324060' title='06432 4060'  class='iconlist_icon av-1aalo-72d60fbc831108132e796dd126d4c3b8 avia-font-fontello avia-iconfont avia-font-fontello'><span class='av-icon-char' data-av_icon='\ue802' data-av_iconfont='fontello' aria-hidden=\"true\"><\/span><\/a><article class=\"article-icon-entry av-iconlist-empty\"  itemscope=\"itemscope\" itemtype=\"https:\/\/schema.org\/CreativeWork\" ><div class=\"iconlist_content_wrap\"><header class=\"entry-content-header\" aria-label=\"Icon: &lt;a href=&#039;tel:+4964324060&#039; title=&#039;06432 4060&#039;&gt;06432 4060&lt;\/a&gt;\"><div class='av_iconlist_title iconlist_title_small  '  itemprop=\"headline\" ><a href='tel:+4964324060' title='06432 4060'>06432 4060<\/a><\/div><\/header><div class='iconlist_content '  itemprop=\"text\" ><\/div><\/div><footer class=\"entry-footer\"><\/footer><\/article><div class=\"iconlist-timeline\"><\/div><\/li>\n<li><a href='mailto:mvz-diez@atos.de' title='mvz-diez@atos.de'  class='iconlist_icon av-12ols-3-c77da76f39f4636c5e874fefc496d1a2 avia-font-fontello avia-iconfont avia-font-fontello'><span class='av-icon-char' data-av_icon='\uf0e0' data-av_iconfont='fontello' aria-hidden=\"true\"><\/span><\/a><article class=\"article-icon-entry av-iconlist-empty\"  itemscope=\"itemscope\" itemtype=\"https:\/\/schema.org\/CreativeWork\" ><div class=\"iconlist_content_wrap\"><header class=\"entry-content-header\" aria-label=\"Icon: &lt;a href=&#039;mailto:mvz-diez@atos.de&#039; title=&#039;mvz-diez@atos.de&#039;&gt;mvz-diez@atos.de&lt;\/a&gt;\"><div class='av_iconlist_title iconlist_title_small  '  itemprop=\"headline\" ><a href='mailto:mvz-diez@atos.de' title='mvz-diez@atos.de'>mvz-diez@atos.de<\/a><\/div><\/header><div class='iconlist_content '  itemprop=\"text\" ><\/div><\/div><footer class=\"entry-footer\"><\/footer><\/article><div class=\"iconlist-timeline\"><\/div><\/li>\n<\/ul><\/div><\/p><\/div><div  class='flex_column av-u3f8-28635b683438790a0b4b2a5930106949 av_one_half  avia-builder-el-5  el_after_av_one_half  avia-builder-el-last  flex_column_div  '     ><section  class='av_textblock_section av-kkz6aqhr-c2dc680754f0c27b9a0b28049d27c62c '   itemscope=\"itemscope\" itemtype=\"https:\/\/schema.org\/CreativeWork\" ><div class='avia_textblock'  itemprop=\"text\" ><h2>Aktuelle <strong>Sprechstundenzeiten<\/strong><\/h2>\n<\/div><\/section><br \/>\n<div class='avia-data-table-wrap av-1aw7g-effaa2008138003f009073863080055c avia_scrollable_table avia-table-1'><table  class='avia-table avia-data-table avia_pricing_default  avia-builder-el-7  el_after_av_textblock  avia-builder-el-last '  itemscope=\"itemscope\" itemtype=\"https:\/\/schema.org\/Table\" ><tbody><tr class=''><td class=''>Montag<\/td><td class=''>8:00-12:00 Uhr<\/td><td class=''>13:00-16:00 Uhr<\/td><\/tr><tr class=''><td class=''>Dienstag<\/td><td class=''>8:00-12:00 Uhr<\/td><td class=''>13:00-16:00 Uhr<\/td><\/tr><tr class=''><td class=''>Mittwoch<\/td><td class=''>8:00-12:00 Uhr<\/td><td class=''>13:00-16:00 Uhr<\/td><\/tr><tr class=''><td class=''>Donnerstag<\/td><td class=''>8:00-12:00 Uhr<\/td><td class=''>13:00-16:00 Uhr<\/td><\/tr><tr class=''><td class=''>Freitag<\/td><td class=''>8:00-14:00 Uhr<\/td><td class=''><\/td><\/tr><\/tbody><\/table><\/div><\/p><\/div>\n\n<\/div><\/div><\/div><!-- close content main div --><\/div><\/div><div id='av_section_3'  class='avia-section av-kkz6dwjd-02350a722e68b5de28ad18c9fd47bc68 main_color avia-section-large avia-no-border-styling  avia-builder-el-8  el_after_av_section  avia-builder-el-last  avia-bg-style-scroll container_wrap fullsize'  ><div class='container av-section-cont-open' ><div class='template-page content  av-content-full alpha units'><div class='post-entry post-entry-type-page post-entry-16'><div class='entry-content-wrapper clearfix'>\n<section  class='av_textblock_section av-kkz6ecpg-9325c8206b102f0da9505be7fd58cf67 '   itemscope=\"itemscope\" itemtype=\"https:\/\/schema.org\/CreativeWork\" ><div class='avia_textblock'  itemprop=\"text\" ><h2><strong>Praxiswegweiser Diez<\/strong><\/h2>\n<p>Unser MVZ liegt sehr verkehrsg\u00fcnstig und ist mit allen Verkehrsmitteln gut zu erreichen. Sie finden das MVZ im Erdgeschoss des Medicum Diez. Wenn Sie mit dem Auto anreisen, stehen Ihnen Parkpl\u00e4tze in der Tiefgarage des Geb\u00e4udes sowie \u00f6ffentliche Parkpl\u00e4tze in der direkten Umgebung zur Verf\u00fcgung.<\/p>\n<\/div><\/section>\n\n","protected":false},"excerpt":{"rendered":"","protected":false},"author":1,"featured_media":0,"parent":0,"menu_order":0,"comment_status":"closed","ping_status":"closed","template":"","meta":{"footnotes":""},"class_list":["post-16","page","type-page","status-publish","hentry"],"yoast_head":"<!-- This site is optimized with the Yoast SEO plugin v27.3 - https:\/\/yoast.com\/product\/yoast-seo-wordpress\/ -->\n<title>Kontakt - MVZ Braunfels - Diez<\/title>\n<meta name=\"description\" content=\"Kontaktieren Sie das ATOS MVZ Diez im Medicum: Adresse, Telefonnummer &amp; Sprechzeiten auf einen Blick. Parkpl\u00e4tze in der Tiefgarage vorhanden. Jetzt Termin buchen.\" \/>\n<meta name=\"robots\" content=\"index, follow, max-snippet:-1, max-image-preview:large, max-video-preview:-1\" \/>\n<link rel=\"canonical\" href=\"https:\/\/atos-mvz.de\/diez\/kontakt\/\" \/>\n<meta property=\"og:locale\" content=\"de_DE\" \/>\n<meta property=\"og:type\" content=\"article\" \/>\n<meta property=\"og:title\" content=\"Kontakt - MVZ Braunfels - Diez\" \/>\n<meta property=\"og:description\" content=\"Kontaktieren Sie das ATOS MVZ Diez im Medicum: Adresse, Telefonnummer &amp; Sprechzeiten auf einen Blick. Parkpl\u00e4tze in der Tiefgarage vorhanden. Jetzt Termin buchen.\" \/>\n<meta property=\"og:url\" content=\"https:\/\/atos-mvz.de\/diez\/kontakt\/\" \/>\n<meta property=\"og:site_name\" content=\"MVZ Braunfels - Diez\" \/>\n<meta property=\"article:modified_time\" content=\"2026-01-14T11:18:05+00:00\" \/>\n<meta name=\"twitter:card\" content=\"summary_large_image\" \/>\n<script type=\"application\/ld+json\" class=\"yoast-schema-graph\">{\"@context\":\"https:\\\/\\\/schema.org\",\"@graph\":[{\"@type\":\"WebPage\",\"@id\":\"https:\\\/\\\/atos-mvz.de\\\/diez\\\/kontakt\\\/\",\"url\":\"https:\\\/\\\/atos-mvz.de\\\/diez\\\/kontakt\\\/\",\"name\":\"Kontakt - MVZ Braunfels - Diez\",\"isPartOf\":{\"@id\":\"https:\\\/\\\/atos-mvz.de\\\/diez\\\/#website\"},\"datePublished\":\"2021-02-10T08:15:55+00:00\",\"dateModified\":\"2026-01-14T11:18:05+00:00\",\"description\":\"Kontaktieren Sie das ATOS MVZ Diez im Medicum: Adresse, Telefonnummer & Sprechzeiten auf einen Blick. Parkpl\u00e4tze in der Tiefgarage vorhanden. Jetzt Termin buchen.\",\"breadcrumb\":{\"@id\":\"https:\\\/\\\/atos-mvz.de\\\/diez\\\/kontakt\\\/#breadcrumb\"},\"inLanguage\":\"de\",\"potentialAction\":[{\"@type\":\"ReadAction\",\"target\":[\"https:\\\/\\\/atos-mvz.de\\\/diez\\\/kontakt\\\/\"]}]},{\"@type\":\"BreadcrumbList\",\"@id\":\"https:\\\/\\\/atos-mvz.de\\\/diez\\\/kontakt\\\/#breadcrumb\",\"itemListElement\":[{\"@type\":\"ListItem\",\"position\":1,\"name\":\"Startseite\",\"item\":\"https:\\\/\\\/atos-mvz.de\\\/diez\\\/startseite\\\/\"},{\"@type\":\"ListItem\",\"position\":2,\"name\":\"Kontakt\"}]},{\"@type\":\"WebSite\",\"@id\":\"https:\\\/\\\/atos-mvz.de\\\/diez\\\/#website\",\"url\":\"https:\\\/\\\/atos-mvz.de\\\/diez\\\/\",\"name\":\"MVZ Braunfels - Diez\",\"description\":\"\",\"potentialAction\":[{\"@type\":\"SearchAction\",\"target\":{\"@type\":\"EntryPoint\",\"urlTemplate\":\"https:\\\/\\\/atos-mvz.de\\\/diez\\\/?s={search_term_string}\"},\"query-input\":{\"@type\":\"PropertyValueSpecification\",\"valueRequired\":true,\"valueName\":\"search_term_string\"}}],\"inLanguage\":\"de\"}]}<\/script>\n<!-- \/ Yoast SEO plugin. -->","yoast_head_json":{"title":"Kontakt - MVZ Braunfels - Diez","description":"Kontaktieren Sie das ATOS MVZ Diez im Medicum: Adresse, Telefonnummer & Sprechzeiten auf einen Blick. Parkpl\u00e4tze in der Tiefgarage vorhanden. Jetzt Termin buchen.","robots":{"index":"index","follow":"follow","max-snippet":"max-snippet:-1","max-image-preview":"max-image-preview:large","max-video-preview":"max-video-preview:-1"},"canonical":"https:\/\/atos-mvz.de\/diez\/kontakt\/","og_locale":"de_DE","og_type":"article","og_title":"Kontakt - MVZ Braunfels - Diez","og_description":"Kontaktieren Sie das ATOS MVZ Diez im Medicum: Adresse, Telefonnummer & Sprechzeiten auf einen Blick. Parkpl\u00e4tze in der Tiefgarage vorhanden. Jetzt Termin buchen.","og_url":"https:\/\/atos-mvz.de\/diez\/kontakt\/","og_site_name":"MVZ Braunfels - Diez","article_modified_time":"2026-01-14T11:18:05+00:00","twitter_card":"summary_large_image","schema":{"@context":"https:\/\/schema.org","@graph":[{"@type":"WebPage","@id":"https:\/\/atos-mvz.de\/diez\/kontakt\/","url":"https:\/\/atos-mvz.de\/diez\/kontakt\/","name":"Kontakt - MVZ Braunfels - Diez","isPartOf":{"@id":"https:\/\/atos-mvz.de\/diez\/#website"},"datePublished":"2021-02-10T08:15:55+00:00","dateModified":"2026-01-14T11:18:05+00:00","description":"Kontaktieren Sie das ATOS MVZ Diez im Medicum: Adresse, Telefonnummer & Sprechzeiten auf einen Blick. Parkpl\u00e4tze in der Tiefgarage vorhanden. Jetzt Termin buchen.","breadcrumb":{"@id":"https:\/\/atos-mvz.de\/diez\/kontakt\/#breadcrumb"},"inLanguage":"de","potentialAction":[{"@type":"ReadAction","target":["https:\/\/atos-mvz.de\/diez\/kontakt\/"]}]},{"@type":"BreadcrumbList","@id":"https:\/\/atos-mvz.de\/diez\/kontakt\/#breadcrumb","itemListElement":[{"@type":"ListItem","position":1,"name":"Startseite","item":"https:\/\/atos-mvz.de\/diez\/startseite\/"},{"@type":"ListItem","position":2,"name":"Kontakt"}]},{"@type":"WebSite","@id":"https:\/\/atos-mvz.de\/diez\/#website","url":"https:\/\/atos-mvz.de\/diez\/","name":"MVZ Braunfels - Diez","description":"","potentialAction":[{"@type":"SearchAction","target":{"@type":"EntryPoint","urlTemplate":"https:\/\/atos-mvz.de\/diez\/?s={search_term_string}"},"query-input":{"@type":"PropertyValueSpecification","valueRequired":true,"valueName":"search_term_string"}}],"inLanguage":"de"}]}},"_links":{"self":[{"href":"https:\/\/atos-mvz.de\/diez\/wp-json\/wp\/v2\/pages\/16","targetHints":{"allow":["GET"]}}],"collection":[{"href":"https:\/\/atos-mvz.de\/diez\/wp-json\/wp\/v2\/pages"}],"about":[{"href":"https:\/\/atos-mvz.de\/diez\/wp-json\/wp\/v2\/types\/page"}],"author":[{"embeddable":true,"href":"https:\/\/atos-mvz.de\/diez\/wp-json\/wp\/v2\/users\/1"}],"replies":[{"embeddable":true,"href":"https:\/\/atos-mvz.de\/diez\/wp-json\/wp\/v2\/comments?post=16"}],"version-history":[{"count":14,"href":"https:\/\/atos-mvz.de\/diez\/wp-json\/wp\/v2\/pages\/16\/revisions"}],"predecessor-version":[{"id":547,"href":"https:\/\/atos-mvz.de\/diez\/wp-json\/wp\/v2\/pages\/16\/revisions\/547"}],"wp:attachment":[{"href":"https:\/\/atos-mvz.de\/diez\/wp-json\/wp\/v2\/media?parent=16"}],"curies":[{"name":"wp","href":"https:\/\/api.w.org\/{rel}","templated":true}]}}