{"id":934,"date":"2024-03-21T15:50:34","date_gmt":"2024-03-21T14:50:34","guid":{"rendered":"https:\/\/atos-mvz.de\/bruehl\/?page_id=934"},"modified":"2024-03-27T12:58:07","modified_gmt":"2024-03-27T11:58:07","slug":"stosswellentherapie","status":"publish","type":"page","link":"https:\/\/atos-mvz.de\/bruehl\/stosswellentherapie\/","title":{"rendered":"Sto\u00dfwellentherapie"},"content":{"rendered":"\n<style type=\"text\/css\" data-created_by=\"avia_inline_auto\" id=\"style-css-av-ltk1i-e95758905d24480c3b505649d2c09f9d\">\n.avia-section.av-ltk1i-e95758905d24480c3b505649d2c09f9d{\nbackground-repeat:no-repeat;\nbackground-image:url(https:\/\/atos-mvz.de\/bruehl\/wp-content\/uploads\/sites\/28\/2024\/03\/bruehl.jpg);\nbackground-position:50% 50%;\nbackground-attachment:scroll;\n}\n.avia-section.av-ltk1i-e95758905d24480c3b505649d2c09f9d .av-extra-border-element .av-extra-border-inner{\nbackground-color:#ffffff;\n}\n<\/style>\n<div id='header-img'  class='avia-section av-ltk1i-e95758905d24480c3b505649d2c09f9d main_color avia-section-huge avia-no-border-styling  avia-builder-el-0  el_before_av_section  avia-builder-el-first  largeimg avia-full-stretch avia-bg-style-scroll container_wrap fullsize'  data-section-bg-repeat='stretch'><div class='container av-section-cont-open' ><main  role=\"main\" itemprop=\"mainContentOfPage\"  class='template-page content  av-content-full alpha units'><div class='post-entry post-entry-type-page post-entry-934'><div class='entry-content-wrapper clearfix'>\n<\/div><\/div><\/main><!-- close content main element --><\/div><div class='av-extra-border-element border-extra-diagonal border-extra-diagonal-inverse '><div class='av-extra-border-outer'><div class='av-extra-border-inner'><\/div><\/div><\/div><\/div>\n<style type=\"text\/css\" data-created_by=\"avia_inline_auto\" id=\"style-css-av-gdwty-c72d908b3b37a3085bc494614a77ee35\">\n.avia-section.av-gdwty-c72d908b3b37a3085bc494614a77ee35 .av-extra-border-element .av-extra-border-inner{\nbackground-color:#f1f0f5;\n}\n<\/style>\n<div id='av_section_2'  class='avia-section av-gdwty-c72d908b3b37a3085bc494614a77ee35 main_color avia-section-large avia-no-border-styling  avia-builder-el-1  el_after_av_section  avia-builder-el-last  avia-bg-style-scroll container_wrap fullsize'  ><div class='container av-section-cont-open' ><div class='template-page content  av-content-full alpha units'><div class='post-entry post-entry-type-page post-entry-934'><div class='entry-content-wrapper clearfix'>\n<div  class='flex_column av-av_four_fifth-41ee899840124b6993b57a87f996c353 av_four_fifth  avia-builder-el-2  avia-builder-el-no-sibling  first flex_column_div  '     ><section  class='av_textblock_section av-lu1cl2kr-5906b5ea4a1b8724dc42553f4e9c57ed '   itemscope=\"itemscope\" itemtype=\"https:\/\/schema.org\/CreativeWork\" ><div class='avia_textblock'  itemprop=\"text\" ><h1><strong>Sto\u00dfwellentherapie<\/strong><\/h1>\n<p><strong>Entdecken Sie die Vorteile der Sto\u00dfwellentherapie in unserer orthop\u00e4dischen Praxis!<\/strong><\/p>\n<\/div><\/section><br \/>\n\n<style type=\"text\/css\" data-created_by=\"avia_inline_auto\" id=\"style-css-av-lu1cl7ku-48a1a5f965c0beaa8d94e9f2731c9067\">\n#top .av-special-heading.av-lu1cl7ku-48a1a5f965c0beaa8d94e9f2731c9067{\npadding-bottom:10px;\n}\nbody .av-special-heading.av-lu1cl7ku-48a1a5f965c0beaa8d94e9f2731c9067 .av-special-heading-tag .heading-char{\nfont-size:25px;\n}\n.av-special-heading.av-lu1cl7ku-48a1a5f965c0beaa8d94e9f2731c9067 .av-subheading{\nfont-size:15px;\n}\n<\/style>\n<div  class='av-special-heading av-lu1cl7ku-48a1a5f965c0beaa8d94e9f2731c9067 av-special-heading-h2 blockquote modern-quote  avia-builder-el-4  el_after_av_textblock  el_before_av_textblock '><h2 class='av-special-heading-tag '  itemprop=\"headline\"  >Die Wirkungsweise der Sto\u00dfwellen<\/h2><div class=\"special-heading-border\"><div class=\"special-heading-inner-border\"><\/div><\/div><\/div><br \/>\n<section  class='av_textblock_section av-lu1clc6r-01ede47ebf5c42b9a4d630577d442ff7 '   itemscope=\"itemscope\" itemtype=\"https:\/\/schema.org\/CreativeWork\" ><div class='avia_textblock'  itemprop=\"text\" ><p>Sto\u00dfwellen f\u00f6rdern die Selbstheilungskr\u00e4fte des K\u00f6rpers, bauen Festk\u00f6rper ab, regen den Stoffwechsel und die Durchblutung an. Diese vielseitige Therapieform kann Beschwerden lindern und Heilungsprozesse f\u00f6rdern.<\/p>\n<\/div><\/section><br \/>\n\n<style type=\"text\/css\" data-created_by=\"avia_inline_auto\" id=\"style-css-av-lu1clhjz-fc0b235070048cd1ed424ce31456461e\">\n#top .av-special-heading.av-lu1clhjz-fc0b235070048cd1ed424ce31456461e{\npadding-bottom:10px;\n}\nbody .av-special-heading.av-lu1clhjz-fc0b235070048cd1ed424ce31456461e .av-special-heading-tag .heading-char{\nfont-size:25px;\n}\n.av-special-heading.av-lu1clhjz-fc0b235070048cd1ed424ce31456461e .av-subheading{\nfont-size:15px;\n}\n<\/style>\n<div  class='av-special-heading av-lu1clhjz-fc0b235070048cd1ed424ce31456461e av-special-heading-h2 blockquote modern-quote  avia-builder-el-6  el_after_av_textblock  el_before_av_textblock '><h2 class='av-special-heading-tag '  itemprop=\"headline\"  >Anwendungsgebiete<\/h2><div class=\"special-heading-border\"><div class=\"special-heading-inner-border\"><\/div><\/div><\/div><br \/>\n<section  class='av_textblock_section av-lu1clnh9-5870858f2e4f818851e2374cd5e55dec '   itemscope=\"itemscope\" itemtype=\"https:\/\/schema.org\/CreativeWork\" ><div class='avia_textblock'  itemprop=\"text\" ><p>Die Sto\u00dfwellentherapie findet Anwendung bei degenerativen Erkrankungen wie Osteoarthritis, Wirbels\u00e4ulenproblemen, Arthrose, Ischialgie und Arthropathien.<\/p>\n<\/div><\/section><br \/>\n\n<style type=\"text\/css\" data-created_by=\"avia_inline_auto\" id=\"style-css-av-lu1clt0t-990a72d4b60d6f0c3a4c454dbd4d8f70\">\n#top .av-special-heading.av-lu1clt0t-990a72d4b60d6f0c3a4c454dbd4d8f70{\npadding-bottom:10px;\n}\nbody .av-special-heading.av-lu1clt0t-990a72d4b60d6f0c3a4c454dbd4d8f70 .av-special-heading-tag .heading-char{\nfont-size:25px;\n}\n.av-special-heading.av-lu1clt0t-990a72d4b60d6f0c3a4c454dbd4d8f70 .av-subheading{\nfont-size:15px;\n}\n<\/style>\n<div  class='av-special-heading av-lu1clt0t-990a72d4b60d6f0c3a4c454dbd4d8f70 av-special-heading-h2 blockquote modern-quote  avia-builder-el-8  el_after_av_textblock  el_before_av_textblock '><h2 class='av-special-heading-tag '  itemprop=\"headline\"  >Vorteile gegen\u00fcber konventionellen Verfahren<\/h2><div class=\"special-heading-border\"><div class=\"special-heading-inner-border\"><\/div><\/div><\/div><br \/>\n<section  class='av_textblock_section av-lu1clypq-effcd4689431550af573fe2a85e0ff8c '   itemscope=\"itemscope\" itemtype=\"https:\/\/schema.org\/CreativeWork\" ><div class='avia_textblock'  itemprop=\"text\" ><p>Schonende Alternative zu Operationen und Medikamenten, mobilisiert die Selbstheilungskr\u00e4fte und umgeht Risiken gro\u00dfer Eingriffe.<\/p>\n<\/div><\/section><br \/>\n\n<style type=\"text\/css\" data-created_by=\"avia_inline_auto\" id=\"style-css-av-oay6-79c31bf98ed0e3519aa788236a67207d\">\n#top .av-special-heading.av-oay6-79c31bf98ed0e3519aa788236a67207d{\npadding-bottom:10px;\n}\nbody .av-special-heading.av-oay6-79c31bf98ed0e3519aa788236a67207d .av-special-heading-tag .heading-char{\nfont-size:25px;\n}\n.av-special-heading.av-oay6-79c31bf98ed0e3519aa788236a67207d .av-subheading{\nfont-size:15px;\n}\n<\/style>\n<div  class='av-special-heading av-oay6-79c31bf98ed0e3519aa788236a67207d av-special-heading-h2 blockquote modern-quote  avia-builder-el-10  el_after_av_textblock  el_before_av_textblock '><h2 class='av-special-heading-tag '  itemprop=\"headline\"  >Wann darf die Sto\u00dfwellentherapie nicht angewendet werden?<\/h2><div class=\"special-heading-border\"><div class=\"special-heading-inner-border\"><\/div><\/div><\/div><br \/>\n<section  class='av_textblock_section av-lu1cmcdk-c986c944d2f36be0a2a5264f4fd20d3b '   itemscope=\"itemscope\" itemtype=\"https:\/\/schema.org\/CreativeWork\" ><div class='avia_textblock'  itemprop=\"text\" ><p>Ausschlussgr\u00fcnde sind Gerinnungsst\u00f6rungen, b\u00f6sartige Tumore, akute Entz\u00fcndungen, Schwangerschaft und andere.<\/p>\n<\/div><\/section><br \/>\n\n<style type=\"text\/css\" data-created_by=\"avia_inline_auto\" id=\"style-css-av-lu1cm7qe-9a42f2344ca3856aff14b50eaaefd03a\">\n#top .av-special-heading.av-lu1cm7qe-9a42f2344ca3856aff14b50eaaefd03a{\npadding-bottom:10px;\n}\nbody .av-special-heading.av-lu1cm7qe-9a42f2344ca3856aff14b50eaaefd03a .av-special-heading-tag .heading-char{\nfont-size:25px;\n}\n.av-special-heading.av-lu1cm7qe-9a42f2344ca3856aff14b50eaaefd03a .av-subheading{\nfont-size:15px;\n}\n<\/style>\n<div  class='av-special-heading av-lu1cm7qe-9a42f2344ca3856aff14b50eaaefd03a av-special-heading-h2 blockquote modern-quote  avia-builder-el-12  el_after_av_textblock  el_before_av_textblock '><h2 class='av-special-heading-tag '  itemprop=\"headline\"  >Anwendung in der Sportmedizin<\/h2><div class=\"special-heading-border\"><div class=\"special-heading-inner-border\"><\/div><\/div><\/div><br \/>\n<section  class='av_textblock_section av-lu1cmrgp-a99ef10c2f72ac6d1c3c88854b8cfdfd '   itemscope=\"itemscope\" itemtype=\"https:\/\/schema.org\/CreativeWork\" ><div class='avia_textblock'  itemprop=\"text\" ><p>Hilfreich bei Sporttraumata, Verstauchungen, Zerrungen, Prellungen und Muskelverletzungen. Leistungsstarke Sto\u00dfwellenger\u00e4te von EME auch im Leasing f\u00fcr Sportmediziner, Orthop\u00e4den und Physiotherapeuten.<\/p>\n<\/div><\/section><br \/>\n\n<style type=\"text\/css\" data-created_by=\"avia_inline_auto\" id=\"style-css-av-lu1cmzzw-d186c265a419973ad6955de4c3bfacb1\">\n#top .av-special-heading.av-lu1cmzzw-d186c265a419973ad6955de4c3bfacb1{\npadding-bottom:10px;\n}\nbody .av-special-heading.av-lu1cmzzw-d186c265a419973ad6955de4c3bfacb1 .av-special-heading-tag .heading-char{\nfont-size:25px;\n}\n.av-special-heading.av-lu1cmzzw-d186c265a419973ad6955de4c3bfacb1 .av-subheading{\nfont-size:15px;\n}\n<\/style>\n<div  class='av-special-heading av-lu1cmzzw-d186c265a419973ad6955de4c3bfacb1 av-special-heading-h2 blockquote modern-quote  avia-builder-el-14  el_after_av_textblock  el_before_av_textblock '><h2 class='av-special-heading-tag '  itemprop=\"headline\"  >Beispiele f\u00fcr die Anwendung in der Orthop\u00e4die<\/h2><div class=\"special-heading-border\"><div class=\"special-heading-inner-border\"><\/div><\/div><\/div><br \/>\n<section  class='av_textblock_section av-lu1cnfsx-e12569ccbe05f83306ca9cca846b1840 '   itemscope=\"itemscope\" itemtype=\"https:\/\/schema.org\/CreativeWork\" ><div class='avia_textblock'  itemprop=\"text\" ><p>Gelenksbeschwerden wie Epikondylitis, Knieprobleme, Kn\u00f6chelerkrankungen und Fersensporn.<br \/>\nImpingementsyndrom und Kalkschulter: Reduzierung schmerzhafter Symptome durch gezielte Druckwellen.<\/p>\n<\/div><\/section><\/p><\/div>\n","protected":false},"excerpt":{"rendered":"","protected":false},"author":1,"featured_media":0,"parent":0,"menu_order":0,"comment_status":"closed","ping_status":"closed","template":"","meta":{"footnotes":""},"class_list":["post-934","page","type-page","status-publish","hentry"],"yoast_head":"<!-- This site is optimized with the Yoast SEO plugin v27.3 - https:\/\/yoast.com\/product\/yoast-seo-wordpress\/ -->\n<title>Sto\u00dfwellentherapie - MVZ Rheinland Br\u00fchl<\/title>\n<meta name=\"description\" content=\"Sto\u00dfwellen f\u00f6rdern die Selbstheilungskr\u00e4fte des K\u00f6rpers, bauen Festk\u00f6rper ab, regen den Stoffwechsel und die Durchblutung an.\" \/>\n<meta name=\"robots\" content=\"index, follow, max-snippet:-1, max-image-preview:large, max-video-preview:-1\" \/>\n<link rel=\"canonical\" href=\"https:\/\/atos-mvz.de\/bruehl\/stosswellentherapie\/\" \/>\n<meta property=\"og:locale\" content=\"de_DE\" \/>\n<meta property=\"og:type\" content=\"article\" \/>\n<meta property=\"og:title\" content=\"Sto\u00dfwellentherapie - MVZ Rheinland Br\u00fchl\" \/>\n<meta property=\"og:description\" content=\"Sto\u00dfwellen f\u00f6rdern die Selbstheilungskr\u00e4fte des K\u00f6rpers, bauen Festk\u00f6rper ab, regen den Stoffwechsel und die Durchblutung an.\" \/>\n<meta property=\"og:url\" content=\"https:\/\/atos-mvz.de\/bruehl\/stosswellentherapie\/\" \/>\n<meta property=\"og:site_name\" content=\"MVZ Rheinland Br\u00fchl\" \/>\n<meta property=\"article:modified_time\" content=\"2024-03-27T11:58:07+00:00\" \/>\n<meta name=\"twitter:card\" content=\"summary_large_image\" \/>\n<script type=\"application\/ld+json\" class=\"yoast-schema-graph\">{\"@context\":\"https:\\\/\\\/schema.org\",\"@graph\":[{\"@type\":\"WebPage\",\"@id\":\"https:\\\/\\\/atos-mvz.de\\\/bruehl\\\/stosswellentherapie\\\/\",\"url\":\"https:\\\/\\\/atos-mvz.de\\\/bruehl\\\/stosswellentherapie\\\/\",\"name\":\"Sto\u00dfwellentherapie - MVZ Rheinland Br\u00fchl\",\"isPartOf\":{\"@id\":\"https:\\\/\\\/atos-mvz.de\\\/bruehl\\\/#website\"},\"datePublished\":\"2024-03-21T14:50:34+00:00\",\"dateModified\":\"2024-03-27T11:58:07+00:00\",\"description\":\"Sto\u00dfwellen f\u00f6rdern die Selbstheilungskr\u00e4fte des K\u00f6rpers, bauen Festk\u00f6rper ab, regen den Stoffwechsel und die Durchblutung an.\",\"breadcrumb\":{\"@id\":\"https:\\\/\\\/atos-mvz.de\\\/bruehl\\\/stosswellentherapie\\\/#breadcrumb\"},\"inLanguage\":\"de\",\"potentialAction\":[{\"@type\":\"ReadAction\",\"target\":[\"https:\\\/\\\/atos-mvz.de\\\/bruehl\\\/stosswellentherapie\\\/\"]}]},{\"@type\":\"BreadcrumbList\",\"@id\":\"https:\\\/\\\/atos-mvz.de\\\/bruehl\\\/stosswellentherapie\\\/#breadcrumb\",\"itemListElement\":[{\"@type\":\"ListItem\",\"position\":1,\"name\":\"Startseite\",\"item\":\"https:\\\/\\\/atos-mvz.de\\\/bruehl\\\/startseite\\\/\"},{\"@type\":\"ListItem\",\"position\":2,\"name\":\"Sto\u00dfwellentherapie\"}]},{\"@type\":\"WebSite\",\"@id\":\"https:\\\/\\\/atos-mvz.de\\\/bruehl\\\/#website\",\"url\":\"https:\\\/\\\/atos-mvz.de\\\/bruehl\\\/\",\"name\":\"MVZ Rheinland Br\u00fchl\",\"description\":\"\",\"potentialAction\":[{\"@type\":\"SearchAction\",\"target\":{\"@type\":\"EntryPoint\",\"urlTemplate\":\"https:\\\/\\\/atos-mvz.de\\\/bruehl\\\/?s={search_term_string}\"},\"query-input\":{\"@type\":\"PropertyValueSpecification\",\"valueRequired\":true,\"valueName\":\"search_term_string\"}}],\"inLanguage\":\"de\"}]}<\/script>\n<!-- \/ Yoast SEO plugin. -->","yoast_head_json":{"title":"Sto\u00dfwellentherapie - MVZ Rheinland Br\u00fchl","description":"Sto\u00dfwellen f\u00f6rdern die Selbstheilungskr\u00e4fte des K\u00f6rpers, bauen Festk\u00f6rper ab, regen den Stoffwechsel und die Durchblutung an.","robots":{"index":"index","follow":"follow","max-snippet":"max-snippet:-1","max-image-preview":"max-image-preview:large","max-video-preview":"max-video-preview:-1"},"canonical":"https:\/\/atos-mvz.de\/bruehl\/stosswellentherapie\/","og_locale":"de_DE","og_type":"article","og_title":"Sto\u00dfwellentherapie - MVZ Rheinland Br\u00fchl","og_description":"Sto\u00dfwellen f\u00f6rdern die Selbstheilungskr\u00e4fte des K\u00f6rpers, bauen Festk\u00f6rper ab, regen den Stoffwechsel und die Durchblutung an.","og_url":"https:\/\/atos-mvz.de\/bruehl\/stosswellentherapie\/","og_site_name":"MVZ Rheinland Br\u00fchl","article_modified_time":"2024-03-27T11:58:07+00:00","twitter_card":"summary_large_image","schema":{"@context":"https:\/\/schema.org","@graph":[{"@type":"WebPage","@id":"https:\/\/atos-mvz.de\/bruehl\/stosswellentherapie\/","url":"https:\/\/atos-mvz.de\/bruehl\/stosswellentherapie\/","name":"Sto\u00dfwellentherapie - MVZ Rheinland Br\u00fchl","isPartOf":{"@id":"https:\/\/atos-mvz.de\/bruehl\/#website"},"datePublished":"2024-03-21T14:50:34+00:00","dateModified":"2024-03-27T11:58:07+00:00","description":"Sto\u00dfwellen f\u00f6rdern die Selbstheilungskr\u00e4fte des K\u00f6rpers, bauen Festk\u00f6rper ab, regen den Stoffwechsel und die Durchblutung an.","breadcrumb":{"@id":"https:\/\/atos-mvz.de\/bruehl\/stosswellentherapie\/#breadcrumb"},"inLanguage":"de","potentialAction":[{"@type":"ReadAction","target":["https:\/\/atos-mvz.de\/bruehl\/stosswellentherapie\/"]}]},{"@type":"BreadcrumbList","@id":"https:\/\/atos-mvz.de\/bruehl\/stosswellentherapie\/#breadcrumb","itemListElement":[{"@type":"ListItem","position":1,"name":"Startseite","item":"https:\/\/atos-mvz.de\/bruehl\/startseite\/"},{"@type":"ListItem","position":2,"name":"Sto\u00dfwellentherapie"}]},{"@type":"WebSite","@id":"https:\/\/atos-mvz.de\/bruehl\/#website","url":"https:\/\/atos-mvz.de\/bruehl\/","name":"MVZ Rheinland Br\u00fchl","description":"","potentialAction":[{"@type":"SearchAction","target":{"@type":"EntryPoint","urlTemplate":"https:\/\/atos-mvz.de\/bruehl\/?s={search_term_string}"},"query-input":{"@type":"PropertyValueSpecification","valueRequired":true,"valueName":"search_term_string"}}],"inLanguage":"de"}]}},"_links":{"self":[{"href":"https:\/\/atos-mvz.de\/bruehl\/wp-json\/wp\/v2\/pages\/934","targetHints":{"allow":["GET"]}}],"collection":[{"href":"https:\/\/atos-mvz.de\/bruehl\/wp-json\/wp\/v2\/pages"}],"about":[{"href":"https:\/\/atos-mvz.de\/bruehl\/wp-json\/wp\/v2\/types\/page"}],"author":[{"embeddable":true,"href":"https:\/\/atos-mvz.de\/bruehl\/wp-json\/wp\/v2\/users\/1"}],"replies":[{"embeddable":true,"href":"https:\/\/atos-mvz.de\/bruehl\/wp-json\/wp\/v2\/comments?post=934"}],"version-history":[{"count":6,"href":"https:\/\/atos-mvz.de\/bruehl\/wp-json\/wp\/v2\/pages\/934\/revisions"}],"predecessor-version":[{"id":1205,"href":"https:\/\/atos-mvz.de\/bruehl\/wp-json\/wp\/v2\/pages\/934\/revisions\/1205"}],"wp:attachment":[{"href":"https:\/\/atos-mvz.de\/bruehl\/wp-json\/wp\/v2\/media?parent=934"}],"curies":[{"name":"wp","href":"https:\/\/api.w.org\/{rel}","templated":true}]}}