{"id":928,"date":"2024-03-21T15:46:24","date_gmt":"2024-03-21T14:46:24","guid":{"rendered":"https:\/\/atos-mvz.de\/bruehl\/?page_id=928"},"modified":"2024-03-27T12:55:56","modified_gmt":"2024-03-27T11:55:56","slug":"pascorbin","status":"publish","type":"page","link":"https:\/\/atos-mvz.de\/bruehl\/pascorbin\/","title":{"rendered":"Pascorbin"},"content":{"rendered":"\n<style type=\"text\/css\" data-created_by=\"avia_inline_auto\" id=\"style-css-av-gxz1s-4d6f7daa44842e11b0acab1c90d9beaf\">\n.avia-section.av-gxz1s-4d6f7daa44842e11b0acab1c90d9beaf{\nbackground-repeat:no-repeat;\nbackground-image:url(https:\/\/atos-mvz.de\/bruehl\/wp-content\/uploads\/sites\/28\/2024\/03\/bruehl.jpg);\nbackground-position:50% 50%;\nbackground-attachment:scroll;\n}\n.avia-section.av-gxz1s-4d6f7daa44842e11b0acab1c90d9beaf .av-extra-border-element .av-extra-border-inner{\nbackground-color:#ffffff;\n}\n<\/style>\n<div id='header-img'  class='avia-section av-gxz1s-4d6f7daa44842e11b0acab1c90d9beaf main_color avia-section-huge avia-no-border-styling  avia-builder-el-0  el_before_av_section  avia-builder-el-first  largeimg avia-full-stretch avia-bg-style-scroll container_wrap fullsize'  data-section-bg-repeat='stretch'><div class='container av-section-cont-open' ><main  role=\"main\" itemprop=\"mainContentOfPage\"  class='template-page content  av-content-full alpha units'><div class='post-entry post-entry-type-page post-entry-928'><div class='entry-content-wrapper clearfix'>\n<\/div><\/div><\/main><!-- close content main element --><\/div><div class='av-extra-border-element border-extra-diagonal border-extra-diagonal-inverse '><div class='av-extra-border-outer'><div class='av-extra-border-inner'><\/div><\/div><\/div><\/div>\n<style type=\"text\/css\" data-created_by=\"avia_inline_auto\" id=\"style-css-av-bwk6o-96e152dc7170866333ad1031f3995444\">\n.avia-section.av-bwk6o-96e152dc7170866333ad1031f3995444 .av-extra-border-element .av-extra-border-inner{\nbackground-color:#f1f0f5;\n}\n<\/style>\n<div id='av_section_2'  class='avia-section av-bwk6o-96e152dc7170866333ad1031f3995444 main_color avia-section-large avia-no-border-styling  avia-builder-el-1  el_after_av_section  avia-builder-el-last  avia-bg-style-scroll container_wrap fullsize'  ><div class='container av-section-cont-open' ><div class='template-page content  av-content-full alpha units'><div class='post-entry post-entry-type-page post-entry-928'><div class='entry-content-wrapper clearfix'>\n<div  class='flex_column av-av_four_fifth-41ee899840124b6993b57a87f996c353 av_four_fifth  avia-builder-el-2  avia-builder-el-no-sibling  first flex_column_div  '     ><section  class='av_textblock_section av-lu1cgfef-c80cc5eeef86efe3063d355bf01485b0 '   itemscope=\"itemscope\" itemtype=\"https:\/\/schema.org\/CreativeWork\" ><div class='avia_textblock'  itemprop=\"text\" ><h1><strong>Pascorbin<sup>\u00ae<\/sup><\/strong><\/h1>\n<\/div><\/section><br \/>\n\n<style type=\"text\/css\" data-created_by=\"avia_inline_auto\" id=\"style-css-av-lu1cgkji-bd7613b4d17300f828de137cf393ecf5\">\n#top .av-special-heading.av-lu1cgkji-bd7613b4d17300f828de137cf393ecf5{\npadding-bottom:10px;\n}\nbody .av-special-heading.av-lu1cgkji-bd7613b4d17300f828de137cf393ecf5 .av-special-heading-tag .heading-char{\nfont-size:25px;\n}\n.av-special-heading.av-lu1cgkji-bd7613b4d17300f828de137cf393ecf5 .av-subheading{\nfont-size:15px;\n}\n<\/style>\n<div  class='av-special-heading av-lu1cgkji-bd7613b4d17300f828de137cf393ecf5 av-special-heading-h2 blockquote modern-quote  avia-builder-el-4  el_after_av_textblock  el_before_av_textblock '><h2 class='av-special-heading-tag '  itemprop=\"headline\"  >Die Vorteile von Pascorbin\u00ae im \u00dcberblick<\/h2><div class=\"special-heading-border\"><div class=\"special-heading-inner-border\"><\/div><\/div><\/div><br \/>\n<section  class='av_textblock_section av-lu1ch1e3-8b9f2a558f8991b5a673513ee109f961 '   itemscope=\"itemscope\" itemtype=\"https:\/\/schema.org\/CreativeWork\" ><div class='avia_textblock'  itemprop=\"text\" ><ul>\n<li>Vitamin-C-Hochdosis-Infusion<\/li>\n<li>Pascorbin\u00ae gelangt direkt in die Blutbahn und versorgt Sie umgehend mit Vitamin C<\/li>\n<li>Deutlich schnellere Verf\u00fcgbarkeit als mit Tabletten<\/li>\n<li>Ab 12 Jahren<\/li>\n<\/ul>\n<\/div><\/section><br \/>\n\n<style type=\"text\/css\" data-created_by=\"avia_inline_auto\" id=\"style-css-av-lu1cha9a-2fbece703fc52430ef608b67ad66f320\">\n#top .av-special-heading.av-lu1cha9a-2fbece703fc52430ef608b67ad66f320{\npadding-bottom:10px;\n}\nbody .av-special-heading.av-lu1cha9a-2fbece703fc52430ef608b67ad66f320 .av-special-heading-tag .heading-char{\nfont-size:25px;\n}\n.av-special-heading.av-lu1cha9a-2fbece703fc52430ef608b67ad66f320 .av-subheading{\nfont-size:15px;\n}\n<\/style>\n<div  class='av-special-heading av-lu1cha9a-2fbece703fc52430ef608b67ad66f320 av-special-heading-h2 blockquote modern-quote  avia-builder-el-6  el_after_av_textblock  el_before_av_textblock '><h2 class='av-special-heading-tag '  itemprop=\"headline\"  >Ein starker Vitamin-C-Mangel kann vorliegen bei:<\/h2><div class=\"special-heading-border\"><div class=\"special-heading-inner-border\"><\/div><\/div><\/div><br \/>\n<section  class='av_textblock_section av-lu1chkt2-252e75d3b975d1c29a3666fdec5c7b68 '   itemscope=\"itemscope\" itemtype=\"https:\/\/schema.org\/CreativeWork\" ><div class='avia_textblock'  itemprop=\"text\" ><ul>\n<li>Akuten und chronischen Infektionen<\/li>\n<li>Chronisch entz\u00fcndlichen Erkrankungen, z. B. Arthritis<\/li>\n<li>Aufnahmest\u00f6rungen im Darm<\/li>\n<li>Nach Operationen<\/li>\n<\/ul>\n<\/div><\/section><br \/>\n\n<style type=\"text\/css\" data-created_by=\"avia_inline_auto\" id=\"style-css-av-lu1chqma-64773b103aec7c376a905df273ca8c78\">\n#top .av-special-heading.av-lu1chqma-64773b103aec7c376a905df273ca8c78{\npadding-bottom:10px;\n}\nbody .av-special-heading.av-lu1chqma-64773b103aec7c376a905df273ca8c78 .av-special-heading-tag .heading-char{\nfont-size:25px;\n}\n.av-special-heading.av-lu1chqma-64773b103aec7c376a905df273ca8c78 .av-subheading{\nfont-size:15px;\n}\n<\/style>\n<div  class='av-special-heading av-lu1chqma-64773b103aec7c376a905df273ca8c78 av-special-heading-h2 blockquote modern-quote  avia-builder-el-8  el_after_av_textblock  el_before_av_textblock '><h2 class='av-special-heading-tag '  itemprop=\"headline\"  >Wie wirkt der Inhaltsstoff des Arzneimittels?<\/h2><div class=\"special-heading-border\"><div class=\"special-heading-inner-border\"><\/div><\/div><\/div><br \/>\n<section  class='av_textblock_section av-lu1ci3og-ad794f6cbb9f91c9921ad3604d817677 '   itemscope=\"itemscope\" itemtype=\"https:\/\/schema.org\/CreativeWork\" ><div class='avia_textblock'  itemprop=\"text\" ><p>Der Wirkstoff ist wasserl\u00f6sliches Vitamin C. Er unterst\u00fctzt das Immunsystem im Kampf gegen Sch\u00e4dlinge und macht zusammen mit Vitamin E aggressive Sauerstoffverbindungen und sogenannte freie Radikale unsch\u00e4dlich. Weniger gravierende Krankheitsverl\u00e4ufe wie eine Erk\u00e4ltung oder ein grippaler Infekt werden positiv beeinflusst. Dar\u00fcber hinaus beschleunigt er die Blutgerinnung, h\u00e4lt einige giftige Schwermetalle in Schach und erm\u00f6glicht dem Organismus mehr Eisen aus dem Darm aufzunehmen. Zus\u00e4tzlich kann der Wirkstoff als Puffer wirken und tr\u00e4gt damit dazu bei, dass ein Arzneimittel magenvertr\u00e4glicher wird.<\/p>\n<\/div><\/section><\/p><\/div>\n","protected":false},"excerpt":{"rendered":"","protected":false},"author":1,"featured_media":0,"parent":0,"menu_order":0,"comment_status":"closed","ping_status":"closed","template":"","meta":{"footnotes":""},"class_list":["post-928","page","type-page","status-publish","hentry"],"yoast_head":"<!-- This site is optimized with the Yoast SEO plugin v27.3 - https:\/\/yoast.com\/product\/yoast-seo-wordpress\/ -->\n<title>Pascorbin - MVZ Rheinland Br\u00fchl<\/title>\n<meta name=\"description\" content=\"Pascorbin\u00ae gelangt direkt in die Blutbahn und versorgt Sie umgehend mit Vitamin C. Es unterst\u00fctzt das Immunsystem im Kampf gegen Sch\u00e4dlinge.\" \/>\n<meta name=\"robots\" content=\"index, follow, max-snippet:-1, max-image-preview:large, max-video-preview:-1\" \/>\n<link rel=\"canonical\" href=\"https:\/\/atos-mvz.de\/bruehl\/pascorbin\/\" \/>\n<meta property=\"og:locale\" content=\"de_DE\" \/>\n<meta property=\"og:type\" content=\"article\" \/>\n<meta property=\"og:title\" content=\"Pascorbin - MVZ Rheinland Br\u00fchl\" \/>\n<meta property=\"og:description\" content=\"Pascorbin\u00ae gelangt direkt in die Blutbahn und versorgt Sie umgehend mit Vitamin C. Es unterst\u00fctzt das Immunsystem im Kampf gegen Sch\u00e4dlinge.\" \/>\n<meta property=\"og:url\" content=\"https:\/\/atos-mvz.de\/bruehl\/pascorbin\/\" \/>\n<meta property=\"og:site_name\" content=\"MVZ Rheinland Br\u00fchl\" \/>\n<meta property=\"article:modified_time\" content=\"2024-03-27T11:55:56+00:00\" \/>\n<meta name=\"twitter:card\" content=\"summary_large_image\" \/>\n<script type=\"application\/ld+json\" class=\"yoast-schema-graph\">{\"@context\":\"https:\\\/\\\/schema.org\",\"@graph\":[{\"@type\":\"WebPage\",\"@id\":\"https:\\\/\\\/atos-mvz.de\\\/bruehl\\\/pascorbin\\\/\",\"url\":\"https:\\\/\\\/atos-mvz.de\\\/bruehl\\\/pascorbin\\\/\",\"name\":\"Pascorbin - MVZ Rheinland Br\u00fchl\",\"isPartOf\":{\"@id\":\"https:\\\/\\\/atos-mvz.de\\\/bruehl\\\/#website\"},\"datePublished\":\"2024-03-21T14:46:24+00:00\",\"dateModified\":\"2024-03-27T11:55:56+00:00\",\"description\":\"Pascorbin\u00ae gelangt direkt in die Blutbahn und versorgt Sie umgehend mit Vitamin C. Es unterst\u00fctzt das Immunsystem im Kampf gegen Sch\u00e4dlinge.\",\"breadcrumb\":{\"@id\":\"https:\\\/\\\/atos-mvz.de\\\/bruehl\\\/pascorbin\\\/#breadcrumb\"},\"inLanguage\":\"de\",\"potentialAction\":[{\"@type\":\"ReadAction\",\"target\":[\"https:\\\/\\\/atos-mvz.de\\\/bruehl\\\/pascorbin\\\/\"]}]},{\"@type\":\"BreadcrumbList\",\"@id\":\"https:\\\/\\\/atos-mvz.de\\\/bruehl\\\/pascorbin\\\/#breadcrumb\",\"itemListElement\":[{\"@type\":\"ListItem\",\"position\":1,\"name\":\"Startseite\",\"item\":\"https:\\\/\\\/atos-mvz.de\\\/bruehl\\\/startseite\\\/\"},{\"@type\":\"ListItem\",\"position\":2,\"name\":\"Pascorbin\"}]},{\"@type\":\"WebSite\",\"@id\":\"https:\\\/\\\/atos-mvz.de\\\/bruehl\\\/#website\",\"url\":\"https:\\\/\\\/atos-mvz.de\\\/bruehl\\\/\",\"name\":\"MVZ Rheinland Br\u00fchl\",\"description\":\"\",\"potentialAction\":[{\"@type\":\"SearchAction\",\"target\":{\"@type\":\"EntryPoint\",\"urlTemplate\":\"https:\\\/\\\/atos-mvz.de\\\/bruehl\\\/?s={search_term_string}\"},\"query-input\":{\"@type\":\"PropertyValueSpecification\",\"valueRequired\":true,\"valueName\":\"search_term_string\"}}],\"inLanguage\":\"de\"}]}<\/script>\n<!-- \/ Yoast SEO plugin. -->","yoast_head_json":{"title":"Pascorbin - MVZ Rheinland Br\u00fchl","description":"Pascorbin\u00ae gelangt direkt in die Blutbahn und versorgt Sie umgehend mit Vitamin C. Es unterst\u00fctzt das Immunsystem im Kampf gegen Sch\u00e4dlinge.","robots":{"index":"index","follow":"follow","max-snippet":"max-snippet:-1","max-image-preview":"max-image-preview:large","max-video-preview":"max-video-preview:-1"},"canonical":"https:\/\/atos-mvz.de\/bruehl\/pascorbin\/","og_locale":"de_DE","og_type":"article","og_title":"Pascorbin - MVZ Rheinland Br\u00fchl","og_description":"Pascorbin\u00ae gelangt direkt in die Blutbahn und versorgt Sie umgehend mit Vitamin C. Es unterst\u00fctzt das Immunsystem im Kampf gegen Sch\u00e4dlinge.","og_url":"https:\/\/atos-mvz.de\/bruehl\/pascorbin\/","og_site_name":"MVZ Rheinland Br\u00fchl","article_modified_time":"2024-03-27T11:55:56+00:00","twitter_card":"summary_large_image","schema":{"@context":"https:\/\/schema.org","@graph":[{"@type":"WebPage","@id":"https:\/\/atos-mvz.de\/bruehl\/pascorbin\/","url":"https:\/\/atos-mvz.de\/bruehl\/pascorbin\/","name":"Pascorbin - MVZ Rheinland Br\u00fchl","isPartOf":{"@id":"https:\/\/atos-mvz.de\/bruehl\/#website"},"datePublished":"2024-03-21T14:46:24+00:00","dateModified":"2024-03-27T11:55:56+00:00","description":"Pascorbin\u00ae gelangt direkt in die Blutbahn und versorgt Sie umgehend mit Vitamin C. Es unterst\u00fctzt das Immunsystem im Kampf gegen Sch\u00e4dlinge.","breadcrumb":{"@id":"https:\/\/atos-mvz.de\/bruehl\/pascorbin\/#breadcrumb"},"inLanguage":"de","potentialAction":[{"@type":"ReadAction","target":["https:\/\/atos-mvz.de\/bruehl\/pascorbin\/"]}]},{"@type":"BreadcrumbList","@id":"https:\/\/atos-mvz.de\/bruehl\/pascorbin\/#breadcrumb","itemListElement":[{"@type":"ListItem","position":1,"name":"Startseite","item":"https:\/\/atos-mvz.de\/bruehl\/startseite\/"},{"@type":"ListItem","position":2,"name":"Pascorbin"}]},{"@type":"WebSite","@id":"https:\/\/atos-mvz.de\/bruehl\/#website","url":"https:\/\/atos-mvz.de\/bruehl\/","name":"MVZ Rheinland Br\u00fchl","description":"","potentialAction":[{"@type":"SearchAction","target":{"@type":"EntryPoint","urlTemplate":"https:\/\/atos-mvz.de\/bruehl\/?s={search_term_string}"},"query-input":{"@type":"PropertyValueSpecification","valueRequired":true,"valueName":"search_term_string"}}],"inLanguage":"de"}]}},"_links":{"self":[{"href":"https:\/\/atos-mvz.de\/bruehl\/wp-json\/wp\/v2\/pages\/928","targetHints":{"allow":["GET"]}}],"collection":[{"href":"https:\/\/atos-mvz.de\/bruehl\/wp-json\/wp\/v2\/pages"}],"about":[{"href":"https:\/\/atos-mvz.de\/bruehl\/wp-json\/wp\/v2\/types\/page"}],"author":[{"embeddable":true,"href":"https:\/\/atos-mvz.de\/bruehl\/wp-json\/wp\/v2\/users\/1"}],"replies":[{"embeddable":true,"href":"https:\/\/atos-mvz.de\/bruehl\/wp-json\/wp\/v2\/comments?post=928"}],"version-history":[{"count":7,"href":"https:\/\/atos-mvz.de\/bruehl\/wp-json\/wp\/v2\/pages\/928\/revisions"}],"predecessor-version":[{"id":1203,"href":"https:\/\/atos-mvz.de\/bruehl\/wp-json\/wp\/v2\/pages\/928\/revisions\/1203"}],"wp:attachment":[{"href":"https:\/\/atos-mvz.de\/bruehl\/wp-json\/wp\/v2\/media?parent=928"}],"curies":[{"name":"wp","href":"https:\/\/api.w.org\/{rel}","templated":true}]}}