{"id":925,"date":"2024-03-21T15:43:38","date_gmt":"2024-03-21T14:43:38","guid":{"rendered":"https:\/\/atos-mvz.de\/bruehl\/?page_id=925"},"modified":"2024-03-27T12:53:37","modified_gmt":"2024-03-27T11:53:37","slug":"kortison-spritze","status":"publish","type":"page","link":"https:\/\/atos-mvz.de\/bruehl\/kortison-spritze\/","title":{"rendered":"Kortison-Spritze"},"content":{"rendered":"\n<style type=\"text\/css\" data-created_by=\"avia_inline_auto\" id=\"style-css-av-fdrwd-cc00b186edda2724fedf6159d8ef8420\">\n.avia-section.av-fdrwd-cc00b186edda2724fedf6159d8ef8420{\nbackground-repeat:no-repeat;\nbackground-image:url(https:\/\/atos-mvz.de\/bruehl\/wp-content\/uploads\/sites\/28\/2024\/03\/bruehl.jpg);\nbackground-position:50% 50%;\nbackground-attachment:scroll;\n}\n.avia-section.av-fdrwd-cc00b186edda2724fedf6159d8ef8420 .av-extra-border-element .av-extra-border-inner{\nbackground-color:#ffffff;\n}\n<\/style>\n<div id='header-img'  class='avia-section av-fdrwd-cc00b186edda2724fedf6159d8ef8420 main_color avia-section-huge avia-no-border-styling  avia-builder-el-0  el_before_av_section  avia-builder-el-first  largeimg avia-full-stretch avia-bg-style-scroll container_wrap fullsize'  data-section-bg-repeat='stretch'><div class='container av-section-cont-open' ><main  role=\"main\" itemprop=\"mainContentOfPage\"  class='template-page content  av-content-full alpha units'><div class='post-entry post-entry-type-page post-entry-925'><div class='entry-content-wrapper clearfix'>\n<\/div><\/div><\/main><!-- close content main element --><\/div><div class='av-extra-border-element border-extra-diagonal border-extra-diagonal-inverse '><div class='av-extra-border-outer'><div class='av-extra-border-inner'><\/div><\/div><\/div><\/div>\n<style type=\"text\/css\" data-created_by=\"avia_inline_auto\" id=\"style-css-av-936hp-104a48811d95016d8e640b49c4d9e172\">\n.avia-section.av-936hp-104a48811d95016d8e640b49c4d9e172 .av-extra-border-element .av-extra-border-inner{\nbackground-color:#f1f0f5;\n}\n<\/style>\n<div id='av_section_2'  class='avia-section av-936hp-104a48811d95016d8e640b49c4d9e172 main_color avia-section-large avia-no-border-styling  avia-builder-el-1  el_after_av_section  avia-builder-el-last  avia-bg-style-scroll container_wrap fullsize'  ><div class='container av-section-cont-open' ><div class='template-page content  av-content-full alpha units'><div class='post-entry post-entry-type-page post-entry-925'><div class='entry-content-wrapper clearfix'>\n<div  class='flex_column av-av_four_fifth-41ee899840124b6993b57a87f996c353 av_four_fifth  avia-builder-el-2  avia-builder-el-no-sibling  first flex_column_div  '     ><section  class='av_textblock_section av-lu1ccec3-a767c28ead1bcc1c47f2ab2cc700f390 '   itemscope=\"itemscope\" itemtype=\"https:\/\/schema.org\/CreativeWork\" ><div class='avia_textblock'  itemprop=\"text\" ><h1><strong>Kortison-Spritze<\/strong><\/h1>\n<\/div><\/section><br \/>\n\n<style type=\"text\/css\" data-created_by=\"avia_inline_auto\" id=\"style-css-av-lu1cculz-bc09f4d5c6050753a0a37463ea09e5e2\">\n#top .av-special-heading.av-lu1cculz-bc09f4d5c6050753a0a37463ea09e5e2{\npadding-bottom:10px;\n}\nbody .av-special-heading.av-lu1cculz-bc09f4d5c6050753a0a37463ea09e5e2 .av-special-heading-tag .heading-char{\nfont-size:25px;\n}\n.av-special-heading.av-lu1cculz-bc09f4d5c6050753a0a37463ea09e5e2 .av-subheading{\nfont-size:15px;\n}\n<\/style>\n<div  class='av-special-heading av-lu1cculz-bc09f4d5c6050753a0a37463ea09e5e2 av-special-heading-h2 blockquote modern-quote  avia-builder-el-4  el_after_av_textblock  el_before_av_textblock '><h2 class='av-special-heading-tag '  itemprop=\"headline\"  >Kortisonbehandlung bei Gelenkbeschwerden<\/h2><div class=\"special-heading-border\"><div class=\"special-heading-inner-border\"><\/div><\/div><\/div><br \/>\n<section  class='av_textblock_section av-lu1cd0no-c1fe5a19c1d40e4edf4023b5df431e5f '   itemscope=\"itemscope\" itemtype=\"https:\/\/schema.org\/CreativeWork\" ><div class='avia_textblock'  itemprop=\"text\" ><p>Kortison wird direkt in schmerzhafte, entz\u00fcndete Gelenke gespritzt, um Entz\u00fcndungen zu hemmen. Dies wirkt nicht sofort gegen Schmerzen, sondern zielt darauf ab, entz\u00fcndliche Prozesse zu reduzieren. Besonders effektiv ist dies in Gelenken wie Knie oder Schulter.<\/p>\n<\/div><\/section><br \/>\n\n<style type=\"text\/css\" data-created_by=\"avia_inline_auto\" id=\"style-css-av-lu1cd76y-2173f3c18269153a57bee655403fef79\">\n#top .av-special-heading.av-lu1cd76y-2173f3c18269153a57bee655403fef79{\npadding-bottom:10px;\n}\nbody .av-special-heading.av-lu1cd76y-2173f3c18269153a57bee655403fef79 .av-special-heading-tag .heading-char{\nfont-size:25px;\n}\n.av-special-heading.av-lu1cd76y-2173f3c18269153a57bee655403fef79 .av-subheading{\nfont-size:15px;\n}\n<\/style>\n<div  class='av-special-heading av-lu1cd76y-2173f3c18269153a57bee655403fef79 av-special-heading-h2 blockquote modern-quote  avia-builder-el-6  el_after_av_textblock  el_before_av_textblock '><h2 class='av-special-heading-tag '  itemprop=\"headline\"  >Risiken und Nebenwirkungen<\/h2><div class=\"special-heading-border\"><div class=\"special-heading-inner-border\"><\/div><\/div><\/div><br \/>\n<section  class='av_textblock_section av-lu1cdltn-e11c1d2b56a0492db71f1239d6765267 '   itemscope=\"itemscope\" itemtype=\"https:\/\/schema.org\/CreativeWork\" ><div class='avia_textblock'  itemprop=\"text\" ><p>Wichtig ist strikte Hygiene, um Infektionen zu vermeiden. M\u00f6gliche Risiken sind Nervenverletzungen, Gewebsr\u00fcckbildung, Hautverf\u00e4rbung und Gelenkreaktionen. Begleitend kann es zu Flush, vor\u00fcbergehender Blutdruckerh\u00f6hung und bei Diabetikern zu vor\u00fcbergehender Blutzuckererh\u00f6hung kommen. Seltene allergische Reaktionen sind m\u00f6glich.<\/p>\n<\/div><\/section><br \/>\n\n<style type=\"text\/css\" data-created_by=\"avia_inline_auto\" id=\"style-css-av-lu1cdtah-10103699b78675f572dcc12f00b1ef79\">\n#top .av-special-heading.av-lu1cdtah-10103699b78675f572dcc12f00b1ef79{\npadding-bottom:10px;\n}\nbody .av-special-heading.av-lu1cdtah-10103699b78675f572dcc12f00b1ef79 .av-special-heading-tag .heading-char{\nfont-size:25px;\n}\n.av-special-heading.av-lu1cdtah-10103699b78675f572dcc12f00b1ef79 .av-subheading{\nfont-size:15px;\n}\n<\/style>\n<div  class='av-special-heading av-lu1cdtah-10103699b78675f572dcc12f00b1ef79 av-special-heading-h2 blockquote modern-quote  avia-builder-el-8  el_after_av_textblock  el_before_av_textblock '><h2 class='av-special-heading-tag '  itemprop=\"headline\"  >Fazit<\/h2><div class=\"special-heading-border\"><div class=\"special-heading-inner-border\"><\/div><\/div><\/div><br \/>\n<section  class='av_textblock_section av-lu1ce0bs-87cb251a38fcb06a43e43b2a691a88c6 '   itemscope=\"itemscope\" itemtype=\"https:\/\/schema.org\/CreativeWork\" ><div class='avia_textblock'  itemprop=\"text\" ><p>Kortison Spritzen sind effektiv bei Gelenkproblemen, erfordern jedoch eine sorgf\u00e4ltige Nutzen-Risiko-Abw\u00e4gung.<\/p>\n<\/div><\/section><br \/>\n\n<style type=\"text\/css\" data-created_by=\"avia_inline_auto\" id=\"style-css-av-lu1cebsm-293a6b34b0eadeb01ce26558481db9de\">\n#top .av-special-heading.av-lu1cebsm-293a6b34b0eadeb01ce26558481db9de{\npadding-bottom:10px;\n}\nbody .av-special-heading.av-lu1cebsm-293a6b34b0eadeb01ce26558481db9de .av-special-heading-tag .heading-char{\nfont-size:25px;\n}\n.av-special-heading.av-lu1cebsm-293a6b34b0eadeb01ce26558481db9de .av-subheading{\nfont-size:15px;\n}\n<\/style>\n<div  class='av-special-heading av-lu1cebsm-293a6b34b0eadeb01ce26558481db9de av-special-heading-h2 blockquote modern-quote  avia-builder-el-10  el_after_av_textblock  el_before_av_textblock '><h2 class='av-special-heading-tag '  itemprop=\"headline\"  >Zus\u00e4tzliche Information<\/h2><div class=\"special-heading-border\"><div class=\"special-heading-inner-border\"><\/div><\/div><\/div><br \/>\n<section  class='av_textblock_section av-lu1cejgp-aca81953ba5ee7b34d0e8043725fb047 '   itemscope=\"itemscope\" itemtype=\"https:\/\/schema.org\/CreativeWork\" ><div class='avia_textblock'  itemprop=\"text\" ><p>Die Behandlung zielt auf schnelle Schmerzlinderung ab und wird bei verschiedenen Gelenkproblemen eingesetzt. Direkt nach der Injektion kann es zu leichten Taubheitsgef\u00fchlen kommen, und in den Tagen danach sollte die behandelte Stelle geschont werden. Mehrfache Injektionen am gleichen Ort k\u00f6nnten das Gewebe schw\u00e4chen. Sinnvoll ist es nur, wenn die ersten Spritzen Wirkung zeigen.<\/p>\n<\/div><\/section><\/p><\/div>\n","protected":false},"excerpt":{"rendered":"","protected":false},"author":1,"featured_media":0,"parent":0,"menu_order":0,"comment_status":"closed","ping_status":"closed","template":"","meta":{"footnotes":""},"class_list":["post-925","page","type-page","status-publish","hentry"],"yoast_head":"<!-- This site is optimized with the Yoast SEO plugin v27.3 - https:\/\/yoast.com\/product\/yoast-seo-wordpress\/ -->\n<title>Kortison-Spritze - MVZ Rheinland Br\u00fchl<\/title>\n<meta name=\"description\" content=\"Kortison wird direkt in schmerzhafte, entz\u00fcndete Gelenke gespritzt, um Entz\u00fcndungen zu hemmen.\" \/>\n<meta name=\"robots\" content=\"index, follow, max-snippet:-1, max-image-preview:large, max-video-preview:-1\" \/>\n<link rel=\"canonical\" href=\"https:\/\/atos-mvz.de\/bruehl\/kortison-spritze\/\" \/>\n<meta property=\"og:locale\" content=\"de_DE\" \/>\n<meta property=\"og:type\" content=\"article\" \/>\n<meta property=\"og:title\" content=\"Kortison-Spritze - MVZ Rheinland Br\u00fchl\" \/>\n<meta property=\"og:description\" content=\"Kortison wird direkt in schmerzhafte, entz\u00fcndete Gelenke gespritzt, um Entz\u00fcndungen zu hemmen.\" \/>\n<meta property=\"og:url\" content=\"https:\/\/atos-mvz.de\/bruehl\/kortison-spritze\/\" \/>\n<meta property=\"og:site_name\" content=\"MVZ Rheinland Br\u00fchl\" \/>\n<meta property=\"article:modified_time\" content=\"2024-03-27T11:53:37+00:00\" \/>\n<meta name=\"twitter:card\" content=\"summary_large_image\" \/>\n<script type=\"application\/ld+json\" class=\"yoast-schema-graph\">{\"@context\":\"https:\\\/\\\/schema.org\",\"@graph\":[{\"@type\":\"WebPage\",\"@id\":\"https:\\\/\\\/atos-mvz.de\\\/bruehl\\\/kortison-spritze\\\/\",\"url\":\"https:\\\/\\\/atos-mvz.de\\\/bruehl\\\/kortison-spritze\\\/\",\"name\":\"Kortison-Spritze - MVZ Rheinland Br\u00fchl\",\"isPartOf\":{\"@id\":\"https:\\\/\\\/atos-mvz.de\\\/bruehl\\\/#website\"},\"datePublished\":\"2024-03-21T14:43:38+00:00\",\"dateModified\":\"2024-03-27T11:53:37+00:00\",\"description\":\"Kortison wird direkt in schmerzhafte, entz\u00fcndete Gelenke gespritzt, um Entz\u00fcndungen zu hemmen.\",\"breadcrumb\":{\"@id\":\"https:\\\/\\\/atos-mvz.de\\\/bruehl\\\/kortison-spritze\\\/#breadcrumb\"},\"inLanguage\":\"de\",\"potentialAction\":[{\"@type\":\"ReadAction\",\"target\":[\"https:\\\/\\\/atos-mvz.de\\\/bruehl\\\/kortison-spritze\\\/\"]}]},{\"@type\":\"BreadcrumbList\",\"@id\":\"https:\\\/\\\/atos-mvz.de\\\/bruehl\\\/kortison-spritze\\\/#breadcrumb\",\"itemListElement\":[{\"@type\":\"ListItem\",\"position\":1,\"name\":\"Startseite\",\"item\":\"https:\\\/\\\/atos-mvz.de\\\/bruehl\\\/startseite\\\/\"},{\"@type\":\"ListItem\",\"position\":2,\"name\":\"Kortison-Spritze\"}]},{\"@type\":\"WebSite\",\"@id\":\"https:\\\/\\\/atos-mvz.de\\\/bruehl\\\/#website\",\"url\":\"https:\\\/\\\/atos-mvz.de\\\/bruehl\\\/\",\"name\":\"MVZ Rheinland Br\u00fchl\",\"description\":\"\",\"potentialAction\":[{\"@type\":\"SearchAction\",\"target\":{\"@type\":\"EntryPoint\",\"urlTemplate\":\"https:\\\/\\\/atos-mvz.de\\\/bruehl\\\/?s={search_term_string}\"},\"query-input\":{\"@type\":\"PropertyValueSpecification\",\"valueRequired\":true,\"valueName\":\"search_term_string\"}}],\"inLanguage\":\"de\"}]}<\/script>\n<!-- \/ Yoast SEO plugin. -->","yoast_head_json":{"title":"Kortison-Spritze - MVZ Rheinland Br\u00fchl","description":"Kortison wird direkt in schmerzhafte, entz\u00fcndete Gelenke gespritzt, um Entz\u00fcndungen zu hemmen.","robots":{"index":"index","follow":"follow","max-snippet":"max-snippet:-1","max-image-preview":"max-image-preview:large","max-video-preview":"max-video-preview:-1"},"canonical":"https:\/\/atos-mvz.de\/bruehl\/kortison-spritze\/","og_locale":"de_DE","og_type":"article","og_title":"Kortison-Spritze - MVZ Rheinland Br\u00fchl","og_description":"Kortison wird direkt in schmerzhafte, entz\u00fcndete Gelenke gespritzt, um Entz\u00fcndungen zu hemmen.","og_url":"https:\/\/atos-mvz.de\/bruehl\/kortison-spritze\/","og_site_name":"MVZ Rheinland Br\u00fchl","article_modified_time":"2024-03-27T11:53:37+00:00","twitter_card":"summary_large_image","schema":{"@context":"https:\/\/schema.org","@graph":[{"@type":"WebPage","@id":"https:\/\/atos-mvz.de\/bruehl\/kortison-spritze\/","url":"https:\/\/atos-mvz.de\/bruehl\/kortison-spritze\/","name":"Kortison-Spritze - MVZ Rheinland Br\u00fchl","isPartOf":{"@id":"https:\/\/atos-mvz.de\/bruehl\/#website"},"datePublished":"2024-03-21T14:43:38+00:00","dateModified":"2024-03-27T11:53:37+00:00","description":"Kortison wird direkt in schmerzhafte, entz\u00fcndete Gelenke gespritzt, um Entz\u00fcndungen zu hemmen.","breadcrumb":{"@id":"https:\/\/atos-mvz.de\/bruehl\/kortison-spritze\/#breadcrumb"},"inLanguage":"de","potentialAction":[{"@type":"ReadAction","target":["https:\/\/atos-mvz.de\/bruehl\/kortison-spritze\/"]}]},{"@type":"BreadcrumbList","@id":"https:\/\/atos-mvz.de\/bruehl\/kortison-spritze\/#breadcrumb","itemListElement":[{"@type":"ListItem","position":1,"name":"Startseite","item":"https:\/\/atos-mvz.de\/bruehl\/startseite\/"},{"@type":"ListItem","position":2,"name":"Kortison-Spritze"}]},{"@type":"WebSite","@id":"https:\/\/atos-mvz.de\/bruehl\/#website","url":"https:\/\/atos-mvz.de\/bruehl\/","name":"MVZ Rheinland Br\u00fchl","description":"","potentialAction":[{"@type":"SearchAction","target":{"@type":"EntryPoint","urlTemplate":"https:\/\/atos-mvz.de\/bruehl\/?s={search_term_string}"},"query-input":{"@type":"PropertyValueSpecification","valueRequired":true,"valueName":"search_term_string"}}],"inLanguage":"de"}]}},"_links":{"self":[{"href":"https:\/\/atos-mvz.de\/bruehl\/wp-json\/wp\/v2\/pages\/925","targetHints":{"allow":["GET"]}}],"collection":[{"href":"https:\/\/atos-mvz.de\/bruehl\/wp-json\/wp\/v2\/pages"}],"about":[{"href":"https:\/\/atos-mvz.de\/bruehl\/wp-json\/wp\/v2\/types\/page"}],"author":[{"embeddable":true,"href":"https:\/\/atos-mvz.de\/bruehl\/wp-json\/wp\/v2\/users\/1"}],"replies":[{"embeddable":true,"href":"https:\/\/atos-mvz.de\/bruehl\/wp-json\/wp\/v2\/comments?post=925"}],"version-history":[{"count":6,"href":"https:\/\/atos-mvz.de\/bruehl\/wp-json\/wp\/v2\/pages\/925\/revisions"}],"predecessor-version":[{"id":1201,"href":"https:\/\/atos-mvz.de\/bruehl\/wp-json\/wp\/v2\/pages\/925\/revisions\/1201"}],"wp:attachment":[{"href":"https:\/\/atos-mvz.de\/bruehl\/wp-json\/wp\/v2\/media?parent=925"}],"curies":[{"name":"wp","href":"https:\/\/api.w.org\/{rel}","templated":true}]}}