{"id":922,"date":"2024-03-21T15:41:26","date_gmt":"2024-03-21T14:41:26","guid":{"rendered":"https:\/\/atos-mvz.de\/bruehl\/?page_id=922"},"modified":"2024-03-27T12:52:57","modified_gmt":"2024-03-27T11:52:57","slug":"knochendichtemessung","status":"publish","type":"page","link":"https:\/\/atos-mvz.de\/bruehl\/knochendichtemessung\/","title":{"rendered":"Knochendichtemessung"},"content":{"rendered":"\n<style type=\"text\/css\" data-created_by=\"avia_inline_auto\" id=\"style-css-av-f2zs2-96280ea7421ae94bb14e4bb4983260b2\">\n.avia-section.av-f2zs2-96280ea7421ae94bb14e4bb4983260b2{\nbackground-repeat:no-repeat;\nbackground-image:url(https:\/\/atos-mvz.de\/bruehl\/wp-content\/uploads\/sites\/28\/2024\/03\/bruehl.jpg);\nbackground-position:50% 50%;\nbackground-attachment:scroll;\n}\n.avia-section.av-f2zs2-96280ea7421ae94bb14e4bb4983260b2 .av-extra-border-element .av-extra-border-inner{\nbackground-color:#ffffff;\n}\n<\/style>\n<div id='header-img'  class='avia-section av-f2zs2-96280ea7421ae94bb14e4bb4983260b2 main_color avia-section-huge avia-no-border-styling  avia-builder-el-0  el_before_av_section  avia-builder-el-first  largeimg avia-full-stretch avia-bg-style-scroll container_wrap fullsize'  data-section-bg-repeat='stretch'><div class='container av-section-cont-open' ><main  role=\"main\" itemprop=\"mainContentOfPage\"  class='template-page content  av-content-full alpha units'><div class='post-entry post-entry-type-page post-entry-922'><div class='entry-content-wrapper clearfix'>\n<\/div><\/div><\/main><!-- close content main element --><\/div><div class='av-extra-border-element border-extra-diagonal border-extra-diagonal-inverse '><div class='av-extra-border-outer'><div class='av-extra-border-inner'><\/div><\/div><\/div><\/div>\n<style type=\"text\/css\" data-created_by=\"avia_inline_auto\" id=\"style-css-av-6pdr6-02a50f69031aa898dcb7a6af063f3cb9\">\n.avia-section.av-6pdr6-02a50f69031aa898dcb7a6af063f3cb9 .av-extra-border-element .av-extra-border-inner{\nbackground-color:#f1f0f5;\n}\n<\/style>\n<div id='av_section_2'  class='avia-section av-6pdr6-02a50f69031aa898dcb7a6af063f3cb9 main_color avia-section-large avia-no-border-styling  avia-builder-el-1  el_after_av_section  avia-builder-el-last  avia-bg-style-scroll container_wrap fullsize'  ><div class='container av-section-cont-open' ><div class='template-page content  av-content-full alpha units'><div class='post-entry post-entry-type-page post-entry-922'><div class='entry-content-wrapper clearfix'>\n<div  class='flex_column av-algyq-33223d601e9e20b8a420bad93d9c0af2 av_four_fifth  avia-builder-el-2  avia-builder-el-no-sibling  first flex_column_div  '     ><section  class='av_textblock_section av-lu1cakx5-2a18290254cf919b1373bc8dc940a044 '   itemscope=\"itemscope\" itemtype=\"https:\/\/schema.org\/CreativeWork\" ><div class='avia_textblock'  itemprop=\"text\" ><h1><strong>Knochendichte\u00admessung<\/strong><\/h1>\n<\/div><\/section><br \/>\n<section  class='av_textblock_section av-lu1cayob-73d1b507e747300f5718a394dc0c4ecd '   itemscope=\"itemscope\" itemtype=\"https:\/\/schema.org\/CreativeWork\" ><div class='avia_textblock'  itemprop=\"text\" ><p>Die Knochendichtemessung, auch als Osteodensitometrie bekannt, beurteilt die Knochenstruktur und wird vor allem bei Verdacht auf Osteoporose durchgef\u00fchrt, etwa bei unklaren Knochenbr\u00fcchen oder erh\u00f6htem Osteoporose-Risiko.<\/p>\n<\/div><\/section><br \/>\n\n<style type=\"text\/css\" data-created_by=\"avia_inline_auto\" id=\"style-css-av-lu1cb38s-9f0badef81c742f7dca68676f7a367dc\">\n#top .av-special-heading.av-lu1cb38s-9f0badef81c742f7dca68676f7a367dc{\npadding-bottom:10px;\n}\nbody .av-special-heading.av-lu1cb38s-9f0badef81c742f7dca68676f7a367dc .av-special-heading-tag .heading-char{\nfont-size:25px;\n}\n.av-special-heading.av-lu1cb38s-9f0badef81c742f7dca68676f7a367dc .av-subheading{\nfont-size:15px;\n}\n<\/style>\n<div  class='av-special-heading av-lu1cb38s-9f0badef81c742f7dca68676f7a367dc av-special-heading-h2 blockquote modern-quote  avia-builder-el-5  el_after_av_textblock  el_before_av_textblock '><h2 class='av-special-heading-tag '  itemprop=\"headline\"  >Warum wird sie durchgef\u00fchrt?<\/h2><div class=\"special-heading-border\"><div class=\"special-heading-inner-border\"><\/div><\/div><\/div><br \/>\n<section  class='av_textblock_section av-lu1cbbzf-f01725abce382130f7744b9478a3c085 '   itemscope=\"itemscope\" itemtype=\"https:\/\/schema.org\/CreativeWork\" ><div class='avia_textblock'  itemprop=\"text\" ><p>Die Untersuchung dient der Fr\u00fcherkennung von Knochenschwund und kann auch zur Therapiekontrolle bei Osteoporose eingesetzt werden. Bei Osteomalazie, wo zu wenig Mineralstoffe in die Knochen eingebaut werden, ist die Messung ebenfalls relevant.<\/p>\n<\/div><\/section><br \/>\n\n<style type=\"text\/css\" data-created_by=\"avia_inline_auto\" id=\"style-css-av-lu1cbgtp-0b70b3493d9b77618c9d7cfaeb30ee1b\">\n#top .av-special-heading.av-lu1cbgtp-0b70b3493d9b77618c9d7cfaeb30ee1b{\npadding-bottom:10px;\n}\nbody .av-special-heading.av-lu1cbgtp-0b70b3493d9b77618c9d7cfaeb30ee1b .av-special-heading-tag .heading-char{\nfont-size:25px;\n}\n.av-special-heading.av-lu1cbgtp-0b70b3493d9b77618c9d7cfaeb30ee1b .av-subheading{\nfont-size:15px;\n}\n<\/style>\n<div  class='av-special-heading av-lu1cbgtp-0b70b3493d9b77618c9d7cfaeb30ee1b av-special-heading-h2 blockquote modern-quote  avia-builder-el-7  el_after_av_textblock  el_before_av_textblock '><h2 class='av-special-heading-tag '  itemprop=\"headline\"  >Knochendichtemessung in unserer Praxis: DXA-\/DEXA-Messung<\/h2><div class=\"special-heading-border\"><div class=\"special-heading-inner-border\"><\/div><\/div><\/div><br \/>\n<section  class='av_textblock_section av-lu1cbluq-395f64b8dd4246f9d48d5247ca221538 '   itemscope=\"itemscope\" itemtype=\"https:\/\/schema.org\/CreativeWork\" ><div class='avia_textblock'  itemprop=\"text\" ><p>In unserer Praxis erfolgt die Knochendichtemessung mittels DXA (bzw. DEXA), was f\u00fcr &#8222;Dual- X-Ray-Absorptiometrie&#8220; (bzw. Doppel-Energie-R\u00f6ntgen-Absorptiometrie) steht. Dieses zuverl\u00e4ssige Verfahren nutzt R\u00f6ntgenstrahlung, die auf H\u00fcfte und Lendenwirbels\u00e4ule in zwei unterschiedlichen Intensit\u00e4ten gerichtet wird. Die daraus resultierenden Absorptionsanteile erm\u00f6glichen die genaue Berechnung der Knochendichte.<\/p>\n<\/div><\/section><\/p><\/div>\n\n","protected":false},"excerpt":{"rendered":"","protected":false},"author":1,"featured_media":0,"parent":0,"menu_order":0,"comment_status":"closed","ping_status":"closed","template":"","meta":{"footnotes":""},"class_list":["post-922","page","type-page","status-publish","hentry"],"yoast_head":"<!-- This site is optimized with the Yoast SEO plugin v27.2 - https:\/\/yoast.com\/product\/yoast-seo-wordpress\/ -->\n<title>Knochendichtemessung - MVZ Rheinland Br\u00fchl<\/title>\n<meta name=\"description\" content=\"Die Knochendichtemessung, auch als Osteodensitometrie bekannt, beurteilt die Knochenstruktur &amp; wird vor allem bei Verdacht auf Osteoporose durchgef\u00fchrt.\" \/>\n<meta name=\"robots\" content=\"index, follow, max-snippet:-1, max-image-preview:large, max-video-preview:-1\" \/>\n<link rel=\"canonical\" href=\"https:\/\/atos-mvz.de\/bruehl\/knochendichtemessung\/\" \/>\n<meta property=\"og:locale\" content=\"de_DE\" \/>\n<meta property=\"og:type\" content=\"article\" \/>\n<meta property=\"og:title\" content=\"Knochendichtemessung - MVZ Rheinland Br\u00fchl\" \/>\n<meta property=\"og:description\" content=\"Die Knochendichtemessung, auch als Osteodensitometrie bekannt, beurteilt die Knochenstruktur &amp; wird vor allem bei Verdacht auf Osteoporose durchgef\u00fchrt.\" \/>\n<meta property=\"og:url\" content=\"https:\/\/atos-mvz.de\/bruehl\/knochendichtemessung\/\" \/>\n<meta property=\"og:site_name\" content=\"MVZ Rheinland Br\u00fchl\" \/>\n<meta property=\"article:modified_time\" content=\"2024-03-27T11:52:57+00:00\" \/>\n<meta name=\"twitter:card\" content=\"summary_large_image\" \/>\n<script type=\"application\/ld+json\" class=\"yoast-schema-graph\">{\"@context\":\"https:\/\/schema.org\",\"@graph\":[{\"@type\":\"WebPage\",\"@id\":\"https:\/\/atos-mvz.de\/bruehl\/knochendichtemessung\/\",\"url\":\"https:\/\/atos-mvz.de\/bruehl\/knochendichtemessung\/\",\"name\":\"Knochendichtemessung - MVZ Rheinland Br\u00fchl\",\"isPartOf\":{\"@id\":\"https:\/\/atos-mvz.de\/bruehl\/#website\"},\"datePublished\":\"2024-03-21T14:41:26+00:00\",\"dateModified\":\"2024-03-27T11:52:57+00:00\",\"description\":\"Die Knochendichtemessung, auch als Osteodensitometrie bekannt, beurteilt die Knochenstruktur & wird vor allem bei Verdacht auf Osteoporose durchgef\u00fchrt.\",\"breadcrumb\":{\"@id\":\"https:\/\/atos-mvz.de\/bruehl\/knochendichtemessung\/#breadcrumb\"},\"inLanguage\":\"de\",\"potentialAction\":[{\"@type\":\"ReadAction\",\"target\":[\"https:\/\/atos-mvz.de\/bruehl\/knochendichtemessung\/\"]}]},{\"@type\":\"BreadcrumbList\",\"@id\":\"https:\/\/atos-mvz.de\/bruehl\/knochendichtemessung\/#breadcrumb\",\"itemListElement\":[{\"@type\":\"ListItem\",\"position\":1,\"name\":\"Startseite\",\"item\":\"https:\/\/atos-mvz.de\/bruehl\/startseite\/\"},{\"@type\":\"ListItem\",\"position\":2,\"name\":\"Knochendichtemessung\"}]},{\"@type\":\"WebSite\",\"@id\":\"https:\/\/atos-mvz.de\/bruehl\/#website\",\"url\":\"https:\/\/atos-mvz.de\/bruehl\/\",\"name\":\"MVZ Rheinland Br\u00fchl\",\"description\":\"\",\"potentialAction\":[{\"@type\":\"SearchAction\",\"target\":{\"@type\":\"EntryPoint\",\"urlTemplate\":\"https:\/\/atos-mvz.de\/bruehl\/?s={search_term_string}\"},\"query-input\":{\"@type\":\"PropertyValueSpecification\",\"valueRequired\":true,\"valueName\":\"search_term_string\"}}],\"inLanguage\":\"de\"}]}<\/script>\n<!-- \/ Yoast SEO plugin. -->","yoast_head_json":{"title":"Knochendichtemessung - MVZ Rheinland Br\u00fchl","description":"Die Knochendichtemessung, auch als Osteodensitometrie bekannt, beurteilt die Knochenstruktur & wird vor allem bei Verdacht auf Osteoporose durchgef\u00fchrt.","robots":{"index":"index","follow":"follow","max-snippet":"max-snippet:-1","max-image-preview":"max-image-preview:large","max-video-preview":"max-video-preview:-1"},"canonical":"https:\/\/atos-mvz.de\/bruehl\/knochendichtemessung\/","og_locale":"de_DE","og_type":"article","og_title":"Knochendichtemessung - MVZ Rheinland Br\u00fchl","og_description":"Die Knochendichtemessung, auch als Osteodensitometrie bekannt, beurteilt die Knochenstruktur & wird vor allem bei Verdacht auf Osteoporose durchgef\u00fchrt.","og_url":"https:\/\/atos-mvz.de\/bruehl\/knochendichtemessung\/","og_site_name":"MVZ Rheinland Br\u00fchl","article_modified_time":"2024-03-27T11:52:57+00:00","twitter_card":"summary_large_image","schema":{"@context":"https:\/\/schema.org","@graph":[{"@type":"WebPage","@id":"https:\/\/atos-mvz.de\/bruehl\/knochendichtemessung\/","url":"https:\/\/atos-mvz.de\/bruehl\/knochendichtemessung\/","name":"Knochendichtemessung - MVZ Rheinland Br\u00fchl","isPartOf":{"@id":"https:\/\/atos-mvz.de\/bruehl\/#website"},"datePublished":"2024-03-21T14:41:26+00:00","dateModified":"2024-03-27T11:52:57+00:00","description":"Die Knochendichtemessung, auch als Osteodensitometrie bekannt, beurteilt die Knochenstruktur & wird vor allem bei Verdacht auf Osteoporose durchgef\u00fchrt.","breadcrumb":{"@id":"https:\/\/atos-mvz.de\/bruehl\/knochendichtemessung\/#breadcrumb"},"inLanguage":"de","potentialAction":[{"@type":"ReadAction","target":["https:\/\/atos-mvz.de\/bruehl\/knochendichtemessung\/"]}]},{"@type":"BreadcrumbList","@id":"https:\/\/atos-mvz.de\/bruehl\/knochendichtemessung\/#breadcrumb","itemListElement":[{"@type":"ListItem","position":1,"name":"Startseite","item":"https:\/\/atos-mvz.de\/bruehl\/startseite\/"},{"@type":"ListItem","position":2,"name":"Knochendichtemessung"}]},{"@type":"WebSite","@id":"https:\/\/atos-mvz.de\/bruehl\/#website","url":"https:\/\/atos-mvz.de\/bruehl\/","name":"MVZ Rheinland Br\u00fchl","description":"","potentialAction":[{"@type":"SearchAction","target":{"@type":"EntryPoint","urlTemplate":"https:\/\/atos-mvz.de\/bruehl\/?s={search_term_string}"},"query-input":{"@type":"PropertyValueSpecification","valueRequired":true,"valueName":"search_term_string"}}],"inLanguage":"de"}]}},"_links":{"self":[{"href":"https:\/\/atos-mvz.de\/bruehl\/wp-json\/wp\/v2\/pages\/922","targetHints":{"allow":["GET"]}}],"collection":[{"href":"https:\/\/atos-mvz.de\/bruehl\/wp-json\/wp\/v2\/pages"}],"about":[{"href":"https:\/\/atos-mvz.de\/bruehl\/wp-json\/wp\/v2\/types\/page"}],"author":[{"embeddable":true,"href":"https:\/\/atos-mvz.de\/bruehl\/wp-json\/wp\/v2\/users\/1"}],"replies":[{"embeddable":true,"href":"https:\/\/atos-mvz.de\/bruehl\/wp-json\/wp\/v2\/comments?post=922"}],"version-history":[{"count":7,"href":"https:\/\/atos-mvz.de\/bruehl\/wp-json\/wp\/v2\/pages\/922\/revisions"}],"predecessor-version":[{"id":1210,"href":"https:\/\/atos-mvz.de\/bruehl\/wp-json\/wp\/v2\/pages\/922\/revisions\/1210"}],"wp:attachment":[{"href":"https:\/\/atos-mvz.de\/bruehl\/wp-json\/wp\/v2\/media?parent=922"}],"curies":[{"name":"wp","href":"https:\/\/api.w.org\/{rel}","templated":true}]}}