{"id":919,"date":"2024-03-21T15:39:52","date_gmt":"2024-03-21T14:39:52","guid":{"rendered":"https:\/\/atos-mvz.de\/bruehl\/?page_id=919"},"modified":"2024-03-27T12:51:55","modified_gmt":"2024-03-27T11:51:55","slug":"hyaluronsaeure","status":"publish","type":"page","link":"https:\/\/atos-mvz.de\/bruehl\/hyaluronsaeure\/","title":{"rendered":"Hyalurons\u00e4ure"},"content":{"rendered":"\n<style type=\"text\/css\" data-created_by=\"avia_inline_auto\" id=\"style-css-av-gd2q7-d6dc306e26dc81f1fffc39bbfb96e5af\">\n.avia-section.av-gd2q7-d6dc306e26dc81f1fffc39bbfb96e5af{\nbackground-repeat:no-repeat;\nbackground-image:url(https:\/\/atos-mvz.de\/bruehl\/wp-content\/uploads\/sites\/28\/2024\/03\/bruehl.jpg);\nbackground-position:50% 50%;\nbackground-attachment:scroll;\n}\n.avia-section.av-gd2q7-d6dc306e26dc81f1fffc39bbfb96e5af .av-extra-border-element .av-extra-border-inner{\nbackground-color:#ffffff;\n}\n<\/style>\n<div id='header-img'  class='avia-section av-gd2q7-d6dc306e26dc81f1fffc39bbfb96e5af main_color avia-section-huge avia-no-border-styling  avia-builder-el-0  el_before_av_section  avia-builder-el-first  largeimg avia-full-stretch avia-bg-style-scroll container_wrap fullsize'  data-section-bg-repeat='stretch'><div class='container av-section-cont-open' ><main  role=\"main\" itemprop=\"mainContentOfPage\"  class='template-page content  av-content-full alpha units'><div class='post-entry post-entry-type-page post-entry-919'><div class='entry-content-wrapper clearfix'>\n<\/div><\/div><\/main><!-- close content main element --><\/div><div class='av-extra-border-element border-extra-diagonal border-extra-diagonal-inverse '><div class='av-extra-border-outer'><div class='av-extra-border-inner'><\/div><\/div><\/div><\/div>\n<style type=\"text\/css\" data-created_by=\"avia_inline_auto\" id=\"style-css-av-a3gtb-f2e8a3d40339ddc31c6b6a56dbf33340\">\n.avia-section.av-a3gtb-f2e8a3d40339ddc31c6b6a56dbf33340 .av-extra-border-element .av-extra-border-inner{\nbackground-color:#f1f0f5;\n}\n<\/style>\n<div id='av_section_2'  class='avia-section av-a3gtb-f2e8a3d40339ddc31c6b6a56dbf33340 main_color avia-section-large avia-no-border-styling  avia-builder-el-1  el_after_av_section  avia-builder-el-last  avia-bg-style-scroll container_wrap fullsize'  ><div class='container av-section-cont-open' ><div class='template-page content  av-content-full alpha units'><div class='post-entry post-entry-type-page post-entry-919'><div class='entry-content-wrapper clearfix'>\n<div  class='flex_column av-av_four_fifth-41ee899840124b6993b57a87f996c353 av_four_fifth  avia-builder-el-2  avia-builder-el-no-sibling  first flex_column_div  '     ><section  class='av_textblock_section av-lu1c90nw-eec1e2a121c6278d0513307c4b5f1075 '   itemscope=\"itemscope\" itemtype=\"https:\/\/schema.org\/CreativeWork\" ><div class='avia_textblock'  itemprop=\"text\" ><h1><strong>Hyalurons\u00e4ure<\/strong><\/h1>\n<\/div><\/section><br \/>\n\n<style type=\"text\/css\" data-created_by=\"avia_inline_auto\" id=\"style-css-av-lu1c95ab-40d0809014eeab8ccc79c64abeb369b4\">\n#top .av-special-heading.av-lu1c95ab-40d0809014eeab8ccc79c64abeb369b4{\npadding-bottom:10px;\n}\nbody .av-special-heading.av-lu1c95ab-40d0809014eeab8ccc79c64abeb369b4 .av-special-heading-tag .heading-char{\nfont-size:25px;\n}\n.av-special-heading.av-lu1c95ab-40d0809014eeab8ccc79c64abeb369b4 .av-subheading{\nfont-size:15px;\n}\n<\/style>\n<div  class='av-special-heading av-lu1c95ab-40d0809014eeab8ccc79c64abeb369b4 av-special-heading-h2 blockquote modern-quote  avia-builder-el-4  el_after_av_textblock  el_before_av_textblock '><h2 class='av-special-heading-tag '  itemprop=\"headline\"  >Behandlung mit Hyaluron<\/h2><div class=\"special-heading-border\"><div class=\"special-heading-inner-border\"><\/div><\/div><\/div><br \/>\n<section  class='av_textblock_section av-lu1c9lu8-47bf5a8c05b7142b15dd24ae22cd87c7 '   itemscope=\"itemscope\" itemtype=\"https:\/\/schema.org\/CreativeWork\" ><div class='avia_textblock'  itemprop=\"text\" ><p>Hyalurons\u00e4ure-Injektionen verbessern Gelenkschmerzen bis Arthrose Grad I. Die Behandlung, meist nebenwirkungsfrei, steigert die Belastbarkeit und vergr\u00f6\u00dfert die Gehstrecke bei H\u00fcft-, Knie- und Sprunggelenksarthrose.<\/p>\n<p>Hyalurons\u00e4ure wirkt als Gelenkschmiermittel, unterst\u00fctzt die Gleitf\u00e4higkeit und f\u00f6rdert die Knorpelern\u00e4hrung. Entz\u00fcndungen oder Verletzungen im Gelenk k\u00f6nnen zu einem Hyalurons\u00e4uremangel f\u00fchren. Injektionen sollen diesen ausgleichen und Gelenkverschlei\u00df verlangsamen. Es gibt unterschiedliche Hyalurons\u00e4uretypen mit spezifischen Wirkungen. Die Anwendung von Hyalurons\u00e4ure kann die Lebensqualit\u00e4t verbessern, Schmerzen lindern und die Beweglichkeit steigern.<\/p>\n<p>Die Behandlung ist meist gut vertr\u00e4glich, mit seltenen Nebenwirkungen wie vor\u00fcbergehenden Schmerzen oder Infektionen. Eine kausale Arthrosetherapie, die die Ursachen behandelt, wird zus\u00e4tzlich empfohlen.<\/p>\n<\/div><\/section><\/p><\/div>\n","protected":false},"excerpt":{"rendered":"","protected":false},"author":1,"featured_media":0,"parent":0,"menu_order":0,"comment_status":"closed","ping_status":"closed","template":"","meta":{"footnotes":""},"class_list":["post-919","page","type-page","status-publish","hentry"],"yoast_head":"<!-- This site is optimized with the Yoast SEO plugin v27.3 - https:\/\/yoast.com\/product\/yoast-seo-wordpress\/ -->\n<title>Hyalurons\u00e4ure - MVZ Rheinland Br\u00fchl<\/title>\n<meta name=\"description\" content=\"Hyalurons\u00e4ure-Injektionen verbessern Gelenkschmerzen bis Arthrose Grad I. Jetzt behandeln lassen!\" \/>\n<meta name=\"robots\" content=\"index, follow, max-snippet:-1, max-image-preview:large, max-video-preview:-1\" \/>\n<link rel=\"canonical\" href=\"https:\/\/atos-mvz.de\/bruehl\/hyaluronsaeure\/\" \/>\n<meta property=\"og:locale\" content=\"de_DE\" \/>\n<meta property=\"og:type\" content=\"article\" \/>\n<meta property=\"og:title\" content=\"Hyalurons\u00e4ure - MVZ Rheinland Br\u00fchl\" \/>\n<meta property=\"og:description\" content=\"Hyalurons\u00e4ure-Injektionen verbessern Gelenkschmerzen bis Arthrose Grad I. Jetzt behandeln lassen!\" \/>\n<meta property=\"og:url\" content=\"https:\/\/atos-mvz.de\/bruehl\/hyaluronsaeure\/\" \/>\n<meta property=\"og:site_name\" content=\"MVZ Rheinland Br\u00fchl\" \/>\n<meta property=\"article:modified_time\" content=\"2024-03-27T11:51:55+00:00\" \/>\n<meta name=\"twitter:card\" content=\"summary_large_image\" \/>\n<script type=\"application\/ld+json\" class=\"yoast-schema-graph\">{\"@context\":\"https:\\\/\\\/schema.org\",\"@graph\":[{\"@type\":\"WebPage\",\"@id\":\"https:\\\/\\\/atos-mvz.de\\\/bruehl\\\/hyaluronsaeure\\\/\",\"url\":\"https:\\\/\\\/atos-mvz.de\\\/bruehl\\\/hyaluronsaeure\\\/\",\"name\":\"Hyalurons\u00e4ure - MVZ Rheinland Br\u00fchl\",\"isPartOf\":{\"@id\":\"https:\\\/\\\/atos-mvz.de\\\/bruehl\\\/#website\"},\"datePublished\":\"2024-03-21T14:39:52+00:00\",\"dateModified\":\"2024-03-27T11:51:55+00:00\",\"description\":\"Hyalurons\u00e4ure-Injektionen verbessern Gelenkschmerzen bis Arthrose Grad I. Jetzt behandeln lassen!\",\"breadcrumb\":{\"@id\":\"https:\\\/\\\/atos-mvz.de\\\/bruehl\\\/hyaluronsaeure\\\/#breadcrumb\"},\"inLanguage\":\"de\",\"potentialAction\":[{\"@type\":\"ReadAction\",\"target\":[\"https:\\\/\\\/atos-mvz.de\\\/bruehl\\\/hyaluronsaeure\\\/\"]}]},{\"@type\":\"BreadcrumbList\",\"@id\":\"https:\\\/\\\/atos-mvz.de\\\/bruehl\\\/hyaluronsaeure\\\/#breadcrumb\",\"itemListElement\":[{\"@type\":\"ListItem\",\"position\":1,\"name\":\"Startseite\",\"item\":\"https:\\\/\\\/atos-mvz.de\\\/bruehl\\\/startseite\\\/\"},{\"@type\":\"ListItem\",\"position\":2,\"name\":\"Hyalurons\u00e4ure\"}]},{\"@type\":\"WebSite\",\"@id\":\"https:\\\/\\\/atos-mvz.de\\\/bruehl\\\/#website\",\"url\":\"https:\\\/\\\/atos-mvz.de\\\/bruehl\\\/\",\"name\":\"MVZ Rheinland Br\u00fchl\",\"description\":\"\",\"potentialAction\":[{\"@type\":\"SearchAction\",\"target\":{\"@type\":\"EntryPoint\",\"urlTemplate\":\"https:\\\/\\\/atos-mvz.de\\\/bruehl\\\/?s={search_term_string}\"},\"query-input\":{\"@type\":\"PropertyValueSpecification\",\"valueRequired\":true,\"valueName\":\"search_term_string\"}}],\"inLanguage\":\"de\"}]}<\/script>\n<!-- \/ Yoast SEO plugin. -->","yoast_head_json":{"title":"Hyalurons\u00e4ure - MVZ Rheinland Br\u00fchl","description":"Hyalurons\u00e4ure-Injektionen verbessern Gelenkschmerzen bis Arthrose Grad I. Jetzt behandeln lassen!","robots":{"index":"index","follow":"follow","max-snippet":"max-snippet:-1","max-image-preview":"max-image-preview:large","max-video-preview":"max-video-preview:-1"},"canonical":"https:\/\/atos-mvz.de\/bruehl\/hyaluronsaeure\/","og_locale":"de_DE","og_type":"article","og_title":"Hyalurons\u00e4ure - MVZ Rheinland Br\u00fchl","og_description":"Hyalurons\u00e4ure-Injektionen verbessern Gelenkschmerzen bis Arthrose Grad I. Jetzt behandeln lassen!","og_url":"https:\/\/atos-mvz.de\/bruehl\/hyaluronsaeure\/","og_site_name":"MVZ Rheinland Br\u00fchl","article_modified_time":"2024-03-27T11:51:55+00:00","twitter_card":"summary_large_image","schema":{"@context":"https:\/\/schema.org","@graph":[{"@type":"WebPage","@id":"https:\/\/atos-mvz.de\/bruehl\/hyaluronsaeure\/","url":"https:\/\/atos-mvz.de\/bruehl\/hyaluronsaeure\/","name":"Hyalurons\u00e4ure - MVZ Rheinland Br\u00fchl","isPartOf":{"@id":"https:\/\/atos-mvz.de\/bruehl\/#website"},"datePublished":"2024-03-21T14:39:52+00:00","dateModified":"2024-03-27T11:51:55+00:00","description":"Hyalurons\u00e4ure-Injektionen verbessern Gelenkschmerzen bis Arthrose Grad I. Jetzt behandeln lassen!","breadcrumb":{"@id":"https:\/\/atos-mvz.de\/bruehl\/hyaluronsaeure\/#breadcrumb"},"inLanguage":"de","potentialAction":[{"@type":"ReadAction","target":["https:\/\/atos-mvz.de\/bruehl\/hyaluronsaeure\/"]}]},{"@type":"BreadcrumbList","@id":"https:\/\/atos-mvz.de\/bruehl\/hyaluronsaeure\/#breadcrumb","itemListElement":[{"@type":"ListItem","position":1,"name":"Startseite","item":"https:\/\/atos-mvz.de\/bruehl\/startseite\/"},{"@type":"ListItem","position":2,"name":"Hyalurons\u00e4ure"}]},{"@type":"WebSite","@id":"https:\/\/atos-mvz.de\/bruehl\/#website","url":"https:\/\/atos-mvz.de\/bruehl\/","name":"MVZ Rheinland Br\u00fchl","description":"","potentialAction":[{"@type":"SearchAction","target":{"@type":"EntryPoint","urlTemplate":"https:\/\/atos-mvz.de\/bruehl\/?s={search_term_string}"},"query-input":{"@type":"PropertyValueSpecification","valueRequired":true,"valueName":"search_term_string"}}],"inLanguage":"de"}]}},"_links":{"self":[{"href":"https:\/\/atos-mvz.de\/bruehl\/wp-json\/wp\/v2\/pages\/919","targetHints":{"allow":["GET"]}}],"collection":[{"href":"https:\/\/atos-mvz.de\/bruehl\/wp-json\/wp\/v2\/pages"}],"about":[{"href":"https:\/\/atos-mvz.de\/bruehl\/wp-json\/wp\/v2\/types\/page"}],"author":[{"embeddable":true,"href":"https:\/\/atos-mvz.de\/bruehl\/wp-json\/wp\/v2\/users\/1"}],"replies":[{"embeddable":true,"href":"https:\/\/atos-mvz.de\/bruehl\/wp-json\/wp\/v2\/comments?post=919"}],"version-history":[{"count":6,"href":"https:\/\/atos-mvz.de\/bruehl\/wp-json\/wp\/v2\/pages\/919\/revisions"}],"predecessor-version":[{"id":1199,"href":"https:\/\/atos-mvz.de\/bruehl\/wp-json\/wp\/v2\/pages\/919\/revisions\/1199"}],"wp:attachment":[{"href":"https:\/\/atos-mvz.de\/bruehl\/wp-json\/wp\/v2\/media?parent=919"}],"curies":[{"name":"wp","href":"https:\/\/api.w.org\/{rel}","templated":true}]}}